{"id":191518,"date":"2025-01-16T16:37:59","date_gmt":"2025-01-16T15:37:59","guid":{"rendered":"https:\/\/rendez-vous-store.com\/?post_type=product&#038;p=191518"},"modified":"2026-03-16T18:39:25","modified_gmt":"2026-03-16T17:39:25","slug":"cawley-silk-dupion-genevieve-dress-custard-rendez-vous-store","status":"publish","type":"product","link":"https:\/\/rendez-vous-store.com\/fr\/shop\/special-offer-women-rendez-vous-store\/women-dress-special-offer-rendez-vous-store\/cawley-silk-dupion-genevieve-dress-custard-rendez-vous-store\/","title":{"rendered":"CAWLEY - Robe Genevieve en dupion de soie - cr\u00e8me"},"content":{"rendered":"<p><strong>CAWLEY Silk Dupion Genevieve Dress Custard<\/strong><\/p>\n<p>Couleur : Custard<\/p>\n<p>Ouverture en trou de serrure<\/p>\n<p>Fermeture auto-agrippante<\/p>\n<p>Taille fronc\u00e9e<\/p>\n<p>Poches sur les coutures lat\u00e9rales<\/p>\n<p>Effilochement de l'ourlet \u00e0 volants<\/p>\n<p>Composition : 100% Soie<\/p>\n<p>Fabriqu\u00e9 en Angleterre<\/p>\n<p>&nbsp;<\/p>\n<p>&nbsp;<\/p>\n<p>&nbsp;<\/p>\n<h4>La marque<\/h4>\n<p>Cawley est une marque de mode londonienne fond\u00e9e par Hannah Cawley en 2017. La marque cr\u00e9e des v\u00eatements de tous les jours fonctionnels et durables en utilisant des tissus naturels : principalement du coton, du lin, de la laine, provenant d'Angleterre, d'Irlande, du Portugal, d'Inde et du Japon. Les v\u00eatements c\u00e9l\u00e8brent la qualit\u00e9 de l'artisanat et de la fabrication britannique. Cawley m\u00e9lange les coupes modernes et le tailoring avec des v\u00eatements de travail utilitaires pour cr\u00e9er de belles pi\u00e8ces intemporelles<\/p>","protected":false},"excerpt":{"rendered":"<p>CAWLEY Silk Dupion Genevieve Dress Custard Color: Custard Keyhole Opening Self-tie closure Gathered waistline Side seam Pockets Tiered layered of hem frills Composition: 100% Silk Made in England &nbsp; &nbsp; &nbsp; The Brand Cawley is a London based fashion brand founded by Hannah Cawley in 2017. The brand creates functional and lasting everyday wear using&hellip; <a class=\"more-link\" href=\"https:\/\/rendez-vous-store.com\/fr\/shop\/special-offer-women-rendez-vous-store\/women-dress-special-offer-rendez-vous-store\/cawley-silk-dupion-genevieve-dress-custard-rendez-vous-store\/\">Continue reading <span class=\"screen-reader-text\">CAWLEY - Robe Genevieve en dupion de soie - cr\u00e8me<\/span><\/a><\/p>","protected":false},"featured_media":193627,"template":"","meta":{"_acf_changed":false},"product_brand":[],"product_cat":[1292,1337,1335,301,17,1062,376],"product_tag":[1063],"class_list":{"0":"post-191518","1":"product","2":"type-product","3":"status-publish","4":"has-post-thumbnail","6":"product_cat-1292","7":"product_cat-women-dress-special-offer-rendez-vous-store","8":"product_cat-special-offer-women-rendez-vous-store","9":"product_cat-rdvs-selection-discover-our-current-selection-rendez-vous-store","10":"product_cat-women","11":"product_cat-new-women-selection-rendez-vous-store","12":"product_cat-women-dresses-rendez-vous-store","13":"product_tag-cawley","14":"entry","16":"first","17":"outofstock","18":"taxable","19":"shipping-taxable","20":"product-type-variable"},"acf":[],"yoast_head":"<!-- This site is optimized with the Yoast SEO plugin v24.9 - https:\/\/yoast.com\/wordpress\/plugins\/seo\/ -->\n<title>CAWLEY Silk Dupion Genevieve Dress Custard<\/title>\n<meta name=\"description\" content=\"This Cawley Japanese Silk Dupion Genevieve Dress Custard is the perfect mix between modern cuts a tailoring and utilitarian workwear.\" \/>\n<meta name=\"robots\" content=\"index, follow, max-snippet:-1, max-image-preview:large, max-video-preview:-1\" \/>\n<link rel=\"canonical\" href=\"https:\/\/rendez-vous-store.com\/fr\/shop\/special-offer-women-rendez-vous-store\/women-dress-special-offer-rendez-vous-store\/cawley-silk-dupion-genevieve-dress-custard-rendez-vous-store\/\" \/>\n<meta property=\"og:locale\" content=\"fr_FR\" \/>\n<meta property=\"og:type\" content=\"article\" \/>\n<meta property=\"og:title\" content=\"CAWLEY Silk Dupion Genevieve Dress Custard\" \/>\n<meta property=\"og:description\" content=\"This Cawley Japanese Silk Dupion Genevieve Dress Custard is the perfect mix between modern cuts a tailoring and utilitarian workwear.\" \/>\n<meta property=\"og:url\" content=\"https:\/\/rendez-vous-store.com\/fr\/shop\/special-offer-women-rendez-vous-store\/women-dress-special-offer-rendez-vous-store\/cawley-silk-dupion-genevieve-dress-custard-rendez-vous-store\/\" \/>\n<meta property=\"og:site_name\" content=\"RENDEZ-VOUS STORE\" \/>\n<meta property=\"article:modified_time\" content=\"2026-03-16T17:39:25+00:00\" \/>\n<meta property=\"og:image\" content=\"https:\/\/rendez-vous-store.com\/app\/uploads\/2025\/01\/IMG_2134.webp\" \/>\n\t<meta property=\"og:image:width\" content=\"1696\" \/>\n\t<meta property=\"og:image:height\" content=\"2560\" \/>\n\t<meta property=\"og:image:type\" content=\"image\/webp\" \/>\n<meta name=\"twitter:card\" content=\"summary_large_image\" \/>\n<meta name=\"twitter:label1\" content=\"Est. reading time\" \/>\n\t<meta name=\"twitter:data1\" content=\"1 minute\" \/>\n<script type=\"application\/ld+json\" class=\"yoast-schema-graph\">{\"@context\":\"https:\/\/schema.org\",\"@graph\":[{\"@type\":\"WebPage\",\"@id\":\"https:\/\/rendez-vous-store.com\/shop\/special-offer-women-rendez-vous-store\/women-dress-special-offer-rendez-vous-store\/cawley-silk-dupion-genevieve-dress-custard-rendez-vous-store\/\",\"url\":\"https:\/\/rendez-vous-store.com\/shop\/special-offer-women-rendez-vous-store\/women-dress-special-offer-rendez-vous-store\/cawley-silk-dupion-genevieve-dress-custard-rendez-vous-store\/\",\"name\":\"CAWLEY Silk Dupion Genevieve Dress Custard\",\"isPartOf\":{\"@id\":\"https:\/\/rendez-vous-store.com\/#website\"},\"primaryImageOfPage\":{\"@id\":\"https:\/\/rendez-vous-store.com\/shop\/special-offer-women-rendez-vous-store\/women-dress-special-offer-rendez-vous-store\/cawley-silk-dupion-genevieve-dress-custard-rendez-vous-store\/#primaryimage\"},\"image\":{\"@id\":\"https:\/\/rendez-vous-store.com\/shop\/special-offer-women-rendez-vous-store\/women-dress-special-offer-rendez-vous-store\/cawley-silk-dupion-genevieve-dress-custard-rendez-vous-store\/#primaryimage\"},\"thumbnailUrl\":\"https:\/\/rendez-vous-store.com\/app\/uploads\/2025\/01\/IMG_2134.webp\",\"datePublished\":\"2025-01-16T15:37:59+00:00\",\"dateModified\":\"2026-03-16T17:39:25+00:00\",\"description\":\"This Cawley Japanese Silk Dupion Genevieve Dress Custard is the perfect mix between modern cuts a tailoring and utilitarian workwear.\",\"breadcrumb\":{\"@id\":\"https:\/\/rendez-vous-store.com\/shop\/special-offer-women-rendez-vous-store\/women-dress-special-offer-rendez-vous-store\/cawley-silk-dupion-genevieve-dress-custard-rendez-vous-store\/#breadcrumb\"},\"inLanguage\":\"fr-FR\",\"potentialAction\":[{\"@type\":\"ReadAction\",\"target\":[\"https:\/\/rendez-vous-store.com\/shop\/special-offer-women-rendez-vous-store\/women-dress-special-offer-rendez-vous-store\/cawley-silk-dupion-genevieve-dress-custard-rendez-vous-store\/\"]}]},{\"@type\":\"ImageObject\",\"inLanguage\":\"fr-FR\",\"@id\":\"https:\/\/rendez-vous-store.com\/shop\/special-offer-women-rendez-vous-store\/women-dress-special-offer-rendez-vous-store\/cawley-silk-dupion-genevieve-dress-custard-rendez-vous-store\/#primaryimage\",\"url\":\"https:\/\/rendez-vous-store.com\/app\/uploads\/2025\/01\/IMG_2134.webp\",\"contentUrl\":\"https:\/\/rendez-vous-store.com\/app\/uploads\/2025\/01\/IMG_2134.webp\",\"width\":1696,\"height\":2560},{\"@type\":\"BreadcrumbList\",\"@id\":\"https:\/\/rendez-vous-store.com\/shop\/special-offer-women-rendez-vous-store\/women-dress-special-offer-rendez-vous-store\/cawley-silk-dupion-genevieve-dress-custard-rendez-vous-store\/#breadcrumb\",\"itemListElement\":[{\"@type\":\"ListItem\",\"position\":1,\"name\":\"Home\",\"item\":\"https:\/\/rendez-vous-store.com\/\"},{\"@type\":\"ListItem\",\"position\":2,\"name\":\"Shop\",\"item\":\"https:\/\/www.rendez-vous-store.com\/shop\/\"},{\"@type\":\"ListItem\",\"position\":3,\"name\":\"CAWLEY &#8211; Silk Dupion Genevieve Dress &#8211; Custard\"}]},{\"@type\":\"WebSite\",\"@id\":\"https:\/\/rendez-vous-store.com\/#website\",\"url\":\"https:\/\/rendez-vous-store.com\/\",\"name\":\"RENDEZ-VOUS STORE\",\"description\":\"Slow Fashion for Women and Men\",\"potentialAction\":[{\"@type\":\"SearchAction\",\"target\":{\"@type\":\"EntryPoint\",\"urlTemplate\":\"https:\/\/rendez-vous-store.com\/?s={search_term_string}\"},\"query-input\":{\"@type\":\"PropertyValueSpecification\",\"valueRequired\":true,\"valueName\":\"search_term_string\"}}],\"inLanguage\":\"fr-FR\"}]}<\/script>\n<!-- \/ Yoast SEO plugin. -->","yoast_head_json":{"title":"CAWLEY Silk Dupion Genevieve Dress Custard","description":"This Cawley Japanese Silk Dupion Genevieve Dress Custard is the perfect mix between modern cuts a tailoring and utilitarian workwear.","robots":{"index":"index","follow":"follow","max-snippet":"max-snippet:-1","max-image-preview":"max-image-preview:large","max-video-preview":"max-video-preview:-1"},"canonical":"https:\/\/rendez-vous-store.com\/fr\/shop\/special-offer-women-rendez-vous-store\/women-dress-special-offer-rendez-vous-store\/cawley-silk-dupion-genevieve-dress-custard-rendez-vous-store\/","og_locale":"fr_FR","og_type":"article","og_title":"CAWLEY Silk Dupion Genevieve Dress Custard","og_description":"This Cawley Japanese Silk Dupion Genevieve Dress Custard is the perfect mix between modern cuts a tailoring and utilitarian workwear.","og_url":"https:\/\/rendez-vous-store.com\/fr\/shop\/special-offer-women-rendez-vous-store\/women-dress-special-offer-rendez-vous-store\/cawley-silk-dupion-genevieve-dress-custard-rendez-vous-store\/","og_site_name":"RENDEZ-VOUS STORE","article_modified_time":"2026-03-16T17:39:25+00:00","og_image":[{"width":1696,"height":2560,"url":"https:\/\/rendez-vous-store.com\/app\/uploads\/2025\/01\/IMG_2134.webp","type":"image\/webp"}],"twitter_card":"summary_large_image","twitter_misc":{"Est. reading time":"1 minute"},"schema":{"@context":"https:\/\/schema.org","@graph":[{"@type":"WebPage","@id":"https:\/\/rendez-vous-store.com\/shop\/special-offer-women-rendez-vous-store\/women-dress-special-offer-rendez-vous-store\/cawley-silk-dupion-genevieve-dress-custard-rendez-vous-store\/","url":"https:\/\/rendez-vous-store.com\/shop\/special-offer-women-rendez-vous-store\/women-dress-special-offer-rendez-vous-store\/cawley-silk-dupion-genevieve-dress-custard-rendez-vous-store\/","name":"CAWLEY Silk Dupion Genevieve Dress Custard","isPartOf":{"@id":"https:\/\/rendez-vous-store.com\/#website"},"primaryImageOfPage":{"@id":"https:\/\/rendez-vous-store.com\/shop\/special-offer-women-rendez-vous-store\/women-dress-special-offer-rendez-vous-store\/cawley-silk-dupion-genevieve-dress-custard-rendez-vous-store\/#primaryimage"},"image":{"@id":"https:\/\/rendez-vous-store.com\/shop\/special-offer-women-rendez-vous-store\/women-dress-special-offer-rendez-vous-store\/cawley-silk-dupion-genevieve-dress-custard-rendez-vous-store\/#primaryimage"},"thumbnailUrl":"https:\/\/rendez-vous-store.com\/app\/uploads\/2025\/01\/IMG_2134.webp","datePublished":"2025-01-16T15:37:59+00:00","dateModified":"2026-03-16T17:39:25+00:00","description":"This Cawley Japanese Silk Dupion Genevieve Dress Custard is the perfect mix between modern cuts a tailoring and utilitarian workwear.","breadcrumb":{"@id":"https:\/\/rendez-vous-store.com\/shop\/special-offer-women-rendez-vous-store\/women-dress-special-offer-rendez-vous-store\/cawley-silk-dupion-genevieve-dress-custard-rendez-vous-store\/#breadcrumb"},"inLanguage":"fr-FR","potentialAction":[{"@type":"ReadAction","target":["https:\/\/rendez-vous-store.com\/shop\/special-offer-women-rendez-vous-store\/women-dress-special-offer-rendez-vous-store\/cawley-silk-dupion-genevieve-dress-custard-rendez-vous-store\/"]}]},{"@type":"ImageObject","inLanguage":"fr-FR","@id":"https:\/\/rendez-vous-store.com\/shop\/special-offer-women-rendez-vous-store\/women-dress-special-offer-rendez-vous-store\/cawley-silk-dupion-genevieve-dress-custard-rendez-vous-store\/#primaryimage","url":"https:\/\/rendez-vous-store.com\/app\/uploads\/2025\/01\/IMG_2134.webp","contentUrl":"https:\/\/rendez-vous-store.com\/app\/uploads\/2025\/01\/IMG_2134.webp","width":1696,"height":2560},{"@type":"BreadcrumbList","@id":"https:\/\/rendez-vous-store.com\/shop\/special-offer-women-rendez-vous-store\/women-dress-special-offer-rendez-vous-store\/cawley-silk-dupion-genevieve-dress-custard-rendez-vous-store\/#breadcrumb","itemListElement":[{"@type":"ListItem","position":1,"name":"Home","item":"https:\/\/rendez-vous-store.com\/"},{"@type":"ListItem","position":2,"name":"Shop","item":"https:\/\/www.rendez-vous-store.com\/shop\/"},{"@type":"ListItem","position":3,"name":"CAWLEY &#8211; Silk Dupion Genevieve Dress &#8211; Custard"}]},{"@type":"WebSite","@id":"https:\/\/rendez-vous-store.com\/#website","url":"https:\/\/rendez-vous-store.com\/","name":"RENDEZ-VOUS STORE","description":"Slow Fashion for Women and Men","potentialAction":[{"@type":"SearchAction","target":{"@type":"EntryPoint","urlTemplate":"https:\/\/rendez-vous-store.com\/?s={search_term_string}"},"query-input":{"@type":"PropertyValueSpecification","valueRequired":true,"valueName":"search_term_string"}}],"inLanguage":"fr-FR"}]}},"_links":{"self":[{"href":"https:\/\/rendez-vous-store.com\/fr\/wp-json\/wp\/v2\/product\/191518","targetHints":{"allow":["GET"]}}],"collection":[{"href":"https:\/\/rendez-vous-store.com\/fr\/wp-json\/wp\/v2\/product"}],"about":[{"href":"https:\/\/rendez-vous-store.com\/fr\/wp-json\/wp\/v2\/types\/product"}],"wp:featuredmedia":[{"embeddable":true,"href":"https:\/\/rendez-vous-store.com\/fr\/wp-json\/wp\/v2\/media\/193627"}],"wp:attachment":[{"href":"https:\/\/rendez-vous-store.com\/fr\/wp-json\/wp\/v2\/media?parent=191518"}],"wp:term":[{"taxonomy":"product_brand","embeddable":true,"href":"https:\/\/rendez-vous-store.com\/fr\/wp-json\/wp\/v2\/product_brand?post=191518"},{"taxonomy":"product_cat","embeddable":true,"href":"https:\/\/rendez-vous-store.com\/fr\/wp-json\/wp\/v2\/product_cat?post=191518"},{"taxonomy":"product_tag","embeddable":true,"href":"https:\/\/rendez-vous-store.com\/fr\/wp-json\/wp\/v2\/product_tag?post=191518"}],"curies":[{"name":"wp","href":"https:\/\/api.w.org\/{rel}","templated":true}]}}