{"id":191296,"date":"2025-01-16T11:02:27","date_gmt":"2025-01-16T10:02:27","guid":{"rendered":"https:\/\/rendez-vous-store.com\/?post_type=product&#038;p=191296"},"modified":"2026-03-16T18:35:21","modified_gmt":"2026-03-16T17:35:21","slug":"apuntob-shirt-p1930-ts860-sky-rendez-vous-store","status":"publish","type":"product","link":"https:\/\/rendez-vous-store.com\/fr\/shop\/special-offer-women-rendez-vous-store\/women-shirt-special-offer\/apuntob-shirt-p1930-ts860-sky-rendez-vous-store\/","title":{"rendered":"Apuntob - Chemise P1930\/TS860 - Ciel"},"content":{"rendered":"<p><strong>Apuntob - Chemise P1930\/TS860 - Ciel<\/strong><\/p>\n<p>Couleur : Ciel<\/p>\n<p>Col rond<\/p>\n<p>Manches longues<\/p>\n<p>Mat\u00e9riau l\u00e9ger<\/p>\n<p>Composition : 56% Coton, 44% Soie<\/p>\n<p>Fabriqu\u00e9 en Italie<\/p>\n<p>&nbsp;<\/p>\n<p><strong>Mesures :\u00a0<\/strong><\/p>\n<p><strong>Taille XS : \u00c9paules : 66cm, Poitrine : 69cm, Manches : 28cm, Longueur : 58cm, Emmanchures : 20cm<\/strong><\/p>\n<p><strong>Taille S : Epaules : 67cm, Poitrine : 70cm, Manches : 30cm, Longueur : 59cm, Emmanchures : 21cm<\/strong><\/p>\n<p><strong>Taille M : Epaules : 70cm, Poitrine : 72cm, Manches : 39cm, Longueur : 60cm, Emmanchures : 22cm<\/strong><\/p>\n<p>&nbsp;<\/p>\n<p>&nbsp;<\/p>\n<p>&nbsp;<\/p>\n<p>&nbsp;<\/p>\n<p>&nbsp;<\/p>\n<h4>La marque<\/h4>\n<p>L'essence de l'\u00e9l\u00e9gance italienne se retrouve chez Apuntob, une marque distingu\u00e9e, r\u00e9put\u00e9e pour ses cr\u00e9ations intemporelles. Fond\u00e9e sur le principe que les v\u00eatements sont le reflet du style de vie et de l'identit\u00e9 de chacun, ApuntoB confectionne m\u00e9ticuleusement chaque pi\u00e8ce pour qu'elle incarne la simplicit\u00e9 et la sophistication.<\/p>\n<p>Au c\u0153ur de la philosophie d'ApuntoB se trouve un engagement ancr\u00e9 en faveur de la qualit\u00e9 et de l'artisanat. La qu\u00eate de perfection transpara\u00eet dans l\u2019exploration continue des mati\u00e8res et des silhouettes, ainsi que dans le soin minutieux accord\u00e9 \u00e0 chaque d\u00e9tail. \u00c0 chaque point de couture, ApuntoB s'efforce de cr\u00e9er des v\u00eatements qui transcendent les tendances \u00e9ph\u00e9m\u00e8res, offrant un style durable et une grande polyvalence.<\/p>","protected":false},"excerpt":{"rendered":"<p>Apuntob &#8211; Shirt P1930\/TS860 &#8211; Sky Color: Sky Round collar Long sleeve Light material Composition: 56% Cotton, 44% Silk Made in Italia &nbsp; Measurements :\u00a0 Size XS : Shoulders: 66cm, Chest: 69cm, Sleeves: 28cm, Length: 58cm, Armholes: 20cm Size S : Shoulders: 67cm, Chest: 70cm, Sleeves: 30cm, Length: 59cm, Armholes: 21cm Size M : Shoulders:&hellip; <a class=\"more-link\" href=\"https:\/\/rendez-vous-store.com\/fr\/shop\/special-offer-women-rendez-vous-store\/women-shirt-special-offer\/apuntob-shirt-p1930-ts860-sky-rendez-vous-store\/\">Continuer la lecture <span class=\"screen-reader-text\">Apuntob - Chemise P1930\/TS860 - Ciel<\/span><\/a><\/p>","protected":false},"featured_media":192553,"template":"","meta":{"_acf_changed":false},"product_brand":[],"product_cat":[1291,1339,1335,17,1062,378],"product_tag":[281],"class_list":{"0":"post-191296","1":"product","2":"type-product","3":"status-publish","4":"has-post-thumbnail","6":"product_cat-sale-30","7":"product_cat-women-shirt-special-offer","8":"product_cat-special-offer-women-rendez-vous-store","9":"product_cat-women","10":"product_cat-new-women-selection-rendez-vous-store","11":"product_cat-women-shirts-discover-our-selection-rendez-vous-store","12":"product_tag-apuntob-rendez-vous-store","13":"entry","15":"first","16":"outofstock","17":"taxable","18":"shipping-taxable","19":"product-type-variable"},"acf":[],"yoast_head":"<!-- This site is optimized with the Yoast SEO plugin v24.9 - https:\/\/yoast.com\/wordpress\/plugins\/seo\/ -->\n<title>Apuntob Shirt P1930\/TS860 Sky<\/title>\n<meta name=\"description\" content=\"This ApuntoB Shirt P1930\/TS860 Sky is characterized by the endless research for beautiful shapes, fabrics and cuts by the brand.\" \/>\n<meta name=\"robots\" content=\"index, follow, max-snippet:-1, max-image-preview:large, max-video-preview:-1\" \/>\n<link rel=\"canonical\" href=\"https:\/\/rendez-vous-store.com\/fr\/shop\/special-offer-women-rendez-vous-store\/women-shirt-special-offer\/apuntob-shirt-p1930-ts860-sky-rendez-vous-store\/\" \/>\n<meta property=\"og:locale\" content=\"fr_FR\" \/>\n<meta property=\"og:type\" content=\"article\" \/>\n<meta property=\"og:title\" content=\"Apuntob Shirt P1930\/TS860 Sky\" \/>\n<meta property=\"og:description\" content=\"This ApuntoB Shirt P1930\/TS860 Sky is characterized by the endless research for beautiful shapes, fabrics and cuts by the brand.\" \/>\n<meta property=\"og:url\" content=\"https:\/\/rendez-vous-store.com\/fr\/shop\/special-offer-women-rendez-vous-store\/women-shirt-special-offer\/apuntob-shirt-p1930-ts860-sky-rendez-vous-store\/\" \/>\n<meta property=\"og:site_name\" content=\"RENDEZ-VOUS STORE\" \/>\n<meta property=\"article:modified_time\" content=\"2026-03-16T17:35:21+00:00\" \/>\n<meta property=\"og:image\" content=\"https:\/\/rendez-vous-store.com\/app\/uploads\/2025\/01\/IMG_1134.webp\" \/>\n\t<meta property=\"og:image:width\" content=\"1696\" \/>\n\t<meta property=\"og:image:height\" content=\"2560\" \/>\n\t<meta property=\"og:image:type\" content=\"image\/webp\" \/>\n<meta name=\"twitter:card\" content=\"summary_large_image\" \/>\n<meta name=\"twitter:label1\" content=\"Est. reading time\" \/>\n\t<meta name=\"twitter:data1\" content=\"1 minute\" \/>\n<script type=\"application\/ld+json\" class=\"yoast-schema-graph\">{\"@context\":\"https:\/\/schema.org\",\"@graph\":[{\"@type\":\"WebPage\",\"@id\":\"https:\/\/rendez-vous-store.com\/shop\/special-offer-women-rendez-vous-store\/women-shirt-special-offer\/apuntob-shirt-p1930-ts860-sky-rendez-vous-store\/\",\"url\":\"https:\/\/rendez-vous-store.com\/shop\/special-offer-women-rendez-vous-store\/women-shirt-special-offer\/apuntob-shirt-p1930-ts860-sky-rendez-vous-store\/\",\"name\":\"Apuntob Shirt P1930\/TS860 Sky\",\"isPartOf\":{\"@id\":\"https:\/\/rendez-vous-store.com\/#website\"},\"primaryImageOfPage\":{\"@id\":\"https:\/\/rendez-vous-store.com\/shop\/special-offer-women-rendez-vous-store\/women-shirt-special-offer\/apuntob-shirt-p1930-ts860-sky-rendez-vous-store\/#primaryimage\"},\"image\":{\"@id\":\"https:\/\/rendez-vous-store.com\/shop\/special-offer-women-rendez-vous-store\/women-shirt-special-offer\/apuntob-shirt-p1930-ts860-sky-rendez-vous-store\/#primaryimage\"},\"thumbnailUrl\":\"https:\/\/rendez-vous-store.com\/app\/uploads\/2025\/01\/IMG_1134.webp\",\"datePublished\":\"2025-01-16T10:02:27+00:00\",\"dateModified\":\"2026-03-16T17:35:21+00:00\",\"description\":\"This ApuntoB Shirt P1930\/TS860 Sky is characterized by the endless research for beautiful shapes, fabrics and cuts by the brand.\",\"breadcrumb\":{\"@id\":\"https:\/\/rendez-vous-store.com\/shop\/special-offer-women-rendez-vous-store\/women-shirt-special-offer\/apuntob-shirt-p1930-ts860-sky-rendez-vous-store\/#breadcrumb\"},\"inLanguage\":\"fr-FR\",\"potentialAction\":[{\"@type\":\"ReadAction\",\"target\":[\"https:\/\/rendez-vous-store.com\/shop\/special-offer-women-rendez-vous-store\/women-shirt-special-offer\/apuntob-shirt-p1930-ts860-sky-rendez-vous-store\/\"]}]},{\"@type\":\"ImageObject\",\"inLanguage\":\"fr-FR\",\"@id\":\"https:\/\/rendez-vous-store.com\/shop\/special-offer-women-rendez-vous-store\/women-shirt-special-offer\/apuntob-shirt-p1930-ts860-sky-rendez-vous-store\/#primaryimage\",\"url\":\"https:\/\/rendez-vous-store.com\/app\/uploads\/2025\/01\/IMG_1134.webp\",\"contentUrl\":\"https:\/\/rendez-vous-store.com\/app\/uploads\/2025\/01\/IMG_1134.webp\",\"width\":1696,\"height\":2560},{\"@type\":\"BreadcrumbList\",\"@id\":\"https:\/\/rendez-vous-store.com\/shop\/special-offer-women-rendez-vous-store\/women-shirt-special-offer\/apuntob-shirt-p1930-ts860-sky-rendez-vous-store\/#breadcrumb\",\"itemListElement\":[{\"@type\":\"ListItem\",\"position\":1,\"name\":\"Home\",\"item\":\"https:\/\/rendez-vous-store.com\/\"},{\"@type\":\"ListItem\",\"position\":2,\"name\":\"Shop\",\"item\":\"https:\/\/www.rendez-vous-store.com\/shop\/\"},{\"@type\":\"ListItem\",\"position\":3,\"name\":\"Apuntob &#8211; Shirt P1930\/TS860 &#8211; Sky\"}]},{\"@type\":\"WebSite\",\"@id\":\"https:\/\/rendez-vous-store.com\/#website\",\"url\":\"https:\/\/rendez-vous-store.com\/\",\"name\":\"RENDEZ-VOUS STORE\",\"description\":\"Slow Fashion for Women and Men\",\"potentialAction\":[{\"@type\":\"SearchAction\",\"target\":{\"@type\":\"EntryPoint\",\"urlTemplate\":\"https:\/\/rendez-vous-store.com\/?s={search_term_string}\"},\"query-input\":{\"@type\":\"PropertyValueSpecification\",\"valueRequired\":true,\"valueName\":\"search_term_string\"}}],\"inLanguage\":\"fr-FR\"}]}<\/script>\n<!-- \/ Yoast SEO plugin. -->","yoast_head_json":{"title":"Apuntob Shirt P1930\/TS860 Sky","description":"This ApuntoB Shirt P1930\/TS860 Sky is characterized by the endless research for beautiful shapes, fabrics and cuts by the brand.","robots":{"index":"index","follow":"follow","max-snippet":"max-snippet:-1","max-image-preview":"max-image-preview:large","max-video-preview":"max-video-preview:-1"},"canonical":"https:\/\/rendez-vous-store.com\/fr\/shop\/special-offer-women-rendez-vous-store\/women-shirt-special-offer\/apuntob-shirt-p1930-ts860-sky-rendez-vous-store\/","og_locale":"fr_FR","og_type":"article","og_title":"Apuntob Shirt P1930\/TS860 Sky","og_description":"This ApuntoB Shirt P1930\/TS860 Sky is characterized by the endless research for beautiful shapes, fabrics and cuts by the brand.","og_url":"https:\/\/rendez-vous-store.com\/fr\/shop\/special-offer-women-rendez-vous-store\/women-shirt-special-offer\/apuntob-shirt-p1930-ts860-sky-rendez-vous-store\/","og_site_name":"RENDEZ-VOUS STORE","article_modified_time":"2026-03-16T17:35:21+00:00","og_image":[{"width":1696,"height":2560,"url":"https:\/\/rendez-vous-store.com\/app\/uploads\/2025\/01\/IMG_1134.webp","type":"image\/webp"}],"twitter_card":"summary_large_image","twitter_misc":{"Est. reading time":"1 minute"},"schema":{"@context":"https:\/\/schema.org","@graph":[{"@type":"WebPage","@id":"https:\/\/rendez-vous-store.com\/shop\/special-offer-women-rendez-vous-store\/women-shirt-special-offer\/apuntob-shirt-p1930-ts860-sky-rendez-vous-store\/","url":"https:\/\/rendez-vous-store.com\/shop\/special-offer-women-rendez-vous-store\/women-shirt-special-offer\/apuntob-shirt-p1930-ts860-sky-rendez-vous-store\/","name":"Apuntob Shirt P1930\/TS860 Sky","isPartOf":{"@id":"https:\/\/rendez-vous-store.com\/#website"},"primaryImageOfPage":{"@id":"https:\/\/rendez-vous-store.com\/shop\/special-offer-women-rendez-vous-store\/women-shirt-special-offer\/apuntob-shirt-p1930-ts860-sky-rendez-vous-store\/#primaryimage"},"image":{"@id":"https:\/\/rendez-vous-store.com\/shop\/special-offer-women-rendez-vous-store\/women-shirt-special-offer\/apuntob-shirt-p1930-ts860-sky-rendez-vous-store\/#primaryimage"},"thumbnailUrl":"https:\/\/rendez-vous-store.com\/app\/uploads\/2025\/01\/IMG_1134.webp","datePublished":"2025-01-16T10:02:27+00:00","dateModified":"2026-03-16T17:35:21+00:00","description":"This ApuntoB Shirt P1930\/TS860 Sky is characterized by the endless research for beautiful shapes, fabrics and cuts by the brand.","breadcrumb":{"@id":"https:\/\/rendez-vous-store.com\/shop\/special-offer-women-rendez-vous-store\/women-shirt-special-offer\/apuntob-shirt-p1930-ts860-sky-rendez-vous-store\/#breadcrumb"},"inLanguage":"fr-FR","potentialAction":[{"@type":"ReadAction","target":["https:\/\/rendez-vous-store.com\/shop\/special-offer-women-rendez-vous-store\/women-shirt-special-offer\/apuntob-shirt-p1930-ts860-sky-rendez-vous-store\/"]}]},{"@type":"ImageObject","inLanguage":"fr-FR","@id":"https:\/\/rendez-vous-store.com\/shop\/special-offer-women-rendez-vous-store\/women-shirt-special-offer\/apuntob-shirt-p1930-ts860-sky-rendez-vous-store\/#primaryimage","url":"https:\/\/rendez-vous-store.com\/app\/uploads\/2025\/01\/IMG_1134.webp","contentUrl":"https:\/\/rendez-vous-store.com\/app\/uploads\/2025\/01\/IMG_1134.webp","width":1696,"height":2560},{"@type":"BreadcrumbList","@id":"https:\/\/rendez-vous-store.com\/shop\/special-offer-women-rendez-vous-store\/women-shirt-special-offer\/apuntob-shirt-p1930-ts860-sky-rendez-vous-store\/#breadcrumb","itemListElement":[{"@type":"ListItem","position":1,"name":"Home","item":"https:\/\/rendez-vous-store.com\/"},{"@type":"ListItem","position":2,"name":"Shop","item":"https:\/\/www.rendez-vous-store.com\/shop\/"},{"@type":"ListItem","position":3,"name":"Apuntob &#8211; Shirt P1930\/TS860 &#8211; Sky"}]},{"@type":"WebSite","@id":"https:\/\/rendez-vous-store.com\/#website","url":"https:\/\/rendez-vous-store.com\/","name":"RENDEZ-VOUS STORE","description":"Slow Fashion for Women and Men","potentialAction":[{"@type":"SearchAction","target":{"@type":"EntryPoint","urlTemplate":"https:\/\/rendez-vous-store.com\/?s={search_term_string}"},"query-input":{"@type":"PropertyValueSpecification","valueRequired":true,"valueName":"search_term_string"}}],"inLanguage":"fr-FR"}]}},"_links":{"self":[{"href":"https:\/\/rendez-vous-store.com\/fr\/wp-json\/wp\/v2\/product\/191296","targetHints":{"allow":["GET"]}}],"collection":[{"href":"https:\/\/rendez-vous-store.com\/fr\/wp-json\/wp\/v2\/product"}],"about":[{"href":"https:\/\/rendez-vous-store.com\/fr\/wp-json\/wp\/v2\/types\/product"}],"wp:featuredmedia":[{"embeddable":true,"href":"https:\/\/rendez-vous-store.com\/fr\/wp-json\/wp\/v2\/media\/192553"}],"wp:attachment":[{"href":"https:\/\/rendez-vous-store.com\/fr\/wp-json\/wp\/v2\/media?parent=191296"}],"wp:term":[{"taxonomy":"product_brand","embeddable":true,"href":"https:\/\/rendez-vous-store.com\/fr\/wp-json\/wp\/v2\/product_brand?post=191296"},{"taxonomy":"product_cat","embeddable":true,"href":"https:\/\/rendez-vous-store.com\/fr\/wp-json\/wp\/v2\/product_cat?post=191296"},{"taxonomy":"product_tag","embeddable":true,"href":"https:\/\/rendez-vous-store.com\/fr\/wp-json\/wp\/v2\/product_tag?post=191296"}],"curies":[{"name":"wp","href":"https:\/\/api.w.org\/{rel}","templated":true}]}}