{"id":190183,"date":"2024-12-23T09:25:44","date_gmt":"2024-12-23T08:25:44","guid":{"rendered":"https:\/\/rendez-vous-store.com\/?post_type=product&#038;p=190183"},"modified":"2026-03-16T18:32:53","modified_gmt":"2026-03-16T17:32:53","slug":"rototo-raffy-sweat-socks-r1554-charcoal-rendez-vous-store","status":"publish","type":"product","link":"https:\/\/rendez-vous-store.com\/fr\/shop\/men-selection-discover-our-selection-rendez-vous-store\/accessories-men-rendez-vous-store\/rototo-raffy-sweat-socks-r1554-charcoal-rendez-vous-store\/","title":{"rendered":"Rototo - Chaussettes de surv\u00eatement Raffy R1554 - Anthracite"},"content":{"rendered":"<p><strong>Rototo - Chaussettes de surv\u00eatement Raffy R1554 - Anthracite<\/strong><\/p>\n<p>Couleur : Marron charbon<\/p>\n<p>Composition : 81% Coton, 12% Nylon, 5% Acrylique, 1% Polyur\u00e9thane, 1% Polyester<\/p>\n<p>Fabriqu\u00e9 au Japon<\/p>\n<p>&nbsp;<\/p>\n<p>&nbsp;<\/p>\n<p><strong>La marque<\/strong><\/p>\n<p>ROTOTO cr\u00e9e des chaussettes de la plus haute qualit\u00e9 en mettant l'accent sur la fonctionnalit\u00e9 et le confort. L'\u00e9quipe fabrique tous les articles au Japon et les con\u00e7oit comme des \"consommables \u00e0 vie\". L'entreprise s\u00e9lectionne avec soin des machines \u00e0 tricoter anciennes qui impliquent un travail humain consid\u00e9rable. En s'\u00e9loignant des machines \u00e0 tricoter modernes automatis\u00e9es et programm\u00e9es, ROTOTO place la qualit\u00e9 du produit au-dessus de tout.<\/p>\n<p>ROTOTO veut changer la vie des gens en influen\u00e7ant la fa\u00e7on dont ils pensent \u00e0 leurs pieds.<\/p>","protected":false},"excerpt":{"rendered":"<p>Rototo \u2013 Raffy Sweat Socks R1554 \u2013 Charbon Couleur : Charbon Composition : 81% Coton, 12% Nylon, 5% Acrylique, 1% Polyur\u00e9thane, 1% Polyester Fabriqu\u00e9 au Japon \u00a0 \u00a0 La marque ROTOTO cr\u00e9e des chaussettes de la plus haute qualit\u00e9, en mettant particuli\u00e8rement l'accent sur la fonctionnalit\u00e9 et le confort. L'\u00e9quipe fabrique tous les articles au Japon et les con\u00e7oit pour \u00eatre\u2026 <a class=\"more-link\" href=\"https:\/\/rendez-vous-store.com\/fr\/shop\/men-selection-discover-our-selection-rendez-vous-store\/accessories-men-rendez-vous-store\/rototo-raffy-sweat-socks-r1554-charcoal-rendez-vous-store\/\">Continuer la lecture <span class=\"screen-reader-text\">Rototo - Chaussettes de surv\u00eatement Raffy R1554 - Anthracite<\/span><\/a><\/p>","protected":false},"featured_media":190670,"template":"","meta":{"_acf_changed":false},"product_brand":[],"product_cat":[20,70],"product_tag":[701],"class_list":{"0":"post-190183","1":"product","2":"type-product","3":"status-publish","4":"has-post-thumbnail","6":"product_cat-men-selection-discover-our-selection-rendez-vous-store","7":"product_cat-accessories-men-rendez-vous-store","8":"product_tag-rototo-designers-rendez-vous-store","9":"entry","11":"first","12":"instock","13":"taxable","14":"shipping-taxable","15":"purchasable","16":"product-type-variable"},"acf":[],"yoast_head":"<!-- This site is optimized with the Yoast SEO plugin v24.9 - https:\/\/yoast.com\/wordpress\/plugins\/seo\/ -->\n<title>Rototo Raffy Sweat Socks R1554 Charcoal<\/title>\n<meta name=\"description\" content=\"Rototo is on Rendez-vous Store. Rototo Raffy Sweat Socks R1554 Charcoal are the perfect mix of style, comfort, and quality. Discover now.\" \/>\n<meta name=\"robots\" content=\"index, follow, max-snippet:-1, max-image-preview:large, max-video-preview:-1\" \/>\n<link rel=\"canonical\" href=\"https:\/\/rendez-vous-store.com\/fr\/shop\/men-selection-discover-our-selection-rendez-vous-store\/accessories-men-rendez-vous-store\/rototo-raffy-sweat-socks-r1554-charcoal-rendez-vous-store\/\" \/>\n<meta property=\"og:locale\" content=\"fr_FR\" \/>\n<meta property=\"og:type\" content=\"article\" \/>\n<meta property=\"og:title\" content=\"Rototo Raffy Sweat Socks R1554 Charcoal\" \/>\n<meta property=\"og:description\" content=\"Rototo is on Rendez-vous Store. Rototo Raffy Sweat Socks R1554 Charcoal are the perfect mix of style, comfort, and quality. Discover now.\" \/>\n<meta property=\"og:url\" content=\"https:\/\/rendez-vous-store.com\/fr\/shop\/men-selection-discover-our-selection-rendez-vous-store\/accessories-men-rendez-vous-store\/rototo-raffy-sweat-socks-r1554-charcoal-rendez-vous-store\/\" \/>\n<meta property=\"og:site_name\" content=\"RENDEZ-VOUS STORE\" \/>\n<meta property=\"article:modified_time\" content=\"2026-03-16T17:32:53+00:00\" \/>\n<meta property=\"og:image\" content=\"https:\/\/rendez-vous-store.com\/wp-content\/uploads\/2024\/12\/rdv_rototo_35-scaled.webp\" \/>\n\t<meta property=\"og:image:width\" content=\"1696\" \/>\n\t<meta property=\"og:image:height\" content=\"2560\" \/>\n\t<meta property=\"og:image:type\" content=\"image\/webp\" \/>\n<meta name=\"twitter:card\" content=\"summary_large_image\" \/>\n<meta name=\"twitter:label1\" content=\"Est. reading time\" \/>\n\t<meta name=\"twitter:data1\" content=\"1 minute\" \/>\n<script type=\"application\/ld+json\" class=\"yoast-schema-graph\">{\"@context\":\"https:\/\/schema.org\",\"@graph\":[{\"@type\":\"WebPage\",\"@id\":\"https:\/\/rendez-vous-store.com\/shop\/men-selection-discover-our-selection-rendez-vous-store\/accessories-men-rendez-vous-store\/rototo-raffy-sweat-socks-r1554-charcoal-rendez-vous-store\/\",\"url\":\"https:\/\/rendez-vous-store.com\/shop\/men-selection-discover-our-selection-rendez-vous-store\/accessories-men-rendez-vous-store\/rototo-raffy-sweat-socks-r1554-charcoal-rendez-vous-store\/\",\"name\":\"Rototo Raffy Sweat Socks R1554 Charcoal\",\"isPartOf\":{\"@id\":\"https:\/\/rendez-vous-store.com\/#website\"},\"primaryImageOfPage\":{\"@id\":\"https:\/\/rendez-vous-store.com\/shop\/men-selection-discover-our-selection-rendez-vous-store\/accessories-men-rendez-vous-store\/rototo-raffy-sweat-socks-r1554-charcoal-rendez-vous-store\/#primaryimage\"},\"image\":{\"@id\":\"https:\/\/rendez-vous-store.com\/shop\/men-selection-discover-our-selection-rendez-vous-store\/accessories-men-rendez-vous-store\/rototo-raffy-sweat-socks-r1554-charcoal-rendez-vous-store\/#primaryimage\"},\"thumbnailUrl\":\"https:\/\/rendez-vous-store.com\/app\/uploads\/2024\/12\/rdv_rototo_35-scaled.webp\",\"datePublished\":\"2024-12-23T08:25:44+00:00\",\"dateModified\":\"2026-03-16T17:32:53+00:00\",\"description\":\"Rototo is on Rendez-vous Store. Rototo Raffy Sweat Socks R1554 Charcoal are the perfect mix of style, comfort, and quality. Discover now.\",\"breadcrumb\":{\"@id\":\"https:\/\/rendez-vous-store.com\/shop\/men-selection-discover-our-selection-rendez-vous-store\/accessories-men-rendez-vous-store\/rototo-raffy-sweat-socks-r1554-charcoal-rendez-vous-store\/#breadcrumb\"},\"inLanguage\":\"fr-FR\",\"potentialAction\":[{\"@type\":\"ReadAction\",\"target\":[\"https:\/\/rendez-vous-store.com\/shop\/men-selection-discover-our-selection-rendez-vous-store\/accessories-men-rendez-vous-store\/rototo-raffy-sweat-socks-r1554-charcoal-rendez-vous-store\/\"]}]},{\"@type\":\"ImageObject\",\"inLanguage\":\"fr-FR\",\"@id\":\"https:\/\/rendez-vous-store.com\/shop\/men-selection-discover-our-selection-rendez-vous-store\/accessories-men-rendez-vous-store\/rototo-raffy-sweat-socks-r1554-charcoal-rendez-vous-store\/#primaryimage\",\"url\":\"https:\/\/rendez-vous-store.com\/app\/uploads\/2024\/12\/rdv_rototo_35-scaled.webp\",\"contentUrl\":\"https:\/\/rendez-vous-store.com\/app\/uploads\/2024\/12\/rdv_rototo_35-scaled.webp\",\"width\":1696,\"height\":2560},{\"@type\":\"BreadcrumbList\",\"@id\":\"https:\/\/rendez-vous-store.com\/shop\/men-selection-discover-our-selection-rendez-vous-store\/accessories-men-rendez-vous-store\/rototo-raffy-sweat-socks-r1554-charcoal-rendez-vous-store\/#breadcrumb\",\"itemListElement\":[{\"@type\":\"ListItem\",\"position\":1,\"name\":\"Home\",\"item\":\"https:\/\/rendez-vous-store.com\/\"},{\"@type\":\"ListItem\",\"position\":2,\"name\":\"Shop\",\"item\":\"https:\/\/www.rendez-vous-store.com\/shop\/\"},{\"@type\":\"ListItem\",\"position\":3,\"name\":\"Rototo &#8211; Raffy Sweat Socks R1554 &#8211; Charcoal\"}]},{\"@type\":\"WebSite\",\"@id\":\"https:\/\/rendez-vous-store.com\/#website\",\"url\":\"https:\/\/rendez-vous-store.com\/\",\"name\":\"RENDEZ-VOUS STORE\",\"description\":\"Slow Fashion for Women and Men\",\"potentialAction\":[{\"@type\":\"SearchAction\",\"target\":{\"@type\":\"EntryPoint\",\"urlTemplate\":\"https:\/\/rendez-vous-store.com\/?s={search_term_string}\"},\"query-input\":{\"@type\":\"PropertyValueSpecification\",\"valueRequired\":true,\"valueName\":\"search_term_string\"}}],\"inLanguage\":\"fr-FR\"}]}<\/script>\n<!-- \/ Yoast SEO plugin. -->","yoast_head_json":{"title":"Rototo Raffy Sweat Socks R1554 Charcoal","description":"Rototo is on Rendez-vous Store. Rototo Raffy Sweat Socks R1554 Charcoal are the perfect mix of style, comfort, and quality. Discover now.","robots":{"index":"index","follow":"follow","max-snippet":"max-snippet:-1","max-image-preview":"max-image-preview:large","max-video-preview":"max-video-preview:-1"},"canonical":"https:\/\/rendez-vous-store.com\/fr\/shop\/men-selection-discover-our-selection-rendez-vous-store\/accessories-men-rendez-vous-store\/rototo-raffy-sweat-socks-r1554-charcoal-rendez-vous-store\/","og_locale":"fr_FR","og_type":"article","og_title":"Rototo Raffy Sweat Socks R1554 Charcoal","og_description":"Rototo is on Rendez-vous Store. Rototo Raffy Sweat Socks R1554 Charcoal are the perfect mix of style, comfort, and quality. Discover now.","og_url":"https:\/\/rendez-vous-store.com\/fr\/shop\/men-selection-discover-our-selection-rendez-vous-store\/accessories-men-rendez-vous-store\/rototo-raffy-sweat-socks-r1554-charcoal-rendez-vous-store\/","og_site_name":"RENDEZ-VOUS STORE","article_modified_time":"2026-03-16T17:32:53+00:00","og_image":[{"width":1696,"height":2560,"url":"https:\/\/rendez-vous-store.com\/wp-content\/uploads\/2024\/12\/rdv_rototo_35-scaled.webp","type":"image\/webp"}],"twitter_card":"summary_large_image","twitter_misc":{"Est. reading time":"1 minute"},"schema":{"@context":"https:\/\/schema.org","@graph":[{"@type":"WebPage","@id":"https:\/\/rendez-vous-store.com\/shop\/men-selection-discover-our-selection-rendez-vous-store\/accessories-men-rendez-vous-store\/rototo-raffy-sweat-socks-r1554-charcoal-rendez-vous-store\/","url":"https:\/\/rendez-vous-store.com\/shop\/men-selection-discover-our-selection-rendez-vous-store\/accessories-men-rendez-vous-store\/rototo-raffy-sweat-socks-r1554-charcoal-rendez-vous-store\/","name":"Rototo Raffy Sweat Socks R1554 Charcoal","isPartOf":{"@id":"https:\/\/rendez-vous-store.com\/#website"},"primaryImageOfPage":{"@id":"https:\/\/rendez-vous-store.com\/shop\/men-selection-discover-our-selection-rendez-vous-store\/accessories-men-rendez-vous-store\/rototo-raffy-sweat-socks-r1554-charcoal-rendez-vous-store\/#primaryimage"},"image":{"@id":"https:\/\/rendez-vous-store.com\/shop\/men-selection-discover-our-selection-rendez-vous-store\/accessories-men-rendez-vous-store\/rototo-raffy-sweat-socks-r1554-charcoal-rendez-vous-store\/#primaryimage"},"thumbnailUrl":"https:\/\/rendez-vous-store.com\/app\/uploads\/2024\/12\/rdv_rototo_35-scaled.webp","datePublished":"2024-12-23T08:25:44+00:00","dateModified":"2026-03-16T17:32:53+00:00","description":"Rototo is on Rendez-vous Store. Rototo Raffy Sweat Socks R1554 Charcoal are the perfect mix of style, comfort, and quality. Discover now.","breadcrumb":{"@id":"https:\/\/rendez-vous-store.com\/shop\/men-selection-discover-our-selection-rendez-vous-store\/accessories-men-rendez-vous-store\/rototo-raffy-sweat-socks-r1554-charcoal-rendez-vous-store\/#breadcrumb"},"inLanguage":"fr-FR","potentialAction":[{"@type":"ReadAction","target":["https:\/\/rendez-vous-store.com\/shop\/men-selection-discover-our-selection-rendez-vous-store\/accessories-men-rendez-vous-store\/rototo-raffy-sweat-socks-r1554-charcoal-rendez-vous-store\/"]}]},{"@type":"ImageObject","inLanguage":"fr-FR","@id":"https:\/\/rendez-vous-store.com\/shop\/men-selection-discover-our-selection-rendez-vous-store\/accessories-men-rendez-vous-store\/rototo-raffy-sweat-socks-r1554-charcoal-rendez-vous-store\/#primaryimage","url":"https:\/\/rendez-vous-store.com\/app\/uploads\/2024\/12\/rdv_rototo_35-scaled.webp","contentUrl":"https:\/\/rendez-vous-store.com\/app\/uploads\/2024\/12\/rdv_rototo_35-scaled.webp","width":1696,"height":2560},{"@type":"BreadcrumbList","@id":"https:\/\/rendez-vous-store.com\/shop\/men-selection-discover-our-selection-rendez-vous-store\/accessories-men-rendez-vous-store\/rototo-raffy-sweat-socks-r1554-charcoal-rendez-vous-store\/#breadcrumb","itemListElement":[{"@type":"ListItem","position":1,"name":"Home","item":"https:\/\/rendez-vous-store.com\/"},{"@type":"ListItem","position":2,"name":"Shop","item":"https:\/\/www.rendez-vous-store.com\/shop\/"},{"@type":"ListItem","position":3,"name":"Rototo &#8211; Raffy Sweat Socks R1554 &#8211; Charcoal"}]},{"@type":"WebSite","@id":"https:\/\/rendez-vous-store.com\/#website","url":"https:\/\/rendez-vous-store.com\/","name":"RENDEZ-VOUS STORE","description":"Slow Fashion for Women and Men","potentialAction":[{"@type":"SearchAction","target":{"@type":"EntryPoint","urlTemplate":"https:\/\/rendez-vous-store.com\/?s={search_term_string}"},"query-input":{"@type":"PropertyValueSpecification","valueRequired":true,"valueName":"search_term_string"}}],"inLanguage":"fr-FR"}]}},"_links":{"self":[{"href":"https:\/\/rendez-vous-store.com\/fr\/wp-json\/wp\/v2\/product\/190183","targetHints":{"allow":["GET"]}}],"collection":[{"href":"https:\/\/rendez-vous-store.com\/fr\/wp-json\/wp\/v2\/product"}],"about":[{"href":"https:\/\/rendez-vous-store.com\/fr\/wp-json\/wp\/v2\/types\/product"}],"wp:featuredmedia":[{"embeddable":true,"href":"https:\/\/rendez-vous-store.com\/fr\/wp-json\/wp\/v2\/media\/190670"}],"wp:attachment":[{"href":"https:\/\/rendez-vous-store.com\/fr\/wp-json\/wp\/v2\/media?parent=190183"}],"wp:term":[{"taxonomy":"product_brand","embeddable":true,"href":"https:\/\/rendez-vous-store.com\/fr\/wp-json\/wp\/v2\/product_brand?post=190183"},{"taxonomy":"product_cat","embeddable":true,"href":"https:\/\/rendez-vous-store.com\/fr\/wp-json\/wp\/v2\/product_cat?post=190183"},{"taxonomy":"product_tag","embeddable":true,"href":"https:\/\/rendez-vous-store.com\/fr\/wp-json\/wp\/v2\/product_tag?post=190183"}],"curies":[{"name":"wp","href":"https:\/\/api.w.org\/{rel}","templated":true}]}}