{"id":190146,"date":"2024-12-23T09:25:12","date_gmt":"2024-12-23T08:25:12","guid":{"rendered":"https:\/\/rendez-vous-store.com\/?post_type=product&#038;p=190146"},"modified":"2026-04-24T15:32:00","modified_gmt":"2026-04-24T13:32:00","slug":"rototo-recycled-cotton-socks-r1538-khaki-brown-rendez-vous-store","status":"publish","type":"product","link":"https:\/\/rendez-vous-store.com\/fr\/shop\/men-selection-discover-our-selection-rendez-vous-store\/accessories-men-rendez-vous-store\/rototo-recycled-cotton-socks-r1538-khaki-brown-rendez-vous-store\/","title":{"rendered":"Rototo - Chaussettes en coton recycl\u00e9 R1538 - Kaki Brown"},"content":{"rendered":"<p><strong>Chaussettes en coton recycl\u00e9 Rototo R1538 Khaki Brown<\/strong><\/p>\n<p>Couleur : Marron Kaki<\/p>\n<p>C\u00f4tel\u00e9e<\/p>\n<p>Chaud<\/p>\n<p>Composition : 96% Coton - 3% Polyester - 1% Polyur\u00e9thane<\/p>\n<p>Fabriqu\u00e9 au Japon<\/p>\n<p>&nbsp;<\/p>\n<p>&nbsp;<\/p>\n<p><strong>La marque<\/strong><\/p>\n<p>ROTOTO cr\u00e9e des chaussettes de la plus haute qualit\u00e9 en mettant l'accent sur la fonctionnalit\u00e9 et le confort. L'\u00e9quipe fabrique tous les articles au Japon et les con\u00e7oit comme des \"consommables \u00e0 vie\". L'entreprise s\u00e9lectionne avec soin des machines \u00e0 tricoter anciennes qui impliquent un travail humain consid\u00e9rable. En s'\u00e9loignant des machines \u00e0 tricoter modernes automatis\u00e9es et programm\u00e9es, ROTOTO place la qualit\u00e9 du produit au-dessus de tout.<\/p>\n<p>ROTOTO veut changer la vie des gens en influen\u00e7ant la fa\u00e7on dont ils pensent \u00e0 leurs pieds.<\/p>","protected":false},"excerpt":{"rendered":"<p>Rototo Recycled Cotton Socks R1538 Khaki Brown Color: Khaki Brown Ribbed Warm Composition: 96% Cotton &#8211; 3% Polyester &#8211; 1% Polyurethane Made In Japan &nbsp; &nbsp; The brand ROTOTO creates socks of the highest quality with a distinct focus on functionality and comfort. The team makes all items in Japan and designs them to be&hellip; <a class=\"more-link\" href=\"https:\/\/rendez-vous-store.com\/fr\/shop\/men-selection-discover-our-selection-rendez-vous-store\/accessories-men-rendez-vous-store\/rototo-recycled-cotton-socks-r1538-khaki-brown-rendez-vous-store\/\">Continuer la lecture <span class=\"screen-reader-text\">Rototo - Chaussettes en coton recycl\u00e9 R1538 - Kaki Brown<\/span><\/a><\/p>","protected":false},"featured_media":190656,"template":"","meta":{"_acf_changed":false},"product_brand":[],"product_cat":[20,70],"product_tag":[701],"class_list":{"0":"post-190146","1":"product","2":"type-product","3":"status-publish","4":"has-post-thumbnail","6":"product_cat-men-selection-discover-our-selection-rendez-vous-store","7":"product_cat-accessories-men-rendez-vous-store","8":"product_tag-rototo-designers-rendez-vous-store","9":"entry","11":"first","12":"outofstock","13":"taxable","14":"shipping-taxable","15":"product-type-variable"},"acf":[],"yoast_head":"<!-- This site is optimized with the Yoast SEO plugin v24.9 - https:\/\/yoast.com\/wordpress\/plugins\/seo\/ -->\n<title>Rototo Recycled Cotton Socks R1538 Khaki Brown<\/title>\n<meta name=\"description\" content=\"Rototo is on Rendez-vous Store. This Rototo Recycled Cotton Socks R1538 Khaki Brown are the perfect mix of style, comfort, and quality.\" \/>\n<meta name=\"robots\" content=\"index, follow, max-snippet:-1, max-image-preview:large, max-video-preview:-1\" \/>\n<link rel=\"canonical\" href=\"https:\/\/rendez-vous-store.com\/fr\/shop\/men-selection-discover-our-selection-rendez-vous-store\/accessories-men-rendez-vous-store\/rototo-recycled-cotton-socks-r1538-khaki-brown-rendez-vous-store\/\" \/>\n<meta property=\"og:locale\" content=\"fr_FR\" \/>\n<meta property=\"og:type\" content=\"article\" \/>\n<meta property=\"og:title\" content=\"Rototo Recycled Cotton Socks R1538 Khaki Brown\" \/>\n<meta property=\"og:description\" content=\"Rototo is on Rendez-vous Store. This Rototo Recycled Cotton Socks R1538 Khaki Brown are the perfect mix of style, comfort, and quality.\" \/>\n<meta property=\"og:url\" content=\"https:\/\/rendez-vous-store.com\/fr\/shop\/men-selection-discover-our-selection-rendez-vous-store\/accessories-men-rendez-vous-store\/rototo-recycled-cotton-socks-r1538-khaki-brown-rendez-vous-store\/\" \/>\n<meta property=\"og:site_name\" content=\"RENDEZ-VOUS STORE\" \/>\n<meta property=\"article:modified_time\" content=\"2026-04-24T13:32:00+00:00\" \/>\n<meta property=\"og:image\" content=\"https:\/\/rendez-vous-store.com\/wp-content\/uploads\/2024\/12\/rdv_rototo_39-scaled.webp\" \/>\n\t<meta property=\"og:image:width\" content=\"1696\" \/>\n\t<meta property=\"og:image:height\" content=\"2560\" \/>\n\t<meta property=\"og:image:type\" content=\"image\/webp\" \/>\n<meta name=\"twitter:card\" content=\"summary_large_image\" \/>\n<meta name=\"twitter:label1\" content=\"Est. reading time\" \/>\n\t<meta name=\"twitter:data1\" content=\"1 minute\" \/>\n<script type=\"application\/ld+json\" class=\"yoast-schema-graph\">{\"@context\":\"https:\/\/schema.org\",\"@graph\":[{\"@type\":\"WebPage\",\"@id\":\"https:\/\/rendez-vous-store.com\/shop\/men-selection-discover-our-selection-rendez-vous-store\/accessories-men-rendez-vous-store\/rototo-recycled-cotton-socks-r1538-khaki-brown-rendez-vous-store\/\",\"url\":\"https:\/\/rendez-vous-store.com\/shop\/men-selection-discover-our-selection-rendez-vous-store\/accessories-men-rendez-vous-store\/rototo-recycled-cotton-socks-r1538-khaki-brown-rendez-vous-store\/\",\"name\":\"Rototo Recycled Cotton Socks R1538 Khaki Brown\",\"isPartOf\":{\"@id\":\"https:\/\/rendez-vous-store.com\/#website\"},\"primaryImageOfPage\":{\"@id\":\"https:\/\/rendez-vous-store.com\/shop\/men-selection-discover-our-selection-rendez-vous-store\/accessories-men-rendez-vous-store\/rototo-recycled-cotton-socks-r1538-khaki-brown-rendez-vous-store\/#primaryimage\"},\"image\":{\"@id\":\"https:\/\/rendez-vous-store.com\/shop\/men-selection-discover-our-selection-rendez-vous-store\/accessories-men-rendez-vous-store\/rototo-recycled-cotton-socks-r1538-khaki-brown-rendez-vous-store\/#primaryimage\"},\"thumbnailUrl\":\"https:\/\/rendez-vous-store.com\/app\/uploads\/2024\/12\/rdv_rototo_39-scaled.webp\",\"datePublished\":\"2024-12-23T08:25:12+00:00\",\"dateModified\":\"2026-04-24T13:32:00+00:00\",\"description\":\"Rototo is on Rendez-vous Store. This Rototo Recycled Cotton Socks R1538 Khaki Brown are the perfect mix of style, comfort, and quality.\",\"breadcrumb\":{\"@id\":\"https:\/\/rendez-vous-store.com\/shop\/men-selection-discover-our-selection-rendez-vous-store\/accessories-men-rendez-vous-store\/rototo-recycled-cotton-socks-r1538-khaki-brown-rendez-vous-store\/#breadcrumb\"},\"inLanguage\":\"fr-FR\",\"potentialAction\":[{\"@type\":\"ReadAction\",\"target\":[\"https:\/\/rendez-vous-store.com\/shop\/men-selection-discover-our-selection-rendez-vous-store\/accessories-men-rendez-vous-store\/rototo-recycled-cotton-socks-r1538-khaki-brown-rendez-vous-store\/\"]}]},{\"@type\":\"ImageObject\",\"inLanguage\":\"fr-FR\",\"@id\":\"https:\/\/rendez-vous-store.com\/shop\/men-selection-discover-our-selection-rendez-vous-store\/accessories-men-rendez-vous-store\/rototo-recycled-cotton-socks-r1538-khaki-brown-rendez-vous-store\/#primaryimage\",\"url\":\"https:\/\/rendez-vous-store.com\/app\/uploads\/2024\/12\/rdv_rototo_39-scaled.webp\",\"contentUrl\":\"https:\/\/rendez-vous-store.com\/app\/uploads\/2024\/12\/rdv_rototo_39-scaled.webp\",\"width\":1696,\"height\":2560,\"caption\":\"Rototo - Recycled Cotton Socks R1538 - Khaki Brown\"},{\"@type\":\"BreadcrumbList\",\"@id\":\"https:\/\/rendez-vous-store.com\/shop\/men-selection-discover-our-selection-rendez-vous-store\/accessories-men-rendez-vous-store\/rototo-recycled-cotton-socks-r1538-khaki-brown-rendez-vous-store\/#breadcrumb\",\"itemListElement\":[{\"@type\":\"ListItem\",\"position\":1,\"name\":\"Home\",\"item\":\"https:\/\/rendez-vous-store.com\/\"},{\"@type\":\"ListItem\",\"position\":2,\"name\":\"Shop\",\"item\":\"https:\/\/www.rendez-vous-store.com\/shop\/\"},{\"@type\":\"ListItem\",\"position\":3,\"name\":\"Rototo &#8211; Recycled Cotton Socks R1538 &#8211; Khaki Brown\"}]},{\"@type\":\"WebSite\",\"@id\":\"https:\/\/rendez-vous-store.com\/#website\",\"url\":\"https:\/\/rendez-vous-store.com\/\",\"name\":\"RENDEZ-VOUS STORE\",\"description\":\"Slow Fashion for Women and Men\",\"potentialAction\":[{\"@type\":\"SearchAction\",\"target\":{\"@type\":\"EntryPoint\",\"urlTemplate\":\"https:\/\/rendez-vous-store.com\/?s={search_term_string}\"},\"query-input\":{\"@type\":\"PropertyValueSpecification\",\"valueRequired\":true,\"valueName\":\"search_term_string\"}}],\"inLanguage\":\"fr-FR\"}]}<\/script>\n<!-- \/ Yoast SEO plugin. -->","yoast_head_json":{"title":"Rototo Recycled Cotton Socks R1538 Khaki Brown","description":"Rototo is on Rendez-vous Store. This Rototo Recycled Cotton Socks R1538 Khaki Brown are the perfect mix of style, comfort, and quality.","robots":{"index":"index","follow":"follow","max-snippet":"max-snippet:-1","max-image-preview":"max-image-preview:large","max-video-preview":"max-video-preview:-1"},"canonical":"https:\/\/rendez-vous-store.com\/fr\/shop\/men-selection-discover-our-selection-rendez-vous-store\/accessories-men-rendez-vous-store\/rototo-recycled-cotton-socks-r1538-khaki-brown-rendez-vous-store\/","og_locale":"fr_FR","og_type":"article","og_title":"Rototo Recycled Cotton Socks R1538 Khaki Brown","og_description":"Rototo is on Rendez-vous Store. This Rototo Recycled Cotton Socks R1538 Khaki Brown are the perfect mix of style, comfort, and quality.","og_url":"https:\/\/rendez-vous-store.com\/fr\/shop\/men-selection-discover-our-selection-rendez-vous-store\/accessories-men-rendez-vous-store\/rototo-recycled-cotton-socks-r1538-khaki-brown-rendez-vous-store\/","og_site_name":"RENDEZ-VOUS STORE","article_modified_time":"2026-04-24T13:32:00+00:00","og_image":[{"width":1696,"height":2560,"url":"https:\/\/rendez-vous-store.com\/wp-content\/uploads\/2024\/12\/rdv_rototo_39-scaled.webp","type":"image\/webp"}],"twitter_card":"summary_large_image","twitter_misc":{"Est. reading time":"1 minute"},"schema":{"@context":"https:\/\/schema.org","@graph":[{"@type":"WebPage","@id":"https:\/\/rendez-vous-store.com\/shop\/men-selection-discover-our-selection-rendez-vous-store\/accessories-men-rendez-vous-store\/rototo-recycled-cotton-socks-r1538-khaki-brown-rendez-vous-store\/","url":"https:\/\/rendez-vous-store.com\/shop\/men-selection-discover-our-selection-rendez-vous-store\/accessories-men-rendez-vous-store\/rototo-recycled-cotton-socks-r1538-khaki-brown-rendez-vous-store\/","name":"Rototo Recycled Cotton Socks R1538 Khaki Brown","isPartOf":{"@id":"https:\/\/rendez-vous-store.com\/#website"},"primaryImageOfPage":{"@id":"https:\/\/rendez-vous-store.com\/shop\/men-selection-discover-our-selection-rendez-vous-store\/accessories-men-rendez-vous-store\/rototo-recycled-cotton-socks-r1538-khaki-brown-rendez-vous-store\/#primaryimage"},"image":{"@id":"https:\/\/rendez-vous-store.com\/shop\/men-selection-discover-our-selection-rendez-vous-store\/accessories-men-rendez-vous-store\/rototo-recycled-cotton-socks-r1538-khaki-brown-rendez-vous-store\/#primaryimage"},"thumbnailUrl":"https:\/\/rendez-vous-store.com\/app\/uploads\/2024\/12\/rdv_rototo_39-scaled.webp","datePublished":"2024-12-23T08:25:12+00:00","dateModified":"2026-04-24T13:32:00+00:00","description":"Rototo is on Rendez-vous Store. This Rototo Recycled Cotton Socks R1538 Khaki Brown are the perfect mix of style, comfort, and quality.","breadcrumb":{"@id":"https:\/\/rendez-vous-store.com\/shop\/men-selection-discover-our-selection-rendez-vous-store\/accessories-men-rendez-vous-store\/rototo-recycled-cotton-socks-r1538-khaki-brown-rendez-vous-store\/#breadcrumb"},"inLanguage":"fr-FR","potentialAction":[{"@type":"ReadAction","target":["https:\/\/rendez-vous-store.com\/shop\/men-selection-discover-our-selection-rendez-vous-store\/accessories-men-rendez-vous-store\/rototo-recycled-cotton-socks-r1538-khaki-brown-rendez-vous-store\/"]}]},{"@type":"ImageObject","inLanguage":"fr-FR","@id":"https:\/\/rendez-vous-store.com\/shop\/men-selection-discover-our-selection-rendez-vous-store\/accessories-men-rendez-vous-store\/rototo-recycled-cotton-socks-r1538-khaki-brown-rendez-vous-store\/#primaryimage","url":"https:\/\/rendez-vous-store.com\/app\/uploads\/2024\/12\/rdv_rototo_39-scaled.webp","contentUrl":"https:\/\/rendez-vous-store.com\/app\/uploads\/2024\/12\/rdv_rototo_39-scaled.webp","width":1696,"height":2560,"caption":"Rototo - Recycled Cotton Socks R1538 - Khaki Brown"},{"@type":"BreadcrumbList","@id":"https:\/\/rendez-vous-store.com\/shop\/men-selection-discover-our-selection-rendez-vous-store\/accessories-men-rendez-vous-store\/rototo-recycled-cotton-socks-r1538-khaki-brown-rendez-vous-store\/#breadcrumb","itemListElement":[{"@type":"ListItem","position":1,"name":"Home","item":"https:\/\/rendez-vous-store.com\/"},{"@type":"ListItem","position":2,"name":"Shop","item":"https:\/\/www.rendez-vous-store.com\/shop\/"},{"@type":"ListItem","position":3,"name":"Rototo &#8211; Recycled Cotton Socks R1538 &#8211; Khaki Brown"}]},{"@type":"WebSite","@id":"https:\/\/rendez-vous-store.com\/#website","url":"https:\/\/rendez-vous-store.com\/","name":"RENDEZ-VOUS STORE","description":"Slow Fashion for Women and Men","potentialAction":[{"@type":"SearchAction","target":{"@type":"EntryPoint","urlTemplate":"https:\/\/rendez-vous-store.com\/?s={search_term_string}"},"query-input":{"@type":"PropertyValueSpecification","valueRequired":true,"valueName":"search_term_string"}}],"inLanguage":"fr-FR"}]}},"_links":{"self":[{"href":"https:\/\/rendez-vous-store.com\/fr\/wp-json\/wp\/v2\/product\/190146","targetHints":{"allow":["GET"]}}],"collection":[{"href":"https:\/\/rendez-vous-store.com\/fr\/wp-json\/wp\/v2\/product"}],"about":[{"href":"https:\/\/rendez-vous-store.com\/fr\/wp-json\/wp\/v2\/types\/product"}],"wp:featuredmedia":[{"embeddable":true,"href":"https:\/\/rendez-vous-store.com\/fr\/wp-json\/wp\/v2\/media\/190656"}],"wp:attachment":[{"href":"https:\/\/rendez-vous-store.com\/fr\/wp-json\/wp\/v2\/media?parent=190146"}],"wp:term":[{"taxonomy":"product_brand","embeddable":true,"href":"https:\/\/rendez-vous-store.com\/fr\/wp-json\/wp\/v2\/product_brand?post=190146"},{"taxonomy":"product_cat","embeddable":true,"href":"https:\/\/rendez-vous-store.com\/fr\/wp-json\/wp\/v2\/product_cat?post=190146"},{"taxonomy":"product_tag","embeddable":true,"href":"https:\/\/rendez-vous-store.com\/fr\/wp-json\/wp\/v2\/product_tag?post=190146"}],"curies":[{"name":"wp","href":"https:\/\/api.w.org\/{rel}","templated":true}]}}