{"id":190081,"date":"2024-12-20T15:20:39","date_gmt":"2024-12-20T14:20:39","guid":{"rendered":"https:\/\/rendez-vous-store.com\/?post_type=product&#038;p=190081"},"modified":"2026-04-24T15:27:18","modified_gmt":"2026-04-24T13:27:18","slug":"amiacalva-flat-shoulder-f031-bl-m-black-rendez-vous-store","status":"publish","type":"product","link":"https:\/\/rendez-vous-store.com\/fr\/shop\/men-selection-discover-our-selection-rendez-vous-store\/bags-rendez-vous-store\/amiacalva-flat-shoulder-f031-bl-m-black-rendez-vous-store\/","title":{"rendered":"Amiacalva - \u00c9PAULE PLATE F031-BL-M - Noir"},"content":{"rendered":"<p><strong>Amiacalva - \u00c9PAULE PLATE F031-BL-M - Noir<\/strong><\/p>\n<p>Couleur : Noir<\/p>\n<p>L :360mm \/ H : 350mm \/ H 1100mm (Longueur la plus longue de la bandouli\u00e8re)<\/p>\n<p>Poids : environ 300g<\/p>\n<p>5 poches int\u00e9rieures<\/p>\n<p>Composition : 100% Polyester<\/p>\n<p>Fabriqu\u00e9 au Japon<\/p>\n<p>&nbsp;<\/p>\n<p>&nbsp;<\/p>\n<p>&nbsp;<\/p>\n<p>&nbsp;<\/p>\n<p><strong>La marque\u00a0<\/strong><\/p>\n<p>Amiacalva est une marque d\u2019accessoires japonaise qui incarne une philosophie intemporelle. Elle recherche l\u2019excellence, tant dans le design que dans la fonctionnalit\u00e9.\nLe nom de la marque provient d\u2019un poisson ancestral. Ce poisson a surv\u00e9cu pendant des si\u00e8cles sans \u00e9voluer, ni int\u00e9rieurement ni ext\u00e9rieurement.\nAmiacalva vise la perfection tant dans le design que dans la fonctionnalit\u00e9. \u00c0 l\u2019image du poisson, elle n\u2019a pas eu besoin de changer depuis sa cr\u00e9ation.<\/p>","protected":false},"excerpt":{"rendered":"<p>Amiacalva &#8211; FLAT SHOULDER F031-BL-M &#8211; Black Color: Black W :360mm \/ H: 350mm \/ H\u00a0 1100mm (Longest shoulder strap length) Weight: about 300g 5 inside pockets Composition: 100% Polyester Made in Japan &nbsp; &nbsp; &nbsp; &nbsp; The brand\u00a0 Amiacalva is a Japanese accessory brand that represents a timeless philosophy. It pursues excellence in both&hellip; <a class=\"more-link\" href=\"https:\/\/rendez-vous-store.com\/fr\/shop\/men-selection-discover-our-selection-rendez-vous-store\/bags-rendez-vous-store\/amiacalva-flat-shoulder-f031-bl-m-black-rendez-vous-store\/\">Continuer la lecture <span class=\"screen-reader-text\">Amiacalva - \u00c9PAULE PLATE F031-BL-M - Noir<\/span><\/a><\/p>","protected":false},"featured_media":193093,"template":"","meta":{"_acf_changed":false},"product_brand":[],"product_cat":[20,197],"product_tag":[277],"class_list":{"0":"post-190081","1":"product","2":"type-product","3":"status-publish","4":"has-post-thumbnail","6":"product_cat-men-selection-discover-our-selection-rendez-vous-store","7":"product_cat-bags-rendez-vous-store","8":"product_tag-amiacalva","9":"entry","11":"first","12":"outofstock","13":"taxable","14":"shipping-taxable","15":"product-type-variable"},"acf":[],"yoast_head":"<!-- This site is optimized with the Yoast SEO plugin v24.9 - https:\/\/yoast.com\/wordpress\/plugins\/seo\/ -->\n<title>Amiacalva FLAT SHOULDER F031-BL-M Black<\/title>\n<meta name=\"description\" content=\"Amiacalva is on Rendez-vous Store. This Amiacalva FLAT SHOULDER F031-BL-M Black is built on the principle of using recycled materials. Discover now.\" \/>\n<meta name=\"robots\" content=\"index, follow, max-snippet:-1, max-image-preview:large, max-video-preview:-1\" \/>\n<link rel=\"canonical\" href=\"https:\/\/rendez-vous-store.com\/fr\/shop\/men-selection-discover-our-selection-rendez-vous-store\/bags-rendez-vous-store\/amiacalva-flat-shoulder-f031-bl-m-black-rendez-vous-store\/\" \/>\n<meta property=\"og:locale\" content=\"fr_FR\" \/>\n<meta property=\"og:type\" content=\"article\" \/>\n<meta property=\"og:title\" content=\"Amiacalva FLAT SHOULDER F031-BL-M Black\" \/>\n<meta property=\"og:description\" content=\"Amiacalva is on Rendez-vous Store. This Amiacalva FLAT SHOULDER F031-BL-M Black is built on the principle of using recycled materials. Discover now.\" \/>\n<meta property=\"og:url\" content=\"https:\/\/rendez-vous-store.com\/fr\/shop\/men-selection-discover-our-selection-rendez-vous-store\/bags-rendez-vous-store\/amiacalva-flat-shoulder-f031-bl-m-black-rendez-vous-store\/\" \/>\n<meta property=\"og:site_name\" content=\"RENDEZ-VOUS STORE\" \/>\n<meta property=\"article:modified_time\" content=\"2026-04-24T13:27:18+00:00\" \/>\n<meta property=\"og:image\" content=\"https:\/\/rendez-vous-store.com\/app\/uploads\/2024\/12\/rdv_19-scaled.webp\" \/>\n\t<meta property=\"og:image:width\" content=\"1696\" \/>\n\t<meta property=\"og:image:height\" content=\"2560\" \/>\n\t<meta property=\"og:image:type\" content=\"image\/webp\" \/>\n<meta name=\"twitter:card\" content=\"summary_large_image\" \/>\n<meta name=\"twitter:label1\" content=\"Est. reading time\" \/>\n\t<meta name=\"twitter:data1\" content=\"1 minute\" \/>\n<script type=\"application\/ld+json\" class=\"yoast-schema-graph\">{\"@context\":\"https:\/\/schema.org\",\"@graph\":[{\"@type\":\"WebPage\",\"@id\":\"https:\/\/rendez-vous-store.com\/shop\/men-selection-discover-our-selection-rendez-vous-store\/bags-rendez-vous-store\/amiacalva-flat-shoulder-f031-bl-m-black-rendez-vous-store\/\",\"url\":\"https:\/\/rendez-vous-store.com\/shop\/men-selection-discover-our-selection-rendez-vous-store\/bags-rendez-vous-store\/amiacalva-flat-shoulder-f031-bl-m-black-rendez-vous-store\/\",\"name\":\"Amiacalva FLAT SHOULDER F031-BL-M Black\",\"isPartOf\":{\"@id\":\"https:\/\/rendez-vous-store.com\/#website\"},\"primaryImageOfPage\":{\"@id\":\"https:\/\/rendez-vous-store.com\/shop\/men-selection-discover-our-selection-rendez-vous-store\/bags-rendez-vous-store\/amiacalva-flat-shoulder-f031-bl-m-black-rendez-vous-store\/#primaryimage\"},\"image\":{\"@id\":\"https:\/\/rendez-vous-store.com\/shop\/men-selection-discover-our-selection-rendez-vous-store\/bags-rendez-vous-store\/amiacalva-flat-shoulder-f031-bl-m-black-rendez-vous-store\/#primaryimage\"},\"thumbnailUrl\":\"https:\/\/rendez-vous-store.com\/app\/uploads\/2024\/12\/rdv_19-scaled.webp\",\"datePublished\":\"2024-12-20T14:20:39+00:00\",\"dateModified\":\"2026-04-24T13:27:18+00:00\",\"description\":\"Amiacalva is on Rendez-vous Store. This Amiacalva FLAT SHOULDER F031-BL-M Black is built on the principle of using recycled materials. Discover now.\",\"breadcrumb\":{\"@id\":\"https:\/\/rendez-vous-store.com\/shop\/men-selection-discover-our-selection-rendez-vous-store\/bags-rendez-vous-store\/amiacalva-flat-shoulder-f031-bl-m-black-rendez-vous-store\/#breadcrumb\"},\"inLanguage\":\"fr-FR\",\"potentialAction\":[{\"@type\":\"ReadAction\",\"target\":[\"https:\/\/rendez-vous-store.com\/shop\/men-selection-discover-our-selection-rendez-vous-store\/bags-rendez-vous-store\/amiacalva-flat-shoulder-f031-bl-m-black-rendez-vous-store\/\"]}]},{\"@type\":\"ImageObject\",\"inLanguage\":\"fr-FR\",\"@id\":\"https:\/\/rendez-vous-store.com\/shop\/men-selection-discover-our-selection-rendez-vous-store\/bags-rendez-vous-store\/amiacalva-flat-shoulder-f031-bl-m-black-rendez-vous-store\/#primaryimage\",\"url\":\"https:\/\/rendez-vous-store.com\/app\/uploads\/2024\/12\/rdv_19-scaled.webp\",\"contentUrl\":\"https:\/\/rendez-vous-store.com\/app\/uploads\/2024\/12\/rdv_19-scaled.webp\",\"width\":1696,\"height\":2560},{\"@type\":\"BreadcrumbList\",\"@id\":\"https:\/\/rendez-vous-store.com\/shop\/men-selection-discover-our-selection-rendez-vous-store\/bags-rendez-vous-store\/amiacalva-flat-shoulder-f031-bl-m-black-rendez-vous-store\/#breadcrumb\",\"itemListElement\":[{\"@type\":\"ListItem\",\"position\":1,\"name\":\"Home\",\"item\":\"https:\/\/rendez-vous-store.com\/\"},{\"@type\":\"ListItem\",\"position\":2,\"name\":\"Shop\",\"item\":\"https:\/\/www.rendez-vous-store.com\/shop\/\"},{\"@type\":\"ListItem\",\"position\":3,\"name\":\"Amiacalva &#8211; FLAT SHOULDER F031-BL-M &#8211; Black\"}]},{\"@type\":\"WebSite\",\"@id\":\"https:\/\/rendez-vous-store.com\/#website\",\"url\":\"https:\/\/rendez-vous-store.com\/\",\"name\":\"RENDEZ-VOUS STORE\",\"description\":\"Slow Fashion for Women and Men\",\"potentialAction\":[{\"@type\":\"SearchAction\",\"target\":{\"@type\":\"EntryPoint\",\"urlTemplate\":\"https:\/\/rendez-vous-store.com\/?s={search_term_string}\"},\"query-input\":{\"@type\":\"PropertyValueSpecification\",\"valueRequired\":true,\"valueName\":\"search_term_string\"}}],\"inLanguage\":\"fr-FR\"}]}<\/script>\n<!-- \/ Yoast SEO plugin. -->","yoast_head_json":{"title":"Amiacalva FLAT SHOULDER F031-BL-M Black","description":"Amiacalva is on Rendez-vous Store. This Amiacalva FLAT SHOULDER F031-BL-M Black is built on the principle of using recycled materials. Discover now.","robots":{"index":"index","follow":"follow","max-snippet":"max-snippet:-1","max-image-preview":"max-image-preview:large","max-video-preview":"max-video-preview:-1"},"canonical":"https:\/\/rendez-vous-store.com\/fr\/shop\/men-selection-discover-our-selection-rendez-vous-store\/bags-rendez-vous-store\/amiacalva-flat-shoulder-f031-bl-m-black-rendez-vous-store\/","og_locale":"fr_FR","og_type":"article","og_title":"Amiacalva FLAT SHOULDER F031-BL-M Black","og_description":"Amiacalva is on Rendez-vous Store. This Amiacalva FLAT SHOULDER F031-BL-M Black is built on the principle of using recycled materials. Discover now.","og_url":"https:\/\/rendez-vous-store.com\/fr\/shop\/men-selection-discover-our-selection-rendez-vous-store\/bags-rendez-vous-store\/amiacalva-flat-shoulder-f031-bl-m-black-rendez-vous-store\/","og_site_name":"RENDEZ-VOUS STORE","article_modified_time":"2026-04-24T13:27:18+00:00","og_image":[{"width":1696,"height":2560,"url":"https:\/\/rendez-vous-store.com\/app\/uploads\/2024\/12\/rdv_19-scaled.webp","type":"image\/webp"}],"twitter_card":"summary_large_image","twitter_misc":{"Est. reading time":"1 minute"},"schema":{"@context":"https:\/\/schema.org","@graph":[{"@type":"WebPage","@id":"https:\/\/rendez-vous-store.com\/shop\/men-selection-discover-our-selection-rendez-vous-store\/bags-rendez-vous-store\/amiacalva-flat-shoulder-f031-bl-m-black-rendez-vous-store\/","url":"https:\/\/rendez-vous-store.com\/shop\/men-selection-discover-our-selection-rendez-vous-store\/bags-rendez-vous-store\/amiacalva-flat-shoulder-f031-bl-m-black-rendez-vous-store\/","name":"Amiacalva FLAT SHOULDER F031-BL-M Black","isPartOf":{"@id":"https:\/\/rendez-vous-store.com\/#website"},"primaryImageOfPage":{"@id":"https:\/\/rendez-vous-store.com\/shop\/men-selection-discover-our-selection-rendez-vous-store\/bags-rendez-vous-store\/amiacalva-flat-shoulder-f031-bl-m-black-rendez-vous-store\/#primaryimage"},"image":{"@id":"https:\/\/rendez-vous-store.com\/shop\/men-selection-discover-our-selection-rendez-vous-store\/bags-rendez-vous-store\/amiacalva-flat-shoulder-f031-bl-m-black-rendez-vous-store\/#primaryimage"},"thumbnailUrl":"https:\/\/rendez-vous-store.com\/app\/uploads\/2024\/12\/rdv_19-scaled.webp","datePublished":"2024-12-20T14:20:39+00:00","dateModified":"2026-04-24T13:27:18+00:00","description":"Amiacalva is on Rendez-vous Store. This Amiacalva FLAT SHOULDER F031-BL-M Black is built on the principle of using recycled materials. Discover now.","breadcrumb":{"@id":"https:\/\/rendez-vous-store.com\/shop\/men-selection-discover-our-selection-rendez-vous-store\/bags-rendez-vous-store\/amiacalva-flat-shoulder-f031-bl-m-black-rendez-vous-store\/#breadcrumb"},"inLanguage":"fr-FR","potentialAction":[{"@type":"ReadAction","target":["https:\/\/rendez-vous-store.com\/shop\/men-selection-discover-our-selection-rendez-vous-store\/bags-rendez-vous-store\/amiacalva-flat-shoulder-f031-bl-m-black-rendez-vous-store\/"]}]},{"@type":"ImageObject","inLanguage":"fr-FR","@id":"https:\/\/rendez-vous-store.com\/shop\/men-selection-discover-our-selection-rendez-vous-store\/bags-rendez-vous-store\/amiacalva-flat-shoulder-f031-bl-m-black-rendez-vous-store\/#primaryimage","url":"https:\/\/rendez-vous-store.com\/app\/uploads\/2024\/12\/rdv_19-scaled.webp","contentUrl":"https:\/\/rendez-vous-store.com\/app\/uploads\/2024\/12\/rdv_19-scaled.webp","width":1696,"height":2560},{"@type":"BreadcrumbList","@id":"https:\/\/rendez-vous-store.com\/shop\/men-selection-discover-our-selection-rendez-vous-store\/bags-rendez-vous-store\/amiacalva-flat-shoulder-f031-bl-m-black-rendez-vous-store\/#breadcrumb","itemListElement":[{"@type":"ListItem","position":1,"name":"Home","item":"https:\/\/rendez-vous-store.com\/"},{"@type":"ListItem","position":2,"name":"Shop","item":"https:\/\/www.rendez-vous-store.com\/shop\/"},{"@type":"ListItem","position":3,"name":"Amiacalva &#8211; FLAT SHOULDER F031-BL-M &#8211; Black"}]},{"@type":"WebSite","@id":"https:\/\/rendez-vous-store.com\/#website","url":"https:\/\/rendez-vous-store.com\/","name":"RENDEZ-VOUS STORE","description":"Slow Fashion for Women and Men","potentialAction":[{"@type":"SearchAction","target":{"@type":"EntryPoint","urlTemplate":"https:\/\/rendez-vous-store.com\/?s={search_term_string}"},"query-input":{"@type":"PropertyValueSpecification","valueRequired":true,"valueName":"search_term_string"}}],"inLanguage":"fr-FR"}]}},"_links":{"self":[{"href":"https:\/\/rendez-vous-store.com\/fr\/wp-json\/wp\/v2\/product\/190081","targetHints":{"allow":["GET"]}}],"collection":[{"href":"https:\/\/rendez-vous-store.com\/fr\/wp-json\/wp\/v2\/product"}],"about":[{"href":"https:\/\/rendez-vous-store.com\/fr\/wp-json\/wp\/v2\/types\/product"}],"wp:featuredmedia":[{"embeddable":true,"href":"https:\/\/rendez-vous-store.com\/fr\/wp-json\/wp\/v2\/media\/193093"}],"wp:attachment":[{"href":"https:\/\/rendez-vous-store.com\/fr\/wp-json\/wp\/v2\/media?parent=190081"}],"wp:term":[{"taxonomy":"product_brand","embeddable":true,"href":"https:\/\/rendez-vous-store.com\/fr\/wp-json\/wp\/v2\/product_brand?post=190081"},{"taxonomy":"product_cat","embeddable":true,"href":"https:\/\/rendez-vous-store.com\/fr\/wp-json\/wp\/v2\/product_cat?post=190081"},{"taxonomy":"product_tag","embeddable":true,"href":"https:\/\/rendez-vous-store.com\/fr\/wp-json\/wp\/v2\/product_tag?post=190081"}],"curies":[{"name":"wp","href":"https:\/\/api.w.org\/{rel}","templated":true}]}}