{"id":190079,"date":"2024-12-20T15:20:37","date_gmt":"2024-12-20T14:20:37","guid":{"rendered":"https:\/\/rendez-vous-store.com\/?post_type=product&#038;p=190079"},"modified":"2026-04-24T15:30:46","modified_gmt":"2026-04-24T13:30:46","slug":"amiacalva-messenger-bag-f036-bl-l-black","status":"publish","type":"product","link":"https:\/\/rendez-vous-store.com\/fr\/shop\/special-offer-men-rendez-vous-store\/men-bag-special-offer\/amiacalva-messenger-bag-f036-bl-l-black\/","title":{"rendered":"Amiacalva \u2013 SAC MESSAGER F036-BL-L \u2013 Noir"},"content":{"rendered":"<p><strong>Sac bandouli\u00e8re Amiacalva F036-BL-L Noir<\/strong><\/p>\n<p>Couleur : Noir<\/p>\n<p>Composition : Polyester<\/p>\n<p>Fabriqu\u00e9 au Japon<\/p>\n<p>&nbsp;<\/p>\n<p>&nbsp;<\/p>\n<p>&nbsp;<\/p>\n<p>&nbsp;<\/p>\n<p>&nbsp;<\/p>\n<p><strong>La marque\u00a0<\/strong><\/p>\n<p>Amiacalva est une marque d\u2019accessoires japonaise qui incarne une philosophie intemporelle. Elle recherche l\u2019excellence, tant dans le design que dans la fonctionnalit\u00e9.\nLe nom de la marque provient d\u2019un poisson ancestral. Ce poisson a surv\u00e9cu pendant des si\u00e8cles sans \u00e9voluer, ni int\u00e9rieurement ni ext\u00e9rieurement.\nAmiacalva vise la perfection tant dans le design que dans la fonctionnalit\u00e9. \u00c0 l\u2019image du poisson, elle n\u2019a pas eu besoin de changer depuis sa cr\u00e9ation.<\/p>","protected":false},"excerpt":{"rendered":"<p>Amiacalva MESSENGER BAG F036-BL-L Black Color: Black Composition: Polyester Made in Japan &nbsp; &nbsp; &nbsp; &nbsp; &nbsp; The brand\u00a0 Amiacalva is a Japanese accessory brand that represents a timeless philosophy. It pursues excellence in both design and functionality. The brand&#8217;s name comes from an ancient fish. This fish has survived for centuries without internal or&hellip; <a class=\"more-link\" href=\"https:\/\/rendez-vous-store.com\/fr\/shop\/special-offer-men-rendez-vous-store\/men-bag-special-offer\/amiacalva-messenger-bag-f036-bl-l-black\/\">Continuer la lecture <span class=\"screen-reader-text\">Amiacalva \u2013 SAC MESSAGER F036-BL-L \u2013 Noir<\/span><\/a><\/p>","protected":false},"featured_media":209386,"template":"","meta":{"_acf_changed":false},"product_brand":[],"product_cat":[1437,1342,1352,197,20,1350,1335],"product_tag":[277],"class_list":{"0":"post-190079","1":"product","2":"type-product","3":"status-publish","4":"has-post-thumbnail","6":"product_cat-sale-10","7":"product_cat-women-bag-special-offer","8":"product_cat-men-bag-special-offer","9":"product_cat-bags-rendez-vous-store","10":"product_cat-men-selection-discover-our-selection-rendez-vous-store","11":"product_cat-special-offer-men-rendez-vous-store","12":"product_cat-special-offer-women-rendez-vous-store","13":"product_tag-amiacalva","14":"entry","16":"first","17":"outofstock","18":"taxable","19":"shipping-taxable","20":"product-type-variable"},"acf":[],"yoast_head":"<!-- This site is optimized with the Yoast SEO plugin v24.9 - https:\/\/yoast.com\/wordpress\/plugins\/seo\/ -->\n<title>Amiacalva MESSENGER BAG F036-BL-L Black<\/title>\n<meta name=\"description\" content=\"Amiacalva is on Rendez-vous Store. This Amiacalva - MESSENGER BAG F036-BL-L - Black is built on the principle of using recycled materials. Discover now.\" \/>\n<meta name=\"robots\" content=\"index, follow, max-snippet:-1, max-image-preview:large, max-video-preview:-1\" \/>\n<link rel=\"canonical\" href=\"https:\/\/rendez-vous-store.com\/fr\/shop\/special-offer-men-rendez-vous-store\/men-bag-special-offer\/amiacalva-messenger-bag-f036-bl-l-black\/\" \/>\n<meta property=\"og:locale\" content=\"fr_FR\" \/>\n<meta property=\"og:type\" content=\"article\" \/>\n<meta property=\"og:title\" content=\"Amiacalva MESSENGER BAG F036-BL-L Black\" \/>\n<meta property=\"og:description\" content=\"Amiacalva is on Rendez-vous Store. This Amiacalva - MESSENGER BAG F036-BL-L - Black is built on the principle of using recycled materials. Discover now.\" \/>\n<meta property=\"og:url\" content=\"https:\/\/rendez-vous-store.com\/fr\/shop\/special-offer-men-rendez-vous-store\/men-bag-special-offer\/amiacalva-messenger-bag-f036-bl-l-black\/\" \/>\n<meta property=\"og:site_name\" content=\"RENDEZ-VOUS STORE\" \/>\n<meta property=\"article:modified_time\" content=\"2026-04-24T13:30:46+00:00\" \/>\n<meta property=\"og:image\" content=\"https:\/\/rendez-vous-store.com\/app\/uploads\/2024\/12\/rdv_bag_01-scaled.webp\" \/>\n\t<meta property=\"og:image:width\" content=\"1696\" \/>\n\t<meta property=\"og:image:height\" content=\"2560\" \/>\n\t<meta property=\"og:image:type\" content=\"image\/webp\" \/>\n<meta name=\"twitter:card\" content=\"summary_large_image\" \/>\n<meta name=\"twitter:label1\" content=\"Est. reading time\" \/>\n\t<meta name=\"twitter:data1\" content=\"1 minute\" \/>\n<script type=\"application\/ld+json\" class=\"yoast-schema-graph\">{\"@context\":\"https:\/\/schema.org\",\"@graph\":[{\"@type\":\"WebPage\",\"@id\":\"https:\/\/rendez-vous-store.com\/shop\/special-offer-men-rendez-vous-store\/men-bag-special-offer\/amiacalva-messenger-bag-f036-bl-l-black\/\",\"url\":\"https:\/\/rendez-vous-store.com\/shop\/special-offer-men-rendez-vous-store\/men-bag-special-offer\/amiacalva-messenger-bag-f036-bl-l-black\/\",\"name\":\"Amiacalva MESSENGER BAG F036-BL-L Black\",\"isPartOf\":{\"@id\":\"https:\/\/rendez-vous-store.com\/#website\"},\"primaryImageOfPage\":{\"@id\":\"https:\/\/rendez-vous-store.com\/shop\/special-offer-men-rendez-vous-store\/men-bag-special-offer\/amiacalva-messenger-bag-f036-bl-l-black\/#primaryimage\"},\"image\":{\"@id\":\"https:\/\/rendez-vous-store.com\/shop\/special-offer-men-rendez-vous-store\/men-bag-special-offer\/amiacalva-messenger-bag-f036-bl-l-black\/#primaryimage\"},\"thumbnailUrl\":\"https:\/\/rendez-vous-store.com\/app\/uploads\/2024\/12\/rdv_bag_01-scaled.webp\",\"datePublished\":\"2024-12-20T14:20:37+00:00\",\"dateModified\":\"2026-04-24T13:30:46+00:00\",\"description\":\"Amiacalva is on Rendez-vous Store. This Amiacalva - MESSENGER BAG F036-BL-L - Black is built on the principle of using recycled materials. Discover now.\",\"breadcrumb\":{\"@id\":\"https:\/\/rendez-vous-store.com\/shop\/special-offer-men-rendez-vous-store\/men-bag-special-offer\/amiacalva-messenger-bag-f036-bl-l-black\/#breadcrumb\"},\"inLanguage\":\"fr-FR\",\"potentialAction\":[{\"@type\":\"ReadAction\",\"target\":[\"https:\/\/rendez-vous-store.com\/shop\/special-offer-men-rendez-vous-store\/men-bag-special-offer\/amiacalva-messenger-bag-f036-bl-l-black\/\"]}]},{\"@type\":\"ImageObject\",\"inLanguage\":\"fr-FR\",\"@id\":\"https:\/\/rendez-vous-store.com\/shop\/special-offer-men-rendez-vous-store\/men-bag-special-offer\/amiacalva-messenger-bag-f036-bl-l-black\/#primaryimage\",\"url\":\"https:\/\/rendez-vous-store.com\/app\/uploads\/2024\/12\/rdv_bag_01-scaled.webp\",\"contentUrl\":\"https:\/\/rendez-vous-store.com\/app\/uploads\/2024\/12\/rdv_bag_01-scaled.webp\",\"width\":1696,\"height\":2560},{\"@type\":\"BreadcrumbList\",\"@id\":\"https:\/\/rendez-vous-store.com\/shop\/special-offer-men-rendez-vous-store\/men-bag-special-offer\/amiacalva-messenger-bag-f036-bl-l-black\/#breadcrumb\",\"itemListElement\":[{\"@type\":\"ListItem\",\"position\":1,\"name\":\"Home\",\"item\":\"https:\/\/rendez-vous-store.com\/\"},{\"@type\":\"ListItem\",\"position\":2,\"name\":\"Shop\",\"item\":\"https:\/\/www.rendez-vous-store.com\/shop\/\"},{\"@type\":\"ListItem\",\"position\":3,\"name\":\"Amiacalva &#8211; MESSENGER BAG F036-BL-L &#8211; Black\"}]},{\"@type\":\"WebSite\",\"@id\":\"https:\/\/rendez-vous-store.com\/#website\",\"url\":\"https:\/\/rendez-vous-store.com\/\",\"name\":\"RENDEZ-VOUS STORE\",\"description\":\"Slow Fashion for Women and Men\",\"potentialAction\":[{\"@type\":\"SearchAction\",\"target\":{\"@type\":\"EntryPoint\",\"urlTemplate\":\"https:\/\/rendez-vous-store.com\/?s={search_term_string}\"},\"query-input\":{\"@type\":\"PropertyValueSpecification\",\"valueRequired\":true,\"valueName\":\"search_term_string\"}}],\"inLanguage\":\"fr-FR\"}]}<\/script>\n<!-- \/ Yoast SEO plugin. -->","yoast_head_json":{"title":"Amiacalva MESSENGER BAG F036-BL-L Black","description":"Amiacalva is on Rendez-vous Store. This Amiacalva - MESSENGER BAG F036-BL-L - Black is built on the principle of using recycled materials. Discover now.","robots":{"index":"index","follow":"follow","max-snippet":"max-snippet:-1","max-image-preview":"max-image-preview:large","max-video-preview":"max-video-preview:-1"},"canonical":"https:\/\/rendez-vous-store.com\/fr\/shop\/special-offer-men-rendez-vous-store\/men-bag-special-offer\/amiacalva-messenger-bag-f036-bl-l-black\/","og_locale":"fr_FR","og_type":"article","og_title":"Amiacalva MESSENGER BAG F036-BL-L Black","og_description":"Amiacalva is on Rendez-vous Store. This Amiacalva - MESSENGER BAG F036-BL-L - Black is built on the principle of using recycled materials. Discover now.","og_url":"https:\/\/rendez-vous-store.com\/fr\/shop\/special-offer-men-rendez-vous-store\/men-bag-special-offer\/amiacalva-messenger-bag-f036-bl-l-black\/","og_site_name":"RENDEZ-VOUS STORE","article_modified_time":"2026-04-24T13:30:46+00:00","og_image":[{"width":1696,"height":2560,"url":"https:\/\/rendez-vous-store.com\/app\/uploads\/2024\/12\/rdv_bag_01-scaled.webp","type":"image\/webp"}],"twitter_card":"summary_large_image","twitter_misc":{"Est. reading time":"1 minute"},"schema":{"@context":"https:\/\/schema.org","@graph":[{"@type":"WebPage","@id":"https:\/\/rendez-vous-store.com\/shop\/special-offer-men-rendez-vous-store\/men-bag-special-offer\/amiacalva-messenger-bag-f036-bl-l-black\/","url":"https:\/\/rendez-vous-store.com\/shop\/special-offer-men-rendez-vous-store\/men-bag-special-offer\/amiacalva-messenger-bag-f036-bl-l-black\/","name":"Amiacalva MESSENGER BAG F036-BL-L Black","isPartOf":{"@id":"https:\/\/rendez-vous-store.com\/#website"},"primaryImageOfPage":{"@id":"https:\/\/rendez-vous-store.com\/shop\/special-offer-men-rendez-vous-store\/men-bag-special-offer\/amiacalva-messenger-bag-f036-bl-l-black\/#primaryimage"},"image":{"@id":"https:\/\/rendez-vous-store.com\/shop\/special-offer-men-rendez-vous-store\/men-bag-special-offer\/amiacalva-messenger-bag-f036-bl-l-black\/#primaryimage"},"thumbnailUrl":"https:\/\/rendez-vous-store.com\/app\/uploads\/2024\/12\/rdv_bag_01-scaled.webp","datePublished":"2024-12-20T14:20:37+00:00","dateModified":"2026-04-24T13:30:46+00:00","description":"Amiacalva is on Rendez-vous Store. This Amiacalva - MESSENGER BAG F036-BL-L - Black is built on the principle of using recycled materials. Discover now.","breadcrumb":{"@id":"https:\/\/rendez-vous-store.com\/shop\/special-offer-men-rendez-vous-store\/men-bag-special-offer\/amiacalva-messenger-bag-f036-bl-l-black\/#breadcrumb"},"inLanguage":"fr-FR","potentialAction":[{"@type":"ReadAction","target":["https:\/\/rendez-vous-store.com\/shop\/special-offer-men-rendez-vous-store\/men-bag-special-offer\/amiacalva-messenger-bag-f036-bl-l-black\/"]}]},{"@type":"ImageObject","inLanguage":"fr-FR","@id":"https:\/\/rendez-vous-store.com\/shop\/special-offer-men-rendez-vous-store\/men-bag-special-offer\/amiacalva-messenger-bag-f036-bl-l-black\/#primaryimage","url":"https:\/\/rendez-vous-store.com\/app\/uploads\/2024\/12\/rdv_bag_01-scaled.webp","contentUrl":"https:\/\/rendez-vous-store.com\/app\/uploads\/2024\/12\/rdv_bag_01-scaled.webp","width":1696,"height":2560},{"@type":"BreadcrumbList","@id":"https:\/\/rendez-vous-store.com\/shop\/special-offer-men-rendez-vous-store\/men-bag-special-offer\/amiacalva-messenger-bag-f036-bl-l-black\/#breadcrumb","itemListElement":[{"@type":"ListItem","position":1,"name":"Home","item":"https:\/\/rendez-vous-store.com\/"},{"@type":"ListItem","position":2,"name":"Shop","item":"https:\/\/www.rendez-vous-store.com\/shop\/"},{"@type":"ListItem","position":3,"name":"Amiacalva &#8211; MESSENGER BAG F036-BL-L &#8211; Black"}]},{"@type":"WebSite","@id":"https:\/\/rendez-vous-store.com\/#website","url":"https:\/\/rendez-vous-store.com\/","name":"RENDEZ-VOUS STORE","description":"Slow Fashion for Women and Men","potentialAction":[{"@type":"SearchAction","target":{"@type":"EntryPoint","urlTemplate":"https:\/\/rendez-vous-store.com\/?s={search_term_string}"},"query-input":{"@type":"PropertyValueSpecification","valueRequired":true,"valueName":"search_term_string"}}],"inLanguage":"fr-FR"}]}},"_links":{"self":[{"href":"https:\/\/rendez-vous-store.com\/fr\/wp-json\/wp\/v2\/product\/190079","targetHints":{"allow":["GET"]}}],"collection":[{"href":"https:\/\/rendez-vous-store.com\/fr\/wp-json\/wp\/v2\/product"}],"about":[{"href":"https:\/\/rendez-vous-store.com\/fr\/wp-json\/wp\/v2\/types\/product"}],"wp:featuredmedia":[{"embeddable":true,"href":"https:\/\/rendez-vous-store.com\/fr\/wp-json\/wp\/v2\/media\/209386"}],"wp:attachment":[{"href":"https:\/\/rendez-vous-store.com\/fr\/wp-json\/wp\/v2\/media?parent=190079"}],"wp:term":[{"taxonomy":"product_brand","embeddable":true,"href":"https:\/\/rendez-vous-store.com\/fr\/wp-json\/wp\/v2\/product_brand?post=190079"},{"taxonomy":"product_cat","embeddable":true,"href":"https:\/\/rendez-vous-store.com\/fr\/wp-json\/wp\/v2\/product_cat?post=190079"},{"taxonomy":"product_tag","embeddable":true,"href":"https:\/\/rendez-vous-store.com\/fr\/wp-json\/wp\/v2\/product_tag?post=190079"}],"curies":[{"name":"wp","href":"https:\/\/api.w.org\/{rel}","templated":true}]}}