{"id":189445,"date":"2024-12-11T14:51:17","date_gmt":"2024-12-11T13:51:17","guid":{"rendered":"https:\/\/rendez-vous-store.com\/?post_type=product&#038;p=189445"},"modified":"2026-03-16T18:31:23","modified_gmt":"2026-03-16T17:31:23","slug":"aton-tucked-wide-pants-pragcw0806-warm-white-rendez-vous-store","status":"publish","type":"product","link":"https:\/\/rendez-vous-store.com\/fr\/shop\/special-offer-women-rendez-vous-store\/women-trousers-special-offer\/aton-tucked-wide-pants-pragcw0806-warm-white-rendez-vous-store\/","title":{"rendered":"ATON - Pantalon large \u00e0 pinces PRAGCW0806 - Blanc chaud"},"content":{"rendered":"<p><strong>ATON Pantalon large \u00e0 pinces PRAGCW0806 Blanc chaud<\/strong><\/p>\n<p>Couleur : Blanc cr\u00e8me<\/p>\n<p>Velours c\u00f4tel\u00e9<\/p>\n<p>Pantalon large<\/p>\n<p>Coupe ample<\/p>\n<p>Passant de ceinture<\/p>\n<p>Deux poches lat\u00e9rales<\/p>\n<p>Deux poches portefeuilles au dos<\/p>\n<p>Composition : 100% Coton<\/p>\n<p>Fabriqu\u00e9 au Japon<\/p>\n<p>&nbsp;<\/p>\n<p><strong>Mesures :<\/strong><\/p>\n<p><strong>Taille S : Taille : 34cm - Hanche : 68cm - Cuisse : 37cm - Entrejambe : 68cm - Longueur : 100cm<\/strong><\/p>\n<p>&nbsp;<\/p>\n<p>&nbsp;<\/p>\n<p><strong>La marque<\/strong><\/p>\n<p>ATON est une marque japonaise fond\u00e9e en 2016 par Yasuharu Kuzaki, qui se concentre sur la simplicit\u00e9 raffin\u00e9e et le design utile.<\/p>\n<p>Au Japon, des artisans qualifi\u00e9s confectionnent chaque v\u00eatement \u00e0 la main en utilisant des mati\u00e8res de premi\u00e8re qualit\u00e9 comme le cachemire lav\u00e9, le coton, la soie, la laine et le lin. Les teintes naturelles, obtenues gr\u00e2ce \u00e0 des techniques de teinture traditionnelles, soulignent l'attachement de la marque \u00e0 une \u00e9l\u00e9gance discr\u00e8te.<\/p>\n<p>Yasuharu Kuzaki teste les prototypes pendant un an pour garantir la durabilit\u00e9, le confort et une qualit\u00e9 in\u00e9gal\u00e9e. Ce processus m\u00e9ticuleux permet de cr\u00e9er des v\u00eatements intemporels, pr\u00eats \u00e0 porter, pour des personnes m\u00fbres et s\u00fbres d'elles.<\/p>\n<p>ATON cr\u00e9e des v\u00eatements qui transcendent les tendances et c\u00e9l\u00e8brent la simplicit\u00e9 avec conviction, en proposant des articles de base intemporels pour chaque saison et chaque occasion.<\/p>","protected":false},"excerpt":{"rendered":"<p>ATON Tucked Wide Pants PRAGCW0806 Warm White Color: Warm White Corduroy Wide Pants Loose Fit Belt Loop Two Side Pockets Two Back Wallet Pockets Composition: 100% Cotton Made In Japan &nbsp; Measurements: Size S: Waist: 34cm \u2013 Hip: 68cm \u2013 Thigh: 37cm \u2013 Inseam: 68cm \u2013 Lenght: 100cm &nbsp; &nbsp; The brand ATON is a&hellip; <a class=\"more-link\" href=\"https:\/\/rendez-vous-store.com\/fr\/shop\/special-offer-women-rendez-vous-store\/women-trousers-special-offer\/aton-tucked-wide-pants-pragcw0806-warm-white-rendez-vous-store\/\">Continuer la lecture <span class=\"screen-reader-text\">ATON - Pantalon large \u00e0 pinces PRAGCW0806 - Blanc chaud<\/span><\/a><\/p>","protected":false},"featured_media":189898,"template":"","meta":{"_acf_changed":false},"product_brand":[],"product_cat":[1291,1335,1341,17,182],"product_tag":[1347],"class_list":{"0":"post-189445","1":"product","2":"type-product","3":"status-publish","4":"has-post-thumbnail","6":"product_cat-sale-30","7":"product_cat-special-offer-women-rendez-vous-store","8":"product_cat-women-trousers-special-offer","9":"product_cat-women","10":"product_cat-trousers-skirts-discover-our-selection-rendez-vous-store","11":"product_tag-aton","12":"entry","14":"first","15":"outofstock","16":"taxable","17":"shipping-taxable","18":"product-type-variable"},"acf":[],"yoast_head":"<!-- This site is optimized with the Yoast SEO plugin v24.9 - https:\/\/yoast.com\/wordpress\/plugins\/seo\/ -->\n<title>ATON Tucked Wide Pants PRAGCW0806 Warm White<\/title>\n<meta name=\"description\" content=\"This ATON Tucked Wide Pants PRAGCW0806 Warm White combines timeless style with modern craftsmanship, offering comfort and durability.\" \/>\n<meta name=\"robots\" content=\"index, follow, max-snippet:-1, max-image-preview:large, max-video-preview:-1\" \/>\n<link rel=\"canonical\" href=\"https:\/\/rendez-vous-store.com\/fr\/shop\/special-offer-women-rendez-vous-store\/women-trousers-special-offer\/aton-tucked-wide-pants-pragcw0806-warm-white-rendez-vous-store\/\" \/>\n<meta property=\"og:locale\" content=\"fr_FR\" \/>\n<meta property=\"og:type\" content=\"article\" \/>\n<meta property=\"og:title\" content=\"ATON Tucked Wide Pants PRAGCW0806 Warm White\" \/>\n<meta property=\"og:description\" content=\"This ATON Tucked Wide Pants PRAGCW0806 Warm White combines timeless style with modern craftsmanship, offering comfort and durability.\" \/>\n<meta property=\"og:url\" content=\"https:\/\/rendez-vous-store.com\/fr\/shop\/special-offer-women-rendez-vous-store\/women-trousers-special-offer\/aton-tucked-wide-pants-pragcw0806-warm-white-rendez-vous-store\/\" \/>\n<meta property=\"og:site_name\" content=\"RENDEZ-VOUS STORE\" \/>\n<meta property=\"article:modified_time\" content=\"2026-03-16T17:31:23+00:00\" \/>\n<meta property=\"og:image\" content=\"https:\/\/rendez-vous-store.com\/app\/uploads\/2024\/12\/image00023-1-e1734604632870.webp\" \/>\n\t<meta property=\"og:image:width\" content=\"1696\" \/>\n\t<meta property=\"og:image:height\" content=\"2560\" \/>\n\t<meta property=\"og:image:type\" content=\"image\/webp\" \/>\n<meta name=\"twitter:card\" content=\"summary_large_image\" \/>\n<meta name=\"twitter:label1\" content=\"Est. reading time\" \/>\n\t<meta name=\"twitter:data1\" content=\"1 minute\" \/>\n<script type=\"application\/ld+json\" class=\"yoast-schema-graph\">{\"@context\":\"https:\/\/schema.org\",\"@graph\":[{\"@type\":\"WebPage\",\"@id\":\"https:\/\/rendez-vous-store.com\/shop\/special-offer-women-rendez-vous-store\/women-trousers-special-offer\/aton-tucked-wide-pants-pragcw0806-warm-white-rendez-vous-store\/\",\"url\":\"https:\/\/rendez-vous-store.com\/shop\/special-offer-women-rendez-vous-store\/women-trousers-special-offer\/aton-tucked-wide-pants-pragcw0806-warm-white-rendez-vous-store\/\",\"name\":\"ATON Tucked Wide Pants PRAGCW0806 Warm White\",\"isPartOf\":{\"@id\":\"https:\/\/rendez-vous-store.com\/#website\"},\"primaryImageOfPage\":{\"@id\":\"https:\/\/rendez-vous-store.com\/shop\/special-offer-women-rendez-vous-store\/women-trousers-special-offer\/aton-tucked-wide-pants-pragcw0806-warm-white-rendez-vous-store\/#primaryimage\"},\"image\":{\"@id\":\"https:\/\/rendez-vous-store.com\/shop\/special-offer-women-rendez-vous-store\/women-trousers-special-offer\/aton-tucked-wide-pants-pragcw0806-warm-white-rendez-vous-store\/#primaryimage\"},\"thumbnailUrl\":\"https:\/\/rendez-vous-store.com\/app\/uploads\/2024\/12\/image00023-1-e1734604632870.webp\",\"datePublished\":\"2024-12-11T13:51:17+00:00\",\"dateModified\":\"2026-03-16T17:31:23+00:00\",\"description\":\"This ATON Tucked Wide Pants PRAGCW0806 Warm White combines timeless style with modern craftsmanship, offering comfort and durability.\",\"breadcrumb\":{\"@id\":\"https:\/\/rendez-vous-store.com\/shop\/special-offer-women-rendez-vous-store\/women-trousers-special-offer\/aton-tucked-wide-pants-pragcw0806-warm-white-rendez-vous-store\/#breadcrumb\"},\"inLanguage\":\"fr-FR\",\"potentialAction\":[{\"@type\":\"ReadAction\",\"target\":[\"https:\/\/rendez-vous-store.com\/shop\/special-offer-women-rendez-vous-store\/women-trousers-special-offer\/aton-tucked-wide-pants-pragcw0806-warm-white-rendez-vous-store\/\"]}]},{\"@type\":\"ImageObject\",\"inLanguage\":\"fr-FR\",\"@id\":\"https:\/\/rendez-vous-store.com\/shop\/special-offer-women-rendez-vous-store\/women-trousers-special-offer\/aton-tucked-wide-pants-pragcw0806-warm-white-rendez-vous-store\/#primaryimage\",\"url\":\"https:\/\/rendez-vous-store.com\/app\/uploads\/2024\/12\/image00023-1-e1734604632870.webp\",\"contentUrl\":\"https:\/\/rendez-vous-store.com\/app\/uploads\/2024\/12\/image00023-1-e1734604632870.webp\",\"width\":1696,\"height\":2560},{\"@type\":\"BreadcrumbList\",\"@id\":\"https:\/\/rendez-vous-store.com\/shop\/special-offer-women-rendez-vous-store\/women-trousers-special-offer\/aton-tucked-wide-pants-pragcw0806-warm-white-rendez-vous-store\/#breadcrumb\",\"itemListElement\":[{\"@type\":\"ListItem\",\"position\":1,\"name\":\"Home\",\"item\":\"https:\/\/rendez-vous-store.com\/\"},{\"@type\":\"ListItem\",\"position\":2,\"name\":\"Shop\",\"item\":\"https:\/\/www.rendez-vous-store.com\/shop\/\"},{\"@type\":\"ListItem\",\"position\":3,\"name\":\"ATON &#8211; Tucked Wide Pants PRAGCW0806 &#8211; Warm White\"}]},{\"@type\":\"WebSite\",\"@id\":\"https:\/\/rendez-vous-store.com\/#website\",\"url\":\"https:\/\/rendez-vous-store.com\/\",\"name\":\"RENDEZ-VOUS STORE\",\"description\":\"Slow Fashion for Women and Men\",\"potentialAction\":[{\"@type\":\"SearchAction\",\"target\":{\"@type\":\"EntryPoint\",\"urlTemplate\":\"https:\/\/rendez-vous-store.com\/?s={search_term_string}\"},\"query-input\":{\"@type\":\"PropertyValueSpecification\",\"valueRequired\":true,\"valueName\":\"search_term_string\"}}],\"inLanguage\":\"fr-FR\"}]}<\/script>\n<!-- \/ Yoast SEO plugin. -->","yoast_head_json":{"title":"ATON Tucked Wide Pants PRAGCW0806 Warm White","description":"This ATON Tucked Wide Pants PRAGCW0806 Warm White combines timeless style with modern craftsmanship, offering comfort and durability.","robots":{"index":"index","follow":"follow","max-snippet":"max-snippet:-1","max-image-preview":"max-image-preview:large","max-video-preview":"max-video-preview:-1"},"canonical":"https:\/\/rendez-vous-store.com\/fr\/shop\/special-offer-women-rendez-vous-store\/women-trousers-special-offer\/aton-tucked-wide-pants-pragcw0806-warm-white-rendez-vous-store\/","og_locale":"fr_FR","og_type":"article","og_title":"ATON Tucked Wide Pants PRAGCW0806 Warm White","og_description":"This ATON Tucked Wide Pants PRAGCW0806 Warm White combines timeless style with modern craftsmanship, offering comfort and durability.","og_url":"https:\/\/rendez-vous-store.com\/fr\/shop\/special-offer-women-rendez-vous-store\/women-trousers-special-offer\/aton-tucked-wide-pants-pragcw0806-warm-white-rendez-vous-store\/","og_site_name":"RENDEZ-VOUS STORE","article_modified_time":"2026-03-16T17:31:23+00:00","og_image":[{"width":1696,"height":2560,"url":"https:\/\/rendez-vous-store.com\/app\/uploads\/2024\/12\/image00023-1-e1734604632870.webp","type":"image\/webp"}],"twitter_card":"summary_large_image","twitter_misc":{"Est. reading time":"1 minute"},"schema":{"@context":"https:\/\/schema.org","@graph":[{"@type":"WebPage","@id":"https:\/\/rendez-vous-store.com\/shop\/special-offer-women-rendez-vous-store\/women-trousers-special-offer\/aton-tucked-wide-pants-pragcw0806-warm-white-rendez-vous-store\/","url":"https:\/\/rendez-vous-store.com\/shop\/special-offer-women-rendez-vous-store\/women-trousers-special-offer\/aton-tucked-wide-pants-pragcw0806-warm-white-rendez-vous-store\/","name":"ATON Tucked Wide Pants PRAGCW0806 Warm White","isPartOf":{"@id":"https:\/\/rendez-vous-store.com\/#website"},"primaryImageOfPage":{"@id":"https:\/\/rendez-vous-store.com\/shop\/special-offer-women-rendez-vous-store\/women-trousers-special-offer\/aton-tucked-wide-pants-pragcw0806-warm-white-rendez-vous-store\/#primaryimage"},"image":{"@id":"https:\/\/rendez-vous-store.com\/shop\/special-offer-women-rendez-vous-store\/women-trousers-special-offer\/aton-tucked-wide-pants-pragcw0806-warm-white-rendez-vous-store\/#primaryimage"},"thumbnailUrl":"https:\/\/rendez-vous-store.com\/app\/uploads\/2024\/12\/image00023-1-e1734604632870.webp","datePublished":"2024-12-11T13:51:17+00:00","dateModified":"2026-03-16T17:31:23+00:00","description":"This ATON Tucked Wide Pants PRAGCW0806 Warm White combines timeless style with modern craftsmanship, offering comfort and durability.","breadcrumb":{"@id":"https:\/\/rendez-vous-store.com\/shop\/special-offer-women-rendez-vous-store\/women-trousers-special-offer\/aton-tucked-wide-pants-pragcw0806-warm-white-rendez-vous-store\/#breadcrumb"},"inLanguage":"fr-FR","potentialAction":[{"@type":"ReadAction","target":["https:\/\/rendez-vous-store.com\/shop\/special-offer-women-rendez-vous-store\/women-trousers-special-offer\/aton-tucked-wide-pants-pragcw0806-warm-white-rendez-vous-store\/"]}]},{"@type":"ImageObject","inLanguage":"fr-FR","@id":"https:\/\/rendez-vous-store.com\/shop\/special-offer-women-rendez-vous-store\/women-trousers-special-offer\/aton-tucked-wide-pants-pragcw0806-warm-white-rendez-vous-store\/#primaryimage","url":"https:\/\/rendez-vous-store.com\/app\/uploads\/2024\/12\/image00023-1-e1734604632870.webp","contentUrl":"https:\/\/rendez-vous-store.com\/app\/uploads\/2024\/12\/image00023-1-e1734604632870.webp","width":1696,"height":2560},{"@type":"BreadcrumbList","@id":"https:\/\/rendez-vous-store.com\/shop\/special-offer-women-rendez-vous-store\/women-trousers-special-offer\/aton-tucked-wide-pants-pragcw0806-warm-white-rendez-vous-store\/#breadcrumb","itemListElement":[{"@type":"ListItem","position":1,"name":"Home","item":"https:\/\/rendez-vous-store.com\/"},{"@type":"ListItem","position":2,"name":"Shop","item":"https:\/\/www.rendez-vous-store.com\/shop\/"},{"@type":"ListItem","position":3,"name":"ATON &#8211; Tucked Wide Pants PRAGCW0806 &#8211; Warm White"}]},{"@type":"WebSite","@id":"https:\/\/rendez-vous-store.com\/#website","url":"https:\/\/rendez-vous-store.com\/","name":"RENDEZ-VOUS STORE","description":"Slow Fashion for Women and Men","potentialAction":[{"@type":"SearchAction","target":{"@type":"EntryPoint","urlTemplate":"https:\/\/rendez-vous-store.com\/?s={search_term_string}"},"query-input":{"@type":"PropertyValueSpecification","valueRequired":true,"valueName":"search_term_string"}}],"inLanguage":"fr-FR"}]}},"_links":{"self":[{"href":"https:\/\/rendez-vous-store.com\/fr\/wp-json\/wp\/v2\/product\/189445","targetHints":{"allow":["GET"]}}],"collection":[{"href":"https:\/\/rendez-vous-store.com\/fr\/wp-json\/wp\/v2\/product"}],"about":[{"href":"https:\/\/rendez-vous-store.com\/fr\/wp-json\/wp\/v2\/types\/product"}],"wp:featuredmedia":[{"embeddable":true,"href":"https:\/\/rendez-vous-store.com\/fr\/wp-json\/wp\/v2\/media\/189898"}],"wp:attachment":[{"href":"https:\/\/rendez-vous-store.com\/fr\/wp-json\/wp\/v2\/media?parent=189445"}],"wp:term":[{"taxonomy":"product_brand","embeddable":true,"href":"https:\/\/rendez-vous-store.com\/fr\/wp-json\/wp\/v2\/product_brand?post=189445"},{"taxonomy":"product_cat","embeddable":true,"href":"https:\/\/rendez-vous-store.com\/fr\/wp-json\/wp\/v2\/product_cat?post=189445"},{"taxonomy":"product_tag","embeddable":true,"href":"https:\/\/rendez-vous-store.com\/fr\/wp-json\/wp\/v2\/product_tag?post=189445"}],"curies":[{"name":"wp","href":"https:\/\/api.w.org\/{rel}","templated":true}]}}