{"id":188014,"date":"2024-11-26T11:30:49","date_gmt":"2024-11-26T10:30:49","guid":{"rendered":"https:\/\/rendez-vous-store.com\/?post_type=product&#038;p=188014"},"modified":"2026-03-16T18:18:04","modified_gmt":"2026-03-16T17:18:04","slug":"andersen-andersen-wide-scarf-off-white-rendez-vous","status":"publish","type":"product","link":"https:\/\/rendez-vous-store.com\/fr\/shop\/unisex-rendez-vous-store\/unisex-new-rendez-vous-store\/andersen-andersen-wide-scarf-off-white-rendez-vous\/","title":{"rendered":"Andersen-Andersen - \u00c9charpe large - Blanc cass\u00e9"},"content":{"rendered":"<p><strong>Andersen-Andersen Wide Scarf Off-White (\u00e9charpe large)<\/strong><\/p>\n<p>La largeur de l'\u00e9charpe est de 20 cm<\/p>\n<p>C\u00f4tel\u00e9e<\/p>\n<p>Composition : 100% pure laine vierge extra fil\u00e9e<\/p>\n<p>Fabriqu\u00e9 en Italie<\/p>\n<p>&nbsp;<\/p>\n<p><strong>La marque<\/strong><\/p>\n<p>Andersen-Andersen est une entreprise familiale cr\u00e9\u00e9e en 2009.<\/p>\n<p>Au d\u00e9part, l'id\u00e9e de r\u00e9interpr\u00e9ter un pull marin danois classique. Les pulls d'Andersen-Andersen s'inspirent de la riche histoire maritime du Danemark et sont ancr\u00e9s dans les traditions danoises en mati\u00e8re de design.<\/p>\n<p>C'est dans une petite usine de tricotage du nord de l'Italie que les v\u00eatements sont tricot\u00e9s et reli\u00e9s.<\/p>\n<p>Leur fil embl\u00e9matique est fabriqu\u00e9 \u00e0 partir de laine m\u00e9rinos extra-fine 100%. En provenance d'Uruguay et de Patagonie, toute la laine est certifi\u00e9e sans mulesing. Le processus de teinture r\u00e9active r\u00e9pond aux normes europ\u00e9ennes les plus strictes en la mati\u00e8re. La laine m\u00e9rinos non teint\u00e9e du Portugal est une laine de couleur naturelle. La laine \u00e0 fibres longues rend le fil tr\u00e8s durable. Il suffit de la tondre, de la laver et de la filer. Le r\u00e9sultat est un v\u00eatement authentique de couleur naturelle. Color\u00e9e \u00e0 l'indigo naturel de France et de feuilles d'Inde, la laine m\u00e9rinos teint\u00e9e \u00e0 l'indigo ne contient pas d'additifs chimiques ni de couleurs synth\u00e9tiques. Designers croit en une chose et la fait bien.<\/p>","protected":false},"excerpt":{"rendered":"<p>Andersen-Andersen Wide Scarf Off-White The width of the scarf is 20 cm Ribbed Composition: 100% pure new wool extra spun Made In Italy &nbsp; The brand Andersen-Andersen is a family owned company established in 2009. At the beginning, the idea of reinterpreting a classic Danish sailor sweater. Andersen-Andersen\u2019s sweaters are inspired by Denmark\u2019s rich maritime&hellip; <a class=\"more-link\" href=\"https:\/\/rendez-vous-store.com\/fr\/shop\/unisex-rendez-vous-store\/unisex-new-rendez-vous-store\/andersen-andersen-wide-scarf-off-white-rendez-vous\/\">Continuer la lecture <span class=\"screen-reader-text\">Andersen-Andersen - \u00c9charpe large - Blanc cass\u00e9<\/span><\/a><\/p>","protected":false},"featured_media":188376,"template":"","meta":{"_acf_changed":false},"product_brand":[],"product_cat":[1311,1304,405,17,387,20,70],"product_tag":[391],"class_list":{"0":"post-188014","1":"product","2":"type-product","3":"status-publish","4":"has-post-thumbnail","6":"product_cat-unisex-new-rendez-vous-store","7":"product_cat-unisex-rendez-vous-store","8":"product_cat-rdvs-selection-women-rendez-vous-store","9":"product_cat-women","10":"product_cat-women-accessories-rendez-vous-store","11":"product_cat-men-selection-discover-our-selection-rendez-vous-store","12":"product_cat-accessories-men-rendez-vous-store","13":"product_tag-andersen-andersen-rendez-vous-store","14":"entry","16":"first","17":"instock","18":"taxable","19":"shipping-taxable","20":"purchasable","21":"product-type-variable"},"acf":[],"yoast_head":"<!-- This site is optimized with the Yoast SEO plugin v24.9 - https:\/\/yoast.com\/wordpress\/plugins\/seo\/ -->\n<title>Andersen-Andersen Wide Scarf Off-White<\/title>\n<meta name=\"description\" content=\"Andersen-Andersen Is on Rendez-Vous Store. This Andersen-Andersen Wide Scarf Off-White represents an allaince of know-how and fine quality.\" \/>\n<meta name=\"robots\" content=\"index, follow, max-snippet:-1, max-image-preview:large, max-video-preview:-1\" \/>\n<link rel=\"canonical\" href=\"https:\/\/rendez-vous-store.com\/fr\/shop\/unisex-rendez-vous-store\/unisex-new-rendez-vous-store\/andersen-andersen-wide-scarf-off-white-rendez-vous\/\" \/>\n<meta property=\"og:locale\" content=\"fr_FR\" \/>\n<meta property=\"og:type\" content=\"article\" \/>\n<meta property=\"og:title\" content=\"Andersen-Andersen Wide Scarf Off-White\" \/>\n<meta property=\"og:description\" content=\"Andersen-Andersen Is on Rendez-Vous Store. This Andersen-Andersen Wide Scarf Off-White represents an allaince of know-how and fine quality.\" \/>\n<meta property=\"og:url\" content=\"https:\/\/rendez-vous-store.com\/fr\/shop\/unisex-rendez-vous-store\/unisex-new-rendez-vous-store\/andersen-andersen-wide-scarf-off-white-rendez-vous\/\" \/>\n<meta property=\"og:site_name\" content=\"RENDEZ-VOUS STORE\" \/>\n<meta property=\"article:modified_time\" content=\"2026-03-16T17:18:04+00:00\" \/>\n<meta property=\"og:image\" content=\"https:\/\/rendez-vous-store.com\/app\/uploads\/2024\/11\/IMG_3045.webp\" \/>\n\t<meta property=\"og:image:width\" content=\"1696\" \/>\n\t<meta property=\"og:image:height\" content=\"2560\" \/>\n\t<meta property=\"og:image:type\" content=\"image\/webp\" \/>\n<meta name=\"twitter:card\" content=\"summary_large_image\" \/>\n<meta name=\"twitter:label1\" content=\"Est. reading time\" \/>\n\t<meta name=\"twitter:data1\" content=\"1 minute\" \/>\n<script type=\"application\/ld+json\" class=\"yoast-schema-graph\">{\"@context\":\"https:\/\/schema.org\",\"@graph\":[{\"@type\":\"WebPage\",\"@id\":\"https:\/\/rendez-vous-store.com\/shop\/unisex-rendez-vous-store\/unisex-new-rendez-vous-store\/andersen-andersen-wide-scarf-off-white-rendez-vous\/\",\"url\":\"https:\/\/rendez-vous-store.com\/shop\/unisex-rendez-vous-store\/unisex-new-rendez-vous-store\/andersen-andersen-wide-scarf-off-white-rendez-vous\/\",\"name\":\"Andersen-Andersen Wide Scarf Off-White\",\"isPartOf\":{\"@id\":\"https:\/\/rendez-vous-store.com\/#website\"},\"primaryImageOfPage\":{\"@id\":\"https:\/\/rendez-vous-store.com\/shop\/unisex-rendez-vous-store\/unisex-new-rendez-vous-store\/andersen-andersen-wide-scarf-off-white-rendez-vous\/#primaryimage\"},\"image\":{\"@id\":\"https:\/\/rendez-vous-store.com\/shop\/unisex-rendez-vous-store\/unisex-new-rendez-vous-store\/andersen-andersen-wide-scarf-off-white-rendez-vous\/#primaryimage\"},\"thumbnailUrl\":\"https:\/\/rendez-vous-store.com\/app\/uploads\/2024\/11\/IMG_3045.webp\",\"datePublished\":\"2024-11-26T10:30:49+00:00\",\"dateModified\":\"2026-03-16T17:18:04+00:00\",\"description\":\"Andersen-Andersen Is on Rendez-Vous Store. This Andersen-Andersen Wide Scarf Off-White represents an allaince of know-how and fine quality.\",\"breadcrumb\":{\"@id\":\"https:\/\/rendez-vous-store.com\/shop\/unisex-rendez-vous-store\/unisex-new-rendez-vous-store\/andersen-andersen-wide-scarf-off-white-rendez-vous\/#breadcrumb\"},\"inLanguage\":\"fr-FR\",\"potentialAction\":[{\"@type\":\"ReadAction\",\"target\":[\"https:\/\/rendez-vous-store.com\/shop\/unisex-rendez-vous-store\/unisex-new-rendez-vous-store\/andersen-andersen-wide-scarf-off-white-rendez-vous\/\"]}]},{\"@type\":\"ImageObject\",\"inLanguage\":\"fr-FR\",\"@id\":\"https:\/\/rendez-vous-store.com\/shop\/unisex-rendez-vous-store\/unisex-new-rendez-vous-store\/andersen-andersen-wide-scarf-off-white-rendez-vous\/#primaryimage\",\"url\":\"https:\/\/rendez-vous-store.com\/app\/uploads\/2024\/11\/IMG_3045.webp\",\"contentUrl\":\"https:\/\/rendez-vous-store.com\/app\/uploads\/2024\/11\/IMG_3045.webp\",\"width\":1696,\"height\":2560},{\"@type\":\"BreadcrumbList\",\"@id\":\"https:\/\/rendez-vous-store.com\/shop\/unisex-rendez-vous-store\/unisex-new-rendez-vous-store\/andersen-andersen-wide-scarf-off-white-rendez-vous\/#breadcrumb\",\"itemListElement\":[{\"@type\":\"ListItem\",\"position\":1,\"name\":\"Home\",\"item\":\"https:\/\/rendez-vous-store.com\/\"},{\"@type\":\"ListItem\",\"position\":2,\"name\":\"Shop\",\"item\":\"https:\/\/www.rendez-vous-store.com\/shop\/\"},{\"@type\":\"ListItem\",\"position\":3,\"name\":\"Andersen-Andersen &#8211; Wide Scarf &#8211; Off-White\"}]},{\"@type\":\"WebSite\",\"@id\":\"https:\/\/rendez-vous-store.com\/#website\",\"url\":\"https:\/\/rendez-vous-store.com\/\",\"name\":\"RENDEZ-VOUS STORE\",\"description\":\"Slow Fashion for Women and Men\",\"potentialAction\":[{\"@type\":\"SearchAction\",\"target\":{\"@type\":\"EntryPoint\",\"urlTemplate\":\"https:\/\/rendez-vous-store.com\/?s={search_term_string}\"},\"query-input\":{\"@type\":\"PropertyValueSpecification\",\"valueRequired\":true,\"valueName\":\"search_term_string\"}}],\"inLanguage\":\"fr-FR\"}]}<\/script>\n<!-- \/ Yoast SEO plugin. -->","yoast_head_json":{"title":"Andersen-Andersen Wide Scarf Off-White","description":"Andersen-Andersen Is on Rendez-Vous Store. This Andersen-Andersen Wide Scarf Off-White represents an allaince of know-how and fine quality.","robots":{"index":"index","follow":"follow","max-snippet":"max-snippet:-1","max-image-preview":"max-image-preview:large","max-video-preview":"max-video-preview:-1"},"canonical":"https:\/\/rendez-vous-store.com\/fr\/shop\/unisex-rendez-vous-store\/unisex-new-rendez-vous-store\/andersen-andersen-wide-scarf-off-white-rendez-vous\/","og_locale":"fr_FR","og_type":"article","og_title":"Andersen-Andersen Wide Scarf Off-White","og_description":"Andersen-Andersen Is on Rendez-Vous Store. This Andersen-Andersen Wide Scarf Off-White represents an allaince of know-how and fine quality.","og_url":"https:\/\/rendez-vous-store.com\/fr\/shop\/unisex-rendez-vous-store\/unisex-new-rendez-vous-store\/andersen-andersen-wide-scarf-off-white-rendez-vous\/","og_site_name":"RENDEZ-VOUS STORE","article_modified_time":"2026-03-16T17:18:04+00:00","og_image":[{"width":1696,"height":2560,"url":"https:\/\/rendez-vous-store.com\/app\/uploads\/2024\/11\/IMG_3045.webp","type":"image\/webp"}],"twitter_card":"summary_large_image","twitter_misc":{"Est. reading time":"1 minute"},"schema":{"@context":"https:\/\/schema.org","@graph":[{"@type":"WebPage","@id":"https:\/\/rendez-vous-store.com\/shop\/unisex-rendez-vous-store\/unisex-new-rendez-vous-store\/andersen-andersen-wide-scarf-off-white-rendez-vous\/","url":"https:\/\/rendez-vous-store.com\/shop\/unisex-rendez-vous-store\/unisex-new-rendez-vous-store\/andersen-andersen-wide-scarf-off-white-rendez-vous\/","name":"Andersen-Andersen Wide Scarf Off-White","isPartOf":{"@id":"https:\/\/rendez-vous-store.com\/#website"},"primaryImageOfPage":{"@id":"https:\/\/rendez-vous-store.com\/shop\/unisex-rendez-vous-store\/unisex-new-rendez-vous-store\/andersen-andersen-wide-scarf-off-white-rendez-vous\/#primaryimage"},"image":{"@id":"https:\/\/rendez-vous-store.com\/shop\/unisex-rendez-vous-store\/unisex-new-rendez-vous-store\/andersen-andersen-wide-scarf-off-white-rendez-vous\/#primaryimage"},"thumbnailUrl":"https:\/\/rendez-vous-store.com\/app\/uploads\/2024\/11\/IMG_3045.webp","datePublished":"2024-11-26T10:30:49+00:00","dateModified":"2026-03-16T17:18:04+00:00","description":"Andersen-Andersen Is on Rendez-Vous Store. This Andersen-Andersen Wide Scarf Off-White represents an allaince of know-how and fine quality.","breadcrumb":{"@id":"https:\/\/rendez-vous-store.com\/shop\/unisex-rendez-vous-store\/unisex-new-rendez-vous-store\/andersen-andersen-wide-scarf-off-white-rendez-vous\/#breadcrumb"},"inLanguage":"fr-FR","potentialAction":[{"@type":"ReadAction","target":["https:\/\/rendez-vous-store.com\/shop\/unisex-rendez-vous-store\/unisex-new-rendez-vous-store\/andersen-andersen-wide-scarf-off-white-rendez-vous\/"]}]},{"@type":"ImageObject","inLanguage":"fr-FR","@id":"https:\/\/rendez-vous-store.com\/shop\/unisex-rendez-vous-store\/unisex-new-rendez-vous-store\/andersen-andersen-wide-scarf-off-white-rendez-vous\/#primaryimage","url":"https:\/\/rendez-vous-store.com\/app\/uploads\/2024\/11\/IMG_3045.webp","contentUrl":"https:\/\/rendez-vous-store.com\/app\/uploads\/2024\/11\/IMG_3045.webp","width":1696,"height":2560},{"@type":"BreadcrumbList","@id":"https:\/\/rendez-vous-store.com\/shop\/unisex-rendez-vous-store\/unisex-new-rendez-vous-store\/andersen-andersen-wide-scarf-off-white-rendez-vous\/#breadcrumb","itemListElement":[{"@type":"ListItem","position":1,"name":"Home","item":"https:\/\/rendez-vous-store.com\/"},{"@type":"ListItem","position":2,"name":"Shop","item":"https:\/\/www.rendez-vous-store.com\/shop\/"},{"@type":"ListItem","position":3,"name":"Andersen-Andersen &#8211; Wide Scarf &#8211; Off-White"}]},{"@type":"WebSite","@id":"https:\/\/rendez-vous-store.com\/#website","url":"https:\/\/rendez-vous-store.com\/","name":"RENDEZ-VOUS STORE","description":"Slow Fashion for Women and Men","potentialAction":[{"@type":"SearchAction","target":{"@type":"EntryPoint","urlTemplate":"https:\/\/rendez-vous-store.com\/?s={search_term_string}"},"query-input":{"@type":"PropertyValueSpecification","valueRequired":true,"valueName":"search_term_string"}}],"inLanguage":"fr-FR"}]}},"_links":{"self":[{"href":"https:\/\/rendez-vous-store.com\/fr\/wp-json\/wp\/v2\/product\/188014","targetHints":{"allow":["GET"]}}],"collection":[{"href":"https:\/\/rendez-vous-store.com\/fr\/wp-json\/wp\/v2\/product"}],"about":[{"href":"https:\/\/rendez-vous-store.com\/fr\/wp-json\/wp\/v2\/types\/product"}],"wp:featuredmedia":[{"embeddable":true,"href":"https:\/\/rendez-vous-store.com\/fr\/wp-json\/wp\/v2\/media\/188376"}],"wp:attachment":[{"href":"https:\/\/rendez-vous-store.com\/fr\/wp-json\/wp\/v2\/media?parent=188014"}],"wp:term":[{"taxonomy":"product_brand","embeddable":true,"href":"https:\/\/rendez-vous-store.com\/fr\/wp-json\/wp\/v2\/product_brand?post=188014"},{"taxonomy":"product_cat","embeddable":true,"href":"https:\/\/rendez-vous-store.com\/fr\/wp-json\/wp\/v2\/product_cat?post=188014"},{"taxonomy":"product_tag","embeddable":true,"href":"https:\/\/rendez-vous-store.com\/fr\/wp-json\/wp\/v2\/product_tag?post=188014"}],"curies":[{"name":"wp","href":"https:\/\/api.w.org\/{rel}","templated":true}]}}