{"id":187484,"date":"2024-11-21T15:15:19","date_gmt":"2024-11-21T14:15:19","guid":{"rendered":"https:\/\/rendez-vous-store.com\/?post_type=product&#038;p=187484"},"modified":"2026-03-16T18:18:36","modified_gmt":"2026-03-16T17:18:36","slug":"c-t-plage-ladies-round-longsleeve-pullover-ct25109-10-white-rendez-vous-store","status":"publish","type":"product","link":"https:\/\/rendez-vous-store.com\/fr\/shop\/special-offer-women-rendez-vous-store\/women-knitwear-special-offer\/c-t-plage-ladies-round-longsleeve-pullover-ct25109-10-white-rendez-vous-store\/","title":{"rendered":"C.T. Plage - Ladies Round Longsleeve Pullover - CT25109-10- White"},"content":{"rendered":"<p><strong>C.T. Plage - Ladies Round Longsleeve Pullover - CT25109-10- White<\/strong><\/p>\n<p>Couleur : blanc<\/p>\n<p>Manches longues<\/p>\n<p>Col rond<\/p>\n<p>Composition : Soie blanche Cachemire<\/p>\n<p>Fabriqu\u00e9 en Chine<\/p>\n<p>&nbsp;<\/p>\n<p>&nbsp;<\/p>\n<p>&nbsp;<\/p>\n<p>&nbsp;<\/p>\n<p><strong>La marque<\/strong><\/p>\n<p>C.T.plage a \u00e9t\u00e9 cr\u00e9\u00e9e en 2007 par SUWA Naomi et KANAYA Mikako au Japon. Ses premiers articles ont \u00e9t\u00e9 lanc\u00e9s pour le printemps\/\u00e9t\u00e9 2007 avec le concept \"simple, mais avec une forte pr\u00e9sence\".<\/p>\n<p>La diversit\u00e9 des parcours des stylistes inspire en permanence leurs cr\u00e9ations, qui mettent l'accent sur la simplicit\u00e9, le confort, l'\u00e9l\u00e9gance discr\u00e8te et la haute qualit\u00e9 de la maille.<\/p>\n<p>Les pi\u00e8ces C.T.plage pr\u00e9sentent des coupes basiques dans des tons neutres, con\u00e7ues pour devenir des essentiels de la garde-robe.<\/p>","protected":false},"excerpt":{"rendered":"<p>C.T. Plage &#8211; Ladies Round Longsleeve Pullover &#8211; CT25109-10- White Color: White Long sleeve Round collar Composition: White Silk Cashmere Made in China &nbsp; &nbsp; &nbsp; &nbsp; The brand C.T.plage was established in 2007 by SUWA Naomi &amp; KANAYA Mikako in Japan. Its first items were released for Spring\/Summer 2007 with the concept of &#8216;simple,&hellip; <a class=\"more-link\" href=\"https:\/\/rendez-vous-store.com\/fr\/shop\/special-offer-women-rendez-vous-store\/women-knitwear-special-offer\/c-t-plage-ladies-round-longsleeve-pullover-ct25109-10-white-rendez-vous-store\/\">Continue reading <span class=\"screen-reader-text\">C.T. Plage - Ladies Round Longsleeve Pullover - CT25109-10- White<\/span><\/a><\/p>","protected":false},"featured_media":188299,"template":"","meta":{"_acf_changed":false},"product_brand":[],"product_cat":[1291,1338,1335,17,199],"product_tag":[418],"class_list":{"0":"post-187484","1":"product","2":"type-product","3":"status-publish","4":"has-post-thumbnail","6":"product_cat-sale-30","7":"product_cat-women-knitwear-special-offer","8":"product_cat-special-offer-women-rendez-vous-store","9":"product_cat-women","10":"product_cat-women-knitwears-discover-our-selection-rendez-vous-store","11":"product_tag-c-t-plage-designers-rendez-vous-store","12":"entry","14":"first","15":"outofstock","16":"taxable","17":"shipping-taxable","18":"product-type-variable"},"acf":[],"yoast_head":"<!-- This site is optimized with the Yoast SEO plugin v24.9 - https:\/\/yoast.com\/wordpress\/plugins\/seo\/ -->\n<title>C.T. Plage Ladies Round Longsleeve Pullover CT25109-10 White<\/title>\n<meta name=\"description\" content=\"This C.T. Plage Ladies Round Longsleeve Pullover CT25109-10 White fits into the concept of &quot;simple, but with a strong presence&quot;. Discover now.\" \/>\n<meta name=\"robots\" content=\"index, follow, max-snippet:-1, max-image-preview:large, max-video-preview:-1\" \/>\n<link rel=\"canonical\" href=\"https:\/\/rendez-vous-store.com\/fr\/shop\/special-offer-women-rendez-vous-store\/women-knitwear-special-offer\/c-t-plage-ladies-round-longsleeve-pullover-ct25109-10-white-rendez-vous-store\/\" \/>\n<meta property=\"og:locale\" content=\"fr_FR\" \/>\n<meta property=\"og:type\" content=\"article\" \/>\n<meta property=\"og:title\" content=\"C.T. Plage Ladies Round Longsleeve Pullover CT25109-10 White\" \/>\n<meta property=\"og:description\" content=\"This C.T. Plage Ladies Round Longsleeve Pullover CT25109-10 White fits into the concept of &quot;simple, but with a strong presence&quot;. Discover now.\" \/>\n<meta property=\"og:url\" content=\"https:\/\/rendez-vous-store.com\/fr\/shop\/special-offer-women-rendez-vous-store\/women-knitwear-special-offer\/c-t-plage-ladies-round-longsleeve-pullover-ct25109-10-white-rendez-vous-store\/\" \/>\n<meta property=\"og:site_name\" content=\"RENDEZ-VOUS STORE\" \/>\n<meta property=\"article:modified_time\" content=\"2026-03-16T17:18:36+00:00\" \/>\n<meta property=\"og:image\" content=\"https:\/\/rendez-vous-store.com\/app\/uploads\/2024\/11\/IMG_2906-2-2.webp\" \/>\n\t<meta property=\"og:image:width\" content=\"1696\" \/>\n\t<meta property=\"og:image:height\" content=\"2560\" \/>\n\t<meta property=\"og:image:type\" content=\"image\/webp\" \/>\n<meta name=\"twitter:card\" content=\"summary_large_image\" \/>\n<meta name=\"twitter:label1\" content=\"Est. reading time\" \/>\n\t<meta name=\"twitter:data1\" content=\"1 minute\" \/>\n<script type=\"application\/ld+json\" class=\"yoast-schema-graph\">{\"@context\":\"https:\/\/schema.org\",\"@graph\":[{\"@type\":\"WebPage\",\"@id\":\"https:\/\/rendez-vous-store.com\/shop\/special-offer-women-rendez-vous-store\/women-knitwear-special-offer\/c-t-plage-ladies-round-longsleeve-pullover-ct25109-10-white-rendez-vous-store\/\",\"url\":\"https:\/\/rendez-vous-store.com\/shop\/special-offer-women-rendez-vous-store\/women-knitwear-special-offer\/c-t-plage-ladies-round-longsleeve-pullover-ct25109-10-white-rendez-vous-store\/\",\"name\":\"C.T. Plage Ladies Round Longsleeve Pullover CT25109-10 White\",\"isPartOf\":{\"@id\":\"https:\/\/rendez-vous-store.com\/#website\"},\"primaryImageOfPage\":{\"@id\":\"https:\/\/rendez-vous-store.com\/shop\/special-offer-women-rendez-vous-store\/women-knitwear-special-offer\/c-t-plage-ladies-round-longsleeve-pullover-ct25109-10-white-rendez-vous-store\/#primaryimage\"},\"image\":{\"@id\":\"https:\/\/rendez-vous-store.com\/shop\/special-offer-women-rendez-vous-store\/women-knitwear-special-offer\/c-t-plage-ladies-round-longsleeve-pullover-ct25109-10-white-rendez-vous-store\/#primaryimage\"},\"thumbnailUrl\":\"https:\/\/rendez-vous-store.com\/app\/uploads\/2024\/11\/IMG_2906-2-2.webp\",\"datePublished\":\"2024-11-21T14:15:19+00:00\",\"dateModified\":\"2026-03-16T17:18:36+00:00\",\"description\":\"This C.T. Plage Ladies Round Longsleeve Pullover CT25109-10 White fits into the concept of \\\"simple, but with a strong presence\\\". Discover now.\",\"breadcrumb\":{\"@id\":\"https:\/\/rendez-vous-store.com\/shop\/special-offer-women-rendez-vous-store\/women-knitwear-special-offer\/c-t-plage-ladies-round-longsleeve-pullover-ct25109-10-white-rendez-vous-store\/#breadcrumb\"},\"inLanguage\":\"fr-FR\",\"potentialAction\":[{\"@type\":\"ReadAction\",\"target\":[\"https:\/\/rendez-vous-store.com\/shop\/special-offer-women-rendez-vous-store\/women-knitwear-special-offer\/c-t-plage-ladies-round-longsleeve-pullover-ct25109-10-white-rendez-vous-store\/\"]}]},{\"@type\":\"ImageObject\",\"inLanguage\":\"fr-FR\",\"@id\":\"https:\/\/rendez-vous-store.com\/shop\/special-offer-women-rendez-vous-store\/women-knitwear-special-offer\/c-t-plage-ladies-round-longsleeve-pullover-ct25109-10-white-rendez-vous-store\/#primaryimage\",\"url\":\"https:\/\/rendez-vous-store.com\/app\/uploads\/2024\/11\/IMG_2906-2-2.webp\",\"contentUrl\":\"https:\/\/rendez-vous-store.com\/app\/uploads\/2024\/11\/IMG_2906-2-2.webp\",\"width\":1696,\"height\":2560},{\"@type\":\"BreadcrumbList\",\"@id\":\"https:\/\/rendez-vous-store.com\/shop\/special-offer-women-rendez-vous-store\/women-knitwear-special-offer\/c-t-plage-ladies-round-longsleeve-pullover-ct25109-10-white-rendez-vous-store\/#breadcrumb\",\"itemListElement\":[{\"@type\":\"ListItem\",\"position\":1,\"name\":\"Home\",\"item\":\"https:\/\/rendez-vous-store.com\/\"},{\"@type\":\"ListItem\",\"position\":2,\"name\":\"Shop\",\"item\":\"https:\/\/www.rendez-vous-store.com\/shop\/\"},{\"@type\":\"ListItem\",\"position\":3,\"name\":\"C.T. Plage &#8211; Ladies Round Longsleeve Pullover &#8211; CT25109-10- White\"}]},{\"@type\":\"WebSite\",\"@id\":\"https:\/\/rendez-vous-store.com\/#website\",\"url\":\"https:\/\/rendez-vous-store.com\/\",\"name\":\"RENDEZ-VOUS STORE\",\"description\":\"Slow Fashion for Women and Men\",\"potentialAction\":[{\"@type\":\"SearchAction\",\"target\":{\"@type\":\"EntryPoint\",\"urlTemplate\":\"https:\/\/rendez-vous-store.com\/?s={search_term_string}\"},\"query-input\":{\"@type\":\"PropertyValueSpecification\",\"valueRequired\":true,\"valueName\":\"search_term_string\"}}],\"inLanguage\":\"fr-FR\"}]}<\/script>\n<!-- \/ Yoast SEO plugin. -->","yoast_head_json":{"title":"C.T. Plage Ladies Round Longsleeve Pullover CT25109-10 White","description":"This C.T. Plage Ladies Round Longsleeve Pullover CT25109-10 White fits into the concept of \"simple, but with a strong presence\". Discover now.","robots":{"index":"index","follow":"follow","max-snippet":"max-snippet:-1","max-image-preview":"max-image-preview:large","max-video-preview":"max-video-preview:-1"},"canonical":"https:\/\/rendez-vous-store.com\/fr\/shop\/special-offer-women-rendez-vous-store\/women-knitwear-special-offer\/c-t-plage-ladies-round-longsleeve-pullover-ct25109-10-white-rendez-vous-store\/","og_locale":"fr_FR","og_type":"article","og_title":"C.T. Plage Ladies Round Longsleeve Pullover CT25109-10 White","og_description":"This C.T. Plage Ladies Round Longsleeve Pullover CT25109-10 White fits into the concept of \"simple, but with a strong presence\". Discover now.","og_url":"https:\/\/rendez-vous-store.com\/fr\/shop\/special-offer-women-rendez-vous-store\/women-knitwear-special-offer\/c-t-plage-ladies-round-longsleeve-pullover-ct25109-10-white-rendez-vous-store\/","og_site_name":"RENDEZ-VOUS STORE","article_modified_time":"2026-03-16T17:18:36+00:00","og_image":[{"width":1696,"height":2560,"url":"https:\/\/rendez-vous-store.com\/app\/uploads\/2024\/11\/IMG_2906-2-2.webp","type":"image\/webp"}],"twitter_card":"summary_large_image","twitter_misc":{"Est. reading time":"1 minute"},"schema":{"@context":"https:\/\/schema.org","@graph":[{"@type":"WebPage","@id":"https:\/\/rendez-vous-store.com\/shop\/special-offer-women-rendez-vous-store\/women-knitwear-special-offer\/c-t-plage-ladies-round-longsleeve-pullover-ct25109-10-white-rendez-vous-store\/","url":"https:\/\/rendez-vous-store.com\/shop\/special-offer-women-rendez-vous-store\/women-knitwear-special-offer\/c-t-plage-ladies-round-longsleeve-pullover-ct25109-10-white-rendez-vous-store\/","name":"C.T. Plage Ladies Round Longsleeve Pullover CT25109-10 White","isPartOf":{"@id":"https:\/\/rendez-vous-store.com\/#website"},"primaryImageOfPage":{"@id":"https:\/\/rendez-vous-store.com\/shop\/special-offer-women-rendez-vous-store\/women-knitwear-special-offer\/c-t-plage-ladies-round-longsleeve-pullover-ct25109-10-white-rendez-vous-store\/#primaryimage"},"image":{"@id":"https:\/\/rendez-vous-store.com\/shop\/special-offer-women-rendez-vous-store\/women-knitwear-special-offer\/c-t-plage-ladies-round-longsleeve-pullover-ct25109-10-white-rendez-vous-store\/#primaryimage"},"thumbnailUrl":"https:\/\/rendez-vous-store.com\/app\/uploads\/2024\/11\/IMG_2906-2-2.webp","datePublished":"2024-11-21T14:15:19+00:00","dateModified":"2026-03-16T17:18:36+00:00","description":"This C.T. Plage Ladies Round Longsleeve Pullover CT25109-10 White fits into the concept of \"simple, but with a strong presence\". Discover now.","breadcrumb":{"@id":"https:\/\/rendez-vous-store.com\/shop\/special-offer-women-rendez-vous-store\/women-knitwear-special-offer\/c-t-plage-ladies-round-longsleeve-pullover-ct25109-10-white-rendez-vous-store\/#breadcrumb"},"inLanguage":"fr-FR","potentialAction":[{"@type":"ReadAction","target":["https:\/\/rendez-vous-store.com\/shop\/special-offer-women-rendez-vous-store\/women-knitwear-special-offer\/c-t-plage-ladies-round-longsleeve-pullover-ct25109-10-white-rendez-vous-store\/"]}]},{"@type":"ImageObject","inLanguage":"fr-FR","@id":"https:\/\/rendez-vous-store.com\/shop\/special-offer-women-rendez-vous-store\/women-knitwear-special-offer\/c-t-plage-ladies-round-longsleeve-pullover-ct25109-10-white-rendez-vous-store\/#primaryimage","url":"https:\/\/rendez-vous-store.com\/app\/uploads\/2024\/11\/IMG_2906-2-2.webp","contentUrl":"https:\/\/rendez-vous-store.com\/app\/uploads\/2024\/11\/IMG_2906-2-2.webp","width":1696,"height":2560},{"@type":"BreadcrumbList","@id":"https:\/\/rendez-vous-store.com\/shop\/special-offer-women-rendez-vous-store\/women-knitwear-special-offer\/c-t-plage-ladies-round-longsleeve-pullover-ct25109-10-white-rendez-vous-store\/#breadcrumb","itemListElement":[{"@type":"ListItem","position":1,"name":"Home","item":"https:\/\/rendez-vous-store.com\/"},{"@type":"ListItem","position":2,"name":"Shop","item":"https:\/\/www.rendez-vous-store.com\/shop\/"},{"@type":"ListItem","position":3,"name":"C.T. Plage &#8211; Ladies Round Longsleeve Pullover &#8211; CT25109-10- White"}]},{"@type":"WebSite","@id":"https:\/\/rendez-vous-store.com\/#website","url":"https:\/\/rendez-vous-store.com\/","name":"RENDEZ-VOUS STORE","description":"Slow Fashion for Women and Men","potentialAction":[{"@type":"SearchAction","target":{"@type":"EntryPoint","urlTemplate":"https:\/\/rendez-vous-store.com\/?s={search_term_string}"},"query-input":{"@type":"PropertyValueSpecification","valueRequired":true,"valueName":"search_term_string"}}],"inLanguage":"fr-FR"}]}},"_links":{"self":[{"href":"https:\/\/rendez-vous-store.com\/fr\/wp-json\/wp\/v2\/product\/187484","targetHints":{"allow":["GET"]}}],"collection":[{"href":"https:\/\/rendez-vous-store.com\/fr\/wp-json\/wp\/v2\/product"}],"about":[{"href":"https:\/\/rendez-vous-store.com\/fr\/wp-json\/wp\/v2\/types\/product"}],"wp:featuredmedia":[{"embeddable":true,"href":"https:\/\/rendez-vous-store.com\/fr\/wp-json\/wp\/v2\/media\/188299"}],"wp:attachment":[{"href":"https:\/\/rendez-vous-store.com\/fr\/wp-json\/wp\/v2\/media?parent=187484"}],"wp:term":[{"taxonomy":"product_brand","embeddable":true,"href":"https:\/\/rendez-vous-store.com\/fr\/wp-json\/wp\/v2\/product_brand?post=187484"},{"taxonomy":"product_cat","embeddable":true,"href":"https:\/\/rendez-vous-store.com\/fr\/wp-json\/wp\/v2\/product_cat?post=187484"},{"taxonomy":"product_tag","embeddable":true,"href":"https:\/\/rendez-vous-store.com\/fr\/wp-json\/wp\/v2\/product_tag?post=187484"}],"curies":[{"name":"wp","href":"https:\/\/api.w.org\/{rel}","templated":true}]}}