{"id":186224,"date":"2024-11-08T11:23:50","date_gmt":"2024-11-08T10:23:50","guid":{"rendered":"https:\/\/rendez-vous-store.com\/?post_type=product&#038;p=186224"},"modified":"2026-04-24T15:20:20","modified_gmt":"2026-04-24T13:20:20","slug":"studio-nicholson-chalco-snw-1173-wide-crop-pant-pebble-rendez-vous-store","status":"publish","type":"product","link":"https:\/\/rendez-vous-store.com\/fr\/shop\/special-offer-women-rendez-vous-store\/women-trousers-special-offer\/studio-nicholson-chalco-snw-1173-wide-crop-pant-pebble-rendez-vous-store\/","title":{"rendered":"Studio Nicholson - CHALCO SNW-1173 Pantalon large - Pebble"},"content":{"rendered":"<p><strong>Studio Nicholson - CHALCO SNW-1173 Pantalon large - Pebble<\/strong><\/p>\n<p>Couleur : Pebble<\/p>\n<p>Deux poches lat\u00e9rales<\/p>\n<p>Jambe courb\u00e9e exag\u00e9r\u00e9e<\/p>\n<p><span style=\"font-weight: 400;\">Taille boutonn\u00e9e<br \/>\n<\/span><\/p>\n<p><span style=\"font-weight: 400;\">Coupe g\u00e9n\u00e9reuse<\/span><\/p>\n<p>Denim teint dans la masse<\/p>\n<p>Composition : 55% Polyamide 45% Laine vierge<\/p>\n<p>Fabriqu\u00e9 au Portugal<\/p>\n<p>&nbsp;<\/p>\n<p>&nbsp;<\/p>\n<p>&nbsp;<\/p>\n<p>&nbsp;<\/p>\n<p><strong>La marque\u00a0<\/strong><\/p>\n<p>Studio Nicholson est une marque contemporaine pour hommes et femmes. Elle fusionne une esth\u00e9tique minimaliste, des silhouettes architecturales et un savoir-faire artisanal impeccable. Nick Wakeman a fond\u00e9 la marque \u00e0 Londres. La marque a \u00e9t\u00e9 salu\u00e9e au niveau international pour son approche de la mode \u00e0 la fois sophistiqu\u00e9e et discr\u00e8te.<\/p>\n<p>Qualit\u00e9, fonctionnalit\u00e9 et intemporalit\u00e9 d\u00e9finissent la philosophie du Studio Nicholson. L'\u00e9quipe con\u00e7oit m\u00e9ticuleusement chaque v\u00eatement avec des lignes \u00e9pur\u00e9es et une confection pr\u00e9cise. Les tissus luxueux donnent naissance \u00e0 des pi\u00e8ces qui respirent l'\u00e9l\u00e9gance et la polyvalence sans effort.<\/p>","protected":false},"excerpt":{"rendered":"<p>Studio Nicholson &#8211; CHALCO SNW-1173 Wide Crop Pant &#8211; Pebble Color: Pebble Two side pockets Exaggerated curved leg Button waist Generous fit Garment dyed denim Composition: 55% Polyamide 45% Virgin Wool Made in Portugal &nbsp; &nbsp; &nbsp; &nbsp; The brand\u00a0 Studio Nicholson is a contemporary brand for men and women. It fuses minimalist aesthetics, architectural&hellip; <a class=\"more-link\" href=\"https:\/\/rendez-vous-store.com\/fr\/shop\/special-offer-women-rendez-vous-store\/women-trousers-special-offer\/studio-nicholson-chalco-snw-1173-wide-crop-pant-pebble-rendez-vous-store\/\">Continuer la lecture <span class=\"screen-reader-text\">Studio Nicholson - CHALCO SNW-1173 Pantalon large - Pebble<\/span><\/a><\/p>","protected":false},"featured_media":186425,"template":"","meta":{"_acf_changed":false},"product_brand":[],"product_cat":[1232,1335,1341,17,182],"product_tag":[718],"class_list":{"0":"post-186224","1":"product","2":"type-product","3":"status-publish","4":"has-post-thumbnail","6":"product_cat-sale-40","7":"product_cat-special-offer-women-rendez-vous-store","8":"product_cat-women-trousers-special-offer","9":"product_cat-women","10":"product_cat-trousers-skirts-discover-our-selection-rendez-vous-store","11":"product_tag-studio-nicholson-men-women-clothing-rendez-vous-store","12":"entry","14":"first","15":"outofstock","16":"taxable","17":"shipping-taxable","18":"product-type-variable"},"acf":[],"yoast_head":"<!-- This site is optimized with the Yoast SEO plugin v24.9 - https:\/\/yoast.com\/wordpress\/plugins\/seo\/ -->\n<title>Studio Nicholson CHALCO SNW-1173 Wide Crop Pant Pebble<\/title>\n<meta name=\"description\" content=\"Studio Nicholson is on Rendez-Vous Store. This Studio Nicholson Chalco SNW-1173 Wide Crop Pant Pebble embodies luxurious and casual simplicity.\" \/>\n<meta name=\"robots\" content=\"index, follow, max-snippet:-1, max-image-preview:large, max-video-preview:-1\" \/>\n<link rel=\"canonical\" href=\"https:\/\/rendez-vous-store.com\/fr\/shop\/special-offer-women-rendez-vous-store\/women-trousers-special-offer\/studio-nicholson-chalco-snw-1173-wide-crop-pant-pebble-rendez-vous-store\/\" \/>\n<meta property=\"og:locale\" content=\"fr_FR\" \/>\n<meta property=\"og:type\" content=\"article\" \/>\n<meta property=\"og:title\" content=\"Studio Nicholson CHALCO SNW-1173 Wide Crop Pant Pebble\" \/>\n<meta property=\"og:description\" content=\"Studio Nicholson is on Rendez-Vous Store. This Studio Nicholson Chalco SNW-1173 Wide Crop Pant Pebble embodies luxurious and casual simplicity.\" \/>\n<meta property=\"og:url\" content=\"https:\/\/rendez-vous-store.com\/fr\/shop\/special-offer-women-rendez-vous-store\/women-trousers-special-offer\/studio-nicholson-chalco-snw-1173-wide-crop-pant-pebble-rendez-vous-store\/\" \/>\n<meta property=\"og:site_name\" content=\"RENDEZ-VOUS STORE\" \/>\n<meta property=\"article:modified_time\" content=\"2026-04-24T13:20:20+00:00\" \/>\n<meta property=\"og:image\" content=\"https:\/\/rendez-vous-store.com\/app\/uploads\/2024\/11\/IMG_8809.webp\" \/>\n\t<meta property=\"og:image:width\" content=\"1696\" \/>\n\t<meta property=\"og:image:height\" content=\"2560\" \/>\n\t<meta property=\"og:image:type\" content=\"image\/webp\" \/>\n<meta name=\"twitter:card\" content=\"summary_large_image\" \/>\n<meta name=\"twitter:label1\" content=\"Est. reading time\" \/>\n\t<meta name=\"twitter:data1\" content=\"1 minute\" \/>\n<script type=\"application\/ld+json\" class=\"yoast-schema-graph\">{\"@context\":\"https:\/\/schema.org\",\"@graph\":[{\"@type\":\"WebPage\",\"@id\":\"https:\/\/rendez-vous-store.com\/shop\/special-offer-women-rendez-vous-store\/women-trousers-special-offer\/studio-nicholson-chalco-snw-1173-wide-crop-pant-pebble-rendez-vous-store\/\",\"url\":\"https:\/\/rendez-vous-store.com\/shop\/special-offer-women-rendez-vous-store\/women-trousers-special-offer\/studio-nicholson-chalco-snw-1173-wide-crop-pant-pebble-rendez-vous-store\/\",\"name\":\"Studio Nicholson CHALCO SNW-1173 Wide Crop Pant Pebble\",\"isPartOf\":{\"@id\":\"https:\/\/rendez-vous-store.com\/#website\"},\"primaryImageOfPage\":{\"@id\":\"https:\/\/rendez-vous-store.com\/shop\/special-offer-women-rendez-vous-store\/women-trousers-special-offer\/studio-nicholson-chalco-snw-1173-wide-crop-pant-pebble-rendez-vous-store\/#primaryimage\"},\"image\":{\"@id\":\"https:\/\/rendez-vous-store.com\/shop\/special-offer-women-rendez-vous-store\/women-trousers-special-offer\/studio-nicholson-chalco-snw-1173-wide-crop-pant-pebble-rendez-vous-store\/#primaryimage\"},\"thumbnailUrl\":\"https:\/\/rendez-vous-store.com\/app\/uploads\/2024\/11\/IMG_8809.webp\",\"datePublished\":\"2024-11-08T10:23:50+00:00\",\"dateModified\":\"2026-04-24T13:20:20+00:00\",\"description\":\"Studio Nicholson is on Rendez-Vous Store. This Studio Nicholson Chalco SNW-1173 Wide Crop Pant Pebble embodies luxurious and casual simplicity.\",\"breadcrumb\":{\"@id\":\"https:\/\/rendez-vous-store.com\/shop\/special-offer-women-rendez-vous-store\/women-trousers-special-offer\/studio-nicholson-chalco-snw-1173-wide-crop-pant-pebble-rendez-vous-store\/#breadcrumb\"},\"inLanguage\":\"fr-FR\",\"potentialAction\":[{\"@type\":\"ReadAction\",\"target\":[\"https:\/\/rendez-vous-store.com\/shop\/special-offer-women-rendez-vous-store\/women-trousers-special-offer\/studio-nicholson-chalco-snw-1173-wide-crop-pant-pebble-rendez-vous-store\/\"]}]},{\"@type\":\"ImageObject\",\"inLanguage\":\"fr-FR\",\"@id\":\"https:\/\/rendez-vous-store.com\/shop\/special-offer-women-rendez-vous-store\/women-trousers-special-offer\/studio-nicholson-chalco-snw-1173-wide-crop-pant-pebble-rendez-vous-store\/#primaryimage\",\"url\":\"https:\/\/rendez-vous-store.com\/app\/uploads\/2024\/11\/IMG_8809.webp\",\"contentUrl\":\"https:\/\/rendez-vous-store.com\/app\/uploads\/2024\/11\/IMG_8809.webp\",\"width\":1696,\"height\":2560},{\"@type\":\"BreadcrumbList\",\"@id\":\"https:\/\/rendez-vous-store.com\/shop\/special-offer-women-rendez-vous-store\/women-trousers-special-offer\/studio-nicholson-chalco-snw-1173-wide-crop-pant-pebble-rendez-vous-store\/#breadcrumb\",\"itemListElement\":[{\"@type\":\"ListItem\",\"position\":1,\"name\":\"Home\",\"item\":\"https:\/\/rendez-vous-store.com\/\"},{\"@type\":\"ListItem\",\"position\":2,\"name\":\"Shop\",\"item\":\"https:\/\/www.rendez-vous-store.com\/shop\/\"},{\"@type\":\"ListItem\",\"position\":3,\"name\":\"Studio Nicholson &#8211; CHALCO SNW-1173 Wide Crop Pant &#8211; Pebble\"}]},{\"@type\":\"WebSite\",\"@id\":\"https:\/\/rendez-vous-store.com\/#website\",\"url\":\"https:\/\/rendez-vous-store.com\/\",\"name\":\"RENDEZ-VOUS STORE\",\"description\":\"Slow Fashion for Women and Men\",\"potentialAction\":[{\"@type\":\"SearchAction\",\"target\":{\"@type\":\"EntryPoint\",\"urlTemplate\":\"https:\/\/rendez-vous-store.com\/?s={search_term_string}\"},\"query-input\":{\"@type\":\"PropertyValueSpecification\",\"valueRequired\":true,\"valueName\":\"search_term_string\"}}],\"inLanguage\":\"fr-FR\"}]}<\/script>\n<!-- \/ Yoast SEO plugin. -->","yoast_head_json":{"title":"Studio Nicholson CHALCO SNW-1173 Wide Crop Pant Pebble","description":"Studio Nicholson is on Rendez-Vous Store. This Studio Nicholson Chalco SNW-1173 Wide Crop Pant Pebble embodies luxurious and casual simplicity.","robots":{"index":"index","follow":"follow","max-snippet":"max-snippet:-1","max-image-preview":"max-image-preview:large","max-video-preview":"max-video-preview:-1"},"canonical":"https:\/\/rendez-vous-store.com\/fr\/shop\/special-offer-women-rendez-vous-store\/women-trousers-special-offer\/studio-nicholson-chalco-snw-1173-wide-crop-pant-pebble-rendez-vous-store\/","og_locale":"fr_FR","og_type":"article","og_title":"Studio Nicholson CHALCO SNW-1173 Wide Crop Pant Pebble","og_description":"Studio Nicholson is on Rendez-Vous Store. This Studio Nicholson Chalco SNW-1173 Wide Crop Pant Pebble embodies luxurious and casual simplicity.","og_url":"https:\/\/rendez-vous-store.com\/fr\/shop\/special-offer-women-rendez-vous-store\/women-trousers-special-offer\/studio-nicholson-chalco-snw-1173-wide-crop-pant-pebble-rendez-vous-store\/","og_site_name":"RENDEZ-VOUS STORE","article_modified_time":"2026-04-24T13:20:20+00:00","og_image":[{"width":1696,"height":2560,"url":"https:\/\/rendez-vous-store.com\/app\/uploads\/2024\/11\/IMG_8809.webp","type":"image\/webp"}],"twitter_card":"summary_large_image","twitter_misc":{"Est. reading time":"1 minute"},"schema":{"@context":"https:\/\/schema.org","@graph":[{"@type":"WebPage","@id":"https:\/\/rendez-vous-store.com\/shop\/special-offer-women-rendez-vous-store\/women-trousers-special-offer\/studio-nicholson-chalco-snw-1173-wide-crop-pant-pebble-rendez-vous-store\/","url":"https:\/\/rendez-vous-store.com\/shop\/special-offer-women-rendez-vous-store\/women-trousers-special-offer\/studio-nicholson-chalco-snw-1173-wide-crop-pant-pebble-rendez-vous-store\/","name":"Studio Nicholson CHALCO SNW-1173 Wide Crop Pant Pebble","isPartOf":{"@id":"https:\/\/rendez-vous-store.com\/#website"},"primaryImageOfPage":{"@id":"https:\/\/rendez-vous-store.com\/shop\/special-offer-women-rendez-vous-store\/women-trousers-special-offer\/studio-nicholson-chalco-snw-1173-wide-crop-pant-pebble-rendez-vous-store\/#primaryimage"},"image":{"@id":"https:\/\/rendez-vous-store.com\/shop\/special-offer-women-rendez-vous-store\/women-trousers-special-offer\/studio-nicholson-chalco-snw-1173-wide-crop-pant-pebble-rendez-vous-store\/#primaryimage"},"thumbnailUrl":"https:\/\/rendez-vous-store.com\/app\/uploads\/2024\/11\/IMG_8809.webp","datePublished":"2024-11-08T10:23:50+00:00","dateModified":"2026-04-24T13:20:20+00:00","description":"Studio Nicholson is on Rendez-Vous Store. This Studio Nicholson Chalco SNW-1173 Wide Crop Pant Pebble embodies luxurious and casual simplicity.","breadcrumb":{"@id":"https:\/\/rendez-vous-store.com\/shop\/special-offer-women-rendez-vous-store\/women-trousers-special-offer\/studio-nicholson-chalco-snw-1173-wide-crop-pant-pebble-rendez-vous-store\/#breadcrumb"},"inLanguage":"fr-FR","potentialAction":[{"@type":"ReadAction","target":["https:\/\/rendez-vous-store.com\/shop\/special-offer-women-rendez-vous-store\/women-trousers-special-offer\/studio-nicholson-chalco-snw-1173-wide-crop-pant-pebble-rendez-vous-store\/"]}]},{"@type":"ImageObject","inLanguage":"fr-FR","@id":"https:\/\/rendez-vous-store.com\/shop\/special-offer-women-rendez-vous-store\/women-trousers-special-offer\/studio-nicholson-chalco-snw-1173-wide-crop-pant-pebble-rendez-vous-store\/#primaryimage","url":"https:\/\/rendez-vous-store.com\/app\/uploads\/2024\/11\/IMG_8809.webp","contentUrl":"https:\/\/rendez-vous-store.com\/app\/uploads\/2024\/11\/IMG_8809.webp","width":1696,"height":2560},{"@type":"BreadcrumbList","@id":"https:\/\/rendez-vous-store.com\/shop\/special-offer-women-rendez-vous-store\/women-trousers-special-offer\/studio-nicholson-chalco-snw-1173-wide-crop-pant-pebble-rendez-vous-store\/#breadcrumb","itemListElement":[{"@type":"ListItem","position":1,"name":"Home","item":"https:\/\/rendez-vous-store.com\/"},{"@type":"ListItem","position":2,"name":"Shop","item":"https:\/\/www.rendez-vous-store.com\/shop\/"},{"@type":"ListItem","position":3,"name":"Studio Nicholson &#8211; CHALCO SNW-1173 Wide Crop Pant &#8211; Pebble"}]},{"@type":"WebSite","@id":"https:\/\/rendez-vous-store.com\/#website","url":"https:\/\/rendez-vous-store.com\/","name":"RENDEZ-VOUS STORE","description":"Slow Fashion for Women and Men","potentialAction":[{"@type":"SearchAction","target":{"@type":"EntryPoint","urlTemplate":"https:\/\/rendez-vous-store.com\/?s={search_term_string}"},"query-input":{"@type":"PropertyValueSpecification","valueRequired":true,"valueName":"search_term_string"}}],"inLanguage":"fr-FR"}]}},"_links":{"self":[{"href":"https:\/\/rendez-vous-store.com\/fr\/wp-json\/wp\/v2\/product\/186224","targetHints":{"allow":["GET"]}}],"collection":[{"href":"https:\/\/rendez-vous-store.com\/fr\/wp-json\/wp\/v2\/product"}],"about":[{"href":"https:\/\/rendez-vous-store.com\/fr\/wp-json\/wp\/v2\/types\/product"}],"wp:featuredmedia":[{"embeddable":true,"href":"https:\/\/rendez-vous-store.com\/fr\/wp-json\/wp\/v2\/media\/186425"}],"wp:attachment":[{"href":"https:\/\/rendez-vous-store.com\/fr\/wp-json\/wp\/v2\/media?parent=186224"}],"wp:term":[{"taxonomy":"product_brand","embeddable":true,"href":"https:\/\/rendez-vous-store.com\/fr\/wp-json\/wp\/v2\/product_brand?post=186224"},{"taxonomy":"product_cat","embeddable":true,"href":"https:\/\/rendez-vous-store.com\/fr\/wp-json\/wp\/v2\/product_cat?post=186224"},{"taxonomy":"product_tag","embeddable":true,"href":"https:\/\/rendez-vous-store.com\/fr\/wp-json\/wp\/v2\/product_tag?post=186224"}],"curies":[{"name":"wp","href":"https:\/\/api.w.org\/{rel}","templated":true}]}}