{"id":185967,"date":"2024-11-06T16:16:24","date_gmt":"2024-11-06T15:16:24","guid":{"rendered":"https:\/\/rendez-vous-store.com\/?post_type=product&#038;p=185967"},"modified":"2026-03-16T18:28:21","modified_gmt":"2026-03-16T17:28:21","slug":"studio-nicholson-ezra-snm-1024-compact-poly-viscose-pant-darkest-navy-rendez-vous-store","status":"publish","type":"product","link":"https:\/\/rendez-vous-store.com\/fr\/shop\/last-pieces-women-rendez-vous-store\/last-pieces-women-trousers-skirt-rendez-vous-store\/studio-nicholson-ezra-snm-1024-compact-poly-viscose-pant-darkest-navy-rendez-vous-store\/","title":{"rendered":"Studio Nicholson &#8211; EZRA SNM-1024 Compact Poly Viscose Pant &#8211; Darkest Navy"},"content":{"rendered":"<p><strong>Studio Nicholson &#8211; EZRA SNM-1024 Compact Poly Viscose Pant &#8211; Darkest Navy<\/strong><\/p>\n<p>Couleur : Marine la plus fonc\u00e9e<\/p>\n<p>Poches lat\u00e9rales<\/p>\n<p>Button fastening and zip fly<\/p>\n<p>Coupe r\u00e9guli\u00e8re<\/p>\n<p>Dense poly-viscose<\/p>\n<p>Composition: 64% Polyester, 34% Viscose, 2% Elastane<\/p>\n<p>Fabriqu\u00e9 au Portugal<\/p>\n<p>&nbsp;<\/p>\n<p><strong>La marque\u00a0<\/strong><\/p>\n<p>Studio Nicholson est une marque contemporaine pour hommes et femmes. Elle fusionne une esth\u00e9tique minimaliste, des silhouettes architecturales et un savoir-faire artisanal impeccable. Nick Wakeman a fond\u00e9 la marque \u00e0 Londres. La marque a \u00e9t\u00e9 salu\u00e9e au niveau international pour son approche de la mode \u00e0 la fois sophistiqu\u00e9e et discr\u00e8te.<\/p>\n<p>Qualit\u00e9, fonctionnalit\u00e9 et intemporalit\u00e9 d\u00e9finissent la philosophie du Studio Nicholson. L'\u00e9quipe con\u00e7oit m\u00e9ticuleusement chaque v\u00eatement avec des lignes \u00e9pur\u00e9es et une confection pr\u00e9cise. Les tissus luxueux donnent naissance \u00e0 des pi\u00e8ces qui respirent l'\u00e9l\u00e9gance et la polyvalence sans effort.<\/p>","protected":false},"excerpt":{"rendered":"<p>Studio Nicholson &#8211; EZRA SNM-1024 Compact Poly Viscose Pant &#8211; Darkest Navy Color: Darkest Navy Side pockets Button fastening and zip fly Regular fit Dense poly-viscose Composition: 64% Polyester, 34% Viscose, 2% Elastane Made in Portugal &nbsp; The brand\u00a0 Studio Nicholson is a contemporary brand for men and women. It fuses minimalist aesthetics, architectural silhouettes,&hellip; <a class=\"more-link\" href=\"https:\/\/rendez-vous-store.com\/fr\/shop\/last-pieces-women-rendez-vous-store\/last-pieces-women-trousers-skirt-rendez-vous-store\/studio-nicholson-ezra-snm-1024-compact-poly-viscose-pant-darkest-navy-rendez-vous-store\/\">Continuer la lecture <span class=\"screen-reader-text\">Studio Nicholson &#8211; EZRA SNM-1024 Compact Poly Viscose Pant &#8211; Darkest Navy<\/span><\/a><\/p>","protected":false},"featured_media":186905,"template":"","meta":{"_acf_changed":false},"product_brand":[],"product_cat":[1232,1138,1144,20,73],"product_tag":[],"class_list":{"0":"post-185967","1":"product","2":"type-product","3":"status-publish","4":"has-post-thumbnail","6":"product_cat-sale-40","7":"product_cat-last-pieces-women-rendez-vous-store","8":"product_cat-last-pieces-women-trousers-skirt-rendez-vous-store","9":"product_cat-men-selection-discover-our-selection-rendez-vous-store","10":"product_cat-trousers-shorts-rendez-vous-store","11":"entry","13":"first","14":"outofstock","15":"taxable","16":"shipping-taxable","17":"product-type-variable"},"acf":[],"yoast_head":"<!-- This site is optimized with the Yoast SEO plugin v24.9 - https:\/\/yoast.com\/wordpress\/plugins\/seo\/ -->\n<title>Studio Nicholson EZRA SNM-1024 Compact Poly Viscose Pant Darkest Navy<\/title>\n<meta name=\"description\" content=\"This Studio Nicholson EZRA SNM-1024 Compact Poly Viscose Pant Darkest Navy embodies luxurious and casual simplicity. Discover now.\" \/>\n<meta name=\"robots\" content=\"index, follow, max-snippet:-1, max-image-preview:large, max-video-preview:-1\" \/>\n<link rel=\"canonical\" href=\"https:\/\/rendez-vous-store.com\/fr\/shop\/last-pieces-women-rendez-vous-store\/last-pieces-women-trousers-skirt-rendez-vous-store\/studio-nicholson-ezra-snm-1024-compact-poly-viscose-pant-darkest-navy-rendez-vous-store\/\" \/>\n<meta property=\"og:locale\" content=\"fr_FR\" \/>\n<meta property=\"og:type\" content=\"article\" \/>\n<meta property=\"og:title\" content=\"Studio Nicholson EZRA SNM-1024 Compact Poly Viscose Pant Darkest Navy\" \/>\n<meta property=\"og:description\" content=\"This Studio Nicholson EZRA SNM-1024 Compact Poly Viscose Pant Darkest Navy embodies luxurious and casual simplicity. Discover now.\" \/>\n<meta property=\"og:url\" content=\"https:\/\/rendez-vous-store.com\/fr\/shop\/last-pieces-women-rendez-vous-store\/last-pieces-women-trousers-skirt-rendez-vous-store\/studio-nicholson-ezra-snm-1024-compact-poly-viscose-pant-darkest-navy-rendez-vous-store\/\" \/>\n<meta property=\"og:site_name\" content=\"RENDEZ-VOUS STORE\" \/>\n<meta property=\"article:modified_time\" content=\"2026-03-16T17:28:21+00:00\" \/>\n<meta property=\"og:image\" content=\"https:\/\/rendez-vous-store.com\/app\/uploads\/2024\/11\/IMG_0757.webp\" \/>\n\t<meta property=\"og:image:width\" content=\"1696\" \/>\n\t<meta property=\"og:image:height\" content=\"2560\" \/>\n\t<meta property=\"og:image:type\" content=\"image\/webp\" \/>\n<meta name=\"twitter:card\" content=\"summary_large_image\" \/>\n<meta name=\"twitter:label1\" content=\"Est. reading time\" \/>\n\t<meta name=\"twitter:data1\" content=\"1 minute\" \/>\n<script type=\"application\/ld+json\" class=\"yoast-schema-graph\">{\"@context\":\"https:\/\/schema.org\",\"@graph\":[{\"@type\":\"WebPage\",\"@id\":\"https:\/\/rendez-vous-store.com\/shop\/last-pieces-women-rendez-vous-store\/last-pieces-women-trousers-skirt-rendez-vous-store\/studio-nicholson-ezra-snm-1024-compact-poly-viscose-pant-darkest-navy-rendez-vous-store\/\",\"url\":\"https:\/\/rendez-vous-store.com\/shop\/last-pieces-women-rendez-vous-store\/last-pieces-women-trousers-skirt-rendez-vous-store\/studio-nicholson-ezra-snm-1024-compact-poly-viscose-pant-darkest-navy-rendez-vous-store\/\",\"name\":\"Studio Nicholson EZRA SNM-1024 Compact Poly Viscose Pant Darkest Navy\",\"isPartOf\":{\"@id\":\"https:\/\/rendez-vous-store.com\/#website\"},\"primaryImageOfPage\":{\"@id\":\"https:\/\/rendez-vous-store.com\/shop\/last-pieces-women-rendez-vous-store\/last-pieces-women-trousers-skirt-rendez-vous-store\/studio-nicholson-ezra-snm-1024-compact-poly-viscose-pant-darkest-navy-rendez-vous-store\/#primaryimage\"},\"image\":{\"@id\":\"https:\/\/rendez-vous-store.com\/shop\/last-pieces-women-rendez-vous-store\/last-pieces-women-trousers-skirt-rendez-vous-store\/studio-nicholson-ezra-snm-1024-compact-poly-viscose-pant-darkest-navy-rendez-vous-store\/#primaryimage\"},\"thumbnailUrl\":\"https:\/\/rendez-vous-store.com\/app\/uploads\/2024\/11\/IMG_0757.webp\",\"datePublished\":\"2024-11-06T15:16:24+00:00\",\"dateModified\":\"2026-03-16T17:28:21+00:00\",\"description\":\"This Studio Nicholson EZRA SNM-1024 Compact Poly Viscose Pant Darkest Navy embodies luxurious and casual simplicity. Discover now.\",\"breadcrumb\":{\"@id\":\"https:\/\/rendez-vous-store.com\/shop\/last-pieces-women-rendez-vous-store\/last-pieces-women-trousers-skirt-rendez-vous-store\/studio-nicholson-ezra-snm-1024-compact-poly-viscose-pant-darkest-navy-rendez-vous-store\/#breadcrumb\"},\"inLanguage\":\"fr-FR\",\"potentialAction\":[{\"@type\":\"ReadAction\",\"target\":[\"https:\/\/rendez-vous-store.com\/shop\/last-pieces-women-rendez-vous-store\/last-pieces-women-trousers-skirt-rendez-vous-store\/studio-nicholson-ezra-snm-1024-compact-poly-viscose-pant-darkest-navy-rendez-vous-store\/\"]}]},{\"@type\":\"ImageObject\",\"inLanguage\":\"fr-FR\",\"@id\":\"https:\/\/rendez-vous-store.com\/shop\/last-pieces-women-rendez-vous-store\/last-pieces-women-trousers-skirt-rendez-vous-store\/studio-nicholson-ezra-snm-1024-compact-poly-viscose-pant-darkest-navy-rendez-vous-store\/#primaryimage\",\"url\":\"https:\/\/rendez-vous-store.com\/app\/uploads\/2024\/11\/IMG_0757.webp\",\"contentUrl\":\"https:\/\/rendez-vous-store.com\/app\/uploads\/2024\/11\/IMG_0757.webp\",\"width\":1696,\"height\":2560},{\"@type\":\"BreadcrumbList\",\"@id\":\"https:\/\/rendez-vous-store.com\/shop\/last-pieces-women-rendez-vous-store\/last-pieces-women-trousers-skirt-rendez-vous-store\/studio-nicholson-ezra-snm-1024-compact-poly-viscose-pant-darkest-navy-rendez-vous-store\/#breadcrumb\",\"itemListElement\":[{\"@type\":\"ListItem\",\"position\":1,\"name\":\"Home\",\"item\":\"https:\/\/rendez-vous-store.com\/\"},{\"@type\":\"ListItem\",\"position\":2,\"name\":\"Shop\",\"item\":\"https:\/\/www.rendez-vous-store.com\/shop\/\"},{\"@type\":\"ListItem\",\"position\":3,\"name\":\"Studio Nicholson &#8211; EZRA SNM-1024 Compact Poly Viscose Pant &#8211; Darkest Navy\"}]},{\"@type\":\"WebSite\",\"@id\":\"https:\/\/rendez-vous-store.com\/#website\",\"url\":\"https:\/\/rendez-vous-store.com\/\",\"name\":\"RENDEZ-VOUS STORE\",\"description\":\"Slow Fashion for Women and Men\",\"potentialAction\":[{\"@type\":\"SearchAction\",\"target\":{\"@type\":\"EntryPoint\",\"urlTemplate\":\"https:\/\/rendez-vous-store.com\/?s={search_term_string}\"},\"query-input\":{\"@type\":\"PropertyValueSpecification\",\"valueRequired\":true,\"valueName\":\"search_term_string\"}}],\"inLanguage\":\"fr-FR\"}]}<\/script>\n<!-- \/ Yoast SEO plugin. -->","yoast_head_json":{"title":"Studio Nicholson EZRA SNM-1024 Compact Poly Viscose Pant Darkest Navy","description":"This Studio Nicholson EZRA SNM-1024 Compact Poly Viscose Pant Darkest Navy embodies luxurious and casual simplicity. Discover now.","robots":{"index":"index","follow":"follow","max-snippet":"max-snippet:-1","max-image-preview":"max-image-preview:large","max-video-preview":"max-video-preview:-1"},"canonical":"https:\/\/rendez-vous-store.com\/fr\/shop\/last-pieces-women-rendez-vous-store\/last-pieces-women-trousers-skirt-rendez-vous-store\/studio-nicholson-ezra-snm-1024-compact-poly-viscose-pant-darkest-navy-rendez-vous-store\/","og_locale":"fr_FR","og_type":"article","og_title":"Studio Nicholson EZRA SNM-1024 Compact Poly Viscose Pant Darkest Navy","og_description":"This Studio Nicholson EZRA SNM-1024 Compact Poly Viscose Pant Darkest Navy embodies luxurious and casual simplicity. Discover now.","og_url":"https:\/\/rendez-vous-store.com\/fr\/shop\/last-pieces-women-rendez-vous-store\/last-pieces-women-trousers-skirt-rendez-vous-store\/studio-nicholson-ezra-snm-1024-compact-poly-viscose-pant-darkest-navy-rendez-vous-store\/","og_site_name":"RENDEZ-VOUS STORE","article_modified_time":"2026-03-16T17:28:21+00:00","og_image":[{"width":1696,"height":2560,"url":"https:\/\/rendez-vous-store.com\/app\/uploads\/2024\/11\/IMG_0757.webp","type":"image\/webp"}],"twitter_card":"summary_large_image","twitter_misc":{"Est. reading time":"1 minute"},"schema":{"@context":"https:\/\/schema.org","@graph":[{"@type":"WebPage","@id":"https:\/\/rendez-vous-store.com\/shop\/last-pieces-women-rendez-vous-store\/last-pieces-women-trousers-skirt-rendez-vous-store\/studio-nicholson-ezra-snm-1024-compact-poly-viscose-pant-darkest-navy-rendez-vous-store\/","url":"https:\/\/rendez-vous-store.com\/shop\/last-pieces-women-rendez-vous-store\/last-pieces-women-trousers-skirt-rendez-vous-store\/studio-nicholson-ezra-snm-1024-compact-poly-viscose-pant-darkest-navy-rendez-vous-store\/","name":"Studio Nicholson EZRA SNM-1024 Compact Poly Viscose Pant Darkest Navy","isPartOf":{"@id":"https:\/\/rendez-vous-store.com\/#website"},"primaryImageOfPage":{"@id":"https:\/\/rendez-vous-store.com\/shop\/last-pieces-women-rendez-vous-store\/last-pieces-women-trousers-skirt-rendez-vous-store\/studio-nicholson-ezra-snm-1024-compact-poly-viscose-pant-darkest-navy-rendez-vous-store\/#primaryimage"},"image":{"@id":"https:\/\/rendez-vous-store.com\/shop\/last-pieces-women-rendez-vous-store\/last-pieces-women-trousers-skirt-rendez-vous-store\/studio-nicholson-ezra-snm-1024-compact-poly-viscose-pant-darkest-navy-rendez-vous-store\/#primaryimage"},"thumbnailUrl":"https:\/\/rendez-vous-store.com\/app\/uploads\/2024\/11\/IMG_0757.webp","datePublished":"2024-11-06T15:16:24+00:00","dateModified":"2026-03-16T17:28:21+00:00","description":"This Studio Nicholson EZRA SNM-1024 Compact Poly Viscose Pant Darkest Navy embodies luxurious and casual simplicity. Discover now.","breadcrumb":{"@id":"https:\/\/rendez-vous-store.com\/shop\/last-pieces-women-rendez-vous-store\/last-pieces-women-trousers-skirt-rendez-vous-store\/studio-nicholson-ezra-snm-1024-compact-poly-viscose-pant-darkest-navy-rendez-vous-store\/#breadcrumb"},"inLanguage":"fr-FR","potentialAction":[{"@type":"ReadAction","target":["https:\/\/rendez-vous-store.com\/shop\/last-pieces-women-rendez-vous-store\/last-pieces-women-trousers-skirt-rendez-vous-store\/studio-nicholson-ezra-snm-1024-compact-poly-viscose-pant-darkest-navy-rendez-vous-store\/"]}]},{"@type":"ImageObject","inLanguage":"fr-FR","@id":"https:\/\/rendez-vous-store.com\/shop\/last-pieces-women-rendez-vous-store\/last-pieces-women-trousers-skirt-rendez-vous-store\/studio-nicholson-ezra-snm-1024-compact-poly-viscose-pant-darkest-navy-rendez-vous-store\/#primaryimage","url":"https:\/\/rendez-vous-store.com\/app\/uploads\/2024\/11\/IMG_0757.webp","contentUrl":"https:\/\/rendez-vous-store.com\/app\/uploads\/2024\/11\/IMG_0757.webp","width":1696,"height":2560},{"@type":"BreadcrumbList","@id":"https:\/\/rendez-vous-store.com\/shop\/last-pieces-women-rendez-vous-store\/last-pieces-women-trousers-skirt-rendez-vous-store\/studio-nicholson-ezra-snm-1024-compact-poly-viscose-pant-darkest-navy-rendez-vous-store\/#breadcrumb","itemListElement":[{"@type":"ListItem","position":1,"name":"Home","item":"https:\/\/rendez-vous-store.com\/"},{"@type":"ListItem","position":2,"name":"Shop","item":"https:\/\/www.rendez-vous-store.com\/shop\/"},{"@type":"ListItem","position":3,"name":"Studio Nicholson &#8211; EZRA SNM-1024 Compact Poly Viscose Pant &#8211; Darkest Navy"}]},{"@type":"WebSite","@id":"https:\/\/rendez-vous-store.com\/#website","url":"https:\/\/rendez-vous-store.com\/","name":"RENDEZ-VOUS STORE","description":"Slow Fashion for Women and Men","potentialAction":[{"@type":"SearchAction","target":{"@type":"EntryPoint","urlTemplate":"https:\/\/rendez-vous-store.com\/?s={search_term_string}"},"query-input":{"@type":"PropertyValueSpecification","valueRequired":true,"valueName":"search_term_string"}}],"inLanguage":"fr-FR"}]}},"_links":{"self":[{"href":"https:\/\/rendez-vous-store.com\/fr\/wp-json\/wp\/v2\/product\/185967","targetHints":{"allow":["GET"]}}],"collection":[{"href":"https:\/\/rendez-vous-store.com\/fr\/wp-json\/wp\/v2\/product"}],"about":[{"href":"https:\/\/rendez-vous-store.com\/fr\/wp-json\/wp\/v2\/types\/product"}],"wp:featuredmedia":[{"embeddable":true,"href":"https:\/\/rendez-vous-store.com\/fr\/wp-json\/wp\/v2\/media\/186905"}],"wp:attachment":[{"href":"https:\/\/rendez-vous-store.com\/fr\/wp-json\/wp\/v2\/media?parent=185967"}],"wp:term":[{"taxonomy":"product_brand","embeddable":true,"href":"https:\/\/rendez-vous-store.com\/fr\/wp-json\/wp\/v2\/product_brand?post=185967"},{"taxonomy":"product_cat","embeddable":true,"href":"https:\/\/rendez-vous-store.com\/fr\/wp-json\/wp\/v2\/product_cat?post=185967"},{"taxonomy":"product_tag","embeddable":true,"href":"https:\/\/rendez-vous-store.com\/fr\/wp-json\/wp\/v2\/product_tag?post=185967"}],"curies":[{"name":"wp","href":"https:\/\/api.w.org\/{rel}","templated":true}]}}