{"id":182403,"date":"2024-10-31T11:03:46","date_gmt":"2024-10-31T10:03:46","guid":{"rendered":"https:\/\/rendez-vous-store.com\/?post_type=product&#038;p=182403"},"modified":"2026-03-16T18:26:27","modified_gmt":"2026-03-16T17:26:27","slug":"quitan-ensemble-whole-garment-knit-white-rendez-vous-store","status":"publish","type":"product","link":"https:\/\/rendez-vous-store.com\/fr\/shop\/special-offer-women-rendez-vous-store\/women-knitwear-special-offer\/quitan-ensemble-whole-garment-knit-white-rendez-vous-store\/","title":{"rendered":"Quitan - Ensemble Whole-Garment Knit 4260035 - Blanc"},"content":{"rendered":"<p><strong>Quitan Ensemble Whole-Garment Knit 4260035 White<\/strong><\/p>\n<p>Couleur : blanc<\/p>\n<p>Poignets et ourlets c\u00f4tel\u00e9s<\/p>\n<p>Col classique<\/p>\n<p>Manches longues<\/p>\n<p>Composition : 100% Laine<\/p>\n<p>Fabriqu\u00e9 au Japon<\/p>\n<p>&nbsp;<\/p>\n<p>&nbsp;<\/p>\n<p>&nbsp;<\/p>\n<p><strong>La marque<\/strong><\/p>\n<article class=\"w-full scroll-mb-[var(--thread-trailing-height)] text-token-text-primary focus-visible:outline-2 focus-visible:outline-offset-[-4px]\" dir=\"auto\" data-testid=\"conversation-turn-5\" data-scroll-anchor=\"true\">\n<div class=\"m-auto text-base py-[18px] px-3 md:px-4 w-full md:px-5 lg:px-4 xl:px-5\">\n<div class=\"mx-auto flex flex-1 gap-4 text-base md:gap-5 lg:gap-6 md:max-w-3xl lg:max-w-[40rem] xl:max-w-[48rem]\">\n<div class=\"flex-shrink-0 flex flex-col relative items-end\">\n<div class=\"pt-0\">\n<div class=\"gizmo-bot-avatar flex h-8 w-8 items-center justify-center overflow-hidden rounded-full\">\n<div class=\"relative p-1 rounded-sm flex items-center justify-center bg-token-main-surface-primary text-token-text-primary h-8 w-8\">\n<p>Quitan est une marque japonaise unisexe connue pour ses textiles innovants et ses silhouettes uniques. Inspir\u00e9e par l'artisanat traditionnel et l'art des \u00e9poques pass\u00e9es, chaque pi\u00e8ce t\u00e9moigne d'une attention m\u00e9ticuleuse aux d\u00e9tails. La marque allie cr\u00e9ativit\u00e9 et conception r\u00e9fl\u00e9chie, en r\u00e9imaginant des mat\u00e9riaux et des techniques d'il y a 100 ans. C'\u00e9tait une \u00e9poque o\u00f9 les textures et les couleurs s'\u00e9panouissaient, sans \u00eatre limit\u00e9es par l'industrialisation.<\/p>\n<\/div>\n<\/div>\n<\/div>\n<\/div>\n<\/div>\n<\/div>\n<\/article>","protected":false},"excerpt":{"rendered":"<p>Quitan Ensemble Whole-Garment Knit 4260035 White Color: White Ribbed Cuffs and Hem Classic Collar Long Sleeves Composition: 100% Wool Made In Japan &nbsp; &nbsp; &nbsp; The brand Quitan is a Japanese unisex brand known for its innovative textiles and unique silhouettes. Inspired by traditional craftsmanship and the artistry of past eras, each piece reflects meticulous&hellip; <a class=\"more-link\" href=\"https:\/\/rendez-vous-store.com\/fr\/shop\/special-offer-women-rendez-vous-store\/women-knitwear-special-offer\/quitan-ensemble-whole-garment-knit-white-rendez-vous-store\/\">Continuer la lecture <span class=\"screen-reader-text\">Quitan - Ensemble Whole-Garment Knit 4260035 - Blanc<\/span><\/a><\/p>","protected":false},"featured_media":186705,"template":"","meta":{"_acf_changed":false},"product_brand":[],"product_cat":[1292,1338,1335,17,199],"product_tag":[1320],"class_list":{"0":"post-182403","1":"product","2":"type-product","3":"status-publish","4":"has-post-thumbnail","6":"product_cat-1292","7":"product_cat-women-knitwear-special-offer","8":"product_cat-special-offer-women-rendez-vous-store","9":"product_cat-women","10":"product_cat-women-knitwears-discover-our-selection-rendez-vous-store","11":"product_tag-quitan","12":"entry","14":"first","15":"instock","16":"taxable","17":"shipping-taxable","18":"purchasable","19":"product-type-variable"},"acf":[],"yoast_head":"<!-- This site is optimized with the Yoast SEO plugin v24.9 - https:\/\/yoast.com\/wordpress\/plugins\/seo\/ -->\n<title>Quitan Ensemble Whole-Garment Knit White<\/title>\n<meta name=\"description\" content=\"Quitan is on Rendez-Vous Store. This Quitan Ensemble Whole-Garment Knit White brings you craftsmanship and elegance. Discover now.\" \/>\n<meta name=\"robots\" content=\"index, follow, max-snippet:-1, max-image-preview:large, max-video-preview:-1\" \/>\n<link rel=\"canonical\" href=\"https:\/\/rendez-vous-store.com\/fr\/shop\/special-offer-women-rendez-vous-store\/women-knitwear-special-offer\/quitan-ensemble-whole-garment-knit-white-rendez-vous-store\/\" \/>\n<meta property=\"og:locale\" content=\"fr_FR\" \/>\n<meta property=\"og:type\" content=\"article\" \/>\n<meta property=\"og:title\" content=\"Quitan Ensemble Whole-Garment Knit White\" \/>\n<meta property=\"og:description\" content=\"Quitan is on Rendez-Vous Store. This Quitan Ensemble Whole-Garment Knit White brings you craftsmanship and elegance. Discover now.\" \/>\n<meta property=\"og:url\" content=\"https:\/\/rendez-vous-store.com\/fr\/shop\/special-offer-women-rendez-vous-store\/women-knitwear-special-offer\/quitan-ensemble-whole-garment-knit-white-rendez-vous-store\/\" \/>\n<meta property=\"og:site_name\" content=\"RENDEZ-VOUS STORE\" \/>\n<meta property=\"article:modified_time\" content=\"2026-03-16T17:26:27+00:00\" \/>\n<meta property=\"og:image\" content=\"https:\/\/rendez-vous-store.com\/app\/uploads\/2024\/10\/IMG_7870.webp\" \/>\n\t<meta property=\"og:image:width\" content=\"1696\" \/>\n\t<meta property=\"og:image:height\" content=\"2560\" \/>\n\t<meta property=\"og:image:type\" content=\"image\/webp\" \/>\n<meta name=\"twitter:card\" content=\"summary_large_image\" \/>\n<meta name=\"twitter:label1\" content=\"Est. reading time\" \/>\n\t<meta name=\"twitter:data1\" content=\"1 minute\" \/>\n<script type=\"application\/ld+json\" class=\"yoast-schema-graph\">{\"@context\":\"https:\/\/schema.org\",\"@graph\":[{\"@type\":\"WebPage\",\"@id\":\"https:\/\/rendez-vous-store.com\/shop\/special-offer-women-rendez-vous-store\/women-knitwear-special-offer\/quitan-ensemble-whole-garment-knit-white-rendez-vous-store\/\",\"url\":\"https:\/\/rendez-vous-store.com\/shop\/special-offer-women-rendez-vous-store\/women-knitwear-special-offer\/quitan-ensemble-whole-garment-knit-white-rendez-vous-store\/\",\"name\":\"Quitan Ensemble Whole-Garment Knit White\",\"isPartOf\":{\"@id\":\"https:\/\/rendez-vous-store.com\/#website\"},\"primaryImageOfPage\":{\"@id\":\"https:\/\/rendez-vous-store.com\/shop\/special-offer-women-rendez-vous-store\/women-knitwear-special-offer\/quitan-ensemble-whole-garment-knit-white-rendez-vous-store\/#primaryimage\"},\"image\":{\"@id\":\"https:\/\/rendez-vous-store.com\/shop\/special-offer-women-rendez-vous-store\/women-knitwear-special-offer\/quitan-ensemble-whole-garment-knit-white-rendez-vous-store\/#primaryimage\"},\"thumbnailUrl\":\"https:\/\/rendez-vous-store.com\/app\/uploads\/2024\/10\/IMG_7870.webp\",\"datePublished\":\"2024-10-31T10:03:46+00:00\",\"dateModified\":\"2026-03-16T17:26:27+00:00\",\"description\":\"Quitan is on Rendez-Vous Store. This Quitan Ensemble Whole-Garment Knit White brings you craftsmanship and elegance. Discover now.\",\"breadcrumb\":{\"@id\":\"https:\/\/rendez-vous-store.com\/shop\/special-offer-women-rendez-vous-store\/women-knitwear-special-offer\/quitan-ensemble-whole-garment-knit-white-rendez-vous-store\/#breadcrumb\"},\"inLanguage\":\"fr-FR\",\"potentialAction\":[{\"@type\":\"ReadAction\",\"target\":[\"https:\/\/rendez-vous-store.com\/shop\/special-offer-women-rendez-vous-store\/women-knitwear-special-offer\/quitan-ensemble-whole-garment-knit-white-rendez-vous-store\/\"]}]},{\"@type\":\"ImageObject\",\"inLanguage\":\"fr-FR\",\"@id\":\"https:\/\/rendez-vous-store.com\/shop\/special-offer-women-rendez-vous-store\/women-knitwear-special-offer\/quitan-ensemble-whole-garment-knit-white-rendez-vous-store\/#primaryimage\",\"url\":\"https:\/\/rendez-vous-store.com\/app\/uploads\/2024\/10\/IMG_7870.webp\",\"contentUrl\":\"https:\/\/rendez-vous-store.com\/app\/uploads\/2024\/10\/IMG_7870.webp\",\"width\":1696,\"height\":2560},{\"@type\":\"BreadcrumbList\",\"@id\":\"https:\/\/rendez-vous-store.com\/shop\/special-offer-women-rendez-vous-store\/women-knitwear-special-offer\/quitan-ensemble-whole-garment-knit-white-rendez-vous-store\/#breadcrumb\",\"itemListElement\":[{\"@type\":\"ListItem\",\"position\":1,\"name\":\"Home\",\"item\":\"https:\/\/rendez-vous-store.com\/\"},{\"@type\":\"ListItem\",\"position\":2,\"name\":\"Shop\",\"item\":\"https:\/\/www.rendez-vous-store.com\/shop\/\"},{\"@type\":\"ListItem\",\"position\":3,\"name\":\"Quitan &#8211; Ensemble Whole-Garment Knit 4260035 &#8211; White\"}]},{\"@type\":\"WebSite\",\"@id\":\"https:\/\/rendez-vous-store.com\/#website\",\"url\":\"https:\/\/rendez-vous-store.com\/\",\"name\":\"RENDEZ-VOUS STORE\",\"description\":\"Slow Fashion for Women and Men\",\"potentialAction\":[{\"@type\":\"SearchAction\",\"target\":{\"@type\":\"EntryPoint\",\"urlTemplate\":\"https:\/\/rendez-vous-store.com\/?s={search_term_string}\"},\"query-input\":{\"@type\":\"PropertyValueSpecification\",\"valueRequired\":true,\"valueName\":\"search_term_string\"}}],\"inLanguage\":\"fr-FR\"}]}<\/script>\n<!-- \/ Yoast SEO plugin. -->","yoast_head_json":{"title":"Quitan Ensemble Whole-Garment Knit White","description":"Quitan is on Rendez-Vous Store. This Quitan Ensemble Whole-Garment Knit White brings you craftsmanship and elegance. Discover now.","robots":{"index":"index","follow":"follow","max-snippet":"max-snippet:-1","max-image-preview":"max-image-preview:large","max-video-preview":"max-video-preview:-1"},"canonical":"https:\/\/rendez-vous-store.com\/fr\/shop\/special-offer-women-rendez-vous-store\/women-knitwear-special-offer\/quitan-ensemble-whole-garment-knit-white-rendez-vous-store\/","og_locale":"fr_FR","og_type":"article","og_title":"Quitan Ensemble Whole-Garment Knit White","og_description":"Quitan is on Rendez-Vous Store. This Quitan Ensemble Whole-Garment Knit White brings you craftsmanship and elegance. Discover now.","og_url":"https:\/\/rendez-vous-store.com\/fr\/shop\/special-offer-women-rendez-vous-store\/women-knitwear-special-offer\/quitan-ensemble-whole-garment-knit-white-rendez-vous-store\/","og_site_name":"RENDEZ-VOUS STORE","article_modified_time":"2026-03-16T17:26:27+00:00","og_image":[{"width":1696,"height":2560,"url":"https:\/\/rendez-vous-store.com\/app\/uploads\/2024\/10\/IMG_7870.webp","type":"image\/webp"}],"twitter_card":"summary_large_image","twitter_misc":{"Est. reading time":"1 minute"},"schema":{"@context":"https:\/\/schema.org","@graph":[{"@type":"WebPage","@id":"https:\/\/rendez-vous-store.com\/shop\/special-offer-women-rendez-vous-store\/women-knitwear-special-offer\/quitan-ensemble-whole-garment-knit-white-rendez-vous-store\/","url":"https:\/\/rendez-vous-store.com\/shop\/special-offer-women-rendez-vous-store\/women-knitwear-special-offer\/quitan-ensemble-whole-garment-knit-white-rendez-vous-store\/","name":"Quitan Ensemble Whole-Garment Knit White","isPartOf":{"@id":"https:\/\/rendez-vous-store.com\/#website"},"primaryImageOfPage":{"@id":"https:\/\/rendez-vous-store.com\/shop\/special-offer-women-rendez-vous-store\/women-knitwear-special-offer\/quitan-ensemble-whole-garment-knit-white-rendez-vous-store\/#primaryimage"},"image":{"@id":"https:\/\/rendez-vous-store.com\/shop\/special-offer-women-rendez-vous-store\/women-knitwear-special-offer\/quitan-ensemble-whole-garment-knit-white-rendez-vous-store\/#primaryimage"},"thumbnailUrl":"https:\/\/rendez-vous-store.com\/app\/uploads\/2024\/10\/IMG_7870.webp","datePublished":"2024-10-31T10:03:46+00:00","dateModified":"2026-03-16T17:26:27+00:00","description":"Quitan is on Rendez-Vous Store. This Quitan Ensemble Whole-Garment Knit White brings you craftsmanship and elegance. Discover now.","breadcrumb":{"@id":"https:\/\/rendez-vous-store.com\/shop\/special-offer-women-rendez-vous-store\/women-knitwear-special-offer\/quitan-ensemble-whole-garment-knit-white-rendez-vous-store\/#breadcrumb"},"inLanguage":"fr-FR","potentialAction":[{"@type":"ReadAction","target":["https:\/\/rendez-vous-store.com\/shop\/special-offer-women-rendez-vous-store\/women-knitwear-special-offer\/quitan-ensemble-whole-garment-knit-white-rendez-vous-store\/"]}]},{"@type":"ImageObject","inLanguage":"fr-FR","@id":"https:\/\/rendez-vous-store.com\/shop\/special-offer-women-rendez-vous-store\/women-knitwear-special-offer\/quitan-ensemble-whole-garment-knit-white-rendez-vous-store\/#primaryimage","url":"https:\/\/rendez-vous-store.com\/app\/uploads\/2024\/10\/IMG_7870.webp","contentUrl":"https:\/\/rendez-vous-store.com\/app\/uploads\/2024\/10\/IMG_7870.webp","width":1696,"height":2560},{"@type":"BreadcrumbList","@id":"https:\/\/rendez-vous-store.com\/shop\/special-offer-women-rendez-vous-store\/women-knitwear-special-offer\/quitan-ensemble-whole-garment-knit-white-rendez-vous-store\/#breadcrumb","itemListElement":[{"@type":"ListItem","position":1,"name":"Home","item":"https:\/\/rendez-vous-store.com\/"},{"@type":"ListItem","position":2,"name":"Shop","item":"https:\/\/www.rendez-vous-store.com\/shop\/"},{"@type":"ListItem","position":3,"name":"Quitan &#8211; Ensemble Whole-Garment Knit 4260035 &#8211; White"}]},{"@type":"WebSite","@id":"https:\/\/rendez-vous-store.com\/#website","url":"https:\/\/rendez-vous-store.com\/","name":"RENDEZ-VOUS STORE","description":"Slow Fashion for Women and Men","potentialAction":[{"@type":"SearchAction","target":{"@type":"EntryPoint","urlTemplate":"https:\/\/rendez-vous-store.com\/?s={search_term_string}"},"query-input":{"@type":"PropertyValueSpecification","valueRequired":true,"valueName":"search_term_string"}}],"inLanguage":"fr-FR"}]}},"_links":{"self":[{"href":"https:\/\/rendez-vous-store.com\/fr\/wp-json\/wp\/v2\/product\/182403","targetHints":{"allow":["GET"]}}],"collection":[{"href":"https:\/\/rendez-vous-store.com\/fr\/wp-json\/wp\/v2\/product"}],"about":[{"href":"https:\/\/rendez-vous-store.com\/fr\/wp-json\/wp\/v2\/types\/product"}],"wp:featuredmedia":[{"embeddable":true,"href":"https:\/\/rendez-vous-store.com\/fr\/wp-json\/wp\/v2\/media\/186705"}],"wp:attachment":[{"href":"https:\/\/rendez-vous-store.com\/fr\/wp-json\/wp\/v2\/media?parent=182403"}],"wp:term":[{"taxonomy":"product_brand","embeddable":true,"href":"https:\/\/rendez-vous-store.com\/fr\/wp-json\/wp\/v2\/product_brand?post=182403"},{"taxonomy":"product_cat","embeddable":true,"href":"https:\/\/rendez-vous-store.com\/fr\/wp-json\/wp\/v2\/product_cat?post=182403"},{"taxonomy":"product_tag","embeddable":true,"href":"https:\/\/rendez-vous-store.com\/fr\/wp-json\/wp\/v2\/product_tag?post=182403"}],"curies":[{"name":"wp","href":"https:\/\/api.w.org\/{rel}","templated":true}]}}