{"id":182291,"date":"2024-10-31T10:19:38","date_gmt":"2024-10-31T09:19:38","guid":{"rendered":"https:\/\/rendez-vous-store.com\/?post_type=product&#038;p=182291"},"modified":"2026-04-24T15:24:31","modified_gmt":"2026-04-24T13:24:31","slug":"ricorrrobe-willow-skirt-velvet-pink-rendez-vous-store","status":"publish","type":"product","link":"https:\/\/rendez-vous-store.com\/fr\/shop\/special-offer-women-rendez-vous-store\/women-trousers-special-offer\/ricorrrobe-willow-skirt-velvet-pink-rendez-vous-store\/","title":{"rendered":"Ricorrrobe \u2013 Jupe Willow \u2013 Velours Rose"},"content":{"rendered":"<p><strong>Ricorrrobe \u2013 Jupe Willow \u2013 Velours Rose<\/strong><\/p>\n<p>Couleur : rose velours<\/p>\n<p>Taille \u00e9lastiqu\u00e9e<\/p>\n<p>Plis \u00e0 la taille<\/p>\n<p>Poches sur les coutures lat\u00e9rales<\/p>\n<p>Jupe \u00e9vas\u00e9e mi-longue<\/p>\n<p>Composition : 100% Cotton<\/p>\n<p>Fabriqu\u00e9 en Angleterre<\/p>\n<p>&nbsp;<\/p>\n<p>&nbsp;<\/p>\n<h4>La marque<\/h4>\n<div class=\"w-full text-token-text-primary\" dir=\"auto\" data-testid=\"conversation-turn-205\">\n<div class=\"px-4 py-2 justify-center text-base md:gap-6 m-auto\">\n<div class=\"flex flex-1 text-base mx-auto gap-3 juice:gap-4 juice:md:gap-6 md:px-5 lg:px-1 xl:px-5 md:max-w-3xl lg:max-w-[40rem] xl:max-w-[48rem]\">\n<div class=\"relative flex w-full flex-col agent-turn\">\n<div class=\"flex-col gap-1 md:gap-3\">\n<div class=\"flex flex-grow flex-col max-w-full\">\n<div class=\"min-h-[20px] text-message flex flex-col items-start gap-3 whitespace-pre-wrap break-words [.text-message+&amp;]:mt-5 overflow-x-auto\" dir=\"auto\" data-message-author-role=\"assistant\" data-message-id=\"57052223-53ab-473c-a24d-a048941c544d\">\n<div class=\"markdown prose w-full break-words dark:prose-invert light\">\n<div class=\"flex-1 overflow-hidden\">\n<div class=\"react-scroll-to-bottom--css-eiemt-79elbk h-full\">\n<div class=\"react-scroll-to-bottom--css-eiemt-1n7m0yu\">\n<div>\n<div class=\"flex flex-col text-sm pb-9\">\n<div class=\"w-full text-token-text-primary\" dir=\"auto\" data-testid=\"conversation-turn-213\">\n<div class=\"px-4 py-2 justify-center text-base md:gap-6 m-auto\">\n<div class=\"flex flex-1 text-base mx-auto gap-3 juice:gap-4 juice:md:gap-6 md:px-5 lg:px-1 xl:px-5 md:max-w-3xl lg:max-w-[40rem] xl:max-w-[48rem]\">\n<div class=\"relative flex w-full flex-col agent-turn\">\n<div class=\"flex-col gap-1 md:gap-3\">\n<div class=\"flex flex-grow flex-col max-w-full\">\n<div class=\"min-h-[20px] text-message flex flex-col items-start gap-3 whitespace-pre-wrap break-words [.text-message+&amp;]:mt-5 overflow-x-auto\" dir=\"auto\" data-message-author-role=\"assistant\" data-message-id=\"d52e7c2a-2b78-49ae-b203-f7e0aef239a8\">\n<div class=\"markdown prose w-full break-words dark:prose-invert light\">\n<p>Ricorrrobe, con\u00e7u par le designer japonais Rico Tsubota, bas\u00e9 \u00e0 Londres, m\u00eale harmonieusement les influences orientales et occidentales. Elle marie l'artisanat traditionnel et les sensibilit\u00e9s du design contemporain, garantissant que chaque v\u00eatement incarne l'\u00e9l\u00e9gance intemporelle et la polyvalence, tout en privil\u00e9giant le confort et la facilit\u00e9 d'utilisation.<\/p>\n<p>Des pulls douillets aux vestes cintr\u00e9es en passant par les robes fluides, chaque pi\u00e8ce de la collection Ricorrrobe a \u00e9t\u00e9 soigneusement s\u00e9lectionn\u00e9e pour s'int\u00e9grer harmonieusement \u00e0 n'importe quelle garde-robe et servir de base \u00e0 l'expression d'un style personnel.<\/p>\n<\/div>\n<\/div>\n<\/div>\n<\/div>\n<\/div>\n<\/div>\n<\/div>\n<\/div>\n<\/div>\n<\/div>\n<\/div>\n<\/div>\n<\/div>\n<\/div>\n<\/div>\n<\/div>\n<\/div>\n<\/div>\n<\/div>\n<\/div>\n<\/div>","protected":false},"excerpt":{"rendered":"<p>Ricorrrobe &#8211; Willow Skirt &#8211; Velvet Pink Color: Velvet Pink Elasticated waist Pleats from waist Side seam pockets A-line full skirt in midi length Composition : 100% Cotton Made in England &nbsp; &nbsp; The Brand Ricorrrobe, conceived by London-based Japanese designer Rico Tsubota, seamlessly blends Eastern and Western influences. It marries traditional craftsmanship with contemporary&hellip; <a class=\"more-link\" href=\"https:\/\/rendez-vous-store.com\/fr\/shop\/special-offer-women-rendez-vous-store\/women-trousers-special-offer\/ricorrrobe-willow-skirt-velvet-pink-rendez-vous-store\/\">Continuer la lecture <span class=\"screen-reader-text\">Ricorrrobe \u2013 Jupe Willow \u2013 Velours Rose<\/span><\/a><\/p>","protected":false},"featured_media":185639,"template":"","meta":{"_acf_changed":false},"product_brand":[],"product_cat":[1232,1335,1341,17,182],"product_tag":[696],"class_list":{"0":"post-182291","1":"product","2":"type-product","3":"status-publish","4":"has-post-thumbnail","6":"product_cat-sale-40","7":"product_cat-special-offer-women-rendez-vous-store","8":"product_cat-women-trousers-special-offer","9":"product_cat-women","10":"product_cat-trousers-skirts-discover-our-selection-rendez-vous-store","11":"product_tag-ricorrrobe-rendez-vous-store","12":"entry","14":"first","15":"outofstock","16":"taxable","17":"shipping-taxable","18":"product-type-variable"},"acf":[],"yoast_head":"<!-- This site is optimized with the Yoast SEO plugin v24.9 - https:\/\/yoast.com\/wordpress\/plugins\/seo\/ -->\n<title>Ricorrrobe Willow Skirt Velvet Pink<\/title>\n<meta name=\"description\" content=\"Ricorrrobe is on Rendez-vous Store. This Ricorrrobe Willow Skirt Velvet Pink is one of the pieces that are made for comfort and wearability.\" \/>\n<meta name=\"robots\" content=\"index, follow, max-snippet:-1, max-image-preview:large, max-video-preview:-1\" \/>\n<link rel=\"canonical\" href=\"https:\/\/rendez-vous-store.com\/fr\/shop\/special-offer-women-rendez-vous-store\/women-trousers-special-offer\/ricorrrobe-willow-skirt-velvet-pink-rendez-vous-store\/\" \/>\n<meta property=\"og:locale\" content=\"fr_FR\" \/>\n<meta property=\"og:type\" content=\"article\" \/>\n<meta property=\"og:title\" content=\"Ricorrrobe Willow Skirt Velvet Pink\" \/>\n<meta property=\"og:description\" content=\"Ricorrrobe is on Rendez-vous Store. This Ricorrrobe Willow Skirt Velvet Pink is one of the pieces that are made for comfort and wearability.\" \/>\n<meta property=\"og:url\" content=\"https:\/\/rendez-vous-store.com\/fr\/shop\/special-offer-women-rendez-vous-store\/women-trousers-special-offer\/ricorrrobe-willow-skirt-velvet-pink-rendez-vous-store\/\" \/>\n<meta property=\"og:site_name\" content=\"RENDEZ-VOUS STORE\" \/>\n<meta property=\"article:modified_time\" content=\"2026-04-24T13:24:31+00:00\" \/>\n<meta property=\"og:image\" content=\"https:\/\/rendez-vous-store.com\/wp-content\/uploads\/2024\/10\/rdv_ricorrrobe_21-scaled.webp\" \/>\n\t<meta property=\"og:image:width\" content=\"1696\" \/>\n\t<meta property=\"og:image:height\" content=\"2560\" \/>\n\t<meta property=\"og:image:type\" content=\"image\/webp\" \/>\n<meta name=\"twitter:card\" content=\"summary_large_image\" \/>\n<meta name=\"twitter:label1\" content=\"Est. reading time\" \/>\n\t<meta name=\"twitter:data1\" content=\"1 minute\" \/>\n<script type=\"application\/ld+json\" class=\"yoast-schema-graph\">{\"@context\":\"https:\/\/schema.org\",\"@graph\":[{\"@type\":\"WebPage\",\"@id\":\"https:\/\/rendez-vous-store.com\/shop\/special-offer-women-rendez-vous-store\/women-trousers-special-offer\/ricorrrobe-willow-skirt-velvet-pink-rendez-vous-store\/\",\"url\":\"https:\/\/rendez-vous-store.com\/shop\/special-offer-women-rendez-vous-store\/women-trousers-special-offer\/ricorrrobe-willow-skirt-velvet-pink-rendez-vous-store\/\",\"name\":\"Ricorrrobe Willow Skirt Velvet Pink\",\"isPartOf\":{\"@id\":\"https:\/\/rendez-vous-store.com\/#website\"},\"primaryImageOfPage\":{\"@id\":\"https:\/\/rendez-vous-store.com\/shop\/special-offer-women-rendez-vous-store\/women-trousers-special-offer\/ricorrrobe-willow-skirt-velvet-pink-rendez-vous-store\/#primaryimage\"},\"image\":{\"@id\":\"https:\/\/rendez-vous-store.com\/shop\/special-offer-women-rendez-vous-store\/women-trousers-special-offer\/ricorrrobe-willow-skirt-velvet-pink-rendez-vous-store\/#primaryimage\"},\"thumbnailUrl\":\"https:\/\/rendez-vous-store.com\/app\/uploads\/2024\/10\/rdv_ricorrrobe_21-scaled.webp\",\"datePublished\":\"2024-10-31T09:19:38+00:00\",\"dateModified\":\"2026-04-24T13:24:31+00:00\",\"description\":\"Ricorrrobe is on Rendez-vous Store. This Ricorrrobe Willow Skirt Velvet Pink is one of the pieces that are made for comfort and wearability.\",\"breadcrumb\":{\"@id\":\"https:\/\/rendez-vous-store.com\/shop\/special-offer-women-rendez-vous-store\/women-trousers-special-offer\/ricorrrobe-willow-skirt-velvet-pink-rendez-vous-store\/#breadcrumb\"},\"inLanguage\":\"fr-FR\",\"potentialAction\":[{\"@type\":\"ReadAction\",\"target\":[\"https:\/\/rendez-vous-store.com\/shop\/special-offer-women-rendez-vous-store\/women-trousers-special-offer\/ricorrrobe-willow-skirt-velvet-pink-rendez-vous-store\/\"]}]},{\"@type\":\"ImageObject\",\"inLanguage\":\"fr-FR\",\"@id\":\"https:\/\/rendez-vous-store.com\/shop\/special-offer-women-rendez-vous-store\/women-trousers-special-offer\/ricorrrobe-willow-skirt-velvet-pink-rendez-vous-store\/#primaryimage\",\"url\":\"https:\/\/rendez-vous-store.com\/app\/uploads\/2024\/10\/rdv_ricorrrobe_21-scaled.webp\",\"contentUrl\":\"https:\/\/rendez-vous-store.com\/app\/uploads\/2024\/10\/rdv_ricorrrobe_21-scaled.webp\",\"width\":1696,\"height\":2560},{\"@type\":\"BreadcrumbList\",\"@id\":\"https:\/\/rendez-vous-store.com\/shop\/special-offer-women-rendez-vous-store\/women-trousers-special-offer\/ricorrrobe-willow-skirt-velvet-pink-rendez-vous-store\/#breadcrumb\",\"itemListElement\":[{\"@type\":\"ListItem\",\"position\":1,\"name\":\"Home\",\"item\":\"https:\/\/rendez-vous-store.com\/\"},{\"@type\":\"ListItem\",\"position\":2,\"name\":\"Shop\",\"item\":\"https:\/\/www.rendez-vous-store.com\/shop\/\"},{\"@type\":\"ListItem\",\"position\":3,\"name\":\"Ricorrrobe &#8211; Willow Skirt &#8211; Velvet Pink\"}]},{\"@type\":\"WebSite\",\"@id\":\"https:\/\/rendez-vous-store.com\/#website\",\"url\":\"https:\/\/rendez-vous-store.com\/\",\"name\":\"RENDEZ-VOUS STORE\",\"description\":\"Slow Fashion for Women and Men\",\"potentialAction\":[{\"@type\":\"SearchAction\",\"target\":{\"@type\":\"EntryPoint\",\"urlTemplate\":\"https:\/\/rendez-vous-store.com\/?s={search_term_string}\"},\"query-input\":{\"@type\":\"PropertyValueSpecification\",\"valueRequired\":true,\"valueName\":\"search_term_string\"}}],\"inLanguage\":\"fr-FR\"}]}<\/script>\n<!-- \/ Yoast SEO plugin. -->","yoast_head_json":{"title":"Ricorrrobe Willow Skirt Velvet Pink","description":"Ricorrrobe is on Rendez-vous Store. This Ricorrrobe Willow Skirt Velvet Pink is one of the pieces that are made for comfort and wearability.","robots":{"index":"index","follow":"follow","max-snippet":"max-snippet:-1","max-image-preview":"max-image-preview:large","max-video-preview":"max-video-preview:-1"},"canonical":"https:\/\/rendez-vous-store.com\/fr\/shop\/special-offer-women-rendez-vous-store\/women-trousers-special-offer\/ricorrrobe-willow-skirt-velvet-pink-rendez-vous-store\/","og_locale":"fr_FR","og_type":"article","og_title":"Ricorrrobe Willow Skirt Velvet Pink","og_description":"Ricorrrobe is on Rendez-vous Store. This Ricorrrobe Willow Skirt Velvet Pink is one of the pieces that are made for comfort and wearability.","og_url":"https:\/\/rendez-vous-store.com\/fr\/shop\/special-offer-women-rendez-vous-store\/women-trousers-special-offer\/ricorrrobe-willow-skirt-velvet-pink-rendez-vous-store\/","og_site_name":"RENDEZ-VOUS STORE","article_modified_time":"2026-04-24T13:24:31+00:00","og_image":[{"width":1696,"height":2560,"url":"https:\/\/rendez-vous-store.com\/wp-content\/uploads\/2024\/10\/rdv_ricorrrobe_21-scaled.webp","type":"image\/webp"}],"twitter_card":"summary_large_image","twitter_misc":{"Est. reading time":"1 minute"},"schema":{"@context":"https:\/\/schema.org","@graph":[{"@type":"WebPage","@id":"https:\/\/rendez-vous-store.com\/shop\/special-offer-women-rendez-vous-store\/women-trousers-special-offer\/ricorrrobe-willow-skirt-velvet-pink-rendez-vous-store\/","url":"https:\/\/rendez-vous-store.com\/shop\/special-offer-women-rendez-vous-store\/women-trousers-special-offer\/ricorrrobe-willow-skirt-velvet-pink-rendez-vous-store\/","name":"Ricorrrobe Willow Skirt Velvet Pink","isPartOf":{"@id":"https:\/\/rendez-vous-store.com\/#website"},"primaryImageOfPage":{"@id":"https:\/\/rendez-vous-store.com\/shop\/special-offer-women-rendez-vous-store\/women-trousers-special-offer\/ricorrrobe-willow-skirt-velvet-pink-rendez-vous-store\/#primaryimage"},"image":{"@id":"https:\/\/rendez-vous-store.com\/shop\/special-offer-women-rendez-vous-store\/women-trousers-special-offer\/ricorrrobe-willow-skirt-velvet-pink-rendez-vous-store\/#primaryimage"},"thumbnailUrl":"https:\/\/rendez-vous-store.com\/app\/uploads\/2024\/10\/rdv_ricorrrobe_21-scaled.webp","datePublished":"2024-10-31T09:19:38+00:00","dateModified":"2026-04-24T13:24:31+00:00","description":"Ricorrrobe is on Rendez-vous Store. This Ricorrrobe Willow Skirt Velvet Pink is one of the pieces that are made for comfort and wearability.","breadcrumb":{"@id":"https:\/\/rendez-vous-store.com\/shop\/special-offer-women-rendez-vous-store\/women-trousers-special-offer\/ricorrrobe-willow-skirt-velvet-pink-rendez-vous-store\/#breadcrumb"},"inLanguage":"fr-FR","potentialAction":[{"@type":"ReadAction","target":["https:\/\/rendez-vous-store.com\/shop\/special-offer-women-rendez-vous-store\/women-trousers-special-offer\/ricorrrobe-willow-skirt-velvet-pink-rendez-vous-store\/"]}]},{"@type":"ImageObject","inLanguage":"fr-FR","@id":"https:\/\/rendez-vous-store.com\/shop\/special-offer-women-rendez-vous-store\/women-trousers-special-offer\/ricorrrobe-willow-skirt-velvet-pink-rendez-vous-store\/#primaryimage","url":"https:\/\/rendez-vous-store.com\/app\/uploads\/2024\/10\/rdv_ricorrrobe_21-scaled.webp","contentUrl":"https:\/\/rendez-vous-store.com\/app\/uploads\/2024\/10\/rdv_ricorrrobe_21-scaled.webp","width":1696,"height":2560},{"@type":"BreadcrumbList","@id":"https:\/\/rendez-vous-store.com\/shop\/special-offer-women-rendez-vous-store\/women-trousers-special-offer\/ricorrrobe-willow-skirt-velvet-pink-rendez-vous-store\/#breadcrumb","itemListElement":[{"@type":"ListItem","position":1,"name":"Home","item":"https:\/\/rendez-vous-store.com\/"},{"@type":"ListItem","position":2,"name":"Shop","item":"https:\/\/www.rendez-vous-store.com\/shop\/"},{"@type":"ListItem","position":3,"name":"Ricorrrobe &#8211; Willow Skirt &#8211; Velvet Pink"}]},{"@type":"WebSite","@id":"https:\/\/rendez-vous-store.com\/#website","url":"https:\/\/rendez-vous-store.com\/","name":"RENDEZ-VOUS STORE","description":"Slow Fashion for Women and Men","potentialAction":[{"@type":"SearchAction","target":{"@type":"EntryPoint","urlTemplate":"https:\/\/rendez-vous-store.com\/?s={search_term_string}"},"query-input":{"@type":"PropertyValueSpecification","valueRequired":true,"valueName":"search_term_string"}}],"inLanguage":"fr-FR"}]}},"_links":{"self":[{"href":"https:\/\/rendez-vous-store.com\/fr\/wp-json\/wp\/v2\/product\/182291","targetHints":{"allow":["GET"]}}],"collection":[{"href":"https:\/\/rendez-vous-store.com\/fr\/wp-json\/wp\/v2\/product"}],"about":[{"href":"https:\/\/rendez-vous-store.com\/fr\/wp-json\/wp\/v2\/types\/product"}],"wp:featuredmedia":[{"embeddable":true,"href":"https:\/\/rendez-vous-store.com\/fr\/wp-json\/wp\/v2\/media\/185639"}],"wp:attachment":[{"href":"https:\/\/rendez-vous-store.com\/fr\/wp-json\/wp\/v2\/media?parent=182291"}],"wp:term":[{"taxonomy":"product_brand","embeddable":true,"href":"https:\/\/rendez-vous-store.com\/fr\/wp-json\/wp\/v2\/product_brand?post=182291"},{"taxonomy":"product_cat","embeddable":true,"href":"https:\/\/rendez-vous-store.com\/fr\/wp-json\/wp\/v2\/product_cat?post=182291"},{"taxonomy":"product_tag","embeddable":true,"href":"https:\/\/rendez-vous-store.com\/fr\/wp-json\/wp\/v2\/product_tag?post=182291"}],"curies":[{"name":"wp","href":"https:\/\/api.w.org\/{rel}","templated":true}]}}