{"id":181823,"date":"2024-10-24T17:09:18","date_gmt":"2024-10-24T15:09:18","guid":{"rendered":"https:\/\/rendez-vous-store.com\/?post_type=product&#038;p=181823"},"modified":"2026-03-16T18:24:21","modified_gmt":"2026-03-16T17:24:21","slug":"cellar-door-vitto-trousers-resca-nero-bian-rendez-vous-store","status":"publish","type":"product","link":"https:\/\/rendez-vous-store.com\/fr\/shop\/last-pieces-men\/last-pieces-men-trousers-shorts-rendez-vous-store\/cellar-door-vitto-trousers-resca-nero-bian-rendez-vous-store\/","title":{"rendered":"Cellar Door - Pantalon Vitto - Resca Nero\/Bian"},"content":{"rendered":"<p><strong>Cellar Door - Pantalon Vitto - Resca Nero\/Bian<\/strong><\/p>\n<p>Couleur : Resca Nero\/Bian<\/p>\n<p>Jambes droites et pences<\/p>\n<p>Composition : 80% Laine 20% Polyester<\/p>\n<p>Fabriqu\u00e9 en Italie<\/p>\n<p>&nbsp;<\/p>\n<p>&nbsp;<\/p>\n<p>&nbsp;<\/p>\n<p><strong>La marque<\/strong><\/p>\n<p>Incarnant l'essence de l'excellence artisanale de troisi\u00e8me g\u00e9n\u00e9ration, fabriqu\u00e9e en Italie, Cellar Door est plus qu'une marque ; c'est une manifestation de tradition, de passion et d'\u00e9nergie cr\u00e9ative. Mais la mission de Cellar Door va au-del\u00e0 de la mode ; il s'agit de r\u00e9imaginer la cha\u00eene de production, en fusionnant les consid\u00e9rations \u00e9thiques et \u00e9cologiques pour cr\u00e9er une industrie durable qui r\u00e9sonne avec la soci\u00e9t\u00e9, l'artisanat et les communaut\u00e9s locales. Cet engagement en faveur de pratiques responsables se retrouve dans tous les aspects des activit\u00e9s de Cellar Door, qu'il s'agisse de s'approvisionner en tissus aupr\u00e8s de fournisseurs responsables ou de s'engager activement aupr\u00e8s des clients, des fournisseurs et des d\u00e9taillants pour leur faire partager son \u00e9thique.<\/p>","protected":false},"excerpt":{"rendered":"<p>Cellar Door &#8211; Vitto Trousers &#8211; Resca Nero\/Bian Color: Resca Nero\/Bian Straight leg and pences Composition : 80% Wool 20% Polyester Made in Italy &nbsp; &nbsp; &nbsp; The brand Embodying the essence of third-generation, Made in Italy artisanal excellence, Cellar Door is more than a brand; it&#8217;s a manifestation of tradition, passion, and creative energy.&hellip; <a class=\"more-link\" href=\"https:\/\/rendez-vous-store.com\/fr\/shop\/last-pieces-men\/last-pieces-men-trousers-shorts-rendez-vous-store\/cellar-door-vitto-trousers-resca-nero-bian-rendez-vous-store\/\">Continuer la lecture <span class=\"screen-reader-text\">Cellar Door - Pantalon Vitto - Resca Nero\/Bian<\/span><\/a><\/p>","protected":false},"featured_media":187156,"template":"","meta":{"_acf_changed":false},"product_brand":[],"product_cat":[1232,1137,1154],"product_tag":[1162],"class_list":{"0":"post-181823","1":"product","2":"type-product","3":"status-publish","4":"has-post-thumbnail","6":"product_cat-sale-40","7":"product_cat-last-pieces-men","8":"product_cat-last-pieces-men-trousers-shorts-rendez-vous-store","9":"product_tag-cellar-door-designers-rendez-vous-store","10":"entry","12":"first","13":"outofstock","14":"taxable","15":"shipping-taxable","16":"product-type-variable"},"acf":[],"yoast_head":"<!-- This site is optimized with the Yoast SEO plugin v24.9 - https:\/\/yoast.com\/wordpress\/plugins\/seo\/ -->\n<title>Cellar Door Vitto Trousers Resca Nero\/Bian<\/title>\n<meta name=\"description\" content=\"This Cellar Door Vitto Trousers Resca Nero\/Bian embodies the tradition, passion and creative energy of the brand. Discover now.\" \/>\n<meta name=\"robots\" content=\"index, follow, max-snippet:-1, max-image-preview:large, max-video-preview:-1\" \/>\n<link rel=\"canonical\" href=\"https:\/\/rendez-vous-store.com\/fr\/shop\/last-pieces-men\/last-pieces-men-trousers-shorts-rendez-vous-store\/cellar-door-vitto-trousers-resca-nero-bian-rendez-vous-store\/\" \/>\n<meta property=\"og:locale\" content=\"fr_FR\" \/>\n<meta property=\"og:type\" content=\"article\" \/>\n<meta property=\"og:title\" content=\"Cellar Door Vitto Trousers Resca Nero\/Bian\" \/>\n<meta property=\"og:description\" content=\"This Cellar Door Vitto Trousers Resca Nero\/Bian embodies the tradition, passion and creative energy of the brand. Discover now.\" \/>\n<meta property=\"og:url\" content=\"https:\/\/rendez-vous-store.com\/fr\/shop\/last-pieces-men\/last-pieces-men-trousers-shorts-rendez-vous-store\/cellar-door-vitto-trousers-resca-nero-bian-rendez-vous-store\/\" \/>\n<meta property=\"og:site_name\" content=\"RENDEZ-VOUS STORE\" \/>\n<meta property=\"article:modified_time\" content=\"2026-03-16T17:24:21+00:00\" \/>\n<meta property=\"og:image\" content=\"https:\/\/rendez-vous-store.com\/app\/uploads\/2024\/10\/IMG_9327.webp\" \/>\n\t<meta property=\"og:image:width\" content=\"1696\" \/>\n\t<meta property=\"og:image:height\" content=\"2560\" \/>\n\t<meta property=\"og:image:type\" content=\"image\/webp\" \/>\n<meta name=\"twitter:card\" content=\"summary_large_image\" \/>\n<meta name=\"twitter:label1\" content=\"Est. reading time\" \/>\n\t<meta name=\"twitter:data1\" content=\"1 minute\" \/>\n<script type=\"application\/ld+json\" class=\"yoast-schema-graph\">{\"@context\":\"https:\/\/schema.org\",\"@graph\":[{\"@type\":\"WebPage\",\"@id\":\"https:\/\/rendez-vous-store.com\/shop\/last-pieces-men\/last-pieces-men-trousers-shorts-rendez-vous-store\/cellar-door-vitto-trousers-resca-nero-bian-rendez-vous-store\/\",\"url\":\"https:\/\/rendez-vous-store.com\/shop\/last-pieces-men\/last-pieces-men-trousers-shorts-rendez-vous-store\/cellar-door-vitto-trousers-resca-nero-bian-rendez-vous-store\/\",\"name\":\"Cellar Door Vitto Trousers Resca Nero\/Bian\",\"isPartOf\":{\"@id\":\"https:\/\/rendez-vous-store.com\/#website\"},\"primaryImageOfPage\":{\"@id\":\"https:\/\/rendez-vous-store.com\/shop\/last-pieces-men\/last-pieces-men-trousers-shorts-rendez-vous-store\/cellar-door-vitto-trousers-resca-nero-bian-rendez-vous-store\/#primaryimage\"},\"image\":{\"@id\":\"https:\/\/rendez-vous-store.com\/shop\/last-pieces-men\/last-pieces-men-trousers-shorts-rendez-vous-store\/cellar-door-vitto-trousers-resca-nero-bian-rendez-vous-store\/#primaryimage\"},\"thumbnailUrl\":\"https:\/\/rendez-vous-store.com\/app\/uploads\/2024\/10\/IMG_9327.webp\",\"datePublished\":\"2024-10-24T15:09:18+00:00\",\"dateModified\":\"2026-03-16T17:24:21+00:00\",\"description\":\"This Cellar Door Vitto Trousers Resca Nero\/Bian embodies the tradition, passion and creative energy of the brand. Discover now.\",\"breadcrumb\":{\"@id\":\"https:\/\/rendez-vous-store.com\/shop\/last-pieces-men\/last-pieces-men-trousers-shorts-rendez-vous-store\/cellar-door-vitto-trousers-resca-nero-bian-rendez-vous-store\/#breadcrumb\"},\"inLanguage\":\"fr-FR\",\"potentialAction\":[{\"@type\":\"ReadAction\",\"target\":[\"https:\/\/rendez-vous-store.com\/shop\/last-pieces-men\/last-pieces-men-trousers-shorts-rendez-vous-store\/cellar-door-vitto-trousers-resca-nero-bian-rendez-vous-store\/\"]}]},{\"@type\":\"ImageObject\",\"inLanguage\":\"fr-FR\",\"@id\":\"https:\/\/rendez-vous-store.com\/shop\/last-pieces-men\/last-pieces-men-trousers-shorts-rendez-vous-store\/cellar-door-vitto-trousers-resca-nero-bian-rendez-vous-store\/#primaryimage\",\"url\":\"https:\/\/rendez-vous-store.com\/app\/uploads\/2024\/10\/IMG_9327.webp\",\"contentUrl\":\"https:\/\/rendez-vous-store.com\/app\/uploads\/2024\/10\/IMG_9327.webp\",\"width\":1696,\"height\":2560},{\"@type\":\"BreadcrumbList\",\"@id\":\"https:\/\/rendez-vous-store.com\/shop\/last-pieces-men\/last-pieces-men-trousers-shorts-rendez-vous-store\/cellar-door-vitto-trousers-resca-nero-bian-rendez-vous-store\/#breadcrumb\",\"itemListElement\":[{\"@type\":\"ListItem\",\"position\":1,\"name\":\"Home\",\"item\":\"https:\/\/rendez-vous-store.com\/\"},{\"@type\":\"ListItem\",\"position\":2,\"name\":\"Shop\",\"item\":\"https:\/\/www.rendez-vous-store.com\/shop\/\"},{\"@type\":\"ListItem\",\"position\":3,\"name\":\"Cellar Door &#8211; Vitto Trousers &#8211; Resca Nero\/Bian\"}]},{\"@type\":\"WebSite\",\"@id\":\"https:\/\/rendez-vous-store.com\/#website\",\"url\":\"https:\/\/rendez-vous-store.com\/\",\"name\":\"RENDEZ-VOUS STORE\",\"description\":\"Slow Fashion for Women and Men\",\"potentialAction\":[{\"@type\":\"SearchAction\",\"target\":{\"@type\":\"EntryPoint\",\"urlTemplate\":\"https:\/\/rendez-vous-store.com\/?s={search_term_string}\"},\"query-input\":{\"@type\":\"PropertyValueSpecification\",\"valueRequired\":true,\"valueName\":\"search_term_string\"}}],\"inLanguage\":\"fr-FR\"}]}<\/script>\n<!-- \/ Yoast SEO plugin. -->","yoast_head_json":{"title":"Cellar Door Vitto Trousers Resca Nero\/Bian","description":"This Cellar Door Vitto Trousers Resca Nero\/Bian embodies the tradition, passion and creative energy of the brand. Discover now.","robots":{"index":"index","follow":"follow","max-snippet":"max-snippet:-1","max-image-preview":"max-image-preview:large","max-video-preview":"max-video-preview:-1"},"canonical":"https:\/\/rendez-vous-store.com\/fr\/shop\/last-pieces-men\/last-pieces-men-trousers-shorts-rendez-vous-store\/cellar-door-vitto-trousers-resca-nero-bian-rendez-vous-store\/","og_locale":"fr_FR","og_type":"article","og_title":"Cellar Door Vitto Trousers Resca Nero\/Bian","og_description":"This Cellar Door Vitto Trousers Resca Nero\/Bian embodies the tradition, passion and creative energy of the brand. Discover now.","og_url":"https:\/\/rendez-vous-store.com\/fr\/shop\/last-pieces-men\/last-pieces-men-trousers-shorts-rendez-vous-store\/cellar-door-vitto-trousers-resca-nero-bian-rendez-vous-store\/","og_site_name":"RENDEZ-VOUS STORE","article_modified_time":"2026-03-16T17:24:21+00:00","og_image":[{"width":1696,"height":2560,"url":"https:\/\/rendez-vous-store.com\/app\/uploads\/2024\/10\/IMG_9327.webp","type":"image\/webp"}],"twitter_card":"summary_large_image","twitter_misc":{"Est. reading time":"1 minute"},"schema":{"@context":"https:\/\/schema.org","@graph":[{"@type":"WebPage","@id":"https:\/\/rendez-vous-store.com\/shop\/last-pieces-men\/last-pieces-men-trousers-shorts-rendez-vous-store\/cellar-door-vitto-trousers-resca-nero-bian-rendez-vous-store\/","url":"https:\/\/rendez-vous-store.com\/shop\/last-pieces-men\/last-pieces-men-trousers-shorts-rendez-vous-store\/cellar-door-vitto-trousers-resca-nero-bian-rendez-vous-store\/","name":"Cellar Door Vitto Trousers Resca Nero\/Bian","isPartOf":{"@id":"https:\/\/rendez-vous-store.com\/#website"},"primaryImageOfPage":{"@id":"https:\/\/rendez-vous-store.com\/shop\/last-pieces-men\/last-pieces-men-trousers-shorts-rendez-vous-store\/cellar-door-vitto-trousers-resca-nero-bian-rendez-vous-store\/#primaryimage"},"image":{"@id":"https:\/\/rendez-vous-store.com\/shop\/last-pieces-men\/last-pieces-men-trousers-shorts-rendez-vous-store\/cellar-door-vitto-trousers-resca-nero-bian-rendez-vous-store\/#primaryimage"},"thumbnailUrl":"https:\/\/rendez-vous-store.com\/app\/uploads\/2024\/10\/IMG_9327.webp","datePublished":"2024-10-24T15:09:18+00:00","dateModified":"2026-03-16T17:24:21+00:00","description":"This Cellar Door Vitto Trousers Resca Nero\/Bian embodies the tradition, passion and creative energy of the brand. Discover now.","breadcrumb":{"@id":"https:\/\/rendez-vous-store.com\/shop\/last-pieces-men\/last-pieces-men-trousers-shorts-rendez-vous-store\/cellar-door-vitto-trousers-resca-nero-bian-rendez-vous-store\/#breadcrumb"},"inLanguage":"fr-FR","potentialAction":[{"@type":"ReadAction","target":["https:\/\/rendez-vous-store.com\/shop\/last-pieces-men\/last-pieces-men-trousers-shorts-rendez-vous-store\/cellar-door-vitto-trousers-resca-nero-bian-rendez-vous-store\/"]}]},{"@type":"ImageObject","inLanguage":"fr-FR","@id":"https:\/\/rendez-vous-store.com\/shop\/last-pieces-men\/last-pieces-men-trousers-shorts-rendez-vous-store\/cellar-door-vitto-trousers-resca-nero-bian-rendez-vous-store\/#primaryimage","url":"https:\/\/rendez-vous-store.com\/app\/uploads\/2024\/10\/IMG_9327.webp","contentUrl":"https:\/\/rendez-vous-store.com\/app\/uploads\/2024\/10\/IMG_9327.webp","width":1696,"height":2560},{"@type":"BreadcrumbList","@id":"https:\/\/rendez-vous-store.com\/shop\/last-pieces-men\/last-pieces-men-trousers-shorts-rendez-vous-store\/cellar-door-vitto-trousers-resca-nero-bian-rendez-vous-store\/#breadcrumb","itemListElement":[{"@type":"ListItem","position":1,"name":"Home","item":"https:\/\/rendez-vous-store.com\/"},{"@type":"ListItem","position":2,"name":"Shop","item":"https:\/\/www.rendez-vous-store.com\/shop\/"},{"@type":"ListItem","position":3,"name":"Cellar Door &#8211; Vitto Trousers &#8211; Resca Nero\/Bian"}]},{"@type":"WebSite","@id":"https:\/\/rendez-vous-store.com\/#website","url":"https:\/\/rendez-vous-store.com\/","name":"RENDEZ-VOUS STORE","description":"Slow Fashion for Women and Men","potentialAction":[{"@type":"SearchAction","target":{"@type":"EntryPoint","urlTemplate":"https:\/\/rendez-vous-store.com\/?s={search_term_string}"},"query-input":{"@type":"PropertyValueSpecification","valueRequired":true,"valueName":"search_term_string"}}],"inLanguage":"fr-FR"}]}},"_links":{"self":[{"href":"https:\/\/rendez-vous-store.com\/fr\/wp-json\/wp\/v2\/product\/181823","targetHints":{"allow":["GET"]}}],"collection":[{"href":"https:\/\/rendez-vous-store.com\/fr\/wp-json\/wp\/v2\/product"}],"about":[{"href":"https:\/\/rendez-vous-store.com\/fr\/wp-json\/wp\/v2\/types\/product"}],"wp:featuredmedia":[{"embeddable":true,"href":"https:\/\/rendez-vous-store.com\/fr\/wp-json\/wp\/v2\/media\/187156"}],"wp:attachment":[{"href":"https:\/\/rendez-vous-store.com\/fr\/wp-json\/wp\/v2\/media?parent=181823"}],"wp:term":[{"taxonomy":"product_brand","embeddable":true,"href":"https:\/\/rendez-vous-store.com\/fr\/wp-json\/wp\/v2\/product_brand?post=181823"},{"taxonomy":"product_cat","embeddable":true,"href":"https:\/\/rendez-vous-store.com\/fr\/wp-json\/wp\/v2\/product_cat?post=181823"},{"taxonomy":"product_tag","embeddable":true,"href":"https:\/\/rendez-vous-store.com\/fr\/wp-json\/wp\/v2\/product_tag?post=181823"}],"curies":[{"name":"wp","href":"https:\/\/api.w.org\/{rel}","templated":true}]}}