{"id":181455,"date":"2024-10-23T16:21:47","date_gmt":"2024-10-23T14:21:47","guid":{"rendered":"https:\/\/rendez-vous-store.com\/?post_type=product&#038;p=181455"},"modified":"2026-03-16T19:04:19","modified_gmt":"2026-03-16T18:04:19","slug":"sono-sol-snowpant-1038-off-black","status":"publish","type":"product","link":"https:\/\/rendez-vous-store.com\/fr\/shop\/unisex-rendez-vous-store\/trousers-shirts-unisex-rendez-vous-store\/sono-sol-snowpant-1038-off-black\/","title":{"rendered":"Sono &#8211; Sol Snowpant 1038 &#8211; Off Black"},"content":{"rendered":"<p><strong>Sono &#8211; Sol Snowpant 1038 &#8211; Off Black<\/strong><\/p>\n<p>Couleur : Noir cass\u00e9<\/p>\n<p>Super oversized drawstring trousers<\/p>\n<p>Jambe droite large<\/p>\n<p>Longue mont\u00e9e<\/p>\n<p>Poches dans la couture lat\u00e9rale<\/p>\n<p>Practical large back pocket<\/p>\n<p>Composition : 100%\u00a0Organic Cotton Poplin<\/p>\n<p>Fabriqu\u00e9 en France<\/p>\n<p>&nbsp;<\/p>\n<p>&nbsp;<\/p>\n<p>&nbsp;<\/p>\n<p>&nbsp;<\/p>\n<p>&nbsp;<\/p>\n<p>&nbsp;<\/p>\n<p><strong>La marque\u00a0<\/strong><\/p>\n<p>SONO est une marque de mode cr\u00e9\u00e9e par Stephanie Oberg et Simon Homes, visant \u00e0 red\u00e9finir le luxe dans un monde qui valorise la durabilit\u00e9. Leur collaboration allie un design haut de gamme \u00e0 un engagement en faveur des normes \u00e9thiques et environnementales, prouvant ainsi que la haute couture peut \u00eatre \u00e0 la fois \u00e9l\u00e9gante et respectueuse de l'environnement.<\/p>\n<p>La marque adopte une approche durable en s'attaquant directement aux principaux d\u00e9fis de l'industrie de l'habillement. Chaque \u00e9tape, de l'approvisionnement en mati\u00e8res premi\u00e8res \u00e0 la production, est soigneusement \u00e9tudi\u00e9e pour minimiser l'impact sur l'environnement. SONO d\u00e9fend sa philosophie \u00e9cologique en mettant l'accent sur une fabrication \u00e9thique et responsable, tout en veillant \u00e0 ce que la qualit\u00e9 ne souffre d'aucun compromis.<\/p>\n<p>En mettant l'accent sur la cr\u00e9ation de pi\u00e8ces intemporelles et \u00e9tonnantes, SONO est \u00e0 l'avant-garde d'un mouvement en faveur d'une mode de luxe plus durable.<\/p>\n<p>&nbsp;<\/p>","protected":false},"excerpt":{"rendered":"<p>Sono &#8211; Sol Snowpant 1038 &#8211; Off Black Color: Off Black Super oversized drawstring trousers Wide straight leg Long rise Pockets in side seam Practical large back pocket Composition : 100%\u00a0Organic Cotton Poplin Made in France &nbsp; &nbsp; &nbsp; &nbsp; &nbsp; &nbsp; The brand\u00a0 SONO is a fashion brand created by Stephanie Oberg and Simon&hellip; <a class=\"more-link\" href=\"https:\/\/rendez-vous-store.com\/fr\/shop\/unisex-rendez-vous-store\/trousers-shirts-unisex-rendez-vous-store\/sono-sol-snowpant-1038-off-black\/\">Continuer la lecture <span class=\"screen-reader-text\">Sono &#8211; Sol Snowpant 1038 &#8211; Off Black<\/span><\/a><\/p>","protected":false},"featured_media":213035,"template":"","meta":{"_acf_changed":false},"product_brand":[],"product_cat":[1311,1305,1304],"product_tag":[1303],"class_list":{"0":"post-181455","1":"product","2":"type-product","3":"status-publish","4":"has-post-thumbnail","6":"product_cat-unisex-new-rendez-vous-store","7":"product_cat-trousers-shirts-unisex-rendez-vous-store","8":"product_cat-unisex-rendez-vous-store","9":"product_tag-sono-rendez-vous-store","10":"entry","12":"first","13":"outofstock","14":"taxable","15":"shipping-taxable","16":"product-type-variable"},"acf":[],"yoast_head":"<!-- This site is optimized with the Yoast SEO plugin v24.9 - https:\/\/yoast.com\/wordpress\/plugins\/seo\/ -->\n<title>Sono Sol Snowpant 1038 Off Black<\/title>\n<meta name=\"description\" content=\"This SONO Sol Snowpant 1038 Off Black offers you the luxury of beautiful clothes while responding to ethical and environmental concerns.\" \/>\n<meta name=\"robots\" content=\"index, follow, max-snippet:-1, max-image-preview:large, max-video-preview:-1\" \/>\n<link rel=\"canonical\" href=\"https:\/\/rendez-vous-store.com\/fr\/shop\/unisex-rendez-vous-store\/trousers-shirts-unisex-rendez-vous-store\/sono-sol-snowpant-1038-off-black\/\" \/>\n<meta property=\"og:locale\" content=\"fr_FR\" \/>\n<meta property=\"og:type\" content=\"article\" \/>\n<meta property=\"og:title\" content=\"Sono Sol Snowpant 1038 Off Black\" \/>\n<meta property=\"og:description\" content=\"This SONO Sol Snowpant 1038 Off Black offers you the luxury of beautiful clothes while responding to ethical and environmental concerns.\" \/>\n<meta property=\"og:url\" content=\"https:\/\/rendez-vous-store.com\/fr\/shop\/unisex-rendez-vous-store\/trousers-shirts-unisex-rendez-vous-store\/sono-sol-snowpant-1038-off-black\/\" \/>\n<meta property=\"og:site_name\" content=\"RENDEZ-VOUS STORE\" \/>\n<meta property=\"article:modified_time\" content=\"2026-03-16T18:04:19+00:00\" \/>\n<meta property=\"og:image\" content=\"https:\/\/rendez-vous-store.com\/app\/uploads\/2024\/10\/IMG_4645-min-scaled.webp\" \/>\n\t<meta property=\"og:image:width\" content=\"1707\" \/>\n\t<meta property=\"og:image:height\" content=\"2560\" \/>\n\t<meta property=\"og:image:type\" content=\"image\/webp\" \/>\n<meta name=\"twitter:card\" content=\"summary_large_image\" \/>\n<meta name=\"twitter:label1\" content=\"Est. reading time\" \/>\n\t<meta name=\"twitter:data1\" content=\"1 minute\" \/>\n<script type=\"application\/ld+json\" class=\"yoast-schema-graph\">{\"@context\":\"https:\/\/schema.org\",\"@graph\":[{\"@type\":\"WebPage\",\"@id\":\"https:\/\/rendez-vous-store.com\/shop\/unisex-rendez-vous-store\/trousers-shirts-unisex-rendez-vous-store\/sono-sol-snowpant-1038-off-black\/\",\"url\":\"https:\/\/rendez-vous-store.com\/shop\/unisex-rendez-vous-store\/trousers-shirts-unisex-rendez-vous-store\/sono-sol-snowpant-1038-off-black\/\",\"name\":\"Sono Sol Snowpant 1038 Off Black\",\"isPartOf\":{\"@id\":\"https:\/\/rendez-vous-store.com\/#website\"},\"primaryImageOfPage\":{\"@id\":\"https:\/\/rendez-vous-store.com\/shop\/unisex-rendez-vous-store\/trousers-shirts-unisex-rendez-vous-store\/sono-sol-snowpant-1038-off-black\/#primaryimage\"},\"image\":{\"@id\":\"https:\/\/rendez-vous-store.com\/shop\/unisex-rendez-vous-store\/trousers-shirts-unisex-rendez-vous-store\/sono-sol-snowpant-1038-off-black\/#primaryimage\"},\"thumbnailUrl\":\"https:\/\/rendez-vous-store.com\/app\/uploads\/2024\/10\/IMG_4645-min-scaled.webp\",\"datePublished\":\"2024-10-23T14:21:47+00:00\",\"dateModified\":\"2026-03-16T18:04:19+00:00\",\"description\":\"This SONO Sol Snowpant 1038 Off Black offers you the luxury of beautiful clothes while responding to ethical and environmental concerns.\",\"breadcrumb\":{\"@id\":\"https:\/\/rendez-vous-store.com\/shop\/unisex-rendez-vous-store\/trousers-shirts-unisex-rendez-vous-store\/sono-sol-snowpant-1038-off-black\/#breadcrumb\"},\"inLanguage\":\"fr-FR\",\"potentialAction\":[{\"@type\":\"ReadAction\",\"target\":[\"https:\/\/rendez-vous-store.com\/shop\/unisex-rendez-vous-store\/trousers-shirts-unisex-rendez-vous-store\/sono-sol-snowpant-1038-off-black\/\"]}]},{\"@type\":\"ImageObject\",\"inLanguage\":\"fr-FR\",\"@id\":\"https:\/\/rendez-vous-store.com\/shop\/unisex-rendez-vous-store\/trousers-shirts-unisex-rendez-vous-store\/sono-sol-snowpant-1038-off-black\/#primaryimage\",\"url\":\"https:\/\/rendez-vous-store.com\/app\/uploads\/2024\/10\/IMG_4645-min-scaled.webp\",\"contentUrl\":\"https:\/\/rendez-vous-store.com\/app\/uploads\/2024\/10\/IMG_4645-min-scaled.webp\",\"width\":1707,\"height\":2560},{\"@type\":\"BreadcrumbList\",\"@id\":\"https:\/\/rendez-vous-store.com\/shop\/unisex-rendez-vous-store\/trousers-shirts-unisex-rendez-vous-store\/sono-sol-snowpant-1038-off-black\/#breadcrumb\",\"itemListElement\":[{\"@type\":\"ListItem\",\"position\":1,\"name\":\"Home\",\"item\":\"https:\/\/rendez-vous-store.com\/\"},{\"@type\":\"ListItem\",\"position\":2,\"name\":\"Shop\",\"item\":\"https:\/\/www.rendez-vous-store.com\/shop\/\"},{\"@type\":\"ListItem\",\"position\":3,\"name\":\"Sono &#8211; Sol Snowpant 1038 &#8211; Off Black\"}]},{\"@type\":\"WebSite\",\"@id\":\"https:\/\/rendez-vous-store.com\/#website\",\"url\":\"https:\/\/rendez-vous-store.com\/\",\"name\":\"RENDEZ-VOUS STORE\",\"description\":\"Slow Fashion for Women and Men\",\"potentialAction\":[{\"@type\":\"SearchAction\",\"target\":{\"@type\":\"EntryPoint\",\"urlTemplate\":\"https:\/\/rendez-vous-store.com\/?s={search_term_string}\"},\"query-input\":{\"@type\":\"PropertyValueSpecification\",\"valueRequired\":true,\"valueName\":\"search_term_string\"}}],\"inLanguage\":\"fr-FR\"}]}<\/script>\n<!-- \/ Yoast SEO plugin. -->","yoast_head_json":{"title":"Sono Sol Snowpant 1038 Off Black","description":"This SONO Sol Snowpant 1038 Off Black offers you the luxury of beautiful clothes while responding to ethical and environmental concerns.","robots":{"index":"index","follow":"follow","max-snippet":"max-snippet:-1","max-image-preview":"max-image-preview:large","max-video-preview":"max-video-preview:-1"},"canonical":"https:\/\/rendez-vous-store.com\/fr\/shop\/unisex-rendez-vous-store\/trousers-shirts-unisex-rendez-vous-store\/sono-sol-snowpant-1038-off-black\/","og_locale":"fr_FR","og_type":"article","og_title":"Sono Sol Snowpant 1038 Off Black","og_description":"This SONO Sol Snowpant 1038 Off Black offers you the luxury of beautiful clothes while responding to ethical and environmental concerns.","og_url":"https:\/\/rendez-vous-store.com\/fr\/shop\/unisex-rendez-vous-store\/trousers-shirts-unisex-rendez-vous-store\/sono-sol-snowpant-1038-off-black\/","og_site_name":"RENDEZ-VOUS STORE","article_modified_time":"2026-03-16T18:04:19+00:00","og_image":[{"width":1707,"height":2560,"url":"https:\/\/rendez-vous-store.com\/app\/uploads\/2024\/10\/IMG_4645-min-scaled.webp","type":"image\/webp"}],"twitter_card":"summary_large_image","twitter_misc":{"Est. reading time":"1 minute"},"schema":{"@context":"https:\/\/schema.org","@graph":[{"@type":"WebPage","@id":"https:\/\/rendez-vous-store.com\/shop\/unisex-rendez-vous-store\/trousers-shirts-unisex-rendez-vous-store\/sono-sol-snowpant-1038-off-black\/","url":"https:\/\/rendez-vous-store.com\/shop\/unisex-rendez-vous-store\/trousers-shirts-unisex-rendez-vous-store\/sono-sol-snowpant-1038-off-black\/","name":"Sono Sol Snowpant 1038 Off Black","isPartOf":{"@id":"https:\/\/rendez-vous-store.com\/#website"},"primaryImageOfPage":{"@id":"https:\/\/rendez-vous-store.com\/shop\/unisex-rendez-vous-store\/trousers-shirts-unisex-rendez-vous-store\/sono-sol-snowpant-1038-off-black\/#primaryimage"},"image":{"@id":"https:\/\/rendez-vous-store.com\/shop\/unisex-rendez-vous-store\/trousers-shirts-unisex-rendez-vous-store\/sono-sol-snowpant-1038-off-black\/#primaryimage"},"thumbnailUrl":"https:\/\/rendez-vous-store.com\/app\/uploads\/2024\/10\/IMG_4645-min-scaled.webp","datePublished":"2024-10-23T14:21:47+00:00","dateModified":"2026-03-16T18:04:19+00:00","description":"This SONO Sol Snowpant 1038 Off Black offers you the luxury of beautiful clothes while responding to ethical and environmental concerns.","breadcrumb":{"@id":"https:\/\/rendez-vous-store.com\/shop\/unisex-rendez-vous-store\/trousers-shirts-unisex-rendez-vous-store\/sono-sol-snowpant-1038-off-black\/#breadcrumb"},"inLanguage":"fr-FR","potentialAction":[{"@type":"ReadAction","target":["https:\/\/rendez-vous-store.com\/shop\/unisex-rendez-vous-store\/trousers-shirts-unisex-rendez-vous-store\/sono-sol-snowpant-1038-off-black\/"]}]},{"@type":"ImageObject","inLanguage":"fr-FR","@id":"https:\/\/rendez-vous-store.com\/shop\/unisex-rendez-vous-store\/trousers-shirts-unisex-rendez-vous-store\/sono-sol-snowpant-1038-off-black\/#primaryimage","url":"https:\/\/rendez-vous-store.com\/app\/uploads\/2024\/10\/IMG_4645-min-scaled.webp","contentUrl":"https:\/\/rendez-vous-store.com\/app\/uploads\/2024\/10\/IMG_4645-min-scaled.webp","width":1707,"height":2560},{"@type":"BreadcrumbList","@id":"https:\/\/rendez-vous-store.com\/shop\/unisex-rendez-vous-store\/trousers-shirts-unisex-rendez-vous-store\/sono-sol-snowpant-1038-off-black\/#breadcrumb","itemListElement":[{"@type":"ListItem","position":1,"name":"Home","item":"https:\/\/rendez-vous-store.com\/"},{"@type":"ListItem","position":2,"name":"Shop","item":"https:\/\/www.rendez-vous-store.com\/shop\/"},{"@type":"ListItem","position":3,"name":"Sono &#8211; Sol Snowpant 1038 &#8211; Off Black"}]},{"@type":"WebSite","@id":"https:\/\/rendez-vous-store.com\/#website","url":"https:\/\/rendez-vous-store.com\/","name":"RENDEZ-VOUS STORE","description":"Slow Fashion for Women and Men","potentialAction":[{"@type":"SearchAction","target":{"@type":"EntryPoint","urlTemplate":"https:\/\/rendez-vous-store.com\/?s={search_term_string}"},"query-input":{"@type":"PropertyValueSpecification","valueRequired":true,"valueName":"search_term_string"}}],"inLanguage":"fr-FR"}]}},"_links":{"self":[{"href":"https:\/\/rendez-vous-store.com\/fr\/wp-json\/wp\/v2\/product\/181455","targetHints":{"allow":["GET"]}}],"collection":[{"href":"https:\/\/rendez-vous-store.com\/fr\/wp-json\/wp\/v2\/product"}],"about":[{"href":"https:\/\/rendez-vous-store.com\/fr\/wp-json\/wp\/v2\/types\/product"}],"wp:featuredmedia":[{"embeddable":true,"href":"https:\/\/rendez-vous-store.com\/fr\/wp-json\/wp\/v2\/media\/213035"}],"wp:attachment":[{"href":"https:\/\/rendez-vous-store.com\/fr\/wp-json\/wp\/v2\/media?parent=181455"}],"wp:term":[{"taxonomy":"product_brand","embeddable":true,"href":"https:\/\/rendez-vous-store.com\/fr\/wp-json\/wp\/v2\/product_brand?post=181455"},{"taxonomy":"product_cat","embeddable":true,"href":"https:\/\/rendez-vous-store.com\/fr\/wp-json\/wp\/v2\/product_cat?post=181455"},{"taxonomy":"product_tag","embeddable":true,"href":"https:\/\/rendez-vous-store.com\/fr\/wp-json\/wp\/v2\/product_tag?post=181455"}],"curies":[{"name":"wp","href":"https:\/\/api.w.org\/{rel}","templated":true}]}}