{"id":181445,"date":"2024-10-23T16:21:12","date_gmt":"2024-10-23T14:21:12","guid":{"rendered":"https:\/\/rendez-vous-store.com\/?post_type=product&#038;p=181445"},"modified":"2026-03-16T16:29:15","modified_gmt":"2026-03-16T15:29:15","slug":"sono-tucker-trousers-1046-deep-navy-rendez-vous-store","status":"publish","type":"product","link":"https:\/\/rendez-vous-store.com\/fr\/shop\/special-offer-women-rendez-vous-store\/women-trousers-special-offer\/sono-tucker-trousers-1046-deep-navy-rendez-vous-store\/","title":{"rendered":"Sono - Pantalon Tucker 1046 - Marine profonde"},"content":{"rendered":"<p><strong>Sono - Pantalon Tucker 1046 - Marine profonde<\/strong><\/p>\n<p>Couleur : Marine profonde<\/p>\n<p>Pantalon ample \u00e0 double boucle de ceinture<\/p>\n<p>Silhouette \u00e0 coutures lat\u00e9rales incurv\u00e9es et jambe large raccourcie<\/p>\n<p>Poches dans la couture lat\u00e9rale<\/p>\n<p>Con\u00e7u pour \u00eatre hiss\u00e9 et attach\u00e9 \u00e0 l'aide d'une ceinture ou d'un cordon de serrage<\/p>\n<p>Composition : 76% Laine 41% Coton biologique<\/p>\n<p>Fabriqu\u00e9 en France<\/p>\n<p>&nbsp;<\/p>\n<p>&nbsp;<\/p>\n<p><strong>La marque\u00a0<\/strong><\/p>\n<p>SONO est une marque de mode cr\u00e9\u00e9e par Stephanie Oberg et Simon Homes, visant \u00e0 red\u00e9finir le luxe dans un monde qui valorise la durabilit\u00e9. Leur collaboration allie un design haut de gamme \u00e0 un engagement en faveur des normes \u00e9thiques et environnementales, prouvant ainsi que la haute couture peut \u00eatre \u00e0 la fois \u00e9l\u00e9gante et respectueuse de l'environnement.<\/p>\n<p>En mettant l'accent sur la cr\u00e9ation de pi\u00e8ces intemporelles et \u00e9tonnantes, SONO est \u00e0 l'avant-garde d'un mouvement en faveur d'une mode de luxe plus durable.<\/p>\n<p>&nbsp;<\/p>","protected":false},"excerpt":{"rendered":"<p>Sono &#8211; Tucker Trousers 1046 &#8211; Deep Navy Color: Deep Navy Loose twin belt loop trouser Curved side seam silhouette and cropped wide leg Pockets in side seam Designed to be hoisted and tied with a belt or drawstring Composition: 76%\u00a0Wool 41% Organic Cotton Made in France &nbsp; &nbsp; The brand\u00a0 SONO is a fashion&hellip; <a class=\"more-link\" href=\"https:\/\/rendez-vous-store.com\/fr\/shop\/special-offer-women-rendez-vous-store\/women-trousers-special-offer\/sono-tucker-trousers-1046-deep-navy-rendez-vous-store\/\">Continuer la lecture <span class=\"screen-reader-text\">Sono - Pantalon Tucker 1046 - Marine profonde<\/span><\/a><\/p>","protected":false},"featured_media":181778,"template":"","meta":{"_acf_changed":false},"product_brand":[],"product_cat":[1292,1335,1305,1341,1304],"product_tag":[1303],"class_list":{"0":"post-181445","1":"product","2":"type-product","3":"status-publish","4":"has-post-thumbnail","6":"product_cat-1292","7":"product_cat-special-offer-women-rendez-vous-store","8":"product_cat-trousers-shirts-unisex-rendez-vous-store","9":"product_cat-women-trousers-special-offer","10":"product_cat-unisex-rendez-vous-store","11":"product_tag-sono-rendez-vous-store","12":"entry","14":"first","15":"outofstock","16":"taxable","17":"shipping-taxable","18":"product-type-variable"},"acf":[],"yoast_head":"<!-- This site is optimized with the Yoast SEO plugin v24.9 - https:\/\/yoast.com\/wordpress\/plugins\/seo\/ -->\n<title>Sono Tucker Trousers 1046 Deep Navy<\/title>\n<meta name=\"description\" content=\"This SONO Truker Trousers 1046 Deep Navy offers you the luxury of beautiful clothes while responding to ethical and environmental concerns.\" \/>\n<meta name=\"robots\" content=\"index, follow, max-snippet:-1, max-image-preview:large, max-video-preview:-1\" \/>\n<link rel=\"canonical\" href=\"https:\/\/rendez-vous-store.com\/fr\/shop\/special-offer-women-rendez-vous-store\/women-trousers-special-offer\/sono-tucker-trousers-1046-deep-navy-rendez-vous-store\/\" \/>\n<meta property=\"og:locale\" content=\"fr_FR\" \/>\n<meta property=\"og:type\" content=\"article\" \/>\n<meta property=\"og:title\" content=\"Sono Tucker Trousers 1046 Deep Navy\" \/>\n<meta property=\"og:description\" content=\"This SONO Truker Trousers 1046 Deep Navy offers you the luxury of beautiful clothes while responding to ethical and environmental concerns.\" \/>\n<meta property=\"og:url\" content=\"https:\/\/rendez-vous-store.com\/fr\/shop\/special-offer-women-rendez-vous-store\/women-trousers-special-offer\/sono-tucker-trousers-1046-deep-navy-rendez-vous-store\/\" \/>\n<meta property=\"og:site_name\" content=\"RENDEZ-VOUS STORE\" \/>\n<meta property=\"article:modified_time\" content=\"2026-03-16T15:29:15+00:00\" \/>\n<meta property=\"og:image\" content=\"https:\/\/rendez-vous-store.com\/app\/uploads\/2024\/10\/rdv_sono_38-scaled.webp\" \/>\n\t<meta property=\"og:image:width\" content=\"1696\" \/>\n\t<meta property=\"og:image:height\" content=\"2560\" \/>\n\t<meta property=\"og:image:type\" content=\"image\/webp\" \/>\n<meta name=\"twitter:card\" content=\"summary_large_image\" \/>\n<meta name=\"twitter:label1\" content=\"Est. reading time\" \/>\n\t<meta name=\"twitter:data1\" content=\"1 minute\" \/>\n<script type=\"application\/ld+json\" class=\"yoast-schema-graph\">{\"@context\":\"https:\/\/schema.org\",\"@graph\":[{\"@type\":\"WebPage\",\"@id\":\"https:\/\/rendez-vous-store.com\/shop\/special-offer-women-rendez-vous-store\/women-trousers-special-offer\/sono-tucker-trousers-1046-deep-navy-rendez-vous-store\/\",\"url\":\"https:\/\/rendez-vous-store.com\/shop\/special-offer-women-rendez-vous-store\/women-trousers-special-offer\/sono-tucker-trousers-1046-deep-navy-rendez-vous-store\/\",\"name\":\"Sono Tucker Trousers 1046 Deep Navy\",\"isPartOf\":{\"@id\":\"https:\/\/rendez-vous-store.com\/#website\"},\"primaryImageOfPage\":{\"@id\":\"https:\/\/rendez-vous-store.com\/shop\/special-offer-women-rendez-vous-store\/women-trousers-special-offer\/sono-tucker-trousers-1046-deep-navy-rendez-vous-store\/#primaryimage\"},\"image\":{\"@id\":\"https:\/\/rendez-vous-store.com\/shop\/special-offer-women-rendez-vous-store\/women-trousers-special-offer\/sono-tucker-trousers-1046-deep-navy-rendez-vous-store\/#primaryimage\"},\"thumbnailUrl\":\"https:\/\/rendez-vous-store.com\/app\/uploads\/2024\/10\/rdv_sono_38-scaled.webp\",\"datePublished\":\"2024-10-23T14:21:12+00:00\",\"dateModified\":\"2026-03-16T15:29:15+00:00\",\"description\":\"This SONO Truker Trousers 1046 Deep Navy offers you the luxury of beautiful clothes while responding to ethical and environmental concerns.\",\"breadcrumb\":{\"@id\":\"https:\/\/rendez-vous-store.com\/shop\/special-offer-women-rendez-vous-store\/women-trousers-special-offer\/sono-tucker-trousers-1046-deep-navy-rendez-vous-store\/#breadcrumb\"},\"inLanguage\":\"fr-FR\",\"potentialAction\":[{\"@type\":\"ReadAction\",\"target\":[\"https:\/\/rendez-vous-store.com\/shop\/special-offer-women-rendez-vous-store\/women-trousers-special-offer\/sono-tucker-trousers-1046-deep-navy-rendez-vous-store\/\"]}]},{\"@type\":\"ImageObject\",\"inLanguage\":\"fr-FR\",\"@id\":\"https:\/\/rendez-vous-store.com\/shop\/special-offer-women-rendez-vous-store\/women-trousers-special-offer\/sono-tucker-trousers-1046-deep-navy-rendez-vous-store\/#primaryimage\",\"url\":\"https:\/\/rendez-vous-store.com\/app\/uploads\/2024\/10\/rdv_sono_38-scaled.webp\",\"contentUrl\":\"https:\/\/rendez-vous-store.com\/app\/uploads\/2024\/10\/rdv_sono_38-scaled.webp\",\"width\":1696,\"height\":2560},{\"@type\":\"BreadcrumbList\",\"@id\":\"https:\/\/rendez-vous-store.com\/shop\/special-offer-women-rendez-vous-store\/women-trousers-special-offer\/sono-tucker-trousers-1046-deep-navy-rendez-vous-store\/#breadcrumb\",\"itemListElement\":[{\"@type\":\"ListItem\",\"position\":1,\"name\":\"Home\",\"item\":\"https:\/\/rendez-vous-store.com\/\"},{\"@type\":\"ListItem\",\"position\":2,\"name\":\"Shop\",\"item\":\"https:\/\/www.rendez-vous-store.com\/shop\/\"},{\"@type\":\"ListItem\",\"position\":3,\"name\":\"Sono &#8211; Tucker Trousers 1046 &#8211; Deep Navy\"}]},{\"@type\":\"WebSite\",\"@id\":\"https:\/\/rendez-vous-store.com\/#website\",\"url\":\"https:\/\/rendez-vous-store.com\/\",\"name\":\"RENDEZ-VOUS STORE\",\"description\":\"Slow Fashion for Women and Men\",\"potentialAction\":[{\"@type\":\"SearchAction\",\"target\":{\"@type\":\"EntryPoint\",\"urlTemplate\":\"https:\/\/rendez-vous-store.com\/?s={search_term_string}\"},\"query-input\":{\"@type\":\"PropertyValueSpecification\",\"valueRequired\":true,\"valueName\":\"search_term_string\"}}],\"inLanguage\":\"fr-FR\"}]}<\/script>\n<!-- \/ Yoast SEO plugin. -->","yoast_head_json":{"title":"Sono Tucker Trousers 1046 Deep Navy","description":"This SONO Truker Trousers 1046 Deep Navy offers you the luxury of beautiful clothes while responding to ethical and environmental concerns.","robots":{"index":"index","follow":"follow","max-snippet":"max-snippet:-1","max-image-preview":"max-image-preview:large","max-video-preview":"max-video-preview:-1"},"canonical":"https:\/\/rendez-vous-store.com\/fr\/shop\/special-offer-women-rendez-vous-store\/women-trousers-special-offer\/sono-tucker-trousers-1046-deep-navy-rendez-vous-store\/","og_locale":"fr_FR","og_type":"article","og_title":"Sono Tucker Trousers 1046 Deep Navy","og_description":"This SONO Truker Trousers 1046 Deep Navy offers you the luxury of beautiful clothes while responding to ethical and environmental concerns.","og_url":"https:\/\/rendez-vous-store.com\/fr\/shop\/special-offer-women-rendez-vous-store\/women-trousers-special-offer\/sono-tucker-trousers-1046-deep-navy-rendez-vous-store\/","og_site_name":"RENDEZ-VOUS STORE","article_modified_time":"2026-03-16T15:29:15+00:00","og_image":[{"width":1696,"height":2560,"url":"https:\/\/rendez-vous-store.com\/app\/uploads\/2024\/10\/rdv_sono_38-scaled.webp","type":"image\/webp"}],"twitter_card":"summary_large_image","twitter_misc":{"Est. reading time":"1 minute"},"schema":{"@context":"https:\/\/schema.org","@graph":[{"@type":"WebPage","@id":"https:\/\/rendez-vous-store.com\/shop\/special-offer-women-rendez-vous-store\/women-trousers-special-offer\/sono-tucker-trousers-1046-deep-navy-rendez-vous-store\/","url":"https:\/\/rendez-vous-store.com\/shop\/special-offer-women-rendez-vous-store\/women-trousers-special-offer\/sono-tucker-trousers-1046-deep-navy-rendez-vous-store\/","name":"Sono Tucker Trousers 1046 Deep Navy","isPartOf":{"@id":"https:\/\/rendez-vous-store.com\/#website"},"primaryImageOfPage":{"@id":"https:\/\/rendez-vous-store.com\/shop\/special-offer-women-rendez-vous-store\/women-trousers-special-offer\/sono-tucker-trousers-1046-deep-navy-rendez-vous-store\/#primaryimage"},"image":{"@id":"https:\/\/rendez-vous-store.com\/shop\/special-offer-women-rendez-vous-store\/women-trousers-special-offer\/sono-tucker-trousers-1046-deep-navy-rendez-vous-store\/#primaryimage"},"thumbnailUrl":"https:\/\/rendez-vous-store.com\/app\/uploads\/2024\/10\/rdv_sono_38-scaled.webp","datePublished":"2024-10-23T14:21:12+00:00","dateModified":"2026-03-16T15:29:15+00:00","description":"This SONO Truker Trousers 1046 Deep Navy offers you the luxury of beautiful clothes while responding to ethical and environmental concerns.","breadcrumb":{"@id":"https:\/\/rendez-vous-store.com\/shop\/special-offer-women-rendez-vous-store\/women-trousers-special-offer\/sono-tucker-trousers-1046-deep-navy-rendez-vous-store\/#breadcrumb"},"inLanguage":"fr-FR","potentialAction":[{"@type":"ReadAction","target":["https:\/\/rendez-vous-store.com\/shop\/special-offer-women-rendez-vous-store\/women-trousers-special-offer\/sono-tucker-trousers-1046-deep-navy-rendez-vous-store\/"]}]},{"@type":"ImageObject","inLanguage":"fr-FR","@id":"https:\/\/rendez-vous-store.com\/shop\/special-offer-women-rendez-vous-store\/women-trousers-special-offer\/sono-tucker-trousers-1046-deep-navy-rendez-vous-store\/#primaryimage","url":"https:\/\/rendez-vous-store.com\/app\/uploads\/2024\/10\/rdv_sono_38-scaled.webp","contentUrl":"https:\/\/rendez-vous-store.com\/app\/uploads\/2024\/10\/rdv_sono_38-scaled.webp","width":1696,"height":2560},{"@type":"BreadcrumbList","@id":"https:\/\/rendez-vous-store.com\/shop\/special-offer-women-rendez-vous-store\/women-trousers-special-offer\/sono-tucker-trousers-1046-deep-navy-rendez-vous-store\/#breadcrumb","itemListElement":[{"@type":"ListItem","position":1,"name":"Home","item":"https:\/\/rendez-vous-store.com\/"},{"@type":"ListItem","position":2,"name":"Shop","item":"https:\/\/www.rendez-vous-store.com\/shop\/"},{"@type":"ListItem","position":3,"name":"Sono &#8211; Tucker Trousers 1046 &#8211; Deep Navy"}]},{"@type":"WebSite","@id":"https:\/\/rendez-vous-store.com\/#website","url":"https:\/\/rendez-vous-store.com\/","name":"RENDEZ-VOUS STORE","description":"Slow Fashion for Women and Men","potentialAction":[{"@type":"SearchAction","target":{"@type":"EntryPoint","urlTemplate":"https:\/\/rendez-vous-store.com\/?s={search_term_string}"},"query-input":{"@type":"PropertyValueSpecification","valueRequired":true,"valueName":"search_term_string"}}],"inLanguage":"fr-FR"}]}},"_links":{"self":[{"href":"https:\/\/rendez-vous-store.com\/fr\/wp-json\/wp\/v2\/product\/181445","targetHints":{"allow":["GET"]}}],"collection":[{"href":"https:\/\/rendez-vous-store.com\/fr\/wp-json\/wp\/v2\/product"}],"about":[{"href":"https:\/\/rendez-vous-store.com\/fr\/wp-json\/wp\/v2\/types\/product"}],"wp:featuredmedia":[{"embeddable":true,"href":"https:\/\/rendez-vous-store.com\/fr\/wp-json\/wp\/v2\/media\/181778"}],"wp:attachment":[{"href":"https:\/\/rendez-vous-store.com\/fr\/wp-json\/wp\/v2\/media?parent=181445"}],"wp:term":[{"taxonomy":"product_brand","embeddable":true,"href":"https:\/\/rendez-vous-store.com\/fr\/wp-json\/wp\/v2\/product_brand?post=181445"},{"taxonomy":"product_cat","embeddable":true,"href":"https:\/\/rendez-vous-store.com\/fr\/wp-json\/wp\/v2\/product_cat?post=181445"},{"taxonomy":"product_tag","embeddable":true,"href":"https:\/\/rendez-vous-store.com\/fr\/wp-json\/wp\/v2\/product_tag?post=181445"}],"curies":[{"name":"wp","href":"https:\/\/api.w.org\/{rel}","templated":true}]}}