{"id":181359,"date":"2024-10-23T15:22:15","date_gmt":"2024-10-23T13:22:15","guid":{"rendered":"https:\/\/rendez-vous-store.com\/?post_type=product&#038;p=181359"},"modified":"2026-03-16T18:24:20","modified_gmt":"2026-03-16T17:24:20","slug":"y-heavy-weight-fleece-half-zip-jersey-66326-white-rendez-vous-store","status":"publish","type":"product","link":"https:\/\/rendez-vous-store.com\/fr\/shop\/unisex-rendez-vous-store\/jacket-coat-unisex-rendez-vous-store\/y-heavy-weight-fleece-half-zip-jersey-66326-white-rendez-vous-store\/","title":{"rendered":"Y - Heavy Weight Fleece Half Zip Jersey 66326 - Blanc"},"content":{"rendered":"<p><strong>Y - Heavy Weight Fleece Half Zip Jersey 66326 - Blanc<\/strong><\/p>\n<p>Couleur : blanc<\/p>\n<p>Silhouette ample<\/p>\n<p>Manches longues<\/p>\n<p>Col mandarin<\/p>\n<p>Manche resserr\u00e9e au poignet<\/p>\n<p>Fermeture \u00e0 glissi\u00e8re au niveau du cou<\/p>\n<p>Composition : 100% Coton<\/p>\n<p>Fabriqu\u00e9 au Japon<\/p>\n<p>&nbsp;<\/p>\n<p><strong>Mesures :<\/strong><\/p>\n<p><strong>Taille L : Epaules : 62cm - Poitrine : 66cm - Longueur : 70cm - Manche : 59cm - Emmanchure : 29cm<\/strong><\/p>\n<p>&nbsp;<\/p>\n<p>&nbsp;<\/p>\n<p>&nbsp;<\/p>\n<p><strong>La marque<\/strong><\/p>\n<p>La ligne \"Y\" (Yl\u00e8ve) est le fruit d'une collaboration entre la styliste Reiko Taguchi et M. Keiji Kaneko. Ils travaillent activement dans diff\u00e9rents domaines, y compris la direction des acheteurs. Cette ligne introduit une nouvelle perspective en utilisant des mat\u00e9riaux respectueux de l'environnement pour produire des pi\u00e8ces d\u00e9contract\u00e9es et unisexes qui transcendent les fronti\u00e8res du sexe, de la g\u00e9n\u00e9ration, du genre et de l'occasion.<\/p>\n<p>La marque ne produit que des v\u00eatements blancs et bleu marine. Ses mod\u00e8les sont unisexes, sans \u00e2ge, sans taille et sans saison. Ils cr\u00e9ent des v\u00eatements lavables, faciles \u00e0 utiliser au quotidien et qui s'int\u00e8grent parfaitement \u00e0 des tenues coordonn\u00e9es.<\/p>","protected":false},"excerpt":{"rendered":"<p>Y &#8211; Heavy Weight Fleece Half Zip Jersey 66326 &#8211; White Color: White Loose silhouette Long sleeve Mandarin col Tightened sleeve at wrist Neck zip closure Composition: 100% Cotton Made in Japan &nbsp; Measurements: Size L: Shoulders: 62cm &#8211; Chest: 66cm &#8211; Length: 70cm &#8211; Sleeve: 59cm &#8211; Arm hole: 29cm &nbsp; &nbsp; &nbsp; The&hellip; <a class=\"more-link\" href=\"https:\/\/rendez-vous-store.com\/fr\/shop\/unisex-rendez-vous-store\/jacket-coat-unisex-rendez-vous-store\/y-heavy-weight-fleece-half-zip-jersey-66326-white-rendez-vous-store\/\">Continue reading <span class=\"screen-reader-text\">Y - Heavy Weight Fleece Half Zip Jersey 66326 - Blanc<\/span><\/a><\/p>","protected":false},"featured_media":193411,"template":"","meta":{"_acf_changed":false},"product_brand":[],"product_cat":[1306,1311,1304],"product_tag":[1209],"class_list":{"0":"post-181359","1":"product","2":"type-product","3":"status-publish","4":"has-post-thumbnail","6":"product_cat-jacket-coat-unisex-rendez-vous-store","7":"product_cat-unisex-new-rendez-vous-store","8":"product_cat-unisex-rendez-vous-store","9":"product_tag-y","10":"entry","12":"first","13":"instock","14":"taxable","15":"shipping-taxable","16":"purchasable","17":"product-type-variable"},"acf":[],"yoast_head":"<!-- This site is optimized with the Yoast SEO plugin v24.9 - https:\/\/yoast.com\/wordpress\/plugins\/seo\/ -->\n<title>Y Heavy Weight Fleece Half Zip Jersey 66326 White<\/title>\n<meta name=\"description\" content=\"This Y Heavy Weight Fleece Half Zip Jersey 66326 White is characterized by its environmentally friendly materials and its casual aspect. Discover now.\" \/>\n<meta name=\"robots\" content=\"index, follow, max-snippet:-1, max-image-preview:large, max-video-preview:-1\" \/>\n<link rel=\"canonical\" href=\"https:\/\/rendez-vous-store.com\/fr\/shop\/unisex-rendez-vous-store\/jacket-coat-unisex-rendez-vous-store\/y-heavy-weight-fleece-half-zip-jersey-66326-white-rendez-vous-store\/\" \/>\n<meta property=\"og:locale\" content=\"fr_FR\" \/>\n<meta property=\"og:type\" content=\"article\" \/>\n<meta property=\"og:title\" content=\"Y Heavy Weight Fleece Half Zip Jersey 66326 White\" \/>\n<meta property=\"og:description\" content=\"This Y Heavy Weight Fleece Half Zip Jersey 66326 White is characterized by its environmentally friendly materials and its casual aspect. Discover now.\" \/>\n<meta property=\"og:url\" content=\"https:\/\/rendez-vous-store.com\/fr\/shop\/unisex-rendez-vous-store\/jacket-coat-unisex-rendez-vous-store\/y-heavy-weight-fleece-half-zip-jersey-66326-white-rendez-vous-store\/\" \/>\n<meta property=\"og:site_name\" content=\"RENDEZ-VOUS STORE\" \/>\n<meta property=\"article:modified_time\" content=\"2026-03-16T17:24:20+00:00\" \/>\n<meta property=\"og:image\" content=\"https:\/\/rendez-vous-store.com\/app\/uploads\/2024\/10\/IMG_2687.webp\" \/>\n\t<meta property=\"og:image:width\" content=\"1696\" \/>\n\t<meta property=\"og:image:height\" content=\"2560\" \/>\n\t<meta property=\"og:image:type\" content=\"image\/webp\" \/>\n<meta name=\"twitter:card\" content=\"summary_large_image\" \/>\n<meta name=\"twitter:label1\" content=\"Est. reading time\" \/>\n\t<meta name=\"twitter:data1\" content=\"1 minute\" \/>\n<script type=\"application\/ld+json\" class=\"yoast-schema-graph\">{\"@context\":\"https:\/\/schema.org\",\"@graph\":[{\"@type\":\"WebPage\",\"@id\":\"https:\/\/rendez-vous-store.com\/shop\/unisex-rendez-vous-store\/jacket-coat-unisex-rendez-vous-store\/y-heavy-weight-fleece-half-zip-jersey-66326-white-rendez-vous-store\/\",\"url\":\"https:\/\/rendez-vous-store.com\/shop\/unisex-rendez-vous-store\/jacket-coat-unisex-rendez-vous-store\/y-heavy-weight-fleece-half-zip-jersey-66326-white-rendez-vous-store\/\",\"name\":\"Y Heavy Weight Fleece Half Zip Jersey 66326 White\",\"isPartOf\":{\"@id\":\"https:\/\/rendez-vous-store.com\/#website\"},\"primaryImageOfPage\":{\"@id\":\"https:\/\/rendez-vous-store.com\/shop\/unisex-rendez-vous-store\/jacket-coat-unisex-rendez-vous-store\/y-heavy-weight-fleece-half-zip-jersey-66326-white-rendez-vous-store\/#primaryimage\"},\"image\":{\"@id\":\"https:\/\/rendez-vous-store.com\/shop\/unisex-rendez-vous-store\/jacket-coat-unisex-rendez-vous-store\/y-heavy-weight-fleece-half-zip-jersey-66326-white-rendez-vous-store\/#primaryimage\"},\"thumbnailUrl\":\"https:\/\/rendez-vous-store.com\/app\/uploads\/2024\/10\/IMG_2687.webp\",\"datePublished\":\"2024-10-23T13:22:15+00:00\",\"dateModified\":\"2026-03-16T17:24:20+00:00\",\"description\":\"This Y Heavy Weight Fleece Half Zip Jersey 66326 White is characterized by its environmentally friendly materials and its casual aspect. Discover now.\",\"breadcrumb\":{\"@id\":\"https:\/\/rendez-vous-store.com\/shop\/unisex-rendez-vous-store\/jacket-coat-unisex-rendez-vous-store\/y-heavy-weight-fleece-half-zip-jersey-66326-white-rendez-vous-store\/#breadcrumb\"},\"inLanguage\":\"fr-FR\",\"potentialAction\":[{\"@type\":\"ReadAction\",\"target\":[\"https:\/\/rendez-vous-store.com\/shop\/unisex-rendez-vous-store\/jacket-coat-unisex-rendez-vous-store\/y-heavy-weight-fleece-half-zip-jersey-66326-white-rendez-vous-store\/\"]}]},{\"@type\":\"ImageObject\",\"inLanguage\":\"fr-FR\",\"@id\":\"https:\/\/rendez-vous-store.com\/shop\/unisex-rendez-vous-store\/jacket-coat-unisex-rendez-vous-store\/y-heavy-weight-fleece-half-zip-jersey-66326-white-rendez-vous-store\/#primaryimage\",\"url\":\"https:\/\/rendez-vous-store.com\/app\/uploads\/2024\/10\/IMG_2687.webp\",\"contentUrl\":\"https:\/\/rendez-vous-store.com\/app\/uploads\/2024\/10\/IMG_2687.webp\",\"width\":1696,\"height\":2560},{\"@type\":\"BreadcrumbList\",\"@id\":\"https:\/\/rendez-vous-store.com\/shop\/unisex-rendez-vous-store\/jacket-coat-unisex-rendez-vous-store\/y-heavy-weight-fleece-half-zip-jersey-66326-white-rendez-vous-store\/#breadcrumb\",\"itemListElement\":[{\"@type\":\"ListItem\",\"position\":1,\"name\":\"Home\",\"item\":\"https:\/\/rendez-vous-store.com\/\"},{\"@type\":\"ListItem\",\"position\":2,\"name\":\"Shop\",\"item\":\"https:\/\/www.rendez-vous-store.com\/shop\/\"},{\"@type\":\"ListItem\",\"position\":3,\"name\":\"Y &#8211; Heavy Weight Fleece Half Zip Jersey 66326 &#8211; White\"}]},{\"@type\":\"WebSite\",\"@id\":\"https:\/\/rendez-vous-store.com\/#website\",\"url\":\"https:\/\/rendez-vous-store.com\/\",\"name\":\"RENDEZ-VOUS STORE\",\"description\":\"Slow Fashion for Women and Men\",\"potentialAction\":[{\"@type\":\"SearchAction\",\"target\":{\"@type\":\"EntryPoint\",\"urlTemplate\":\"https:\/\/rendez-vous-store.com\/?s={search_term_string}\"},\"query-input\":{\"@type\":\"PropertyValueSpecification\",\"valueRequired\":true,\"valueName\":\"search_term_string\"}}],\"inLanguage\":\"fr-FR\"}]}<\/script>\n<!-- \/ Yoast SEO plugin. -->","yoast_head_json":{"title":"Y Heavy Weight Fleece Half Zip Jersey 66326 White","description":"This Y Heavy Weight Fleece Half Zip Jersey 66326 White is characterized by its environmentally friendly materials and its casual aspect. Discover now.","robots":{"index":"index","follow":"follow","max-snippet":"max-snippet:-1","max-image-preview":"max-image-preview:large","max-video-preview":"max-video-preview:-1"},"canonical":"https:\/\/rendez-vous-store.com\/fr\/shop\/unisex-rendez-vous-store\/jacket-coat-unisex-rendez-vous-store\/y-heavy-weight-fleece-half-zip-jersey-66326-white-rendez-vous-store\/","og_locale":"fr_FR","og_type":"article","og_title":"Y Heavy Weight Fleece Half Zip Jersey 66326 White","og_description":"This Y Heavy Weight Fleece Half Zip Jersey 66326 White is characterized by its environmentally friendly materials and its casual aspect. Discover now.","og_url":"https:\/\/rendez-vous-store.com\/fr\/shop\/unisex-rendez-vous-store\/jacket-coat-unisex-rendez-vous-store\/y-heavy-weight-fleece-half-zip-jersey-66326-white-rendez-vous-store\/","og_site_name":"RENDEZ-VOUS STORE","article_modified_time":"2026-03-16T17:24:20+00:00","og_image":[{"width":1696,"height":2560,"url":"https:\/\/rendez-vous-store.com\/app\/uploads\/2024\/10\/IMG_2687.webp","type":"image\/webp"}],"twitter_card":"summary_large_image","twitter_misc":{"Est. reading time":"1 minute"},"schema":{"@context":"https:\/\/schema.org","@graph":[{"@type":"WebPage","@id":"https:\/\/rendez-vous-store.com\/shop\/unisex-rendez-vous-store\/jacket-coat-unisex-rendez-vous-store\/y-heavy-weight-fleece-half-zip-jersey-66326-white-rendez-vous-store\/","url":"https:\/\/rendez-vous-store.com\/shop\/unisex-rendez-vous-store\/jacket-coat-unisex-rendez-vous-store\/y-heavy-weight-fleece-half-zip-jersey-66326-white-rendez-vous-store\/","name":"Y Heavy Weight Fleece Half Zip Jersey 66326 White","isPartOf":{"@id":"https:\/\/rendez-vous-store.com\/#website"},"primaryImageOfPage":{"@id":"https:\/\/rendez-vous-store.com\/shop\/unisex-rendez-vous-store\/jacket-coat-unisex-rendez-vous-store\/y-heavy-weight-fleece-half-zip-jersey-66326-white-rendez-vous-store\/#primaryimage"},"image":{"@id":"https:\/\/rendez-vous-store.com\/shop\/unisex-rendez-vous-store\/jacket-coat-unisex-rendez-vous-store\/y-heavy-weight-fleece-half-zip-jersey-66326-white-rendez-vous-store\/#primaryimage"},"thumbnailUrl":"https:\/\/rendez-vous-store.com\/app\/uploads\/2024\/10\/IMG_2687.webp","datePublished":"2024-10-23T13:22:15+00:00","dateModified":"2026-03-16T17:24:20+00:00","description":"This Y Heavy Weight Fleece Half Zip Jersey 66326 White is characterized by its environmentally friendly materials and its casual aspect. Discover now.","breadcrumb":{"@id":"https:\/\/rendez-vous-store.com\/shop\/unisex-rendez-vous-store\/jacket-coat-unisex-rendez-vous-store\/y-heavy-weight-fleece-half-zip-jersey-66326-white-rendez-vous-store\/#breadcrumb"},"inLanguage":"fr-FR","potentialAction":[{"@type":"ReadAction","target":["https:\/\/rendez-vous-store.com\/shop\/unisex-rendez-vous-store\/jacket-coat-unisex-rendez-vous-store\/y-heavy-weight-fleece-half-zip-jersey-66326-white-rendez-vous-store\/"]}]},{"@type":"ImageObject","inLanguage":"fr-FR","@id":"https:\/\/rendez-vous-store.com\/shop\/unisex-rendez-vous-store\/jacket-coat-unisex-rendez-vous-store\/y-heavy-weight-fleece-half-zip-jersey-66326-white-rendez-vous-store\/#primaryimage","url":"https:\/\/rendez-vous-store.com\/app\/uploads\/2024\/10\/IMG_2687.webp","contentUrl":"https:\/\/rendez-vous-store.com\/app\/uploads\/2024\/10\/IMG_2687.webp","width":1696,"height":2560},{"@type":"BreadcrumbList","@id":"https:\/\/rendez-vous-store.com\/shop\/unisex-rendez-vous-store\/jacket-coat-unisex-rendez-vous-store\/y-heavy-weight-fleece-half-zip-jersey-66326-white-rendez-vous-store\/#breadcrumb","itemListElement":[{"@type":"ListItem","position":1,"name":"Home","item":"https:\/\/rendez-vous-store.com\/"},{"@type":"ListItem","position":2,"name":"Shop","item":"https:\/\/www.rendez-vous-store.com\/shop\/"},{"@type":"ListItem","position":3,"name":"Y &#8211; Heavy Weight Fleece Half Zip Jersey 66326 &#8211; White"}]},{"@type":"WebSite","@id":"https:\/\/rendez-vous-store.com\/#website","url":"https:\/\/rendez-vous-store.com\/","name":"RENDEZ-VOUS STORE","description":"Slow Fashion for Women and Men","potentialAction":[{"@type":"SearchAction","target":{"@type":"EntryPoint","urlTemplate":"https:\/\/rendez-vous-store.com\/?s={search_term_string}"},"query-input":{"@type":"PropertyValueSpecification","valueRequired":true,"valueName":"search_term_string"}}],"inLanguage":"fr-FR"}]}},"_links":{"self":[{"href":"https:\/\/rendez-vous-store.com\/fr\/wp-json\/wp\/v2\/product\/181359","targetHints":{"allow":["GET"]}}],"collection":[{"href":"https:\/\/rendez-vous-store.com\/fr\/wp-json\/wp\/v2\/product"}],"about":[{"href":"https:\/\/rendez-vous-store.com\/fr\/wp-json\/wp\/v2\/types\/product"}],"wp:featuredmedia":[{"embeddable":true,"href":"https:\/\/rendez-vous-store.com\/fr\/wp-json\/wp\/v2\/media\/193411"}],"wp:attachment":[{"href":"https:\/\/rendez-vous-store.com\/fr\/wp-json\/wp\/v2\/media?parent=181359"}],"wp:term":[{"taxonomy":"product_brand","embeddable":true,"href":"https:\/\/rendez-vous-store.com\/fr\/wp-json\/wp\/v2\/product_brand?post=181359"},{"taxonomy":"product_cat","embeddable":true,"href":"https:\/\/rendez-vous-store.com\/fr\/wp-json\/wp\/v2\/product_cat?post=181359"},{"taxonomy":"product_tag","embeddable":true,"href":"https:\/\/rendez-vous-store.com\/fr\/wp-json\/wp\/v2\/product_tag?post=181359"}],"curies":[{"name":"wp","href":"https:\/\/api.w.org\/{rel}","templated":true}]}}