{"id":181307,"date":"2024-10-23T15:21:02","date_gmt":"2024-10-23T13:21:02","guid":{"rendered":"https:\/\/rendez-vous-store.com\/?post_type=product&#038;p=181307"},"modified":"2026-03-16T18:23:17","modified_gmt":"2026-03-16T17:23:17","slug":"y-brushed-twill-shirt-50368-navy-rendez-vous-store","status":"publish","type":"product","link":"https:\/\/rendez-vous-store.com\/fr\/shop\/unisex-rendez-vous-store\/shirt-unisex-rendez-vous-store\/y-brushed-twill-shirt-50368-navy-rendez-vous-store\/","title":{"rendered":"Y - Chemise en serg\u00e9 bross\u00e9 50368 - Marine"},"content":{"rendered":"<p><strong>Y - Chemise en serg\u00e9 bross\u00e9 50368 - Marine<\/strong><\/p>\n<p>Couleur : bleu marine<\/p>\n<p>Fermeture par bouton<\/p>\n<p>Poche frontale<\/p>\n<p>Toucher doux et texture l\u00e9g\u00e8re avec un drap\u00e9<\/p>\n<p>Composition : 53% Coton 47% Tencel<\/p>\n<p>Fabriqu\u00e9 au Japon<\/p>\n<p>&nbsp;<\/p>\n<p>&nbsp;<\/p>\n<p>&nbsp;<\/p>\n<p><strong>Mesures :<\/strong><\/p>\n<p><strong>Taille L : Epaules : 52cm - Poitrine : 67cm - Longueur : 63cm - Manche : 80cm - Emmanchure : 28cm<\/strong><\/p>\n<p>&nbsp;<\/p>\n<p>&nbsp;<\/p>\n<p><strong>La marque<\/strong><\/p>\n<p>La ligne \"Y\" (Yl\u00e8ve) est le fruit d'une collaboration entre la styliste Reiko Taguchi et M. Keiji Kaneko. Ils travaillent activement dans diff\u00e9rents domaines, y compris la direction des acheteurs. Cette ligne introduit une nouvelle perspective en utilisant des mat\u00e9riaux respectueux de l'environnement pour produire des pi\u00e8ces d\u00e9contract\u00e9es et unisexes qui transcendent les fronti\u00e8res du sexe, de la g\u00e9n\u00e9ration, du genre et de l'occasion.<\/p>\n<p>La marque ne produit que des v\u00eatements blancs et bleu marine. Ses mod\u00e8les sont unisexes, sans \u00e2ge, sans taille et sans saison. Ils cr\u00e9ent des v\u00eatements lavables, faciles \u00e0 utiliser au quotidien et qui s'int\u00e8grent parfaitement \u00e0 des tenues coordonn\u00e9es.<\/p>","protected":false},"excerpt":{"rendered":"<p>Y &#8211; Brushed Twill Shirt 50368 &#8211; Navy Color: Navy Button closure Front pocket Soft touch and a light texture with a drape Composition: 53% Cotton 47% Tencel Made in Japan &nbsp; &nbsp; &nbsp; Measurements: Size L: Shoulders: 52cm &#8211; Chest: 67cm &#8211; Length: 63cm &#8211; Sleeve: 80cm &#8211; Arm hole: 28cm &nbsp; &nbsp; The&hellip; <a class=\"more-link\" href=\"https:\/\/rendez-vous-store.com\/fr\/shop\/unisex-rendez-vous-store\/shirt-unisex-rendez-vous-store\/y-brushed-twill-shirt-50368-navy-rendez-vous-store\/\">Continuer la lecture <span class=\"screen-reader-text\">Y - Chemise en serg\u00e9 bross\u00e9 50368 - Marine<\/span><\/a><\/p>","protected":false},"featured_media":193383,"template":"","meta":{"_acf_changed":false},"product_brand":[],"product_cat":[1311,1312,1307,1304],"product_tag":[1209],"class_list":{"0":"post-181307","1":"product","2":"type-product","3":"status-publish","4":"has-post-thumbnail","6":"product_cat-unisex-new-rendez-vous-store","7":"product_cat-rdvs-selection-unisex-rendez-vous-store","8":"product_cat-shirt-unisex-rendez-vous-store","9":"product_cat-unisex-rendez-vous-store","10":"product_tag-y","11":"entry","13":"first","14":"instock","15":"taxable","16":"shipping-taxable","17":"purchasable","18":"product-type-variable"},"acf":[],"yoast_head":"<!-- This site is optimized with the Yoast SEO plugin v24.9 - https:\/\/yoast.com\/wordpress\/plugins\/seo\/ -->\n<title>Y Brushed Twill Shirt 50368 Navy<\/title>\n<meta name=\"description\" content=\"Y is on Rendez-vous Store. This Y Brushed Twill Shirt 50368 Navy is characterized by its environmentally friendly materials and its casual aspect.\" \/>\n<meta name=\"robots\" content=\"index, follow, max-snippet:-1, max-image-preview:large, max-video-preview:-1\" \/>\n<link rel=\"canonical\" href=\"https:\/\/rendez-vous-store.com\/fr\/shop\/unisex-rendez-vous-store\/shirt-unisex-rendez-vous-store\/y-brushed-twill-shirt-50368-navy-rendez-vous-store\/\" \/>\n<meta property=\"og:locale\" content=\"fr_FR\" \/>\n<meta property=\"og:type\" content=\"article\" \/>\n<meta property=\"og:title\" content=\"Y Brushed Twill Shirt 50368 Navy\" \/>\n<meta property=\"og:description\" content=\"Y is on Rendez-vous Store. This Y Brushed Twill Shirt 50368 Navy is characterized by its environmentally friendly materials and its casual aspect.\" \/>\n<meta property=\"og:url\" content=\"https:\/\/rendez-vous-store.com\/fr\/shop\/unisex-rendez-vous-store\/shirt-unisex-rendez-vous-store\/y-brushed-twill-shirt-50368-navy-rendez-vous-store\/\" \/>\n<meta property=\"og:site_name\" content=\"RENDEZ-VOUS STORE\" \/>\n<meta property=\"article:modified_time\" content=\"2026-03-16T17:23:17+00:00\" \/>\n<meta property=\"og:image\" content=\"https:\/\/rendez-vous-store.com\/app\/uploads\/2024\/10\/IMG_1413.webp\" \/>\n\t<meta property=\"og:image:width\" content=\"1696\" \/>\n\t<meta property=\"og:image:height\" content=\"2560\" \/>\n\t<meta property=\"og:image:type\" content=\"image\/webp\" \/>\n<meta name=\"twitter:card\" content=\"summary_large_image\" \/>\n<meta name=\"twitter:label1\" content=\"Est. reading time\" \/>\n\t<meta name=\"twitter:data1\" content=\"1 minute\" \/>\n<script type=\"application\/ld+json\" class=\"yoast-schema-graph\">{\"@context\":\"https:\/\/schema.org\",\"@graph\":[{\"@type\":\"WebPage\",\"@id\":\"https:\/\/rendez-vous-store.com\/shop\/unisex-rendez-vous-store\/shirt-unisex-rendez-vous-store\/y-brushed-twill-shirt-50368-navy-rendez-vous-store\/\",\"url\":\"https:\/\/rendez-vous-store.com\/shop\/unisex-rendez-vous-store\/shirt-unisex-rendez-vous-store\/y-brushed-twill-shirt-50368-navy-rendez-vous-store\/\",\"name\":\"Y Brushed Twill Shirt 50368 Navy\",\"isPartOf\":{\"@id\":\"https:\/\/rendez-vous-store.com\/#website\"},\"primaryImageOfPage\":{\"@id\":\"https:\/\/rendez-vous-store.com\/shop\/unisex-rendez-vous-store\/shirt-unisex-rendez-vous-store\/y-brushed-twill-shirt-50368-navy-rendez-vous-store\/#primaryimage\"},\"image\":{\"@id\":\"https:\/\/rendez-vous-store.com\/shop\/unisex-rendez-vous-store\/shirt-unisex-rendez-vous-store\/y-brushed-twill-shirt-50368-navy-rendez-vous-store\/#primaryimage\"},\"thumbnailUrl\":\"https:\/\/rendez-vous-store.com\/app\/uploads\/2024\/10\/IMG_1413.webp\",\"datePublished\":\"2024-10-23T13:21:02+00:00\",\"dateModified\":\"2026-03-16T17:23:17+00:00\",\"description\":\"Y is on Rendez-vous Store. This Y Brushed Twill Shirt 50368 Navy is characterized by its environmentally friendly materials and its casual aspect.\",\"breadcrumb\":{\"@id\":\"https:\/\/rendez-vous-store.com\/shop\/unisex-rendez-vous-store\/shirt-unisex-rendez-vous-store\/y-brushed-twill-shirt-50368-navy-rendez-vous-store\/#breadcrumb\"},\"inLanguage\":\"fr-FR\",\"potentialAction\":[{\"@type\":\"ReadAction\",\"target\":[\"https:\/\/rendez-vous-store.com\/shop\/unisex-rendez-vous-store\/shirt-unisex-rendez-vous-store\/y-brushed-twill-shirt-50368-navy-rendez-vous-store\/\"]}]},{\"@type\":\"ImageObject\",\"inLanguage\":\"fr-FR\",\"@id\":\"https:\/\/rendez-vous-store.com\/shop\/unisex-rendez-vous-store\/shirt-unisex-rendez-vous-store\/y-brushed-twill-shirt-50368-navy-rendez-vous-store\/#primaryimage\",\"url\":\"https:\/\/rendez-vous-store.com\/app\/uploads\/2024\/10\/IMG_1413.webp\",\"contentUrl\":\"https:\/\/rendez-vous-store.com\/app\/uploads\/2024\/10\/IMG_1413.webp\",\"width\":1696,\"height\":2560},{\"@type\":\"BreadcrumbList\",\"@id\":\"https:\/\/rendez-vous-store.com\/shop\/unisex-rendez-vous-store\/shirt-unisex-rendez-vous-store\/y-brushed-twill-shirt-50368-navy-rendez-vous-store\/#breadcrumb\",\"itemListElement\":[{\"@type\":\"ListItem\",\"position\":1,\"name\":\"Home\",\"item\":\"https:\/\/rendez-vous-store.com\/\"},{\"@type\":\"ListItem\",\"position\":2,\"name\":\"Shop\",\"item\":\"https:\/\/www.rendez-vous-store.com\/shop\/\"},{\"@type\":\"ListItem\",\"position\":3,\"name\":\"Y &#8211; Brushed Twill Shirt 50368 &#8211; Navy\"}]},{\"@type\":\"WebSite\",\"@id\":\"https:\/\/rendez-vous-store.com\/#website\",\"url\":\"https:\/\/rendez-vous-store.com\/\",\"name\":\"RENDEZ-VOUS STORE\",\"description\":\"Slow Fashion for Women and Men\",\"potentialAction\":[{\"@type\":\"SearchAction\",\"target\":{\"@type\":\"EntryPoint\",\"urlTemplate\":\"https:\/\/rendez-vous-store.com\/?s={search_term_string}\"},\"query-input\":{\"@type\":\"PropertyValueSpecification\",\"valueRequired\":true,\"valueName\":\"search_term_string\"}}],\"inLanguage\":\"fr-FR\"}]}<\/script>\n<!-- \/ Yoast SEO plugin. -->","yoast_head_json":{"title":"Y Brushed Twill Shirt 50368 Navy","description":"Y is on Rendez-vous Store. This Y Brushed Twill Shirt 50368 Navy is characterized by its environmentally friendly materials and its casual aspect.","robots":{"index":"index","follow":"follow","max-snippet":"max-snippet:-1","max-image-preview":"max-image-preview:large","max-video-preview":"max-video-preview:-1"},"canonical":"https:\/\/rendez-vous-store.com\/fr\/shop\/unisex-rendez-vous-store\/shirt-unisex-rendez-vous-store\/y-brushed-twill-shirt-50368-navy-rendez-vous-store\/","og_locale":"fr_FR","og_type":"article","og_title":"Y Brushed Twill Shirt 50368 Navy","og_description":"Y is on Rendez-vous Store. This Y Brushed Twill Shirt 50368 Navy is characterized by its environmentally friendly materials and its casual aspect.","og_url":"https:\/\/rendez-vous-store.com\/fr\/shop\/unisex-rendez-vous-store\/shirt-unisex-rendez-vous-store\/y-brushed-twill-shirt-50368-navy-rendez-vous-store\/","og_site_name":"RENDEZ-VOUS STORE","article_modified_time":"2026-03-16T17:23:17+00:00","og_image":[{"width":1696,"height":2560,"url":"https:\/\/rendez-vous-store.com\/app\/uploads\/2024\/10\/IMG_1413.webp","type":"image\/webp"}],"twitter_card":"summary_large_image","twitter_misc":{"Est. reading time":"1 minute"},"schema":{"@context":"https:\/\/schema.org","@graph":[{"@type":"WebPage","@id":"https:\/\/rendez-vous-store.com\/shop\/unisex-rendez-vous-store\/shirt-unisex-rendez-vous-store\/y-brushed-twill-shirt-50368-navy-rendez-vous-store\/","url":"https:\/\/rendez-vous-store.com\/shop\/unisex-rendez-vous-store\/shirt-unisex-rendez-vous-store\/y-brushed-twill-shirt-50368-navy-rendez-vous-store\/","name":"Y Brushed Twill Shirt 50368 Navy","isPartOf":{"@id":"https:\/\/rendez-vous-store.com\/#website"},"primaryImageOfPage":{"@id":"https:\/\/rendez-vous-store.com\/shop\/unisex-rendez-vous-store\/shirt-unisex-rendez-vous-store\/y-brushed-twill-shirt-50368-navy-rendez-vous-store\/#primaryimage"},"image":{"@id":"https:\/\/rendez-vous-store.com\/shop\/unisex-rendez-vous-store\/shirt-unisex-rendez-vous-store\/y-brushed-twill-shirt-50368-navy-rendez-vous-store\/#primaryimage"},"thumbnailUrl":"https:\/\/rendez-vous-store.com\/app\/uploads\/2024\/10\/IMG_1413.webp","datePublished":"2024-10-23T13:21:02+00:00","dateModified":"2026-03-16T17:23:17+00:00","description":"Y is on Rendez-vous Store. This Y Brushed Twill Shirt 50368 Navy is characterized by its environmentally friendly materials and its casual aspect.","breadcrumb":{"@id":"https:\/\/rendez-vous-store.com\/shop\/unisex-rendez-vous-store\/shirt-unisex-rendez-vous-store\/y-brushed-twill-shirt-50368-navy-rendez-vous-store\/#breadcrumb"},"inLanguage":"fr-FR","potentialAction":[{"@type":"ReadAction","target":["https:\/\/rendez-vous-store.com\/shop\/unisex-rendez-vous-store\/shirt-unisex-rendez-vous-store\/y-brushed-twill-shirt-50368-navy-rendez-vous-store\/"]}]},{"@type":"ImageObject","inLanguage":"fr-FR","@id":"https:\/\/rendez-vous-store.com\/shop\/unisex-rendez-vous-store\/shirt-unisex-rendez-vous-store\/y-brushed-twill-shirt-50368-navy-rendez-vous-store\/#primaryimage","url":"https:\/\/rendez-vous-store.com\/app\/uploads\/2024\/10\/IMG_1413.webp","contentUrl":"https:\/\/rendez-vous-store.com\/app\/uploads\/2024\/10\/IMG_1413.webp","width":1696,"height":2560},{"@type":"BreadcrumbList","@id":"https:\/\/rendez-vous-store.com\/shop\/unisex-rendez-vous-store\/shirt-unisex-rendez-vous-store\/y-brushed-twill-shirt-50368-navy-rendez-vous-store\/#breadcrumb","itemListElement":[{"@type":"ListItem","position":1,"name":"Home","item":"https:\/\/rendez-vous-store.com\/"},{"@type":"ListItem","position":2,"name":"Shop","item":"https:\/\/www.rendez-vous-store.com\/shop\/"},{"@type":"ListItem","position":3,"name":"Y &#8211; Brushed Twill Shirt 50368 &#8211; Navy"}]},{"@type":"WebSite","@id":"https:\/\/rendez-vous-store.com\/#website","url":"https:\/\/rendez-vous-store.com\/","name":"RENDEZ-VOUS STORE","description":"Slow Fashion for Women and Men","potentialAction":[{"@type":"SearchAction","target":{"@type":"EntryPoint","urlTemplate":"https:\/\/rendez-vous-store.com\/?s={search_term_string}"},"query-input":{"@type":"PropertyValueSpecification","valueRequired":true,"valueName":"search_term_string"}}],"inLanguage":"fr-FR"}]}},"_links":{"self":[{"href":"https:\/\/rendez-vous-store.com\/fr\/wp-json\/wp\/v2\/product\/181307","targetHints":{"allow":["GET"]}}],"collection":[{"href":"https:\/\/rendez-vous-store.com\/fr\/wp-json\/wp\/v2\/product"}],"about":[{"href":"https:\/\/rendez-vous-store.com\/fr\/wp-json\/wp\/v2\/types\/product"}],"wp:featuredmedia":[{"embeddable":true,"href":"https:\/\/rendez-vous-store.com\/fr\/wp-json\/wp\/v2\/media\/193383"}],"wp:attachment":[{"href":"https:\/\/rendez-vous-store.com\/fr\/wp-json\/wp\/v2\/media?parent=181307"}],"wp:term":[{"taxonomy":"product_brand","embeddable":true,"href":"https:\/\/rendez-vous-store.com\/fr\/wp-json\/wp\/v2\/product_brand?post=181307"},{"taxonomy":"product_cat","embeddable":true,"href":"https:\/\/rendez-vous-store.com\/fr\/wp-json\/wp\/v2\/product_cat?post=181307"},{"taxonomy":"product_tag","embeddable":true,"href":"https:\/\/rendez-vous-store.com\/fr\/wp-json\/wp\/v2\/product_tag?post=181307"}],"curies":[{"name":"wp","href":"https:\/\/api.w.org\/{rel}","templated":true}]}}