{"id":181285,"date":"2024-10-23T15:20:37","date_gmt":"2024-10-23T13:20:37","guid":{"rendered":"https:\/\/rendez-vous-store.com\/?post_type=product&#038;p=181285"},"modified":"2026-03-16T18:23:24","modified_gmt":"2026-03-16T17:23:24","slug":"y-chino-adjuster-trousers-40313-navy-rendez-vous-store-2","status":"publish","type":"product","link":"https:\/\/rendez-vous-store.com\/fr\/shop\/unisex-rendez-vous-store\/trousers-shirts-unisex-rendez-vous-store\/y-chino-adjuster-trousers-40313-navy-rendez-vous-store-2\/","title":{"rendered":"Y - Pantalon chino ajust\u00e9 40313 - Marine"},"content":{"rendered":"<p><strong>Y - Pantalon chino ajust\u00e9 40313 - Marine<\/strong><\/p>\n<p>Couleur : bleu marine<\/p>\n<p>Ajustement \u00e0 la taille<\/p>\n<p>Composition : 100% Coton<\/p>\n<p>Fabriqu\u00e9 au Japon<\/p>\n<p>&nbsp;<\/p>\n<p><strong>La marque<\/strong><\/p>\n<p>La ligne \"Y\" (Yl\u00e8ve) est le fruit d'une collaboration entre la styliste Reiko Taguchi et M. Keiji Kaneko. Ils travaillent activement dans diff\u00e9rents domaines, y compris la direction des acheteurs. Cette ligne introduit une nouvelle perspective en utilisant des mat\u00e9riaux respectueux de l'environnement pour produire des pi\u00e8ces d\u00e9contract\u00e9es et unisexes qui transcendent les fronti\u00e8res du sexe, de la g\u00e9n\u00e9ration, du genre et de l'occasion.<\/p>\n<p>La marque ne produit que des v\u00eatements blancs et bleu marine. Ses mod\u00e8les sont unisexes, sans \u00e2ge, sans taille et sans saison. Ils cr\u00e9ent des v\u00eatements lavables, faciles \u00e0 utiliser au quotidien et qui s'int\u00e8grent parfaitement \u00e0 des tenues coordonn\u00e9es.<\/p>","protected":false},"excerpt":{"rendered":"<p>Y &#8211; Chino Adjuster Trousers 40313 &#8211; Navy Color: Navy Adjuster at the waist Composition: 100% Cotton Made in Japan &nbsp; The brand The \u201cY\u201d line (Yl\u00e8ve) is a collaborative creation between designer Reiko Taguchi and Mr. Keiji Kaneko. They actively work in various fields, including buyer direction. This line introduces a fresh perspective by&hellip; <a class=\"more-link\" href=\"https:\/\/rendez-vous-store.com\/fr\/shop\/unisex-rendez-vous-store\/trousers-shirts-unisex-rendez-vous-store\/y-chino-adjuster-trousers-40313-navy-rendez-vous-store-2\/\">Continuer la lecture <span class=\"screen-reader-text\">Y - Pantalon chino ajust\u00e9 40313 - Marine<\/span><\/a><\/p>","protected":false},"featured_media":193382,"template":"","meta":{"_acf_changed":false},"product_brand":[],"product_cat":[1311,1305,1304],"product_tag":[1209],"class_list":{"0":"post-181285","1":"product","2":"type-product","3":"status-publish","4":"has-post-thumbnail","6":"product_cat-unisex-new-rendez-vous-store","7":"product_cat-trousers-shirts-unisex-rendez-vous-store","8":"product_cat-unisex-rendez-vous-store","9":"product_tag-y","10":"entry","12":"first","13":"instock","14":"taxable","15":"shipping-taxable","16":"purchasable","17":"product-type-variable"},"acf":[],"yoast_head":"<!-- This site is optimized with the Yoast SEO plugin v24.9 - https:\/\/yoast.com\/wordpress\/plugins\/seo\/ -->\n<title>Y Chino Adjuster Trousers 40313 Navy<\/title>\n<meta name=\"description\" content=\"Y is on Rendez-vous Store. This Y Chino Adjuster Trousers 40313 Navy is characterized by its environmentally friendly materials and its casual aspect.\" \/>\n<meta name=\"robots\" content=\"index, follow, max-snippet:-1, max-image-preview:large, max-video-preview:-1\" \/>\n<link rel=\"canonical\" href=\"https:\/\/rendez-vous-store.com\/fr\/shop\/unisex-rendez-vous-store\/trousers-shirts-unisex-rendez-vous-store\/y-chino-adjuster-trousers-40313-navy-rendez-vous-store-2\/\" \/>\n<meta property=\"og:locale\" content=\"fr_FR\" \/>\n<meta property=\"og:type\" content=\"article\" \/>\n<meta property=\"og:title\" content=\"Y Chino Adjuster Trousers 40313 Navy\" \/>\n<meta property=\"og:description\" content=\"Y is on Rendez-vous Store. This Y Chino Adjuster Trousers 40313 Navy is characterized by its environmentally friendly materials and its casual aspect.\" \/>\n<meta property=\"og:url\" content=\"https:\/\/rendez-vous-store.com\/fr\/shop\/unisex-rendez-vous-store\/trousers-shirts-unisex-rendez-vous-store\/y-chino-adjuster-trousers-40313-navy-rendez-vous-store-2\/\" \/>\n<meta property=\"og:site_name\" content=\"RENDEZ-VOUS STORE\" \/>\n<meta property=\"article:modified_time\" content=\"2026-03-16T17:23:24+00:00\" \/>\n<meta property=\"og:image\" content=\"https:\/\/rendez-vous-store.com\/wp-content\/uploads\/2024\/10\/IMG_1386.webp\" \/>\n\t<meta property=\"og:image:width\" content=\"1696\" \/>\n\t<meta property=\"og:image:height\" content=\"2560\" \/>\n\t<meta property=\"og:image:type\" content=\"image\/webp\" \/>\n<meta name=\"twitter:card\" content=\"summary_large_image\" \/>\n<meta name=\"twitter:label1\" content=\"Est. reading time\" \/>\n\t<meta name=\"twitter:data1\" content=\"1 minute\" \/>\n<script type=\"application\/ld+json\" class=\"yoast-schema-graph\">{\"@context\":\"https:\/\/schema.org\",\"@graph\":[{\"@type\":\"WebPage\",\"@id\":\"https:\/\/rendez-vous-store.com\/shop\/unisex-rendez-vous-store\/trousers-shirts-unisex-rendez-vous-store\/y-chino-adjuster-trousers-40313-navy-rendez-vous-store-2\/\",\"url\":\"https:\/\/rendez-vous-store.com\/shop\/unisex-rendez-vous-store\/trousers-shirts-unisex-rendez-vous-store\/y-chino-adjuster-trousers-40313-navy-rendez-vous-store-2\/\",\"name\":\"Y Chino Adjuster Trousers 40313 Navy\",\"isPartOf\":{\"@id\":\"https:\/\/rendez-vous-store.com\/#website\"},\"primaryImageOfPage\":{\"@id\":\"https:\/\/rendez-vous-store.com\/shop\/unisex-rendez-vous-store\/trousers-shirts-unisex-rendez-vous-store\/y-chino-adjuster-trousers-40313-navy-rendez-vous-store-2\/#primaryimage\"},\"image\":{\"@id\":\"https:\/\/rendez-vous-store.com\/shop\/unisex-rendez-vous-store\/trousers-shirts-unisex-rendez-vous-store\/y-chino-adjuster-trousers-40313-navy-rendez-vous-store-2\/#primaryimage\"},\"thumbnailUrl\":\"https:\/\/rendez-vous-store.com\/app\/uploads\/2024\/10\/IMG_1386.webp\",\"datePublished\":\"2024-10-23T13:20:37+00:00\",\"dateModified\":\"2026-03-16T17:23:24+00:00\",\"description\":\"Y is on Rendez-vous Store. This Y Chino Adjuster Trousers 40313 Navy is characterized by its environmentally friendly materials and its casual aspect.\",\"breadcrumb\":{\"@id\":\"https:\/\/rendez-vous-store.com\/shop\/unisex-rendez-vous-store\/trousers-shirts-unisex-rendez-vous-store\/y-chino-adjuster-trousers-40313-navy-rendez-vous-store-2\/#breadcrumb\"},\"inLanguage\":\"fr-FR\",\"potentialAction\":[{\"@type\":\"ReadAction\",\"target\":[\"https:\/\/rendez-vous-store.com\/shop\/unisex-rendez-vous-store\/trousers-shirts-unisex-rendez-vous-store\/y-chino-adjuster-trousers-40313-navy-rendez-vous-store-2\/\"]}]},{\"@type\":\"ImageObject\",\"inLanguage\":\"fr-FR\",\"@id\":\"https:\/\/rendez-vous-store.com\/shop\/unisex-rendez-vous-store\/trousers-shirts-unisex-rendez-vous-store\/y-chino-adjuster-trousers-40313-navy-rendez-vous-store-2\/#primaryimage\",\"url\":\"https:\/\/rendez-vous-store.com\/app\/uploads\/2024\/10\/IMG_1386.webp\",\"contentUrl\":\"https:\/\/rendez-vous-store.com\/app\/uploads\/2024\/10\/IMG_1386.webp\",\"width\":1696,\"height\":2560},{\"@type\":\"BreadcrumbList\",\"@id\":\"https:\/\/rendez-vous-store.com\/shop\/unisex-rendez-vous-store\/trousers-shirts-unisex-rendez-vous-store\/y-chino-adjuster-trousers-40313-navy-rendez-vous-store-2\/#breadcrumb\",\"itemListElement\":[{\"@type\":\"ListItem\",\"position\":1,\"name\":\"Home\",\"item\":\"https:\/\/rendez-vous-store.com\/\"},{\"@type\":\"ListItem\",\"position\":2,\"name\":\"Shop\",\"item\":\"https:\/\/www.rendez-vous-store.com\/shop\/\"},{\"@type\":\"ListItem\",\"position\":3,\"name\":\"Y &#8211; Chino Adjuster Trousers 40313 &#8211; Navy\"}]},{\"@type\":\"WebSite\",\"@id\":\"https:\/\/rendez-vous-store.com\/#website\",\"url\":\"https:\/\/rendez-vous-store.com\/\",\"name\":\"RENDEZ-VOUS STORE\",\"description\":\"Slow Fashion for Women and Men\",\"potentialAction\":[{\"@type\":\"SearchAction\",\"target\":{\"@type\":\"EntryPoint\",\"urlTemplate\":\"https:\/\/rendez-vous-store.com\/?s={search_term_string}\"},\"query-input\":{\"@type\":\"PropertyValueSpecification\",\"valueRequired\":true,\"valueName\":\"search_term_string\"}}],\"inLanguage\":\"fr-FR\"}]}<\/script>\n<!-- \/ Yoast SEO plugin. -->","yoast_head_json":{"title":"Y Chino Adjuster Trousers 40313 Navy","description":"Y is on Rendez-vous Store. This Y Chino Adjuster Trousers 40313 Navy is characterized by its environmentally friendly materials and its casual aspect.","robots":{"index":"index","follow":"follow","max-snippet":"max-snippet:-1","max-image-preview":"max-image-preview:large","max-video-preview":"max-video-preview:-1"},"canonical":"https:\/\/rendez-vous-store.com\/fr\/shop\/unisex-rendez-vous-store\/trousers-shirts-unisex-rendez-vous-store\/y-chino-adjuster-trousers-40313-navy-rendez-vous-store-2\/","og_locale":"fr_FR","og_type":"article","og_title":"Y Chino Adjuster Trousers 40313 Navy","og_description":"Y is on Rendez-vous Store. This Y Chino Adjuster Trousers 40313 Navy is characterized by its environmentally friendly materials and its casual aspect.","og_url":"https:\/\/rendez-vous-store.com\/fr\/shop\/unisex-rendez-vous-store\/trousers-shirts-unisex-rendez-vous-store\/y-chino-adjuster-trousers-40313-navy-rendez-vous-store-2\/","og_site_name":"RENDEZ-VOUS STORE","article_modified_time":"2026-03-16T17:23:24+00:00","og_image":[{"width":1696,"height":2560,"url":"https:\/\/rendez-vous-store.com\/wp-content\/uploads\/2024\/10\/IMG_1386.webp","type":"image\/webp"}],"twitter_card":"summary_large_image","twitter_misc":{"Est. reading time":"1 minute"},"schema":{"@context":"https:\/\/schema.org","@graph":[{"@type":"WebPage","@id":"https:\/\/rendez-vous-store.com\/shop\/unisex-rendez-vous-store\/trousers-shirts-unisex-rendez-vous-store\/y-chino-adjuster-trousers-40313-navy-rendez-vous-store-2\/","url":"https:\/\/rendez-vous-store.com\/shop\/unisex-rendez-vous-store\/trousers-shirts-unisex-rendez-vous-store\/y-chino-adjuster-trousers-40313-navy-rendez-vous-store-2\/","name":"Y Chino Adjuster Trousers 40313 Navy","isPartOf":{"@id":"https:\/\/rendez-vous-store.com\/#website"},"primaryImageOfPage":{"@id":"https:\/\/rendez-vous-store.com\/shop\/unisex-rendez-vous-store\/trousers-shirts-unisex-rendez-vous-store\/y-chino-adjuster-trousers-40313-navy-rendez-vous-store-2\/#primaryimage"},"image":{"@id":"https:\/\/rendez-vous-store.com\/shop\/unisex-rendez-vous-store\/trousers-shirts-unisex-rendez-vous-store\/y-chino-adjuster-trousers-40313-navy-rendez-vous-store-2\/#primaryimage"},"thumbnailUrl":"https:\/\/rendez-vous-store.com\/app\/uploads\/2024\/10\/IMG_1386.webp","datePublished":"2024-10-23T13:20:37+00:00","dateModified":"2026-03-16T17:23:24+00:00","description":"Y is on Rendez-vous Store. This Y Chino Adjuster Trousers 40313 Navy is characterized by its environmentally friendly materials and its casual aspect.","breadcrumb":{"@id":"https:\/\/rendez-vous-store.com\/shop\/unisex-rendez-vous-store\/trousers-shirts-unisex-rendez-vous-store\/y-chino-adjuster-trousers-40313-navy-rendez-vous-store-2\/#breadcrumb"},"inLanguage":"fr-FR","potentialAction":[{"@type":"ReadAction","target":["https:\/\/rendez-vous-store.com\/shop\/unisex-rendez-vous-store\/trousers-shirts-unisex-rendez-vous-store\/y-chino-adjuster-trousers-40313-navy-rendez-vous-store-2\/"]}]},{"@type":"ImageObject","inLanguage":"fr-FR","@id":"https:\/\/rendez-vous-store.com\/shop\/unisex-rendez-vous-store\/trousers-shirts-unisex-rendez-vous-store\/y-chino-adjuster-trousers-40313-navy-rendez-vous-store-2\/#primaryimage","url":"https:\/\/rendez-vous-store.com\/app\/uploads\/2024\/10\/IMG_1386.webp","contentUrl":"https:\/\/rendez-vous-store.com\/app\/uploads\/2024\/10\/IMG_1386.webp","width":1696,"height":2560},{"@type":"BreadcrumbList","@id":"https:\/\/rendez-vous-store.com\/shop\/unisex-rendez-vous-store\/trousers-shirts-unisex-rendez-vous-store\/y-chino-adjuster-trousers-40313-navy-rendez-vous-store-2\/#breadcrumb","itemListElement":[{"@type":"ListItem","position":1,"name":"Home","item":"https:\/\/rendez-vous-store.com\/"},{"@type":"ListItem","position":2,"name":"Shop","item":"https:\/\/www.rendez-vous-store.com\/shop\/"},{"@type":"ListItem","position":3,"name":"Y &#8211; Chino Adjuster Trousers 40313 &#8211; Navy"}]},{"@type":"WebSite","@id":"https:\/\/rendez-vous-store.com\/#website","url":"https:\/\/rendez-vous-store.com\/","name":"RENDEZ-VOUS STORE","description":"Slow Fashion for Women and Men","potentialAction":[{"@type":"SearchAction","target":{"@type":"EntryPoint","urlTemplate":"https:\/\/rendez-vous-store.com\/?s={search_term_string}"},"query-input":{"@type":"PropertyValueSpecification","valueRequired":true,"valueName":"search_term_string"}}],"inLanguage":"fr-FR"}]}},"_links":{"self":[{"href":"https:\/\/rendez-vous-store.com\/fr\/wp-json\/wp\/v2\/product\/181285","targetHints":{"allow":["GET"]}}],"collection":[{"href":"https:\/\/rendez-vous-store.com\/fr\/wp-json\/wp\/v2\/product"}],"about":[{"href":"https:\/\/rendez-vous-store.com\/fr\/wp-json\/wp\/v2\/types\/product"}],"wp:featuredmedia":[{"embeddable":true,"href":"https:\/\/rendez-vous-store.com\/fr\/wp-json\/wp\/v2\/media\/193382"}],"wp:attachment":[{"href":"https:\/\/rendez-vous-store.com\/fr\/wp-json\/wp\/v2\/media?parent=181285"}],"wp:term":[{"taxonomy":"product_brand","embeddable":true,"href":"https:\/\/rendez-vous-store.com\/fr\/wp-json\/wp\/v2\/product_brand?post=181285"},{"taxonomy":"product_cat","embeddable":true,"href":"https:\/\/rendez-vous-store.com\/fr\/wp-json\/wp\/v2\/product_cat?post=181285"},{"taxonomy":"product_tag","embeddable":true,"href":"https:\/\/rendez-vous-store.com\/fr\/wp-json\/wp\/v2\/product_tag?post=181285"}],"curies":[{"name":"wp","href":"https:\/\/api.w.org\/{rel}","templated":true}]}}