{"id":180522,"date":"2024-10-16T12:10:22","date_gmt":"2024-10-16T10:10:22","guid":{"rendered":"https:\/\/rendez-vous-store.com\/?post_type=product&#038;p=180522"},"modified":"2026-04-03T14:18:18","modified_gmt":"2026-04-03T12:18:18","slug":"hatski-unisex-pants-22003-one-wash","status":"publish","type":"product","link":"https:\/\/rendez-vous-store.com\/fr\/shop\/unisex-rendez-vous-store\/trousers-shirts-unisex-rendez-vous-store\/hatski-unisex-pants-22003-one-wash\/","title":{"rendered":"Hatski \u2013 Pantalon unisexe 22003 \u2013 One Wash"},"content":{"rendered":"<p><strong>Pantalon Hatski 22003 One Wash<\/strong><\/p>\n<p>Couleur : Blanc<\/p>\n<p>Fermeture par bouton<\/p>\n<p>Construction \u00e0 5 poches<\/p>\n<p>Logo en cuir de vachette<\/p>\n<p>Boucles de ceinture<\/p>\n<p>Deux poches lat\u00e9rales<\/p>\n<p>Deux poches portefeuilles au dos<\/p>\n<p>Composition : 100% Coton<\/p>\n<p>Fabriqu\u00e9 au Japon<\/p>\n<p>Unisexe<\/p>\n<p>N'h\u00e9sitez pas \u00e0 contacter le service client\u00e8le si vous avez besoin d'aide pour choisir la taille.<\/p>\n<p>&nbsp;<\/p>\n<p>&nbsp;<\/p>\n<p>&nbsp;<\/p>\n<p>&nbsp;<\/p>\n<p><strong>La marque<\/strong><\/p>\n<p>Hatski, cr\u00e9\u00e9e en 2016, est sp\u00e9cialis\u00e9e dans la fabrication de jeans de haute qualit\u00e9.<\/p>\n<p>Pour cr\u00e9er ses produits, l'\u00e9quipe s'inspire de la nature, comme le mois d'ao\u00fbt et les eaux claires.<\/p>\n<p>Leurs coupes pr\u00e9sentent des dessins pr\u00e9cis avec des formes larges et des lignes fines, ce qui donne des pi\u00e8ces magnifiques.<\/p>\n<p>Hatski s'approvisionne en denim de qualit\u00e9 parmi les plus impressionnants pour des coupes de cheveux modernes et amusantes.<\/p>","protected":false},"excerpt":{"rendered":"<p>Hatski Pants 22003 One Wash Color: One Wash Button Closure 5-pocket construction Leather cowhide logo patch Belt Loops Two Side Pockets Two Back Wallet Pockets Composition: 100% Cotton Made In Japan Unisex Please feel free to contact customer service in case you need help to choose the size &nbsp; &nbsp; &nbsp; &nbsp; The brand Hatski,&hellip; <a class=\"more-link\" href=\"https:\/\/rendez-vous-store.com\/fr\/shop\/unisex-rendez-vous-store\/trousers-shirts-unisex-rendez-vous-store\/hatski-unisex-pants-22003-one-wash\/\">Continuer la lecture <span class=\"screen-reader-text\">Hatski \u2013 Pantalon unisexe 22003 \u2013 One Wash<\/span><\/a><\/p>","protected":false},"featured_media":236885,"template":"","meta":{"_acf_changed":false},"product_brand":[],"product_cat":[1305,1304,17,182,20,73],"product_tag":[623],"class_list":{"0":"post-180522","1":"product","2":"type-product","3":"status-publish","4":"has-post-thumbnail","6":"product_cat-trousers-shirts-unisex-rendez-vous-store","7":"product_cat-unisex-rendez-vous-store","8":"product_cat-women","9":"product_cat-trousers-skirts-discover-our-selection-rendez-vous-store","10":"product_cat-men-selection-discover-our-selection-rendez-vous-store","11":"product_cat-trousers-shorts-rendez-vous-store","12":"product_tag-hatski","13":"entry","15":"first","16":"instock","17":"taxable","18":"shipping-taxable","19":"purchasable","20":"product-type-variable"},"acf":[],"yoast_head":"<!-- This site is optimized with the Yoast SEO plugin v24.9 - https:\/\/yoast.com\/wordpress\/plugins\/seo\/ -->\n<title>Hatski Pants 22003 One Wash<\/title>\n<meta name=\"description\" content=\"Hatski is on Rendez-vous Store. This Hatski Pants 22003 One Wash represents the &quot;casual&quot; wear that is in your everyday life. Discover now.\" \/>\n<meta name=\"robots\" content=\"index, follow, max-snippet:-1, max-image-preview:large, max-video-preview:-1\" \/>\n<link rel=\"canonical\" href=\"https:\/\/rendez-vous-store.com\/fr\/shop\/unisex-rendez-vous-store\/trousers-shirts-unisex-rendez-vous-store\/hatski-unisex-pants-22003-one-wash\/\" \/>\n<meta property=\"og:locale\" content=\"fr_FR\" \/>\n<meta property=\"og:type\" content=\"article\" \/>\n<meta property=\"og:title\" content=\"Hatski Pants 22003 One Wash\" \/>\n<meta property=\"og:description\" content=\"Hatski is on Rendez-vous Store. This Hatski Pants 22003 One Wash represents the &quot;casual&quot; wear that is in your everyday life. Discover now.\" \/>\n<meta property=\"og:url\" content=\"https:\/\/rendez-vous-store.com\/fr\/shop\/unisex-rendez-vous-store\/trousers-shirts-unisex-rendez-vous-store\/hatski-unisex-pants-22003-one-wash\/\" \/>\n<meta property=\"og:site_name\" content=\"RENDEZ-VOUS STORE\" \/>\n<meta property=\"article:modified_time\" content=\"2026-04-03T12:18:18+00:00\" \/>\n<meta property=\"og:image\" content=\"https:\/\/rendez-vous-store.com\/app\/uploads\/2024\/10\/rdv_hatski_05-1-scaled.webp\" \/>\n\t<meta property=\"og:image:width\" content=\"1696\" \/>\n\t<meta property=\"og:image:height\" content=\"2560\" \/>\n\t<meta property=\"og:image:type\" content=\"image\/webp\" \/>\n<meta name=\"twitter:card\" content=\"summary_large_image\" \/>\n<meta name=\"twitter:label1\" content=\"Est. reading time\" \/>\n\t<meta name=\"twitter:data1\" content=\"1 minute\" \/>\n<script type=\"application\/ld+json\" class=\"yoast-schema-graph\">{\"@context\":\"https:\/\/schema.org\",\"@graph\":[{\"@type\":\"WebPage\",\"@id\":\"https:\/\/rendez-vous-store.com\/shop\/unisex-rendez-vous-store\/trousers-shirts-unisex-rendez-vous-store\/hatski-unisex-pants-22003-one-wash\/\",\"url\":\"https:\/\/rendez-vous-store.com\/shop\/unisex-rendez-vous-store\/trousers-shirts-unisex-rendez-vous-store\/hatski-unisex-pants-22003-one-wash\/\",\"name\":\"Hatski Pants 22003 One Wash\",\"isPartOf\":{\"@id\":\"https:\/\/rendez-vous-store.com\/#website\"},\"primaryImageOfPage\":{\"@id\":\"https:\/\/rendez-vous-store.com\/shop\/unisex-rendez-vous-store\/trousers-shirts-unisex-rendez-vous-store\/hatski-unisex-pants-22003-one-wash\/#primaryimage\"},\"image\":{\"@id\":\"https:\/\/rendez-vous-store.com\/shop\/unisex-rendez-vous-store\/trousers-shirts-unisex-rendez-vous-store\/hatski-unisex-pants-22003-one-wash\/#primaryimage\"},\"thumbnailUrl\":\"https:\/\/rendez-vous-store.com\/app\/uploads\/2024\/10\/rdv_hatski_05-1-scaled.webp\",\"datePublished\":\"2024-10-16T10:10:22+00:00\",\"dateModified\":\"2026-04-03T12:18:18+00:00\",\"description\":\"Hatski is on Rendez-vous Store. This Hatski Pants 22003 One Wash represents the \\\"casual\\\" wear that is in your everyday life. Discover now.\",\"breadcrumb\":{\"@id\":\"https:\/\/rendez-vous-store.com\/shop\/unisex-rendez-vous-store\/trousers-shirts-unisex-rendez-vous-store\/hatski-unisex-pants-22003-one-wash\/#breadcrumb\"},\"inLanguage\":\"fr-FR\",\"potentialAction\":[{\"@type\":\"ReadAction\",\"target\":[\"https:\/\/rendez-vous-store.com\/shop\/unisex-rendez-vous-store\/trousers-shirts-unisex-rendez-vous-store\/hatski-unisex-pants-22003-one-wash\/\"]}]},{\"@type\":\"ImageObject\",\"inLanguage\":\"fr-FR\",\"@id\":\"https:\/\/rendez-vous-store.com\/shop\/unisex-rendez-vous-store\/trousers-shirts-unisex-rendez-vous-store\/hatski-unisex-pants-22003-one-wash\/#primaryimage\",\"url\":\"https:\/\/rendez-vous-store.com\/app\/uploads\/2024\/10\/rdv_hatski_05-1-scaled.webp\",\"contentUrl\":\"https:\/\/rendez-vous-store.com\/app\/uploads\/2024\/10\/rdv_hatski_05-1-scaled.webp\",\"width\":1696,\"height\":2560,\"caption\":\"Hatski - Pants 22003 - One Wash\"},{\"@type\":\"BreadcrumbList\",\"@id\":\"https:\/\/rendez-vous-store.com\/shop\/unisex-rendez-vous-store\/trousers-shirts-unisex-rendez-vous-store\/hatski-unisex-pants-22003-one-wash\/#breadcrumb\",\"itemListElement\":[{\"@type\":\"ListItem\",\"position\":1,\"name\":\"Home\",\"item\":\"https:\/\/rendez-vous-store.com\/\"},{\"@type\":\"ListItem\",\"position\":2,\"name\":\"Shop\",\"item\":\"https:\/\/www.rendez-vous-store.com\/shop\/\"},{\"@type\":\"ListItem\",\"position\":3,\"name\":\"Hatski &#8211; UNISEX Pants 22003 &#8211; One Wash\"}]},{\"@type\":\"WebSite\",\"@id\":\"https:\/\/rendez-vous-store.com\/#website\",\"url\":\"https:\/\/rendez-vous-store.com\/\",\"name\":\"RENDEZ-VOUS STORE\",\"description\":\"Slow Fashion for Women and Men\",\"potentialAction\":[{\"@type\":\"SearchAction\",\"target\":{\"@type\":\"EntryPoint\",\"urlTemplate\":\"https:\/\/rendez-vous-store.com\/?s={search_term_string}\"},\"query-input\":{\"@type\":\"PropertyValueSpecification\",\"valueRequired\":true,\"valueName\":\"search_term_string\"}}],\"inLanguage\":\"fr-FR\"}]}<\/script>\n<!-- \/ Yoast SEO plugin. -->","yoast_head_json":{"title":"Hatski Pants 22003 One Wash","description":"Hatski is on Rendez-vous Store. This Hatski Pants 22003 One Wash represents the \"casual\" wear that is in your everyday life. Discover now.","robots":{"index":"index","follow":"follow","max-snippet":"max-snippet:-1","max-image-preview":"max-image-preview:large","max-video-preview":"max-video-preview:-1"},"canonical":"https:\/\/rendez-vous-store.com\/fr\/shop\/unisex-rendez-vous-store\/trousers-shirts-unisex-rendez-vous-store\/hatski-unisex-pants-22003-one-wash\/","og_locale":"fr_FR","og_type":"article","og_title":"Hatski Pants 22003 One Wash","og_description":"Hatski is on Rendez-vous Store. This Hatski Pants 22003 One Wash represents the \"casual\" wear that is in your everyday life. Discover now.","og_url":"https:\/\/rendez-vous-store.com\/fr\/shop\/unisex-rendez-vous-store\/trousers-shirts-unisex-rendez-vous-store\/hatski-unisex-pants-22003-one-wash\/","og_site_name":"RENDEZ-VOUS STORE","article_modified_time":"2026-04-03T12:18:18+00:00","og_image":[{"width":1696,"height":2560,"url":"https:\/\/rendez-vous-store.com\/app\/uploads\/2024\/10\/rdv_hatski_05-1-scaled.webp","type":"image\/webp"}],"twitter_card":"summary_large_image","twitter_misc":{"Est. reading time":"1 minute"},"schema":{"@context":"https:\/\/schema.org","@graph":[{"@type":"WebPage","@id":"https:\/\/rendez-vous-store.com\/shop\/unisex-rendez-vous-store\/trousers-shirts-unisex-rendez-vous-store\/hatski-unisex-pants-22003-one-wash\/","url":"https:\/\/rendez-vous-store.com\/shop\/unisex-rendez-vous-store\/trousers-shirts-unisex-rendez-vous-store\/hatski-unisex-pants-22003-one-wash\/","name":"Hatski Pants 22003 One Wash","isPartOf":{"@id":"https:\/\/rendez-vous-store.com\/#website"},"primaryImageOfPage":{"@id":"https:\/\/rendez-vous-store.com\/shop\/unisex-rendez-vous-store\/trousers-shirts-unisex-rendez-vous-store\/hatski-unisex-pants-22003-one-wash\/#primaryimage"},"image":{"@id":"https:\/\/rendez-vous-store.com\/shop\/unisex-rendez-vous-store\/trousers-shirts-unisex-rendez-vous-store\/hatski-unisex-pants-22003-one-wash\/#primaryimage"},"thumbnailUrl":"https:\/\/rendez-vous-store.com\/app\/uploads\/2024\/10\/rdv_hatski_05-1-scaled.webp","datePublished":"2024-10-16T10:10:22+00:00","dateModified":"2026-04-03T12:18:18+00:00","description":"Hatski is on Rendez-vous Store. This Hatski Pants 22003 One Wash represents the \"casual\" wear that is in your everyday life. Discover now.","breadcrumb":{"@id":"https:\/\/rendez-vous-store.com\/shop\/unisex-rendez-vous-store\/trousers-shirts-unisex-rendez-vous-store\/hatski-unisex-pants-22003-one-wash\/#breadcrumb"},"inLanguage":"fr-FR","potentialAction":[{"@type":"ReadAction","target":["https:\/\/rendez-vous-store.com\/shop\/unisex-rendez-vous-store\/trousers-shirts-unisex-rendez-vous-store\/hatski-unisex-pants-22003-one-wash\/"]}]},{"@type":"ImageObject","inLanguage":"fr-FR","@id":"https:\/\/rendez-vous-store.com\/shop\/unisex-rendez-vous-store\/trousers-shirts-unisex-rendez-vous-store\/hatski-unisex-pants-22003-one-wash\/#primaryimage","url":"https:\/\/rendez-vous-store.com\/app\/uploads\/2024\/10\/rdv_hatski_05-1-scaled.webp","contentUrl":"https:\/\/rendez-vous-store.com\/app\/uploads\/2024\/10\/rdv_hatski_05-1-scaled.webp","width":1696,"height":2560,"caption":"Hatski - Pants 22003 - One Wash"},{"@type":"BreadcrumbList","@id":"https:\/\/rendez-vous-store.com\/shop\/unisex-rendez-vous-store\/trousers-shirts-unisex-rendez-vous-store\/hatski-unisex-pants-22003-one-wash\/#breadcrumb","itemListElement":[{"@type":"ListItem","position":1,"name":"Home","item":"https:\/\/rendez-vous-store.com\/"},{"@type":"ListItem","position":2,"name":"Shop","item":"https:\/\/www.rendez-vous-store.com\/shop\/"},{"@type":"ListItem","position":3,"name":"Hatski &#8211; UNISEX Pants 22003 &#8211; One Wash"}]},{"@type":"WebSite","@id":"https:\/\/rendez-vous-store.com\/#website","url":"https:\/\/rendez-vous-store.com\/","name":"RENDEZ-VOUS STORE","description":"Slow Fashion for Women and Men","potentialAction":[{"@type":"SearchAction","target":{"@type":"EntryPoint","urlTemplate":"https:\/\/rendez-vous-store.com\/?s={search_term_string}"},"query-input":{"@type":"PropertyValueSpecification","valueRequired":true,"valueName":"search_term_string"}}],"inLanguage":"fr-FR"}]}},"_links":{"self":[{"href":"https:\/\/rendez-vous-store.com\/fr\/wp-json\/wp\/v2\/product\/180522","targetHints":{"allow":["GET"]}}],"collection":[{"href":"https:\/\/rendez-vous-store.com\/fr\/wp-json\/wp\/v2\/product"}],"about":[{"href":"https:\/\/rendez-vous-store.com\/fr\/wp-json\/wp\/v2\/types\/product"}],"wp:featuredmedia":[{"embeddable":true,"href":"https:\/\/rendez-vous-store.com\/fr\/wp-json\/wp\/v2\/media\/236885"}],"wp:attachment":[{"href":"https:\/\/rendez-vous-store.com\/fr\/wp-json\/wp\/v2\/media?parent=180522"}],"wp:term":[{"taxonomy":"product_brand","embeddable":true,"href":"https:\/\/rendez-vous-store.com\/fr\/wp-json\/wp\/v2\/product_brand?post=180522"},{"taxonomy":"product_cat","embeddable":true,"href":"https:\/\/rendez-vous-store.com\/fr\/wp-json\/wp\/v2\/product_cat?post=180522"},{"taxonomy":"product_tag","embeddable":true,"href":"https:\/\/rendez-vous-store.com\/fr\/wp-json\/wp\/v2\/product_tag?post=180522"}],"curies":[{"name":"wp","href":"https:\/\/api.w.org\/{rel}","templated":true}]}}