{"id":180190,"date":"2024-10-14T12:33:16","date_gmt":"2024-10-14T10:33:16","guid":{"rendered":"https:\/\/rendez-vous-store.com\/?post_type=product&#038;p=180190"},"modified":"2026-03-16T18:22:17","modified_gmt":"2026-03-16T17:22:17","slug":"sage-de-cret-co-wo-twill-chambray-shirt-jacket-31-40-6171-navy-rendez-vous-store","status":"publish","type":"product","link":"https:\/\/rendez-vous-store.com\/fr\/shop\/special-offer-men-rendez-vous-store\/men-coat-and-jacket-special-offer\/sage-de-cret-co-wo-twill-chambray-shirt-jacket-31-40-6171-navy-rendez-vous-store\/","title":{"rendered":"Sage De Cret - CO\/WO Veste chemise en chambray serg\u00e9 31-40-6171 - Marine"},"content":{"rendered":"<p><strong>Sage De Cret - CO\/WO Veste chemise en chambray serg\u00e9 31-40-6171 - Marine<\/strong><\/p>\n<p>Couleur : bleu marine<\/p>\n<p>Bouton sur le devant<\/p>\n<p>Deux grandes poches pour les mains et le rangement<\/p>\n<p>Poignets ajust\u00e9s par des boutons<\/p>\n<p>Composition : Laine 53% Coton 47%<\/p>\n<p>Fabriqu\u00e9 au Japon<\/p>\n<p>&nbsp;<\/p>\n<p>&nbsp;<\/p>\n<p><strong>La marque<\/strong><\/p>\n<div class=\"flex-shrink-0 flex flex-col relative items-end\">\n<div>\n<div class=\"pt-0\">\n<div class=\"gizmo-bot-avatar flex h-8 w-8 items-center justify-center overflow-hidden rounded-full\">\n<div class=\"relative p-1 rounded-sm flex items-center justify-center bg-token-main-surface-primary text-token-text-primary h-8 w-8\">Sage de Cret est une marque japonaise qui utilise les codes du v\u00eatement de travail pour cr\u00e9er une ligne de design moderne. La marque met l'accent sur l'importance des d\u00e9tails du v\u00eatement et le choix des tissus. L'ensemble de la collection est produit au Japon.<\/div>\n<\/div>\n<\/div>\n<\/div>\n<\/div>\n<div class=\"group\/conversation-turn relative flex w-full min-w-0 flex-col agent-turn\">\n<div class=\"flex-col gap-1 md:gap-3\">\n<div class=\"flex max-w-full flex-col flex-grow\">\n<div class=\"min-h-8 text-message flex w-full flex-col items-end gap-2 whitespace-normal break-words [.text-message+&amp;]:mt-5\" dir=\"auto\" data-message-author-role=\"assistant\" data-message-id=\"9a589af8-966b-425d-8c97-a78852c0f330\">\n<div class=\"flex w-full flex-col gap-1 empty:hidden first:pt-[3px]\">\n<div class=\"markdown prose w-full break-words dark:prose-invert light\">\n<p>Sage de Cret met en valeur les lignes sophistiqu\u00e9es des silhouettes, les tissus teints dans des couleurs profondes et les contrastes de couleurs et de textures dans les doublures, les accessoires et les coutures.<\/p>\n<\/div>\n<\/div>\n<\/div>\n<\/div>\n<\/div>\n<\/div>","protected":false},"excerpt":{"rendered":"<p>Sage De Cret &#8211; CO\/WO Twill Chambray Shirt Jacket 31-40-6171 &#8211; Navy Color: Navy Button Front Two Large Hand\/Stow Pockets Button Adjust Cuffs Composition: Wool 53% Cotton 47% Made in Japan &nbsp; &nbsp; The brand Sage de Cret is a Japanese brand that uses workwear garment codes to create a modern design line. The brand&hellip; <a class=\"more-link\" href=\"https:\/\/rendez-vous-store.com\/fr\/shop\/special-offer-men-rendez-vous-store\/men-coat-and-jacket-special-offer\/sage-de-cret-co-wo-twill-chambray-shirt-jacket-31-40-6171-navy-rendez-vous-store\/\">Continuer la lecture <span class=\"screen-reader-text\">Sage De Cret - CO\/WO Veste chemise en chambray serg\u00e9 31-40-6171 - Marine<\/span><\/a><\/p>","protected":false},"featured_media":180447,"template":"","meta":{"_acf_changed":false},"product_brand":[],"product_cat":[1291,1353,1350,20,53],"product_tag":[703],"class_list":{"0":"post-180190","1":"product","2":"type-product","3":"status-publish","4":"has-post-thumbnail","6":"product_cat-sale-30","7":"product_cat-men-coat-and-jacket-special-offer","8":"product_cat-special-offer-men-rendez-vous-store","9":"product_cat-men-selection-discover-our-selection-rendez-vous-store","10":"product_cat-jackets-coats-discover-our-selection","11":"product_tag-sage-de-cret","12":"entry","14":"first","15":"outofstock","16":"taxable","17":"shipping-taxable","18":"product-type-variable"},"acf":[],"yoast_head":"<!-- This site is optimized with the Yoast SEO plugin v24.9 - https:\/\/yoast.com\/wordpress\/plugins\/seo\/ -->\n<title>Sage De Cret - CO\/WO Twill Chambray Shirt Jacket 31-40-6171 - Navy<\/title>\n<meta name=\"description\" content=\"This Sage De Cret CO\/WO Twill Chambray Shirt Jacket 31-40-6171 Navy combine a variety of traditional dyeing and advanced techniques.\" \/>\n<meta name=\"robots\" content=\"index, follow, max-snippet:-1, max-image-preview:large, max-video-preview:-1\" \/>\n<link rel=\"canonical\" href=\"https:\/\/rendez-vous-store.com\/fr\/shop\/special-offer-men-rendez-vous-store\/men-coat-and-jacket-special-offer\/sage-de-cret-co-wo-twill-chambray-shirt-jacket-31-40-6171-navy-rendez-vous-store\/\" \/>\n<meta property=\"og:locale\" content=\"fr_FR\" \/>\n<meta property=\"og:type\" content=\"article\" \/>\n<meta property=\"og:title\" content=\"Sage De Cret - CO\/WO Twill Chambray Shirt Jacket 31-40-6171 - Navy\" \/>\n<meta property=\"og:description\" content=\"This Sage De Cret CO\/WO Twill Chambray Shirt Jacket 31-40-6171 Navy combine a variety of traditional dyeing and advanced techniques.\" \/>\n<meta property=\"og:url\" content=\"https:\/\/rendez-vous-store.com\/fr\/shop\/special-offer-men-rendez-vous-store\/men-coat-and-jacket-special-offer\/sage-de-cret-co-wo-twill-chambray-shirt-jacket-31-40-6171-navy-rendez-vous-store\/\" \/>\n<meta property=\"og:site_name\" content=\"RENDEZ-VOUS STORE\" \/>\n<meta property=\"article:modified_time\" content=\"2026-03-16T17:22:17+00:00\" \/>\n<meta property=\"og:image\" content=\"https:\/\/rendez-vous-store.com\/wp-content\/uploads\/2024\/10\/Sage-De-Cret-Wool-Viyella-Tumbler-Work-Shirt-31-40-6159-Navy.webp\" \/>\n\t<meta property=\"og:image:width\" content=\"1696\" \/>\n\t<meta property=\"og:image:height\" content=\"2560\" \/>\n\t<meta property=\"og:image:type\" content=\"image\/webp\" \/>\n<meta name=\"twitter:card\" content=\"summary_large_image\" \/>\n<meta name=\"twitter:label1\" content=\"Est. reading time\" \/>\n\t<meta name=\"twitter:data1\" content=\"1 minute\" \/>\n<script type=\"application\/ld+json\" class=\"yoast-schema-graph\">{\"@context\":\"https:\/\/schema.org\",\"@graph\":[{\"@type\":\"WebPage\",\"@id\":\"https:\/\/rendez-vous-store.com\/shop\/special-offer-men-rendez-vous-store\/men-coat-and-jacket-special-offer\/sage-de-cret-co-wo-twill-chambray-shirt-jacket-31-40-6171-navy-rendez-vous-store\/\",\"url\":\"https:\/\/rendez-vous-store.com\/shop\/special-offer-men-rendez-vous-store\/men-coat-and-jacket-special-offer\/sage-de-cret-co-wo-twill-chambray-shirt-jacket-31-40-6171-navy-rendez-vous-store\/\",\"name\":\"Sage De Cret - CO\/WO Twill Chambray Shirt Jacket 31-40-6171 - Navy\",\"isPartOf\":{\"@id\":\"https:\/\/rendez-vous-store.com\/#website\"},\"primaryImageOfPage\":{\"@id\":\"https:\/\/rendez-vous-store.com\/shop\/special-offer-men-rendez-vous-store\/men-coat-and-jacket-special-offer\/sage-de-cret-co-wo-twill-chambray-shirt-jacket-31-40-6171-navy-rendez-vous-store\/#primaryimage\"},\"image\":{\"@id\":\"https:\/\/rendez-vous-store.com\/shop\/special-offer-men-rendez-vous-store\/men-coat-and-jacket-special-offer\/sage-de-cret-co-wo-twill-chambray-shirt-jacket-31-40-6171-navy-rendez-vous-store\/#primaryimage\"},\"thumbnailUrl\":\"https:\/\/rendez-vous-store.com\/app\/uploads\/2024\/10\/Sage-De-Cret-Wool-Viyella-Tumbler-Work-Shirt-31-40-6159-Navy.webp\",\"datePublished\":\"2024-10-14T10:33:16+00:00\",\"dateModified\":\"2026-03-16T17:22:17+00:00\",\"description\":\"This Sage De Cret CO\/WO Twill Chambray Shirt Jacket 31-40-6171 Navy combine a variety of traditional dyeing and advanced techniques.\",\"breadcrumb\":{\"@id\":\"https:\/\/rendez-vous-store.com\/shop\/special-offer-men-rendez-vous-store\/men-coat-and-jacket-special-offer\/sage-de-cret-co-wo-twill-chambray-shirt-jacket-31-40-6171-navy-rendez-vous-store\/#breadcrumb\"},\"inLanguage\":\"fr-FR\",\"potentialAction\":[{\"@type\":\"ReadAction\",\"target\":[\"https:\/\/rendez-vous-store.com\/shop\/special-offer-men-rendez-vous-store\/men-coat-and-jacket-special-offer\/sage-de-cret-co-wo-twill-chambray-shirt-jacket-31-40-6171-navy-rendez-vous-store\/\"]}]},{\"@type\":\"ImageObject\",\"inLanguage\":\"fr-FR\",\"@id\":\"https:\/\/rendez-vous-store.com\/shop\/special-offer-men-rendez-vous-store\/men-coat-and-jacket-special-offer\/sage-de-cret-co-wo-twill-chambray-shirt-jacket-31-40-6171-navy-rendez-vous-store\/#primaryimage\",\"url\":\"https:\/\/rendez-vous-store.com\/app\/uploads\/2024\/10\/Sage-De-Cret-Wool-Viyella-Tumbler-Work-Shirt-31-40-6159-Navy.webp\",\"contentUrl\":\"https:\/\/rendez-vous-store.com\/app\/uploads\/2024\/10\/Sage-De-Cret-Wool-Viyella-Tumbler-Work-Shirt-31-40-6159-Navy.webp\",\"width\":1696,\"height\":2560},{\"@type\":\"BreadcrumbList\",\"@id\":\"https:\/\/rendez-vous-store.com\/shop\/special-offer-men-rendez-vous-store\/men-coat-and-jacket-special-offer\/sage-de-cret-co-wo-twill-chambray-shirt-jacket-31-40-6171-navy-rendez-vous-store\/#breadcrumb\",\"itemListElement\":[{\"@type\":\"ListItem\",\"position\":1,\"name\":\"Home\",\"item\":\"https:\/\/rendez-vous-store.com\/\"},{\"@type\":\"ListItem\",\"position\":2,\"name\":\"Shop\",\"item\":\"https:\/\/www.rendez-vous-store.com\/shop\/\"},{\"@type\":\"ListItem\",\"position\":3,\"name\":\"Sage De Cret &#8211; CO\/WO Twill Chambray Shirt Jacket 31-40-6171 &#8211; Navy\"}]},{\"@type\":\"WebSite\",\"@id\":\"https:\/\/rendez-vous-store.com\/#website\",\"url\":\"https:\/\/rendez-vous-store.com\/\",\"name\":\"RENDEZ-VOUS STORE\",\"description\":\"Slow Fashion for Women and Men\",\"potentialAction\":[{\"@type\":\"SearchAction\",\"target\":{\"@type\":\"EntryPoint\",\"urlTemplate\":\"https:\/\/rendez-vous-store.com\/?s={search_term_string}\"},\"query-input\":{\"@type\":\"PropertyValueSpecification\",\"valueRequired\":true,\"valueName\":\"search_term_string\"}}],\"inLanguage\":\"fr-FR\"}]}<\/script>\n<!-- \/ Yoast SEO plugin. -->","yoast_head_json":{"title":"Sage De Cret - CO\/WO Twill Chambray Shirt Jacket 31-40-6171 - Navy","description":"This Sage De Cret CO\/WO Twill Chambray Shirt Jacket 31-40-6171 Navy combine a variety of traditional dyeing and advanced techniques.","robots":{"index":"index","follow":"follow","max-snippet":"max-snippet:-1","max-image-preview":"max-image-preview:large","max-video-preview":"max-video-preview:-1"},"canonical":"https:\/\/rendez-vous-store.com\/fr\/shop\/special-offer-men-rendez-vous-store\/men-coat-and-jacket-special-offer\/sage-de-cret-co-wo-twill-chambray-shirt-jacket-31-40-6171-navy-rendez-vous-store\/","og_locale":"fr_FR","og_type":"article","og_title":"Sage De Cret - CO\/WO Twill Chambray Shirt Jacket 31-40-6171 - Navy","og_description":"This Sage De Cret CO\/WO Twill Chambray Shirt Jacket 31-40-6171 Navy combine a variety of traditional dyeing and advanced techniques.","og_url":"https:\/\/rendez-vous-store.com\/fr\/shop\/special-offer-men-rendez-vous-store\/men-coat-and-jacket-special-offer\/sage-de-cret-co-wo-twill-chambray-shirt-jacket-31-40-6171-navy-rendez-vous-store\/","og_site_name":"RENDEZ-VOUS STORE","article_modified_time":"2026-03-16T17:22:17+00:00","og_image":[{"width":1696,"height":2560,"url":"https:\/\/rendez-vous-store.com\/wp-content\/uploads\/2024\/10\/Sage-De-Cret-Wool-Viyella-Tumbler-Work-Shirt-31-40-6159-Navy.webp","type":"image\/webp"}],"twitter_card":"summary_large_image","twitter_misc":{"Est. reading time":"1 minute"},"schema":{"@context":"https:\/\/schema.org","@graph":[{"@type":"WebPage","@id":"https:\/\/rendez-vous-store.com\/shop\/special-offer-men-rendez-vous-store\/men-coat-and-jacket-special-offer\/sage-de-cret-co-wo-twill-chambray-shirt-jacket-31-40-6171-navy-rendez-vous-store\/","url":"https:\/\/rendez-vous-store.com\/shop\/special-offer-men-rendez-vous-store\/men-coat-and-jacket-special-offer\/sage-de-cret-co-wo-twill-chambray-shirt-jacket-31-40-6171-navy-rendez-vous-store\/","name":"Sage De Cret - CO\/WO Twill Chambray Shirt Jacket 31-40-6171 - Navy","isPartOf":{"@id":"https:\/\/rendez-vous-store.com\/#website"},"primaryImageOfPage":{"@id":"https:\/\/rendez-vous-store.com\/shop\/special-offer-men-rendez-vous-store\/men-coat-and-jacket-special-offer\/sage-de-cret-co-wo-twill-chambray-shirt-jacket-31-40-6171-navy-rendez-vous-store\/#primaryimage"},"image":{"@id":"https:\/\/rendez-vous-store.com\/shop\/special-offer-men-rendez-vous-store\/men-coat-and-jacket-special-offer\/sage-de-cret-co-wo-twill-chambray-shirt-jacket-31-40-6171-navy-rendez-vous-store\/#primaryimage"},"thumbnailUrl":"https:\/\/rendez-vous-store.com\/app\/uploads\/2024\/10\/Sage-De-Cret-Wool-Viyella-Tumbler-Work-Shirt-31-40-6159-Navy.webp","datePublished":"2024-10-14T10:33:16+00:00","dateModified":"2026-03-16T17:22:17+00:00","description":"This Sage De Cret CO\/WO Twill Chambray Shirt Jacket 31-40-6171 Navy combine a variety of traditional dyeing and advanced techniques.","breadcrumb":{"@id":"https:\/\/rendez-vous-store.com\/shop\/special-offer-men-rendez-vous-store\/men-coat-and-jacket-special-offer\/sage-de-cret-co-wo-twill-chambray-shirt-jacket-31-40-6171-navy-rendez-vous-store\/#breadcrumb"},"inLanguage":"fr-FR","potentialAction":[{"@type":"ReadAction","target":["https:\/\/rendez-vous-store.com\/shop\/special-offer-men-rendez-vous-store\/men-coat-and-jacket-special-offer\/sage-de-cret-co-wo-twill-chambray-shirt-jacket-31-40-6171-navy-rendez-vous-store\/"]}]},{"@type":"ImageObject","inLanguage":"fr-FR","@id":"https:\/\/rendez-vous-store.com\/shop\/special-offer-men-rendez-vous-store\/men-coat-and-jacket-special-offer\/sage-de-cret-co-wo-twill-chambray-shirt-jacket-31-40-6171-navy-rendez-vous-store\/#primaryimage","url":"https:\/\/rendez-vous-store.com\/app\/uploads\/2024\/10\/Sage-De-Cret-Wool-Viyella-Tumbler-Work-Shirt-31-40-6159-Navy.webp","contentUrl":"https:\/\/rendez-vous-store.com\/app\/uploads\/2024\/10\/Sage-De-Cret-Wool-Viyella-Tumbler-Work-Shirt-31-40-6159-Navy.webp","width":1696,"height":2560},{"@type":"BreadcrumbList","@id":"https:\/\/rendez-vous-store.com\/shop\/special-offer-men-rendez-vous-store\/men-coat-and-jacket-special-offer\/sage-de-cret-co-wo-twill-chambray-shirt-jacket-31-40-6171-navy-rendez-vous-store\/#breadcrumb","itemListElement":[{"@type":"ListItem","position":1,"name":"Home","item":"https:\/\/rendez-vous-store.com\/"},{"@type":"ListItem","position":2,"name":"Shop","item":"https:\/\/www.rendez-vous-store.com\/shop\/"},{"@type":"ListItem","position":3,"name":"Sage De Cret &#8211; CO\/WO Twill Chambray Shirt Jacket 31-40-6171 &#8211; Navy"}]},{"@type":"WebSite","@id":"https:\/\/rendez-vous-store.com\/#website","url":"https:\/\/rendez-vous-store.com\/","name":"RENDEZ-VOUS STORE","description":"Slow Fashion for Women and Men","potentialAction":[{"@type":"SearchAction","target":{"@type":"EntryPoint","urlTemplate":"https:\/\/rendez-vous-store.com\/?s={search_term_string}"},"query-input":{"@type":"PropertyValueSpecification","valueRequired":true,"valueName":"search_term_string"}}],"inLanguage":"fr-FR"}]}},"_links":{"self":[{"href":"https:\/\/rendez-vous-store.com\/fr\/wp-json\/wp\/v2\/product\/180190","targetHints":{"allow":["GET"]}}],"collection":[{"href":"https:\/\/rendez-vous-store.com\/fr\/wp-json\/wp\/v2\/product"}],"about":[{"href":"https:\/\/rendez-vous-store.com\/fr\/wp-json\/wp\/v2\/types\/product"}],"wp:featuredmedia":[{"embeddable":true,"href":"https:\/\/rendez-vous-store.com\/fr\/wp-json\/wp\/v2\/media\/180447"}],"wp:attachment":[{"href":"https:\/\/rendez-vous-store.com\/fr\/wp-json\/wp\/v2\/media?parent=180190"}],"wp:term":[{"taxonomy":"product_brand","embeddable":true,"href":"https:\/\/rendez-vous-store.com\/fr\/wp-json\/wp\/v2\/product_brand?post=180190"},{"taxonomy":"product_cat","embeddable":true,"href":"https:\/\/rendez-vous-store.com\/fr\/wp-json\/wp\/v2\/product_cat?post=180190"},{"taxonomy":"product_tag","embeddable":true,"href":"https:\/\/rendez-vous-store.com\/fr\/wp-json\/wp\/v2\/product_tag?post=180190"}],"curies":[{"name":"wp","href":"https:\/\/api.w.org\/{rel}","templated":true}]}}