{"id":180166,"date":"2024-10-14T12:33:09","date_gmt":"2024-10-14T10:33:09","guid":{"rendered":"https:\/\/rendez-vous-store.com\/?post_type=product&#038;p=180166"},"modified":"2026-03-16T18:22:31","modified_gmt":"2026-03-16T17:22:31","slug":"sage-de-cret-co-li-back-satin-single-pleated-wide-pants-31-40-8397-beige-rendez-vous-store","status":"publish","type":"product","link":"https:\/\/rendez-vous-store.com\/fr\/shop\/special-offer-men-rendez-vous-store\/men-trousers-special-offer-rendez-vous-store\/sage-de-cret-co-li-back-satin-single-pleated-wide-pants-31-40-8397-beige-rendez-vous-store\/","title":{"rendered":"Sage De Cret \u2013 Pantalon large \u00e0 plis simples en satin CO\/LI 31-40-8397 \u2013 Beige"},"content":{"rendered":"<p><strong>Sage De Cret \u2013 Pantalon ample \u00e0 plis unique en satin CO\/LI 31-40-8397 \u2013 Beige<\/strong><\/p>\n<p>Couleur : Beige<\/p>\n<p>Taille partiellement \u00e9lastiqu\u00e9e \u00e0 l'arri\u00e8re<\/p>\n<p>Devant pliss\u00e9<\/p>\n<p>Braguette zipp\u00e9e<\/p>\n<p>Poches en biais \u00e0 l'avant et poches plaqu\u00e9es boutonn\u00e9es \u00e0 l'arri\u00e8re<\/p>\n<p>Composition : 80% Coton 20% Lin<\/p>\n<p>Fabriqu\u00e9 au Japon<\/p>\n<p>&nbsp;<\/p>\n<p><strong>La marque<\/strong><\/p>\n<div class=\"flex-shrink-0 flex flex-col relative items-end\">\n<div>\n<div class=\"pt-0\">\n<div class=\"gizmo-bot-avatar flex h-8 w-8 items-center justify-center overflow-hidden rounded-full\">\n<div class=\"relative p-1 rounded-sm flex items-center justify-center bg-token-main-surface-primary text-token-text-primary h-8 w-8\">Sage de Cret est une marque japonaise qui utilise les codes du v\u00eatement de travail pour cr\u00e9er une ligne de design moderne. La marque met l'accent sur l'importance des d\u00e9tails du v\u00eatement et le choix des tissus. L'ensemble de la collection est produit au Japon.<\/div>\n<\/div>\n<\/div>\n<\/div>\n<\/div>\n<div class=\"group\/conversation-turn relative flex w-full min-w-0 flex-col agent-turn\">\n<div class=\"flex-col gap-1 md:gap-3\">\n<div class=\"flex max-w-full flex-col flex-grow\">\n<div class=\"min-h-8 text-message flex w-full flex-col items-end gap-2 whitespace-normal break-words [.text-message+&amp;]:mt-5\" dir=\"auto\" data-message-author-role=\"assistant\" data-message-id=\"9a589af8-966b-425d-8c97-a78852c0f330\">\n<div class=\"flex w-full flex-col gap-1 empty:hidden first:pt-[3px]\">\n<div class=\"markdown prose w-full break-words dark:prose-invert light\">\n<p>Sage de Cret met en valeur les lignes sophistiqu\u00e9es des silhouettes, les tissus teints dans des couleurs profondes et les contrastes de couleurs et de textures dans les doublures, les accessoires et les coutures.<\/p>\n<\/div>\n<\/div>\n<\/div>\n<\/div>\n<\/div>\n<\/div>","protected":false},"excerpt":{"rendered":"<p>Sage De Cret &#8211; CO\/LI Back Satin Single-Pleated Wide Pants 31-40-8397 &#8211;\u00a0 Beige Color: Beige Partially elasticated waist at rear Pleated front Zip fly Front slash pockets &amp; rear button patch pockets Composition: 80% Cotton 20% Linen Made in Japan &nbsp; The brand Sage de Cret is a Japanese brand that uses workwear garment codes&hellip; <a class=\"more-link\" href=\"https:\/\/rendez-vous-store.com\/fr\/shop\/special-offer-men-rendez-vous-store\/men-trousers-special-offer-rendez-vous-store\/sage-de-cret-co-li-back-satin-single-pleated-wide-pants-31-40-8397-beige-rendez-vous-store\/\">Continuer la lecture <span class=\"screen-reader-text\">Sage De Cret \u2013 Pantalon large \u00e0 plis simples en satin CO\/LI 31-40-8397 \u2013 Beige<\/span><\/a><\/p>","protected":false},"featured_media":180455,"template":"","meta":{"_acf_changed":false},"product_brand":[],"product_cat":[1292,1350,1359,20,73],"product_tag":[703],"class_list":{"0":"post-180166","1":"product","2":"type-product","3":"status-publish","4":"has-post-thumbnail","6":"product_cat-1292","7":"product_cat-special-offer-men-rendez-vous-store","8":"product_cat-men-trousers-special-offer-rendez-vous-store","9":"product_cat-men-selection-discover-our-selection-rendez-vous-store","10":"product_cat-trousers-shorts-rendez-vous-store","11":"product_tag-sage-de-cret","12":"entry","14":"first","15":"outofstock","16":"taxable","17":"shipping-taxable","18":"product-type-variable"},"acf":[],"yoast_head":"<!-- This site is optimized with the Yoast SEO plugin v24.9 - https:\/\/yoast.com\/wordpress\/plugins\/seo\/ -->\n<title>Sage De Cret - CO\/LI Back Satin Single-Pleated Wide Pants 31-40-8397 - Beige<\/title>\n<meta name=\"description\" content=\"This Sage De Cret CO\/LI Black Satin Single-Pleated Wide Pants 31-40-8398 Beige combine a variety of traditional dyeing and advanced techniques.\" \/>\n<meta name=\"robots\" content=\"index, follow, max-snippet:-1, max-image-preview:large, max-video-preview:-1\" \/>\n<link rel=\"canonical\" href=\"https:\/\/rendez-vous-store.com\/fr\/shop\/special-offer-men-rendez-vous-store\/men-trousers-special-offer-rendez-vous-store\/sage-de-cret-co-li-back-satin-single-pleated-wide-pants-31-40-8397-beige-rendez-vous-store\/\" \/>\n<meta property=\"og:locale\" content=\"fr_FR\" \/>\n<meta property=\"og:type\" content=\"article\" \/>\n<meta property=\"og:title\" content=\"Sage De Cret - CO\/LI Back Satin Single-Pleated Wide Pants 31-40-8397 - Beige\" \/>\n<meta property=\"og:description\" content=\"This Sage De Cret CO\/LI Black Satin Single-Pleated Wide Pants 31-40-8398 Beige combine a variety of traditional dyeing and advanced techniques.\" \/>\n<meta property=\"og:url\" content=\"https:\/\/rendez-vous-store.com\/fr\/shop\/special-offer-men-rendez-vous-store\/men-trousers-special-offer-rendez-vous-store\/sage-de-cret-co-li-back-satin-single-pleated-wide-pants-31-40-8397-beige-rendez-vous-store\/\" \/>\n<meta property=\"og:site_name\" content=\"RENDEZ-VOUS STORE\" \/>\n<meta property=\"article:modified_time\" content=\"2026-03-16T17:22:31+00:00\" \/>\n<meta property=\"og:image\" content=\"https:\/\/rendez-vous-store.com\/wp-content\/uploads\/2024\/10\/Sage-De-Cret-COLI-Back-Satin-Single-Pleated-Wide-Pants-31-40-8397-Beige.webp\" \/>\n\t<meta property=\"og:image:width\" content=\"1696\" \/>\n\t<meta property=\"og:image:height\" content=\"2560\" \/>\n\t<meta property=\"og:image:type\" content=\"image\/webp\" \/>\n<meta name=\"twitter:card\" content=\"summary_large_image\" \/>\n<meta name=\"twitter:label1\" content=\"Est. reading time\" \/>\n\t<meta name=\"twitter:data1\" content=\"1 minute\" \/>\n<script type=\"application\/ld+json\" class=\"yoast-schema-graph\">{\"@context\":\"https:\/\/schema.org\",\"@graph\":[{\"@type\":\"WebPage\",\"@id\":\"https:\/\/rendez-vous-store.com\/shop\/special-offer-men-rendez-vous-store\/men-trousers-special-offer-rendez-vous-store\/sage-de-cret-co-li-back-satin-single-pleated-wide-pants-31-40-8397-beige-rendez-vous-store\/\",\"url\":\"https:\/\/rendez-vous-store.com\/shop\/special-offer-men-rendez-vous-store\/men-trousers-special-offer-rendez-vous-store\/sage-de-cret-co-li-back-satin-single-pleated-wide-pants-31-40-8397-beige-rendez-vous-store\/\",\"name\":\"Sage De Cret - CO\/LI Back Satin Single-Pleated Wide Pants 31-40-8397 - Beige\",\"isPartOf\":{\"@id\":\"https:\/\/rendez-vous-store.com\/#website\"},\"primaryImageOfPage\":{\"@id\":\"https:\/\/rendez-vous-store.com\/shop\/special-offer-men-rendez-vous-store\/men-trousers-special-offer-rendez-vous-store\/sage-de-cret-co-li-back-satin-single-pleated-wide-pants-31-40-8397-beige-rendez-vous-store\/#primaryimage\"},\"image\":{\"@id\":\"https:\/\/rendez-vous-store.com\/shop\/special-offer-men-rendez-vous-store\/men-trousers-special-offer-rendez-vous-store\/sage-de-cret-co-li-back-satin-single-pleated-wide-pants-31-40-8397-beige-rendez-vous-store\/#primaryimage\"},\"thumbnailUrl\":\"https:\/\/rendez-vous-store.com\/app\/uploads\/2024\/10\/Sage-De-Cret-COLI-Back-Satin-Single-Pleated-Wide-Pants-31-40-8397-Beige.webp\",\"datePublished\":\"2024-10-14T10:33:09+00:00\",\"dateModified\":\"2026-03-16T17:22:31+00:00\",\"description\":\"This Sage De Cret CO\/LI Black Satin Single-Pleated Wide Pants 31-40-8398 Beige combine a variety of traditional dyeing and advanced techniques.\",\"breadcrumb\":{\"@id\":\"https:\/\/rendez-vous-store.com\/shop\/special-offer-men-rendez-vous-store\/men-trousers-special-offer-rendez-vous-store\/sage-de-cret-co-li-back-satin-single-pleated-wide-pants-31-40-8397-beige-rendez-vous-store\/#breadcrumb\"},\"inLanguage\":\"fr-FR\",\"potentialAction\":[{\"@type\":\"ReadAction\",\"target\":[\"https:\/\/rendez-vous-store.com\/shop\/special-offer-men-rendez-vous-store\/men-trousers-special-offer-rendez-vous-store\/sage-de-cret-co-li-back-satin-single-pleated-wide-pants-31-40-8397-beige-rendez-vous-store\/\"]}]},{\"@type\":\"ImageObject\",\"inLanguage\":\"fr-FR\",\"@id\":\"https:\/\/rendez-vous-store.com\/shop\/special-offer-men-rendez-vous-store\/men-trousers-special-offer-rendez-vous-store\/sage-de-cret-co-li-back-satin-single-pleated-wide-pants-31-40-8397-beige-rendez-vous-store\/#primaryimage\",\"url\":\"https:\/\/rendez-vous-store.com\/app\/uploads\/2024\/10\/Sage-De-Cret-COLI-Back-Satin-Single-Pleated-Wide-Pants-31-40-8397-Beige.webp\",\"contentUrl\":\"https:\/\/rendez-vous-store.com\/app\/uploads\/2024\/10\/Sage-De-Cret-COLI-Back-Satin-Single-Pleated-Wide-Pants-31-40-8397-Beige.webp\",\"width\":1696,\"height\":2560},{\"@type\":\"BreadcrumbList\",\"@id\":\"https:\/\/rendez-vous-store.com\/shop\/special-offer-men-rendez-vous-store\/men-trousers-special-offer-rendez-vous-store\/sage-de-cret-co-li-back-satin-single-pleated-wide-pants-31-40-8397-beige-rendez-vous-store\/#breadcrumb\",\"itemListElement\":[{\"@type\":\"ListItem\",\"position\":1,\"name\":\"Home\",\"item\":\"https:\/\/rendez-vous-store.com\/\"},{\"@type\":\"ListItem\",\"position\":2,\"name\":\"Shop\",\"item\":\"https:\/\/www.rendez-vous-store.com\/shop\/\"},{\"@type\":\"ListItem\",\"position\":3,\"name\":\"Sage De Cret &#8211; CO\/LI Back Satin Single-Pleated Wide Pants 31-40-8397 &#8211; Beige\"}]},{\"@type\":\"WebSite\",\"@id\":\"https:\/\/rendez-vous-store.com\/#website\",\"url\":\"https:\/\/rendez-vous-store.com\/\",\"name\":\"RENDEZ-VOUS STORE\",\"description\":\"Slow Fashion for Women and Men\",\"potentialAction\":[{\"@type\":\"SearchAction\",\"target\":{\"@type\":\"EntryPoint\",\"urlTemplate\":\"https:\/\/rendez-vous-store.com\/?s={search_term_string}\"},\"query-input\":{\"@type\":\"PropertyValueSpecification\",\"valueRequired\":true,\"valueName\":\"search_term_string\"}}],\"inLanguage\":\"fr-FR\"}]}<\/script>\n<!-- \/ Yoast SEO plugin. -->","yoast_head_json":{"title":"Sage De Cret - CO\/LI Back Satin Single-Pleated Wide Pants 31-40-8397 - Beige","description":"This Sage De Cret CO\/LI Black Satin Single-Pleated Wide Pants 31-40-8398 Beige combine a variety of traditional dyeing and advanced techniques.","robots":{"index":"index","follow":"follow","max-snippet":"max-snippet:-1","max-image-preview":"max-image-preview:large","max-video-preview":"max-video-preview:-1"},"canonical":"https:\/\/rendez-vous-store.com\/fr\/shop\/special-offer-men-rendez-vous-store\/men-trousers-special-offer-rendez-vous-store\/sage-de-cret-co-li-back-satin-single-pleated-wide-pants-31-40-8397-beige-rendez-vous-store\/","og_locale":"fr_FR","og_type":"article","og_title":"Sage De Cret - CO\/LI Back Satin Single-Pleated Wide Pants 31-40-8397 - Beige","og_description":"This Sage De Cret CO\/LI Black Satin Single-Pleated Wide Pants 31-40-8398 Beige combine a variety of traditional dyeing and advanced techniques.","og_url":"https:\/\/rendez-vous-store.com\/fr\/shop\/special-offer-men-rendez-vous-store\/men-trousers-special-offer-rendez-vous-store\/sage-de-cret-co-li-back-satin-single-pleated-wide-pants-31-40-8397-beige-rendez-vous-store\/","og_site_name":"RENDEZ-VOUS STORE","article_modified_time":"2026-03-16T17:22:31+00:00","og_image":[{"width":1696,"height":2560,"url":"https:\/\/rendez-vous-store.com\/wp-content\/uploads\/2024\/10\/Sage-De-Cret-COLI-Back-Satin-Single-Pleated-Wide-Pants-31-40-8397-Beige.webp","type":"image\/webp"}],"twitter_card":"summary_large_image","twitter_misc":{"Est. reading time":"1 minute"},"schema":{"@context":"https:\/\/schema.org","@graph":[{"@type":"WebPage","@id":"https:\/\/rendez-vous-store.com\/shop\/special-offer-men-rendez-vous-store\/men-trousers-special-offer-rendez-vous-store\/sage-de-cret-co-li-back-satin-single-pleated-wide-pants-31-40-8397-beige-rendez-vous-store\/","url":"https:\/\/rendez-vous-store.com\/shop\/special-offer-men-rendez-vous-store\/men-trousers-special-offer-rendez-vous-store\/sage-de-cret-co-li-back-satin-single-pleated-wide-pants-31-40-8397-beige-rendez-vous-store\/","name":"Sage De Cret - CO\/LI Back Satin Single-Pleated Wide Pants 31-40-8397 - Beige","isPartOf":{"@id":"https:\/\/rendez-vous-store.com\/#website"},"primaryImageOfPage":{"@id":"https:\/\/rendez-vous-store.com\/shop\/special-offer-men-rendez-vous-store\/men-trousers-special-offer-rendez-vous-store\/sage-de-cret-co-li-back-satin-single-pleated-wide-pants-31-40-8397-beige-rendez-vous-store\/#primaryimage"},"image":{"@id":"https:\/\/rendez-vous-store.com\/shop\/special-offer-men-rendez-vous-store\/men-trousers-special-offer-rendez-vous-store\/sage-de-cret-co-li-back-satin-single-pleated-wide-pants-31-40-8397-beige-rendez-vous-store\/#primaryimage"},"thumbnailUrl":"https:\/\/rendez-vous-store.com\/app\/uploads\/2024\/10\/Sage-De-Cret-COLI-Back-Satin-Single-Pleated-Wide-Pants-31-40-8397-Beige.webp","datePublished":"2024-10-14T10:33:09+00:00","dateModified":"2026-03-16T17:22:31+00:00","description":"This Sage De Cret CO\/LI Black Satin Single-Pleated Wide Pants 31-40-8398 Beige combine a variety of traditional dyeing and advanced techniques.","breadcrumb":{"@id":"https:\/\/rendez-vous-store.com\/shop\/special-offer-men-rendez-vous-store\/men-trousers-special-offer-rendez-vous-store\/sage-de-cret-co-li-back-satin-single-pleated-wide-pants-31-40-8397-beige-rendez-vous-store\/#breadcrumb"},"inLanguage":"fr-FR","potentialAction":[{"@type":"ReadAction","target":["https:\/\/rendez-vous-store.com\/shop\/special-offer-men-rendez-vous-store\/men-trousers-special-offer-rendez-vous-store\/sage-de-cret-co-li-back-satin-single-pleated-wide-pants-31-40-8397-beige-rendez-vous-store\/"]}]},{"@type":"ImageObject","inLanguage":"fr-FR","@id":"https:\/\/rendez-vous-store.com\/shop\/special-offer-men-rendez-vous-store\/men-trousers-special-offer-rendez-vous-store\/sage-de-cret-co-li-back-satin-single-pleated-wide-pants-31-40-8397-beige-rendez-vous-store\/#primaryimage","url":"https:\/\/rendez-vous-store.com\/app\/uploads\/2024\/10\/Sage-De-Cret-COLI-Back-Satin-Single-Pleated-Wide-Pants-31-40-8397-Beige.webp","contentUrl":"https:\/\/rendez-vous-store.com\/app\/uploads\/2024\/10\/Sage-De-Cret-COLI-Back-Satin-Single-Pleated-Wide-Pants-31-40-8397-Beige.webp","width":1696,"height":2560},{"@type":"BreadcrumbList","@id":"https:\/\/rendez-vous-store.com\/shop\/special-offer-men-rendez-vous-store\/men-trousers-special-offer-rendez-vous-store\/sage-de-cret-co-li-back-satin-single-pleated-wide-pants-31-40-8397-beige-rendez-vous-store\/#breadcrumb","itemListElement":[{"@type":"ListItem","position":1,"name":"Home","item":"https:\/\/rendez-vous-store.com\/"},{"@type":"ListItem","position":2,"name":"Shop","item":"https:\/\/www.rendez-vous-store.com\/shop\/"},{"@type":"ListItem","position":3,"name":"Sage De Cret &#8211; CO\/LI Back Satin Single-Pleated Wide Pants 31-40-8397 &#8211; Beige"}]},{"@type":"WebSite","@id":"https:\/\/rendez-vous-store.com\/#website","url":"https:\/\/rendez-vous-store.com\/","name":"RENDEZ-VOUS STORE","description":"Slow Fashion for Women and Men","potentialAction":[{"@type":"SearchAction","target":{"@type":"EntryPoint","urlTemplate":"https:\/\/rendez-vous-store.com\/?s={search_term_string}"},"query-input":{"@type":"PropertyValueSpecification","valueRequired":true,"valueName":"search_term_string"}}],"inLanguage":"fr-FR"}]}},"_links":{"self":[{"href":"https:\/\/rendez-vous-store.com\/fr\/wp-json\/wp\/v2\/product\/180166","targetHints":{"allow":["GET"]}}],"collection":[{"href":"https:\/\/rendez-vous-store.com\/fr\/wp-json\/wp\/v2\/product"}],"about":[{"href":"https:\/\/rendez-vous-store.com\/fr\/wp-json\/wp\/v2\/types\/product"}],"wp:featuredmedia":[{"embeddable":true,"href":"https:\/\/rendez-vous-store.com\/fr\/wp-json\/wp\/v2\/media\/180455"}],"wp:attachment":[{"href":"https:\/\/rendez-vous-store.com\/fr\/wp-json\/wp\/v2\/media?parent=180166"}],"wp:term":[{"taxonomy":"product_brand","embeddable":true,"href":"https:\/\/rendez-vous-store.com\/fr\/wp-json\/wp\/v2\/product_brand?post=180166"},{"taxonomy":"product_cat","embeddable":true,"href":"https:\/\/rendez-vous-store.com\/fr\/wp-json\/wp\/v2\/product_cat?post=180166"},{"taxonomy":"product_tag","embeddable":true,"href":"https:\/\/rendez-vous-store.com\/fr\/wp-json\/wp\/v2\/product_tag?post=180166"}],"curies":[{"name":"wp","href":"https:\/\/api.w.org\/{rel}","templated":true}]}}