{"id":180145,"date":"2024-10-14T11:16:45","date_gmt":"2024-10-14T09:16:45","guid":{"rendered":"https:\/\/rendez-vous-store.com\/?post_type=product&#038;p=180145"},"modified":"2026-03-16T18:22:40","modified_gmt":"2026-03-16T17:22:40","slug":"still-by-hand-wool-nylon-half-coat-co3243os-black-rendez-vous-store","status":"publish","type":"product","link":"https:\/\/rendez-vous-store.com\/fr\/shop\/special-offer-men-rendez-vous-store\/men-coat-and-jacket-special-offer\/still-by-hand-wool-nylon-half-coat-co3243os-black-rendez-vous-store\/","title":{"rendered":"Still By Hand - Demi-manteau en laine\/nylon CO3243OS - Noir"},"content":{"rendered":"<p><strong>Still By Hand - Demi-manteau en laine\/nylon CO3243OS - Noir<\/strong><\/p>\n<p>Couleur : Noir<\/p>\n<p>Composition : Ext\u00e9rieur : Laine 90%, Nylon 10%<br \/>\nDoublure du corps : Coton 100%<br \/>\nDoublure des manches : Rayon 54%, Coton 46%<\/p>\n<p>Fabriqu\u00e9 au Japon<\/p>\n<p>&nbsp;<\/p>\n<h4>La marque<\/h4>\n<p>Still by Hand est une marque japonaise de v\u00eatements pour hommes r\u00e9put\u00e9e pour son savoir-faire m\u00e9ticuleux, ses mod\u00e8les minimalistes et son souci du d\u00e9tail in\u00e9gal\u00e9. Cr\u00e9\u00e9e en 2000, la marque a acquis une reconnaissance internationale pour son engagement en faveur de la qualit\u00e9 et de l'innovation dans le monde de la mode.<\/p>\n<p>Au c\u0153ur de la philosophie de Still by Hand se trouve une profonde appr\u00e9ciation de l'artisanat traditionnel et des techniques artisanales. Chaque v\u00eatement est confectionn\u00e9 avec amour au Japon par des artisans qualifi\u00e9s, \u00e0 l'aide des mat\u00e9riaux les plus nobles provenant du monde entier. Des tissus soigneusement s\u00e9lectionn\u00e9s aux coutures pr\u00e9cises et aux finitions, chaque aspect du processus de production refl\u00e8te le d\u00e9vouement de la marque \u00e0 l'excellence.<\/p>\n<p>Les cr\u00e9ations de Still by Hand se caract\u00e9risent par leur \u00e9l\u00e9gance discr\u00e8te, leurs silhouettes intemporelles et leurs d\u00e9tails soign\u00e9s. Des vestes et pantalons sur mesure aux chemises et tricots d\u00e9contract\u00e9s, chaque pi\u00e8ce d\u00e9gage une impression de sophistication sans effort et de style contemporain.<\/p>\n<p>Outre son engagement en faveur de l'artisanat et du design, Still by Hand se consacre \u00e9galement au d\u00e9veloppement durable et aux pratiques de production \u00e9thiques. La marque privil\u00e9gie les mat\u00e9riaux et les m\u00e9thodes de fabrication respectueux de l'environnement, afin de minimiser son impact sur la plan\u00e8te.<\/p>\n<p>Avec son attrait intemporel, son savoir-faire m\u00e9ticuleux et son engagement in\u00e9branlable en faveur de la qualit\u00e9, Still by Hand invite les hommes \u00e0 embrasser leur individualit\u00e9 et \u00e0 s'exprimer avec confiance et cr\u00e9ativit\u00e9. Que l'on s'habille pour une occasion sp\u00e9ciale ou que l'on cherche simplement \u00e0 rehausser son look de tous les jours, Still by Hand offre le m\u00e9lange parfait de luxe, d'artisanat et d'innovation.<\/p>","protected":false},"excerpt":{"rendered":"<p>Still By Hand &#8211; Wool\/Nylon Half Coat CO3243OS \u2013 Black Color: Black Composition: Outer: Wool 90%, Nylon 10% Body lining: Cotton 100% Sleeve lining: Rayon 54%, Cotton 46% Made in Japan &nbsp; The Brand Still by Hand is a distinguished Japanese menswear brand celebrated for its meticulous craftsmanship, minimalist designs, and unparalleled attention to detail.&hellip; <a class=\"more-link\" href=\"https:\/\/rendez-vous-store.com\/fr\/shop\/special-offer-men-rendez-vous-store\/men-coat-and-jacket-special-offer\/still-by-hand-wool-nylon-half-coat-co3243os-black-rendez-vous-store\/\">Continue reading <span class=\"screen-reader-text\">Still By Hand - Demi-manteau en laine\/nylon CO3243OS - Noir<\/span><\/a><\/p>","protected":false},"featured_media":181002,"template":"","meta":{"_acf_changed":false},"product_brand":[],"product_cat":[1353,1350,20,53],"product_tag":[717],"class_list":{"0":"post-180145","1":"product","2":"type-product","3":"status-publish","4":"has-post-thumbnail","6":"product_cat-men-coat-and-jacket-special-offer","7":"product_cat-special-offer-men-rendez-vous-store","8":"product_cat-men-selection-discover-our-selection-rendez-vous-store","9":"product_cat-jackets-coats-discover-our-selection","10":"product_tag-still-by-hand-rendez-vous-store","11":"entry","13":"first","14":"outofstock","15":"taxable","16":"shipping-taxable","17":"product-type-variable"},"acf":[],"yoast_head":"<!-- This site is optimized with the Yoast SEO plugin v24.9 - https:\/\/yoast.com\/wordpress\/plugins\/seo\/ -->\n<title>Still By Hand - Wool\/Nylon Half Coat CO3243OS \u2013 Black<\/title>\n<meta name=\"description\" content=\"This Still By Hand Wool\/Nylon Half Coat CO3243OS Black filled with clean lines and an open-minded approach to design. Discover now\" \/>\n<meta name=\"robots\" content=\"index, follow, max-snippet:-1, max-image-preview:large, max-video-preview:-1\" \/>\n<link rel=\"canonical\" href=\"https:\/\/rendez-vous-store.com\/fr\/shop\/special-offer-men-rendez-vous-store\/men-coat-and-jacket-special-offer\/still-by-hand-wool-nylon-half-coat-co3243os-black-rendez-vous-store\/\" \/>\n<meta property=\"og:locale\" content=\"fr_FR\" \/>\n<meta property=\"og:type\" content=\"article\" \/>\n<meta property=\"og:title\" content=\"Still By Hand - Wool\/Nylon Half Coat CO3243OS \u2013 Black\" \/>\n<meta property=\"og:description\" content=\"This Still By Hand Wool\/Nylon Half Coat CO3243OS Black filled with clean lines and an open-minded approach to design. Discover now\" \/>\n<meta property=\"og:url\" content=\"https:\/\/rendez-vous-store.com\/fr\/shop\/special-offer-men-rendez-vous-store\/men-coat-and-jacket-special-offer\/still-by-hand-wool-nylon-half-coat-co3243os-black-rendez-vous-store\/\" \/>\n<meta property=\"og:site_name\" content=\"RENDEZ-VOUS STORE\" \/>\n<meta property=\"article:modified_time\" content=\"2026-03-16T17:22:40+00:00\" \/>\n<meta property=\"og:image\" content=\"https:\/\/rendez-vous-store.com\/wp-content\/uploads\/2024\/10\/Still-By-Hand-WoolNylon-Half-Coat-CO3243OS-\u2013-Black.webp\" \/>\n\t<meta property=\"og:image:width\" content=\"1696\" \/>\n\t<meta property=\"og:image:height\" content=\"2560\" \/>\n\t<meta property=\"og:image:type\" content=\"image\/webp\" \/>\n<meta name=\"twitter:card\" content=\"summary_large_image\" \/>\n<meta name=\"twitter:label1\" content=\"Est. reading time\" \/>\n\t<meta name=\"twitter:data1\" content=\"2 minutes\" \/>\n<script type=\"application\/ld+json\" class=\"yoast-schema-graph\">{\"@context\":\"https:\/\/schema.org\",\"@graph\":[{\"@type\":\"WebPage\",\"@id\":\"https:\/\/rendez-vous-store.com\/shop\/special-offer-men-rendez-vous-store\/men-coat-and-jacket-special-offer\/still-by-hand-wool-nylon-half-coat-co3243os-black-rendez-vous-store\/\",\"url\":\"https:\/\/rendez-vous-store.com\/shop\/special-offer-men-rendez-vous-store\/men-coat-and-jacket-special-offer\/still-by-hand-wool-nylon-half-coat-co3243os-black-rendez-vous-store\/\",\"name\":\"Still By Hand - Wool\/Nylon Half Coat CO3243OS \u2013 Black\",\"isPartOf\":{\"@id\":\"https:\/\/rendez-vous-store.com\/#website\"},\"primaryImageOfPage\":{\"@id\":\"https:\/\/rendez-vous-store.com\/shop\/special-offer-men-rendez-vous-store\/men-coat-and-jacket-special-offer\/still-by-hand-wool-nylon-half-coat-co3243os-black-rendez-vous-store\/#primaryimage\"},\"image\":{\"@id\":\"https:\/\/rendez-vous-store.com\/shop\/special-offer-men-rendez-vous-store\/men-coat-and-jacket-special-offer\/still-by-hand-wool-nylon-half-coat-co3243os-black-rendez-vous-store\/#primaryimage\"},\"thumbnailUrl\":\"https:\/\/rendez-vous-store.com\/app\/uploads\/2024\/10\/Still-By-Hand-WoolNylon-Half-Coat-CO3243OS-\u2013-Black.webp\",\"datePublished\":\"2024-10-14T09:16:45+00:00\",\"dateModified\":\"2026-03-16T17:22:40+00:00\",\"description\":\"This Still By Hand Wool\/Nylon Half Coat CO3243OS Black filled with clean lines and an open-minded approach to design. Discover now\",\"breadcrumb\":{\"@id\":\"https:\/\/rendez-vous-store.com\/shop\/special-offer-men-rendez-vous-store\/men-coat-and-jacket-special-offer\/still-by-hand-wool-nylon-half-coat-co3243os-black-rendez-vous-store\/#breadcrumb\"},\"inLanguage\":\"fr-FR\",\"potentialAction\":[{\"@type\":\"ReadAction\",\"target\":[\"https:\/\/rendez-vous-store.com\/shop\/special-offer-men-rendez-vous-store\/men-coat-and-jacket-special-offer\/still-by-hand-wool-nylon-half-coat-co3243os-black-rendez-vous-store\/\"]}]},{\"@type\":\"ImageObject\",\"inLanguage\":\"fr-FR\",\"@id\":\"https:\/\/rendez-vous-store.com\/shop\/special-offer-men-rendez-vous-store\/men-coat-and-jacket-special-offer\/still-by-hand-wool-nylon-half-coat-co3243os-black-rendez-vous-store\/#primaryimage\",\"url\":\"https:\/\/rendez-vous-store.com\/app\/uploads\/2024\/10\/Still-By-Hand-WoolNylon-Half-Coat-CO3243OS-\u2013-Black.webp\",\"contentUrl\":\"https:\/\/rendez-vous-store.com\/app\/uploads\/2024\/10\/Still-By-Hand-WoolNylon-Half-Coat-CO3243OS-\u2013-Black.webp\",\"width\":1696,\"height\":2560},{\"@type\":\"BreadcrumbList\",\"@id\":\"https:\/\/rendez-vous-store.com\/shop\/special-offer-men-rendez-vous-store\/men-coat-and-jacket-special-offer\/still-by-hand-wool-nylon-half-coat-co3243os-black-rendez-vous-store\/#breadcrumb\",\"itemListElement\":[{\"@type\":\"ListItem\",\"position\":1,\"name\":\"Home\",\"item\":\"https:\/\/rendez-vous-store.com\/\"},{\"@type\":\"ListItem\",\"position\":2,\"name\":\"Shop\",\"item\":\"https:\/\/www.rendez-vous-store.com\/shop\/\"},{\"@type\":\"ListItem\",\"position\":3,\"name\":\"Still By Hand &#8211; Wool\/Nylon Half Coat CO3243OS \u2013 Black\"}]},{\"@type\":\"WebSite\",\"@id\":\"https:\/\/rendez-vous-store.com\/#website\",\"url\":\"https:\/\/rendez-vous-store.com\/\",\"name\":\"RENDEZ-VOUS STORE\",\"description\":\"Slow Fashion for Women and Men\",\"potentialAction\":[{\"@type\":\"SearchAction\",\"target\":{\"@type\":\"EntryPoint\",\"urlTemplate\":\"https:\/\/rendez-vous-store.com\/?s={search_term_string}\"},\"query-input\":{\"@type\":\"PropertyValueSpecification\",\"valueRequired\":true,\"valueName\":\"search_term_string\"}}],\"inLanguage\":\"fr-FR\"}]}<\/script>\n<!-- \/ Yoast SEO plugin. -->","yoast_head_json":{"title":"Still By Hand - Wool\/Nylon Half Coat CO3243OS \u2013 Black","description":"This Still By Hand Wool\/Nylon Half Coat CO3243OS Black filled with clean lines and an open-minded approach to design. Discover now","robots":{"index":"index","follow":"follow","max-snippet":"max-snippet:-1","max-image-preview":"max-image-preview:large","max-video-preview":"max-video-preview:-1"},"canonical":"https:\/\/rendez-vous-store.com\/fr\/shop\/special-offer-men-rendez-vous-store\/men-coat-and-jacket-special-offer\/still-by-hand-wool-nylon-half-coat-co3243os-black-rendez-vous-store\/","og_locale":"fr_FR","og_type":"article","og_title":"Still By Hand - Wool\/Nylon Half Coat CO3243OS \u2013 Black","og_description":"This Still By Hand Wool\/Nylon Half Coat CO3243OS Black filled with clean lines and an open-minded approach to design. Discover now","og_url":"https:\/\/rendez-vous-store.com\/fr\/shop\/special-offer-men-rendez-vous-store\/men-coat-and-jacket-special-offer\/still-by-hand-wool-nylon-half-coat-co3243os-black-rendez-vous-store\/","og_site_name":"RENDEZ-VOUS STORE","article_modified_time":"2026-03-16T17:22:40+00:00","og_image":[{"width":1696,"height":2560,"url":"https:\/\/rendez-vous-store.com\/wp-content\/uploads\/2024\/10\/Still-By-Hand-WoolNylon-Half-Coat-CO3243OS-\u2013-Black.webp","type":"image\/webp"}],"twitter_card":"summary_large_image","twitter_misc":{"Est. reading time":"2 minutes"},"schema":{"@context":"https:\/\/schema.org","@graph":[{"@type":"WebPage","@id":"https:\/\/rendez-vous-store.com\/shop\/special-offer-men-rendez-vous-store\/men-coat-and-jacket-special-offer\/still-by-hand-wool-nylon-half-coat-co3243os-black-rendez-vous-store\/","url":"https:\/\/rendez-vous-store.com\/shop\/special-offer-men-rendez-vous-store\/men-coat-and-jacket-special-offer\/still-by-hand-wool-nylon-half-coat-co3243os-black-rendez-vous-store\/","name":"Still By Hand - Wool\/Nylon Half Coat CO3243OS \u2013 Black","isPartOf":{"@id":"https:\/\/rendez-vous-store.com\/#website"},"primaryImageOfPage":{"@id":"https:\/\/rendez-vous-store.com\/shop\/special-offer-men-rendez-vous-store\/men-coat-and-jacket-special-offer\/still-by-hand-wool-nylon-half-coat-co3243os-black-rendez-vous-store\/#primaryimage"},"image":{"@id":"https:\/\/rendez-vous-store.com\/shop\/special-offer-men-rendez-vous-store\/men-coat-and-jacket-special-offer\/still-by-hand-wool-nylon-half-coat-co3243os-black-rendez-vous-store\/#primaryimage"},"thumbnailUrl":"https:\/\/rendez-vous-store.com\/app\/uploads\/2024\/10\/Still-By-Hand-WoolNylon-Half-Coat-CO3243OS-\u2013-Black.webp","datePublished":"2024-10-14T09:16:45+00:00","dateModified":"2026-03-16T17:22:40+00:00","description":"This Still By Hand Wool\/Nylon Half Coat CO3243OS Black filled with clean lines and an open-minded approach to design. Discover now","breadcrumb":{"@id":"https:\/\/rendez-vous-store.com\/shop\/special-offer-men-rendez-vous-store\/men-coat-and-jacket-special-offer\/still-by-hand-wool-nylon-half-coat-co3243os-black-rendez-vous-store\/#breadcrumb"},"inLanguage":"fr-FR","potentialAction":[{"@type":"ReadAction","target":["https:\/\/rendez-vous-store.com\/shop\/special-offer-men-rendez-vous-store\/men-coat-and-jacket-special-offer\/still-by-hand-wool-nylon-half-coat-co3243os-black-rendez-vous-store\/"]}]},{"@type":"ImageObject","inLanguage":"fr-FR","@id":"https:\/\/rendez-vous-store.com\/shop\/special-offer-men-rendez-vous-store\/men-coat-and-jacket-special-offer\/still-by-hand-wool-nylon-half-coat-co3243os-black-rendez-vous-store\/#primaryimage","url":"https:\/\/rendez-vous-store.com\/app\/uploads\/2024\/10\/Still-By-Hand-WoolNylon-Half-Coat-CO3243OS-\u2013-Black.webp","contentUrl":"https:\/\/rendez-vous-store.com\/app\/uploads\/2024\/10\/Still-By-Hand-WoolNylon-Half-Coat-CO3243OS-\u2013-Black.webp","width":1696,"height":2560},{"@type":"BreadcrumbList","@id":"https:\/\/rendez-vous-store.com\/shop\/special-offer-men-rendez-vous-store\/men-coat-and-jacket-special-offer\/still-by-hand-wool-nylon-half-coat-co3243os-black-rendez-vous-store\/#breadcrumb","itemListElement":[{"@type":"ListItem","position":1,"name":"Home","item":"https:\/\/rendez-vous-store.com\/"},{"@type":"ListItem","position":2,"name":"Shop","item":"https:\/\/www.rendez-vous-store.com\/shop\/"},{"@type":"ListItem","position":3,"name":"Still By Hand &#8211; Wool\/Nylon Half Coat CO3243OS \u2013 Black"}]},{"@type":"WebSite","@id":"https:\/\/rendez-vous-store.com\/#website","url":"https:\/\/rendez-vous-store.com\/","name":"RENDEZ-VOUS STORE","description":"Slow Fashion for Women and Men","potentialAction":[{"@type":"SearchAction","target":{"@type":"EntryPoint","urlTemplate":"https:\/\/rendez-vous-store.com\/?s={search_term_string}"},"query-input":{"@type":"PropertyValueSpecification","valueRequired":true,"valueName":"search_term_string"}}],"inLanguage":"fr-FR"}]}},"_links":{"self":[{"href":"https:\/\/rendez-vous-store.com\/fr\/wp-json\/wp\/v2\/product\/180145","targetHints":{"allow":["GET"]}}],"collection":[{"href":"https:\/\/rendez-vous-store.com\/fr\/wp-json\/wp\/v2\/product"}],"about":[{"href":"https:\/\/rendez-vous-store.com\/fr\/wp-json\/wp\/v2\/types\/product"}],"wp:featuredmedia":[{"embeddable":true,"href":"https:\/\/rendez-vous-store.com\/fr\/wp-json\/wp\/v2\/media\/181002"}],"wp:attachment":[{"href":"https:\/\/rendez-vous-store.com\/fr\/wp-json\/wp\/v2\/media?parent=180145"}],"wp:term":[{"taxonomy":"product_brand","embeddable":true,"href":"https:\/\/rendez-vous-store.com\/fr\/wp-json\/wp\/v2\/product_brand?post=180145"},{"taxonomy":"product_cat","embeddable":true,"href":"https:\/\/rendez-vous-store.com\/fr\/wp-json\/wp\/v2\/product_cat?post=180145"},{"taxonomy":"product_tag","embeddable":true,"href":"https:\/\/rendez-vous-store.com\/fr\/wp-json\/wp\/v2\/product_tag?post=180145"}],"curies":[{"name":"wp","href":"https:\/\/api.w.org\/{rel}","templated":true}]}}