{"id":179080,"date":"2024-10-08T16:41:16","date_gmt":"2024-10-08T14:41:16","guid":{"rendered":"https:\/\/rendez-vous-store.com\/?post_type=product&#038;p=179080"},"modified":"2026-04-24T15:15:12","modified_gmt":"2026-04-24T13:15:12","slug":"thats-alyki-megeve-knitwear-belle-ombre-rendez-vous-store","status":"publish","type":"product","link":"https:\/\/rendez-vous-store.com\/fr\/shop\/special-offer-women-rendez-vous-store\/women-knitwear-special-offer\/thats-alyki-megeve-knitwear-belle-ombre-rendez-vous-store\/","title":{"rendered":"C'est Alyki \u2013 Megeve Tricots \u2013 Belle Ombre"},"content":{"rendered":"<p><strong>C'est Alyki \u2013 Megeve Tricots \u2013 Belle Ombre<\/strong><\/p>\n<p>Couleur : Belle Ombre<\/p>\n<p>Manches longues<\/p>\n<p>Collier rond<\/p>\n<p>Composition: 90% Cashmere 10% Silk<\/p>\n<p>Fabriqu\u00e9 en Italie<\/p>\n<p>&nbsp;<\/p>\n<p>&nbsp;<\/p>\n<p><strong>La marque<\/strong><\/p>\n<p>That's Alyki est une marque de tricots de luxe qui s'appuie sur plus de 30 ans de tradition familiale en mati\u00e8re de r\u00e9cup\u00e9ration durable des textiles. Inspir\u00e9e par un engagement en faveur de la circularit\u00e9 et de l'artisanat, chaque pi\u00e8ce est soigneusement con\u00e7ue \u00e0 partir de mat\u00e9riaux \u00e9cologiques de haute qualit\u00e9 provenant du c\u00e9l\u00e8bre district textile de Biella. Des \u00e9charpes intemporelles aux tricots \u00e9l\u00e9gants pour femmes, Alyki propose une collection qui incarne la sophistication, la mode \u00e9thique et le style durable. Rejoignez notre communaut\u00e9 de personnes partageant les m\u00eames valeurs de durabilit\u00e9, d'h\u00e9ritage et de choix de mode raffin\u00e9s.<\/p>\n<p>&nbsp;<\/p>","protected":false},"excerpt":{"rendered":"<p>That&#8217;s Alyki &#8211; Megeve Knitwear &#8211; Belle Ombre Color: Belle Ombre Longsleeves Round necklace Composition: 90% Cashmere 10% Silk Made in Italy &nbsp; &nbsp; The Brand That&#8217;s Alyki is a luxury knitwear brand rooted in over 30 years of family tradition in sustainable textile recovery. Inspired by a commitment to circularity and craftsmanship, each piece&hellip; <a class=\"more-link\" href=\"https:\/\/rendez-vous-store.com\/fr\/shop\/special-offer-women-rendez-vous-store\/women-knitwear-special-offer\/thats-alyki-megeve-knitwear-belle-ombre-rendez-vous-store\/\">Continuer la lecture <span class=\"screen-reader-text\">C'est Alyki \u2013 Megeve Tricots \u2013 Belle Ombre<\/span><\/a><\/p>","protected":false},"featured_media":180797,"template":"","meta":{"_acf_changed":false},"product_brand":[],"product_cat":[1292,1338,1335,17,199],"product_tag":[1301],"class_list":{"0":"post-179080","1":"product","2":"type-product","3":"status-publish","4":"has-post-thumbnail","6":"product_cat-1292","7":"product_cat-women-knitwear-special-offer","8":"product_cat-special-offer-women-rendez-vous-store","9":"product_cat-women","10":"product_cat-women-knitwears-discover-our-selection-rendez-vous-store","11":"product_tag-thats-alyki-rendez-vous-store","12":"entry","14":"first","15":"outofstock","16":"taxable","17":"shipping-taxable","18":"product-type-variable"},"acf":[],"yoast_head":"<!-- This site is optimized with the Yoast SEO plugin v24.9 - https:\/\/yoast.com\/wordpress\/plugins\/seo\/ -->\n<title>That&#039;s Alyki - Megeve Knitwear - Belle Ombre<\/title>\n<meta name=\"description\" content=\"That&#039;s Alyki is on Rendez-Vous Store. This That&#039;s Alyki Mageve Knitwear Belle Ombre blends family tradition with sustainable innovation.\" \/>\n<meta name=\"robots\" content=\"index, follow, max-snippet:-1, max-image-preview:large, max-video-preview:-1\" \/>\n<link rel=\"canonical\" href=\"https:\/\/rendez-vous-store.com\/fr\/shop\/special-offer-women-rendez-vous-store\/women-knitwear-special-offer\/thats-alyki-megeve-knitwear-belle-ombre-rendez-vous-store\/\" \/>\n<meta property=\"og:locale\" content=\"fr_FR\" \/>\n<meta property=\"og:type\" content=\"article\" \/>\n<meta property=\"og:title\" content=\"That&#039;s Alyki - Megeve Knitwear - Belle Ombre\" \/>\n<meta property=\"og:description\" content=\"That&#039;s Alyki is on Rendez-Vous Store. This That&#039;s Alyki Mageve Knitwear Belle Ombre blends family tradition with sustainable innovation.\" \/>\n<meta property=\"og:url\" content=\"https:\/\/rendez-vous-store.com\/fr\/shop\/special-offer-women-rendez-vous-store\/women-knitwear-special-offer\/thats-alyki-megeve-knitwear-belle-ombre-rendez-vous-store\/\" \/>\n<meta property=\"og:site_name\" content=\"RENDEZ-VOUS STORE\" \/>\n<meta property=\"article:modified_time\" content=\"2026-04-24T13:15:12+00:00\" \/>\n<meta property=\"og:image\" content=\"https:\/\/rendez-vous-store.com\/wp-content\/uploads\/2024\/10\/rdv_thatsalaky_06-scaled.webp\" \/>\n\t<meta property=\"og:image:width\" content=\"1696\" \/>\n\t<meta property=\"og:image:height\" content=\"2560\" \/>\n\t<meta property=\"og:image:type\" content=\"image\/webp\" \/>\n<meta name=\"twitter:card\" content=\"summary_large_image\" \/>\n<meta name=\"twitter:label1\" content=\"Est. reading time\" \/>\n\t<meta name=\"twitter:data1\" content=\"1 minute\" \/>\n<script type=\"application\/ld+json\" class=\"yoast-schema-graph\">{\"@context\":\"https:\/\/schema.org\",\"@graph\":[{\"@type\":\"WebPage\",\"@id\":\"https:\/\/rendez-vous-store.com\/shop\/special-offer-women-rendez-vous-store\/women-knitwear-special-offer\/thats-alyki-megeve-knitwear-belle-ombre-rendez-vous-store\/\",\"url\":\"https:\/\/rendez-vous-store.com\/shop\/special-offer-women-rendez-vous-store\/women-knitwear-special-offer\/thats-alyki-megeve-knitwear-belle-ombre-rendez-vous-store\/\",\"name\":\"That's Alyki - Megeve Knitwear - Belle Ombre\",\"isPartOf\":{\"@id\":\"https:\/\/rendez-vous-store.com\/#website\"},\"primaryImageOfPage\":{\"@id\":\"https:\/\/rendez-vous-store.com\/shop\/special-offer-women-rendez-vous-store\/women-knitwear-special-offer\/thats-alyki-megeve-knitwear-belle-ombre-rendez-vous-store\/#primaryimage\"},\"image\":{\"@id\":\"https:\/\/rendez-vous-store.com\/shop\/special-offer-women-rendez-vous-store\/women-knitwear-special-offer\/thats-alyki-megeve-knitwear-belle-ombre-rendez-vous-store\/#primaryimage\"},\"thumbnailUrl\":\"https:\/\/rendez-vous-store.com\/app\/uploads\/2024\/10\/rdv_thatsalaky_06-scaled.webp\",\"datePublished\":\"2024-10-08T14:41:16+00:00\",\"dateModified\":\"2026-04-24T13:15:12+00:00\",\"description\":\"That's Alyki is on Rendez-Vous Store. This That's Alyki Mageve Knitwear Belle Ombre blends family tradition with sustainable innovation.\",\"breadcrumb\":{\"@id\":\"https:\/\/rendez-vous-store.com\/shop\/special-offer-women-rendez-vous-store\/women-knitwear-special-offer\/thats-alyki-megeve-knitwear-belle-ombre-rendez-vous-store\/#breadcrumb\"},\"inLanguage\":\"fr-FR\",\"potentialAction\":[{\"@type\":\"ReadAction\",\"target\":[\"https:\/\/rendez-vous-store.com\/shop\/special-offer-women-rendez-vous-store\/women-knitwear-special-offer\/thats-alyki-megeve-knitwear-belle-ombre-rendez-vous-store\/\"]}]},{\"@type\":\"ImageObject\",\"inLanguage\":\"fr-FR\",\"@id\":\"https:\/\/rendez-vous-store.com\/shop\/special-offer-women-rendez-vous-store\/women-knitwear-special-offer\/thats-alyki-megeve-knitwear-belle-ombre-rendez-vous-store\/#primaryimage\",\"url\":\"https:\/\/rendez-vous-store.com\/app\/uploads\/2024\/10\/rdv_thatsalaky_06-scaled.webp\",\"contentUrl\":\"https:\/\/rendez-vous-store.com\/app\/uploads\/2024\/10\/rdv_thatsalaky_06-scaled.webp\",\"width\":1696,\"height\":2560},{\"@type\":\"BreadcrumbList\",\"@id\":\"https:\/\/rendez-vous-store.com\/shop\/special-offer-women-rendez-vous-store\/women-knitwear-special-offer\/thats-alyki-megeve-knitwear-belle-ombre-rendez-vous-store\/#breadcrumb\",\"itemListElement\":[{\"@type\":\"ListItem\",\"position\":1,\"name\":\"Home\",\"item\":\"https:\/\/rendez-vous-store.com\/\"},{\"@type\":\"ListItem\",\"position\":2,\"name\":\"Shop\",\"item\":\"https:\/\/www.rendez-vous-store.com\/shop\/\"},{\"@type\":\"ListItem\",\"position\":3,\"name\":\"That&#8217;s Alyki &#8211; Megeve Knitwear &#8211; Belle Ombre\"}]},{\"@type\":\"WebSite\",\"@id\":\"https:\/\/rendez-vous-store.com\/#website\",\"url\":\"https:\/\/rendez-vous-store.com\/\",\"name\":\"RENDEZ-VOUS STORE\",\"description\":\"Slow Fashion for Women and Men\",\"potentialAction\":[{\"@type\":\"SearchAction\",\"target\":{\"@type\":\"EntryPoint\",\"urlTemplate\":\"https:\/\/rendez-vous-store.com\/?s={search_term_string}\"},\"query-input\":{\"@type\":\"PropertyValueSpecification\",\"valueRequired\":true,\"valueName\":\"search_term_string\"}}],\"inLanguage\":\"fr-FR\"}]}<\/script>\n<!-- \/ Yoast SEO plugin. -->","yoast_head_json":{"title":"That's Alyki - Megeve Knitwear - Belle Ombre","description":"That's Alyki is on Rendez-Vous Store. This That's Alyki Mageve Knitwear Belle Ombre blends family tradition with sustainable innovation.","robots":{"index":"index","follow":"follow","max-snippet":"max-snippet:-1","max-image-preview":"max-image-preview:large","max-video-preview":"max-video-preview:-1"},"canonical":"https:\/\/rendez-vous-store.com\/fr\/shop\/special-offer-women-rendez-vous-store\/women-knitwear-special-offer\/thats-alyki-megeve-knitwear-belle-ombre-rendez-vous-store\/","og_locale":"fr_FR","og_type":"article","og_title":"That's Alyki - Megeve Knitwear - Belle Ombre","og_description":"That's Alyki is on Rendez-Vous Store. This That's Alyki Mageve Knitwear Belle Ombre blends family tradition with sustainable innovation.","og_url":"https:\/\/rendez-vous-store.com\/fr\/shop\/special-offer-women-rendez-vous-store\/women-knitwear-special-offer\/thats-alyki-megeve-knitwear-belle-ombre-rendez-vous-store\/","og_site_name":"RENDEZ-VOUS STORE","article_modified_time":"2026-04-24T13:15:12+00:00","og_image":[{"width":1696,"height":2560,"url":"https:\/\/rendez-vous-store.com\/wp-content\/uploads\/2024\/10\/rdv_thatsalaky_06-scaled.webp","type":"image\/webp"}],"twitter_card":"summary_large_image","twitter_misc":{"Est. reading time":"1 minute"},"schema":{"@context":"https:\/\/schema.org","@graph":[{"@type":"WebPage","@id":"https:\/\/rendez-vous-store.com\/shop\/special-offer-women-rendez-vous-store\/women-knitwear-special-offer\/thats-alyki-megeve-knitwear-belle-ombre-rendez-vous-store\/","url":"https:\/\/rendez-vous-store.com\/shop\/special-offer-women-rendez-vous-store\/women-knitwear-special-offer\/thats-alyki-megeve-knitwear-belle-ombre-rendez-vous-store\/","name":"That's Alyki - Megeve Knitwear - Belle Ombre","isPartOf":{"@id":"https:\/\/rendez-vous-store.com\/#website"},"primaryImageOfPage":{"@id":"https:\/\/rendez-vous-store.com\/shop\/special-offer-women-rendez-vous-store\/women-knitwear-special-offer\/thats-alyki-megeve-knitwear-belle-ombre-rendez-vous-store\/#primaryimage"},"image":{"@id":"https:\/\/rendez-vous-store.com\/shop\/special-offer-women-rendez-vous-store\/women-knitwear-special-offer\/thats-alyki-megeve-knitwear-belle-ombre-rendez-vous-store\/#primaryimage"},"thumbnailUrl":"https:\/\/rendez-vous-store.com\/app\/uploads\/2024\/10\/rdv_thatsalaky_06-scaled.webp","datePublished":"2024-10-08T14:41:16+00:00","dateModified":"2026-04-24T13:15:12+00:00","description":"That's Alyki is on Rendez-Vous Store. This That's Alyki Mageve Knitwear Belle Ombre blends family tradition with sustainable innovation.","breadcrumb":{"@id":"https:\/\/rendez-vous-store.com\/shop\/special-offer-women-rendez-vous-store\/women-knitwear-special-offer\/thats-alyki-megeve-knitwear-belle-ombre-rendez-vous-store\/#breadcrumb"},"inLanguage":"fr-FR","potentialAction":[{"@type":"ReadAction","target":["https:\/\/rendez-vous-store.com\/shop\/special-offer-women-rendez-vous-store\/women-knitwear-special-offer\/thats-alyki-megeve-knitwear-belle-ombre-rendez-vous-store\/"]}]},{"@type":"ImageObject","inLanguage":"fr-FR","@id":"https:\/\/rendez-vous-store.com\/shop\/special-offer-women-rendez-vous-store\/women-knitwear-special-offer\/thats-alyki-megeve-knitwear-belle-ombre-rendez-vous-store\/#primaryimage","url":"https:\/\/rendez-vous-store.com\/app\/uploads\/2024\/10\/rdv_thatsalaky_06-scaled.webp","contentUrl":"https:\/\/rendez-vous-store.com\/app\/uploads\/2024\/10\/rdv_thatsalaky_06-scaled.webp","width":1696,"height":2560},{"@type":"BreadcrumbList","@id":"https:\/\/rendez-vous-store.com\/shop\/special-offer-women-rendez-vous-store\/women-knitwear-special-offer\/thats-alyki-megeve-knitwear-belle-ombre-rendez-vous-store\/#breadcrumb","itemListElement":[{"@type":"ListItem","position":1,"name":"Home","item":"https:\/\/rendez-vous-store.com\/"},{"@type":"ListItem","position":2,"name":"Shop","item":"https:\/\/www.rendez-vous-store.com\/shop\/"},{"@type":"ListItem","position":3,"name":"That&#8217;s Alyki &#8211; Megeve Knitwear &#8211; Belle Ombre"}]},{"@type":"WebSite","@id":"https:\/\/rendez-vous-store.com\/#website","url":"https:\/\/rendez-vous-store.com\/","name":"RENDEZ-VOUS STORE","description":"Slow Fashion for Women and Men","potentialAction":[{"@type":"SearchAction","target":{"@type":"EntryPoint","urlTemplate":"https:\/\/rendez-vous-store.com\/?s={search_term_string}"},"query-input":{"@type":"PropertyValueSpecification","valueRequired":true,"valueName":"search_term_string"}}],"inLanguage":"fr-FR"}]}},"_links":{"self":[{"href":"https:\/\/rendez-vous-store.com\/fr\/wp-json\/wp\/v2\/product\/179080","targetHints":{"allow":["GET"]}}],"collection":[{"href":"https:\/\/rendez-vous-store.com\/fr\/wp-json\/wp\/v2\/product"}],"about":[{"href":"https:\/\/rendez-vous-store.com\/fr\/wp-json\/wp\/v2\/types\/product"}],"wp:featuredmedia":[{"embeddable":true,"href":"https:\/\/rendez-vous-store.com\/fr\/wp-json\/wp\/v2\/media\/180797"}],"wp:attachment":[{"href":"https:\/\/rendez-vous-store.com\/fr\/wp-json\/wp\/v2\/media?parent=179080"}],"wp:term":[{"taxonomy":"product_brand","embeddable":true,"href":"https:\/\/rendez-vous-store.com\/fr\/wp-json\/wp\/v2\/product_brand?post=179080"},{"taxonomy":"product_cat","embeddable":true,"href":"https:\/\/rendez-vous-store.com\/fr\/wp-json\/wp\/v2\/product_cat?post=179080"},{"taxonomy":"product_tag","embeddable":true,"href":"https:\/\/rendez-vous-store.com\/fr\/wp-json\/wp\/v2\/product_tag?post=179080"}],"curies":[{"name":"wp","href":"https:\/\/api.w.org\/{rel}","templated":true}]}}