{"id":179045,"date":"2024-10-08T15:08:31","date_gmt":"2024-10-08T13:08:31","guid":{"rendered":"https:\/\/rendez-vous-store.com\/?post_type=product&#038;p=179045"},"modified":"2026-04-24T15:15:31","modified_gmt":"2026-04-24T13:15:31","slug":"tanaka-work-jean-trousers-white-butterfly-rendez-vous-store","status":"publish","type":"product","link":"https:\/\/rendez-vous-store.com\/fr\/shop\/special-offer-women-rendez-vous-store\/women-trousers-special-offer\/tanaka-work-jean-trousers-white-butterfly-rendez-vous-store\/","title":{"rendered":"Tanaka - Pantalon Jean de travail - Papillon blanc"},"content":{"rendered":"<p><strong>Tanaka Work Jean Trousers White Butterfly<\/strong><\/p>\n<p>Couleur : blanc<\/p>\n<p>Fermeture \u00e0 boutons et braguette zipp\u00e9e<\/p>\n<p>Hauteur de l'immeuble<\/p>\n<p>Jean \u00e0 jambe large<\/p>\n<p>Poches sur les coutures lat\u00e9rales<\/p>\n<p>Poches arri\u00e8re plaqu\u00e9es<\/p>\n<p>Passants de ceinture<\/p>\n<p>Composition : 100% Coton<\/p>\n<p>Fabriqu\u00e9 au Japon<\/p>\n<p>&nbsp;<\/p>\n<p>&nbsp;<\/p>\n<p>&nbsp;<\/p>\n<p><strong>La marque<\/strong><\/p>\n<p>Tanaka est une marque de denim qui incarne l'artisanat intemporel, l'innovation et le d\u00e9vouement \u00e0 la qualit\u00e9. La marque est profond\u00e9ment enracin\u00e9e dans la culture du denim. Elle est synonyme d'authenticit\u00e9, de style et de durabilit\u00e9.<\/p>\n<p>Les artisans cr\u00e9ent chaque paire de jeans avec une attention m\u00e9ticuleuse aux d\u00e9tails. Ils s\u00e9lectionnent avec soin des tissus denim de qualit\u00e9 sup\u00e9rieure pour chaque point de couture. Le r\u00e9sultat est une collection de jeans qui ont fi\u00e8re allure et qui sont confortables. Ces jeans r\u00e9sistent \u00e0 l'\u00e9preuve du temps. La marque s'inspire de l'esth\u00e9tique classique du denim tout en adoptant les tendances contemporaines.<\/p>","protected":false},"excerpt":{"rendered":"<p>Tanaka Work Jean Trousers White Butterfly Color: White Button closure and zip fly High rise Wide-leg jeans Side seam pockets Back patch pockets Belt loops Composition: 100% Cotton Made in Japan &nbsp; &nbsp; &nbsp; The brand Tanaka is a denim brand that embodies timeless craftsmanship, innovation, and dedication to quality. The brand has deep roots&hellip; <a class=\"more-link\" href=\"https:\/\/rendez-vous-store.com\/fr\/shop\/special-offer-women-rendez-vous-store\/women-trousers-special-offer\/tanaka-work-jean-trousers-white-butterfly-rendez-vous-store\/\">Continuer la lecture <span class=\"screen-reader-text\">Tanaka - Pantalon Jean de travail - Papillon blanc<\/span><\/a><\/p>","protected":false},"featured_media":180650,"template":"","meta":{"_acf_changed":false},"product_brand":[],"product_cat":[1292,1335,1341,17,182],"product_tag":[722],"class_list":{"0":"post-179045","1":"product","2":"type-product","3":"status-publish","4":"has-post-thumbnail","6":"product_cat-1292","7":"product_cat-special-offer-women-rendez-vous-store","8":"product_cat-women-trousers-special-offer","9":"product_cat-women","10":"product_cat-trousers-skirts-discover-our-selection-rendez-vous-store","11":"product_tag-tanaka-premium-denim-fabrics-rendez-vous-store","12":"entry","14":"first","15":"outofstock","16":"taxable","17":"shipping-taxable","18":"product-type-variable"},"acf":[],"yoast_head":"<!-- This site is optimized with the Yoast SEO plugin v24.9 - https:\/\/yoast.com\/wordpress\/plugins\/seo\/ -->\n<title>Tanaka Work Jean Trousers White Butterfly<\/title>\n<meta name=\"description\" content=\"Tanaka is on Rendez-vous Store. This Tanaka Work Jean Trousers White Butterfly is paying great respect to the classics. Discover now.\" \/>\n<meta name=\"robots\" content=\"index, follow, max-snippet:-1, max-image-preview:large, max-video-preview:-1\" \/>\n<link rel=\"canonical\" href=\"https:\/\/rendez-vous-store.com\/fr\/shop\/special-offer-women-rendez-vous-store\/women-trousers-special-offer\/tanaka-work-jean-trousers-white-butterfly-rendez-vous-store\/\" \/>\n<meta property=\"og:locale\" content=\"fr_FR\" \/>\n<meta property=\"og:type\" content=\"article\" \/>\n<meta property=\"og:title\" content=\"Tanaka Work Jean Trousers White Butterfly\" \/>\n<meta property=\"og:description\" content=\"Tanaka is on Rendez-vous Store. This Tanaka Work Jean Trousers White Butterfly is paying great respect to the classics. Discover now.\" \/>\n<meta property=\"og:url\" content=\"https:\/\/rendez-vous-store.com\/fr\/shop\/special-offer-women-rendez-vous-store\/women-trousers-special-offer\/tanaka-work-jean-trousers-white-butterfly-rendez-vous-store\/\" \/>\n<meta property=\"og:site_name\" content=\"RENDEZ-VOUS STORE\" \/>\n<meta property=\"article:modified_time\" content=\"2026-04-24T13:15:31+00:00\" \/>\n<meta property=\"og:image\" content=\"https:\/\/rendez-vous-store.com\/wp-content\/uploads\/2024\/10\/rdv_tanaka_09-scaled.webp\" \/>\n\t<meta property=\"og:image:width\" content=\"1696\" \/>\n\t<meta property=\"og:image:height\" content=\"2560\" \/>\n\t<meta property=\"og:image:type\" content=\"image\/webp\" \/>\n<meta name=\"twitter:card\" content=\"summary_large_image\" \/>\n<meta name=\"twitter:label1\" content=\"Est. reading time\" \/>\n\t<meta name=\"twitter:data1\" content=\"1 minute\" \/>\n<script type=\"application\/ld+json\" class=\"yoast-schema-graph\">{\"@context\":\"https:\/\/schema.org\",\"@graph\":[{\"@type\":\"WebPage\",\"@id\":\"https:\/\/rendez-vous-store.com\/shop\/special-offer-women-rendez-vous-store\/women-trousers-special-offer\/tanaka-work-jean-trousers-white-butterfly-rendez-vous-store\/\",\"url\":\"https:\/\/rendez-vous-store.com\/shop\/special-offer-women-rendez-vous-store\/women-trousers-special-offer\/tanaka-work-jean-trousers-white-butterfly-rendez-vous-store\/\",\"name\":\"Tanaka Work Jean Trousers White Butterfly\",\"isPartOf\":{\"@id\":\"https:\/\/rendez-vous-store.com\/#website\"},\"primaryImageOfPage\":{\"@id\":\"https:\/\/rendez-vous-store.com\/shop\/special-offer-women-rendez-vous-store\/women-trousers-special-offer\/tanaka-work-jean-trousers-white-butterfly-rendez-vous-store\/#primaryimage\"},\"image\":{\"@id\":\"https:\/\/rendez-vous-store.com\/shop\/special-offer-women-rendez-vous-store\/women-trousers-special-offer\/tanaka-work-jean-trousers-white-butterfly-rendez-vous-store\/#primaryimage\"},\"thumbnailUrl\":\"https:\/\/rendez-vous-store.com\/app\/uploads\/2024\/10\/rdv_tanaka_09-scaled.webp\",\"datePublished\":\"2024-10-08T13:08:31+00:00\",\"dateModified\":\"2026-04-24T13:15:31+00:00\",\"description\":\"Tanaka is on Rendez-vous Store. This Tanaka Work Jean Trousers White Butterfly is paying great respect to the classics. Discover now.\",\"breadcrumb\":{\"@id\":\"https:\/\/rendez-vous-store.com\/shop\/special-offer-women-rendez-vous-store\/women-trousers-special-offer\/tanaka-work-jean-trousers-white-butterfly-rendez-vous-store\/#breadcrumb\"},\"inLanguage\":\"fr-FR\",\"potentialAction\":[{\"@type\":\"ReadAction\",\"target\":[\"https:\/\/rendez-vous-store.com\/shop\/special-offer-women-rendez-vous-store\/women-trousers-special-offer\/tanaka-work-jean-trousers-white-butterfly-rendez-vous-store\/\"]}]},{\"@type\":\"ImageObject\",\"inLanguage\":\"fr-FR\",\"@id\":\"https:\/\/rendez-vous-store.com\/shop\/special-offer-women-rendez-vous-store\/women-trousers-special-offer\/tanaka-work-jean-trousers-white-butterfly-rendez-vous-store\/#primaryimage\",\"url\":\"https:\/\/rendez-vous-store.com\/app\/uploads\/2024\/10\/rdv_tanaka_09-scaled.webp\",\"contentUrl\":\"https:\/\/rendez-vous-store.com\/app\/uploads\/2024\/10\/rdv_tanaka_09-scaled.webp\",\"width\":1696,\"height\":2560},{\"@type\":\"BreadcrumbList\",\"@id\":\"https:\/\/rendez-vous-store.com\/shop\/special-offer-women-rendez-vous-store\/women-trousers-special-offer\/tanaka-work-jean-trousers-white-butterfly-rendez-vous-store\/#breadcrumb\",\"itemListElement\":[{\"@type\":\"ListItem\",\"position\":1,\"name\":\"Home\",\"item\":\"https:\/\/rendez-vous-store.com\/\"},{\"@type\":\"ListItem\",\"position\":2,\"name\":\"Shop\",\"item\":\"https:\/\/www.rendez-vous-store.com\/shop\/\"},{\"@type\":\"ListItem\",\"position\":3,\"name\":\"Tanaka &#8211; Work Jean Trousers &#8211; White Butterfly\"}]},{\"@type\":\"WebSite\",\"@id\":\"https:\/\/rendez-vous-store.com\/#website\",\"url\":\"https:\/\/rendez-vous-store.com\/\",\"name\":\"RENDEZ-VOUS STORE\",\"description\":\"Slow Fashion for Women and Men\",\"potentialAction\":[{\"@type\":\"SearchAction\",\"target\":{\"@type\":\"EntryPoint\",\"urlTemplate\":\"https:\/\/rendez-vous-store.com\/?s={search_term_string}\"},\"query-input\":{\"@type\":\"PropertyValueSpecification\",\"valueRequired\":true,\"valueName\":\"search_term_string\"}}],\"inLanguage\":\"fr-FR\"}]}<\/script>\n<!-- \/ Yoast SEO plugin. -->","yoast_head_json":{"title":"Tanaka Work Jean Trousers White Butterfly","description":"Tanaka is on Rendez-vous Store. This Tanaka Work Jean Trousers White Butterfly is paying great respect to the classics. Discover now.","robots":{"index":"index","follow":"follow","max-snippet":"max-snippet:-1","max-image-preview":"max-image-preview:large","max-video-preview":"max-video-preview:-1"},"canonical":"https:\/\/rendez-vous-store.com\/fr\/shop\/special-offer-women-rendez-vous-store\/women-trousers-special-offer\/tanaka-work-jean-trousers-white-butterfly-rendez-vous-store\/","og_locale":"fr_FR","og_type":"article","og_title":"Tanaka Work Jean Trousers White Butterfly","og_description":"Tanaka is on Rendez-vous Store. This Tanaka Work Jean Trousers White Butterfly is paying great respect to the classics. Discover now.","og_url":"https:\/\/rendez-vous-store.com\/fr\/shop\/special-offer-women-rendez-vous-store\/women-trousers-special-offer\/tanaka-work-jean-trousers-white-butterfly-rendez-vous-store\/","og_site_name":"RENDEZ-VOUS STORE","article_modified_time":"2026-04-24T13:15:31+00:00","og_image":[{"width":1696,"height":2560,"url":"https:\/\/rendez-vous-store.com\/wp-content\/uploads\/2024\/10\/rdv_tanaka_09-scaled.webp","type":"image\/webp"}],"twitter_card":"summary_large_image","twitter_misc":{"Est. reading time":"1 minute"},"schema":{"@context":"https:\/\/schema.org","@graph":[{"@type":"WebPage","@id":"https:\/\/rendez-vous-store.com\/shop\/special-offer-women-rendez-vous-store\/women-trousers-special-offer\/tanaka-work-jean-trousers-white-butterfly-rendez-vous-store\/","url":"https:\/\/rendez-vous-store.com\/shop\/special-offer-women-rendez-vous-store\/women-trousers-special-offer\/tanaka-work-jean-trousers-white-butterfly-rendez-vous-store\/","name":"Tanaka Work Jean Trousers White Butterfly","isPartOf":{"@id":"https:\/\/rendez-vous-store.com\/#website"},"primaryImageOfPage":{"@id":"https:\/\/rendez-vous-store.com\/shop\/special-offer-women-rendez-vous-store\/women-trousers-special-offer\/tanaka-work-jean-trousers-white-butterfly-rendez-vous-store\/#primaryimage"},"image":{"@id":"https:\/\/rendez-vous-store.com\/shop\/special-offer-women-rendez-vous-store\/women-trousers-special-offer\/tanaka-work-jean-trousers-white-butterfly-rendez-vous-store\/#primaryimage"},"thumbnailUrl":"https:\/\/rendez-vous-store.com\/app\/uploads\/2024\/10\/rdv_tanaka_09-scaled.webp","datePublished":"2024-10-08T13:08:31+00:00","dateModified":"2026-04-24T13:15:31+00:00","description":"Tanaka is on Rendez-vous Store. This Tanaka Work Jean Trousers White Butterfly is paying great respect to the classics. Discover now.","breadcrumb":{"@id":"https:\/\/rendez-vous-store.com\/shop\/special-offer-women-rendez-vous-store\/women-trousers-special-offer\/tanaka-work-jean-trousers-white-butterfly-rendez-vous-store\/#breadcrumb"},"inLanguage":"fr-FR","potentialAction":[{"@type":"ReadAction","target":["https:\/\/rendez-vous-store.com\/shop\/special-offer-women-rendez-vous-store\/women-trousers-special-offer\/tanaka-work-jean-trousers-white-butterfly-rendez-vous-store\/"]}]},{"@type":"ImageObject","inLanguage":"fr-FR","@id":"https:\/\/rendez-vous-store.com\/shop\/special-offer-women-rendez-vous-store\/women-trousers-special-offer\/tanaka-work-jean-trousers-white-butterfly-rendez-vous-store\/#primaryimage","url":"https:\/\/rendez-vous-store.com\/app\/uploads\/2024\/10\/rdv_tanaka_09-scaled.webp","contentUrl":"https:\/\/rendez-vous-store.com\/app\/uploads\/2024\/10\/rdv_tanaka_09-scaled.webp","width":1696,"height":2560},{"@type":"BreadcrumbList","@id":"https:\/\/rendez-vous-store.com\/shop\/special-offer-women-rendez-vous-store\/women-trousers-special-offer\/tanaka-work-jean-trousers-white-butterfly-rendez-vous-store\/#breadcrumb","itemListElement":[{"@type":"ListItem","position":1,"name":"Home","item":"https:\/\/rendez-vous-store.com\/"},{"@type":"ListItem","position":2,"name":"Shop","item":"https:\/\/www.rendez-vous-store.com\/shop\/"},{"@type":"ListItem","position":3,"name":"Tanaka &#8211; Work Jean Trousers &#8211; White Butterfly"}]},{"@type":"WebSite","@id":"https:\/\/rendez-vous-store.com\/#website","url":"https:\/\/rendez-vous-store.com\/","name":"RENDEZ-VOUS STORE","description":"Slow Fashion for Women and Men","potentialAction":[{"@type":"SearchAction","target":{"@type":"EntryPoint","urlTemplate":"https:\/\/rendez-vous-store.com\/?s={search_term_string}"},"query-input":{"@type":"PropertyValueSpecification","valueRequired":true,"valueName":"search_term_string"}}],"inLanguage":"fr-FR"}]}},"_links":{"self":[{"href":"https:\/\/rendez-vous-store.com\/fr\/wp-json\/wp\/v2\/product\/179045","targetHints":{"allow":["GET"]}}],"collection":[{"href":"https:\/\/rendez-vous-store.com\/fr\/wp-json\/wp\/v2\/product"}],"about":[{"href":"https:\/\/rendez-vous-store.com\/fr\/wp-json\/wp\/v2\/types\/product"}],"wp:featuredmedia":[{"embeddable":true,"href":"https:\/\/rendez-vous-store.com\/fr\/wp-json\/wp\/v2\/media\/180650"}],"wp:attachment":[{"href":"https:\/\/rendez-vous-store.com\/fr\/wp-json\/wp\/v2\/media?parent=179045"}],"wp:term":[{"taxonomy":"product_brand","embeddable":true,"href":"https:\/\/rendez-vous-store.com\/fr\/wp-json\/wp\/v2\/product_brand?post=179045"},{"taxonomy":"product_cat","embeddable":true,"href":"https:\/\/rendez-vous-store.com\/fr\/wp-json\/wp\/v2\/product_cat?post=179045"},{"taxonomy":"product_tag","embeddable":true,"href":"https:\/\/rendez-vous-store.com\/fr\/wp-json\/wp\/v2\/product_tag?post=179045"}],"curies":[{"name":"wp","href":"https:\/\/api.w.org\/{rel}","templated":true}]}}