{"id":178408,"date":"2024-10-02T15:59:22","date_gmt":"2024-10-02T13:59:22","guid":{"rendered":"https:\/\/rendez-vous-store.com\/?post_type=product&#038;p=178408"},"modified":"2026-04-24T15:15:37","modified_gmt":"2026-04-24T13:15:37","slug":"lady-white-x-phigvel-cashmere-bottleneck-cardigan-black-rendez-vous-store","status":"publish","type":"product","link":"https:\/\/rendez-vous-store.com\/fr\/shop\/men-selection-discover-our-selection-rendez-vous-store\/knitwears-discover-our-selection-rendez-vous-store\/lady-white-x-phigvel-cashmere-bottleneck-cardigan-black-rendez-vous-store\/","title":{"rendered":"Lady White x Phigvel - Cardigan \u00e0 col roul\u00e9 en cachemire - Noir"},"content":{"rendered":"<p><strong>Lady White x Phigvel - Cardigan \u00e0 col roul\u00e9 en cachemire - Noir<\/strong><\/p>\n<p>Couleur : Noir<\/p>\n<p>Cardigan d\u00e9contract\u00e9 \u00e0 coupe droite<\/p>\n<p>Coupe sportswear<\/p>\n<p>Collier haut<\/p>\n<p>Fermeture \u00e9clair \u00e0 double sens<\/p>\n<p>Emmanchures g\u00e9n\u00e9reuses<\/p>\n<p>Poches lat\u00e9rales<\/p>\n<p>Composition : 100% Cachemire<\/p>\n<p>Fabriqu\u00e9 au Japon<\/p>\n<p>&nbsp;<\/p>\n<p><strong>La marque\u00a0<\/strong><\/p>\n<p>Fond\u00e9e en 2015, Lady White Co. s'est d'abord concentr\u00e9e uniquement sur les t-shirts en jersey. Particuli\u00e8rement : Blanc.<\/p>\n<p>Lady White Co. a \u00e9t\u00e9 cr\u00e9\u00e9e avec l'intention de tirer des d\u00e9tails du pass\u00e9 pour cr\u00e9er des v\u00eatements modernes avec une personnalit\u00e9 ancienne. La collection refl\u00e8te des ambiances contemporaines \u00e0 travers les personnalit\u00e9s de leurs maillots et polaires personnalis\u00e9s, produits par des usines familiales \u00e0 Los Angeles. La marque s'inspire principalement de l'athl\u00e9tisme am\u00e9ricain et d\u00e9veloppe avec soin une offre plus large de v\u00eatements de sport d'origine californienne.<\/p>","protected":false},"excerpt":{"rendered":"<p>Lady White x Phigvel &#8211; Cashmere Bottleneck Cardigan &#8211; Black Color : Black Relaxed Straight-fitting Cardigan Sportswear fit High necklace Two way zipper Generous armholes Side pockets Composition : 100% Cashmere Made in Japan &nbsp; The Brand\u00a0 Founded in 2015, Lady White Co. initially focused solely on jersey t-shirts. Particulary : White. Lady White Co.&hellip; <a class=\"more-link\" href=\"https:\/\/rendez-vous-store.com\/fr\/shop\/men-selection-discover-our-selection-rendez-vous-store\/knitwears-discover-our-selection-rendez-vous-store\/lady-white-x-phigvel-cashmere-bottleneck-cardigan-black-rendez-vous-store\/\">Continuer la lecture <span class=\"screen-reader-text\">Lady White x Phigvel - Cardigan \u00e0 col roul\u00e9 en cachemire - Noir<\/span><\/a><\/p>","protected":false},"featured_media":178585,"template":"","meta":{"_acf_changed":false},"product_brand":[],"product_cat":[20,291],"product_tag":[644],"class_list":{"0":"post-178408","1":"product","2":"type-product","3":"status-publish","4":"has-post-thumbnail","6":"product_cat-men-selection-discover-our-selection-rendez-vous-store","7":"product_cat-knitwears-discover-our-selection-rendez-vous-store","8":"product_tag-lady-white","9":"entry","11":"first","12":"outofstock","13":"taxable","14":"shipping-taxable","15":"product-type-variable"},"acf":[],"yoast_head":"<!-- This site is optimized with the Yoast SEO plugin v24.9 - https:\/\/yoast.com\/wordpress\/plugins\/seo\/ -->\n<title>Lady White x Phigvel Cashmere Bottleneck Cardigan Black<\/title>\n<meta name=\"description\" content=\"Lady White x Phigvel is on Rendez-vous Store. This Bottleneck Cardigan Black reflects contemporary moods of the brand. Discover now.\" \/>\n<meta name=\"robots\" content=\"index, follow, max-snippet:-1, max-image-preview:large, max-video-preview:-1\" \/>\n<link rel=\"canonical\" href=\"https:\/\/rendez-vous-store.com\/fr\/shop\/men-selection-discover-our-selection-rendez-vous-store\/knitwears-discover-our-selection-rendez-vous-store\/lady-white-x-phigvel-cashmere-bottleneck-cardigan-black-rendez-vous-store\/\" \/>\n<meta property=\"og:locale\" content=\"fr_FR\" \/>\n<meta property=\"og:type\" content=\"article\" \/>\n<meta property=\"og:title\" content=\"Lady White x Phigvel Cashmere Bottleneck Cardigan Black\" \/>\n<meta property=\"og:description\" content=\"Lady White x Phigvel is on Rendez-vous Store. This Bottleneck Cardigan Black reflects contemporary moods of the brand. Discover now.\" \/>\n<meta property=\"og:url\" content=\"https:\/\/rendez-vous-store.com\/fr\/shop\/men-selection-discover-our-selection-rendez-vous-store\/knitwears-discover-our-selection-rendez-vous-store\/lady-white-x-phigvel-cashmere-bottleneck-cardigan-black-rendez-vous-store\/\" \/>\n<meta property=\"og:site_name\" content=\"RENDEZ-VOUS STORE\" \/>\n<meta property=\"article:modified_time\" content=\"2026-04-24T13:15:37+00:00\" \/>\n<meta property=\"og:image\" content=\"https:\/\/rendez-vous-store.com\/app\/uploads\/2024\/10\/Lady-White-x-Phigvel-Cashmere-Bottleneck-Cardigan-Black-2.webp\" \/>\n\t<meta property=\"og:image:width\" content=\"1696\" \/>\n\t<meta property=\"og:image:height\" content=\"2560\" \/>\n\t<meta property=\"og:image:type\" content=\"image\/webp\" \/>\n<meta name=\"twitter:card\" content=\"summary_large_image\" \/>\n<meta name=\"twitter:label1\" content=\"Est. reading time\" \/>\n\t<meta name=\"twitter:data1\" content=\"1 minute\" \/>\n<script type=\"application\/ld+json\" class=\"yoast-schema-graph\">{\"@context\":\"https:\/\/schema.org\",\"@graph\":[{\"@type\":\"WebPage\",\"@id\":\"https:\/\/rendez-vous-store.com\/shop\/men-selection-discover-our-selection-rendez-vous-store\/knitwears-discover-our-selection-rendez-vous-store\/lady-white-x-phigvel-cashmere-bottleneck-cardigan-black-rendez-vous-store\/\",\"url\":\"https:\/\/rendez-vous-store.com\/shop\/men-selection-discover-our-selection-rendez-vous-store\/knitwears-discover-our-selection-rendez-vous-store\/lady-white-x-phigvel-cashmere-bottleneck-cardigan-black-rendez-vous-store\/\",\"name\":\"Lady White x Phigvel Cashmere Bottleneck Cardigan Black\",\"isPartOf\":{\"@id\":\"https:\/\/rendez-vous-store.com\/#website\"},\"primaryImageOfPage\":{\"@id\":\"https:\/\/rendez-vous-store.com\/shop\/men-selection-discover-our-selection-rendez-vous-store\/knitwears-discover-our-selection-rendez-vous-store\/lady-white-x-phigvel-cashmere-bottleneck-cardigan-black-rendez-vous-store\/#primaryimage\"},\"image\":{\"@id\":\"https:\/\/rendez-vous-store.com\/shop\/men-selection-discover-our-selection-rendez-vous-store\/knitwears-discover-our-selection-rendez-vous-store\/lady-white-x-phigvel-cashmere-bottleneck-cardigan-black-rendez-vous-store\/#primaryimage\"},\"thumbnailUrl\":\"https:\/\/rendez-vous-store.com\/app\/uploads\/2024\/10\/Lady-White-x-Phigvel-Cashmere-Bottleneck-Cardigan-Black-2.webp\",\"datePublished\":\"2024-10-02T13:59:22+00:00\",\"dateModified\":\"2026-04-24T13:15:37+00:00\",\"description\":\"Lady White x Phigvel is on Rendez-vous Store. This Bottleneck Cardigan Black reflects contemporary moods of the brand. Discover now.\",\"breadcrumb\":{\"@id\":\"https:\/\/rendez-vous-store.com\/shop\/men-selection-discover-our-selection-rendez-vous-store\/knitwears-discover-our-selection-rendez-vous-store\/lady-white-x-phigvel-cashmere-bottleneck-cardigan-black-rendez-vous-store\/#breadcrumb\"},\"inLanguage\":\"fr-FR\",\"potentialAction\":[{\"@type\":\"ReadAction\",\"target\":[\"https:\/\/rendez-vous-store.com\/shop\/men-selection-discover-our-selection-rendez-vous-store\/knitwears-discover-our-selection-rendez-vous-store\/lady-white-x-phigvel-cashmere-bottleneck-cardigan-black-rendez-vous-store\/\"]}]},{\"@type\":\"ImageObject\",\"inLanguage\":\"fr-FR\",\"@id\":\"https:\/\/rendez-vous-store.com\/shop\/men-selection-discover-our-selection-rendez-vous-store\/knitwears-discover-our-selection-rendez-vous-store\/lady-white-x-phigvel-cashmere-bottleneck-cardigan-black-rendez-vous-store\/#primaryimage\",\"url\":\"https:\/\/rendez-vous-store.com\/app\/uploads\/2024\/10\/Lady-White-x-Phigvel-Cashmere-Bottleneck-Cardigan-Black-2.webp\",\"contentUrl\":\"https:\/\/rendez-vous-store.com\/app\/uploads\/2024\/10\/Lady-White-x-Phigvel-Cashmere-Bottleneck-Cardigan-Black-2.webp\",\"width\":1696,\"height\":2560},{\"@type\":\"BreadcrumbList\",\"@id\":\"https:\/\/rendez-vous-store.com\/shop\/men-selection-discover-our-selection-rendez-vous-store\/knitwears-discover-our-selection-rendez-vous-store\/lady-white-x-phigvel-cashmere-bottleneck-cardigan-black-rendez-vous-store\/#breadcrumb\",\"itemListElement\":[{\"@type\":\"ListItem\",\"position\":1,\"name\":\"Home\",\"item\":\"https:\/\/rendez-vous-store.com\/\"},{\"@type\":\"ListItem\",\"position\":2,\"name\":\"Shop\",\"item\":\"https:\/\/www.rendez-vous-store.com\/shop\/\"},{\"@type\":\"ListItem\",\"position\":3,\"name\":\"Lady White x Phigvel &#8211; Cashmere Bottleneck Cardigan &#8211; Black\"}]},{\"@type\":\"WebSite\",\"@id\":\"https:\/\/rendez-vous-store.com\/#website\",\"url\":\"https:\/\/rendez-vous-store.com\/\",\"name\":\"RENDEZ-VOUS STORE\",\"description\":\"Slow Fashion for Women and Men\",\"potentialAction\":[{\"@type\":\"SearchAction\",\"target\":{\"@type\":\"EntryPoint\",\"urlTemplate\":\"https:\/\/rendez-vous-store.com\/?s={search_term_string}\"},\"query-input\":{\"@type\":\"PropertyValueSpecification\",\"valueRequired\":true,\"valueName\":\"search_term_string\"}}],\"inLanguage\":\"fr-FR\"}]}<\/script>\n<!-- \/ Yoast SEO plugin. -->","yoast_head_json":{"title":"Lady White x Phigvel Cashmere Bottleneck Cardigan Black","description":"Lady White x Phigvel is on Rendez-vous Store. This Bottleneck Cardigan Black reflects contemporary moods of the brand. Discover now.","robots":{"index":"index","follow":"follow","max-snippet":"max-snippet:-1","max-image-preview":"max-image-preview:large","max-video-preview":"max-video-preview:-1"},"canonical":"https:\/\/rendez-vous-store.com\/fr\/shop\/men-selection-discover-our-selection-rendez-vous-store\/knitwears-discover-our-selection-rendez-vous-store\/lady-white-x-phigvel-cashmere-bottleneck-cardigan-black-rendez-vous-store\/","og_locale":"fr_FR","og_type":"article","og_title":"Lady White x Phigvel Cashmere Bottleneck Cardigan Black","og_description":"Lady White x Phigvel is on Rendez-vous Store. This Bottleneck Cardigan Black reflects contemporary moods of the brand. Discover now.","og_url":"https:\/\/rendez-vous-store.com\/fr\/shop\/men-selection-discover-our-selection-rendez-vous-store\/knitwears-discover-our-selection-rendez-vous-store\/lady-white-x-phigvel-cashmere-bottleneck-cardigan-black-rendez-vous-store\/","og_site_name":"RENDEZ-VOUS STORE","article_modified_time":"2026-04-24T13:15:37+00:00","og_image":[{"width":1696,"height":2560,"url":"https:\/\/rendez-vous-store.com\/app\/uploads\/2024\/10\/Lady-White-x-Phigvel-Cashmere-Bottleneck-Cardigan-Black-2.webp","type":"image\/webp"}],"twitter_card":"summary_large_image","twitter_misc":{"Est. reading time":"1 minute"},"schema":{"@context":"https:\/\/schema.org","@graph":[{"@type":"WebPage","@id":"https:\/\/rendez-vous-store.com\/shop\/men-selection-discover-our-selection-rendez-vous-store\/knitwears-discover-our-selection-rendez-vous-store\/lady-white-x-phigvel-cashmere-bottleneck-cardigan-black-rendez-vous-store\/","url":"https:\/\/rendez-vous-store.com\/shop\/men-selection-discover-our-selection-rendez-vous-store\/knitwears-discover-our-selection-rendez-vous-store\/lady-white-x-phigvel-cashmere-bottleneck-cardigan-black-rendez-vous-store\/","name":"Lady White x Phigvel Cashmere Bottleneck Cardigan Black","isPartOf":{"@id":"https:\/\/rendez-vous-store.com\/#website"},"primaryImageOfPage":{"@id":"https:\/\/rendez-vous-store.com\/shop\/men-selection-discover-our-selection-rendez-vous-store\/knitwears-discover-our-selection-rendez-vous-store\/lady-white-x-phigvel-cashmere-bottleneck-cardigan-black-rendez-vous-store\/#primaryimage"},"image":{"@id":"https:\/\/rendez-vous-store.com\/shop\/men-selection-discover-our-selection-rendez-vous-store\/knitwears-discover-our-selection-rendez-vous-store\/lady-white-x-phigvel-cashmere-bottleneck-cardigan-black-rendez-vous-store\/#primaryimage"},"thumbnailUrl":"https:\/\/rendez-vous-store.com\/app\/uploads\/2024\/10\/Lady-White-x-Phigvel-Cashmere-Bottleneck-Cardigan-Black-2.webp","datePublished":"2024-10-02T13:59:22+00:00","dateModified":"2026-04-24T13:15:37+00:00","description":"Lady White x Phigvel is on Rendez-vous Store. This Bottleneck Cardigan Black reflects contemporary moods of the brand. Discover now.","breadcrumb":{"@id":"https:\/\/rendez-vous-store.com\/shop\/men-selection-discover-our-selection-rendez-vous-store\/knitwears-discover-our-selection-rendez-vous-store\/lady-white-x-phigvel-cashmere-bottleneck-cardigan-black-rendez-vous-store\/#breadcrumb"},"inLanguage":"fr-FR","potentialAction":[{"@type":"ReadAction","target":["https:\/\/rendez-vous-store.com\/shop\/men-selection-discover-our-selection-rendez-vous-store\/knitwears-discover-our-selection-rendez-vous-store\/lady-white-x-phigvel-cashmere-bottleneck-cardigan-black-rendez-vous-store\/"]}]},{"@type":"ImageObject","inLanguage":"fr-FR","@id":"https:\/\/rendez-vous-store.com\/shop\/men-selection-discover-our-selection-rendez-vous-store\/knitwears-discover-our-selection-rendez-vous-store\/lady-white-x-phigvel-cashmere-bottleneck-cardigan-black-rendez-vous-store\/#primaryimage","url":"https:\/\/rendez-vous-store.com\/app\/uploads\/2024\/10\/Lady-White-x-Phigvel-Cashmere-Bottleneck-Cardigan-Black-2.webp","contentUrl":"https:\/\/rendez-vous-store.com\/app\/uploads\/2024\/10\/Lady-White-x-Phigvel-Cashmere-Bottleneck-Cardigan-Black-2.webp","width":1696,"height":2560},{"@type":"BreadcrumbList","@id":"https:\/\/rendez-vous-store.com\/shop\/men-selection-discover-our-selection-rendez-vous-store\/knitwears-discover-our-selection-rendez-vous-store\/lady-white-x-phigvel-cashmere-bottleneck-cardigan-black-rendez-vous-store\/#breadcrumb","itemListElement":[{"@type":"ListItem","position":1,"name":"Home","item":"https:\/\/rendez-vous-store.com\/"},{"@type":"ListItem","position":2,"name":"Shop","item":"https:\/\/www.rendez-vous-store.com\/shop\/"},{"@type":"ListItem","position":3,"name":"Lady White x Phigvel &#8211; Cashmere Bottleneck Cardigan &#8211; Black"}]},{"@type":"WebSite","@id":"https:\/\/rendez-vous-store.com\/#website","url":"https:\/\/rendez-vous-store.com\/","name":"RENDEZ-VOUS STORE","description":"Slow Fashion for Women and Men","potentialAction":[{"@type":"SearchAction","target":{"@type":"EntryPoint","urlTemplate":"https:\/\/rendez-vous-store.com\/?s={search_term_string}"},"query-input":{"@type":"PropertyValueSpecification","valueRequired":true,"valueName":"search_term_string"}}],"inLanguage":"fr-FR"}]}},"_links":{"self":[{"href":"https:\/\/rendez-vous-store.com\/fr\/wp-json\/wp\/v2\/product\/178408","targetHints":{"allow":["GET"]}}],"collection":[{"href":"https:\/\/rendez-vous-store.com\/fr\/wp-json\/wp\/v2\/product"}],"about":[{"href":"https:\/\/rendez-vous-store.com\/fr\/wp-json\/wp\/v2\/types\/product"}],"wp:featuredmedia":[{"embeddable":true,"href":"https:\/\/rendez-vous-store.com\/fr\/wp-json\/wp\/v2\/media\/178585"}],"wp:attachment":[{"href":"https:\/\/rendez-vous-store.com\/fr\/wp-json\/wp\/v2\/media?parent=178408"}],"wp:term":[{"taxonomy":"product_brand","embeddable":true,"href":"https:\/\/rendez-vous-store.com\/fr\/wp-json\/wp\/v2\/product_brand?post=178408"},{"taxonomy":"product_cat","embeddable":true,"href":"https:\/\/rendez-vous-store.com\/fr\/wp-json\/wp\/v2\/product_cat?post=178408"},{"taxonomy":"product_tag","embeddable":true,"href":"https:\/\/rendez-vous-store.com\/fr\/wp-json\/wp\/v2\/product_tag?post=178408"}],"curies":[{"name":"wp","href":"https:\/\/api.w.org\/{rel}","templated":true}]}}