{"id":178406,"date":"2024-10-02T15:59:20","date_gmt":"2024-10-02T13:59:20","guid":{"rendered":"https:\/\/rendez-vous-store.com\/?post_type=product&#038;p=178406"},"modified":"2026-03-16T18:15:37","modified_gmt":"2026-03-16T17:15:37","slug":"lady-white-x-phigvel-aviator-zip-boots-black-rendez-vous-store","status":"publish","type":"product","link":"https:\/\/rendez-vous-store.com\/fr\/shop\/special-offer-men-rendez-vous-store\/men-shoes-special-offer-rendez-vous-store\/lady-white-x-phigvel-aviator-zip-boots-black-rendez-vous-store\/","title":{"rendered":"Lady White x Phigvel - Bottes zipp\u00e9es Aviator - Noir"},"content":{"rendered":"<p><strong>Lady White x Phigvel - Bottes zipp\u00e9es Aviator - Noir<\/strong><\/p>\n<p>Couleur : Noir<\/p>\n<p>Couture centrale passepoil\u00e9e<\/p>\n<p>Fermeture \u00e0 glissi\u00e8re sur le devant<\/p>\n<p>Semelle en Dainite<\/p>\n<p>Goodyear Welt<\/p>\n<p>Port\u00e9 toute l'ann\u00e9e<\/p>\n<p>Composition : 100% CALF SKIN<\/p>\n<p>Fabriqu\u00e9 en LEICESTERSHIRE, ANGLETERRE<\/p>\n<p>&nbsp;<\/p>\n<p><strong>La marque<\/strong><\/p>\n<p>Lady White Co. a d\u00e9marr\u00e9 en 2015, en se concentrant initialement sur les t-shirts en jersey blanc. Ils d\u00e9veloppent maintenant divers v\u00eatements de sport, combinant du jersey de qualit\u00e9 sup\u00e9rieure avec des options de superposition non conventionnelles. Ils utilisent des tissus tricot\u00e9s \u00e0 Los Angeles, assurant un m\u00e9lange d'ancien et de nouveau dans leurs v\u00eatements. La marque propose une production locale, jusqu'\u00e0 la culture du coton.<\/p>\n<p>Lady White Co. s'inspire des d\u00e9tails du pass\u00e9 pour cr\u00e9er des v\u00eatements modernes avec une personnalit\u00e9 vintage.<\/p>","protected":false},"excerpt":{"rendered":"<p>Lady White x Phigvel &#8211; Aviator Zip Boots &#8211; Black Color : Black Piped center Seam Front Zip Dainite Sole Goodyear Welt All season wear Composition : 100% CALF SKIN Made in LEICESTERSHIRE, ENGLAND &nbsp; The brand Lady White Co. started in 2015, initially focusing on white jersey t-shirts. Now developing various sportswear, combining top-quality&hellip; <a class=\"more-link\" href=\"https:\/\/rendez-vous-store.com\/fr\/shop\/special-offer-men-rendez-vous-store\/men-shoes-special-offer-rendez-vous-store\/lady-white-x-phigvel-aviator-zip-boots-black-rendez-vous-store\/\">Continuer la lecture <span class=\"screen-reader-text\">Lady White x Phigvel - Bottes zipp\u00e9es Aviator - Noir<\/span><\/a><\/p>","protected":false},"featured_media":178581,"template":"","meta":{"_acf_changed":false},"product_brand":[],"product_cat":[1460,1357,1350,20,181],"product_tag":[644],"class_list":{"0":"post-178406","1":"product","2":"type-product","3":"status-publish","4":"has-post-thumbnail","6":"product_cat-sale-25","7":"product_cat-men-shoes-special-offer-rendez-vous-store","8":"product_cat-special-offer-men-rendez-vous-store","9":"product_cat-men-selection-discover-our-selection-rendez-vous-store","10":"product_cat-shoes-men-rendez-vous-store","11":"product_tag-lady-white","12":"entry","14":"first","15":"instock","16":"taxable","17":"shipping-taxable","18":"purchasable","19":"product-type-variable"},"acf":[],"yoast_head":"<!-- This site is optimized with the Yoast SEO plugin v24.9 - https:\/\/yoast.com\/wordpress\/plugins\/seo\/ -->\n<title>Lady White x Phigvel Aviator Zip Boots Black<\/title>\n<meta name=\"description\" content=\"Lady White x Phigvel is on Rendez-vous Store. This Aviator Zip Boots Black reflects contemporary moods of the brand. Discover now.\" \/>\n<meta name=\"robots\" content=\"index, follow, max-snippet:-1, max-image-preview:large, max-video-preview:-1\" \/>\n<link rel=\"canonical\" href=\"https:\/\/rendez-vous-store.com\/fr\/shop\/special-offer-men-rendez-vous-store\/men-shoes-special-offer-rendez-vous-store\/lady-white-x-phigvel-aviator-zip-boots-black-rendez-vous-store\/\" \/>\n<meta property=\"og:locale\" content=\"fr_FR\" \/>\n<meta property=\"og:type\" content=\"article\" \/>\n<meta property=\"og:title\" content=\"Lady White x Phigvel Aviator Zip Boots Black\" \/>\n<meta property=\"og:description\" content=\"Lady White x Phigvel is on Rendez-vous Store. This Aviator Zip Boots Black reflects contemporary moods of the brand. Discover now.\" \/>\n<meta property=\"og:url\" content=\"https:\/\/rendez-vous-store.com\/fr\/shop\/special-offer-men-rendez-vous-store\/men-shoes-special-offer-rendez-vous-store\/lady-white-x-phigvel-aviator-zip-boots-black-rendez-vous-store\/\" \/>\n<meta property=\"og:site_name\" content=\"RENDEZ-VOUS STORE\" \/>\n<meta property=\"article:modified_time\" content=\"2026-03-16T17:15:37+00:00\" \/>\n<meta property=\"og:image\" content=\"https:\/\/rendez-vous-store.com\/app\/uploads\/2024\/10\/Lady-White-x-Phigvel-Aviator-Zip-Boots-Black.webp\" \/>\n\t<meta property=\"og:image:width\" content=\"1696\" \/>\n\t<meta property=\"og:image:height\" content=\"2560\" \/>\n\t<meta property=\"og:image:type\" content=\"image\/webp\" \/>\n<meta name=\"twitter:card\" content=\"summary_large_image\" \/>\n<meta name=\"twitter:label1\" content=\"Est. reading time\" \/>\n\t<meta name=\"twitter:data1\" content=\"1 minute\" \/>\n<script type=\"application\/ld+json\" class=\"yoast-schema-graph\">{\"@context\":\"https:\/\/schema.org\",\"@graph\":[{\"@type\":\"WebPage\",\"@id\":\"https:\/\/rendez-vous-store.com\/shop\/special-offer-men-rendez-vous-store\/men-shoes-special-offer-rendez-vous-store\/lady-white-x-phigvel-aviator-zip-boots-black-rendez-vous-store\/\",\"url\":\"https:\/\/rendez-vous-store.com\/shop\/special-offer-men-rendez-vous-store\/men-shoes-special-offer-rendez-vous-store\/lady-white-x-phigvel-aviator-zip-boots-black-rendez-vous-store\/\",\"name\":\"Lady White x Phigvel Aviator Zip Boots Black\",\"isPartOf\":{\"@id\":\"https:\/\/rendez-vous-store.com\/#website\"},\"primaryImageOfPage\":{\"@id\":\"https:\/\/rendez-vous-store.com\/shop\/special-offer-men-rendez-vous-store\/men-shoes-special-offer-rendez-vous-store\/lady-white-x-phigvel-aviator-zip-boots-black-rendez-vous-store\/#primaryimage\"},\"image\":{\"@id\":\"https:\/\/rendez-vous-store.com\/shop\/special-offer-men-rendez-vous-store\/men-shoes-special-offer-rendez-vous-store\/lady-white-x-phigvel-aviator-zip-boots-black-rendez-vous-store\/#primaryimage\"},\"thumbnailUrl\":\"https:\/\/rendez-vous-store.com\/app\/uploads\/2024\/10\/Lady-White-x-Phigvel-Aviator-Zip-Boots-Black.webp\",\"datePublished\":\"2024-10-02T13:59:20+00:00\",\"dateModified\":\"2026-03-16T17:15:37+00:00\",\"description\":\"Lady White x Phigvel is on Rendez-vous Store. This Aviator Zip Boots Black reflects contemporary moods of the brand. Discover now.\",\"breadcrumb\":{\"@id\":\"https:\/\/rendez-vous-store.com\/shop\/special-offer-men-rendez-vous-store\/men-shoes-special-offer-rendez-vous-store\/lady-white-x-phigvel-aviator-zip-boots-black-rendez-vous-store\/#breadcrumb\"},\"inLanguage\":\"fr-FR\",\"potentialAction\":[{\"@type\":\"ReadAction\",\"target\":[\"https:\/\/rendez-vous-store.com\/shop\/special-offer-men-rendez-vous-store\/men-shoes-special-offer-rendez-vous-store\/lady-white-x-phigvel-aviator-zip-boots-black-rendez-vous-store\/\"]}]},{\"@type\":\"ImageObject\",\"inLanguage\":\"fr-FR\",\"@id\":\"https:\/\/rendez-vous-store.com\/shop\/special-offer-men-rendez-vous-store\/men-shoes-special-offer-rendez-vous-store\/lady-white-x-phigvel-aviator-zip-boots-black-rendez-vous-store\/#primaryimage\",\"url\":\"https:\/\/rendez-vous-store.com\/app\/uploads\/2024\/10\/Lady-White-x-Phigvel-Aviator-Zip-Boots-Black.webp\",\"contentUrl\":\"https:\/\/rendez-vous-store.com\/app\/uploads\/2024\/10\/Lady-White-x-Phigvel-Aviator-Zip-Boots-Black.webp\",\"width\":1696,\"height\":2560},{\"@type\":\"BreadcrumbList\",\"@id\":\"https:\/\/rendez-vous-store.com\/shop\/special-offer-men-rendez-vous-store\/men-shoes-special-offer-rendez-vous-store\/lady-white-x-phigvel-aviator-zip-boots-black-rendez-vous-store\/#breadcrumb\",\"itemListElement\":[{\"@type\":\"ListItem\",\"position\":1,\"name\":\"Home\",\"item\":\"https:\/\/rendez-vous-store.com\/\"},{\"@type\":\"ListItem\",\"position\":2,\"name\":\"Shop\",\"item\":\"https:\/\/www.rendez-vous-store.com\/shop\/\"},{\"@type\":\"ListItem\",\"position\":3,\"name\":\"Lady White x Phigvel &#8211; Aviator Zip Boots &#8211; Black\"}]},{\"@type\":\"WebSite\",\"@id\":\"https:\/\/rendez-vous-store.com\/#website\",\"url\":\"https:\/\/rendez-vous-store.com\/\",\"name\":\"RENDEZ-VOUS STORE\",\"description\":\"Slow Fashion for Women and Men\",\"potentialAction\":[{\"@type\":\"SearchAction\",\"target\":{\"@type\":\"EntryPoint\",\"urlTemplate\":\"https:\/\/rendez-vous-store.com\/?s={search_term_string}\"},\"query-input\":{\"@type\":\"PropertyValueSpecification\",\"valueRequired\":true,\"valueName\":\"search_term_string\"}}],\"inLanguage\":\"fr-FR\"}]}<\/script>\n<!-- \/ Yoast SEO plugin. -->","yoast_head_json":{"title":"Lady White x Phigvel Aviator Zip Boots Black","description":"Lady White x Phigvel is on Rendez-vous Store. This Aviator Zip Boots Black reflects contemporary moods of the brand. Discover now.","robots":{"index":"index","follow":"follow","max-snippet":"max-snippet:-1","max-image-preview":"max-image-preview:large","max-video-preview":"max-video-preview:-1"},"canonical":"https:\/\/rendez-vous-store.com\/fr\/shop\/special-offer-men-rendez-vous-store\/men-shoes-special-offer-rendez-vous-store\/lady-white-x-phigvel-aviator-zip-boots-black-rendez-vous-store\/","og_locale":"fr_FR","og_type":"article","og_title":"Lady White x Phigvel Aviator Zip Boots Black","og_description":"Lady White x Phigvel is on Rendez-vous Store. This Aviator Zip Boots Black reflects contemporary moods of the brand. Discover now.","og_url":"https:\/\/rendez-vous-store.com\/fr\/shop\/special-offer-men-rendez-vous-store\/men-shoes-special-offer-rendez-vous-store\/lady-white-x-phigvel-aviator-zip-boots-black-rendez-vous-store\/","og_site_name":"RENDEZ-VOUS STORE","article_modified_time":"2026-03-16T17:15:37+00:00","og_image":[{"width":1696,"height":2560,"url":"https:\/\/rendez-vous-store.com\/app\/uploads\/2024\/10\/Lady-White-x-Phigvel-Aviator-Zip-Boots-Black.webp","type":"image\/webp"}],"twitter_card":"summary_large_image","twitter_misc":{"Est. reading time":"1 minute"},"schema":{"@context":"https:\/\/schema.org","@graph":[{"@type":"WebPage","@id":"https:\/\/rendez-vous-store.com\/shop\/special-offer-men-rendez-vous-store\/men-shoes-special-offer-rendez-vous-store\/lady-white-x-phigvel-aviator-zip-boots-black-rendez-vous-store\/","url":"https:\/\/rendez-vous-store.com\/shop\/special-offer-men-rendez-vous-store\/men-shoes-special-offer-rendez-vous-store\/lady-white-x-phigvel-aviator-zip-boots-black-rendez-vous-store\/","name":"Lady White x Phigvel Aviator Zip Boots Black","isPartOf":{"@id":"https:\/\/rendez-vous-store.com\/#website"},"primaryImageOfPage":{"@id":"https:\/\/rendez-vous-store.com\/shop\/special-offer-men-rendez-vous-store\/men-shoes-special-offer-rendez-vous-store\/lady-white-x-phigvel-aviator-zip-boots-black-rendez-vous-store\/#primaryimage"},"image":{"@id":"https:\/\/rendez-vous-store.com\/shop\/special-offer-men-rendez-vous-store\/men-shoes-special-offer-rendez-vous-store\/lady-white-x-phigvel-aviator-zip-boots-black-rendez-vous-store\/#primaryimage"},"thumbnailUrl":"https:\/\/rendez-vous-store.com\/app\/uploads\/2024\/10\/Lady-White-x-Phigvel-Aviator-Zip-Boots-Black.webp","datePublished":"2024-10-02T13:59:20+00:00","dateModified":"2026-03-16T17:15:37+00:00","description":"Lady White x Phigvel is on Rendez-vous Store. This Aviator Zip Boots Black reflects contemporary moods of the brand. Discover now.","breadcrumb":{"@id":"https:\/\/rendez-vous-store.com\/shop\/special-offer-men-rendez-vous-store\/men-shoes-special-offer-rendez-vous-store\/lady-white-x-phigvel-aviator-zip-boots-black-rendez-vous-store\/#breadcrumb"},"inLanguage":"fr-FR","potentialAction":[{"@type":"ReadAction","target":["https:\/\/rendez-vous-store.com\/shop\/special-offer-men-rendez-vous-store\/men-shoes-special-offer-rendez-vous-store\/lady-white-x-phigvel-aviator-zip-boots-black-rendez-vous-store\/"]}]},{"@type":"ImageObject","inLanguage":"fr-FR","@id":"https:\/\/rendez-vous-store.com\/shop\/special-offer-men-rendez-vous-store\/men-shoes-special-offer-rendez-vous-store\/lady-white-x-phigvel-aviator-zip-boots-black-rendez-vous-store\/#primaryimage","url":"https:\/\/rendez-vous-store.com\/app\/uploads\/2024\/10\/Lady-White-x-Phigvel-Aviator-Zip-Boots-Black.webp","contentUrl":"https:\/\/rendez-vous-store.com\/app\/uploads\/2024\/10\/Lady-White-x-Phigvel-Aviator-Zip-Boots-Black.webp","width":1696,"height":2560},{"@type":"BreadcrumbList","@id":"https:\/\/rendez-vous-store.com\/shop\/special-offer-men-rendez-vous-store\/men-shoes-special-offer-rendez-vous-store\/lady-white-x-phigvel-aviator-zip-boots-black-rendez-vous-store\/#breadcrumb","itemListElement":[{"@type":"ListItem","position":1,"name":"Home","item":"https:\/\/rendez-vous-store.com\/"},{"@type":"ListItem","position":2,"name":"Shop","item":"https:\/\/www.rendez-vous-store.com\/shop\/"},{"@type":"ListItem","position":3,"name":"Lady White x Phigvel &#8211; Aviator Zip Boots &#8211; Black"}]},{"@type":"WebSite","@id":"https:\/\/rendez-vous-store.com\/#website","url":"https:\/\/rendez-vous-store.com\/","name":"RENDEZ-VOUS STORE","description":"Slow Fashion for Women and Men","potentialAction":[{"@type":"SearchAction","target":{"@type":"EntryPoint","urlTemplate":"https:\/\/rendez-vous-store.com\/?s={search_term_string}"},"query-input":{"@type":"PropertyValueSpecification","valueRequired":true,"valueName":"search_term_string"}}],"inLanguage":"fr-FR"}]}},"_links":{"self":[{"href":"https:\/\/rendez-vous-store.com\/fr\/wp-json\/wp\/v2\/product\/178406","targetHints":{"allow":["GET"]}}],"collection":[{"href":"https:\/\/rendez-vous-store.com\/fr\/wp-json\/wp\/v2\/product"}],"about":[{"href":"https:\/\/rendez-vous-store.com\/fr\/wp-json\/wp\/v2\/types\/product"}],"wp:featuredmedia":[{"embeddable":true,"href":"https:\/\/rendez-vous-store.com\/fr\/wp-json\/wp\/v2\/media\/178581"}],"wp:attachment":[{"href":"https:\/\/rendez-vous-store.com\/fr\/wp-json\/wp\/v2\/media?parent=178406"}],"wp:term":[{"taxonomy":"product_brand","embeddable":true,"href":"https:\/\/rendez-vous-store.com\/fr\/wp-json\/wp\/v2\/product_brand?post=178406"},{"taxonomy":"product_cat","embeddable":true,"href":"https:\/\/rendez-vous-store.com\/fr\/wp-json\/wp\/v2\/product_cat?post=178406"},{"taxonomy":"product_tag","embeddable":true,"href":"https:\/\/rendez-vous-store.com\/fr\/wp-json\/wp\/v2\/product_tag?post=178406"}],"curies":[{"name":"wp","href":"https:\/\/api.w.org\/{rel}","templated":true}]}}