{"id":178069,"date":"2024-09-30T16:03:48","date_gmt":"2024-09-30T14:03:48","guid":{"rendered":"https:\/\/rendez-vous-store.com\/?post_type=product&#038;p=178069"},"modified":"2026-03-16T18:15:18","modified_gmt":"2026-03-16T17:15:18","slug":"engineered-garments-dbl-peak-jacket-24f1d074-black","status":"publish","type":"product","link":"https:\/\/rendez-vous-store.com\/fr\/shop\/men-selection-discover-our-selection-rendez-vous-store\/jackets-coats-discover-our-selection\/engineered-garments-dbl-peak-jacket-24f1d074-black\/","title":{"rendered":"Engineered Garments - DBL Peak Jacket 24F1D074 - Noir"},"content":{"rendered":"<p><strong>Engineered Garments - DBL Peak Jacket 24F1D074 - Noir<\/strong><\/p>\n<p>Couleur : Noir<\/p>\n<p>Quatre boutons<\/p>\n<p>Manches longues<\/p>\n<p>Double boutonnage sur le devant<\/p>\n<p>Deux poches \u00e0 rabat<\/p>\n<p>A\u00e9rations lat\u00e9rales<\/p>\n<p>Poches \u00e0 rabat<\/p>\n<p>Composition : 37% polyester, 36% acrylique, 21% laine, 4% soie, 2% polyur\u00e9thane<\/p>\n<p>Fabriqu\u00e9 aux \u00c9tats-Unis<\/p>\n<p>&nbsp;<\/p>\n<p><strong>La marque<\/strong><\/p>\n<p>Engineered Garments a \u00e9t\u00e9 cr\u00e9\u00e9 en 1999 par le designer japonais expatri\u00e9 Daiki Suzuki \u00e0 New York.<\/p>\n<p>La marque r\u00e9interpr\u00e8te les coupes traditionnelles pour le travail et la vie quotidienne, en cr\u00e9ant des v\u00eatements soigneusement confectionn\u00e9s et exceptionnellement bien finis.<\/p>\n<p>Les cr\u00e9ateurs et les artisans fabriquent tous les v\u00eatements dans le Garment District de New York.<\/p>","protected":false},"excerpt":{"rendered":"<p>Engineered Garments &#8211; DBL Peak Jacket 24F1D074 &#8211; Black Color: Black Four button Long sleeves Double-breasted front Two flapped pockets Side vents Flap pockets Composition: 37% polyester, 36% acrylic, 21% wool, 4% silk, 2% polyurethane Made in US &nbsp; The brand Engineered Garments began in 1999, founded by Japanese expat designer Daiki Suzuki in New&hellip; <a class=\"more-link\" href=\"https:\/\/rendez-vous-store.com\/fr\/shop\/men-selection-discover-our-selection-rendez-vous-store\/jackets-coats-discover-our-selection\/engineered-garments-dbl-peak-jacket-24f1d074-black\/\">Continue reading <span class=\"screen-reader-text\">Engineered Garments - DBL Peak Jacket 24F1D074 - Noir<\/span><\/a><\/p>","protected":false},"featured_media":179228,"template":"","meta":{"_acf_changed":false},"product_brand":[],"product_cat":[20,53],"product_tag":[606],"class_list":{"0":"post-178069","1":"product","2":"type-product","3":"status-publish","4":"has-post-thumbnail","6":"product_cat-men-selection-discover-our-selection-rendez-vous-store","7":"product_cat-jackets-coats-discover-our-selection","8":"product_tag-engineered-garments","9":"entry","11":"first","12":"outofstock","13":"taxable","14":"shipping-taxable","15":"product-type-variable"},"acf":[],"yoast_head":"<!-- This site is optimized with the Yoast SEO plugin v24.9 - https:\/\/yoast.com\/wordpress\/plugins\/seo\/ -->\n<title>Engineered Garments DBL Peak Jacket 24F1D074 Black<\/title>\n<meta name=\"description\" content=\"Engineered Garments is on Rendez-vous Store. This Engineered Garments DBL Peak Jacket 24F1DO74 Black revisits traditional cuts in work and everyday life.\" \/>\n<meta name=\"robots\" content=\"index, follow, max-snippet:-1, max-image-preview:large, max-video-preview:-1\" \/>\n<link rel=\"canonical\" href=\"https:\/\/rendez-vous-store.com\/fr\/shop\/men-selection-discover-our-selection-rendez-vous-store\/jackets-coats-discover-our-selection\/engineered-garments-dbl-peak-jacket-24f1d074-black\/\" \/>\n<meta property=\"og:locale\" content=\"fr_FR\" \/>\n<meta property=\"og:type\" content=\"article\" \/>\n<meta property=\"og:title\" content=\"Engineered Garments DBL Peak Jacket 24F1D074 Black\" \/>\n<meta property=\"og:description\" content=\"Engineered Garments is on Rendez-vous Store. This Engineered Garments DBL Peak Jacket 24F1DO74 Black revisits traditional cuts in work and everyday life.\" \/>\n<meta property=\"og:url\" content=\"https:\/\/rendez-vous-store.com\/fr\/shop\/men-selection-discover-our-selection-rendez-vous-store\/jackets-coats-discover-our-selection\/engineered-garments-dbl-peak-jacket-24f1d074-black\/\" \/>\n<meta property=\"og:site_name\" content=\"RENDEZ-VOUS STORE\" \/>\n<meta property=\"article:modified_time\" content=\"2026-03-16T17:15:18+00:00\" \/>\n<meta property=\"og:image\" content=\"https:\/\/rendez-vous-store.com\/wp-content\/uploads\/2024\/09\/Engineered-Garments-DBL-Peak-Jacket-24F1D074-Black.webp\" \/>\n\t<meta property=\"og:image:width\" content=\"1696\" \/>\n\t<meta property=\"og:image:height\" content=\"2560\" \/>\n\t<meta property=\"og:image:type\" content=\"image\/webp\" \/>\n<meta name=\"twitter:card\" content=\"summary_large_image\" \/>\n<meta name=\"twitter:label1\" content=\"Est. reading time\" \/>\n\t<meta name=\"twitter:data1\" content=\"1 minute\" \/>\n<script type=\"application\/ld+json\" class=\"yoast-schema-graph\">{\"@context\":\"https:\/\/schema.org\",\"@graph\":[{\"@type\":\"WebPage\",\"@id\":\"https:\/\/rendez-vous-store.com\/shop\/men-selection-discover-our-selection-rendez-vous-store\/jackets-coats-discover-our-selection\/engineered-garments-dbl-peak-jacket-24f1d074-black\/\",\"url\":\"https:\/\/rendez-vous-store.com\/shop\/men-selection-discover-our-selection-rendez-vous-store\/jackets-coats-discover-our-selection\/engineered-garments-dbl-peak-jacket-24f1d074-black\/\",\"name\":\"Engineered Garments DBL Peak Jacket 24F1D074 Black\",\"isPartOf\":{\"@id\":\"https:\/\/rendez-vous-store.com\/#website\"},\"primaryImageOfPage\":{\"@id\":\"https:\/\/rendez-vous-store.com\/shop\/men-selection-discover-our-selection-rendez-vous-store\/jackets-coats-discover-our-selection\/engineered-garments-dbl-peak-jacket-24f1d074-black\/#primaryimage\"},\"image\":{\"@id\":\"https:\/\/rendez-vous-store.com\/shop\/men-selection-discover-our-selection-rendez-vous-store\/jackets-coats-discover-our-selection\/engineered-garments-dbl-peak-jacket-24f1d074-black\/#primaryimage\"},\"thumbnailUrl\":\"https:\/\/rendez-vous-store.com\/app\/uploads\/2024\/09\/Engineered-Garments-DBL-Peak-Jacket-24F1D074-Black.webp\",\"datePublished\":\"2024-09-30T14:03:48+00:00\",\"dateModified\":\"2026-03-16T17:15:18+00:00\",\"description\":\"Engineered Garments is on Rendez-vous Store. This Engineered Garments DBL Peak Jacket 24F1DO74 Black revisits traditional cuts in work and everyday life.\",\"breadcrumb\":{\"@id\":\"https:\/\/rendez-vous-store.com\/shop\/men-selection-discover-our-selection-rendez-vous-store\/jackets-coats-discover-our-selection\/engineered-garments-dbl-peak-jacket-24f1d074-black\/#breadcrumb\"},\"inLanguage\":\"fr-FR\",\"potentialAction\":[{\"@type\":\"ReadAction\",\"target\":[\"https:\/\/rendez-vous-store.com\/shop\/men-selection-discover-our-selection-rendez-vous-store\/jackets-coats-discover-our-selection\/engineered-garments-dbl-peak-jacket-24f1d074-black\/\"]}]},{\"@type\":\"ImageObject\",\"inLanguage\":\"fr-FR\",\"@id\":\"https:\/\/rendez-vous-store.com\/shop\/men-selection-discover-our-selection-rendez-vous-store\/jackets-coats-discover-our-selection\/engineered-garments-dbl-peak-jacket-24f1d074-black\/#primaryimage\",\"url\":\"https:\/\/rendez-vous-store.com\/app\/uploads\/2024\/09\/Engineered-Garments-DBL-Peak-Jacket-24F1D074-Black.webp\",\"contentUrl\":\"https:\/\/rendez-vous-store.com\/app\/uploads\/2024\/09\/Engineered-Garments-DBL-Peak-Jacket-24F1D074-Black.webp\",\"width\":1696,\"height\":2560},{\"@type\":\"BreadcrumbList\",\"@id\":\"https:\/\/rendez-vous-store.com\/shop\/men-selection-discover-our-selection-rendez-vous-store\/jackets-coats-discover-our-selection\/engineered-garments-dbl-peak-jacket-24f1d074-black\/#breadcrumb\",\"itemListElement\":[{\"@type\":\"ListItem\",\"position\":1,\"name\":\"Home\",\"item\":\"https:\/\/rendez-vous-store.com\/\"},{\"@type\":\"ListItem\",\"position\":2,\"name\":\"Shop\",\"item\":\"https:\/\/www.rendez-vous-store.com\/shop\/\"},{\"@type\":\"ListItem\",\"position\":3,\"name\":\"Engineered Garments &#8211; DBL Peak Jacket 24F1D074 &#8211; Black\"}]},{\"@type\":\"WebSite\",\"@id\":\"https:\/\/rendez-vous-store.com\/#website\",\"url\":\"https:\/\/rendez-vous-store.com\/\",\"name\":\"RENDEZ-VOUS STORE\",\"description\":\"Slow Fashion for Women and Men\",\"potentialAction\":[{\"@type\":\"SearchAction\",\"target\":{\"@type\":\"EntryPoint\",\"urlTemplate\":\"https:\/\/rendez-vous-store.com\/?s={search_term_string}\"},\"query-input\":{\"@type\":\"PropertyValueSpecification\",\"valueRequired\":true,\"valueName\":\"search_term_string\"}}],\"inLanguage\":\"fr-FR\"}]}<\/script>\n<!-- \/ Yoast SEO plugin. -->","yoast_head_json":{"title":"Engineered Garments DBL Peak Jacket 24F1D074 Black","description":"Engineered Garments is on Rendez-vous Store. This Engineered Garments DBL Peak Jacket 24F1DO74 Black revisits traditional cuts in work and everyday life.","robots":{"index":"index","follow":"follow","max-snippet":"max-snippet:-1","max-image-preview":"max-image-preview:large","max-video-preview":"max-video-preview:-1"},"canonical":"https:\/\/rendez-vous-store.com\/fr\/shop\/men-selection-discover-our-selection-rendez-vous-store\/jackets-coats-discover-our-selection\/engineered-garments-dbl-peak-jacket-24f1d074-black\/","og_locale":"fr_FR","og_type":"article","og_title":"Engineered Garments DBL Peak Jacket 24F1D074 Black","og_description":"Engineered Garments is on Rendez-vous Store. This Engineered Garments DBL Peak Jacket 24F1DO74 Black revisits traditional cuts in work and everyday life.","og_url":"https:\/\/rendez-vous-store.com\/fr\/shop\/men-selection-discover-our-selection-rendez-vous-store\/jackets-coats-discover-our-selection\/engineered-garments-dbl-peak-jacket-24f1d074-black\/","og_site_name":"RENDEZ-VOUS STORE","article_modified_time":"2026-03-16T17:15:18+00:00","og_image":[{"width":1696,"height":2560,"url":"https:\/\/rendez-vous-store.com\/wp-content\/uploads\/2024\/09\/Engineered-Garments-DBL-Peak-Jacket-24F1D074-Black.webp","type":"image\/webp"}],"twitter_card":"summary_large_image","twitter_misc":{"Est. reading time":"1 minute"},"schema":{"@context":"https:\/\/schema.org","@graph":[{"@type":"WebPage","@id":"https:\/\/rendez-vous-store.com\/shop\/men-selection-discover-our-selection-rendez-vous-store\/jackets-coats-discover-our-selection\/engineered-garments-dbl-peak-jacket-24f1d074-black\/","url":"https:\/\/rendez-vous-store.com\/shop\/men-selection-discover-our-selection-rendez-vous-store\/jackets-coats-discover-our-selection\/engineered-garments-dbl-peak-jacket-24f1d074-black\/","name":"Engineered Garments DBL Peak Jacket 24F1D074 Black","isPartOf":{"@id":"https:\/\/rendez-vous-store.com\/#website"},"primaryImageOfPage":{"@id":"https:\/\/rendez-vous-store.com\/shop\/men-selection-discover-our-selection-rendez-vous-store\/jackets-coats-discover-our-selection\/engineered-garments-dbl-peak-jacket-24f1d074-black\/#primaryimage"},"image":{"@id":"https:\/\/rendez-vous-store.com\/shop\/men-selection-discover-our-selection-rendez-vous-store\/jackets-coats-discover-our-selection\/engineered-garments-dbl-peak-jacket-24f1d074-black\/#primaryimage"},"thumbnailUrl":"https:\/\/rendez-vous-store.com\/app\/uploads\/2024\/09\/Engineered-Garments-DBL-Peak-Jacket-24F1D074-Black.webp","datePublished":"2024-09-30T14:03:48+00:00","dateModified":"2026-03-16T17:15:18+00:00","description":"Engineered Garments is on Rendez-vous Store. This Engineered Garments DBL Peak Jacket 24F1DO74 Black revisits traditional cuts in work and everyday life.","breadcrumb":{"@id":"https:\/\/rendez-vous-store.com\/shop\/men-selection-discover-our-selection-rendez-vous-store\/jackets-coats-discover-our-selection\/engineered-garments-dbl-peak-jacket-24f1d074-black\/#breadcrumb"},"inLanguage":"fr-FR","potentialAction":[{"@type":"ReadAction","target":["https:\/\/rendez-vous-store.com\/shop\/men-selection-discover-our-selection-rendez-vous-store\/jackets-coats-discover-our-selection\/engineered-garments-dbl-peak-jacket-24f1d074-black\/"]}]},{"@type":"ImageObject","inLanguage":"fr-FR","@id":"https:\/\/rendez-vous-store.com\/shop\/men-selection-discover-our-selection-rendez-vous-store\/jackets-coats-discover-our-selection\/engineered-garments-dbl-peak-jacket-24f1d074-black\/#primaryimage","url":"https:\/\/rendez-vous-store.com\/app\/uploads\/2024\/09\/Engineered-Garments-DBL-Peak-Jacket-24F1D074-Black.webp","contentUrl":"https:\/\/rendez-vous-store.com\/app\/uploads\/2024\/09\/Engineered-Garments-DBL-Peak-Jacket-24F1D074-Black.webp","width":1696,"height":2560},{"@type":"BreadcrumbList","@id":"https:\/\/rendez-vous-store.com\/shop\/men-selection-discover-our-selection-rendez-vous-store\/jackets-coats-discover-our-selection\/engineered-garments-dbl-peak-jacket-24f1d074-black\/#breadcrumb","itemListElement":[{"@type":"ListItem","position":1,"name":"Home","item":"https:\/\/rendez-vous-store.com\/"},{"@type":"ListItem","position":2,"name":"Shop","item":"https:\/\/www.rendez-vous-store.com\/shop\/"},{"@type":"ListItem","position":3,"name":"Engineered Garments &#8211; DBL Peak Jacket 24F1D074 &#8211; Black"}]},{"@type":"WebSite","@id":"https:\/\/rendez-vous-store.com\/#website","url":"https:\/\/rendez-vous-store.com\/","name":"RENDEZ-VOUS STORE","description":"Slow Fashion for Women and Men","potentialAction":[{"@type":"SearchAction","target":{"@type":"EntryPoint","urlTemplate":"https:\/\/rendez-vous-store.com\/?s={search_term_string}"},"query-input":{"@type":"PropertyValueSpecification","valueRequired":true,"valueName":"search_term_string"}}],"inLanguage":"fr-FR"}]}},"_links":{"self":[{"href":"https:\/\/rendez-vous-store.com\/fr\/wp-json\/wp\/v2\/product\/178069","targetHints":{"allow":["GET"]}}],"collection":[{"href":"https:\/\/rendez-vous-store.com\/fr\/wp-json\/wp\/v2\/product"}],"about":[{"href":"https:\/\/rendez-vous-store.com\/fr\/wp-json\/wp\/v2\/types\/product"}],"wp:featuredmedia":[{"embeddable":true,"href":"https:\/\/rendez-vous-store.com\/fr\/wp-json\/wp\/v2\/media\/179228"}],"wp:attachment":[{"href":"https:\/\/rendez-vous-store.com\/fr\/wp-json\/wp\/v2\/media?parent=178069"}],"wp:term":[{"taxonomy":"product_brand","embeddable":true,"href":"https:\/\/rendez-vous-store.com\/fr\/wp-json\/wp\/v2\/product_brand?post=178069"},{"taxonomy":"product_cat","embeddable":true,"href":"https:\/\/rendez-vous-store.com\/fr\/wp-json\/wp\/v2\/product_cat?post=178069"},{"taxonomy":"product_tag","embeddable":true,"href":"https:\/\/rendez-vous-store.com\/fr\/wp-json\/wp\/v2\/product_tag?post=178069"}],"curies":[{"name":"wp","href":"https:\/\/api.w.org\/{rel}","templated":true}]}}