{"id":177826,"date":"2024-09-26T16:42:47","date_gmt":"2024-09-26T14:42:47","guid":{"rendered":"https:\/\/rendez-vous-store.com\/?post_type=product&#038;p=177826"},"modified":"2026-03-16T14:52:48","modified_gmt":"2026-03-16T13:52:48","slug":"babaco-ribbed-tights-ba02-bsm8-black-rendez-vous-store","status":"publish","type":"product","link":"https:\/\/rendez-vous-store.com\/fr\/shop\/women\/women-accessories-rendez-vous-store\/babaco-ribbed-tights-ba02-bsm8-black-rendez-vous-store\/","title":{"rendered":"BABACO &#8211; Ribbed Tights BA02-BSM8 &#8211; Black"},"content":{"rendered":"<p><strong>BABACO Ribbed Tights BA02-BSM8 Black<\/strong><\/p>\n<p>Couleur : Noir<\/p>\n<p>Texture chaude<\/p>\n<p>Composition : 71% Laine - 27% Nylon - 2% Polyur\u00e9thane<\/p>\n<p>Fabriqu\u00e9 au Japon<\/p>\n<p>Code de style : BA02-BSM8<\/p>\n<p>&nbsp;<\/p>\n<p><strong>La marque :\u00a0<\/strong><\/p>\n<p>This Babaco Basic Ribbed Socks BA02-BSM8 Black adapts to your daily life.<\/p>\n<p>Babaco se sp\u00e9cialise dans la fabrication de tricots et de chaussettes de qualit\u00e9 sup\u00e9rieure, en faisant appel au savoir-faire m\u00e9ticuleux du Japon. Avec la cr\u00e9atrice chevronn\u00e9e Yoko Shiraishi \u00e0 la barre, Babaco produit des tricots magistraux qui m\u00e9langent harmonieusement l'art, la texture et la couleur.<\/p>\n<p>Inspir\u00e9e par la richesse de la nature, la marque tire son nom de la plante Babaco, originaire de la r\u00e9gion des Andes. Ce lien botanique refl\u00e8te l'engagement de Babaco en faveur de la beaut\u00e9 naturelle et de la durabilit\u00e9, qui se refl\u00e8te dans chaque point de ses cr\u00e9ations.<\/p>\n<p>Chaque pi\u00e8ce de Babaco t\u00e9moigne de son attachement \u00e0 la qualit\u00e9 et \u00e0 l'art, alliant la pr\u00e9cision japonaise \u00e0 l'attrait de l'h\u00e9ritage andin. Gr\u00e2ce \u00e0 ses cr\u00e9ations exquises, Babaco invite ses clients \u00e0 d\u00e9couvrir l'harmonie entre l'artisanat et la nature, un tricot \u00e0 la fois.<\/p>","protected":false},"excerpt":{"rendered":"<p>BABACO Ribbed Tights BA02-BSM8 Black Color : Black Warm texture Composition : 71% Wool &#8211; 27% Nylon &#8211; 2% Polyurethane Made in Japan Style code : BA02-BSM8 &nbsp; The Brand :\u00a0 This Babaco Basic Ribbed Socks BA02-BSM8 Black adapts to your daily life. Babaco speliacizes in crafting, premium knitwear and socks, employing the meticulous craftsmanship&hellip; <a class=\"more-link\" href=\"https:\/\/rendez-vous-store.com\/fr\/shop\/women\/women-accessories-rendez-vous-store\/babaco-ribbed-tights-ba02-bsm8-black-rendez-vous-store\/\">Continue reading <span class=\"screen-reader-text\">BABACO &#8211; Ribbed Tights BA02-BSM8 &#8211; Black<\/span><\/a><\/p>","protected":false},"featured_media":178105,"template":"","meta":{"_acf_changed":false},"product_brand":[],"product_cat":[17,387],"product_tag":[1025],"class_list":{"0":"post-177826","1":"product","2":"type-product","3":"status-publish","4":"has-post-thumbnail","6":"product_cat-women","7":"product_cat-women-accessories-rendez-vous-store","8":"product_tag-babaco-designers-rendez-vous-store","9":"entry","11":"first","12":"outofstock","13":"taxable","14":"shipping-taxable","15":"product-type-variable"},"acf":[],"yoast_head":"<!-- This site is optimized with the Yoast SEO plugin v24.9 - https:\/\/yoast.com\/wordpress\/plugins\/seo\/ -->\n<title>BABACO Ribbed Tights BA02-BSM8 Black<\/title>\n<meta name=\"description\" content=\"Babaco is on Rendez-vous Store. This Babaco Ribbed Tights Black is very comfortable and adapts to your daily life.\" \/>\n<meta name=\"robots\" content=\"index, follow, max-snippet:-1, max-image-preview:large, max-video-preview:-1\" \/>\n<link rel=\"canonical\" href=\"https:\/\/rendez-vous-store.com\/fr\/shop\/women\/women-accessories-rendez-vous-store\/babaco-ribbed-tights-ba02-bsm8-black-rendez-vous-store\/\" \/>\n<meta property=\"og:locale\" content=\"fr_FR\" \/>\n<meta property=\"og:type\" content=\"article\" \/>\n<meta property=\"og:title\" content=\"BABACO Ribbed Tights BA02-BSM8 Black\" \/>\n<meta property=\"og:description\" content=\"Babaco is on Rendez-vous Store. This Babaco Ribbed Tights Black is very comfortable and adapts to your daily life.\" \/>\n<meta property=\"og:url\" content=\"https:\/\/rendez-vous-store.com\/fr\/shop\/women\/women-accessories-rendez-vous-store\/babaco-ribbed-tights-ba02-bsm8-black-rendez-vous-store\/\" \/>\n<meta property=\"og:site_name\" content=\"RENDEZ-VOUS STORE\" \/>\n<meta property=\"article:modified_time\" content=\"2026-03-16T13:52:48+00:00\" \/>\n<meta property=\"og:image\" content=\"https:\/\/rendez-vous-store.com\/app\/uploads\/2024\/09\/rdv_babaco_51-scaled.webp\" \/>\n\t<meta property=\"og:image:width\" content=\"1696\" \/>\n\t<meta property=\"og:image:height\" content=\"2560\" \/>\n\t<meta property=\"og:image:type\" content=\"image\/webp\" \/>\n<meta name=\"twitter:card\" content=\"summary_large_image\" \/>\n<meta name=\"twitter:label1\" content=\"Est. reading time\" \/>\n\t<meta name=\"twitter:data1\" content=\"1 minute\" \/>\n<script type=\"application\/ld+json\" class=\"yoast-schema-graph\">{\"@context\":\"https:\/\/schema.org\",\"@graph\":[{\"@type\":\"WebPage\",\"@id\":\"https:\/\/rendez-vous-store.com\/shop\/women\/women-accessories-rendez-vous-store\/babaco-ribbed-tights-ba02-bsm8-black-rendez-vous-store\/\",\"url\":\"https:\/\/rendez-vous-store.com\/shop\/women\/women-accessories-rendez-vous-store\/babaco-ribbed-tights-ba02-bsm8-black-rendez-vous-store\/\",\"name\":\"BABACO Ribbed Tights BA02-BSM8 Black\",\"isPartOf\":{\"@id\":\"https:\/\/rendez-vous-store.com\/#website\"},\"primaryImageOfPage\":{\"@id\":\"https:\/\/rendez-vous-store.com\/shop\/women\/women-accessories-rendez-vous-store\/babaco-ribbed-tights-ba02-bsm8-black-rendez-vous-store\/#primaryimage\"},\"image\":{\"@id\":\"https:\/\/rendez-vous-store.com\/shop\/women\/women-accessories-rendez-vous-store\/babaco-ribbed-tights-ba02-bsm8-black-rendez-vous-store\/#primaryimage\"},\"thumbnailUrl\":\"https:\/\/rendez-vous-store.com\/app\/uploads\/2024\/09\/rdv_babaco_51-scaled.webp\",\"datePublished\":\"2024-09-26T14:42:47+00:00\",\"dateModified\":\"2026-03-16T13:52:48+00:00\",\"description\":\"Babaco is on Rendez-vous Store. This Babaco Ribbed Tights Black is very comfortable and adapts to your daily life.\",\"breadcrumb\":{\"@id\":\"https:\/\/rendez-vous-store.com\/shop\/women\/women-accessories-rendez-vous-store\/babaco-ribbed-tights-ba02-bsm8-black-rendez-vous-store\/#breadcrumb\"},\"inLanguage\":\"fr-FR\",\"potentialAction\":[{\"@type\":\"ReadAction\",\"target\":[\"https:\/\/rendez-vous-store.com\/shop\/women\/women-accessories-rendez-vous-store\/babaco-ribbed-tights-ba02-bsm8-black-rendez-vous-store\/\"]}]},{\"@type\":\"ImageObject\",\"inLanguage\":\"fr-FR\",\"@id\":\"https:\/\/rendez-vous-store.com\/shop\/women\/women-accessories-rendez-vous-store\/babaco-ribbed-tights-ba02-bsm8-black-rendez-vous-store\/#primaryimage\",\"url\":\"https:\/\/rendez-vous-store.com\/app\/uploads\/2024\/09\/rdv_babaco_51-scaled.webp\",\"contentUrl\":\"https:\/\/rendez-vous-store.com\/app\/uploads\/2024\/09\/rdv_babaco_51-scaled.webp\",\"width\":1696,\"height\":2560},{\"@type\":\"BreadcrumbList\",\"@id\":\"https:\/\/rendez-vous-store.com\/shop\/women\/women-accessories-rendez-vous-store\/babaco-ribbed-tights-ba02-bsm8-black-rendez-vous-store\/#breadcrumb\",\"itemListElement\":[{\"@type\":\"ListItem\",\"position\":1,\"name\":\"Home\",\"item\":\"https:\/\/rendez-vous-store.com\/\"},{\"@type\":\"ListItem\",\"position\":2,\"name\":\"Shop\",\"item\":\"https:\/\/www.rendez-vous-store.com\/shop\/\"},{\"@type\":\"ListItem\",\"position\":3,\"name\":\"BABACO &#8211; Ribbed Tights BA02-BSM8 &#8211; Black\"}]},{\"@type\":\"WebSite\",\"@id\":\"https:\/\/rendez-vous-store.com\/#website\",\"url\":\"https:\/\/rendez-vous-store.com\/\",\"name\":\"RENDEZ-VOUS STORE\",\"description\":\"Slow Fashion for Women and Men\",\"potentialAction\":[{\"@type\":\"SearchAction\",\"target\":{\"@type\":\"EntryPoint\",\"urlTemplate\":\"https:\/\/rendez-vous-store.com\/?s={search_term_string}\"},\"query-input\":{\"@type\":\"PropertyValueSpecification\",\"valueRequired\":true,\"valueName\":\"search_term_string\"}}],\"inLanguage\":\"fr-FR\"}]}<\/script>\n<!-- \/ Yoast SEO plugin. -->","yoast_head_json":{"title":"BABACO Ribbed Tights BA02-BSM8 Black","description":"Babaco is on Rendez-vous Store. This Babaco Ribbed Tights Black is very comfortable and adapts to your daily life.","robots":{"index":"index","follow":"follow","max-snippet":"max-snippet:-1","max-image-preview":"max-image-preview:large","max-video-preview":"max-video-preview:-1"},"canonical":"https:\/\/rendez-vous-store.com\/fr\/shop\/women\/women-accessories-rendez-vous-store\/babaco-ribbed-tights-ba02-bsm8-black-rendez-vous-store\/","og_locale":"fr_FR","og_type":"article","og_title":"BABACO Ribbed Tights BA02-BSM8 Black","og_description":"Babaco is on Rendez-vous Store. This Babaco Ribbed Tights Black is very comfortable and adapts to your daily life.","og_url":"https:\/\/rendez-vous-store.com\/fr\/shop\/women\/women-accessories-rendez-vous-store\/babaco-ribbed-tights-ba02-bsm8-black-rendez-vous-store\/","og_site_name":"RENDEZ-VOUS STORE","article_modified_time":"2026-03-16T13:52:48+00:00","og_image":[{"width":1696,"height":2560,"url":"https:\/\/rendez-vous-store.com\/app\/uploads\/2024\/09\/rdv_babaco_51-scaled.webp","type":"image\/webp"}],"twitter_card":"summary_large_image","twitter_misc":{"Est. reading time":"1 minute"},"schema":{"@context":"https:\/\/schema.org","@graph":[{"@type":"WebPage","@id":"https:\/\/rendez-vous-store.com\/shop\/women\/women-accessories-rendez-vous-store\/babaco-ribbed-tights-ba02-bsm8-black-rendez-vous-store\/","url":"https:\/\/rendez-vous-store.com\/shop\/women\/women-accessories-rendez-vous-store\/babaco-ribbed-tights-ba02-bsm8-black-rendez-vous-store\/","name":"BABACO Ribbed Tights BA02-BSM8 Black","isPartOf":{"@id":"https:\/\/rendez-vous-store.com\/#website"},"primaryImageOfPage":{"@id":"https:\/\/rendez-vous-store.com\/shop\/women\/women-accessories-rendez-vous-store\/babaco-ribbed-tights-ba02-bsm8-black-rendez-vous-store\/#primaryimage"},"image":{"@id":"https:\/\/rendez-vous-store.com\/shop\/women\/women-accessories-rendez-vous-store\/babaco-ribbed-tights-ba02-bsm8-black-rendez-vous-store\/#primaryimage"},"thumbnailUrl":"https:\/\/rendez-vous-store.com\/app\/uploads\/2024\/09\/rdv_babaco_51-scaled.webp","datePublished":"2024-09-26T14:42:47+00:00","dateModified":"2026-03-16T13:52:48+00:00","description":"Babaco is on Rendez-vous Store. This Babaco Ribbed Tights Black is very comfortable and adapts to your daily life.","breadcrumb":{"@id":"https:\/\/rendez-vous-store.com\/shop\/women\/women-accessories-rendez-vous-store\/babaco-ribbed-tights-ba02-bsm8-black-rendez-vous-store\/#breadcrumb"},"inLanguage":"fr-FR","potentialAction":[{"@type":"ReadAction","target":["https:\/\/rendez-vous-store.com\/shop\/women\/women-accessories-rendez-vous-store\/babaco-ribbed-tights-ba02-bsm8-black-rendez-vous-store\/"]}]},{"@type":"ImageObject","inLanguage":"fr-FR","@id":"https:\/\/rendez-vous-store.com\/shop\/women\/women-accessories-rendez-vous-store\/babaco-ribbed-tights-ba02-bsm8-black-rendez-vous-store\/#primaryimage","url":"https:\/\/rendez-vous-store.com\/app\/uploads\/2024\/09\/rdv_babaco_51-scaled.webp","contentUrl":"https:\/\/rendez-vous-store.com\/app\/uploads\/2024\/09\/rdv_babaco_51-scaled.webp","width":1696,"height":2560},{"@type":"BreadcrumbList","@id":"https:\/\/rendez-vous-store.com\/shop\/women\/women-accessories-rendez-vous-store\/babaco-ribbed-tights-ba02-bsm8-black-rendez-vous-store\/#breadcrumb","itemListElement":[{"@type":"ListItem","position":1,"name":"Home","item":"https:\/\/rendez-vous-store.com\/"},{"@type":"ListItem","position":2,"name":"Shop","item":"https:\/\/www.rendez-vous-store.com\/shop\/"},{"@type":"ListItem","position":3,"name":"BABACO &#8211; Ribbed Tights BA02-BSM8 &#8211; Black"}]},{"@type":"WebSite","@id":"https:\/\/rendez-vous-store.com\/#website","url":"https:\/\/rendez-vous-store.com\/","name":"RENDEZ-VOUS STORE","description":"Slow Fashion for Women and Men","potentialAction":[{"@type":"SearchAction","target":{"@type":"EntryPoint","urlTemplate":"https:\/\/rendez-vous-store.com\/?s={search_term_string}"},"query-input":{"@type":"PropertyValueSpecification","valueRequired":true,"valueName":"search_term_string"}}],"inLanguage":"fr-FR"}]}},"_links":{"self":[{"href":"https:\/\/rendez-vous-store.com\/fr\/wp-json\/wp\/v2\/product\/177826","targetHints":{"allow":["GET"]}}],"collection":[{"href":"https:\/\/rendez-vous-store.com\/fr\/wp-json\/wp\/v2\/product"}],"about":[{"href":"https:\/\/rendez-vous-store.com\/fr\/wp-json\/wp\/v2\/types\/product"}],"wp:featuredmedia":[{"embeddable":true,"href":"https:\/\/rendez-vous-store.com\/fr\/wp-json\/wp\/v2\/media\/178105"}],"wp:attachment":[{"href":"https:\/\/rendez-vous-store.com\/fr\/wp-json\/wp\/v2\/media?parent=177826"}],"wp:term":[{"taxonomy":"product_brand","embeddable":true,"href":"https:\/\/rendez-vous-store.com\/fr\/wp-json\/wp\/v2\/product_brand?post=177826"},{"taxonomy":"product_cat","embeddable":true,"href":"https:\/\/rendez-vous-store.com\/fr\/wp-json\/wp\/v2\/product_cat?post=177826"},{"taxonomy":"product_tag","embeddable":true,"href":"https:\/\/rendez-vous-store.com\/fr\/wp-json\/wp\/v2\/product_tag?post=177826"}],"curies":[{"name":"wp","href":"https:\/\/api.w.org\/{rel}","templated":true}]}}