{"id":177779,"date":"2024-09-26T16:42:12","date_gmt":"2024-09-26T14:42:12","guid":{"rendered":"https:\/\/rendez-vous-store.com\/?post_type=product&#038;p=177779"},"modified":"2026-03-16T18:13:12","modified_gmt":"2026-03-16T17:13:12","slug":"babaco-basic-ribbed-socks-ba02-bn54-charcoal-rendez-vous-store","status":"publish","type":"product","link":"https:\/\/rendez-vous-store.com\/fr\/shop\/special-offer-women-rendez-vous-store\/women-accessories-special-offer\/babaco-basic-ribbed-socks-ba02-bn54-charcoal-rendez-vous-store\/","title":{"rendered":"BABACO \u2013 Chaussettes c\u00f4tel\u00e9es basiques BA02-BN54 \u2013 Charbon"},"content":{"rendered":"<p><strong>Chaussettes c\u00f4tel\u00e9es basiques BABACO BA02-BN54 Charcoal\u00a0<\/strong><\/p>\n<p>Couleur : Fusain<\/p>\n<p>Chaussettes mi-chaussettes<\/p>\n<p>Composition : 70% Coton - 30% Nylon<\/p>\n<p>Fabriqu\u00e9 au Japon<\/p>\n<p>Code de style : BA02-BN54<\/p>\n<p>&nbsp;<\/p>\n<p>&nbsp;<\/p>\n<p><strong>La marque :\u00a0<\/strong><\/p>\n<p>Babaco se sp\u00e9cialise dans la fabrication de tricots et de chaussettes de qualit\u00e9 sup\u00e9rieure, en faisant appel au savoir-faire m\u00e9ticuleux du Japon. Avec la cr\u00e9atrice chevronn\u00e9e Yoko Shiraishi \u00e0 la barre, Babaco produit des tricots magistraux qui m\u00e9langent harmonieusement l'art, la texture et la couleur.<\/p>\n<p>Inspir\u00e9e par la richesse de la nature, la marque tire son nom de la plante Babaco, originaire de la r\u00e9gion des Andes. Ce lien botanique refl\u00e8te l'engagement de Babaco en faveur de la beaut\u00e9 naturelle et de la durabilit\u00e9, qui se refl\u00e8te dans chaque point de ses cr\u00e9ations.<\/p>","protected":false},"excerpt":{"rendered":"<p>BABACO Basic Ribbed Socks BA02-BN54 Charcoal\u00a0 Color : Charcoal Mid-calfs socks Composition: 70% Cotton &#8211; 30% Nylon Made in Japan Style code : BA02-BN54 &nbsp; &nbsp; The Brand :\u00a0 Babaco speliacizes in crafting, premium knitwear and socks, employing the meticulous craftsmanship of Japan. With seasoned designer Yoko Shiraishi at the helm, Babaco produces masterful knits&hellip; <a class=\"more-link\" href=\"https:\/\/rendez-vous-store.com\/fr\/shop\/special-offer-women-rendez-vous-store\/women-accessories-special-offer\/babaco-basic-ribbed-socks-ba02-bn54-charcoal-rendez-vous-store\/\">Continuer la lecture <span class=\"screen-reader-text\">BABACO \u2013 Chaussettes c\u00f4tel\u00e9es basiques BA02-BN54 \u2013 Charbon<\/span><\/a><\/p>","protected":false},"featured_media":178026,"template":"","meta":{"_acf_changed":false},"product_brand":[],"product_cat":[1292,1345,387,1335,17],"product_tag":[1025],"class_list":{"0":"post-177779","1":"product","2":"type-product","3":"status-publish","4":"has-post-thumbnail","6":"product_cat-1292","7":"product_cat-women-accessories-special-offer","8":"product_cat-women-accessories-rendez-vous-store","9":"product_cat-special-offer-women-rendez-vous-store","10":"product_cat-women","11":"product_tag-babaco-designers-rendez-vous-store","12":"entry","14":"first","15":"instock","16":"taxable","17":"shipping-taxable","18":"purchasable","19":"product-type-variable"},"acf":[],"yoast_head":"<!-- This site is optimized with the Yoast SEO plugin v24.9 - https:\/\/yoast.com\/wordpress\/plugins\/seo\/ -->\n<title>BABACO - Basic Ribbed Socks BA02-BN54 - Charcoal<\/title>\n<meta name=\"description\" content=\"Babaco is on Rendez-vous Store. This Babaco Ribbed Basic Socks Charcoal is very comfortable and adapts to your daily life.\" \/>\n<meta name=\"robots\" content=\"index, follow, max-snippet:-1, max-image-preview:large, max-video-preview:-1\" \/>\n<link rel=\"canonical\" href=\"https:\/\/rendez-vous-store.com\/fr\/shop\/special-offer-women-rendez-vous-store\/women-accessories-special-offer\/babaco-basic-ribbed-socks-ba02-bn54-charcoal-rendez-vous-store\/\" \/>\n<meta property=\"og:locale\" content=\"fr_FR\" \/>\n<meta property=\"og:type\" content=\"article\" \/>\n<meta property=\"og:title\" content=\"BABACO - Basic Ribbed Socks BA02-BN54 - Charcoal\" \/>\n<meta property=\"og:description\" content=\"Babaco is on Rendez-vous Store. This Babaco Ribbed Basic Socks Charcoal is very comfortable and adapts to your daily life.\" \/>\n<meta property=\"og:url\" content=\"https:\/\/rendez-vous-store.com\/fr\/shop\/special-offer-women-rendez-vous-store\/women-accessories-special-offer\/babaco-basic-ribbed-socks-ba02-bn54-charcoal-rendez-vous-store\/\" \/>\n<meta property=\"og:site_name\" content=\"RENDEZ-VOUS STORE\" \/>\n<meta property=\"article:modified_time\" content=\"2026-03-16T17:13:12+00:00\" \/>\n<meta property=\"og:image\" content=\"https:\/\/rendez-vous-store.com\/app\/uploads\/2024\/09\/rdv_babaco_53-scaled.webp\" \/>\n\t<meta property=\"og:image:width\" content=\"1696\" \/>\n\t<meta property=\"og:image:height\" content=\"2560\" \/>\n\t<meta property=\"og:image:type\" content=\"image\/webp\" \/>\n<meta name=\"twitter:card\" content=\"summary_large_image\" \/>\n<meta name=\"twitter:label1\" content=\"Est. reading time\" \/>\n\t<meta name=\"twitter:data1\" content=\"1 minute\" \/>\n<script type=\"application\/ld+json\" class=\"yoast-schema-graph\">{\"@context\":\"https:\/\/schema.org\",\"@graph\":[{\"@type\":\"WebPage\",\"@id\":\"https:\/\/rendez-vous-store.com\/shop\/special-offer-women-rendez-vous-store\/women-accessories-special-offer\/babaco-basic-ribbed-socks-ba02-bn54-charcoal-rendez-vous-store\/\",\"url\":\"https:\/\/rendez-vous-store.com\/shop\/special-offer-women-rendez-vous-store\/women-accessories-special-offer\/babaco-basic-ribbed-socks-ba02-bn54-charcoal-rendez-vous-store\/\",\"name\":\"BABACO - Basic Ribbed Socks BA02-BN54 - Charcoal\",\"isPartOf\":{\"@id\":\"https:\/\/rendez-vous-store.com\/#website\"},\"primaryImageOfPage\":{\"@id\":\"https:\/\/rendez-vous-store.com\/shop\/special-offer-women-rendez-vous-store\/women-accessories-special-offer\/babaco-basic-ribbed-socks-ba02-bn54-charcoal-rendez-vous-store\/#primaryimage\"},\"image\":{\"@id\":\"https:\/\/rendez-vous-store.com\/shop\/special-offer-women-rendez-vous-store\/women-accessories-special-offer\/babaco-basic-ribbed-socks-ba02-bn54-charcoal-rendez-vous-store\/#primaryimage\"},\"thumbnailUrl\":\"https:\/\/rendez-vous-store.com\/app\/uploads\/2024\/09\/rdv_babaco_53-scaled.webp\",\"datePublished\":\"2024-09-26T14:42:12+00:00\",\"dateModified\":\"2026-03-16T17:13:12+00:00\",\"description\":\"Babaco is on Rendez-vous Store. This Babaco Ribbed Basic Socks Charcoal is very comfortable and adapts to your daily life.\",\"breadcrumb\":{\"@id\":\"https:\/\/rendez-vous-store.com\/shop\/special-offer-women-rendez-vous-store\/women-accessories-special-offer\/babaco-basic-ribbed-socks-ba02-bn54-charcoal-rendez-vous-store\/#breadcrumb\"},\"inLanguage\":\"fr-FR\",\"potentialAction\":[{\"@type\":\"ReadAction\",\"target\":[\"https:\/\/rendez-vous-store.com\/shop\/special-offer-women-rendez-vous-store\/women-accessories-special-offer\/babaco-basic-ribbed-socks-ba02-bn54-charcoal-rendez-vous-store\/\"]}]},{\"@type\":\"ImageObject\",\"inLanguage\":\"fr-FR\",\"@id\":\"https:\/\/rendez-vous-store.com\/shop\/special-offer-women-rendez-vous-store\/women-accessories-special-offer\/babaco-basic-ribbed-socks-ba02-bn54-charcoal-rendez-vous-store\/#primaryimage\",\"url\":\"https:\/\/rendez-vous-store.com\/app\/uploads\/2024\/09\/rdv_babaco_53-scaled.webp\",\"contentUrl\":\"https:\/\/rendez-vous-store.com\/app\/uploads\/2024\/09\/rdv_babaco_53-scaled.webp\",\"width\":1696,\"height\":2560},{\"@type\":\"BreadcrumbList\",\"@id\":\"https:\/\/rendez-vous-store.com\/shop\/special-offer-women-rendez-vous-store\/women-accessories-special-offer\/babaco-basic-ribbed-socks-ba02-bn54-charcoal-rendez-vous-store\/#breadcrumb\",\"itemListElement\":[{\"@type\":\"ListItem\",\"position\":1,\"name\":\"Home\",\"item\":\"https:\/\/rendez-vous-store.com\/\"},{\"@type\":\"ListItem\",\"position\":2,\"name\":\"Shop\",\"item\":\"https:\/\/www.rendez-vous-store.com\/shop\/\"},{\"@type\":\"ListItem\",\"position\":3,\"name\":\"BABACO &#8211; Basic Ribbed Socks BA02-BN54 &#8211; Charcoal\"}]},{\"@type\":\"WebSite\",\"@id\":\"https:\/\/rendez-vous-store.com\/#website\",\"url\":\"https:\/\/rendez-vous-store.com\/\",\"name\":\"RENDEZ-VOUS STORE\",\"description\":\"Slow Fashion for Women and Men\",\"potentialAction\":[{\"@type\":\"SearchAction\",\"target\":{\"@type\":\"EntryPoint\",\"urlTemplate\":\"https:\/\/rendez-vous-store.com\/?s={search_term_string}\"},\"query-input\":{\"@type\":\"PropertyValueSpecification\",\"valueRequired\":true,\"valueName\":\"search_term_string\"}}],\"inLanguage\":\"fr-FR\"}]}<\/script>\n<!-- \/ Yoast SEO plugin. -->","yoast_head_json":{"title":"BABACO - Basic Ribbed Socks BA02-BN54 - Charcoal","description":"Babaco is on Rendez-vous Store. This Babaco Ribbed Basic Socks Charcoal is very comfortable and adapts to your daily life.","robots":{"index":"index","follow":"follow","max-snippet":"max-snippet:-1","max-image-preview":"max-image-preview:large","max-video-preview":"max-video-preview:-1"},"canonical":"https:\/\/rendez-vous-store.com\/fr\/shop\/special-offer-women-rendez-vous-store\/women-accessories-special-offer\/babaco-basic-ribbed-socks-ba02-bn54-charcoal-rendez-vous-store\/","og_locale":"fr_FR","og_type":"article","og_title":"BABACO - Basic Ribbed Socks BA02-BN54 - Charcoal","og_description":"Babaco is on Rendez-vous Store. This Babaco Ribbed Basic Socks Charcoal is very comfortable and adapts to your daily life.","og_url":"https:\/\/rendez-vous-store.com\/fr\/shop\/special-offer-women-rendez-vous-store\/women-accessories-special-offer\/babaco-basic-ribbed-socks-ba02-bn54-charcoal-rendez-vous-store\/","og_site_name":"RENDEZ-VOUS STORE","article_modified_time":"2026-03-16T17:13:12+00:00","og_image":[{"width":1696,"height":2560,"url":"https:\/\/rendez-vous-store.com\/app\/uploads\/2024\/09\/rdv_babaco_53-scaled.webp","type":"image\/webp"}],"twitter_card":"summary_large_image","twitter_misc":{"Est. reading time":"1 minute"},"schema":{"@context":"https:\/\/schema.org","@graph":[{"@type":"WebPage","@id":"https:\/\/rendez-vous-store.com\/shop\/special-offer-women-rendez-vous-store\/women-accessories-special-offer\/babaco-basic-ribbed-socks-ba02-bn54-charcoal-rendez-vous-store\/","url":"https:\/\/rendez-vous-store.com\/shop\/special-offer-women-rendez-vous-store\/women-accessories-special-offer\/babaco-basic-ribbed-socks-ba02-bn54-charcoal-rendez-vous-store\/","name":"BABACO - Basic Ribbed Socks BA02-BN54 - Charcoal","isPartOf":{"@id":"https:\/\/rendez-vous-store.com\/#website"},"primaryImageOfPage":{"@id":"https:\/\/rendez-vous-store.com\/shop\/special-offer-women-rendez-vous-store\/women-accessories-special-offer\/babaco-basic-ribbed-socks-ba02-bn54-charcoal-rendez-vous-store\/#primaryimage"},"image":{"@id":"https:\/\/rendez-vous-store.com\/shop\/special-offer-women-rendez-vous-store\/women-accessories-special-offer\/babaco-basic-ribbed-socks-ba02-bn54-charcoal-rendez-vous-store\/#primaryimage"},"thumbnailUrl":"https:\/\/rendez-vous-store.com\/app\/uploads\/2024\/09\/rdv_babaco_53-scaled.webp","datePublished":"2024-09-26T14:42:12+00:00","dateModified":"2026-03-16T17:13:12+00:00","description":"Babaco is on Rendez-vous Store. This Babaco Ribbed Basic Socks Charcoal is very comfortable and adapts to your daily life.","breadcrumb":{"@id":"https:\/\/rendez-vous-store.com\/shop\/special-offer-women-rendez-vous-store\/women-accessories-special-offer\/babaco-basic-ribbed-socks-ba02-bn54-charcoal-rendez-vous-store\/#breadcrumb"},"inLanguage":"fr-FR","potentialAction":[{"@type":"ReadAction","target":["https:\/\/rendez-vous-store.com\/shop\/special-offer-women-rendez-vous-store\/women-accessories-special-offer\/babaco-basic-ribbed-socks-ba02-bn54-charcoal-rendez-vous-store\/"]}]},{"@type":"ImageObject","inLanguage":"fr-FR","@id":"https:\/\/rendez-vous-store.com\/shop\/special-offer-women-rendez-vous-store\/women-accessories-special-offer\/babaco-basic-ribbed-socks-ba02-bn54-charcoal-rendez-vous-store\/#primaryimage","url":"https:\/\/rendez-vous-store.com\/app\/uploads\/2024\/09\/rdv_babaco_53-scaled.webp","contentUrl":"https:\/\/rendez-vous-store.com\/app\/uploads\/2024\/09\/rdv_babaco_53-scaled.webp","width":1696,"height":2560},{"@type":"BreadcrumbList","@id":"https:\/\/rendez-vous-store.com\/shop\/special-offer-women-rendez-vous-store\/women-accessories-special-offer\/babaco-basic-ribbed-socks-ba02-bn54-charcoal-rendez-vous-store\/#breadcrumb","itemListElement":[{"@type":"ListItem","position":1,"name":"Home","item":"https:\/\/rendez-vous-store.com\/"},{"@type":"ListItem","position":2,"name":"Shop","item":"https:\/\/www.rendez-vous-store.com\/shop\/"},{"@type":"ListItem","position":3,"name":"BABACO &#8211; Basic Ribbed Socks BA02-BN54 &#8211; Charcoal"}]},{"@type":"WebSite","@id":"https:\/\/rendez-vous-store.com\/#website","url":"https:\/\/rendez-vous-store.com\/","name":"RENDEZ-VOUS STORE","description":"Slow Fashion for Women and Men","potentialAction":[{"@type":"SearchAction","target":{"@type":"EntryPoint","urlTemplate":"https:\/\/rendez-vous-store.com\/?s={search_term_string}"},"query-input":{"@type":"PropertyValueSpecification","valueRequired":true,"valueName":"search_term_string"}}],"inLanguage":"fr-FR"}]}},"_links":{"self":[{"href":"https:\/\/rendez-vous-store.com\/fr\/wp-json\/wp\/v2\/product\/177779","targetHints":{"allow":["GET"]}}],"collection":[{"href":"https:\/\/rendez-vous-store.com\/fr\/wp-json\/wp\/v2\/product"}],"about":[{"href":"https:\/\/rendez-vous-store.com\/fr\/wp-json\/wp\/v2\/types\/product"}],"wp:featuredmedia":[{"embeddable":true,"href":"https:\/\/rendez-vous-store.com\/fr\/wp-json\/wp\/v2\/media\/178026"}],"wp:attachment":[{"href":"https:\/\/rendez-vous-store.com\/fr\/wp-json\/wp\/v2\/media?parent=177779"}],"wp:term":[{"taxonomy":"product_brand","embeddable":true,"href":"https:\/\/rendez-vous-store.com\/fr\/wp-json\/wp\/v2\/product_brand?post=177779"},{"taxonomy":"product_cat","embeddable":true,"href":"https:\/\/rendez-vous-store.com\/fr\/wp-json\/wp\/v2\/product_cat?post=177779"},{"taxonomy":"product_tag","embeddable":true,"href":"https:\/\/rendez-vous-store.com\/fr\/wp-json\/wp\/v2\/product_tag?post=177779"}],"curies":[{"name":"wp","href":"https:\/\/api.w.org\/{rel}","templated":true}]}}