{"id":177679,"date":"2024-09-26T13:56:19","date_gmt":"2024-09-26T11:56:19","guid":{"rendered":"https:\/\/rendez-vous-store.com\/?post_type=product&#038;p=177679"},"modified":"2026-03-16T17:58:21","modified_gmt":"2026-03-16T16:58:21","slug":"arpenteur-contour-unlined-jacket-black-rendez-vous-store","status":"publish","type":"product","link":"https:\/\/rendez-vous-store.com\/fr\/shop\/men-selection-discover-our-selection-rendez-vous-store\/jackets-coats-discover-our-selection\/arpenteur-contour-unlined-jacket-black-rendez-vous-store\/","title":{"rendered":"Arpenteur - Contour Unlined Jacket - Noir"},"content":{"rendered":"<p><strong>Arpenteur - Contour Unlined Jacket - Noir<\/strong><\/p>\n<p>Couleur : Noir<\/p>\n<p>Fermeture par bouton-pression<\/p>\n<p>Deux poches lat\u00e9rales<\/p>\n<p>Une poche plaqu\u00e9e<\/p>\n<p>Col pointu<\/p>\n<p>Composition : 75% Whool 17% Nylon 8% Mohair<\/p>\n<p>Fabriqu\u00e9 en France<\/p>\n<p>&nbsp;<\/p>\n<h4>La marque<\/h4>\n<div class=\"flex-1 overflow-hidden\">\n<div class=\"react-scroll-to-bottom--css-wzcie-79elbk h-full\">\n<div class=\"react-scroll-to-bottom--css-wzcie-1n7m0yu\">\n<div class=\"flex flex-col text-sm pb-9\">\n<div class=\"w-full text-token-text-primary\" dir=\"auto\" data-testid=\"conversation-turn-217\">\n<div class=\"px-4 py-2 justify-center text-base md:gap-6 m-auto\">\n<div class=\"flex flex-1 text-base mx-auto gap-3 juice:gap-4 juice:md:gap-6 md:px-5 lg:px-1 xl:px-5 md:max-w-3xl lg:max-w-[40rem] xl:max-w-[48rem]\">\n<div class=\"relative flex w-full flex-col agent-turn\">\n<div class=\"flex-col gap-1 md:gap-3\">\n<div class=\"flex flex-grow flex-col max-w-full\">\n<div class=\"min-h-[20px] text-message flex flex-col items-start gap-3 whitespace-pre-wrap break-words [.text-message+&amp;]:mt-5 overflow-x-auto\" dir=\"auto\" data-message-author-role=\"assistant\" data-message-id=\"3a958d30-d9cb-4021-88d1-308b5eca4e5b\">\n<div class=\"markdown prose w-full break-words dark:prose-invert light\">\n<p>Arpenteur, marque fran\u00e7aise originaire de Lyon, s'inspire de son riche patrimoine en mati\u00e8re de v\u00eatements de travail et de plein air.<\/p>\n<p>La marque associe des mod\u00e8les traditionnels \u00e0 une esth\u00e9tique moderne et \u00e0 un savoir-faire artisanal m\u00e9ticuleux. Arpenteur met l'accent sur la qualit\u00e9 et la fonctionnalit\u00e9 pour cr\u00e9er des v\u00eatements durables pour la vie de tous les jours.<\/p>\n<p>Les vestes robustes, les pantalons r\u00e9sistants, les tricots douillets et les accessoires polyvalents t\u00e9moignent de l'engagement de la marque en faveur de l'authenticit\u00e9 et de la durabilit\u00e9. En France, des artisans qualifi\u00e9s confectionnent m\u00e9ticuleusement chaque v\u00eatement, garantissant ainsi des normes \u00e9lev\u00e9es en mati\u00e8re de qualit\u00e9 et de savoir-faire.<\/p>\n<p>Arpenteur accorde une attention particuli\u00e8re \u00e0 chaque d\u00e9tail de la production, de la s\u00e9lection des tissus aux techniques de construction. La marque allie un savoir-faire traditionnel \u00e0 un design contemporain, offrant ainsi une nouvelle vision du v\u00eatement de travail fran\u00e7ais. Arpenteur cr\u00e9e des v\u00eatements pratiques et \u00e9l\u00e9gants pour l'aventurier moderne, parfaits pour le plein air ou les environnements urbains.<\/p>\n<p>Il offre confort, durabilit\u00e9 et style \u00e0 ceux qui appr\u00e9cient la qualit\u00e9 dans les v\u00eatements de tous les jours.<\/p>\n<\/div>\n<\/div>\n<\/div>\n<\/div>\n<\/div>\n<\/div>\n<\/div>\n<\/div>\n<\/div>\n<\/div>\n<\/div>\n<\/div>","protected":false},"excerpt":{"rendered":"<p>Arpenteur &#8211; Contour Unlined Jacket &#8211; Black Color : Black Snap button closure Two sland pockets One patch pocket Point collar Composition : 75% Whool 17% Nylon 8% Mohair Made in France &nbsp; The Brand Arpenteur, a French brand from Lyon, draws inspiration from its rich workwear and outdoor clothing heritage. The brand infuses traditional&hellip; <a class=\"more-link\" href=\"https:\/\/rendez-vous-store.com\/fr\/shop\/men-selection-discover-our-selection-rendez-vous-store\/jackets-coats-discover-our-selection\/arpenteur-contour-unlined-jacket-black-rendez-vous-store\/\">Continue reading <span class=\"screen-reader-text\">Arpenteur - Contour Unlined Jacket - Noir<\/span><\/a><\/p>","protected":false},"featured_media":179210,"template":"","meta":{"_acf_changed":false},"product_brand":[],"product_cat":[20,53],"product_tag":[295],"class_list":{"0":"post-177679","1":"product","2":"type-product","3":"status-publish","4":"has-post-thumbnail","6":"product_cat-men-selection-discover-our-selection-rendez-vous-store","7":"product_cat-jackets-coats-discover-our-selection","8":"product_tag-arpenteur","9":"entry","11":"first","12":"outofstock","13":"taxable","14":"shipping-taxable","15":"product-type-variable"},"acf":[],"yoast_head":"<!-- This site is optimized with the Yoast SEO plugin v24.9 - https:\/\/yoast.com\/wordpress\/plugins\/seo\/ -->\n<title>Arpenteur - Contour Unlined Jacket - Black<\/title>\n<meta name=\"description\" content=\"This Arpenteur Contour Unlined Jacket Black is located halfway between respect for tradition and creation deriving from multiple inspirations.\" \/>\n<meta name=\"robots\" content=\"index, follow, max-snippet:-1, max-image-preview:large, max-video-preview:-1\" \/>\n<link rel=\"canonical\" href=\"https:\/\/rendez-vous-store.com\/fr\/shop\/men-selection-discover-our-selection-rendez-vous-store\/jackets-coats-discover-our-selection\/arpenteur-contour-unlined-jacket-black-rendez-vous-store\/\" \/>\n<meta property=\"og:locale\" content=\"fr_FR\" \/>\n<meta property=\"og:type\" content=\"article\" \/>\n<meta property=\"og:title\" content=\"Arpenteur - Contour Unlined Jacket - Black\" \/>\n<meta property=\"og:description\" content=\"This Arpenteur Contour Unlined Jacket Black is located halfway between respect for tradition and creation deriving from multiple inspirations.\" \/>\n<meta property=\"og:url\" content=\"https:\/\/rendez-vous-store.com\/fr\/shop\/men-selection-discover-our-selection-rendez-vous-store\/jackets-coats-discover-our-selection\/arpenteur-contour-unlined-jacket-black-rendez-vous-store\/\" \/>\n<meta property=\"og:site_name\" content=\"RENDEZ-VOUS STORE\" \/>\n<meta property=\"article:modified_time\" content=\"2026-03-16T16:58:21+00:00\" \/>\n<meta property=\"og:image\" content=\"https:\/\/rendez-vous-store.com\/wp-content\/uploads\/2024\/09\/Arpenteur-Contour-Unlined-Jacket-Black-1.webp\" \/>\n\t<meta property=\"og:image:width\" content=\"1696\" \/>\n\t<meta property=\"og:image:height\" content=\"2560\" \/>\n\t<meta property=\"og:image:type\" content=\"image\/webp\" \/>\n<meta name=\"twitter:card\" content=\"summary_large_image\" \/>\n<meta name=\"twitter:label1\" content=\"Est. reading time\" \/>\n\t<meta name=\"twitter:data1\" content=\"1 minute\" \/>\n<script type=\"application\/ld+json\" class=\"yoast-schema-graph\">{\"@context\":\"https:\/\/schema.org\",\"@graph\":[{\"@type\":\"WebPage\",\"@id\":\"https:\/\/rendez-vous-store.com\/shop\/men-selection-discover-our-selection-rendez-vous-store\/jackets-coats-discover-our-selection\/arpenteur-contour-unlined-jacket-black-rendez-vous-store\/\",\"url\":\"https:\/\/rendez-vous-store.com\/shop\/men-selection-discover-our-selection-rendez-vous-store\/jackets-coats-discover-our-selection\/arpenteur-contour-unlined-jacket-black-rendez-vous-store\/\",\"name\":\"Arpenteur - Contour Unlined Jacket - Black\",\"isPartOf\":{\"@id\":\"https:\/\/rendez-vous-store.com\/#website\"},\"primaryImageOfPage\":{\"@id\":\"https:\/\/rendez-vous-store.com\/shop\/men-selection-discover-our-selection-rendez-vous-store\/jackets-coats-discover-our-selection\/arpenteur-contour-unlined-jacket-black-rendez-vous-store\/#primaryimage\"},\"image\":{\"@id\":\"https:\/\/rendez-vous-store.com\/shop\/men-selection-discover-our-selection-rendez-vous-store\/jackets-coats-discover-our-selection\/arpenteur-contour-unlined-jacket-black-rendez-vous-store\/#primaryimage\"},\"thumbnailUrl\":\"https:\/\/rendez-vous-store.com\/app\/uploads\/2024\/09\/Arpenteur-Contour-Unlined-Jacket-Black-1.webp\",\"datePublished\":\"2024-09-26T11:56:19+00:00\",\"dateModified\":\"2026-03-16T16:58:21+00:00\",\"description\":\"This Arpenteur Contour Unlined Jacket Black is located halfway between respect for tradition and creation deriving from multiple inspirations.\",\"breadcrumb\":{\"@id\":\"https:\/\/rendez-vous-store.com\/shop\/men-selection-discover-our-selection-rendez-vous-store\/jackets-coats-discover-our-selection\/arpenteur-contour-unlined-jacket-black-rendez-vous-store\/#breadcrumb\"},\"inLanguage\":\"fr-FR\",\"potentialAction\":[{\"@type\":\"ReadAction\",\"target\":[\"https:\/\/rendez-vous-store.com\/shop\/men-selection-discover-our-selection-rendez-vous-store\/jackets-coats-discover-our-selection\/arpenteur-contour-unlined-jacket-black-rendez-vous-store\/\"]}]},{\"@type\":\"ImageObject\",\"inLanguage\":\"fr-FR\",\"@id\":\"https:\/\/rendez-vous-store.com\/shop\/men-selection-discover-our-selection-rendez-vous-store\/jackets-coats-discover-our-selection\/arpenteur-contour-unlined-jacket-black-rendez-vous-store\/#primaryimage\",\"url\":\"https:\/\/rendez-vous-store.com\/app\/uploads\/2024\/09\/Arpenteur-Contour-Unlined-Jacket-Black-1.webp\",\"contentUrl\":\"https:\/\/rendez-vous-store.com\/app\/uploads\/2024\/09\/Arpenteur-Contour-Unlined-Jacket-Black-1.webp\",\"width\":1696,\"height\":2560},{\"@type\":\"BreadcrumbList\",\"@id\":\"https:\/\/rendez-vous-store.com\/shop\/men-selection-discover-our-selection-rendez-vous-store\/jackets-coats-discover-our-selection\/arpenteur-contour-unlined-jacket-black-rendez-vous-store\/#breadcrumb\",\"itemListElement\":[{\"@type\":\"ListItem\",\"position\":1,\"name\":\"Home\",\"item\":\"https:\/\/rendez-vous-store.com\/\"},{\"@type\":\"ListItem\",\"position\":2,\"name\":\"Shop\",\"item\":\"https:\/\/www.rendez-vous-store.com\/shop\/\"},{\"@type\":\"ListItem\",\"position\":3,\"name\":\"Arpenteur &#8211; Contour Unlined Jacket &#8211; Black\"}]},{\"@type\":\"WebSite\",\"@id\":\"https:\/\/rendez-vous-store.com\/#website\",\"url\":\"https:\/\/rendez-vous-store.com\/\",\"name\":\"RENDEZ-VOUS STORE\",\"description\":\"Slow Fashion for Women and Men\",\"potentialAction\":[{\"@type\":\"SearchAction\",\"target\":{\"@type\":\"EntryPoint\",\"urlTemplate\":\"https:\/\/rendez-vous-store.com\/?s={search_term_string}\"},\"query-input\":{\"@type\":\"PropertyValueSpecification\",\"valueRequired\":true,\"valueName\":\"search_term_string\"}}],\"inLanguage\":\"fr-FR\"}]}<\/script>\n<!-- \/ Yoast SEO plugin. -->","yoast_head_json":{"title":"Arpenteur - Contour Unlined Jacket - Black","description":"This Arpenteur Contour Unlined Jacket Black is located halfway between respect for tradition and creation deriving from multiple inspirations.","robots":{"index":"index","follow":"follow","max-snippet":"max-snippet:-1","max-image-preview":"max-image-preview:large","max-video-preview":"max-video-preview:-1"},"canonical":"https:\/\/rendez-vous-store.com\/fr\/shop\/men-selection-discover-our-selection-rendez-vous-store\/jackets-coats-discover-our-selection\/arpenteur-contour-unlined-jacket-black-rendez-vous-store\/","og_locale":"fr_FR","og_type":"article","og_title":"Arpenteur - Contour Unlined Jacket - Black","og_description":"This Arpenteur Contour Unlined Jacket Black is located halfway between respect for tradition and creation deriving from multiple inspirations.","og_url":"https:\/\/rendez-vous-store.com\/fr\/shop\/men-selection-discover-our-selection-rendez-vous-store\/jackets-coats-discover-our-selection\/arpenteur-contour-unlined-jacket-black-rendez-vous-store\/","og_site_name":"RENDEZ-VOUS STORE","article_modified_time":"2026-03-16T16:58:21+00:00","og_image":[{"width":1696,"height":2560,"url":"https:\/\/rendez-vous-store.com\/wp-content\/uploads\/2024\/09\/Arpenteur-Contour-Unlined-Jacket-Black-1.webp","type":"image\/webp"}],"twitter_card":"summary_large_image","twitter_misc":{"Est. reading time":"1 minute"},"schema":{"@context":"https:\/\/schema.org","@graph":[{"@type":"WebPage","@id":"https:\/\/rendez-vous-store.com\/shop\/men-selection-discover-our-selection-rendez-vous-store\/jackets-coats-discover-our-selection\/arpenteur-contour-unlined-jacket-black-rendez-vous-store\/","url":"https:\/\/rendez-vous-store.com\/shop\/men-selection-discover-our-selection-rendez-vous-store\/jackets-coats-discover-our-selection\/arpenteur-contour-unlined-jacket-black-rendez-vous-store\/","name":"Arpenteur - Contour Unlined Jacket - Black","isPartOf":{"@id":"https:\/\/rendez-vous-store.com\/#website"},"primaryImageOfPage":{"@id":"https:\/\/rendez-vous-store.com\/shop\/men-selection-discover-our-selection-rendez-vous-store\/jackets-coats-discover-our-selection\/arpenteur-contour-unlined-jacket-black-rendez-vous-store\/#primaryimage"},"image":{"@id":"https:\/\/rendez-vous-store.com\/shop\/men-selection-discover-our-selection-rendez-vous-store\/jackets-coats-discover-our-selection\/arpenteur-contour-unlined-jacket-black-rendez-vous-store\/#primaryimage"},"thumbnailUrl":"https:\/\/rendez-vous-store.com\/app\/uploads\/2024\/09\/Arpenteur-Contour-Unlined-Jacket-Black-1.webp","datePublished":"2024-09-26T11:56:19+00:00","dateModified":"2026-03-16T16:58:21+00:00","description":"This Arpenteur Contour Unlined Jacket Black is located halfway between respect for tradition and creation deriving from multiple inspirations.","breadcrumb":{"@id":"https:\/\/rendez-vous-store.com\/shop\/men-selection-discover-our-selection-rendez-vous-store\/jackets-coats-discover-our-selection\/arpenteur-contour-unlined-jacket-black-rendez-vous-store\/#breadcrumb"},"inLanguage":"fr-FR","potentialAction":[{"@type":"ReadAction","target":["https:\/\/rendez-vous-store.com\/shop\/men-selection-discover-our-selection-rendez-vous-store\/jackets-coats-discover-our-selection\/arpenteur-contour-unlined-jacket-black-rendez-vous-store\/"]}]},{"@type":"ImageObject","inLanguage":"fr-FR","@id":"https:\/\/rendez-vous-store.com\/shop\/men-selection-discover-our-selection-rendez-vous-store\/jackets-coats-discover-our-selection\/arpenteur-contour-unlined-jacket-black-rendez-vous-store\/#primaryimage","url":"https:\/\/rendez-vous-store.com\/app\/uploads\/2024\/09\/Arpenteur-Contour-Unlined-Jacket-Black-1.webp","contentUrl":"https:\/\/rendez-vous-store.com\/app\/uploads\/2024\/09\/Arpenteur-Contour-Unlined-Jacket-Black-1.webp","width":1696,"height":2560},{"@type":"BreadcrumbList","@id":"https:\/\/rendez-vous-store.com\/shop\/men-selection-discover-our-selection-rendez-vous-store\/jackets-coats-discover-our-selection\/arpenteur-contour-unlined-jacket-black-rendez-vous-store\/#breadcrumb","itemListElement":[{"@type":"ListItem","position":1,"name":"Home","item":"https:\/\/rendez-vous-store.com\/"},{"@type":"ListItem","position":2,"name":"Shop","item":"https:\/\/www.rendez-vous-store.com\/shop\/"},{"@type":"ListItem","position":3,"name":"Arpenteur &#8211; Contour Unlined Jacket &#8211; Black"}]},{"@type":"WebSite","@id":"https:\/\/rendez-vous-store.com\/#website","url":"https:\/\/rendez-vous-store.com\/","name":"RENDEZ-VOUS STORE","description":"Slow Fashion for Women and Men","potentialAction":[{"@type":"SearchAction","target":{"@type":"EntryPoint","urlTemplate":"https:\/\/rendez-vous-store.com\/?s={search_term_string}"},"query-input":{"@type":"PropertyValueSpecification","valueRequired":true,"valueName":"search_term_string"}}],"inLanguage":"fr-FR"}]}},"_links":{"self":[{"href":"https:\/\/rendez-vous-store.com\/fr\/wp-json\/wp\/v2\/product\/177679","targetHints":{"allow":["GET"]}}],"collection":[{"href":"https:\/\/rendez-vous-store.com\/fr\/wp-json\/wp\/v2\/product"}],"about":[{"href":"https:\/\/rendez-vous-store.com\/fr\/wp-json\/wp\/v2\/types\/product"}],"wp:featuredmedia":[{"embeddable":true,"href":"https:\/\/rendez-vous-store.com\/fr\/wp-json\/wp\/v2\/media\/179210"}],"wp:attachment":[{"href":"https:\/\/rendez-vous-store.com\/fr\/wp-json\/wp\/v2\/media?parent=177679"}],"wp:term":[{"taxonomy":"product_brand","embeddable":true,"href":"https:\/\/rendez-vous-store.com\/fr\/wp-json\/wp\/v2\/product_brand?post=177679"},{"taxonomy":"product_cat","embeddable":true,"href":"https:\/\/rendez-vous-store.com\/fr\/wp-json\/wp\/v2\/product_cat?post=177679"},{"taxonomy":"product_tag","embeddable":true,"href":"https:\/\/rendez-vous-store.com\/fr\/wp-json\/wp\/v2\/product_tag?post=177679"}],"curies":[{"name":"wp","href":"https:\/\/api.w.org\/{rel}","templated":true}]}}