{"id":177387,"date":"2024-09-24T16:53:20","date_gmt":"2024-09-24T14:53:20","guid":{"rendered":"https:\/\/rendez-vous-store.com\/?post_type=product&#038;p=177387"},"modified":"2026-04-24T15:10:40","modified_gmt":"2026-04-24T13:10:40","slug":"camiel-fortgens-fleece-anorak-black-rendez-vous-store","status":"publish","type":"product","link":"https:\/\/rendez-vous-store.com\/fr\/shop\/women\/women-coats-jackets-rendez-vous-store\/camiel-fortgens-fleece-anorak-black-rendez-vous-store\/","title":{"rendered":"CAMIEL FORTGENS - Anorak en polaire - Noir"},"content":{"rendered":"<p><strong>CAMIEL FORTGENS - Anorak en polaire - Noir<\/strong><\/p>\n<p>Couleur : Noir<\/p>\n<p>Zip in midweight<\/p>\n<p>Col montant<\/p>\n<p>Deux poches zipp\u00e9es dans les coutures lat\u00e9rales<\/p>\n<p>Cordon \u00e9lastique r\u00e9glable \u00e0 la base<\/p>\n<p>Composition : 80% VW 10%PA 10%WS<\/p>\n<p>Fabriqu\u00e9 en Bulgarie<\/p>\n<p><strong>La marque\u00a0<\/strong><\/p>\n<p>Camiel Fortgens B.V. est une marque de v\u00eatements bas\u00e9e \u00e0 Amsterdam. Le designer Camiel Fortgens lance sa ligne \u00e9ponyme en explorant les mat\u00e9riaux, les formes et les \u00e9l\u00e9ments arch\u00e9typaux de la garde-robe masculine issus de diff\u00e9rentes \u00e9poques et cultures. En redessinant de mani\u00e8re d\u00e9cal\u00e9e les v\u00eatements masculins traditionnels, le cr\u00e9ateur propose des options vestimentaires reconnaissables et portables. Les trenchs de style Mackintosh, avec leurs bords tant\u00f4t nets, tant\u00f4t rugueux, incarnent deux versions d'un m\u00eame v\u00eatement masculin traditionnel. La richesse de la s\u00e9lection tient non seulement \u00e0 la diversit\u00e9 des motifs et des mati\u00e8res utilis\u00e9s par Camiel Fortgens, mais aussi \u00e0 sa capacit\u00e9 \u00e0 \u00e9tablir un dialogue entre l'approche classique et l'exp\u00e9rimentation.<\/p>","protected":false},"excerpt":{"rendered":"<p>CAMIEL FORTGENS &#8211; Fleece Anorak &#8211; Black Color : Black Zip in midweight Stand-up collar Two zip pockets in side seams Adjustable elastic cord at the bottom Composition: 80% VW 10%PA 10%WS Made in Bulgaria The brand\u00a0 Camiel Fortgens B.V. is an Amsterdam-based clothing brand. Designer Camiel Fortgens launches his eponymous line, exploring the materials,&hellip; <a class=\"more-link\" href=\"https:\/\/rendez-vous-store.com\/fr\/shop\/women\/women-coats-jackets-rendez-vous-store\/camiel-fortgens-fleece-anorak-black-rendez-vous-store\/\">Continuer la lecture <span class=\"screen-reader-text\">CAMIEL FORTGENS - Anorak en polaire - Noir<\/span><\/a><\/p>","protected":false},"featured_media":179354,"template":"","meta":{"_acf_changed":false},"product_brand":[],"product_cat":[17,394],"product_tag":[1300],"class_list":{"0":"post-177387","1":"product","2":"type-product","3":"status-publish","4":"has-post-thumbnail","6":"product_cat-women","7":"product_cat-women-coats-jackets-rendez-vous-store","8":"product_tag-camiel-fortgens-rendez-vous-store","9":"entry","11":"first","12":"outofstock","13":"taxable","14":"shipping-taxable","15":"product-type-variable"},"acf":[],"yoast_head":"<!-- This site is optimized with the Yoast SEO plugin v24.9 - https:\/\/yoast.com\/wordpress\/plugins\/seo\/ -->\n<title>CAMIEL FORTGENS Fleece Anorak Black<\/title>\n<meta name=\"description\" content=\"Camiel Fortgens exploring the materials, shapes and archetypal elements of men&#039;s wardrobes. This Fleece Anorak Blakc associate comfort and texture.\" \/>\n<meta name=\"robots\" content=\"index, follow, max-snippet:-1, max-image-preview:large, max-video-preview:-1\" \/>\n<link rel=\"canonical\" href=\"https:\/\/rendez-vous-store.com\/fr\/shop\/women\/women-coats-jackets-rendez-vous-store\/camiel-fortgens-fleece-anorak-black-rendez-vous-store\/\" \/>\n<meta property=\"og:locale\" content=\"fr_FR\" \/>\n<meta property=\"og:type\" content=\"article\" \/>\n<meta property=\"og:title\" content=\"CAMIEL FORTGENS Fleece Anorak Black\" \/>\n<meta property=\"og:description\" content=\"Camiel Fortgens exploring the materials, shapes and archetypal elements of men&#039;s wardrobes. This Fleece Anorak Blakc associate comfort and texture.\" \/>\n<meta property=\"og:url\" content=\"https:\/\/rendez-vous-store.com\/fr\/shop\/women\/women-coats-jackets-rendez-vous-store\/camiel-fortgens-fleece-anorak-black-rendez-vous-store\/\" \/>\n<meta property=\"og:site_name\" content=\"RENDEZ-VOUS STORE\" \/>\n<meta property=\"article:modified_time\" content=\"2026-04-24T13:10:40+00:00\" \/>\n<meta property=\"og:image\" content=\"https:\/\/rendez-vous-store.com\/wp-content\/uploads\/2024\/09\/CAMIEL-FORTGENS-Fleece-Anorak-Black-2.webp\" \/>\n\t<meta property=\"og:image:width\" content=\"1696\" \/>\n\t<meta property=\"og:image:height\" content=\"2560\" \/>\n\t<meta property=\"og:image:type\" content=\"image\/webp\" \/>\n<meta name=\"twitter:card\" content=\"summary_large_image\" \/>\n<meta name=\"twitter:label1\" content=\"Est. reading time\" \/>\n\t<meta name=\"twitter:data1\" content=\"1 minute\" \/>\n<script type=\"application\/ld+json\" class=\"yoast-schema-graph\">{\"@context\":\"https:\/\/schema.org\",\"@graph\":[{\"@type\":\"WebPage\",\"@id\":\"https:\/\/rendez-vous-store.com\/shop\/women\/women-coats-jackets-rendez-vous-store\/camiel-fortgens-fleece-anorak-black-rendez-vous-store\/\",\"url\":\"https:\/\/rendez-vous-store.com\/shop\/women\/women-coats-jackets-rendez-vous-store\/camiel-fortgens-fleece-anorak-black-rendez-vous-store\/\",\"name\":\"CAMIEL FORTGENS Fleece Anorak Black\",\"isPartOf\":{\"@id\":\"https:\/\/rendez-vous-store.com\/#website\"},\"primaryImageOfPage\":{\"@id\":\"https:\/\/rendez-vous-store.com\/shop\/women\/women-coats-jackets-rendez-vous-store\/camiel-fortgens-fleece-anorak-black-rendez-vous-store\/#primaryimage\"},\"image\":{\"@id\":\"https:\/\/rendez-vous-store.com\/shop\/women\/women-coats-jackets-rendez-vous-store\/camiel-fortgens-fleece-anorak-black-rendez-vous-store\/#primaryimage\"},\"thumbnailUrl\":\"https:\/\/rendez-vous-store.com\/app\/uploads\/2024\/09\/CAMIEL-FORTGENS-Fleece-Anorak-Black-2.webp\",\"datePublished\":\"2024-09-24T14:53:20+00:00\",\"dateModified\":\"2026-04-24T13:10:40+00:00\",\"description\":\"Camiel Fortgens exploring the materials, shapes and archetypal elements of men's wardrobes. This Fleece Anorak Blakc associate comfort and texture.\",\"breadcrumb\":{\"@id\":\"https:\/\/rendez-vous-store.com\/shop\/women\/women-coats-jackets-rendez-vous-store\/camiel-fortgens-fleece-anorak-black-rendez-vous-store\/#breadcrumb\"},\"inLanguage\":\"fr-FR\",\"potentialAction\":[{\"@type\":\"ReadAction\",\"target\":[\"https:\/\/rendez-vous-store.com\/shop\/women\/women-coats-jackets-rendez-vous-store\/camiel-fortgens-fleece-anorak-black-rendez-vous-store\/\"]}]},{\"@type\":\"ImageObject\",\"inLanguage\":\"fr-FR\",\"@id\":\"https:\/\/rendez-vous-store.com\/shop\/women\/women-coats-jackets-rendez-vous-store\/camiel-fortgens-fleece-anorak-black-rendez-vous-store\/#primaryimage\",\"url\":\"https:\/\/rendez-vous-store.com\/app\/uploads\/2024\/09\/CAMIEL-FORTGENS-Fleece-Anorak-Black-2.webp\",\"contentUrl\":\"https:\/\/rendez-vous-store.com\/app\/uploads\/2024\/09\/CAMIEL-FORTGENS-Fleece-Anorak-Black-2.webp\",\"width\":1696,\"height\":2560},{\"@type\":\"BreadcrumbList\",\"@id\":\"https:\/\/rendez-vous-store.com\/shop\/women\/women-coats-jackets-rendez-vous-store\/camiel-fortgens-fleece-anorak-black-rendez-vous-store\/#breadcrumb\",\"itemListElement\":[{\"@type\":\"ListItem\",\"position\":1,\"name\":\"Home\",\"item\":\"https:\/\/rendez-vous-store.com\/\"},{\"@type\":\"ListItem\",\"position\":2,\"name\":\"Shop\",\"item\":\"https:\/\/www.rendez-vous-store.com\/shop\/\"},{\"@type\":\"ListItem\",\"position\":3,\"name\":\"CAMIEL FORTGENS &#8211; Fleece Anorak &#8211; Black\"}]},{\"@type\":\"WebSite\",\"@id\":\"https:\/\/rendez-vous-store.com\/#website\",\"url\":\"https:\/\/rendez-vous-store.com\/\",\"name\":\"RENDEZ-VOUS STORE\",\"description\":\"Slow Fashion for Women and Men\",\"potentialAction\":[{\"@type\":\"SearchAction\",\"target\":{\"@type\":\"EntryPoint\",\"urlTemplate\":\"https:\/\/rendez-vous-store.com\/?s={search_term_string}\"},\"query-input\":{\"@type\":\"PropertyValueSpecification\",\"valueRequired\":true,\"valueName\":\"search_term_string\"}}],\"inLanguage\":\"fr-FR\"}]}<\/script>\n<!-- \/ Yoast SEO plugin. -->","yoast_head_json":{"title":"CAMIEL FORTGENS Fleece Anorak Black","description":"Camiel Fortgens exploring the materials, shapes and archetypal elements of men's wardrobes. This Fleece Anorak Blakc associate comfort and texture.","robots":{"index":"index","follow":"follow","max-snippet":"max-snippet:-1","max-image-preview":"max-image-preview:large","max-video-preview":"max-video-preview:-1"},"canonical":"https:\/\/rendez-vous-store.com\/fr\/shop\/women\/women-coats-jackets-rendez-vous-store\/camiel-fortgens-fleece-anorak-black-rendez-vous-store\/","og_locale":"fr_FR","og_type":"article","og_title":"CAMIEL FORTGENS Fleece Anorak Black","og_description":"Camiel Fortgens exploring the materials, shapes and archetypal elements of men's wardrobes. This Fleece Anorak Blakc associate comfort and texture.","og_url":"https:\/\/rendez-vous-store.com\/fr\/shop\/women\/women-coats-jackets-rendez-vous-store\/camiel-fortgens-fleece-anorak-black-rendez-vous-store\/","og_site_name":"RENDEZ-VOUS STORE","article_modified_time":"2026-04-24T13:10:40+00:00","og_image":[{"width":1696,"height":2560,"url":"https:\/\/rendez-vous-store.com\/wp-content\/uploads\/2024\/09\/CAMIEL-FORTGENS-Fleece-Anorak-Black-2.webp","type":"image\/webp"}],"twitter_card":"summary_large_image","twitter_misc":{"Est. reading time":"1 minute"},"schema":{"@context":"https:\/\/schema.org","@graph":[{"@type":"WebPage","@id":"https:\/\/rendez-vous-store.com\/shop\/women\/women-coats-jackets-rendez-vous-store\/camiel-fortgens-fleece-anorak-black-rendez-vous-store\/","url":"https:\/\/rendez-vous-store.com\/shop\/women\/women-coats-jackets-rendez-vous-store\/camiel-fortgens-fleece-anorak-black-rendez-vous-store\/","name":"CAMIEL FORTGENS Fleece Anorak Black","isPartOf":{"@id":"https:\/\/rendez-vous-store.com\/#website"},"primaryImageOfPage":{"@id":"https:\/\/rendez-vous-store.com\/shop\/women\/women-coats-jackets-rendez-vous-store\/camiel-fortgens-fleece-anorak-black-rendez-vous-store\/#primaryimage"},"image":{"@id":"https:\/\/rendez-vous-store.com\/shop\/women\/women-coats-jackets-rendez-vous-store\/camiel-fortgens-fleece-anorak-black-rendez-vous-store\/#primaryimage"},"thumbnailUrl":"https:\/\/rendez-vous-store.com\/app\/uploads\/2024\/09\/CAMIEL-FORTGENS-Fleece-Anorak-Black-2.webp","datePublished":"2024-09-24T14:53:20+00:00","dateModified":"2026-04-24T13:10:40+00:00","description":"Camiel Fortgens exploring the materials, shapes and archetypal elements of men's wardrobes. This Fleece Anorak Blakc associate comfort and texture.","breadcrumb":{"@id":"https:\/\/rendez-vous-store.com\/shop\/women\/women-coats-jackets-rendez-vous-store\/camiel-fortgens-fleece-anorak-black-rendez-vous-store\/#breadcrumb"},"inLanguage":"fr-FR","potentialAction":[{"@type":"ReadAction","target":["https:\/\/rendez-vous-store.com\/shop\/women\/women-coats-jackets-rendez-vous-store\/camiel-fortgens-fleece-anorak-black-rendez-vous-store\/"]}]},{"@type":"ImageObject","inLanguage":"fr-FR","@id":"https:\/\/rendez-vous-store.com\/shop\/women\/women-coats-jackets-rendez-vous-store\/camiel-fortgens-fleece-anorak-black-rendez-vous-store\/#primaryimage","url":"https:\/\/rendez-vous-store.com\/app\/uploads\/2024\/09\/CAMIEL-FORTGENS-Fleece-Anorak-Black-2.webp","contentUrl":"https:\/\/rendez-vous-store.com\/app\/uploads\/2024\/09\/CAMIEL-FORTGENS-Fleece-Anorak-Black-2.webp","width":1696,"height":2560},{"@type":"BreadcrumbList","@id":"https:\/\/rendez-vous-store.com\/shop\/women\/women-coats-jackets-rendez-vous-store\/camiel-fortgens-fleece-anorak-black-rendez-vous-store\/#breadcrumb","itemListElement":[{"@type":"ListItem","position":1,"name":"Home","item":"https:\/\/rendez-vous-store.com\/"},{"@type":"ListItem","position":2,"name":"Shop","item":"https:\/\/www.rendez-vous-store.com\/shop\/"},{"@type":"ListItem","position":3,"name":"CAMIEL FORTGENS &#8211; Fleece Anorak &#8211; Black"}]},{"@type":"WebSite","@id":"https:\/\/rendez-vous-store.com\/#website","url":"https:\/\/rendez-vous-store.com\/","name":"RENDEZ-VOUS STORE","description":"Slow Fashion for Women and Men","potentialAction":[{"@type":"SearchAction","target":{"@type":"EntryPoint","urlTemplate":"https:\/\/rendez-vous-store.com\/?s={search_term_string}"},"query-input":{"@type":"PropertyValueSpecification","valueRequired":true,"valueName":"search_term_string"}}],"inLanguage":"fr-FR"}]}},"_links":{"self":[{"href":"https:\/\/rendez-vous-store.com\/fr\/wp-json\/wp\/v2\/product\/177387","targetHints":{"allow":["GET"]}}],"collection":[{"href":"https:\/\/rendez-vous-store.com\/fr\/wp-json\/wp\/v2\/product"}],"about":[{"href":"https:\/\/rendez-vous-store.com\/fr\/wp-json\/wp\/v2\/types\/product"}],"wp:featuredmedia":[{"embeddable":true,"href":"https:\/\/rendez-vous-store.com\/fr\/wp-json\/wp\/v2\/media\/179354"}],"wp:attachment":[{"href":"https:\/\/rendez-vous-store.com\/fr\/wp-json\/wp\/v2\/media?parent=177387"}],"wp:term":[{"taxonomy":"product_brand","embeddable":true,"href":"https:\/\/rendez-vous-store.com\/fr\/wp-json\/wp\/v2\/product_brand?post=177387"},{"taxonomy":"product_cat","embeddable":true,"href":"https:\/\/rendez-vous-store.com\/fr\/wp-json\/wp\/v2\/product_cat?post=177387"},{"taxonomy":"product_tag","embeddable":true,"href":"https:\/\/rendez-vous-store.com\/fr\/wp-json\/wp\/v2\/product_tag?post=177387"}],"curies":[{"name":"wp","href":"https:\/\/api.w.org\/{rel}","templated":true}]}}