{"id":177315,"date":"2024-09-24T16:39:10","date_gmt":"2024-09-24T14:39:10","guid":{"rendered":"https:\/\/rendez-vous-store.com\/?post_type=product&#038;p=177315"},"modified":"2026-03-16T18:12:31","modified_gmt":"2026-03-16T17:12:31","slug":"camiel-fortgens-track-jacket-black-rendez-vous-store","status":"publish","type":"product","link":"https:\/\/rendez-vous-store.com\/fr\/shop\/special-offer-men-rendez-vous-store\/men-coat-and-jacket-special-offer\/camiel-fortgens-track-jacket-black-rendez-vous-store\/","title":{"rendered":"CAMIEL FORTGENS - Veste de surv\u00eatement - Noir"},"content":{"rendered":"<p><strong>CAMIEL FORTGENS - Veste de surv\u00eatement - Noir<\/strong><\/p>\n<p>Couleur : Noir<\/p>\n<p>Fermeture \u00e0 bouton sur le devant<\/p>\n<p>Col pointu surdimensionn\u00e9<\/p>\n<p>Manches Dolman avec poignet \u00e0 bouton unique<\/p>\n<p>D\u00e9tails bruts sur les bords<\/p>\n<p>Composition: 81% VI, 15% Nylon 4%EA<\/p>\n<p>Fabriqu\u00e9 au Portugal<\/p>\n<p>&nbsp;<\/p>\n<p>&nbsp;<\/p>\n<p>&nbsp;<\/p>\n<p><strong>La marque\u00a0<\/strong><\/p>\n<p>Camiel Fortgens B.V. est une marque de v\u00eatements bas\u00e9e \u00e0 Amsterdam. Le designer Camiel Fortgens lance sa ligne \u00e9ponyme en explorant les mat\u00e9riaux, les formes et les \u00e9l\u00e9ments arch\u00e9typaux de la garde-robe masculine issus de diff\u00e9rentes \u00e9poques et cultures. En redessinant de mani\u00e8re d\u00e9cal\u00e9e les v\u00eatements masculins traditionnels, le cr\u00e9ateur propose des options vestimentaires reconnaissables et portables. Les trenchs de style Mackintosh, avec leurs bords tant\u00f4t nets, tant\u00f4t rugueux, incarnent deux versions d'un m\u00eame v\u00eatement masculin traditionnel. La richesse de la s\u00e9lection tient non seulement \u00e0 la diversit\u00e9 des motifs et des mati\u00e8res utilis\u00e9s par Camiel Fortgens, mais aussi \u00e0 sa capacit\u00e9 \u00e0 \u00e9tablir un dialogue entre l'approche classique et l'exp\u00e9rimentation.<\/p>","protected":false},"excerpt":{"rendered":"<p>CAMIEL FORTGENS &#8211; Track Jacket &#8211; Black Color : Black Front button closure Oversized pointed collar Dolman sleeves with single button cuff Raw details at edges Composition: 81% VI, 15% Nylon 4%EA Made in Portugal &nbsp; &nbsp; &nbsp; The brand\u00a0 Camiel Fortgens B.V. is an Amsterdam-based clothing brand. Designer Camiel Fortgens launches his eponymous line,&hellip; <a class=\"more-link\" href=\"https:\/\/rendez-vous-store.com\/fr\/shop\/special-offer-men-rendez-vous-store\/men-coat-and-jacket-special-offer\/camiel-fortgens-track-jacket-black-rendez-vous-store\/\">Continuer la lecture <span class=\"screen-reader-text\">CAMIEL FORTGENS - Veste de surv\u00eatement - Noir<\/span><\/a><\/p>","protected":false},"featured_media":179206,"template":"","meta":{"_acf_changed":false},"product_brand":[],"product_cat":[1292,1306,1336,1353,1350,1335,1304,20,53],"product_tag":[1300],"class_list":{"0":"post-177315","1":"product","2":"type-product","3":"status-publish","4":"has-post-thumbnail","6":"product_cat-1292","7":"product_cat-jacket-coat-unisex-rendez-vous-store","8":"product_cat-women-coat-jacket-special-offer-rendez-vous-store","9":"product_cat-men-coat-and-jacket-special-offer","10":"product_cat-special-offer-men-rendez-vous-store","11":"product_cat-special-offer-women-rendez-vous-store","12":"product_cat-unisex-rendez-vous-store","13":"product_cat-men-selection-discover-our-selection-rendez-vous-store","14":"product_cat-jackets-coats-discover-our-selection","15":"product_tag-camiel-fortgens-rendez-vous-store","16":"entry","18":"first","19":"outofstock","20":"taxable","21":"shipping-taxable","22":"product-type-variable"},"acf":[],"yoast_head":"<!-- This site is optimized with the Yoast SEO plugin v24.9 - https:\/\/yoast.com\/wordpress\/plugins\/seo\/ -->\n<title>CAMIEL FORTGENS Track Jacket Black<\/title>\n<meta name=\"description\" content=\"Camiel Fortgens exploring the materials, shapes and archetypal elements of men&#039;s wardrobes. This Track Jacket Black associate comfort and texture.\" \/>\n<meta name=\"robots\" content=\"index, follow, max-snippet:-1, max-image-preview:large, max-video-preview:-1\" \/>\n<link rel=\"canonical\" href=\"https:\/\/rendez-vous-store.com\/fr\/shop\/special-offer-men-rendez-vous-store\/men-coat-and-jacket-special-offer\/camiel-fortgens-track-jacket-black-rendez-vous-store\/\" \/>\n<meta property=\"og:locale\" content=\"fr_FR\" \/>\n<meta property=\"og:type\" content=\"article\" \/>\n<meta property=\"og:title\" content=\"CAMIEL FORTGENS Track Jacket Black\" \/>\n<meta property=\"og:description\" content=\"Camiel Fortgens exploring the materials, shapes and archetypal elements of men&#039;s wardrobes. This Track Jacket Black associate comfort and texture.\" \/>\n<meta property=\"og:url\" content=\"https:\/\/rendez-vous-store.com\/fr\/shop\/special-offer-men-rendez-vous-store\/men-coat-and-jacket-special-offer\/camiel-fortgens-track-jacket-black-rendez-vous-store\/\" \/>\n<meta property=\"og:site_name\" content=\"RENDEZ-VOUS STORE\" \/>\n<meta property=\"article:modified_time\" content=\"2026-03-16T17:12:31+00:00\" \/>\n<meta property=\"og:image\" content=\"https:\/\/rendez-vous-store.com\/app\/uploads\/2024\/09\/CAMIEL-FORTGENS-Track-Jacket-Black.webp\" \/>\n\t<meta property=\"og:image:width\" content=\"1696\" \/>\n\t<meta property=\"og:image:height\" content=\"2560\" \/>\n\t<meta property=\"og:image:type\" content=\"image\/webp\" \/>\n<meta name=\"twitter:card\" content=\"summary_large_image\" \/>\n<meta name=\"twitter:label1\" content=\"Est. reading time\" \/>\n\t<meta name=\"twitter:data1\" content=\"1 minute\" \/>\n<script type=\"application\/ld+json\" class=\"yoast-schema-graph\">{\"@context\":\"https:\/\/schema.org\",\"@graph\":[{\"@type\":\"WebPage\",\"@id\":\"https:\/\/rendez-vous-store.com\/shop\/special-offer-men-rendez-vous-store\/men-coat-and-jacket-special-offer\/camiel-fortgens-track-jacket-black-rendez-vous-store\/\",\"url\":\"https:\/\/rendez-vous-store.com\/shop\/special-offer-men-rendez-vous-store\/men-coat-and-jacket-special-offer\/camiel-fortgens-track-jacket-black-rendez-vous-store\/\",\"name\":\"CAMIEL FORTGENS Track Jacket Black\",\"isPartOf\":{\"@id\":\"https:\/\/rendez-vous-store.com\/#website\"},\"primaryImageOfPage\":{\"@id\":\"https:\/\/rendez-vous-store.com\/shop\/special-offer-men-rendez-vous-store\/men-coat-and-jacket-special-offer\/camiel-fortgens-track-jacket-black-rendez-vous-store\/#primaryimage\"},\"image\":{\"@id\":\"https:\/\/rendez-vous-store.com\/shop\/special-offer-men-rendez-vous-store\/men-coat-and-jacket-special-offer\/camiel-fortgens-track-jacket-black-rendez-vous-store\/#primaryimage\"},\"thumbnailUrl\":\"https:\/\/rendez-vous-store.com\/app\/uploads\/2024\/09\/CAMIEL-FORTGENS-Track-Jacket-Black.webp\",\"datePublished\":\"2024-09-24T14:39:10+00:00\",\"dateModified\":\"2026-03-16T17:12:31+00:00\",\"description\":\"Camiel Fortgens exploring the materials, shapes and archetypal elements of men's wardrobes. This Track Jacket Black associate comfort and texture.\",\"breadcrumb\":{\"@id\":\"https:\/\/rendez-vous-store.com\/shop\/special-offer-men-rendez-vous-store\/men-coat-and-jacket-special-offer\/camiel-fortgens-track-jacket-black-rendez-vous-store\/#breadcrumb\"},\"inLanguage\":\"fr-FR\",\"potentialAction\":[{\"@type\":\"ReadAction\",\"target\":[\"https:\/\/rendez-vous-store.com\/shop\/special-offer-men-rendez-vous-store\/men-coat-and-jacket-special-offer\/camiel-fortgens-track-jacket-black-rendez-vous-store\/\"]}]},{\"@type\":\"ImageObject\",\"inLanguage\":\"fr-FR\",\"@id\":\"https:\/\/rendez-vous-store.com\/shop\/special-offer-men-rendez-vous-store\/men-coat-and-jacket-special-offer\/camiel-fortgens-track-jacket-black-rendez-vous-store\/#primaryimage\",\"url\":\"https:\/\/rendez-vous-store.com\/app\/uploads\/2024\/09\/CAMIEL-FORTGENS-Track-Jacket-Black.webp\",\"contentUrl\":\"https:\/\/rendez-vous-store.com\/app\/uploads\/2024\/09\/CAMIEL-FORTGENS-Track-Jacket-Black.webp\",\"width\":1696,\"height\":2560},{\"@type\":\"BreadcrumbList\",\"@id\":\"https:\/\/rendez-vous-store.com\/shop\/special-offer-men-rendez-vous-store\/men-coat-and-jacket-special-offer\/camiel-fortgens-track-jacket-black-rendez-vous-store\/#breadcrumb\",\"itemListElement\":[{\"@type\":\"ListItem\",\"position\":1,\"name\":\"Home\",\"item\":\"https:\/\/rendez-vous-store.com\/\"},{\"@type\":\"ListItem\",\"position\":2,\"name\":\"Shop\",\"item\":\"https:\/\/www.rendez-vous-store.com\/shop\/\"},{\"@type\":\"ListItem\",\"position\":3,\"name\":\"CAMIEL FORTGENS &#8211; Track Jacket &#8211; Black\"}]},{\"@type\":\"WebSite\",\"@id\":\"https:\/\/rendez-vous-store.com\/#website\",\"url\":\"https:\/\/rendez-vous-store.com\/\",\"name\":\"RENDEZ-VOUS STORE\",\"description\":\"Slow Fashion for Women and Men\",\"potentialAction\":[{\"@type\":\"SearchAction\",\"target\":{\"@type\":\"EntryPoint\",\"urlTemplate\":\"https:\/\/rendez-vous-store.com\/?s={search_term_string}\"},\"query-input\":{\"@type\":\"PropertyValueSpecification\",\"valueRequired\":true,\"valueName\":\"search_term_string\"}}],\"inLanguage\":\"fr-FR\"}]}<\/script>\n<!-- \/ Yoast SEO plugin. -->","yoast_head_json":{"title":"CAMIEL FORTGENS Track Jacket Black","description":"Camiel Fortgens exploring the materials, shapes and archetypal elements of men's wardrobes. This Track Jacket Black associate comfort and texture.","robots":{"index":"index","follow":"follow","max-snippet":"max-snippet:-1","max-image-preview":"max-image-preview:large","max-video-preview":"max-video-preview:-1"},"canonical":"https:\/\/rendez-vous-store.com\/fr\/shop\/special-offer-men-rendez-vous-store\/men-coat-and-jacket-special-offer\/camiel-fortgens-track-jacket-black-rendez-vous-store\/","og_locale":"fr_FR","og_type":"article","og_title":"CAMIEL FORTGENS Track Jacket Black","og_description":"Camiel Fortgens exploring the materials, shapes and archetypal elements of men's wardrobes. This Track Jacket Black associate comfort and texture.","og_url":"https:\/\/rendez-vous-store.com\/fr\/shop\/special-offer-men-rendez-vous-store\/men-coat-and-jacket-special-offer\/camiel-fortgens-track-jacket-black-rendez-vous-store\/","og_site_name":"RENDEZ-VOUS STORE","article_modified_time":"2026-03-16T17:12:31+00:00","og_image":[{"width":1696,"height":2560,"url":"https:\/\/rendez-vous-store.com\/app\/uploads\/2024\/09\/CAMIEL-FORTGENS-Track-Jacket-Black.webp","type":"image\/webp"}],"twitter_card":"summary_large_image","twitter_misc":{"Est. reading time":"1 minute"},"schema":{"@context":"https:\/\/schema.org","@graph":[{"@type":"WebPage","@id":"https:\/\/rendez-vous-store.com\/shop\/special-offer-men-rendez-vous-store\/men-coat-and-jacket-special-offer\/camiel-fortgens-track-jacket-black-rendez-vous-store\/","url":"https:\/\/rendez-vous-store.com\/shop\/special-offer-men-rendez-vous-store\/men-coat-and-jacket-special-offer\/camiel-fortgens-track-jacket-black-rendez-vous-store\/","name":"CAMIEL FORTGENS Track Jacket Black","isPartOf":{"@id":"https:\/\/rendez-vous-store.com\/#website"},"primaryImageOfPage":{"@id":"https:\/\/rendez-vous-store.com\/shop\/special-offer-men-rendez-vous-store\/men-coat-and-jacket-special-offer\/camiel-fortgens-track-jacket-black-rendez-vous-store\/#primaryimage"},"image":{"@id":"https:\/\/rendez-vous-store.com\/shop\/special-offer-men-rendez-vous-store\/men-coat-and-jacket-special-offer\/camiel-fortgens-track-jacket-black-rendez-vous-store\/#primaryimage"},"thumbnailUrl":"https:\/\/rendez-vous-store.com\/app\/uploads\/2024\/09\/CAMIEL-FORTGENS-Track-Jacket-Black.webp","datePublished":"2024-09-24T14:39:10+00:00","dateModified":"2026-03-16T17:12:31+00:00","description":"Camiel Fortgens exploring the materials, shapes and archetypal elements of men's wardrobes. This Track Jacket Black associate comfort and texture.","breadcrumb":{"@id":"https:\/\/rendez-vous-store.com\/shop\/special-offer-men-rendez-vous-store\/men-coat-and-jacket-special-offer\/camiel-fortgens-track-jacket-black-rendez-vous-store\/#breadcrumb"},"inLanguage":"fr-FR","potentialAction":[{"@type":"ReadAction","target":["https:\/\/rendez-vous-store.com\/shop\/special-offer-men-rendez-vous-store\/men-coat-and-jacket-special-offer\/camiel-fortgens-track-jacket-black-rendez-vous-store\/"]}]},{"@type":"ImageObject","inLanguage":"fr-FR","@id":"https:\/\/rendez-vous-store.com\/shop\/special-offer-men-rendez-vous-store\/men-coat-and-jacket-special-offer\/camiel-fortgens-track-jacket-black-rendez-vous-store\/#primaryimage","url":"https:\/\/rendez-vous-store.com\/app\/uploads\/2024\/09\/CAMIEL-FORTGENS-Track-Jacket-Black.webp","contentUrl":"https:\/\/rendez-vous-store.com\/app\/uploads\/2024\/09\/CAMIEL-FORTGENS-Track-Jacket-Black.webp","width":1696,"height":2560},{"@type":"BreadcrumbList","@id":"https:\/\/rendez-vous-store.com\/shop\/special-offer-men-rendez-vous-store\/men-coat-and-jacket-special-offer\/camiel-fortgens-track-jacket-black-rendez-vous-store\/#breadcrumb","itemListElement":[{"@type":"ListItem","position":1,"name":"Home","item":"https:\/\/rendez-vous-store.com\/"},{"@type":"ListItem","position":2,"name":"Shop","item":"https:\/\/www.rendez-vous-store.com\/shop\/"},{"@type":"ListItem","position":3,"name":"CAMIEL FORTGENS &#8211; Track Jacket &#8211; Black"}]},{"@type":"WebSite","@id":"https:\/\/rendez-vous-store.com\/#website","url":"https:\/\/rendez-vous-store.com\/","name":"RENDEZ-VOUS STORE","description":"Slow Fashion for Women and Men","potentialAction":[{"@type":"SearchAction","target":{"@type":"EntryPoint","urlTemplate":"https:\/\/rendez-vous-store.com\/?s={search_term_string}"},"query-input":{"@type":"PropertyValueSpecification","valueRequired":true,"valueName":"search_term_string"}}],"inLanguage":"fr-FR"}]}},"_links":{"self":[{"href":"https:\/\/rendez-vous-store.com\/fr\/wp-json\/wp\/v2\/product\/177315","targetHints":{"allow":["GET"]}}],"collection":[{"href":"https:\/\/rendez-vous-store.com\/fr\/wp-json\/wp\/v2\/product"}],"about":[{"href":"https:\/\/rendez-vous-store.com\/fr\/wp-json\/wp\/v2\/types\/product"}],"wp:featuredmedia":[{"embeddable":true,"href":"https:\/\/rendez-vous-store.com\/fr\/wp-json\/wp\/v2\/media\/179206"}],"wp:attachment":[{"href":"https:\/\/rendez-vous-store.com\/fr\/wp-json\/wp\/v2\/media?parent=177315"}],"wp:term":[{"taxonomy":"product_brand","embeddable":true,"href":"https:\/\/rendez-vous-store.com\/fr\/wp-json\/wp\/v2\/product_brand?post=177315"},{"taxonomy":"product_cat","embeddable":true,"href":"https:\/\/rendez-vous-store.com\/fr\/wp-json\/wp\/v2\/product_cat?post=177315"},{"taxonomy":"product_tag","embeddable":true,"href":"https:\/\/rendez-vous-store.com\/fr\/wp-json\/wp\/v2\/product_tag?post=177315"}],"curies":[{"name":"wp","href":"https:\/\/api.w.org\/{rel}","templated":true}]}}