{"id":176791,"date":"2024-09-20T15:51:03","date_gmt":"2024-09-20T13:51:03","guid":{"rendered":"https:\/\/rendez-vous-store.com\/?post_type=product&#038;p=176791"},"modified":"2026-03-16T18:12:15","modified_gmt":"2026-03-16T17:12:15","slug":"album-di-famiglia-men-bragoni-natte-cw-trousers-coffee-rendez-vous-store","status":"publish","type":"product","link":"https:\/\/rendez-vous-store.com\/fr\/shop\/men-selection-discover-our-selection-rendez-vous-store\/trousers-shorts-rendez-vous-store\/album-di-famiglia-men-bragoni-natte-cw-trousers-coffee-rendez-vous-store\/","title":{"rendered":"Album Di Famiglia - Hommes Pantalon Bragoni Natt\u00e9 CW - Caf\u00e9"},"content":{"rendered":"<p><strong>Album Di Famiglia - Hommes Pantalon Bragonni Natt\u00e9 CW - Caf\u00e9<\/strong><\/p>\n<p>Couleur : Marron caf\u00e9<\/p>\n<p>Coupe ample et d\u00e9contract\u00e9e<\/p>\n<p>Ourlet retourn\u00e9<\/p>\n<p>Taille \u00e9lastiqu\u00e9e<\/p>\n<p>Fermeture par cordon de serrage<\/p>\n<p>Mont\u00e9e en fl\u00e8che<\/p>\n<p>Poches sur les coutures lat\u00e9rales \/ Poches arri\u00e8re plaqu\u00e9es<\/p>\n<p>Composition : 82% Coton 14% Laine 4% Polyamide<\/p>\n<p>Fabriqu\u00e9 en Italie<\/p>\n<p>&nbsp;<\/p>\n<h4>La marque<\/h4>\n<div class=\"flex-1 overflow-hidden\">\n<div class=\"react-scroll-to-bottom--css-udson-79elbk h-full\">\n<div class=\"react-scroll-to-bottom--css-udson-1n7m0yu\">\n<div class=\"flex flex-col text-sm pb-9\">\n<div class=\"w-full text-token-text-primary\" dir=\"auto\" data-testid=\"conversation-turn-151\">\n<div class=\"px-4 py-2 justify-center text-base md:gap-6 m-auto\">\n<div class=\"flex flex-1 text-base mx-auto gap-3 juice:gap-4 juice:md:gap-6 md:px-5 lg:px-1 xl:px-5 md:max-w-3xl lg:max-w-[40rem] xl:max-w-[48rem]\">\n<div class=\"relative flex w-full flex-col agent-turn\">\n<div class=\"flex-col gap-1 md:gap-3\">\n<div class=\"flex flex-grow flex-col max-w-full\">\n<div class=\"min-h-[20px] text-message flex flex-col items-start gap-3 whitespace-pre-wrap break-words [.text-message+&amp;]:mt-5 overflow-x-auto\" dir=\"auto\" data-message-author-role=\"assistant\" data-message-id=\"46c21f40-c3df-4cdf-8f3e-cd64252c2c4f\">\n<div class=\"markdown prose w-full break-words dark:prose-invert light\">\n<div class=\"flex-1 overflow-hidden\">\n<div class=\"react-scroll-to-bottom--css-udson-79elbk h-full\">\n<div class=\"react-scroll-to-bottom--css-udson-1n7m0yu\">\n<div class=\"flex flex-col text-sm pb-9\">\n<div class=\"w-full text-token-text-primary\" dir=\"auto\" data-testid=\"conversation-turn-163\">\n<div class=\"px-4 py-2 justify-center text-base md:gap-6 m-auto\">\n<div class=\"flex flex-1 text-base mx-auto gap-3 juice:gap-4 juice:md:gap-6 md:px-5 lg:px-1 xl:px-5 md:max-w-3xl lg:max-w-[40rem] xl:max-w-[48rem]\">\n<div class=\"relative flex w-full flex-col agent-turn\">\n<div class=\"flex-col gap-1 md:gap-3\">\n<div class=\"flex flex-grow flex-col max-w-full\">\n<div class=\"min-h-[20px] text-message flex flex-col items-start gap-3 whitespace-pre-wrap break-words [.text-message+&amp;]:mt-5 overflow-x-auto\" dir=\"auto\" data-message-author-role=\"assistant\" data-message-id=\"8a20065a-e026-4d1c-a49b-0db2dc57aae1\">\n<div class=\"markdown prose w-full break-words dark:prose-invert light\">\n<div class=\"flex-1 overflow-hidden\">\n<div class=\"react-scroll-to-bottom--css-udson-79elbk h-full\">\n<div class=\"react-scroll-to-bottom--css-udson-1n7m0yu\">\n<div class=\"flex flex-col text-sm pb-9\">\n<div class=\"w-full text-token-text-primary\" dir=\"auto\" data-testid=\"conversation-turn-169\">\n<div class=\"px-4 py-2 justify-center text-base md:gap-6 m-auto\">\n<div class=\"flex flex-1 text-base mx-auto gap-3 juice:gap-4 juice:md:gap-6 md:px-5 lg:px-1 xl:px-5 md:max-w-3xl lg:max-w-[40rem] xl:max-w-[48rem]\">\n<div class=\"relative flex w-full flex-col agent-turn\">\n<div class=\"flex-col gap-1 md:gap-3\">\n<div class=\"flex flex-grow flex-col max-w-full\">\n<div class=\"min-h-[20px] text-message flex flex-col items-start gap-3 whitespace-pre-wrap break-words [.text-message+&amp;]:mt-5 overflow-x-auto\" dir=\"auto\" data-message-author-role=\"assistant\" data-message-id=\"ced97803-3ca4-41e3-8243-cc9b2d4d5ac6\">\n<div class=\"markdown prose w-full break-words dark:prose-invert light\">\n<p>Fond\u00e9 par Monica Rusconi, Album di Famiglia apporte au monde de la mode un luxe minimaliste et un savoir-faire artisanal. Cr\u00e9\u00e9e au d\u00e9but des ann\u00e9es 2000, cette marque italienne s'est rapidement fait conna\u00eetre pour son \u00e9l\u00e9gance discr\u00e8te et sa qualit\u00e9. Chaque collection capture l'essence de la vie de famille, alliant confort et style.<\/p>\n<p>Les pi\u00e8ces de la marque, des tricots douillets aux manteaux \u00e9l\u00e9gants, t\u00e9moignent d'une attention m\u00e9ticuleuse aux d\u00e9tails. Chaque article vise \u00e0 \u00e9quilibrer le confort, la fonctionnalit\u00e9 et le style. Avec des lignes \u00e9pur\u00e9es, des silhouettes fluides et une palette de couleurs neutres, la marque cr\u00e9e un look intemporel et polyvalent. Cette esth\u00e9tique incarne \u00e0 la fois la sophistication et la simplicit\u00e9.<\/p>\n<p>Album di Famiglia se distingue par des mat\u00e9riaux de haute qualit\u00e9. L'utilisation de coton doux, de laine luxueuse et de cachemire somptueux garantit un confort in\u00e9gal\u00e9. Chaque v\u00eatement est con\u00e7u pour \u00eatre \u00e0 la fois durable et \u00e9l\u00e9gant, soulignant l'engagement de la marque en faveur de la qualit\u00e9 et de la durabilit\u00e9.<\/p>\n<p>En outre, le souci d'excellence d'Album di Famiglia ne se limite pas \u00e0 l'habillement. La marque propose une gamme de pi\u00e8ces intemporelles qui vont au-del\u00e0 des tendances \u00e9ph\u00e9m\u00e8res de la mode. Elle vous invite \u00e0 adopter un style de vie o\u00f9 confort et \u00e9l\u00e9gance se conjuguent pour c\u00e9l\u00e9brer la beaut\u00e9 au quotidien.<\/p>\n<p>Gr\u00e2ce \u00e0 des collections bien pens\u00e9es, Album di Famiglia \u00e9l\u00e8ve l'exp\u00e9rience quotidienne de l'habillement. Les v\u00eatements combinent sans effort confort, style et polyvalence. Que vous choisissiez des basiques d\u00e9contract\u00e9s ou des pi\u00e8ces sophistiqu\u00e9es, chaque article vous permet d'exprimer votre style unique en toute confiance.<\/p>\n<p>Dans un monde domin\u00e9 par la fast fashion, Album di Famiglia offre une alternative rafra\u00eechissante. La marque pr\u00e9sente une garde-robe qui transcende les tendances et r\u00e9siste \u00e0 l'\u00e9preuve du temps, faisant de chaque moment, petit ou grand, une c\u00e9l\u00e9bration dans le style.<\/p>\n<\/div>\n<\/div>\n<\/div>\n<\/div>\n<\/div>\n<\/div>\n<\/div>\n<\/div>\n<\/div>\n<\/div>\n<\/div>\n<\/div>\n<\/div>\n<\/div>\n<\/div>\n<\/div>\n<\/div>\n<\/div>\n<\/div>\n<\/div>\n<\/div>\n<\/div>\n<\/div>\n<\/div>\n<\/div>\n<\/div>\n<\/div>\n<\/div>\n<\/div>\n<\/div>\n<\/div>\n<\/div>\n<\/div>\n<\/div>\n<\/div>\n<\/div>","protected":false},"excerpt":{"rendered":"<p>Album Di Famiglia &#8211; Men Bragonni Natt\u00e9 CW Trousers &#8211; Coffee Color: Coffee Relaxed loose fit Turned up hem Elasticated Waist Drawstring Fastening Dropped rise Side seam pockets \/ Back patch pockets Composition: 82% Cotton 14% Wool 4% Polyamid Made in Italy &nbsp; The Brand Founded by Monica Rusconi, Album di Famiglia brings minimalist luxury&hellip; <a class=\"more-link\" href=\"https:\/\/rendez-vous-store.com\/fr\/shop\/men-selection-discover-our-selection-rendez-vous-store\/trousers-shorts-rendez-vous-store\/album-di-famiglia-men-bragoni-natte-cw-trousers-coffee-rendez-vous-store\/\">Continue reading <span class=\"screen-reader-text\">Album Di Famiglia - Hommes Pantalon Bragoni Natt\u00e9 CW - Caf\u00e9<\/span><\/a><\/p>","protected":false},"featured_media":179183,"template":"","meta":{"_acf_changed":false},"product_brand":[],"product_cat":[20,73],"product_tag":[276],"class_list":{"0":"post-176791","1":"product","2":"type-product","3":"status-publish","4":"has-post-thumbnail","6":"product_cat-men-selection-discover-our-selection-rendez-vous-store","7":"product_cat-trousers-shorts-rendez-vous-store","8":"product_tag-album-di-famiglia","9":"entry","11":"first","12":"outofstock","13":"taxable","14":"shipping-taxable","15":"product-type-variable"},"acf":[],"yoast_head":"<!-- This site is optimized with the Yoast SEO plugin v24.9 - https:\/\/yoast.com\/wordpress\/plugins\/seo\/ -->\n<title>Album Di Famiglia Men Bragonni Natt\u00e9 CW Trousers Coffee<\/title>\n<meta name=\"description\" content=\"Album Di Famiglia is on Rendez-Vous Store. This Album Di Famiglia Men Bragonni Natt\u00e9 CW Trousers Coffee associate shape and texture. Discover now\" \/>\n<meta name=\"robots\" content=\"index, follow, max-snippet:-1, max-image-preview:large, max-video-preview:-1\" \/>\n<link rel=\"canonical\" href=\"https:\/\/rendez-vous-store.com\/fr\/shop\/men-selection-discover-our-selection-rendez-vous-store\/trousers-shorts-rendez-vous-store\/album-di-famiglia-men-bragoni-natte-cw-trousers-coffee-rendez-vous-store\/\" \/>\n<meta property=\"og:locale\" content=\"fr_FR\" \/>\n<meta property=\"og:type\" content=\"article\" \/>\n<meta property=\"og:title\" content=\"Album Di Famiglia Men Bragonni Natt\u00e9 CW Trousers Coffee\" \/>\n<meta property=\"og:description\" content=\"Album Di Famiglia is on Rendez-Vous Store. This Album Di Famiglia Men Bragonni Natt\u00e9 CW Trousers Coffee associate shape and texture. Discover now\" \/>\n<meta property=\"og:url\" content=\"https:\/\/rendez-vous-store.com\/fr\/shop\/men-selection-discover-our-selection-rendez-vous-store\/trousers-shorts-rendez-vous-store\/album-di-famiglia-men-bragoni-natte-cw-trousers-coffee-rendez-vous-store\/\" \/>\n<meta property=\"og:site_name\" content=\"RENDEZ-VOUS STORE\" \/>\n<meta property=\"article:modified_time\" content=\"2026-03-16T17:12:15+00:00\" \/>\n<meta property=\"og:image\" content=\"https:\/\/rendez-vous-store.com\/wp-content\/uploads\/2024\/09\/IMG_9503-e1729237767118.webp\" \/>\n\t<meta property=\"og:image:width\" content=\"1646\" \/>\n\t<meta property=\"og:image:height\" content=\"2525\" \/>\n\t<meta property=\"og:image:type\" content=\"image\/webp\" \/>\n<meta name=\"twitter:card\" content=\"summary_large_image\" \/>\n<meta name=\"twitter:label1\" content=\"Est. reading time\" \/>\n\t<meta name=\"twitter:data1\" content=\"2 minutes\" \/>\n<script type=\"application\/ld+json\" class=\"yoast-schema-graph\">{\"@context\":\"https:\/\/schema.org\",\"@graph\":[{\"@type\":\"WebPage\",\"@id\":\"https:\/\/rendez-vous-store.com\/shop\/men-selection-discover-our-selection-rendez-vous-store\/trousers-shorts-rendez-vous-store\/album-di-famiglia-men-bragoni-natte-cw-trousers-coffee-rendez-vous-store\/\",\"url\":\"https:\/\/rendez-vous-store.com\/shop\/men-selection-discover-our-selection-rendez-vous-store\/trousers-shorts-rendez-vous-store\/album-di-famiglia-men-bragoni-natte-cw-trousers-coffee-rendez-vous-store\/\",\"name\":\"Album Di Famiglia Men Bragonni Natt\u00e9 CW Trousers Coffee\",\"isPartOf\":{\"@id\":\"https:\/\/rendez-vous-store.com\/#website\"},\"primaryImageOfPage\":{\"@id\":\"https:\/\/rendez-vous-store.com\/shop\/men-selection-discover-our-selection-rendez-vous-store\/trousers-shorts-rendez-vous-store\/album-di-famiglia-men-bragoni-natte-cw-trousers-coffee-rendez-vous-store\/#primaryimage\"},\"image\":{\"@id\":\"https:\/\/rendez-vous-store.com\/shop\/men-selection-discover-our-selection-rendez-vous-store\/trousers-shorts-rendez-vous-store\/album-di-famiglia-men-bragoni-natte-cw-trousers-coffee-rendez-vous-store\/#primaryimage\"},\"thumbnailUrl\":\"https:\/\/rendez-vous-store.com\/app\/uploads\/2024\/09\/IMG_9503-e1729237767118.webp\",\"datePublished\":\"2024-09-20T13:51:03+00:00\",\"dateModified\":\"2026-03-16T17:12:15+00:00\",\"description\":\"Album Di Famiglia is on Rendez-Vous Store. This Album Di Famiglia Men Bragonni Natt\u00e9 CW Trousers Coffee associate shape and texture. Discover now\",\"breadcrumb\":{\"@id\":\"https:\/\/rendez-vous-store.com\/shop\/men-selection-discover-our-selection-rendez-vous-store\/trousers-shorts-rendez-vous-store\/album-di-famiglia-men-bragoni-natte-cw-trousers-coffee-rendez-vous-store\/#breadcrumb\"},\"inLanguage\":\"fr-FR\",\"potentialAction\":[{\"@type\":\"ReadAction\",\"target\":[\"https:\/\/rendez-vous-store.com\/shop\/men-selection-discover-our-selection-rendez-vous-store\/trousers-shorts-rendez-vous-store\/album-di-famiglia-men-bragoni-natte-cw-trousers-coffee-rendez-vous-store\/\"]}]},{\"@type\":\"ImageObject\",\"inLanguage\":\"fr-FR\",\"@id\":\"https:\/\/rendez-vous-store.com\/shop\/men-selection-discover-our-selection-rendez-vous-store\/trousers-shorts-rendez-vous-store\/album-di-famiglia-men-bragoni-natte-cw-trousers-coffee-rendez-vous-store\/#primaryimage\",\"url\":\"https:\/\/rendez-vous-store.com\/app\/uploads\/2024\/09\/IMG_9503-e1729237767118.webp\",\"contentUrl\":\"https:\/\/rendez-vous-store.com\/app\/uploads\/2024\/09\/IMG_9503-e1729237767118.webp\",\"width\":1646,\"height\":2525},{\"@type\":\"BreadcrumbList\",\"@id\":\"https:\/\/rendez-vous-store.com\/shop\/men-selection-discover-our-selection-rendez-vous-store\/trousers-shorts-rendez-vous-store\/album-di-famiglia-men-bragoni-natte-cw-trousers-coffee-rendez-vous-store\/#breadcrumb\",\"itemListElement\":[{\"@type\":\"ListItem\",\"position\":1,\"name\":\"Home\",\"item\":\"https:\/\/rendez-vous-store.com\/\"},{\"@type\":\"ListItem\",\"position\":2,\"name\":\"Shop\",\"item\":\"https:\/\/www.rendez-vous-store.com\/shop\/\"},{\"@type\":\"ListItem\",\"position\":3,\"name\":\"Album Di Famiglia &#8211; Men Bragoni Natt\u00e9 CW Trousers &#8211; Coffee\"}]},{\"@type\":\"WebSite\",\"@id\":\"https:\/\/rendez-vous-store.com\/#website\",\"url\":\"https:\/\/rendez-vous-store.com\/\",\"name\":\"RENDEZ-VOUS STORE\",\"description\":\"Slow Fashion for Women and Men\",\"potentialAction\":[{\"@type\":\"SearchAction\",\"target\":{\"@type\":\"EntryPoint\",\"urlTemplate\":\"https:\/\/rendez-vous-store.com\/?s={search_term_string}\"},\"query-input\":{\"@type\":\"PropertyValueSpecification\",\"valueRequired\":true,\"valueName\":\"search_term_string\"}}],\"inLanguage\":\"fr-FR\"}]}<\/script>\n<!-- \/ Yoast SEO plugin. -->","yoast_head_json":{"title":"Album Di Famiglia Men Bragonni Natt\u00e9 CW Trousers Coffee","description":"Album Di Famiglia is on Rendez-Vous Store. This Album Di Famiglia Men Bragonni Natt\u00e9 CW Trousers Coffee associate shape and texture. Discover now","robots":{"index":"index","follow":"follow","max-snippet":"max-snippet:-1","max-image-preview":"max-image-preview:large","max-video-preview":"max-video-preview:-1"},"canonical":"https:\/\/rendez-vous-store.com\/fr\/shop\/men-selection-discover-our-selection-rendez-vous-store\/trousers-shorts-rendez-vous-store\/album-di-famiglia-men-bragoni-natte-cw-trousers-coffee-rendez-vous-store\/","og_locale":"fr_FR","og_type":"article","og_title":"Album Di Famiglia Men Bragonni Natt\u00e9 CW Trousers Coffee","og_description":"Album Di Famiglia is on Rendez-Vous Store. This Album Di Famiglia Men Bragonni Natt\u00e9 CW Trousers Coffee associate shape and texture. Discover now","og_url":"https:\/\/rendez-vous-store.com\/fr\/shop\/men-selection-discover-our-selection-rendez-vous-store\/trousers-shorts-rendez-vous-store\/album-di-famiglia-men-bragoni-natte-cw-trousers-coffee-rendez-vous-store\/","og_site_name":"RENDEZ-VOUS STORE","article_modified_time":"2026-03-16T17:12:15+00:00","og_image":[{"width":1646,"height":2525,"url":"https:\/\/rendez-vous-store.com\/wp-content\/uploads\/2024\/09\/IMG_9503-e1729237767118.webp","type":"image\/webp"}],"twitter_card":"summary_large_image","twitter_misc":{"Est. reading time":"2 minutes"},"schema":{"@context":"https:\/\/schema.org","@graph":[{"@type":"WebPage","@id":"https:\/\/rendez-vous-store.com\/shop\/men-selection-discover-our-selection-rendez-vous-store\/trousers-shorts-rendez-vous-store\/album-di-famiglia-men-bragoni-natte-cw-trousers-coffee-rendez-vous-store\/","url":"https:\/\/rendez-vous-store.com\/shop\/men-selection-discover-our-selection-rendez-vous-store\/trousers-shorts-rendez-vous-store\/album-di-famiglia-men-bragoni-natte-cw-trousers-coffee-rendez-vous-store\/","name":"Album Di Famiglia Men Bragonni Natt\u00e9 CW Trousers Coffee","isPartOf":{"@id":"https:\/\/rendez-vous-store.com\/#website"},"primaryImageOfPage":{"@id":"https:\/\/rendez-vous-store.com\/shop\/men-selection-discover-our-selection-rendez-vous-store\/trousers-shorts-rendez-vous-store\/album-di-famiglia-men-bragoni-natte-cw-trousers-coffee-rendez-vous-store\/#primaryimage"},"image":{"@id":"https:\/\/rendez-vous-store.com\/shop\/men-selection-discover-our-selection-rendez-vous-store\/trousers-shorts-rendez-vous-store\/album-di-famiglia-men-bragoni-natte-cw-trousers-coffee-rendez-vous-store\/#primaryimage"},"thumbnailUrl":"https:\/\/rendez-vous-store.com\/app\/uploads\/2024\/09\/IMG_9503-e1729237767118.webp","datePublished":"2024-09-20T13:51:03+00:00","dateModified":"2026-03-16T17:12:15+00:00","description":"Album Di Famiglia is on Rendez-Vous Store. This Album Di Famiglia Men Bragonni Natt\u00e9 CW Trousers Coffee associate shape and texture. Discover now","breadcrumb":{"@id":"https:\/\/rendez-vous-store.com\/shop\/men-selection-discover-our-selection-rendez-vous-store\/trousers-shorts-rendez-vous-store\/album-di-famiglia-men-bragoni-natte-cw-trousers-coffee-rendez-vous-store\/#breadcrumb"},"inLanguage":"fr-FR","potentialAction":[{"@type":"ReadAction","target":["https:\/\/rendez-vous-store.com\/shop\/men-selection-discover-our-selection-rendez-vous-store\/trousers-shorts-rendez-vous-store\/album-di-famiglia-men-bragoni-natte-cw-trousers-coffee-rendez-vous-store\/"]}]},{"@type":"ImageObject","inLanguage":"fr-FR","@id":"https:\/\/rendez-vous-store.com\/shop\/men-selection-discover-our-selection-rendez-vous-store\/trousers-shorts-rendez-vous-store\/album-di-famiglia-men-bragoni-natte-cw-trousers-coffee-rendez-vous-store\/#primaryimage","url":"https:\/\/rendez-vous-store.com\/app\/uploads\/2024\/09\/IMG_9503-e1729237767118.webp","contentUrl":"https:\/\/rendez-vous-store.com\/app\/uploads\/2024\/09\/IMG_9503-e1729237767118.webp","width":1646,"height":2525},{"@type":"BreadcrumbList","@id":"https:\/\/rendez-vous-store.com\/shop\/men-selection-discover-our-selection-rendez-vous-store\/trousers-shorts-rendez-vous-store\/album-di-famiglia-men-bragoni-natte-cw-trousers-coffee-rendez-vous-store\/#breadcrumb","itemListElement":[{"@type":"ListItem","position":1,"name":"Home","item":"https:\/\/rendez-vous-store.com\/"},{"@type":"ListItem","position":2,"name":"Shop","item":"https:\/\/www.rendez-vous-store.com\/shop\/"},{"@type":"ListItem","position":3,"name":"Album Di Famiglia &#8211; Men Bragoni Natt\u00e9 CW Trousers &#8211; Coffee"}]},{"@type":"WebSite","@id":"https:\/\/rendez-vous-store.com\/#website","url":"https:\/\/rendez-vous-store.com\/","name":"RENDEZ-VOUS STORE","description":"Slow Fashion for Women and Men","potentialAction":[{"@type":"SearchAction","target":{"@type":"EntryPoint","urlTemplate":"https:\/\/rendez-vous-store.com\/?s={search_term_string}"},"query-input":{"@type":"PropertyValueSpecification","valueRequired":true,"valueName":"search_term_string"}}],"inLanguage":"fr-FR"}]}},"_links":{"self":[{"href":"https:\/\/rendez-vous-store.com\/fr\/wp-json\/wp\/v2\/product\/176791","targetHints":{"allow":["GET"]}}],"collection":[{"href":"https:\/\/rendez-vous-store.com\/fr\/wp-json\/wp\/v2\/product"}],"about":[{"href":"https:\/\/rendez-vous-store.com\/fr\/wp-json\/wp\/v2\/types\/product"}],"wp:featuredmedia":[{"embeddable":true,"href":"https:\/\/rendez-vous-store.com\/fr\/wp-json\/wp\/v2\/media\/179183"}],"wp:attachment":[{"href":"https:\/\/rendez-vous-store.com\/fr\/wp-json\/wp\/v2\/media?parent=176791"}],"wp:term":[{"taxonomy":"product_brand","embeddable":true,"href":"https:\/\/rendez-vous-store.com\/fr\/wp-json\/wp\/v2\/product_brand?post=176791"},{"taxonomy":"product_cat","embeddable":true,"href":"https:\/\/rendez-vous-store.com\/fr\/wp-json\/wp\/v2\/product_cat?post=176791"},{"taxonomy":"product_tag","embeddable":true,"href":"https:\/\/rendez-vous-store.com\/fr\/wp-json\/wp\/v2\/product_tag?post=176791"}],"curies":[{"name":"wp","href":"https:\/\/api.w.org\/{rel}","templated":true}]}}