{"id":176783,"date":"2024-09-20T15:51:01","date_gmt":"2024-09-20T13:51:01","guid":{"rendered":"https:\/\/rendez-vous-store.com\/?post_type=product&#038;p=176783"},"modified":"2026-04-24T15:10:19","modified_gmt":"2026-04-24T13:10:19","slug":"album-di-famiglia-men-blazer-hw-pepper","status":"publish","type":"product","link":"https:\/\/rendez-vous-store.com\/fr\/shop\/special-offer-men-rendez-vous-store\/men-coat-and-jacket-special-offer\/album-di-famiglia-men-blazer-hw-pepper\/","title":{"rendered":"Album Di Famiglia \u2013 Blazer Homme HW \u2013 Poivre"},"content":{"rendered":"<p><strong>Album Di Famiglia \u2013 Blazer Homme HW \u2013 Poivre<\/strong><\/p>\n<p>Couleur : Poivre<\/p>\n<p>Coupe d\u00e9contract\u00e9e<\/p>\n<p>\u00c9vent noir<\/p>\n<p>\u00c9paules tombantes<\/p>\n<p>Poches \u00e0 rabat sur le devant<\/p>\n<p>Bouton de fermeture<\/p>\n<p>Manches ajust\u00e9es plus fines<\/p>\n<p>Non doubl\u00e9<\/p>\n<p>Composition : 55% Laine 20% Polyamide 20% Chanvre 5% Autres fibres<\/p>\n<p>Fabriqu\u00e9 en Italie<\/p>\n<p>&nbsp;<\/p>\n<h4>La marque<\/h4>\n<p>Fond\u00e9 par Monica Rusconi, Album di Famiglia apporte au monde de la mode un luxe minimaliste et un savoir-faire artisanal. Cr\u00e9\u00e9e au d\u00e9but des ann\u00e9es 2000, cette marque italienne s'est rapidement fait conna\u00eetre pour son \u00e9l\u00e9gance discr\u00e8te et sa qualit\u00e9. Chaque collection capture l'essence de la vie de famille, alliant confort et style.<\/p>","protected":false},"excerpt":{"rendered":"<p>Album Di Famiglia &#8211; Men Blazer HW &#8211; Pepper Color: Pepper Relaxed fit Black vent Drop shoulders Front flap pockets Button from closure Slimmer fitted sleeves Unlined Composition: 55% Whool 20% Polyamide 20% True hemp 5% other fibres Made in Italy &nbsp; The Brand Founded by Monica Rusconi, Album di Famiglia brings minimalist luxury and&hellip; <a class=\"more-link\" href=\"https:\/\/rendez-vous-store.com\/fr\/shop\/special-offer-men-rendez-vous-store\/men-coat-and-jacket-special-offer\/album-di-famiglia-men-blazer-hw-pepper\/\">Continuer la lecture <span class=\"screen-reader-text\">Album Di Famiglia \u2013 Blazer Homme HW \u2013 Poivre<\/span><\/a><\/p>","protected":false},"featured_media":179179,"template":"","meta":{"_acf_changed":false},"product_brand":[],"product_cat":[1291,1306,1353,1312,1350,1304,20,53],"product_tag":[276],"class_list":{"0":"post-176783","1":"product","2":"type-product","3":"status-publish","4":"has-post-thumbnail","6":"product_cat-sale-30","7":"product_cat-jacket-coat-unisex-rendez-vous-store","8":"product_cat-men-coat-and-jacket-special-offer","9":"product_cat-rdvs-selection-unisex-rendez-vous-store","10":"product_cat-special-offer-men-rendez-vous-store","11":"product_cat-unisex-rendez-vous-store","12":"product_cat-men-selection-discover-our-selection-rendez-vous-store","13":"product_cat-jackets-coats-discover-our-selection","14":"product_tag-album-di-famiglia","15":"entry","17":"first","18":"outofstock","19":"taxable","20":"shipping-taxable","21":"product-type-variable"},"acf":[],"yoast_head":"<!-- This site is optimized with the Yoast SEO plugin v24.9 - https:\/\/yoast.com\/wordpress\/plugins\/seo\/ -->\n<title>Album Di Famiglia Men Blazer HW Pepper<\/title>\n<meta name=\"description\" content=\"Album Di Famiglia is on Rendez-Vous Store. This Album Di Famiglia Men Blazer HW Pepper associate shape and texture. Discover now\" \/>\n<meta name=\"robots\" content=\"index, follow, max-snippet:-1, max-image-preview:large, max-video-preview:-1\" \/>\n<link rel=\"canonical\" href=\"https:\/\/rendez-vous-store.com\/fr\/shop\/special-offer-men-rendez-vous-store\/men-coat-and-jacket-special-offer\/album-di-famiglia-men-blazer-hw-pepper\/\" \/>\n<meta property=\"og:locale\" content=\"fr_FR\" \/>\n<meta property=\"og:type\" content=\"article\" \/>\n<meta property=\"og:title\" content=\"Album Di Famiglia Men Blazer HW Pepper\" \/>\n<meta property=\"og:description\" content=\"Album Di Famiglia is on Rendez-Vous Store. This Album Di Famiglia Men Blazer HW Pepper associate shape and texture. Discover now\" \/>\n<meta property=\"og:url\" content=\"https:\/\/rendez-vous-store.com\/fr\/shop\/special-offer-men-rendez-vous-store\/men-coat-and-jacket-special-offer\/album-di-famiglia-men-blazer-hw-pepper\/\" \/>\n<meta property=\"og:site_name\" content=\"RENDEZ-VOUS STORE\" \/>\n<meta property=\"article:modified_time\" content=\"2026-04-24T13:10:19+00:00\" \/>\n<meta property=\"og:image\" content=\"https:\/\/rendez-vous-store.com\/wp-content\/uploads\/2024\/09\/IMG_9499.webp\" \/>\n\t<meta property=\"og:image:width\" content=\"1696\" \/>\n\t<meta property=\"og:image:height\" content=\"2560\" \/>\n\t<meta property=\"og:image:type\" content=\"image\/webp\" \/>\n<meta name=\"twitter:card\" content=\"summary_large_image\" \/>\n<meta name=\"twitter:label1\" content=\"Est. reading time\" \/>\n\t<meta name=\"twitter:data1\" content=\"1 minute\" \/>\n<script type=\"application\/ld+json\" class=\"yoast-schema-graph\">{\"@context\":\"https:\/\/schema.org\",\"@graph\":[{\"@type\":\"WebPage\",\"@id\":\"https:\/\/rendez-vous-store.com\/shop\/special-offer-men-rendez-vous-store\/men-coat-and-jacket-special-offer\/album-di-famiglia-men-blazer-hw-pepper\/\",\"url\":\"https:\/\/rendez-vous-store.com\/shop\/special-offer-men-rendez-vous-store\/men-coat-and-jacket-special-offer\/album-di-famiglia-men-blazer-hw-pepper\/\",\"name\":\"Album Di Famiglia Men Blazer HW Pepper\",\"isPartOf\":{\"@id\":\"https:\/\/rendez-vous-store.com\/#website\"},\"primaryImageOfPage\":{\"@id\":\"https:\/\/rendez-vous-store.com\/shop\/special-offer-men-rendez-vous-store\/men-coat-and-jacket-special-offer\/album-di-famiglia-men-blazer-hw-pepper\/#primaryimage\"},\"image\":{\"@id\":\"https:\/\/rendez-vous-store.com\/shop\/special-offer-men-rendez-vous-store\/men-coat-and-jacket-special-offer\/album-di-famiglia-men-blazer-hw-pepper\/#primaryimage\"},\"thumbnailUrl\":\"https:\/\/rendez-vous-store.com\/app\/uploads\/2024\/09\/IMG_9499.webp\",\"datePublished\":\"2024-09-20T13:51:01+00:00\",\"dateModified\":\"2026-04-24T13:10:19+00:00\",\"description\":\"Album Di Famiglia is on Rendez-Vous Store. This Album Di Famiglia Men Blazer HW Pepper associate shape and texture. Discover now\",\"breadcrumb\":{\"@id\":\"https:\/\/rendez-vous-store.com\/shop\/special-offer-men-rendez-vous-store\/men-coat-and-jacket-special-offer\/album-di-famiglia-men-blazer-hw-pepper\/#breadcrumb\"},\"inLanguage\":\"fr-FR\",\"potentialAction\":[{\"@type\":\"ReadAction\",\"target\":[\"https:\/\/rendez-vous-store.com\/shop\/special-offer-men-rendez-vous-store\/men-coat-and-jacket-special-offer\/album-di-famiglia-men-blazer-hw-pepper\/\"]}]},{\"@type\":\"ImageObject\",\"inLanguage\":\"fr-FR\",\"@id\":\"https:\/\/rendez-vous-store.com\/shop\/special-offer-men-rendez-vous-store\/men-coat-and-jacket-special-offer\/album-di-famiglia-men-blazer-hw-pepper\/#primaryimage\",\"url\":\"https:\/\/rendez-vous-store.com\/app\/uploads\/2024\/09\/IMG_9499.webp\",\"contentUrl\":\"https:\/\/rendez-vous-store.com\/app\/uploads\/2024\/09\/IMG_9499.webp\",\"width\":1696,\"height\":2560},{\"@type\":\"BreadcrumbList\",\"@id\":\"https:\/\/rendez-vous-store.com\/shop\/special-offer-men-rendez-vous-store\/men-coat-and-jacket-special-offer\/album-di-famiglia-men-blazer-hw-pepper\/#breadcrumb\",\"itemListElement\":[{\"@type\":\"ListItem\",\"position\":1,\"name\":\"Home\",\"item\":\"https:\/\/rendez-vous-store.com\/\"},{\"@type\":\"ListItem\",\"position\":2,\"name\":\"Shop\",\"item\":\"https:\/\/www.rendez-vous-store.com\/shop\/\"},{\"@type\":\"ListItem\",\"position\":3,\"name\":\"Album Di Famiglia &#8211; Men Blazer HW &#8211; Pepper\"}]},{\"@type\":\"WebSite\",\"@id\":\"https:\/\/rendez-vous-store.com\/#website\",\"url\":\"https:\/\/rendez-vous-store.com\/\",\"name\":\"RENDEZ-VOUS STORE\",\"description\":\"Slow Fashion for Women and Men\",\"potentialAction\":[{\"@type\":\"SearchAction\",\"target\":{\"@type\":\"EntryPoint\",\"urlTemplate\":\"https:\/\/rendez-vous-store.com\/?s={search_term_string}\"},\"query-input\":{\"@type\":\"PropertyValueSpecification\",\"valueRequired\":true,\"valueName\":\"search_term_string\"}}],\"inLanguage\":\"fr-FR\"}]}<\/script>\n<!-- \/ Yoast SEO plugin. -->","yoast_head_json":{"title":"Album Di Famiglia Men Blazer HW Pepper","description":"Album Di Famiglia is on Rendez-Vous Store. This Album Di Famiglia Men Blazer HW Pepper associate shape and texture. Discover now","robots":{"index":"index","follow":"follow","max-snippet":"max-snippet:-1","max-image-preview":"max-image-preview:large","max-video-preview":"max-video-preview:-1"},"canonical":"https:\/\/rendez-vous-store.com\/fr\/shop\/special-offer-men-rendez-vous-store\/men-coat-and-jacket-special-offer\/album-di-famiglia-men-blazer-hw-pepper\/","og_locale":"fr_FR","og_type":"article","og_title":"Album Di Famiglia Men Blazer HW Pepper","og_description":"Album Di Famiglia is on Rendez-Vous Store. This Album Di Famiglia Men Blazer HW Pepper associate shape and texture. Discover now","og_url":"https:\/\/rendez-vous-store.com\/fr\/shop\/special-offer-men-rendez-vous-store\/men-coat-and-jacket-special-offer\/album-di-famiglia-men-blazer-hw-pepper\/","og_site_name":"RENDEZ-VOUS STORE","article_modified_time":"2026-04-24T13:10:19+00:00","og_image":[{"width":1696,"height":2560,"url":"https:\/\/rendez-vous-store.com\/wp-content\/uploads\/2024\/09\/IMG_9499.webp","type":"image\/webp"}],"twitter_card":"summary_large_image","twitter_misc":{"Est. reading time":"1 minute"},"schema":{"@context":"https:\/\/schema.org","@graph":[{"@type":"WebPage","@id":"https:\/\/rendez-vous-store.com\/shop\/special-offer-men-rendez-vous-store\/men-coat-and-jacket-special-offer\/album-di-famiglia-men-blazer-hw-pepper\/","url":"https:\/\/rendez-vous-store.com\/shop\/special-offer-men-rendez-vous-store\/men-coat-and-jacket-special-offer\/album-di-famiglia-men-blazer-hw-pepper\/","name":"Album Di Famiglia Men Blazer HW Pepper","isPartOf":{"@id":"https:\/\/rendez-vous-store.com\/#website"},"primaryImageOfPage":{"@id":"https:\/\/rendez-vous-store.com\/shop\/special-offer-men-rendez-vous-store\/men-coat-and-jacket-special-offer\/album-di-famiglia-men-blazer-hw-pepper\/#primaryimage"},"image":{"@id":"https:\/\/rendez-vous-store.com\/shop\/special-offer-men-rendez-vous-store\/men-coat-and-jacket-special-offer\/album-di-famiglia-men-blazer-hw-pepper\/#primaryimage"},"thumbnailUrl":"https:\/\/rendez-vous-store.com\/app\/uploads\/2024\/09\/IMG_9499.webp","datePublished":"2024-09-20T13:51:01+00:00","dateModified":"2026-04-24T13:10:19+00:00","description":"Album Di Famiglia is on Rendez-Vous Store. This Album Di Famiglia Men Blazer HW Pepper associate shape and texture. Discover now","breadcrumb":{"@id":"https:\/\/rendez-vous-store.com\/shop\/special-offer-men-rendez-vous-store\/men-coat-and-jacket-special-offer\/album-di-famiglia-men-blazer-hw-pepper\/#breadcrumb"},"inLanguage":"fr-FR","potentialAction":[{"@type":"ReadAction","target":["https:\/\/rendez-vous-store.com\/shop\/special-offer-men-rendez-vous-store\/men-coat-and-jacket-special-offer\/album-di-famiglia-men-blazer-hw-pepper\/"]}]},{"@type":"ImageObject","inLanguage":"fr-FR","@id":"https:\/\/rendez-vous-store.com\/shop\/special-offer-men-rendez-vous-store\/men-coat-and-jacket-special-offer\/album-di-famiglia-men-blazer-hw-pepper\/#primaryimage","url":"https:\/\/rendez-vous-store.com\/app\/uploads\/2024\/09\/IMG_9499.webp","contentUrl":"https:\/\/rendez-vous-store.com\/app\/uploads\/2024\/09\/IMG_9499.webp","width":1696,"height":2560},{"@type":"BreadcrumbList","@id":"https:\/\/rendez-vous-store.com\/shop\/special-offer-men-rendez-vous-store\/men-coat-and-jacket-special-offer\/album-di-famiglia-men-blazer-hw-pepper\/#breadcrumb","itemListElement":[{"@type":"ListItem","position":1,"name":"Home","item":"https:\/\/rendez-vous-store.com\/"},{"@type":"ListItem","position":2,"name":"Shop","item":"https:\/\/www.rendez-vous-store.com\/shop\/"},{"@type":"ListItem","position":3,"name":"Album Di Famiglia &#8211; Men Blazer HW &#8211; Pepper"}]},{"@type":"WebSite","@id":"https:\/\/rendez-vous-store.com\/#website","url":"https:\/\/rendez-vous-store.com\/","name":"RENDEZ-VOUS STORE","description":"Slow Fashion for Women and Men","potentialAction":[{"@type":"SearchAction","target":{"@type":"EntryPoint","urlTemplate":"https:\/\/rendez-vous-store.com\/?s={search_term_string}"},"query-input":{"@type":"PropertyValueSpecification","valueRequired":true,"valueName":"search_term_string"}}],"inLanguage":"fr-FR"}]}},"_links":{"self":[{"href":"https:\/\/rendez-vous-store.com\/fr\/wp-json\/wp\/v2\/product\/176783","targetHints":{"allow":["GET"]}}],"collection":[{"href":"https:\/\/rendez-vous-store.com\/fr\/wp-json\/wp\/v2\/product"}],"about":[{"href":"https:\/\/rendez-vous-store.com\/fr\/wp-json\/wp\/v2\/types\/product"}],"wp:featuredmedia":[{"embeddable":true,"href":"https:\/\/rendez-vous-store.com\/fr\/wp-json\/wp\/v2\/media\/179179"}],"wp:attachment":[{"href":"https:\/\/rendez-vous-store.com\/fr\/wp-json\/wp\/v2\/media?parent=176783"}],"wp:term":[{"taxonomy":"product_brand","embeddable":true,"href":"https:\/\/rendez-vous-store.com\/fr\/wp-json\/wp\/v2\/product_brand?post=176783"},{"taxonomy":"product_cat","embeddable":true,"href":"https:\/\/rendez-vous-store.com\/fr\/wp-json\/wp\/v2\/product_cat?post=176783"},{"taxonomy":"product_tag","embeddable":true,"href":"https:\/\/rendez-vous-store.com\/fr\/wp-json\/wp\/v2\/product_tag?post=176783"}],"curies":[{"name":"wp","href":"https:\/\/api.w.org\/{rel}","templated":true}]}}