{"id":176594,"date":"2024-09-19T16:37:13","date_gmt":"2024-09-19T14:37:13","guid":{"rendered":"https:\/\/rendez-vous-store.com\/?post_type=product&#038;p=176594"},"modified":"2026-04-24T15:04:33","modified_gmt":"2026-04-24T13:04:33","slug":"zilla-naplak-leather-big-dagi-coffee-rendez-vous-store","status":"publish","type":"product","link":"https:\/\/rendez-vous-store.com\/fr\/shop\/women\/women-bags-rendez-vous-store\/zilla-naplak-leather-big-dagi-coffee-rendez-vous-store\/","title":{"rendered":"Zilla &#8211; Naplak Leather Big Dagi &#8211; Coffee"},"content":{"rendered":"<p><strong>Zilla Naplak Leather Big Dagi Coffee<\/strong><\/p>\n<p>Couleur : Marron caf\u00e9<\/p>\n<p>Sac en nylon avec fermeture en coulisse<\/p>\n<p>Le sac est muni d'une bandouli\u00e8re pour un portage polyvalent.<\/p>\n<p>Fabriqu\u00e9 en Italie<\/p>\n<p>Composition : cuir naplak<\/p>\n<p>Dimensions : 32cm x 19cm x 8cm<\/p>\n<p>&nbsp;<\/p>\n<p><strong>La marque<\/strong><\/p>\n<p>Zilla est une marque de sacs \u00e0 main de luxe bas\u00e9e en Italie, fond\u00e9e en 2005 par l'architecte et designer Sylvia Pichler. S'inspirant de sa formation en architecture et de son lien profond avec les mat\u00e9riaux industriels, Sylvia Pichler transforme des \u00e9l\u00e9ments de construction quotidiens en accessoires de haute couture. La marque est connue pour ses designs minimalistes et sculpturaux qui mettent l'accent \u00e0 la fois sur la beaut\u00e9 esth\u00e9tique et la fonctionnalit\u00e9 pratique. Les sacs Zilla sont l\u00e9gers, pliables et souvent fabriqu\u00e9s \u00e0 partir de mat\u00e9riaux non conventionnels tels que des feuilles m\u00e9talliques, du satin et des tissus \u00e9cologiques. Cette approche innovante conf\u00e8re \u00e0 chaque pi\u00e8ce une texture unique et un attrait moderne.<\/p>\n<p>Fabriqu\u00e9 \u00e0 la main dans le nord de l'Italie, Zilla garantit un savoir-faire de haute qualit\u00e9 et un souci du d\u00e9tail dans chaque pi\u00e8ce. Zilla met l'accent \u00e0 la fois sur la beaut\u00e9 esth\u00e9tique et la fonctionnalit\u00e9 pratique gr\u00e2ce \u00e0 ses designs minimalistes et sculpturaux. Ce d\u00e9vouement \u00e0 la qualit\u00e9 et au design a permis \u00e0 Zilla de s'imposer comme un acteur cl\u00e9 sur la sc\u00e8ne internationale de la mode, avec des collections disponibles dans des boutiques s\u00e9lectionn\u00e9es et des magasins haut de gamme dans le monde entier.<\/p>","protected":false},"excerpt":{"rendered":"<p>Zilla Naplak Leather Big Dagi Coffee Color: Coffee Nylon sachet bag with coulisse closure The bag comes with a shoulder strap for versatile carrying options Made in Italy Composition: naplak leather Dimensions: 32cm x 19cm x 8cm &nbsp; The brand Zilla is a luxury handbag brand based in Italy, founded in 2005 by architect and&hellip; <a class=\"more-link\" href=\"https:\/\/rendez-vous-store.com\/fr\/shop\/women\/women-bags-rendez-vous-store\/zilla-naplak-leather-big-dagi-coffee-rendez-vous-store\/\">Continuer la lecture <span class=\"screen-reader-text\">Zilla &#8211; Naplak Leather Big Dagi &#8211; Coffee<\/span><\/a><\/p>","protected":false},"featured_media":176916,"template":"","meta":{"_acf_changed":false},"product_brand":[],"product_cat":[17,417],"product_tag":[869],"class_list":{"0":"post-176594","1":"product","2":"type-product","3":"status-publish","4":"has-post-thumbnail","6":"product_cat-women","7":"product_cat-women-bags-rendez-vous-store","8":"product_tag-zilla-italian-bags-rendez-vous-store","9":"entry","11":"first","12":"outofstock","13":"taxable","14":"shipping-taxable","15":"product-type-variable"},"acf":[],"yoast_head":"<!-- This site is optimized with the Yoast SEO plugin v24.9 - https:\/\/yoast.com\/wordpress\/plugins\/seo\/ -->\n<title>Zilla - Naplak Leather Big Dagi Coffee - Rendez-vous Store<\/title>\n<meta name=\"description\" content=\"Zilla is on Rendez-vous Store. Zilla Naplak Leather Big Dagi Coffee is a fashion statement embracing minimalism.\" \/>\n<meta name=\"robots\" content=\"index, follow, max-snippet:-1, max-image-preview:large, max-video-preview:-1\" \/>\n<link rel=\"canonical\" href=\"https:\/\/rendez-vous-store.com\/fr\/shop\/women\/women-bags-rendez-vous-store\/zilla-naplak-leather-big-dagi-coffee-rendez-vous-store\/\" \/>\n<meta property=\"og:locale\" content=\"fr_FR\" \/>\n<meta property=\"og:type\" content=\"article\" \/>\n<meta property=\"og:title\" content=\"Zilla - Naplak Leather Big Dagi Coffee - Rendez-vous Store\" \/>\n<meta property=\"og:description\" content=\"Zilla is on Rendez-vous Store. Zilla Naplak Leather Big Dagi Coffee is a fashion statement embracing minimalism.\" \/>\n<meta property=\"og:url\" content=\"https:\/\/rendez-vous-store.com\/fr\/shop\/women\/women-bags-rendez-vous-store\/zilla-naplak-leather-big-dagi-coffee-rendez-vous-store\/\" \/>\n<meta property=\"og:site_name\" content=\"RENDEZ-VOUS STORE\" \/>\n<meta property=\"article:modified_time\" content=\"2026-04-24T13:04:33+00:00\" \/>\n<meta property=\"og:image\" content=\"https:\/\/rendez-vous-store.com\/app\/uploads\/2024\/09\/rdv_zilla_40-scaled.webp\" \/>\n\t<meta property=\"og:image:width\" content=\"1696\" \/>\n\t<meta property=\"og:image:height\" content=\"2560\" \/>\n\t<meta property=\"og:image:type\" content=\"image\/webp\" \/>\n<meta name=\"twitter:card\" content=\"summary_large_image\" \/>\n<meta name=\"twitter:label1\" content=\"Est. reading time\" \/>\n\t<meta name=\"twitter:data1\" content=\"2 minutes\" \/>\n<script type=\"application\/ld+json\" class=\"yoast-schema-graph\">{\"@context\":\"https:\/\/schema.org\",\"@graph\":[{\"@type\":\"WebPage\",\"@id\":\"https:\/\/rendez-vous-store.com\/shop\/women\/women-bags-rendez-vous-store\/zilla-naplak-leather-big-dagi-coffee-rendez-vous-store\/\",\"url\":\"https:\/\/rendez-vous-store.com\/shop\/women\/women-bags-rendez-vous-store\/zilla-naplak-leather-big-dagi-coffee-rendez-vous-store\/\",\"name\":\"Zilla - Naplak Leather Big Dagi Coffee - Rendez-vous Store\",\"isPartOf\":{\"@id\":\"https:\/\/rendez-vous-store.com\/#website\"},\"primaryImageOfPage\":{\"@id\":\"https:\/\/rendez-vous-store.com\/shop\/women\/women-bags-rendez-vous-store\/zilla-naplak-leather-big-dagi-coffee-rendez-vous-store\/#primaryimage\"},\"image\":{\"@id\":\"https:\/\/rendez-vous-store.com\/shop\/women\/women-bags-rendez-vous-store\/zilla-naplak-leather-big-dagi-coffee-rendez-vous-store\/#primaryimage\"},\"thumbnailUrl\":\"https:\/\/rendez-vous-store.com\/app\/uploads\/2024\/09\/rdv_zilla_40-scaled.webp\",\"datePublished\":\"2024-09-19T14:37:13+00:00\",\"dateModified\":\"2026-04-24T13:04:33+00:00\",\"description\":\"Zilla is on Rendez-vous Store. Zilla Naplak Leather Big Dagi Coffee is a fashion statement embracing minimalism.\",\"breadcrumb\":{\"@id\":\"https:\/\/rendez-vous-store.com\/shop\/women\/women-bags-rendez-vous-store\/zilla-naplak-leather-big-dagi-coffee-rendez-vous-store\/#breadcrumb\"},\"inLanguage\":\"fr-FR\",\"potentialAction\":[{\"@type\":\"ReadAction\",\"target\":[\"https:\/\/rendez-vous-store.com\/shop\/women\/women-bags-rendez-vous-store\/zilla-naplak-leather-big-dagi-coffee-rendez-vous-store\/\"]}]},{\"@type\":\"ImageObject\",\"inLanguage\":\"fr-FR\",\"@id\":\"https:\/\/rendez-vous-store.com\/shop\/women\/women-bags-rendez-vous-store\/zilla-naplak-leather-big-dagi-coffee-rendez-vous-store\/#primaryimage\",\"url\":\"https:\/\/rendez-vous-store.com\/app\/uploads\/2024\/09\/rdv_zilla_40-scaled.webp\",\"contentUrl\":\"https:\/\/rendez-vous-store.com\/app\/uploads\/2024\/09\/rdv_zilla_40-scaled.webp\",\"width\":1696,\"height\":2560,\"caption\":\"Zilla - Naplak Leather Big Dagi - Coffee\"},{\"@type\":\"BreadcrumbList\",\"@id\":\"https:\/\/rendez-vous-store.com\/shop\/women\/women-bags-rendez-vous-store\/zilla-naplak-leather-big-dagi-coffee-rendez-vous-store\/#breadcrumb\",\"itemListElement\":[{\"@type\":\"ListItem\",\"position\":1,\"name\":\"Home\",\"item\":\"https:\/\/rendez-vous-store.com\/\"},{\"@type\":\"ListItem\",\"position\":2,\"name\":\"Shop\",\"item\":\"https:\/\/www.rendez-vous-store.com\/shop\/\"},{\"@type\":\"ListItem\",\"position\":3,\"name\":\"Zilla &#8211; Naplak Leather Big Dagi &#8211; Coffee\"}]},{\"@type\":\"WebSite\",\"@id\":\"https:\/\/rendez-vous-store.com\/#website\",\"url\":\"https:\/\/rendez-vous-store.com\/\",\"name\":\"RENDEZ-VOUS STORE\",\"description\":\"Slow Fashion for Women and Men\",\"potentialAction\":[{\"@type\":\"SearchAction\",\"target\":{\"@type\":\"EntryPoint\",\"urlTemplate\":\"https:\/\/rendez-vous-store.com\/?s={search_term_string}\"},\"query-input\":{\"@type\":\"PropertyValueSpecification\",\"valueRequired\":true,\"valueName\":\"search_term_string\"}}],\"inLanguage\":\"fr-FR\"}]}<\/script>\n<!-- \/ Yoast SEO plugin. -->","yoast_head_json":{"title":"Zilla - Naplak Leather Big Dagi Coffee - Rendez-vous Store","description":"Zilla is on Rendez-vous Store. Zilla Naplak Leather Big Dagi Coffee is a fashion statement embracing minimalism.","robots":{"index":"index","follow":"follow","max-snippet":"max-snippet:-1","max-image-preview":"max-image-preview:large","max-video-preview":"max-video-preview:-1"},"canonical":"https:\/\/rendez-vous-store.com\/fr\/shop\/women\/women-bags-rendez-vous-store\/zilla-naplak-leather-big-dagi-coffee-rendez-vous-store\/","og_locale":"fr_FR","og_type":"article","og_title":"Zilla - Naplak Leather Big Dagi Coffee - Rendez-vous Store","og_description":"Zilla is on Rendez-vous Store. Zilla Naplak Leather Big Dagi Coffee is a fashion statement embracing minimalism.","og_url":"https:\/\/rendez-vous-store.com\/fr\/shop\/women\/women-bags-rendez-vous-store\/zilla-naplak-leather-big-dagi-coffee-rendez-vous-store\/","og_site_name":"RENDEZ-VOUS STORE","article_modified_time":"2026-04-24T13:04:33+00:00","og_image":[{"width":1696,"height":2560,"url":"https:\/\/rendez-vous-store.com\/app\/uploads\/2024\/09\/rdv_zilla_40-scaled.webp","type":"image\/webp"}],"twitter_card":"summary_large_image","twitter_misc":{"Est. reading time":"2 minutes"},"schema":{"@context":"https:\/\/schema.org","@graph":[{"@type":"WebPage","@id":"https:\/\/rendez-vous-store.com\/shop\/women\/women-bags-rendez-vous-store\/zilla-naplak-leather-big-dagi-coffee-rendez-vous-store\/","url":"https:\/\/rendez-vous-store.com\/shop\/women\/women-bags-rendez-vous-store\/zilla-naplak-leather-big-dagi-coffee-rendez-vous-store\/","name":"Zilla - Naplak Leather Big Dagi Coffee - Rendez-vous Store","isPartOf":{"@id":"https:\/\/rendez-vous-store.com\/#website"},"primaryImageOfPage":{"@id":"https:\/\/rendez-vous-store.com\/shop\/women\/women-bags-rendez-vous-store\/zilla-naplak-leather-big-dagi-coffee-rendez-vous-store\/#primaryimage"},"image":{"@id":"https:\/\/rendez-vous-store.com\/shop\/women\/women-bags-rendez-vous-store\/zilla-naplak-leather-big-dagi-coffee-rendez-vous-store\/#primaryimage"},"thumbnailUrl":"https:\/\/rendez-vous-store.com\/app\/uploads\/2024\/09\/rdv_zilla_40-scaled.webp","datePublished":"2024-09-19T14:37:13+00:00","dateModified":"2026-04-24T13:04:33+00:00","description":"Zilla is on Rendez-vous Store. Zilla Naplak Leather Big Dagi Coffee is a fashion statement embracing minimalism.","breadcrumb":{"@id":"https:\/\/rendez-vous-store.com\/shop\/women\/women-bags-rendez-vous-store\/zilla-naplak-leather-big-dagi-coffee-rendez-vous-store\/#breadcrumb"},"inLanguage":"fr-FR","potentialAction":[{"@type":"ReadAction","target":["https:\/\/rendez-vous-store.com\/shop\/women\/women-bags-rendez-vous-store\/zilla-naplak-leather-big-dagi-coffee-rendez-vous-store\/"]}]},{"@type":"ImageObject","inLanguage":"fr-FR","@id":"https:\/\/rendez-vous-store.com\/shop\/women\/women-bags-rendez-vous-store\/zilla-naplak-leather-big-dagi-coffee-rendez-vous-store\/#primaryimage","url":"https:\/\/rendez-vous-store.com\/app\/uploads\/2024\/09\/rdv_zilla_40-scaled.webp","contentUrl":"https:\/\/rendez-vous-store.com\/app\/uploads\/2024\/09\/rdv_zilla_40-scaled.webp","width":1696,"height":2560,"caption":"Zilla - Naplak Leather Big Dagi - Coffee"},{"@type":"BreadcrumbList","@id":"https:\/\/rendez-vous-store.com\/shop\/women\/women-bags-rendez-vous-store\/zilla-naplak-leather-big-dagi-coffee-rendez-vous-store\/#breadcrumb","itemListElement":[{"@type":"ListItem","position":1,"name":"Home","item":"https:\/\/rendez-vous-store.com\/"},{"@type":"ListItem","position":2,"name":"Shop","item":"https:\/\/www.rendez-vous-store.com\/shop\/"},{"@type":"ListItem","position":3,"name":"Zilla &#8211; Naplak Leather Big Dagi &#8211; Coffee"}]},{"@type":"WebSite","@id":"https:\/\/rendez-vous-store.com\/#website","url":"https:\/\/rendez-vous-store.com\/","name":"RENDEZ-VOUS STORE","description":"Slow Fashion for Women and Men","potentialAction":[{"@type":"SearchAction","target":{"@type":"EntryPoint","urlTemplate":"https:\/\/rendez-vous-store.com\/?s={search_term_string}"},"query-input":{"@type":"PropertyValueSpecification","valueRequired":true,"valueName":"search_term_string"}}],"inLanguage":"fr-FR"}]}},"_links":{"self":[{"href":"https:\/\/rendez-vous-store.com\/fr\/wp-json\/wp\/v2\/product\/176594","targetHints":{"allow":["GET"]}}],"collection":[{"href":"https:\/\/rendez-vous-store.com\/fr\/wp-json\/wp\/v2\/product"}],"about":[{"href":"https:\/\/rendez-vous-store.com\/fr\/wp-json\/wp\/v2\/types\/product"}],"wp:featuredmedia":[{"embeddable":true,"href":"https:\/\/rendez-vous-store.com\/fr\/wp-json\/wp\/v2\/media\/176916"}],"wp:attachment":[{"href":"https:\/\/rendez-vous-store.com\/fr\/wp-json\/wp\/v2\/media?parent=176594"}],"wp:term":[{"taxonomy":"product_brand","embeddable":true,"href":"https:\/\/rendez-vous-store.com\/fr\/wp-json\/wp\/v2\/product_brand?post=176594"},{"taxonomy":"product_cat","embeddable":true,"href":"https:\/\/rendez-vous-store.com\/fr\/wp-json\/wp\/v2\/product_cat?post=176594"},{"taxonomy":"product_tag","embeddable":true,"href":"https:\/\/rendez-vous-store.com\/fr\/wp-json\/wp\/v2\/product_tag?post=176594"}],"curies":[{"name":"wp","href":"https:\/\/api.w.org\/{rel}","templated":true}]}}