{"id":175634,"date":"2024-09-17T09:45:26","date_gmt":"2024-09-17T07:45:26","guid":{"rendered":"https:\/\/rendez-vous-store.com\/?post_type=product&#038;p=175634"},"modified":"2026-03-16T17:49:39","modified_gmt":"2026-03-16T16:49:39","slug":"bergfabel-moon-coat-bfuc145-331-navy-brown-rendez-vous-store","status":"publish","type":"product","link":"https:\/\/rendez-vous-store.com\/fr\/shop\/special-offer-women-rendez-vous-store\/women-coat-jacket-special-offer-rendez-vous-store\/bergfabel-moon-coat-bfuc145-331-navy-brown-rendez-vous-store\/","title":{"rendered":"Bergfabel - Manteau de lune BFUC145\/331 - Marron marine"},"content":{"rendered":"<p><strong>Bergfabel Moon Coat Navy Brown<\/strong><\/p>\n<p>Coloris : brun marine<\/p>\n<p>Col \u00e0 revers<\/p>\n<p>Fermeture par bouton<\/p>\n<p>\u00c9paules tombantes<\/p>\n<p>Manches longues<\/p>\n<p>Poches sur les coutures lat\u00e9rales<\/p>\n<p>Enti\u00e8rement doubl\u00e9<\/p>\n<p>Composition : 100% Laine tiss\u00e9e<\/p>\n<p>Doublure : 100% Coton<\/p>\n<p>Fabriqu\u00e9 en Italie<\/p>\n<p>Code de style : BFUC145\/331<\/p>\n<p>&nbsp;<\/p>\n<p>&nbsp;<\/p>\n<p>&nbsp;<\/p>\n<p>Massyl mesure 180cm<\/p>\n<p>Mod\u00e8le taille L<\/p>\n<p>&nbsp;<\/p>\n<p>&nbsp;<\/p>\n<p>&nbsp;<\/p>\n<p>Guide des tailles :<\/p>\n<p>M = 46(FR) = 50 (IT)<\/p>\n<p>L = 48(FR) = 52 (IT)<\/p>\n<p>&nbsp;<\/p>\n<p>&nbsp;<\/p>\n<p>&nbsp;<\/p>\n<p>&nbsp;<\/p>\n<h4>La marque<\/h4>\n<p>Klaus Plank a fond\u00e9 Bergfabel en 2014, en s'inspirant de la vie rurale alpine. La marque incorpore des \u00e9l\u00e9ments de v\u00eatements autrichiens traditionnels et d'art populaire dans ses collections, cr\u00e9ant ainsi un style distinctif.<\/p>\n<p>L'esth\u00e9tique de Bergfabel m\u00eale des influences minimalistes et romantiques, avec des silhouettes simples, des tissus naturels et un savoir-faire m\u00e9ticuleux. En Autriche, des artisans qualifi\u00e9s fabriquent chaque v\u00eatement en utilisant des techniques traditionnelles, telles que la broderie cousue \u00e0 la main et la dentelle complexe.<\/p>\n<p>En combinant tradition, artisanat et durabilit\u00e9, Bergfabel encourage une approche plus lente et plus consciente de la mode. Elle c\u00e9l\u00e8bre la beaut\u00e9 de la simplicit\u00e9 et la richesse de la culture alpine.<\/p>","protected":false},"excerpt":{"rendered":"<p>Bergfabel Moon Coat Navy Brown Color: Navy Brown Lapel collar Button closure Dropped shoulders Long sleeves Side seam pockets Fully lined Composition: 100% Woven Wool Lining: 100% Cotton Made in Italy Style code: BFUC145\/331 &nbsp; &nbsp; &nbsp; Massyl is 180cm Model size L &nbsp; &nbsp; &nbsp; Size guide : M = 46(FR) = 50 (IT)&hellip; <a class=\"more-link\" href=\"https:\/\/rendez-vous-store.com\/fr\/shop\/special-offer-women-rendez-vous-store\/women-coat-jacket-special-offer-rendez-vous-store\/bergfabel-moon-coat-bfuc145-331-navy-brown-rendez-vous-store\/\">Continuer la lecture <span class=\"screen-reader-text\">Bergfabel - Manteau de lune BFUC145\/331 - Marron marine<\/span><\/a><\/p>","protected":false},"featured_media":176734,"template":"","meta":{"_acf_changed":false},"product_brand":[],"product_cat":[1291,1336,1335,20,53],"product_tag":[1056],"class_list":{"0":"post-175634","1":"product","2":"type-product","3":"status-publish","4":"has-post-thumbnail","6":"product_cat-sale-30","7":"product_cat-women-coat-jacket-special-offer-rendez-vous-store","8":"product_cat-special-offer-women-rendez-vous-store","9":"product_cat-men-selection-discover-our-selection-rendez-vous-store","10":"product_cat-jackets-coats-discover-our-selection","11":"product_tag-bergfabel-rendez-vous-store","12":"entry","14":"first","15":"outofstock","16":"taxable","17":"shipping-taxable","18":"product-type-variable"},"acf":[],"yoast_head":"<!-- This site is optimized with the Yoast SEO plugin v24.9 - https:\/\/yoast.com\/wordpress\/plugins\/seo\/ -->\n<title>Bergfabel - Moon Coat Navy Brown<\/title>\n<meta name=\"description\" content=\"Bergfabel is on Rendez-Vous store. This Bergfabel Moon Coat Navy Brown explores the link between modernity and heritage, even in the smallest detail.\" \/>\n<meta name=\"robots\" content=\"index, follow, max-snippet:-1, max-image-preview:large, max-video-preview:-1\" \/>\n<link rel=\"canonical\" href=\"https:\/\/rendez-vous-store.com\/fr\/shop\/special-offer-women-rendez-vous-store\/women-coat-jacket-special-offer-rendez-vous-store\/bergfabel-moon-coat-bfuc145-331-navy-brown-rendez-vous-store\/\" \/>\n<meta property=\"og:locale\" content=\"fr_FR\" \/>\n<meta property=\"og:type\" content=\"article\" \/>\n<meta property=\"og:title\" content=\"Bergfabel - Moon Coat Navy Brown\" \/>\n<meta property=\"og:description\" content=\"Bergfabel is on Rendez-Vous store. This Bergfabel Moon Coat Navy Brown explores the link between modernity and heritage, even in the smallest detail.\" \/>\n<meta property=\"og:url\" content=\"https:\/\/rendez-vous-store.com\/fr\/shop\/special-offer-women-rendez-vous-store\/women-coat-jacket-special-offer-rendez-vous-store\/bergfabel-moon-coat-bfuc145-331-navy-brown-rendez-vous-store\/\" \/>\n<meta property=\"og:site_name\" content=\"RENDEZ-VOUS STORE\" \/>\n<meta property=\"article:modified_time\" content=\"2026-03-16T16:49:39+00:00\" \/>\n<meta property=\"og:image\" content=\"https:\/\/rendez-vous-store.com\/wp-content\/uploads\/2024\/09\/Bergfabel-Moon-Coat-Navy-Brown.webp\" \/>\n\t<meta property=\"og:image:width\" content=\"1696\" \/>\n\t<meta property=\"og:image:height\" content=\"2524\" \/>\n\t<meta property=\"og:image:type\" content=\"image\/webp\" \/>\n<meta name=\"twitter:card\" content=\"summary_large_image\" \/>\n<meta name=\"twitter:label1\" content=\"Est. reading time\" \/>\n\t<meta name=\"twitter:data1\" content=\"2 minutes\" \/>\n<script type=\"application\/ld+json\" class=\"yoast-schema-graph\">{\"@context\":\"https:\/\/schema.org\",\"@graph\":[{\"@type\":\"WebPage\",\"@id\":\"https:\/\/rendez-vous-store.com\/shop\/special-offer-women-rendez-vous-store\/women-coat-jacket-special-offer-rendez-vous-store\/bergfabel-moon-coat-bfuc145-331-navy-brown-rendez-vous-store\/\",\"url\":\"https:\/\/rendez-vous-store.com\/shop\/special-offer-women-rendez-vous-store\/women-coat-jacket-special-offer-rendez-vous-store\/bergfabel-moon-coat-bfuc145-331-navy-brown-rendez-vous-store\/\",\"name\":\"Bergfabel - Moon Coat Navy Brown\",\"isPartOf\":{\"@id\":\"https:\/\/rendez-vous-store.com\/#website\"},\"primaryImageOfPage\":{\"@id\":\"https:\/\/rendez-vous-store.com\/shop\/special-offer-women-rendez-vous-store\/women-coat-jacket-special-offer-rendez-vous-store\/bergfabel-moon-coat-bfuc145-331-navy-brown-rendez-vous-store\/#primaryimage\"},\"image\":{\"@id\":\"https:\/\/rendez-vous-store.com\/shop\/special-offer-women-rendez-vous-store\/women-coat-jacket-special-offer-rendez-vous-store\/bergfabel-moon-coat-bfuc145-331-navy-brown-rendez-vous-store\/#primaryimage\"},\"thumbnailUrl\":\"https:\/\/rendez-vous-store.com\/app\/uploads\/2024\/09\/Bergfabel-Moon-Coat-Navy-Brown.webp\",\"datePublished\":\"2024-09-17T07:45:26+00:00\",\"dateModified\":\"2026-03-16T16:49:39+00:00\",\"description\":\"Bergfabel is on Rendez-Vous store. This Bergfabel Moon Coat Navy Brown explores the link between modernity and heritage, even in the smallest detail.\",\"breadcrumb\":{\"@id\":\"https:\/\/rendez-vous-store.com\/shop\/special-offer-women-rendez-vous-store\/women-coat-jacket-special-offer-rendez-vous-store\/bergfabel-moon-coat-bfuc145-331-navy-brown-rendez-vous-store\/#breadcrumb\"},\"inLanguage\":\"fr-FR\",\"potentialAction\":[{\"@type\":\"ReadAction\",\"target\":[\"https:\/\/rendez-vous-store.com\/shop\/special-offer-women-rendez-vous-store\/women-coat-jacket-special-offer-rendez-vous-store\/bergfabel-moon-coat-bfuc145-331-navy-brown-rendez-vous-store\/\"]}]},{\"@type\":\"ImageObject\",\"inLanguage\":\"fr-FR\",\"@id\":\"https:\/\/rendez-vous-store.com\/shop\/special-offer-women-rendez-vous-store\/women-coat-jacket-special-offer-rendez-vous-store\/bergfabel-moon-coat-bfuc145-331-navy-brown-rendez-vous-store\/#primaryimage\",\"url\":\"https:\/\/rendez-vous-store.com\/app\/uploads\/2024\/09\/Bergfabel-Moon-Coat-Navy-Brown.webp\",\"contentUrl\":\"https:\/\/rendez-vous-store.com\/app\/uploads\/2024\/09\/Bergfabel-Moon-Coat-Navy-Brown.webp\",\"width\":1696,\"height\":2524},{\"@type\":\"BreadcrumbList\",\"@id\":\"https:\/\/rendez-vous-store.com\/shop\/special-offer-women-rendez-vous-store\/women-coat-jacket-special-offer-rendez-vous-store\/bergfabel-moon-coat-bfuc145-331-navy-brown-rendez-vous-store\/#breadcrumb\",\"itemListElement\":[{\"@type\":\"ListItem\",\"position\":1,\"name\":\"Home\",\"item\":\"https:\/\/rendez-vous-store.com\/\"},{\"@type\":\"ListItem\",\"position\":2,\"name\":\"Shop\",\"item\":\"https:\/\/www.rendez-vous-store.com\/shop\/\"},{\"@type\":\"ListItem\",\"position\":3,\"name\":\"Bergfabel &#8211; Moon Coat BFUC145\/331 &#8211; Navy Brown\"}]},{\"@type\":\"WebSite\",\"@id\":\"https:\/\/rendez-vous-store.com\/#website\",\"url\":\"https:\/\/rendez-vous-store.com\/\",\"name\":\"RENDEZ-VOUS STORE\",\"description\":\"Slow Fashion for Women and Men\",\"potentialAction\":[{\"@type\":\"SearchAction\",\"target\":{\"@type\":\"EntryPoint\",\"urlTemplate\":\"https:\/\/rendez-vous-store.com\/?s={search_term_string}\"},\"query-input\":{\"@type\":\"PropertyValueSpecification\",\"valueRequired\":true,\"valueName\":\"search_term_string\"}}],\"inLanguage\":\"fr-FR\"}]}<\/script>\n<!-- \/ Yoast SEO plugin. -->","yoast_head_json":{"title":"Bergfabel - Moon Coat Navy Brown","description":"Bergfabel is on Rendez-Vous store. This Bergfabel Moon Coat Navy Brown explores the link between modernity and heritage, even in the smallest detail.","robots":{"index":"index","follow":"follow","max-snippet":"max-snippet:-1","max-image-preview":"max-image-preview:large","max-video-preview":"max-video-preview:-1"},"canonical":"https:\/\/rendez-vous-store.com\/fr\/shop\/special-offer-women-rendez-vous-store\/women-coat-jacket-special-offer-rendez-vous-store\/bergfabel-moon-coat-bfuc145-331-navy-brown-rendez-vous-store\/","og_locale":"fr_FR","og_type":"article","og_title":"Bergfabel - Moon Coat Navy Brown","og_description":"Bergfabel is on Rendez-Vous store. This Bergfabel Moon Coat Navy Brown explores the link between modernity and heritage, even in the smallest detail.","og_url":"https:\/\/rendez-vous-store.com\/fr\/shop\/special-offer-women-rendez-vous-store\/women-coat-jacket-special-offer-rendez-vous-store\/bergfabel-moon-coat-bfuc145-331-navy-brown-rendez-vous-store\/","og_site_name":"RENDEZ-VOUS STORE","article_modified_time":"2026-03-16T16:49:39+00:00","og_image":[{"width":1696,"height":2524,"url":"https:\/\/rendez-vous-store.com\/wp-content\/uploads\/2024\/09\/Bergfabel-Moon-Coat-Navy-Brown.webp","type":"image\/webp"}],"twitter_card":"summary_large_image","twitter_misc":{"Est. reading time":"2 minutes"},"schema":{"@context":"https:\/\/schema.org","@graph":[{"@type":"WebPage","@id":"https:\/\/rendez-vous-store.com\/shop\/special-offer-women-rendez-vous-store\/women-coat-jacket-special-offer-rendez-vous-store\/bergfabel-moon-coat-bfuc145-331-navy-brown-rendez-vous-store\/","url":"https:\/\/rendez-vous-store.com\/shop\/special-offer-women-rendez-vous-store\/women-coat-jacket-special-offer-rendez-vous-store\/bergfabel-moon-coat-bfuc145-331-navy-brown-rendez-vous-store\/","name":"Bergfabel - Moon Coat Navy Brown","isPartOf":{"@id":"https:\/\/rendez-vous-store.com\/#website"},"primaryImageOfPage":{"@id":"https:\/\/rendez-vous-store.com\/shop\/special-offer-women-rendez-vous-store\/women-coat-jacket-special-offer-rendez-vous-store\/bergfabel-moon-coat-bfuc145-331-navy-brown-rendez-vous-store\/#primaryimage"},"image":{"@id":"https:\/\/rendez-vous-store.com\/shop\/special-offer-women-rendez-vous-store\/women-coat-jacket-special-offer-rendez-vous-store\/bergfabel-moon-coat-bfuc145-331-navy-brown-rendez-vous-store\/#primaryimage"},"thumbnailUrl":"https:\/\/rendez-vous-store.com\/app\/uploads\/2024\/09\/Bergfabel-Moon-Coat-Navy-Brown.webp","datePublished":"2024-09-17T07:45:26+00:00","dateModified":"2026-03-16T16:49:39+00:00","description":"Bergfabel is on Rendez-Vous store. This Bergfabel Moon Coat Navy Brown explores the link between modernity and heritage, even in the smallest detail.","breadcrumb":{"@id":"https:\/\/rendez-vous-store.com\/shop\/special-offer-women-rendez-vous-store\/women-coat-jacket-special-offer-rendez-vous-store\/bergfabel-moon-coat-bfuc145-331-navy-brown-rendez-vous-store\/#breadcrumb"},"inLanguage":"fr-FR","potentialAction":[{"@type":"ReadAction","target":["https:\/\/rendez-vous-store.com\/shop\/special-offer-women-rendez-vous-store\/women-coat-jacket-special-offer-rendez-vous-store\/bergfabel-moon-coat-bfuc145-331-navy-brown-rendez-vous-store\/"]}]},{"@type":"ImageObject","inLanguage":"fr-FR","@id":"https:\/\/rendez-vous-store.com\/shop\/special-offer-women-rendez-vous-store\/women-coat-jacket-special-offer-rendez-vous-store\/bergfabel-moon-coat-bfuc145-331-navy-brown-rendez-vous-store\/#primaryimage","url":"https:\/\/rendez-vous-store.com\/app\/uploads\/2024\/09\/Bergfabel-Moon-Coat-Navy-Brown.webp","contentUrl":"https:\/\/rendez-vous-store.com\/app\/uploads\/2024\/09\/Bergfabel-Moon-Coat-Navy-Brown.webp","width":1696,"height":2524},{"@type":"BreadcrumbList","@id":"https:\/\/rendez-vous-store.com\/shop\/special-offer-women-rendez-vous-store\/women-coat-jacket-special-offer-rendez-vous-store\/bergfabel-moon-coat-bfuc145-331-navy-brown-rendez-vous-store\/#breadcrumb","itemListElement":[{"@type":"ListItem","position":1,"name":"Home","item":"https:\/\/rendez-vous-store.com\/"},{"@type":"ListItem","position":2,"name":"Shop","item":"https:\/\/www.rendez-vous-store.com\/shop\/"},{"@type":"ListItem","position":3,"name":"Bergfabel &#8211; Moon Coat BFUC145\/331 &#8211; Navy Brown"}]},{"@type":"WebSite","@id":"https:\/\/rendez-vous-store.com\/#website","url":"https:\/\/rendez-vous-store.com\/","name":"RENDEZ-VOUS STORE","description":"Slow Fashion for Women and Men","potentialAction":[{"@type":"SearchAction","target":{"@type":"EntryPoint","urlTemplate":"https:\/\/rendez-vous-store.com\/?s={search_term_string}"},"query-input":{"@type":"PropertyValueSpecification","valueRequired":true,"valueName":"search_term_string"}}],"inLanguage":"fr-FR"}]}},"_links":{"self":[{"href":"https:\/\/rendez-vous-store.com\/fr\/wp-json\/wp\/v2\/product\/175634","targetHints":{"allow":["GET"]}}],"collection":[{"href":"https:\/\/rendez-vous-store.com\/fr\/wp-json\/wp\/v2\/product"}],"about":[{"href":"https:\/\/rendez-vous-store.com\/fr\/wp-json\/wp\/v2\/types\/product"}],"wp:featuredmedia":[{"embeddable":true,"href":"https:\/\/rendez-vous-store.com\/fr\/wp-json\/wp\/v2\/media\/176734"}],"wp:attachment":[{"href":"https:\/\/rendez-vous-store.com\/fr\/wp-json\/wp\/v2\/media?parent=175634"}],"wp:term":[{"taxonomy":"product_brand","embeddable":true,"href":"https:\/\/rendez-vous-store.com\/fr\/wp-json\/wp\/v2\/product_brand?post=175634"},{"taxonomy":"product_cat","embeddable":true,"href":"https:\/\/rendez-vous-store.com\/fr\/wp-json\/wp\/v2\/product_cat?post=175634"},{"taxonomy":"product_tag","embeddable":true,"href":"https:\/\/rendez-vous-store.com\/fr\/wp-json\/wp\/v2\/product_tag?post=175634"}],"curies":[{"name":"wp","href":"https:\/\/api.w.org\/{rel}","templated":true}]}}