{"id":174851,"date":"2024-09-12T11:06:36","date_gmt":"2024-09-12T09:06:36","guid":{"rendered":"https:\/\/rendez-vous-store.com\/?post_type=product&#038;p=174851"},"modified":"2026-04-24T15:04:35","modified_gmt":"2026-04-24T13:04:35","slug":"sofie-dhoore-mast-2ply-high-neck-cuff-and-bottom-rib-ivory-melange-rendez-vous-store","status":"publish","type":"product","link":"https:\/\/rendez-vous-store.com\/fr\/shop\/special-offer-women-rendez-vous-store\/women-knitwear-special-offer\/sofie-dhoore-mast-2ply-high-neck-cuff-and-bottom-rib-ivory-melange-rendez-vous-store\/","title":{"rendered":"Sofie D'Hoore - MAST 2Ply High Neck Cuff and Bottom Rib - Ivory Melange"},"content":{"rendered":"<p><strong>Sofie D'Hoore MAST 2Ply High Neck Cuff and Bottom Rib Ivory Melange<\/strong><\/p>\n<p>Couleur : Ivoire M\u00e9lange<\/p>\n<p>Col montant<\/p>\n<p>Bords c\u00f4tel\u00e9s<\/p>\n<p>Surdimensionn\u00e9<\/p>\n<p>Composition : 70% Laine - 30% Cachemire<\/p>\n<p>Fabriqu\u00e9 en Bulgarie<\/p>\n<p>&nbsp;<\/p>\n<p>&nbsp;<\/p>\n<p>&nbsp;<\/p>\n<p><strong>Tableau des tailles : 34=XS \/ 36=S \/ 38=M<\/strong><\/p>\n<p>&nbsp;<\/p>\n<p>&nbsp;<\/p>\n<p>&nbsp;<\/p>\n<h4>La marque<\/h4>\n<p>Ce Sofie D'Hoore MAST 2Ply High Neck Cuff And Bottom Rib Ivory Melange manifeste la recherche constante de raffinement de la marque.<\/p>\n<div class=\"flex-shrink-0 flex flex-col relative items-end\">\n<div class=\"pt-0\">\n<div class=\"gizmo-bot-avatar flex h-8 w-8 items-center justify-center overflow-hidden rounded-full\">\n<div class=\"relative p-1 rounded-sm flex items-center justify-center bg-token-main-surface-primary text-token-text-primary h-8 w-8\">Sofie D'Hoore est une c\u00e9l\u00e8bre cr\u00e9atrice de mode belge connue pour ses v\u00eatements f\u00e9minins minimalistes et sophistiqu\u00e9s. Avec une carri\u00e8re qui s'\u00e9tend sur plus de trois d\u00e9cennies, Sofie D'Hoore s'est impos\u00e9e comme une figure de proue de la mode. Elle a \u00e9t\u00e9 salu\u00e9e pour ses cr\u00e9ations intemporelles et son savoir-faire impeccable.<\/div>\n<\/div>\n<\/div>\n<\/div>\n<div class=\"group\/conversation-turn relative flex w-full min-w-0 flex-col agent-turn\">\n<div class=\"flex-col gap-1 md:gap-3\">\n<div class=\"flex max-w-full flex-col flex-grow\">\n<div class=\"min-h-8 text-message flex w-full flex-col items-end gap-2 whitespace-normal break-words [.text-message+&amp;]:mt-5\" dir=\"auto\" data-message-author-role=\"assistant\" data-message-id=\"1415a201-821e-4543-9a6d-5463201cfb30\">\n<div class=\"flex w-full flex-col gap-1 empty:hidden first:pt-[3px]\">\n<div class=\"markdown prose w-full break-words dark:prose-invert light\">\n<p>La marque Sofie D'hoore est ax\u00e9e sur la qualit\u00e9, le confort et l'\u00e9l\u00e9gance discr\u00e8te. L'\u00e9quipe confectionne m\u00e9ticuleusement chaque v\u00eatement en utilisant les mat\u00e9riaux les plus fins et des techniques expertes. Il en r\u00e9sulte des pi\u00e8ces \u00e0 la fois luxueuses et faciles \u00e0 porter.<\/p>\n<p>L'esth\u00e9tique de Mme D'hoore se caract\u00e9rise par des lignes \u00e9pur\u00e9es, des silhouettes d\u00e9contract\u00e9es et des d\u00e9tails subtils. Elle cr\u00e9e des v\u00eatements qui allient sans effort polyvalence et modernit\u00e9. La collection comprend des manteaux et des pantalons impeccablement taill\u00e9s, des robes chics et des v\u00eatements s\u00e9par\u00e9s. Chaque pi\u00e8ce refl\u00e8te la sensibilit\u00e9 raffin\u00e9e et le go\u00fbt impeccable de D'hoore.<\/p>\n<p>Sofie D'hoore met \u00e9galement l'accent sur la durabilit\u00e9 et les pratiques de production \u00e9thiques. La marque privil\u00e9gie les mat\u00e9riaux et les m\u00e9thodes de production respectueux de l'environnement. Chaque v\u00eatement fait l'objet d'une attention particuli\u00e8re, tant pour les personnes que pour la plan\u00e8te.<\/p>\n<\/div>\n<\/div>\n<\/div>\n<\/div>\n<\/div>\n<\/div>","protected":false},"excerpt":{"rendered":"<p>Sofie D&#8217;Hoore MAST 2Ply High Neck Cuff And Bottom Rib Ivory Melange Color: Ivory Melange High Neck Ribbed edges Oversized Composition: 70% Wool &#8211; 30% Cashmere Made in Bulgaria &nbsp; &nbsp; &nbsp; Size Chart: 34=XS \/ 36=S \/ 38=M &nbsp; &nbsp; &nbsp; The Brand This Sofie D&#8217;Hoore MAST 2Ply High Neck Cuff And Bottom Rib&hellip; <a class=\"more-link\" href=\"https:\/\/rendez-vous-store.com\/fr\/shop\/special-offer-women-rendez-vous-store\/women-knitwear-special-offer\/sofie-dhoore-mast-2ply-high-neck-cuff-and-bottom-rib-ivory-melange-rendez-vous-store\/\">Continuer la lecture <span class=\"screen-reader-text\">Sofie D'Hoore - MAST 2Ply High Neck Cuff and Bottom Rib - Ivory Melange<\/span><\/a><\/p>","protected":false},"featured_media":175911,"template":"","meta":{"_acf_changed":false},"product_brand":[],"product_cat":[1292,1338,1335,17,199],"product_tag":[711],"class_list":{"0":"post-174851","1":"product","2":"type-product","3":"status-publish","4":"has-post-thumbnail","6":"product_cat-1292","7":"product_cat-women-knitwear-special-offer","8":"product_cat-special-offer-women-rendez-vous-store","9":"product_cat-women","10":"product_cat-women-knitwears-discover-our-selection-rendez-vous-store","11":"product_tag-sofie-dhoore-womenswear-rendez-vous-store","12":"entry","14":"first","15":"outofstock","16":"taxable","17":"shipping-taxable","18":"product-type-variable"},"acf":[],"yoast_head":"<!-- This site is optimized with the Yoast SEO plugin v24.9 - https:\/\/yoast.com\/wordpress\/plugins\/seo\/ -->\n<title>Sofie D&#039;Hoore MAST 2Ply High Neck Cuff And Bottom Rib Ivory Melange<\/title>\n<meta name=\"description\" content=\"This Sofie D&#039;hoore MAST 2Ply High Neck Cuff And Bottom Rib Ivory Melange manifests the constant search for refinement the brand.\" \/>\n<meta name=\"robots\" content=\"index, follow, max-snippet:-1, max-image-preview:large, max-video-preview:-1\" \/>\n<link rel=\"canonical\" href=\"https:\/\/rendez-vous-store.com\/fr\/shop\/special-offer-women-rendez-vous-store\/women-knitwear-special-offer\/sofie-dhoore-mast-2ply-high-neck-cuff-and-bottom-rib-ivory-melange-rendez-vous-store\/\" \/>\n<meta property=\"og:locale\" content=\"fr_FR\" \/>\n<meta property=\"og:type\" content=\"article\" \/>\n<meta property=\"og:title\" content=\"Sofie D&#039;Hoore MAST 2Ply High Neck Cuff And Bottom Rib Ivory Melange\" \/>\n<meta property=\"og:description\" content=\"This Sofie D&#039;hoore MAST 2Ply High Neck Cuff And Bottom Rib Ivory Melange manifests the constant search for refinement the brand.\" \/>\n<meta property=\"og:url\" content=\"https:\/\/rendez-vous-store.com\/fr\/shop\/special-offer-women-rendez-vous-store\/women-knitwear-special-offer\/sofie-dhoore-mast-2ply-high-neck-cuff-and-bottom-rib-ivory-melange-rendez-vous-store\/\" \/>\n<meta property=\"og:site_name\" content=\"RENDEZ-VOUS STORE\" \/>\n<meta property=\"article:modified_time\" content=\"2026-04-24T13:04:35+00:00\" \/>\n<meta property=\"og:image\" content=\"https:\/\/rendez-vous-store.com\/wp-content\/uploads\/2024\/09\/Sofie-DHoore-MAST-2Ply-High-Neck-Cuff-And-Bottom-Rib-Ivory-Melange-2-1.webp\" \/>\n\t<meta property=\"og:image:width\" content=\"1626\" \/>\n\t<meta property=\"og:image:height\" content=\"2560\" \/>\n\t<meta property=\"og:image:type\" content=\"image\/webp\" \/>\n<meta name=\"twitter:card\" content=\"summary_large_image\" \/>\n<meta name=\"twitter:label1\" content=\"Est. reading time\" \/>\n\t<meta name=\"twitter:data1\" content=\"2 minutes\" \/>\n<script type=\"application\/ld+json\" class=\"yoast-schema-graph\">{\"@context\":\"https:\/\/schema.org\",\"@graph\":[{\"@type\":\"WebPage\",\"@id\":\"https:\/\/rendez-vous-store.com\/shop\/special-offer-women-rendez-vous-store\/women-knitwear-special-offer\/sofie-dhoore-mast-2ply-high-neck-cuff-and-bottom-rib-ivory-melange-rendez-vous-store\/\",\"url\":\"https:\/\/rendez-vous-store.com\/shop\/special-offer-women-rendez-vous-store\/women-knitwear-special-offer\/sofie-dhoore-mast-2ply-high-neck-cuff-and-bottom-rib-ivory-melange-rendez-vous-store\/\",\"name\":\"Sofie D'Hoore MAST 2Ply High Neck Cuff And Bottom Rib Ivory Melange\",\"isPartOf\":{\"@id\":\"https:\/\/rendez-vous-store.com\/#website\"},\"primaryImageOfPage\":{\"@id\":\"https:\/\/rendez-vous-store.com\/shop\/special-offer-women-rendez-vous-store\/women-knitwear-special-offer\/sofie-dhoore-mast-2ply-high-neck-cuff-and-bottom-rib-ivory-melange-rendez-vous-store\/#primaryimage\"},\"image\":{\"@id\":\"https:\/\/rendez-vous-store.com\/shop\/special-offer-women-rendez-vous-store\/women-knitwear-special-offer\/sofie-dhoore-mast-2ply-high-neck-cuff-and-bottom-rib-ivory-melange-rendez-vous-store\/#primaryimage\"},\"thumbnailUrl\":\"https:\/\/rendez-vous-store.com\/app\/uploads\/2024\/09\/Sofie-DHoore-MAST-2Ply-High-Neck-Cuff-And-Bottom-Rib-Ivory-Melange-2-1.webp\",\"datePublished\":\"2024-09-12T09:06:36+00:00\",\"dateModified\":\"2026-04-24T13:04:35+00:00\",\"description\":\"This Sofie D'hoore MAST 2Ply High Neck Cuff And Bottom Rib Ivory Melange manifests the constant search for refinement the brand.\",\"breadcrumb\":{\"@id\":\"https:\/\/rendez-vous-store.com\/shop\/special-offer-women-rendez-vous-store\/women-knitwear-special-offer\/sofie-dhoore-mast-2ply-high-neck-cuff-and-bottom-rib-ivory-melange-rendez-vous-store\/#breadcrumb\"},\"inLanguage\":\"fr-FR\",\"potentialAction\":[{\"@type\":\"ReadAction\",\"target\":[\"https:\/\/rendez-vous-store.com\/shop\/special-offer-women-rendez-vous-store\/women-knitwear-special-offer\/sofie-dhoore-mast-2ply-high-neck-cuff-and-bottom-rib-ivory-melange-rendez-vous-store\/\"]}]},{\"@type\":\"ImageObject\",\"inLanguage\":\"fr-FR\",\"@id\":\"https:\/\/rendez-vous-store.com\/shop\/special-offer-women-rendez-vous-store\/women-knitwear-special-offer\/sofie-dhoore-mast-2ply-high-neck-cuff-and-bottom-rib-ivory-melange-rendez-vous-store\/#primaryimage\",\"url\":\"https:\/\/rendez-vous-store.com\/app\/uploads\/2024\/09\/Sofie-DHoore-MAST-2Ply-High-Neck-Cuff-And-Bottom-Rib-Ivory-Melange-2-1.webp\",\"contentUrl\":\"https:\/\/rendez-vous-store.com\/app\/uploads\/2024\/09\/Sofie-DHoore-MAST-2Ply-High-Neck-Cuff-And-Bottom-Rib-Ivory-Melange-2-1.webp\",\"width\":1626,\"height\":2560,\"caption\":\"Sofie D'Hoore - MAST 2Ply High Neck Cuff And Bottom Rib - Ivory Melange 2\"},{\"@type\":\"BreadcrumbList\",\"@id\":\"https:\/\/rendez-vous-store.com\/shop\/special-offer-women-rendez-vous-store\/women-knitwear-special-offer\/sofie-dhoore-mast-2ply-high-neck-cuff-and-bottom-rib-ivory-melange-rendez-vous-store\/#breadcrumb\",\"itemListElement\":[{\"@type\":\"ListItem\",\"position\":1,\"name\":\"Home\",\"item\":\"https:\/\/rendez-vous-store.com\/\"},{\"@type\":\"ListItem\",\"position\":2,\"name\":\"Shop\",\"item\":\"https:\/\/www.rendez-vous-store.com\/shop\/\"},{\"@type\":\"ListItem\",\"position\":3,\"name\":\"Sofie D&#8217;Hoore &#8211; MAST 2Ply High Neck Cuff And Bottom Rib &#8211; Ivory Melange\"}]},{\"@type\":\"WebSite\",\"@id\":\"https:\/\/rendez-vous-store.com\/#website\",\"url\":\"https:\/\/rendez-vous-store.com\/\",\"name\":\"RENDEZ-VOUS STORE\",\"description\":\"Slow Fashion for Women and Men\",\"potentialAction\":[{\"@type\":\"SearchAction\",\"target\":{\"@type\":\"EntryPoint\",\"urlTemplate\":\"https:\/\/rendez-vous-store.com\/?s={search_term_string}\"},\"query-input\":{\"@type\":\"PropertyValueSpecification\",\"valueRequired\":true,\"valueName\":\"search_term_string\"}}],\"inLanguage\":\"fr-FR\"}]}<\/script>\n<!-- \/ Yoast SEO plugin. -->","yoast_head_json":{"title":"Sofie D'Hoore MAST 2Ply High Neck Cuff And Bottom Rib Ivory Melange","description":"This Sofie D'hoore MAST 2Ply High Neck Cuff And Bottom Rib Ivory Melange manifests the constant search for refinement the brand.","robots":{"index":"index","follow":"follow","max-snippet":"max-snippet:-1","max-image-preview":"max-image-preview:large","max-video-preview":"max-video-preview:-1"},"canonical":"https:\/\/rendez-vous-store.com\/fr\/shop\/special-offer-women-rendez-vous-store\/women-knitwear-special-offer\/sofie-dhoore-mast-2ply-high-neck-cuff-and-bottom-rib-ivory-melange-rendez-vous-store\/","og_locale":"fr_FR","og_type":"article","og_title":"Sofie D'Hoore MAST 2Ply High Neck Cuff And Bottom Rib Ivory Melange","og_description":"This Sofie D'hoore MAST 2Ply High Neck Cuff And Bottom Rib Ivory Melange manifests the constant search for refinement the brand.","og_url":"https:\/\/rendez-vous-store.com\/fr\/shop\/special-offer-women-rendez-vous-store\/women-knitwear-special-offer\/sofie-dhoore-mast-2ply-high-neck-cuff-and-bottom-rib-ivory-melange-rendez-vous-store\/","og_site_name":"RENDEZ-VOUS STORE","article_modified_time":"2026-04-24T13:04:35+00:00","og_image":[{"width":1626,"height":2560,"url":"https:\/\/rendez-vous-store.com\/wp-content\/uploads\/2024\/09\/Sofie-DHoore-MAST-2Ply-High-Neck-Cuff-And-Bottom-Rib-Ivory-Melange-2-1.webp","type":"image\/webp"}],"twitter_card":"summary_large_image","twitter_misc":{"Est. reading time":"2 minutes"},"schema":{"@context":"https:\/\/schema.org","@graph":[{"@type":"WebPage","@id":"https:\/\/rendez-vous-store.com\/shop\/special-offer-women-rendez-vous-store\/women-knitwear-special-offer\/sofie-dhoore-mast-2ply-high-neck-cuff-and-bottom-rib-ivory-melange-rendez-vous-store\/","url":"https:\/\/rendez-vous-store.com\/shop\/special-offer-women-rendez-vous-store\/women-knitwear-special-offer\/sofie-dhoore-mast-2ply-high-neck-cuff-and-bottom-rib-ivory-melange-rendez-vous-store\/","name":"Sofie D'Hoore MAST 2Ply High Neck Cuff And Bottom Rib Ivory Melange","isPartOf":{"@id":"https:\/\/rendez-vous-store.com\/#website"},"primaryImageOfPage":{"@id":"https:\/\/rendez-vous-store.com\/shop\/special-offer-women-rendez-vous-store\/women-knitwear-special-offer\/sofie-dhoore-mast-2ply-high-neck-cuff-and-bottom-rib-ivory-melange-rendez-vous-store\/#primaryimage"},"image":{"@id":"https:\/\/rendez-vous-store.com\/shop\/special-offer-women-rendez-vous-store\/women-knitwear-special-offer\/sofie-dhoore-mast-2ply-high-neck-cuff-and-bottom-rib-ivory-melange-rendez-vous-store\/#primaryimage"},"thumbnailUrl":"https:\/\/rendez-vous-store.com\/app\/uploads\/2024\/09\/Sofie-DHoore-MAST-2Ply-High-Neck-Cuff-And-Bottom-Rib-Ivory-Melange-2-1.webp","datePublished":"2024-09-12T09:06:36+00:00","dateModified":"2026-04-24T13:04:35+00:00","description":"This Sofie D'hoore MAST 2Ply High Neck Cuff And Bottom Rib Ivory Melange manifests the constant search for refinement the brand.","breadcrumb":{"@id":"https:\/\/rendez-vous-store.com\/shop\/special-offer-women-rendez-vous-store\/women-knitwear-special-offer\/sofie-dhoore-mast-2ply-high-neck-cuff-and-bottom-rib-ivory-melange-rendez-vous-store\/#breadcrumb"},"inLanguage":"fr-FR","potentialAction":[{"@type":"ReadAction","target":["https:\/\/rendez-vous-store.com\/shop\/special-offer-women-rendez-vous-store\/women-knitwear-special-offer\/sofie-dhoore-mast-2ply-high-neck-cuff-and-bottom-rib-ivory-melange-rendez-vous-store\/"]}]},{"@type":"ImageObject","inLanguage":"fr-FR","@id":"https:\/\/rendez-vous-store.com\/shop\/special-offer-women-rendez-vous-store\/women-knitwear-special-offer\/sofie-dhoore-mast-2ply-high-neck-cuff-and-bottom-rib-ivory-melange-rendez-vous-store\/#primaryimage","url":"https:\/\/rendez-vous-store.com\/app\/uploads\/2024\/09\/Sofie-DHoore-MAST-2Ply-High-Neck-Cuff-And-Bottom-Rib-Ivory-Melange-2-1.webp","contentUrl":"https:\/\/rendez-vous-store.com\/app\/uploads\/2024\/09\/Sofie-DHoore-MAST-2Ply-High-Neck-Cuff-And-Bottom-Rib-Ivory-Melange-2-1.webp","width":1626,"height":2560,"caption":"Sofie D'Hoore - MAST 2Ply High Neck Cuff And Bottom Rib - Ivory Melange 2"},{"@type":"BreadcrumbList","@id":"https:\/\/rendez-vous-store.com\/shop\/special-offer-women-rendez-vous-store\/women-knitwear-special-offer\/sofie-dhoore-mast-2ply-high-neck-cuff-and-bottom-rib-ivory-melange-rendez-vous-store\/#breadcrumb","itemListElement":[{"@type":"ListItem","position":1,"name":"Home","item":"https:\/\/rendez-vous-store.com\/"},{"@type":"ListItem","position":2,"name":"Shop","item":"https:\/\/www.rendez-vous-store.com\/shop\/"},{"@type":"ListItem","position":3,"name":"Sofie D&#8217;Hoore &#8211; MAST 2Ply High Neck Cuff And Bottom Rib &#8211; Ivory Melange"}]},{"@type":"WebSite","@id":"https:\/\/rendez-vous-store.com\/#website","url":"https:\/\/rendez-vous-store.com\/","name":"RENDEZ-VOUS STORE","description":"Slow Fashion for Women and Men","potentialAction":[{"@type":"SearchAction","target":{"@type":"EntryPoint","urlTemplate":"https:\/\/rendez-vous-store.com\/?s={search_term_string}"},"query-input":{"@type":"PropertyValueSpecification","valueRequired":true,"valueName":"search_term_string"}}],"inLanguage":"fr-FR"}]}},"_links":{"self":[{"href":"https:\/\/rendez-vous-store.com\/fr\/wp-json\/wp\/v2\/product\/174851","targetHints":{"allow":["GET"]}}],"collection":[{"href":"https:\/\/rendez-vous-store.com\/fr\/wp-json\/wp\/v2\/product"}],"about":[{"href":"https:\/\/rendez-vous-store.com\/fr\/wp-json\/wp\/v2\/types\/product"}],"wp:featuredmedia":[{"embeddable":true,"href":"https:\/\/rendez-vous-store.com\/fr\/wp-json\/wp\/v2\/media\/175911"}],"wp:attachment":[{"href":"https:\/\/rendez-vous-store.com\/fr\/wp-json\/wp\/v2\/media?parent=174851"}],"wp:term":[{"taxonomy":"product_brand","embeddable":true,"href":"https:\/\/rendez-vous-store.com\/fr\/wp-json\/wp\/v2\/product_brand?post=174851"},{"taxonomy":"product_cat","embeddable":true,"href":"https:\/\/rendez-vous-store.com\/fr\/wp-json\/wp\/v2\/product_cat?post=174851"},{"taxonomy":"product_tag","embeddable":true,"href":"https:\/\/rendez-vous-store.com\/fr\/wp-json\/wp\/v2\/product_tag?post=174851"}],"curies":[{"name":"wp","href":"https:\/\/api.w.org\/{rel}","templated":true}]}}