{"id":173554,"date":"2024-08-26T14:07:06","date_gmt":"2024-08-26T12:07:06","guid":{"rendered":"https:\/\/rendez-vous-store.com\/?post_type=product&#038;p=173554"},"modified":"2026-03-16T17:59:56","modified_gmt":"2026-03-16T16:59:56","slug":"orslow-vest-01-9023-76-army-green","status":"publish","type":"product","link":"https:\/\/rendez-vous-store.com\/fr\/shop\/special-offer-men-rendez-vous-store\/men-coat-and-jacket-special-offer\/orslow-vest-01-9023-76-army-green\/","title":{"rendered":"Orslow - Gilet 01-9023-76 - Vert arm\u00e9e"},"content":{"rendered":"<p><strong>Gilet Orslow 01-9023-76 Indigo<\/strong><\/p>\n<p>Couleur : Indigo<\/p>\n<p>Gilet r\u00e9versible<\/p>\n<p>Sans manches<\/p>\n<p>Fermeture par bouton<\/p>\n<p>Deux poches \u00e0 rabat sur le devant<\/p>\n<p>Composition : 60% Coton - 40% Nylon<\/p>\n<p>Partie : 75% Polyester - 25% Acrylique<\/p>\n<p>Fabriqu\u00e9 au Japon<\/p>\n<p>&nbsp;<\/p>\n<p>&nbsp;<\/p>\n<p><strong>Mesures :<\/strong><\/p>\n<p><strong>Taille S : \u00c9paules : 43,5cm - Poitrine : 58cm - Longueur : 67cm - Emmanchure : 25cm<\/strong><\/p>\n<p>&nbsp;<\/p>\n<p>&nbsp;<\/p>\n<p><strong>La marque\u00a0<\/strong><\/p>\n<p>Orslow est une marque bas\u00e9e \u00e0 Hyogo, au Japon, depuis 2005, qui propose des v\u00eatements de style militaire et de travail, modernes et design. Elle est l'\u0153uvre d'un collectionneur nomm\u00e9 Ichiro Nakutsu. Pour lui, chaque v\u00eatement doit \u00eatre con\u00e7u dans un souci de long\u00e9vit\u00e9 et de qualit\u00e9.<\/p>\n<p>Orslow est r\u00e9put\u00e9 pour la qualit\u00e9 authentique de son denim, fabriqu\u00e9 au Japon sur de vieilles machines. Les v\u00eatements sont con\u00e7us pour r\u00e9sister aux rigueurs de la vie contemporaine.<\/p>","protected":false},"excerpt":{"rendered":"<p>Orslow Vest 01-9023-76 Indigo Color: Indigo Reversible Vest Sleeveless Button Closure Two Front Flap Pockets Composition: 60% Cotton &#8211; 40% Nylon Partly : 75% Polyester &#8211; 25% Acrylic Made In Japan &nbsp; &nbsp; Measurements: Size S: Shoulders: 43,5cm &#8211; Chest: 58cm &#8211; Length: 67cm &#8211; Arm hole: 25cm &nbsp; &nbsp; The brand\u00a0 Orslow is a&hellip; <a class=\"more-link\" href=\"https:\/\/rendez-vous-store.com\/fr\/shop\/special-offer-men-rendez-vous-store\/men-coat-and-jacket-special-offer\/orslow-vest-01-9023-76-army-green\/\">Continuer la lecture <span class=\"screen-reader-text\">Orslow - Gilet 01-9023-76 - Vert arm\u00e9e<\/span><\/a><\/p>","protected":false},"featured_media":174345,"template":"","meta":{"_acf_changed":false},"product_brand":[],"product_cat":[1292,1353,1350,20,53],"product_tag":[678],"class_list":{"0":"post-173554","1":"product","2":"type-product","3":"status-publish","4":"has-post-thumbnail","6":"product_cat-1292","7":"product_cat-men-coat-and-jacket-special-offer","8":"product_cat-special-offer-men-rendez-vous-store","9":"product_cat-men-selection-discover-our-selection-rendez-vous-store","10":"product_cat-jackets-coats-discover-our-selection","11":"product_tag-orslow","12":"entry","14":"first","15":"outofstock","16":"taxable","17":"shipping-taxable","18":"product-type-variable","19":"has-default-attributes"},"acf":[],"yoast_head":"<!-- This site is optimized with the Yoast SEO plugin v24.9 - https:\/\/yoast.com\/wordpress\/plugins\/seo\/ -->\n<title>Orslow Vest 01-9023-76 Indigo Rendez-Vous Store<\/title>\n<meta name=\"description\" content=\"Orslow is on Rendez-Vous Store. This Orslow Vest 01-9023-76 Indigo is part of the Japanese brand founded by Ichiro Nakutsu in 2005.\" \/>\n<meta name=\"robots\" content=\"index, follow, max-snippet:-1, max-image-preview:large, max-video-preview:-1\" \/>\n<link rel=\"canonical\" href=\"https:\/\/rendez-vous-store.com\/fr\/shop\/special-offer-men-rendez-vous-store\/men-coat-and-jacket-special-offer\/orslow-vest-01-9023-76-army-green\/\" \/>\n<meta property=\"og:locale\" content=\"fr_FR\" \/>\n<meta property=\"og:type\" content=\"article\" \/>\n<meta property=\"og:title\" content=\"Orslow Vest 01-9023-76 Indigo Rendez-Vous Store\" \/>\n<meta property=\"og:description\" content=\"Orslow is on Rendez-Vous Store. This Orslow Vest 01-9023-76 Indigo is part of the Japanese brand founded by Ichiro Nakutsu in 2005.\" \/>\n<meta property=\"og:url\" content=\"https:\/\/rendez-vous-store.com\/fr\/shop\/special-offer-men-rendez-vous-store\/men-coat-and-jacket-special-offer\/orslow-vest-01-9023-76-army-green\/\" \/>\n<meta property=\"og:site_name\" content=\"RENDEZ-VOUS STORE\" \/>\n<meta property=\"article:modified_time\" content=\"2026-03-16T16:59:56+00:00\" \/>\n<meta property=\"og:image\" content=\"https:\/\/rendez-vous-store.com\/wp-content\/uploads\/2024\/08\/IMG_8696-scaled.webp\" \/>\n\t<meta property=\"og:image:width\" content=\"1707\" \/>\n\t<meta property=\"og:image:height\" content=\"2560\" \/>\n\t<meta property=\"og:image:type\" content=\"image\/webp\" \/>\n<meta name=\"twitter:card\" content=\"summary_large_image\" \/>\n<meta name=\"twitter:label1\" content=\"Est. reading time\" \/>\n\t<meta name=\"twitter:data1\" content=\"1 minute\" \/>\n<script type=\"application\/ld+json\" class=\"yoast-schema-graph\">{\"@context\":\"https:\/\/schema.org\",\"@graph\":[{\"@type\":\"WebPage\",\"@id\":\"https:\/\/rendez-vous-store.com\/shop\/special-offer-men-rendez-vous-store\/men-coat-and-jacket-special-offer\/orslow-vest-01-9023-76-army-green\/\",\"url\":\"https:\/\/rendez-vous-store.com\/shop\/special-offer-men-rendez-vous-store\/men-coat-and-jacket-special-offer\/orslow-vest-01-9023-76-army-green\/\",\"name\":\"Orslow Vest 01-9023-76 Indigo Rendez-Vous Store\",\"isPartOf\":{\"@id\":\"https:\/\/rendez-vous-store.com\/#website\"},\"primaryImageOfPage\":{\"@id\":\"https:\/\/rendez-vous-store.com\/shop\/special-offer-men-rendez-vous-store\/men-coat-and-jacket-special-offer\/orslow-vest-01-9023-76-army-green\/#primaryimage\"},\"image\":{\"@id\":\"https:\/\/rendez-vous-store.com\/shop\/special-offer-men-rendez-vous-store\/men-coat-and-jacket-special-offer\/orslow-vest-01-9023-76-army-green\/#primaryimage\"},\"thumbnailUrl\":\"https:\/\/rendez-vous-store.com\/app\/uploads\/2024\/08\/IMG_8696-scaled.webp\",\"datePublished\":\"2024-08-26T12:07:06+00:00\",\"dateModified\":\"2026-03-16T16:59:56+00:00\",\"description\":\"Orslow is on Rendez-Vous Store. This Orslow Vest 01-9023-76 Indigo is part of the Japanese brand founded by Ichiro Nakutsu in 2005.\",\"breadcrumb\":{\"@id\":\"https:\/\/rendez-vous-store.com\/shop\/special-offer-men-rendez-vous-store\/men-coat-and-jacket-special-offer\/orslow-vest-01-9023-76-army-green\/#breadcrumb\"},\"inLanguage\":\"fr-FR\",\"potentialAction\":[{\"@type\":\"ReadAction\",\"target\":[\"https:\/\/rendez-vous-store.com\/shop\/special-offer-men-rendez-vous-store\/men-coat-and-jacket-special-offer\/orslow-vest-01-9023-76-army-green\/\"]}]},{\"@type\":\"ImageObject\",\"inLanguage\":\"fr-FR\",\"@id\":\"https:\/\/rendez-vous-store.com\/shop\/special-offer-men-rendez-vous-store\/men-coat-and-jacket-special-offer\/orslow-vest-01-9023-76-army-green\/#primaryimage\",\"url\":\"https:\/\/rendez-vous-store.com\/app\/uploads\/2024\/08\/IMG_8696-scaled.webp\",\"contentUrl\":\"https:\/\/rendez-vous-store.com\/app\/uploads\/2024\/08\/IMG_8696-scaled.webp\",\"width\":1707,\"height\":2560,\"caption\":\"VEST 01-9023-76 \u2013 ARMY GREEN\"},{\"@type\":\"BreadcrumbList\",\"@id\":\"https:\/\/rendez-vous-store.com\/shop\/special-offer-men-rendez-vous-store\/men-coat-and-jacket-special-offer\/orslow-vest-01-9023-76-army-green\/#breadcrumb\",\"itemListElement\":[{\"@type\":\"ListItem\",\"position\":1,\"name\":\"Home\",\"item\":\"https:\/\/rendez-vous-store.com\/\"},{\"@type\":\"ListItem\",\"position\":2,\"name\":\"Shop\",\"item\":\"https:\/\/www.rendez-vous-store.com\/shop\/\"},{\"@type\":\"ListItem\",\"position\":3,\"name\":\"Orslow &#8211; Vest 01-9023-76 &#8211; Army Green\"}]},{\"@type\":\"WebSite\",\"@id\":\"https:\/\/rendez-vous-store.com\/#website\",\"url\":\"https:\/\/rendez-vous-store.com\/\",\"name\":\"RENDEZ-VOUS STORE\",\"description\":\"Slow Fashion for Women and Men\",\"potentialAction\":[{\"@type\":\"SearchAction\",\"target\":{\"@type\":\"EntryPoint\",\"urlTemplate\":\"https:\/\/rendez-vous-store.com\/?s={search_term_string}\"},\"query-input\":{\"@type\":\"PropertyValueSpecification\",\"valueRequired\":true,\"valueName\":\"search_term_string\"}}],\"inLanguage\":\"fr-FR\"}]}<\/script>\n<!-- \/ Yoast SEO plugin. -->","yoast_head_json":{"title":"Orslow Vest 01-9023-76 Indigo Rendez-Vous Store","description":"Orslow is on Rendez-Vous Store. This Orslow Vest 01-9023-76 Indigo is part of the Japanese brand founded by Ichiro Nakutsu in 2005.","robots":{"index":"index","follow":"follow","max-snippet":"max-snippet:-1","max-image-preview":"max-image-preview:large","max-video-preview":"max-video-preview:-1"},"canonical":"https:\/\/rendez-vous-store.com\/fr\/shop\/special-offer-men-rendez-vous-store\/men-coat-and-jacket-special-offer\/orslow-vest-01-9023-76-army-green\/","og_locale":"fr_FR","og_type":"article","og_title":"Orslow Vest 01-9023-76 Indigo Rendez-Vous Store","og_description":"Orslow is on Rendez-Vous Store. This Orslow Vest 01-9023-76 Indigo is part of the Japanese brand founded by Ichiro Nakutsu in 2005.","og_url":"https:\/\/rendez-vous-store.com\/fr\/shop\/special-offer-men-rendez-vous-store\/men-coat-and-jacket-special-offer\/orslow-vest-01-9023-76-army-green\/","og_site_name":"RENDEZ-VOUS STORE","article_modified_time":"2026-03-16T16:59:56+00:00","og_image":[{"width":1707,"height":2560,"url":"https:\/\/rendez-vous-store.com\/wp-content\/uploads\/2024\/08\/IMG_8696-scaled.webp","type":"image\/webp"}],"twitter_card":"summary_large_image","twitter_misc":{"Est. reading time":"1 minute"},"schema":{"@context":"https:\/\/schema.org","@graph":[{"@type":"WebPage","@id":"https:\/\/rendez-vous-store.com\/shop\/special-offer-men-rendez-vous-store\/men-coat-and-jacket-special-offer\/orslow-vest-01-9023-76-army-green\/","url":"https:\/\/rendez-vous-store.com\/shop\/special-offer-men-rendez-vous-store\/men-coat-and-jacket-special-offer\/orslow-vest-01-9023-76-army-green\/","name":"Orslow Vest 01-9023-76 Indigo Rendez-Vous Store","isPartOf":{"@id":"https:\/\/rendez-vous-store.com\/#website"},"primaryImageOfPage":{"@id":"https:\/\/rendez-vous-store.com\/shop\/special-offer-men-rendez-vous-store\/men-coat-and-jacket-special-offer\/orslow-vest-01-9023-76-army-green\/#primaryimage"},"image":{"@id":"https:\/\/rendez-vous-store.com\/shop\/special-offer-men-rendez-vous-store\/men-coat-and-jacket-special-offer\/orslow-vest-01-9023-76-army-green\/#primaryimage"},"thumbnailUrl":"https:\/\/rendez-vous-store.com\/app\/uploads\/2024\/08\/IMG_8696-scaled.webp","datePublished":"2024-08-26T12:07:06+00:00","dateModified":"2026-03-16T16:59:56+00:00","description":"Orslow is on Rendez-Vous Store. This Orslow Vest 01-9023-76 Indigo is part of the Japanese brand founded by Ichiro Nakutsu in 2005.","breadcrumb":{"@id":"https:\/\/rendez-vous-store.com\/shop\/special-offer-men-rendez-vous-store\/men-coat-and-jacket-special-offer\/orslow-vest-01-9023-76-army-green\/#breadcrumb"},"inLanguage":"fr-FR","potentialAction":[{"@type":"ReadAction","target":["https:\/\/rendez-vous-store.com\/shop\/special-offer-men-rendez-vous-store\/men-coat-and-jacket-special-offer\/orslow-vest-01-9023-76-army-green\/"]}]},{"@type":"ImageObject","inLanguage":"fr-FR","@id":"https:\/\/rendez-vous-store.com\/shop\/special-offer-men-rendez-vous-store\/men-coat-and-jacket-special-offer\/orslow-vest-01-9023-76-army-green\/#primaryimage","url":"https:\/\/rendez-vous-store.com\/app\/uploads\/2024\/08\/IMG_8696-scaled.webp","contentUrl":"https:\/\/rendez-vous-store.com\/app\/uploads\/2024\/08\/IMG_8696-scaled.webp","width":1707,"height":2560,"caption":"VEST 01-9023-76 \u2013 ARMY GREEN"},{"@type":"BreadcrumbList","@id":"https:\/\/rendez-vous-store.com\/shop\/special-offer-men-rendez-vous-store\/men-coat-and-jacket-special-offer\/orslow-vest-01-9023-76-army-green\/#breadcrumb","itemListElement":[{"@type":"ListItem","position":1,"name":"Home","item":"https:\/\/rendez-vous-store.com\/"},{"@type":"ListItem","position":2,"name":"Shop","item":"https:\/\/www.rendez-vous-store.com\/shop\/"},{"@type":"ListItem","position":3,"name":"Orslow &#8211; Vest 01-9023-76 &#8211; Army Green"}]},{"@type":"WebSite","@id":"https:\/\/rendez-vous-store.com\/#website","url":"https:\/\/rendez-vous-store.com\/","name":"RENDEZ-VOUS STORE","description":"Slow Fashion for Women and Men","potentialAction":[{"@type":"SearchAction","target":{"@type":"EntryPoint","urlTemplate":"https:\/\/rendez-vous-store.com\/?s={search_term_string}"},"query-input":{"@type":"PropertyValueSpecification","valueRequired":true,"valueName":"search_term_string"}}],"inLanguage":"fr-FR"}]}},"_links":{"self":[{"href":"https:\/\/rendez-vous-store.com\/fr\/wp-json\/wp\/v2\/product\/173554","targetHints":{"allow":["GET"]}}],"collection":[{"href":"https:\/\/rendez-vous-store.com\/fr\/wp-json\/wp\/v2\/product"}],"about":[{"href":"https:\/\/rendez-vous-store.com\/fr\/wp-json\/wp\/v2\/types\/product"}],"wp:featuredmedia":[{"embeddable":true,"href":"https:\/\/rendez-vous-store.com\/fr\/wp-json\/wp\/v2\/media\/174345"}],"wp:attachment":[{"href":"https:\/\/rendez-vous-store.com\/fr\/wp-json\/wp\/v2\/media?parent=173554"}],"wp:term":[{"taxonomy":"product_brand","embeddable":true,"href":"https:\/\/rendez-vous-store.com\/fr\/wp-json\/wp\/v2\/product_brand?post=173554"},{"taxonomy":"product_cat","embeddable":true,"href":"https:\/\/rendez-vous-store.com\/fr\/wp-json\/wp\/v2\/product_cat?post=173554"},{"taxonomy":"product_tag","embeddable":true,"href":"https:\/\/rendez-vous-store.com\/fr\/wp-json\/wp\/v2\/product_tag?post=173554"}],"curies":[{"name":"wp","href":"https:\/\/api.w.org\/{rel}","templated":true}]}}