{"id":173538,"date":"2024-08-26T14:06:58","date_gmt":"2024-08-26T12:06:58","guid":{"rendered":"https:\/\/rendez-vous-store.com\/?post_type=product&#038;p=173538"},"modified":"2026-04-24T14:58:08","modified_gmt":"2026-04-24T12:58:08","slug":"orslow-pants-03-1002-c60-charcoal-gray-rendez-vous-store","status":"publish","type":"product","link":"https:\/\/rendez-vous-store.com\/fr\/shop\/men-selection-discover-our-selection-rendez-vous-store\/trousers-shorts-rendez-vous-store\/orslow-pants-03-1002-c60-charcoal-gray-rendez-vous-store\/","title":{"rendered":"Orslow - Pantalon 03 -1002-C60 - Gris anthracite"},"content":{"rendered":"<p><strong>Pantalon Orslow 03 -1002-C60 Gris anthracite<\/strong><\/p>\n<p>Couleur : gris anthracite<\/p>\n<p>Mati\u00e8re velours c\u00f4tel\u00e9<\/p>\n<p>Ceinture \u00e0 cordon int\u00e9gr\u00e9e<\/p>\n<p>Poids r\u00e9glable<\/p>\n<p>Conception \u00e0 3 poches<\/p>\n<p>Poche arri\u00e8re soud\u00e9e<\/p>\n<p>YKK Zip Fy<\/p>\n<p>Composition : 98% Coton, 2% Poly<\/p>\n<p>Fabriqu\u00e9 \u00e0 Osaka, Japon<\/p>\n<p>&nbsp;<\/p>\n<p>&nbsp;<\/p>\n<p>&nbsp;<\/p>\n<p>&nbsp;<\/p>\n<p><strong>La marque\u00a0<\/strong><\/p>\n<p>Orslow est une marque bas\u00e9e \u00e0 Hyogo, au Japon, depuis 2005, qui propose des v\u00eatements de style militaire et de travail, modernes et design. Elle est l'\u0153uvre d'un collectionneur nomm\u00e9 Ichiro Nakutsu. Pour lui, chaque v\u00eatement doit \u00eatre con\u00e7u dans un souci de long\u00e9vit\u00e9 et de qualit\u00e9.<\/p>\n<p>Orslow est r\u00e9put\u00e9 pour la qualit\u00e9 authentique de son denim, fabriqu\u00e9 au Japon sur de vieilles machines. Les v\u00eatements sont con\u00e7us pour r\u00e9sister aux rigueurs de la vie contemporaine.<\/p>","protected":false},"excerpt":{"rendered":"<p>Orslow Pants 03 -1002-C60 Charcoal Gray Color: Charcoal Gray Corduroy Material Integrated Drawstring Belt Adjustable Weight 3 Pocket Design Welted Rear Pocket YKK Zip Fy Composition: 98% Cotton, 2% Poly Made in Osaka, Japan &nbsp; &nbsp; &nbsp; &nbsp; The brand\u00a0 Orslow is a brand based in Hyogo, Japan since 2005, which offers clothing with military&hellip; <a class=\"more-link\" href=\"https:\/\/rendez-vous-store.com\/fr\/shop\/men-selection-discover-our-selection-rendez-vous-store\/trousers-shorts-rendez-vous-store\/orslow-pants-03-1002-c60-charcoal-gray-rendez-vous-store\/\">Continuer la lecture <span class=\"screen-reader-text\">Orslow - Pantalon 03 -1002-C60 - Gris anthracite<\/span><\/a><\/p>","protected":false},"featured_media":173652,"template":"","meta":{"_acf_changed":false},"product_brand":[],"product_cat":[20,73],"product_tag":[678],"class_list":{"0":"post-173538","1":"product","2":"type-product","3":"status-publish","4":"has-post-thumbnail","6":"product_cat-men-selection-discover-our-selection-rendez-vous-store","7":"product_cat-trousers-shorts-rendez-vous-store","8":"product_tag-orslow","9":"entry","11":"first","12":"outofstock","13":"taxable","14":"shipping-taxable","15":"product-type-variable","16":"has-default-attributes"},"acf":[],"yoast_head":"<!-- This site is optimized with the Yoast SEO plugin v24.9 - https:\/\/yoast.com\/wordpress\/plugins\/seo\/ -->\n<title>Orslow Pants 03 -1002-C60 Charcoal Gray Rendez-vous Store<\/title>\n<meta name=\"description\" content=\"Orslow is on Rendez-Vous Store. This Orslow Pants 03 -1002-C60 Charcoal Gray is part of the Japanese brand founded by Ichiro Nakutsu in 2005.\" \/>\n<meta name=\"robots\" content=\"index, follow, max-snippet:-1, max-image-preview:large, max-video-preview:-1\" \/>\n<link rel=\"canonical\" href=\"https:\/\/rendez-vous-store.com\/fr\/shop\/men-selection-discover-our-selection-rendez-vous-store\/trousers-shorts-rendez-vous-store\/orslow-pants-03-1002-c60-charcoal-gray-rendez-vous-store\/\" \/>\n<meta property=\"og:locale\" content=\"fr_FR\" \/>\n<meta property=\"og:type\" content=\"article\" \/>\n<meta property=\"og:title\" content=\"Orslow Pants 03 -1002-C60 Charcoal Gray Rendez-vous Store\" \/>\n<meta property=\"og:description\" content=\"Orslow is on Rendez-Vous Store. This Orslow Pants 03 -1002-C60 Charcoal Gray is part of the Japanese brand founded by Ichiro Nakutsu in 2005.\" \/>\n<meta property=\"og:url\" content=\"https:\/\/rendez-vous-store.com\/fr\/shop\/men-selection-discover-our-selection-rendez-vous-store\/trousers-shorts-rendez-vous-store\/orslow-pants-03-1002-c60-charcoal-gray-rendez-vous-store\/\" \/>\n<meta property=\"og:site_name\" content=\"RENDEZ-VOUS STORE\" \/>\n<meta property=\"article:modified_time\" content=\"2026-04-24T12:58:08+00:00\" \/>\n<meta property=\"og:image\" content=\"https:\/\/rendez-vous-store.com\/wp-content\/uploads\/2024\/08\/rdv_orslow_29-scaled.webp\" \/>\n\t<meta property=\"og:image:width\" content=\"1696\" \/>\n\t<meta property=\"og:image:height\" content=\"2560\" \/>\n\t<meta property=\"og:image:type\" content=\"image\/webp\" \/>\n<meta name=\"twitter:card\" content=\"summary_large_image\" \/>\n<meta name=\"twitter:label1\" content=\"Est. reading time\" \/>\n\t<meta name=\"twitter:data1\" content=\"1 minute\" \/>\n<script type=\"application\/ld+json\" class=\"yoast-schema-graph\">{\"@context\":\"https:\/\/schema.org\",\"@graph\":[{\"@type\":\"WebPage\",\"@id\":\"https:\/\/rendez-vous-store.com\/shop\/men-selection-discover-our-selection-rendez-vous-store\/trousers-shorts-rendez-vous-store\/orslow-pants-03-1002-c60-charcoal-gray-rendez-vous-store\/\",\"url\":\"https:\/\/rendez-vous-store.com\/shop\/men-selection-discover-our-selection-rendez-vous-store\/trousers-shorts-rendez-vous-store\/orslow-pants-03-1002-c60-charcoal-gray-rendez-vous-store\/\",\"name\":\"Orslow Pants 03 -1002-C60 Charcoal Gray Rendez-vous Store\",\"isPartOf\":{\"@id\":\"https:\/\/rendez-vous-store.com\/#website\"},\"primaryImageOfPage\":{\"@id\":\"https:\/\/rendez-vous-store.com\/shop\/men-selection-discover-our-selection-rendez-vous-store\/trousers-shorts-rendez-vous-store\/orslow-pants-03-1002-c60-charcoal-gray-rendez-vous-store\/#primaryimage\"},\"image\":{\"@id\":\"https:\/\/rendez-vous-store.com\/shop\/men-selection-discover-our-selection-rendez-vous-store\/trousers-shorts-rendez-vous-store\/orslow-pants-03-1002-c60-charcoal-gray-rendez-vous-store\/#primaryimage\"},\"thumbnailUrl\":\"https:\/\/rendez-vous-store.com\/app\/uploads\/2024\/08\/rdv_orslow_29-scaled.webp\",\"datePublished\":\"2024-08-26T12:06:58+00:00\",\"dateModified\":\"2026-04-24T12:58:08+00:00\",\"description\":\"Orslow is on Rendez-Vous Store. This Orslow Pants 03 -1002-C60 Charcoal Gray is part of the Japanese brand founded by Ichiro Nakutsu in 2005.\",\"breadcrumb\":{\"@id\":\"https:\/\/rendez-vous-store.com\/shop\/men-selection-discover-our-selection-rendez-vous-store\/trousers-shorts-rendez-vous-store\/orslow-pants-03-1002-c60-charcoal-gray-rendez-vous-store\/#breadcrumb\"},\"inLanguage\":\"fr-FR\",\"potentialAction\":[{\"@type\":\"ReadAction\",\"target\":[\"https:\/\/rendez-vous-store.com\/shop\/men-selection-discover-our-selection-rendez-vous-store\/trousers-shorts-rendez-vous-store\/orslow-pants-03-1002-c60-charcoal-gray-rendez-vous-store\/\"]}]},{\"@type\":\"ImageObject\",\"inLanguage\":\"fr-FR\",\"@id\":\"https:\/\/rendez-vous-store.com\/shop\/men-selection-discover-our-selection-rendez-vous-store\/trousers-shorts-rendez-vous-store\/orslow-pants-03-1002-c60-charcoal-gray-rendez-vous-store\/#primaryimage\",\"url\":\"https:\/\/rendez-vous-store.com\/app\/uploads\/2024\/08\/rdv_orslow_29-scaled.webp\",\"contentUrl\":\"https:\/\/rendez-vous-store.com\/app\/uploads\/2024\/08\/rdv_orslow_29-scaled.webp\",\"width\":1696,\"height\":2560,\"caption\":\"Orslow - Pants 03 -1002-C60 - Charcoal Gray\"},{\"@type\":\"BreadcrumbList\",\"@id\":\"https:\/\/rendez-vous-store.com\/shop\/men-selection-discover-our-selection-rendez-vous-store\/trousers-shorts-rendez-vous-store\/orslow-pants-03-1002-c60-charcoal-gray-rendez-vous-store\/#breadcrumb\",\"itemListElement\":[{\"@type\":\"ListItem\",\"position\":1,\"name\":\"Home\",\"item\":\"https:\/\/rendez-vous-store.com\/\"},{\"@type\":\"ListItem\",\"position\":2,\"name\":\"Shop\",\"item\":\"https:\/\/www.rendez-vous-store.com\/shop\/\"},{\"@type\":\"ListItem\",\"position\":3,\"name\":\"Orslow &#8211; Pants 03 -1002-C60 &#8211; Charcoal Gray\"}]},{\"@type\":\"WebSite\",\"@id\":\"https:\/\/rendez-vous-store.com\/#website\",\"url\":\"https:\/\/rendez-vous-store.com\/\",\"name\":\"RENDEZ-VOUS STORE\",\"description\":\"Slow Fashion for Women and Men\",\"potentialAction\":[{\"@type\":\"SearchAction\",\"target\":{\"@type\":\"EntryPoint\",\"urlTemplate\":\"https:\/\/rendez-vous-store.com\/?s={search_term_string}\"},\"query-input\":{\"@type\":\"PropertyValueSpecification\",\"valueRequired\":true,\"valueName\":\"search_term_string\"}}],\"inLanguage\":\"fr-FR\"}]}<\/script>\n<!-- \/ Yoast SEO plugin. -->","yoast_head_json":{"title":"Orslow Pants 03 -1002-C60 Charcoal Gray Rendez-vous Store","description":"Orslow is on Rendez-Vous Store. This Orslow Pants 03 -1002-C60 Charcoal Gray is part of the Japanese brand founded by Ichiro Nakutsu in 2005.","robots":{"index":"index","follow":"follow","max-snippet":"max-snippet:-1","max-image-preview":"max-image-preview:large","max-video-preview":"max-video-preview:-1"},"canonical":"https:\/\/rendez-vous-store.com\/fr\/shop\/men-selection-discover-our-selection-rendez-vous-store\/trousers-shorts-rendez-vous-store\/orslow-pants-03-1002-c60-charcoal-gray-rendez-vous-store\/","og_locale":"fr_FR","og_type":"article","og_title":"Orslow Pants 03 -1002-C60 Charcoal Gray Rendez-vous Store","og_description":"Orslow is on Rendez-Vous Store. This Orslow Pants 03 -1002-C60 Charcoal Gray is part of the Japanese brand founded by Ichiro Nakutsu in 2005.","og_url":"https:\/\/rendez-vous-store.com\/fr\/shop\/men-selection-discover-our-selection-rendez-vous-store\/trousers-shorts-rendez-vous-store\/orslow-pants-03-1002-c60-charcoal-gray-rendez-vous-store\/","og_site_name":"RENDEZ-VOUS STORE","article_modified_time":"2026-04-24T12:58:08+00:00","og_image":[{"width":1696,"height":2560,"url":"https:\/\/rendez-vous-store.com\/wp-content\/uploads\/2024\/08\/rdv_orslow_29-scaled.webp","type":"image\/webp"}],"twitter_card":"summary_large_image","twitter_misc":{"Est. reading time":"1 minute"},"schema":{"@context":"https:\/\/schema.org","@graph":[{"@type":"WebPage","@id":"https:\/\/rendez-vous-store.com\/shop\/men-selection-discover-our-selection-rendez-vous-store\/trousers-shorts-rendez-vous-store\/orslow-pants-03-1002-c60-charcoal-gray-rendez-vous-store\/","url":"https:\/\/rendez-vous-store.com\/shop\/men-selection-discover-our-selection-rendez-vous-store\/trousers-shorts-rendez-vous-store\/orslow-pants-03-1002-c60-charcoal-gray-rendez-vous-store\/","name":"Orslow Pants 03 -1002-C60 Charcoal Gray Rendez-vous Store","isPartOf":{"@id":"https:\/\/rendez-vous-store.com\/#website"},"primaryImageOfPage":{"@id":"https:\/\/rendez-vous-store.com\/shop\/men-selection-discover-our-selection-rendez-vous-store\/trousers-shorts-rendez-vous-store\/orslow-pants-03-1002-c60-charcoal-gray-rendez-vous-store\/#primaryimage"},"image":{"@id":"https:\/\/rendez-vous-store.com\/shop\/men-selection-discover-our-selection-rendez-vous-store\/trousers-shorts-rendez-vous-store\/orslow-pants-03-1002-c60-charcoal-gray-rendez-vous-store\/#primaryimage"},"thumbnailUrl":"https:\/\/rendez-vous-store.com\/app\/uploads\/2024\/08\/rdv_orslow_29-scaled.webp","datePublished":"2024-08-26T12:06:58+00:00","dateModified":"2026-04-24T12:58:08+00:00","description":"Orslow is on Rendez-Vous Store. This Orslow Pants 03 -1002-C60 Charcoal Gray is part of the Japanese brand founded by Ichiro Nakutsu in 2005.","breadcrumb":{"@id":"https:\/\/rendez-vous-store.com\/shop\/men-selection-discover-our-selection-rendez-vous-store\/trousers-shorts-rendez-vous-store\/orslow-pants-03-1002-c60-charcoal-gray-rendez-vous-store\/#breadcrumb"},"inLanguage":"fr-FR","potentialAction":[{"@type":"ReadAction","target":["https:\/\/rendez-vous-store.com\/shop\/men-selection-discover-our-selection-rendez-vous-store\/trousers-shorts-rendez-vous-store\/orslow-pants-03-1002-c60-charcoal-gray-rendez-vous-store\/"]}]},{"@type":"ImageObject","inLanguage":"fr-FR","@id":"https:\/\/rendez-vous-store.com\/shop\/men-selection-discover-our-selection-rendez-vous-store\/trousers-shorts-rendez-vous-store\/orslow-pants-03-1002-c60-charcoal-gray-rendez-vous-store\/#primaryimage","url":"https:\/\/rendez-vous-store.com\/app\/uploads\/2024\/08\/rdv_orslow_29-scaled.webp","contentUrl":"https:\/\/rendez-vous-store.com\/app\/uploads\/2024\/08\/rdv_orslow_29-scaled.webp","width":1696,"height":2560,"caption":"Orslow - Pants 03 -1002-C60 - Charcoal Gray"},{"@type":"BreadcrumbList","@id":"https:\/\/rendez-vous-store.com\/shop\/men-selection-discover-our-selection-rendez-vous-store\/trousers-shorts-rendez-vous-store\/orslow-pants-03-1002-c60-charcoal-gray-rendez-vous-store\/#breadcrumb","itemListElement":[{"@type":"ListItem","position":1,"name":"Home","item":"https:\/\/rendez-vous-store.com\/"},{"@type":"ListItem","position":2,"name":"Shop","item":"https:\/\/www.rendez-vous-store.com\/shop\/"},{"@type":"ListItem","position":3,"name":"Orslow &#8211; Pants 03 -1002-C60 &#8211; Charcoal Gray"}]},{"@type":"WebSite","@id":"https:\/\/rendez-vous-store.com\/#website","url":"https:\/\/rendez-vous-store.com\/","name":"RENDEZ-VOUS STORE","description":"Slow Fashion for Women and Men","potentialAction":[{"@type":"SearchAction","target":{"@type":"EntryPoint","urlTemplate":"https:\/\/rendez-vous-store.com\/?s={search_term_string}"},"query-input":{"@type":"PropertyValueSpecification","valueRequired":true,"valueName":"search_term_string"}}],"inLanguage":"fr-FR"}]}},"_links":{"self":[{"href":"https:\/\/rendez-vous-store.com\/fr\/wp-json\/wp\/v2\/product\/173538","targetHints":{"allow":["GET"]}}],"collection":[{"href":"https:\/\/rendez-vous-store.com\/fr\/wp-json\/wp\/v2\/product"}],"about":[{"href":"https:\/\/rendez-vous-store.com\/fr\/wp-json\/wp\/v2\/types\/product"}],"wp:featuredmedia":[{"embeddable":true,"href":"https:\/\/rendez-vous-store.com\/fr\/wp-json\/wp\/v2\/media\/173652"}],"wp:attachment":[{"href":"https:\/\/rendez-vous-store.com\/fr\/wp-json\/wp\/v2\/media?parent=173538"}],"wp:term":[{"taxonomy":"product_brand","embeddable":true,"href":"https:\/\/rendez-vous-store.com\/fr\/wp-json\/wp\/v2\/product_brand?post=173538"},{"taxonomy":"product_cat","embeddable":true,"href":"https:\/\/rendez-vous-store.com\/fr\/wp-json\/wp\/v2\/product_cat?post=173538"},{"taxonomy":"product_tag","embeddable":true,"href":"https:\/\/rendez-vous-store.com\/fr\/wp-json\/wp\/v2\/product_tag?post=173538"}],"curies":[{"name":"wp","href":"https:\/\/api.w.org\/{rel}","templated":true}]}}