{"id":173262,"date":"2024-08-08T18:59:38","date_gmt":"2024-08-08T16:59:38","guid":{"rendered":"https:\/\/rendez-vous-store.com\/?post_type=product&#038;p=173262"},"modified":"2026-03-16T18:00:25","modified_gmt":"2026-03-16T17:00:25","slug":"nitto-puntino-jacket-brown-rendez-vous-store","status":"publish","type":"product","link":"https:\/\/rendez-vous-store.com\/fr\/shop\/special-offer-women-rendez-vous-store\/women-coat-jacket-special-offer-rendez-vous-store\/nitto-puntino-jacket-brown-rendez-vous-store\/","title":{"rendered":"NITTO - Veste PUNTINO - Marron"},"content":{"rendered":"<p><strong>NITTO PUNTINO Jacket Brown<\/strong><\/p>\n<p>Couleur : Marron<\/p>\n<p>Col court classique<\/p>\n<p>3 poches plaqu\u00e9es sur le devant<\/p>\n<p>Composition : 100% velours de coton italien<\/p>\n<p>Fabriqu\u00e9 en Italie<\/p>\n<p>&nbsp;<\/p>\n<p>&nbsp;<\/p>\n<p>&nbsp;<\/p>\n<p><strong>Ma\u00e9va mesure 168 cm<\/strong><\/p>\n<p><strong>Taille du mod\u00e8le : S<\/strong><\/p>\n<p>&nbsp;<\/p>\n<p>&nbsp;<\/p>\n<h4>La marque<\/h4>\n<p class=\"\">Nitto fabrique \u00e0 la main des v\u00eatements et des accessoires uniques. La marque a \u00e9t\u00e9 fond\u00e9e en 2020, se concentrant sur des formes simples et \u00e9pur\u00e9es et s'inspirant des traditions du monde entier.<\/p>\n<p class=\"\">Ces pi\u00e8ces fra\u00eeches, destin\u00e9es aux jeunes et aux moins jeunes, sont faites pour \u00eatre port\u00e9es tous les jours et pour durer dans le temps.<\/p>\n<p>Tous les articles sont enti\u00e8rement faits \u00e0 la main : tricot\u00e9s \u00e0 la main, crochet\u00e9s \u00e0 la main ou confectionn\u00e9s de mani\u00e8re artisanale.<\/p>\n<p class=\"\">Les mati\u00e8res naturelles, associ\u00e9es \u00e0 une volont\u00e9 de r\u00e9duire l'impact sur l'environnement, fa\u00e7onnent le c\u0153ur romantique et intemporel des collections. Les tissus de haute qualit\u00e9 donnent vie \u00e0 des v\u00eatements plus durables, qui acqui\u00e8rent une plus grande valeur au fil du temps. La plupart des mat\u00e9riaux proviennent de sources locales. La recherche de petits fournisseurs, afin de soutenir l'industrie textile locale, joue un r\u00f4le central dans le projet.<\/p>\n<p>Une grande partie de la production se fait \u00e0 la demande, sur la base de petits lots de mat\u00e9riel.<\/p>","protected":false},"excerpt":{"rendered":"<p>NITTO PUNTINO Jacket Brown Color: Brown Classic short collar 3 front patch pockets Composition: 100% Italian cotton velvet Made in Italy &nbsp; &nbsp; &nbsp; Ma\u00e9va is 168cm tall Model size: S &nbsp; &nbsp; The Brand Nitto handcrafts unique clothes and accessories. The brand was founded in 2020, focusing on clean, simple shapes and inspired by&hellip; <a class=\"more-link\" href=\"https:\/\/rendez-vous-store.com\/fr\/shop\/special-offer-women-rendez-vous-store\/women-coat-jacket-special-offer-rendez-vous-store\/nitto-puntino-jacket-brown-rendez-vous-store\/\">Continuer la lecture <span class=\"screen-reader-text\">NITTO - Veste PUNTINO - Marron<\/span><\/a><\/p>","protected":false},"featured_media":173371,"template":"","meta":{"_acf_changed":false},"product_brand":[],"product_cat":[1291,1336,1335,17,394],"product_tag":[1297],"class_list":{"0":"post-173262","1":"product","2":"type-product","3":"status-publish","4":"has-post-thumbnail","6":"product_cat-sale-30","7":"product_cat-women-coat-jacket-special-offer-rendez-vous-store","8":"product_cat-special-offer-women-rendez-vous-store","9":"product_cat-women","10":"product_cat-women-coats-jackets-rendez-vous-store","11":"product_tag-nitto-rendez-vous-store","12":"entry","14":"first","15":"outofstock","16":"taxable","17":"shipping-taxable","18":"product-type-variable","19":"has-default-attributes"},"acf":[],"yoast_head":"<!-- This site is optimized with the Yoast SEO plugin v24.9 - https:\/\/yoast.com\/wordpress\/plugins\/seo\/ -->\n<title>NITTO PUNTINO Jacket Brown<\/title>\n<meta name=\"description\" content=\"NITTO is on Rendez-vous Store. This NITTO PUNTINO Jacket Brown focusing on clean, simple shapes and inspired by traditions from all over the world.\" \/>\n<meta name=\"robots\" content=\"index, follow, max-snippet:-1, max-image-preview:large, max-video-preview:-1\" \/>\n<link rel=\"canonical\" href=\"https:\/\/rendez-vous-store.com\/fr\/shop\/special-offer-women-rendez-vous-store\/women-coat-jacket-special-offer-rendez-vous-store\/nitto-puntino-jacket-brown-rendez-vous-store\/\" \/>\n<meta property=\"og:locale\" content=\"fr_FR\" \/>\n<meta property=\"og:type\" content=\"article\" \/>\n<meta property=\"og:title\" content=\"NITTO PUNTINO Jacket Brown\" \/>\n<meta property=\"og:description\" content=\"NITTO is on Rendez-vous Store. This NITTO PUNTINO Jacket Brown focusing on clean, simple shapes and inspired by traditions from all over the world.\" \/>\n<meta property=\"og:url\" content=\"https:\/\/rendez-vous-store.com\/fr\/shop\/special-offer-women-rendez-vous-store\/women-coat-jacket-special-offer-rendez-vous-store\/nitto-puntino-jacket-brown-rendez-vous-store\/\" \/>\n<meta property=\"og:site_name\" content=\"RENDEZ-VOUS STORE\" \/>\n<meta property=\"article:modified_time\" content=\"2026-03-16T17:00:25+00:00\" \/>\n<meta property=\"og:image\" content=\"https:\/\/rendez-vous-store.com\/wp-content\/uploads\/2024\/08\/yu.webp\" \/>\n\t<meta property=\"og:image:width\" content=\"1696\" \/>\n\t<meta property=\"og:image:height\" content=\"2560\" \/>\n\t<meta property=\"og:image:type\" content=\"image\/webp\" \/>\n<meta name=\"twitter:card\" content=\"summary_large_image\" \/>\n<meta name=\"twitter:label1\" content=\"Est. reading time\" \/>\n\t<meta name=\"twitter:data1\" content=\"1 minute\" \/>\n<script type=\"application\/ld+json\" class=\"yoast-schema-graph\">{\"@context\":\"https:\/\/schema.org\",\"@graph\":[{\"@type\":\"WebPage\",\"@id\":\"https:\/\/rendez-vous-store.com\/shop\/special-offer-women-rendez-vous-store\/women-coat-jacket-special-offer-rendez-vous-store\/nitto-puntino-jacket-brown-rendez-vous-store\/\",\"url\":\"https:\/\/rendez-vous-store.com\/shop\/special-offer-women-rendez-vous-store\/women-coat-jacket-special-offer-rendez-vous-store\/nitto-puntino-jacket-brown-rendez-vous-store\/\",\"name\":\"NITTO PUNTINO Jacket Brown\",\"isPartOf\":{\"@id\":\"https:\/\/rendez-vous-store.com\/#website\"},\"primaryImageOfPage\":{\"@id\":\"https:\/\/rendez-vous-store.com\/shop\/special-offer-women-rendez-vous-store\/women-coat-jacket-special-offer-rendez-vous-store\/nitto-puntino-jacket-brown-rendez-vous-store\/#primaryimage\"},\"image\":{\"@id\":\"https:\/\/rendez-vous-store.com\/shop\/special-offer-women-rendez-vous-store\/women-coat-jacket-special-offer-rendez-vous-store\/nitto-puntino-jacket-brown-rendez-vous-store\/#primaryimage\"},\"thumbnailUrl\":\"https:\/\/rendez-vous-store.com\/app\/uploads\/2024\/08\/yu.webp\",\"datePublished\":\"2024-08-08T16:59:38+00:00\",\"dateModified\":\"2026-03-16T17:00:25+00:00\",\"description\":\"NITTO is on Rendez-vous Store. This NITTO PUNTINO Jacket Brown focusing on clean, simple shapes and inspired by traditions from all over the world.\",\"breadcrumb\":{\"@id\":\"https:\/\/rendez-vous-store.com\/shop\/special-offer-women-rendez-vous-store\/women-coat-jacket-special-offer-rendez-vous-store\/nitto-puntino-jacket-brown-rendez-vous-store\/#breadcrumb\"},\"inLanguage\":\"fr-FR\",\"potentialAction\":[{\"@type\":\"ReadAction\",\"target\":[\"https:\/\/rendez-vous-store.com\/shop\/special-offer-women-rendez-vous-store\/women-coat-jacket-special-offer-rendez-vous-store\/nitto-puntino-jacket-brown-rendez-vous-store\/\"]}]},{\"@type\":\"ImageObject\",\"inLanguage\":\"fr-FR\",\"@id\":\"https:\/\/rendez-vous-store.com\/shop\/special-offer-women-rendez-vous-store\/women-coat-jacket-special-offer-rendez-vous-store\/nitto-puntino-jacket-brown-rendez-vous-store\/#primaryimage\",\"url\":\"https:\/\/rendez-vous-store.com\/app\/uploads\/2024\/08\/yu.webp\",\"contentUrl\":\"https:\/\/rendez-vous-store.com\/app\/uploads\/2024\/08\/yu.webp\",\"width\":1696,\"height\":2560,\"caption\":\"NITTO - PUNTINO Jacket - Brown\"},{\"@type\":\"BreadcrumbList\",\"@id\":\"https:\/\/rendez-vous-store.com\/shop\/special-offer-women-rendez-vous-store\/women-coat-jacket-special-offer-rendez-vous-store\/nitto-puntino-jacket-brown-rendez-vous-store\/#breadcrumb\",\"itemListElement\":[{\"@type\":\"ListItem\",\"position\":1,\"name\":\"Home\",\"item\":\"https:\/\/rendez-vous-store.com\/\"},{\"@type\":\"ListItem\",\"position\":2,\"name\":\"Shop\",\"item\":\"https:\/\/www.rendez-vous-store.com\/shop\/\"},{\"@type\":\"ListItem\",\"position\":3,\"name\":\"NITTO &#8211; PUNTINO Jacket &#8211; Brown\"}]},{\"@type\":\"WebSite\",\"@id\":\"https:\/\/rendez-vous-store.com\/#website\",\"url\":\"https:\/\/rendez-vous-store.com\/\",\"name\":\"RENDEZ-VOUS STORE\",\"description\":\"Slow Fashion for Women and Men\",\"potentialAction\":[{\"@type\":\"SearchAction\",\"target\":{\"@type\":\"EntryPoint\",\"urlTemplate\":\"https:\/\/rendez-vous-store.com\/?s={search_term_string}\"},\"query-input\":{\"@type\":\"PropertyValueSpecification\",\"valueRequired\":true,\"valueName\":\"search_term_string\"}}],\"inLanguage\":\"fr-FR\"}]}<\/script>\n<!-- \/ Yoast SEO plugin. -->","yoast_head_json":{"title":"NITTO PUNTINO Jacket Brown","description":"NITTO is on Rendez-vous Store. This NITTO PUNTINO Jacket Brown focusing on clean, simple shapes and inspired by traditions from all over the world.","robots":{"index":"index","follow":"follow","max-snippet":"max-snippet:-1","max-image-preview":"max-image-preview:large","max-video-preview":"max-video-preview:-1"},"canonical":"https:\/\/rendez-vous-store.com\/fr\/shop\/special-offer-women-rendez-vous-store\/women-coat-jacket-special-offer-rendez-vous-store\/nitto-puntino-jacket-brown-rendez-vous-store\/","og_locale":"fr_FR","og_type":"article","og_title":"NITTO PUNTINO Jacket Brown","og_description":"NITTO is on Rendez-vous Store. This NITTO PUNTINO Jacket Brown focusing on clean, simple shapes and inspired by traditions from all over the world.","og_url":"https:\/\/rendez-vous-store.com\/fr\/shop\/special-offer-women-rendez-vous-store\/women-coat-jacket-special-offer-rendez-vous-store\/nitto-puntino-jacket-brown-rendez-vous-store\/","og_site_name":"RENDEZ-VOUS STORE","article_modified_time":"2026-03-16T17:00:25+00:00","og_image":[{"width":1696,"height":2560,"url":"https:\/\/rendez-vous-store.com\/wp-content\/uploads\/2024\/08\/yu.webp","type":"image\/webp"}],"twitter_card":"summary_large_image","twitter_misc":{"Est. reading time":"1 minute"},"schema":{"@context":"https:\/\/schema.org","@graph":[{"@type":"WebPage","@id":"https:\/\/rendez-vous-store.com\/shop\/special-offer-women-rendez-vous-store\/women-coat-jacket-special-offer-rendez-vous-store\/nitto-puntino-jacket-brown-rendez-vous-store\/","url":"https:\/\/rendez-vous-store.com\/shop\/special-offer-women-rendez-vous-store\/women-coat-jacket-special-offer-rendez-vous-store\/nitto-puntino-jacket-brown-rendez-vous-store\/","name":"NITTO PUNTINO Jacket Brown","isPartOf":{"@id":"https:\/\/rendez-vous-store.com\/#website"},"primaryImageOfPage":{"@id":"https:\/\/rendez-vous-store.com\/shop\/special-offer-women-rendez-vous-store\/women-coat-jacket-special-offer-rendez-vous-store\/nitto-puntino-jacket-brown-rendez-vous-store\/#primaryimage"},"image":{"@id":"https:\/\/rendez-vous-store.com\/shop\/special-offer-women-rendez-vous-store\/women-coat-jacket-special-offer-rendez-vous-store\/nitto-puntino-jacket-brown-rendez-vous-store\/#primaryimage"},"thumbnailUrl":"https:\/\/rendez-vous-store.com\/app\/uploads\/2024\/08\/yu.webp","datePublished":"2024-08-08T16:59:38+00:00","dateModified":"2026-03-16T17:00:25+00:00","description":"NITTO is on Rendez-vous Store. This NITTO PUNTINO Jacket Brown focusing on clean, simple shapes and inspired by traditions from all over the world.","breadcrumb":{"@id":"https:\/\/rendez-vous-store.com\/shop\/special-offer-women-rendez-vous-store\/women-coat-jacket-special-offer-rendez-vous-store\/nitto-puntino-jacket-brown-rendez-vous-store\/#breadcrumb"},"inLanguage":"fr-FR","potentialAction":[{"@type":"ReadAction","target":["https:\/\/rendez-vous-store.com\/shop\/special-offer-women-rendez-vous-store\/women-coat-jacket-special-offer-rendez-vous-store\/nitto-puntino-jacket-brown-rendez-vous-store\/"]}]},{"@type":"ImageObject","inLanguage":"fr-FR","@id":"https:\/\/rendez-vous-store.com\/shop\/special-offer-women-rendez-vous-store\/women-coat-jacket-special-offer-rendez-vous-store\/nitto-puntino-jacket-brown-rendez-vous-store\/#primaryimage","url":"https:\/\/rendez-vous-store.com\/app\/uploads\/2024\/08\/yu.webp","contentUrl":"https:\/\/rendez-vous-store.com\/app\/uploads\/2024\/08\/yu.webp","width":1696,"height":2560,"caption":"NITTO - PUNTINO Jacket - Brown"},{"@type":"BreadcrumbList","@id":"https:\/\/rendez-vous-store.com\/shop\/special-offer-women-rendez-vous-store\/women-coat-jacket-special-offer-rendez-vous-store\/nitto-puntino-jacket-brown-rendez-vous-store\/#breadcrumb","itemListElement":[{"@type":"ListItem","position":1,"name":"Home","item":"https:\/\/rendez-vous-store.com\/"},{"@type":"ListItem","position":2,"name":"Shop","item":"https:\/\/www.rendez-vous-store.com\/shop\/"},{"@type":"ListItem","position":3,"name":"NITTO &#8211; PUNTINO Jacket &#8211; Brown"}]},{"@type":"WebSite","@id":"https:\/\/rendez-vous-store.com\/#website","url":"https:\/\/rendez-vous-store.com\/","name":"RENDEZ-VOUS STORE","description":"Slow Fashion for Women and Men","potentialAction":[{"@type":"SearchAction","target":{"@type":"EntryPoint","urlTemplate":"https:\/\/rendez-vous-store.com\/?s={search_term_string}"},"query-input":{"@type":"PropertyValueSpecification","valueRequired":true,"valueName":"search_term_string"}}],"inLanguage":"fr-FR"}]}},"_links":{"self":[{"href":"https:\/\/rendez-vous-store.com\/fr\/wp-json\/wp\/v2\/product\/173262","targetHints":{"allow":["GET"]}}],"collection":[{"href":"https:\/\/rendez-vous-store.com\/fr\/wp-json\/wp\/v2\/product"}],"about":[{"href":"https:\/\/rendez-vous-store.com\/fr\/wp-json\/wp\/v2\/types\/product"}],"wp:featuredmedia":[{"embeddable":true,"href":"https:\/\/rendez-vous-store.com\/fr\/wp-json\/wp\/v2\/media\/173371"}],"wp:attachment":[{"href":"https:\/\/rendez-vous-store.com\/fr\/wp-json\/wp\/v2\/media?parent=173262"}],"wp:term":[{"taxonomy":"product_brand","embeddable":true,"href":"https:\/\/rendez-vous-store.com\/fr\/wp-json\/wp\/v2\/product_brand?post=173262"},{"taxonomy":"product_cat","embeddable":true,"href":"https:\/\/rendez-vous-store.com\/fr\/wp-json\/wp\/v2\/product_cat?post=173262"},{"taxonomy":"product_tag","embeddable":true,"href":"https:\/\/rendez-vous-store.com\/fr\/wp-json\/wp\/v2\/product_tag?post=173262"}],"curies":[{"name":"wp","href":"https:\/\/api.w.org\/{rel}","templated":true}]}}