{"id":173221,"date":"2024-08-08T17:45:43","date_gmt":"2024-08-08T15:45:43","guid":{"rendered":"https:\/\/rendez-vous-store.com\/?post_type=product&#038;p=173221"},"modified":"2026-03-25T12:25:05","modified_gmt":"2026-03-25T11:25:05","slug":"g-h-bass-weejuns-larson-penny-loafers-chocolate-leather-rendez-vous-store","status":"publish","type":"product","link":"https:\/\/rendez-vous-store.com\/fr\/shop\/special-offer-men-rendez-vous-store\/men-shoes-special-offer-rendez-vous-store\/g-h-bass-weejuns-larson-penny-loafers-chocolate-leather-rendez-vous-store\/","title":{"rendered":"G.H.BASS - Weejuns Larson Penny Loafers - Cuir chocolat\u00e9"},"content":{"rendered":"<p><strong>G.H.BASS - Weejuns Larson Penny Loafers - Cuir chocolat\u00e9<\/strong><\/p>\n<p>Couleur : cuir chocolat<\/p>\n<p>Code produit - BA11010H 0CH<br \/>\nMocassins originaux en cuir poli chocolat<br \/>\nMod\u00e8le \u00e0 enfiler<br \/>\nCoutures cousues \u00e0 la main en fil cireux ton sur ton<br \/>\nNon doubl\u00e9<br \/>\nChausson en cuir avec marquage en feuille d'or<br \/>\nFlanc de la semelle en cuir poli brun fonc\u00e9<br \/>\nSemelle en cuir naturel poli avec pi\u00e8ce sup\u00e9rieure en caoutchouc brun fonc\u00e9<\/p>\n<p>&nbsp;<\/p>\n<p>&nbsp;<\/p>\n<p><strong>La marque\u00a0<\/strong><\/p>\n<p>Fond\u00e9e en 1876 dans le Maine, aux \u00c9tats-Unis, par George Henry Bass, G.H.BASS est une marque mondiale de style de vie ancr\u00e9e dans des classiques opportuns et intemporels. La marque propose des chaussures, des v\u00eatements et des accessoires haut de gamme et intentionnels.<\/p>\n<p>Plus \u00e9l\u00e9gants que jamais avec les mod\u00e8les de mocassins et de richelieus pour hommes et femmes. Les mod\u00e8les sont d'une qualit\u00e9 irr\u00e9prochable et les looks imbattables sont intemporels.<\/p>","protected":false},"excerpt":{"rendered":"<p>G.H.BASS &#8211; Weejuns Larson Penny Loafers &#8211; Chocolate Leather Color: Chocolate Leather Product Code &#8211; BA11010H 0CH Original penny loafers in Chocolate polished leather Slip on design Hand stitched seams in tonal waxy thread Unlined Leather heel sock with gold foil branding Dark brown polished leather sole sidewall Natural polished leather sole with dark brown&hellip; <a class=\"more-link\" href=\"https:\/\/rendez-vous-store.com\/fr\/shop\/special-offer-men-rendez-vous-store\/men-shoes-special-offer-rendez-vous-store\/g-h-bass-weejuns-larson-penny-loafers-chocolate-leather-rendez-vous-store\/\">Continue reading <span class=\"screen-reader-text\">G.H.BASS - Weejuns Larson Penny Loafers - Cuir chocolat\u00e9<\/span><\/a><\/p>","protected":false},"featured_media":173320,"template":"","meta":{"_acf_changed":false},"product_brand":[],"product_cat":[1476,1357,1350,20,181],"product_tag":[1296],"class_list":{"0":"post-173221","1":"product","2":"type-product","3":"status-publish","4":"has-post-thumbnail","6":"product_cat-sale-60","7":"product_cat-men-shoes-special-offer-rendez-vous-store","8":"product_cat-special-offer-men-rendez-vous-store","9":"product_cat-men-selection-discover-our-selection-rendez-vous-store","10":"product_cat-shoes-men-rendez-vous-store","11":"product_tag-g-h-bass-rendez-vous-store","12":"entry","14":"first","15":"outofstock","16":"taxable","17":"shipping-taxable","18":"product-type-variable","19":"has-default-attributes"},"acf":[],"yoast_head":"<!-- This site is optimized with the Yoast SEO plugin v24.9 - https:\/\/yoast.com\/wordpress\/plugins\/seo\/ -->\n<title>G.H.BASS Weejuns Larson Penny Loafers Chocolate Leather<\/title>\n<meta name=\"description\" content=\"G.H.BASS is on Rendez-vous Store. This model Weejuns Larson Penny Loafers Chocolate Leather is perfect quality and unbeatable looks are timeless.\" \/>\n<meta name=\"robots\" content=\"index, follow, max-snippet:-1, max-image-preview:large, max-video-preview:-1\" \/>\n<link rel=\"canonical\" href=\"https:\/\/rendez-vous-store.com\/fr\/shop\/special-offer-men-rendez-vous-store\/men-shoes-special-offer-rendez-vous-store\/g-h-bass-weejuns-larson-penny-loafers-chocolate-leather-rendez-vous-store\/\" \/>\n<meta property=\"og:locale\" content=\"fr_FR\" \/>\n<meta property=\"og:type\" content=\"article\" \/>\n<meta property=\"og:title\" content=\"G.H.BASS Weejuns Larson Penny Loafers Chocolate Leather\" \/>\n<meta property=\"og:description\" content=\"G.H.BASS is on Rendez-vous Store. This model Weejuns Larson Penny Loafers Chocolate Leather is perfect quality and unbeatable looks are timeless.\" \/>\n<meta property=\"og:url\" content=\"https:\/\/rendez-vous-store.com\/fr\/shop\/special-offer-men-rendez-vous-store\/men-shoes-special-offer-rendez-vous-store\/g-h-bass-weejuns-larson-penny-loafers-chocolate-leather-rendez-vous-store\/\" \/>\n<meta property=\"og:site_name\" content=\"RENDEZ-VOUS STORE\" \/>\n<meta property=\"article:modified_time\" content=\"2026-03-25T11:25:05+00:00\" \/>\n<meta property=\"og:image\" content=\"https:\/\/rendez-vous-store.com\/app\/uploads\/2024\/08\/rdv_ghbass_29-scaled.webp\" \/>\n\t<meta property=\"og:image:width\" content=\"1696\" \/>\n\t<meta property=\"og:image:height\" content=\"2560\" \/>\n\t<meta property=\"og:image:type\" content=\"image\/webp\" \/>\n<meta name=\"twitter:card\" content=\"summary_large_image\" \/>\n<meta name=\"twitter:label1\" content=\"Est. reading time\" \/>\n\t<meta name=\"twitter:data1\" content=\"1 minute\" \/>\n<script type=\"application\/ld+json\" class=\"yoast-schema-graph\">{\"@context\":\"https:\/\/schema.org\",\"@graph\":[{\"@type\":\"WebPage\",\"@id\":\"https:\/\/rendez-vous-store.com\/shop\/special-offer-men-rendez-vous-store\/men-shoes-special-offer-rendez-vous-store\/g-h-bass-weejuns-larson-penny-loafers-chocolate-leather-rendez-vous-store\/\",\"url\":\"https:\/\/rendez-vous-store.com\/shop\/special-offer-men-rendez-vous-store\/men-shoes-special-offer-rendez-vous-store\/g-h-bass-weejuns-larson-penny-loafers-chocolate-leather-rendez-vous-store\/\",\"name\":\"G.H.BASS Weejuns Larson Penny Loafers Chocolate Leather\",\"isPartOf\":{\"@id\":\"https:\/\/rendez-vous-store.com\/#website\"},\"primaryImageOfPage\":{\"@id\":\"https:\/\/rendez-vous-store.com\/shop\/special-offer-men-rendez-vous-store\/men-shoes-special-offer-rendez-vous-store\/g-h-bass-weejuns-larson-penny-loafers-chocolate-leather-rendez-vous-store\/#primaryimage\"},\"image\":{\"@id\":\"https:\/\/rendez-vous-store.com\/shop\/special-offer-men-rendez-vous-store\/men-shoes-special-offer-rendez-vous-store\/g-h-bass-weejuns-larson-penny-loafers-chocolate-leather-rendez-vous-store\/#primaryimage\"},\"thumbnailUrl\":\"https:\/\/rendez-vous-store.com\/app\/uploads\/2024\/08\/rdv_ghbass_29-scaled.webp\",\"datePublished\":\"2024-08-08T15:45:43+00:00\",\"dateModified\":\"2026-03-25T11:25:05+00:00\",\"description\":\"G.H.BASS is on Rendez-vous Store. This model Weejuns Larson Penny Loafers Chocolate Leather is perfect quality and unbeatable looks are timeless.\",\"breadcrumb\":{\"@id\":\"https:\/\/rendez-vous-store.com\/shop\/special-offer-men-rendez-vous-store\/men-shoes-special-offer-rendez-vous-store\/g-h-bass-weejuns-larson-penny-loafers-chocolate-leather-rendez-vous-store\/#breadcrumb\"},\"inLanguage\":\"fr-FR\",\"potentialAction\":[{\"@type\":\"ReadAction\",\"target\":[\"https:\/\/rendez-vous-store.com\/shop\/special-offer-men-rendez-vous-store\/men-shoes-special-offer-rendez-vous-store\/g-h-bass-weejuns-larson-penny-loafers-chocolate-leather-rendez-vous-store\/\"]}]},{\"@type\":\"ImageObject\",\"inLanguage\":\"fr-FR\",\"@id\":\"https:\/\/rendez-vous-store.com\/shop\/special-offer-men-rendez-vous-store\/men-shoes-special-offer-rendez-vous-store\/g-h-bass-weejuns-larson-penny-loafers-chocolate-leather-rendez-vous-store\/#primaryimage\",\"url\":\"https:\/\/rendez-vous-store.com\/app\/uploads\/2024\/08\/rdv_ghbass_29-scaled.webp\",\"contentUrl\":\"https:\/\/rendez-vous-store.com\/app\/uploads\/2024\/08\/rdv_ghbass_29-scaled.webp\",\"width\":1696,\"height\":2560},{\"@type\":\"BreadcrumbList\",\"@id\":\"https:\/\/rendez-vous-store.com\/shop\/special-offer-men-rendez-vous-store\/men-shoes-special-offer-rendez-vous-store\/g-h-bass-weejuns-larson-penny-loafers-chocolate-leather-rendez-vous-store\/#breadcrumb\",\"itemListElement\":[{\"@type\":\"ListItem\",\"position\":1,\"name\":\"Home\",\"item\":\"https:\/\/rendez-vous-store.com\/\"},{\"@type\":\"ListItem\",\"position\":2,\"name\":\"Shop\",\"item\":\"https:\/\/www.rendez-vous-store.com\/shop\/\"},{\"@type\":\"ListItem\",\"position\":3,\"name\":\"G.H.BASS &#8211; Weejuns Larson Penny Loafers &#8211; Chocolate Leather\"}]},{\"@type\":\"WebSite\",\"@id\":\"https:\/\/rendez-vous-store.com\/#website\",\"url\":\"https:\/\/rendez-vous-store.com\/\",\"name\":\"RENDEZ-VOUS STORE\",\"description\":\"Slow Fashion for Women and Men\",\"potentialAction\":[{\"@type\":\"SearchAction\",\"target\":{\"@type\":\"EntryPoint\",\"urlTemplate\":\"https:\/\/rendez-vous-store.com\/?s={search_term_string}\"},\"query-input\":{\"@type\":\"PropertyValueSpecification\",\"valueRequired\":true,\"valueName\":\"search_term_string\"}}],\"inLanguage\":\"fr-FR\"}]}<\/script>\n<!-- \/ Yoast SEO plugin. -->","yoast_head_json":{"title":"G.H.BASS Weejuns Larson Penny Loafers Chocolate Leather","description":"G.H.BASS is on Rendez-vous Store. This model Weejuns Larson Penny Loafers Chocolate Leather is perfect quality and unbeatable looks are timeless.","robots":{"index":"index","follow":"follow","max-snippet":"max-snippet:-1","max-image-preview":"max-image-preview:large","max-video-preview":"max-video-preview:-1"},"canonical":"https:\/\/rendez-vous-store.com\/fr\/shop\/special-offer-men-rendez-vous-store\/men-shoes-special-offer-rendez-vous-store\/g-h-bass-weejuns-larson-penny-loafers-chocolate-leather-rendez-vous-store\/","og_locale":"fr_FR","og_type":"article","og_title":"G.H.BASS Weejuns Larson Penny Loafers Chocolate Leather","og_description":"G.H.BASS is on Rendez-vous Store. This model Weejuns Larson Penny Loafers Chocolate Leather is perfect quality and unbeatable looks are timeless.","og_url":"https:\/\/rendez-vous-store.com\/fr\/shop\/special-offer-men-rendez-vous-store\/men-shoes-special-offer-rendez-vous-store\/g-h-bass-weejuns-larson-penny-loafers-chocolate-leather-rendez-vous-store\/","og_site_name":"RENDEZ-VOUS STORE","article_modified_time":"2026-03-25T11:25:05+00:00","og_image":[{"width":1696,"height":2560,"url":"https:\/\/rendez-vous-store.com\/app\/uploads\/2024\/08\/rdv_ghbass_29-scaled.webp","type":"image\/webp"}],"twitter_card":"summary_large_image","twitter_misc":{"Est. reading time":"1 minute"},"schema":{"@context":"https:\/\/schema.org","@graph":[{"@type":"WebPage","@id":"https:\/\/rendez-vous-store.com\/shop\/special-offer-men-rendez-vous-store\/men-shoes-special-offer-rendez-vous-store\/g-h-bass-weejuns-larson-penny-loafers-chocolate-leather-rendez-vous-store\/","url":"https:\/\/rendez-vous-store.com\/shop\/special-offer-men-rendez-vous-store\/men-shoes-special-offer-rendez-vous-store\/g-h-bass-weejuns-larson-penny-loafers-chocolate-leather-rendez-vous-store\/","name":"G.H.BASS Weejuns Larson Penny Loafers Chocolate Leather","isPartOf":{"@id":"https:\/\/rendez-vous-store.com\/#website"},"primaryImageOfPage":{"@id":"https:\/\/rendez-vous-store.com\/shop\/special-offer-men-rendez-vous-store\/men-shoes-special-offer-rendez-vous-store\/g-h-bass-weejuns-larson-penny-loafers-chocolate-leather-rendez-vous-store\/#primaryimage"},"image":{"@id":"https:\/\/rendez-vous-store.com\/shop\/special-offer-men-rendez-vous-store\/men-shoes-special-offer-rendez-vous-store\/g-h-bass-weejuns-larson-penny-loafers-chocolate-leather-rendez-vous-store\/#primaryimage"},"thumbnailUrl":"https:\/\/rendez-vous-store.com\/app\/uploads\/2024\/08\/rdv_ghbass_29-scaled.webp","datePublished":"2024-08-08T15:45:43+00:00","dateModified":"2026-03-25T11:25:05+00:00","description":"G.H.BASS is on Rendez-vous Store. This model Weejuns Larson Penny Loafers Chocolate Leather is perfect quality and unbeatable looks are timeless.","breadcrumb":{"@id":"https:\/\/rendez-vous-store.com\/shop\/special-offer-men-rendez-vous-store\/men-shoes-special-offer-rendez-vous-store\/g-h-bass-weejuns-larson-penny-loafers-chocolate-leather-rendez-vous-store\/#breadcrumb"},"inLanguage":"fr-FR","potentialAction":[{"@type":"ReadAction","target":["https:\/\/rendez-vous-store.com\/shop\/special-offer-men-rendez-vous-store\/men-shoes-special-offer-rendez-vous-store\/g-h-bass-weejuns-larson-penny-loafers-chocolate-leather-rendez-vous-store\/"]}]},{"@type":"ImageObject","inLanguage":"fr-FR","@id":"https:\/\/rendez-vous-store.com\/shop\/special-offer-men-rendez-vous-store\/men-shoes-special-offer-rendez-vous-store\/g-h-bass-weejuns-larson-penny-loafers-chocolate-leather-rendez-vous-store\/#primaryimage","url":"https:\/\/rendez-vous-store.com\/app\/uploads\/2024\/08\/rdv_ghbass_29-scaled.webp","contentUrl":"https:\/\/rendez-vous-store.com\/app\/uploads\/2024\/08\/rdv_ghbass_29-scaled.webp","width":1696,"height":2560},{"@type":"BreadcrumbList","@id":"https:\/\/rendez-vous-store.com\/shop\/special-offer-men-rendez-vous-store\/men-shoes-special-offer-rendez-vous-store\/g-h-bass-weejuns-larson-penny-loafers-chocolate-leather-rendez-vous-store\/#breadcrumb","itemListElement":[{"@type":"ListItem","position":1,"name":"Home","item":"https:\/\/rendez-vous-store.com\/"},{"@type":"ListItem","position":2,"name":"Shop","item":"https:\/\/www.rendez-vous-store.com\/shop\/"},{"@type":"ListItem","position":3,"name":"G.H.BASS &#8211; Weejuns Larson Penny Loafers &#8211; Chocolate Leather"}]},{"@type":"WebSite","@id":"https:\/\/rendez-vous-store.com\/#website","url":"https:\/\/rendez-vous-store.com\/","name":"RENDEZ-VOUS STORE","description":"Slow Fashion for Women and Men","potentialAction":[{"@type":"SearchAction","target":{"@type":"EntryPoint","urlTemplate":"https:\/\/rendez-vous-store.com\/?s={search_term_string}"},"query-input":{"@type":"PropertyValueSpecification","valueRequired":true,"valueName":"search_term_string"}}],"inLanguage":"fr-FR"}]}},"_links":{"self":[{"href":"https:\/\/rendez-vous-store.com\/fr\/wp-json\/wp\/v2\/product\/173221","targetHints":{"allow":["GET"]}}],"collection":[{"href":"https:\/\/rendez-vous-store.com\/fr\/wp-json\/wp\/v2\/product"}],"about":[{"href":"https:\/\/rendez-vous-store.com\/fr\/wp-json\/wp\/v2\/types\/product"}],"wp:featuredmedia":[{"embeddable":true,"href":"https:\/\/rendez-vous-store.com\/fr\/wp-json\/wp\/v2\/media\/173320"}],"wp:attachment":[{"href":"https:\/\/rendez-vous-store.com\/fr\/wp-json\/wp\/v2\/media?parent=173221"}],"wp:term":[{"taxonomy":"product_brand","embeddable":true,"href":"https:\/\/rendez-vous-store.com\/fr\/wp-json\/wp\/v2\/product_brand?post=173221"},{"taxonomy":"product_cat","embeddable":true,"href":"https:\/\/rendez-vous-store.com\/fr\/wp-json\/wp\/v2\/product_cat?post=173221"},{"taxonomy":"product_tag","embeddable":true,"href":"https:\/\/rendez-vous-store.com\/fr\/wp-json\/wp\/v2\/product_tag?post=173221"}],"curies":[{"name":"wp","href":"https:\/\/api.w.org\/{rel}","templated":true}]}}