{"id":173098,"date":"2024-08-08T16:23:50","date_gmt":"2024-08-08T14:23:50","guid":{"rendered":"https:\/\/rendez-vous-store.com\/?post_type=product&#038;p=173098"},"modified":"2026-03-16T18:00:27","modified_gmt":"2026-03-16T17:00:27","slug":"g-h-bass-weejuns-penny-loafers-black-leather-rendez-vous-store","status":"publish","type":"product","link":"https:\/\/rendez-vous-store.com\/fr\/shop\/women\/women-shoes-heels-discover-our-selection-rendez-vous-store\/g-h-bass-weejuns-penny-loafers-black-leather-rendez-vous-store\/","title":{"rendered":"G.H.BASS - Weejuns Penny Loafers - Cuir noir"},"content":{"rendered":"<p><strong>G.H.BASS - Weejuns Penny Loafers - Cuir noir<\/strong><\/p>\n<p>Couleur : cuir noir<\/p>\n<p>Code produit - BA41010 000<br \/>\nMocassins classiques en cuir noir pour femmes<br \/>\nMocassins en cuir noir poli<br \/>\nMod\u00e8le \u00e0 enfiler<br \/>\nCoutures cousues \u00e0 la main en fil cir\u00e9 ton sur ton<br \/>\nCouture tr\u00e9pointe du talon au talon<br \/>\nNon doubl\u00e9<br \/>\nChausson en cuir avec marquage en feuille d'or<br \/>\nSemelle en cuir poli noir avec pi\u00e8ce sup\u00e9rieure en caoutchouc noir<\/p>\n<p>&nbsp;<\/p>\n<p>&nbsp;<\/p>\n<p><strong>La marque\u00a0<\/strong><\/p>\n<p>Fond\u00e9e en 1876 dans le Maine, aux \u00c9tats-Unis, par George Henry Bass, G.H.BASS est une marque mondiale de style de vie ancr\u00e9e dans des classiques opportuns et intemporels. La marque propose des chaussures, des v\u00eatements et des accessoires haut de gamme et intentionnels.<\/p>\n<p>Plus \u00e9l\u00e9gants que jamais avec les mod\u00e8les de mocassins et de richelieus pour hommes et femmes. Les mod\u00e8les sont d'une qualit\u00e9 irr\u00e9prochable et les looks imbattables sont intemporels.<\/p>","protected":false},"excerpt":{"rendered":"<p>G.H.BASS &#8211; Weejuns Penny Loafers &#8211; Black Leather Color: Black Leather Product Code &#8211; BA41010 000 Classic womens black leather loafers Penny loafer style in black polished leather Slip on design Hand-stitched seams in tonal waxed thread Heel to heel welt stitching Unlined Leather heel sock with gold foil branding Black polished leather sole with&hellip; <a class=\"more-link\" href=\"https:\/\/rendez-vous-store.com\/fr\/shop\/women\/women-shoes-heels-discover-our-selection-rendez-vous-store\/g-h-bass-weejuns-penny-loafers-black-leather-rendez-vous-store\/\">Continuer la lecture <span class=\"screen-reader-text\">G.H.BASS - Weejuns Penny Loafers - Cuir noir<\/span><\/a><\/p>","protected":false},"featured_media":173441,"template":"","meta":{"_acf_changed":false},"product_brand":[],"product_cat":[293,17],"product_tag":[1296],"class_list":{"0":"post-173098","1":"product","2":"type-product","3":"status-publish","4":"has-post-thumbnail","6":"product_cat-women-shoes-heels-discover-our-selection-rendez-vous-store","7":"product_cat-women","8":"product_tag-g-h-bass-rendez-vous-store","9":"entry","11":"first","12":"outofstock","13":"taxable","14":"shipping-taxable","15":"product-type-variable","16":"has-default-attributes"},"acf":[],"yoast_head":"<!-- This site is optimized with the Yoast SEO plugin v24.9 - https:\/\/yoast.com\/wordpress\/plugins\/seo\/ -->\n<title>G.H.BASS Weejuns Penny Loafers Black Leather<\/title>\n<meta name=\"description\" content=\"G.H.BASS is on Rendez-vous Store. This model Weejuns Larson Penny Loafers Black Leather is perfect quality and unbeatable looks are timeless.\" \/>\n<meta name=\"robots\" content=\"index, follow, max-snippet:-1, max-image-preview:large, max-video-preview:-1\" \/>\n<link rel=\"canonical\" href=\"https:\/\/rendez-vous-store.com\/fr\/shop\/women\/women-shoes-heels-discover-our-selection-rendez-vous-store\/g-h-bass-weejuns-penny-loafers-black-leather-rendez-vous-store\/\" \/>\n<meta property=\"og:locale\" content=\"fr_FR\" \/>\n<meta property=\"og:type\" content=\"article\" \/>\n<meta property=\"og:title\" content=\"G.H.BASS Weejuns Penny Loafers Black Leather\" \/>\n<meta property=\"og:description\" content=\"G.H.BASS is on Rendez-vous Store. This model Weejuns Larson Penny Loafers Black Leather is perfect quality and unbeatable looks are timeless.\" \/>\n<meta property=\"og:url\" content=\"https:\/\/rendez-vous-store.com\/fr\/shop\/women\/women-shoes-heels-discover-our-selection-rendez-vous-store\/g-h-bass-weejuns-penny-loafers-black-leather-rendez-vous-store\/\" \/>\n<meta property=\"og:site_name\" content=\"RENDEZ-VOUS STORE\" \/>\n<meta property=\"article:modified_time\" content=\"2026-03-16T17:00:27+00:00\" \/>\n<meta property=\"og:image\" content=\"https:\/\/rendez-vous-store.com\/wp-content\/uploads\/2024\/08\/e.webp\" \/>\n\t<meta property=\"og:image:width\" content=\"1696\" \/>\n\t<meta property=\"og:image:height\" content=\"2560\" \/>\n\t<meta property=\"og:image:type\" content=\"image\/webp\" \/>\n<meta name=\"twitter:card\" content=\"summary_large_image\" \/>\n<meta name=\"twitter:label1\" content=\"Est. reading time\" \/>\n\t<meta name=\"twitter:data1\" content=\"1 minute\" \/>\n<script type=\"application\/ld+json\" class=\"yoast-schema-graph\">{\"@context\":\"https:\/\/schema.org\",\"@graph\":[{\"@type\":\"WebPage\",\"@id\":\"https:\/\/rendez-vous-store.com\/shop\/women\/women-shoes-heels-discover-our-selection-rendez-vous-store\/g-h-bass-weejuns-penny-loafers-black-leather-rendez-vous-store\/\",\"url\":\"https:\/\/rendez-vous-store.com\/shop\/women\/women-shoes-heels-discover-our-selection-rendez-vous-store\/g-h-bass-weejuns-penny-loafers-black-leather-rendez-vous-store\/\",\"name\":\"G.H.BASS Weejuns Penny Loafers Black Leather\",\"isPartOf\":{\"@id\":\"https:\/\/rendez-vous-store.com\/#website\"},\"primaryImageOfPage\":{\"@id\":\"https:\/\/rendez-vous-store.com\/shop\/women\/women-shoes-heels-discover-our-selection-rendez-vous-store\/g-h-bass-weejuns-penny-loafers-black-leather-rendez-vous-store\/#primaryimage\"},\"image\":{\"@id\":\"https:\/\/rendez-vous-store.com\/shop\/women\/women-shoes-heels-discover-our-selection-rendez-vous-store\/g-h-bass-weejuns-penny-loafers-black-leather-rendez-vous-store\/#primaryimage\"},\"thumbnailUrl\":\"https:\/\/rendez-vous-store.com\/app\/uploads\/2024\/08\/e.webp\",\"datePublished\":\"2024-08-08T14:23:50+00:00\",\"dateModified\":\"2026-03-16T17:00:27+00:00\",\"description\":\"G.H.BASS is on Rendez-vous Store. This model Weejuns Larson Penny Loafers Black Leather is perfect quality and unbeatable looks are timeless.\",\"breadcrumb\":{\"@id\":\"https:\/\/rendez-vous-store.com\/shop\/women\/women-shoes-heels-discover-our-selection-rendez-vous-store\/g-h-bass-weejuns-penny-loafers-black-leather-rendez-vous-store\/#breadcrumb\"},\"inLanguage\":\"fr-FR\",\"potentialAction\":[{\"@type\":\"ReadAction\",\"target\":[\"https:\/\/rendez-vous-store.com\/shop\/women\/women-shoes-heels-discover-our-selection-rendez-vous-store\/g-h-bass-weejuns-penny-loafers-black-leather-rendez-vous-store\/\"]}]},{\"@type\":\"ImageObject\",\"inLanguage\":\"fr-FR\",\"@id\":\"https:\/\/rendez-vous-store.com\/shop\/women\/women-shoes-heels-discover-our-selection-rendez-vous-store\/g-h-bass-weejuns-penny-loafers-black-leather-rendez-vous-store\/#primaryimage\",\"url\":\"https:\/\/rendez-vous-store.com\/app\/uploads\/2024\/08\/e.webp\",\"contentUrl\":\"https:\/\/rendez-vous-store.com\/app\/uploads\/2024\/08\/e.webp\",\"width\":1696,\"height\":2560,\"caption\":\"G.H.BASS - Weejuns Penny Loafers - Black Leather\"},{\"@type\":\"BreadcrumbList\",\"@id\":\"https:\/\/rendez-vous-store.com\/shop\/women\/women-shoes-heels-discover-our-selection-rendez-vous-store\/g-h-bass-weejuns-penny-loafers-black-leather-rendez-vous-store\/#breadcrumb\",\"itemListElement\":[{\"@type\":\"ListItem\",\"position\":1,\"name\":\"Home\",\"item\":\"https:\/\/rendez-vous-store.com\/\"},{\"@type\":\"ListItem\",\"position\":2,\"name\":\"Shop\",\"item\":\"https:\/\/www.rendez-vous-store.com\/shop\/\"},{\"@type\":\"ListItem\",\"position\":3,\"name\":\"G.H.BASS &#8211; Weejuns Penny Loafers &#8211; Black Leather\"}]},{\"@type\":\"WebSite\",\"@id\":\"https:\/\/rendez-vous-store.com\/#website\",\"url\":\"https:\/\/rendez-vous-store.com\/\",\"name\":\"RENDEZ-VOUS STORE\",\"description\":\"Slow Fashion for Women and Men\",\"potentialAction\":[{\"@type\":\"SearchAction\",\"target\":{\"@type\":\"EntryPoint\",\"urlTemplate\":\"https:\/\/rendez-vous-store.com\/?s={search_term_string}\"},\"query-input\":{\"@type\":\"PropertyValueSpecification\",\"valueRequired\":true,\"valueName\":\"search_term_string\"}}],\"inLanguage\":\"fr-FR\"}]}<\/script>\n<!-- \/ Yoast SEO plugin. -->","yoast_head_json":{"title":"G.H.BASS Weejuns Penny Loafers Black Leather","description":"G.H.BASS is on Rendez-vous Store. This model Weejuns Larson Penny Loafers Black Leather is perfect quality and unbeatable looks are timeless.","robots":{"index":"index","follow":"follow","max-snippet":"max-snippet:-1","max-image-preview":"max-image-preview:large","max-video-preview":"max-video-preview:-1"},"canonical":"https:\/\/rendez-vous-store.com\/fr\/shop\/women\/women-shoes-heels-discover-our-selection-rendez-vous-store\/g-h-bass-weejuns-penny-loafers-black-leather-rendez-vous-store\/","og_locale":"fr_FR","og_type":"article","og_title":"G.H.BASS Weejuns Penny Loafers Black Leather","og_description":"G.H.BASS is on Rendez-vous Store. This model Weejuns Larson Penny Loafers Black Leather is perfect quality and unbeatable looks are timeless.","og_url":"https:\/\/rendez-vous-store.com\/fr\/shop\/women\/women-shoes-heels-discover-our-selection-rendez-vous-store\/g-h-bass-weejuns-penny-loafers-black-leather-rendez-vous-store\/","og_site_name":"RENDEZ-VOUS STORE","article_modified_time":"2026-03-16T17:00:27+00:00","og_image":[{"width":1696,"height":2560,"url":"https:\/\/rendez-vous-store.com\/wp-content\/uploads\/2024\/08\/e.webp","type":"image\/webp"}],"twitter_card":"summary_large_image","twitter_misc":{"Est. reading time":"1 minute"},"schema":{"@context":"https:\/\/schema.org","@graph":[{"@type":"WebPage","@id":"https:\/\/rendez-vous-store.com\/shop\/women\/women-shoes-heels-discover-our-selection-rendez-vous-store\/g-h-bass-weejuns-penny-loafers-black-leather-rendez-vous-store\/","url":"https:\/\/rendez-vous-store.com\/shop\/women\/women-shoes-heels-discover-our-selection-rendez-vous-store\/g-h-bass-weejuns-penny-loafers-black-leather-rendez-vous-store\/","name":"G.H.BASS Weejuns Penny Loafers Black Leather","isPartOf":{"@id":"https:\/\/rendez-vous-store.com\/#website"},"primaryImageOfPage":{"@id":"https:\/\/rendez-vous-store.com\/shop\/women\/women-shoes-heels-discover-our-selection-rendez-vous-store\/g-h-bass-weejuns-penny-loafers-black-leather-rendez-vous-store\/#primaryimage"},"image":{"@id":"https:\/\/rendez-vous-store.com\/shop\/women\/women-shoes-heels-discover-our-selection-rendez-vous-store\/g-h-bass-weejuns-penny-loafers-black-leather-rendez-vous-store\/#primaryimage"},"thumbnailUrl":"https:\/\/rendez-vous-store.com\/app\/uploads\/2024\/08\/e.webp","datePublished":"2024-08-08T14:23:50+00:00","dateModified":"2026-03-16T17:00:27+00:00","description":"G.H.BASS is on Rendez-vous Store. This model Weejuns Larson Penny Loafers Black Leather is perfect quality and unbeatable looks are timeless.","breadcrumb":{"@id":"https:\/\/rendez-vous-store.com\/shop\/women\/women-shoes-heels-discover-our-selection-rendez-vous-store\/g-h-bass-weejuns-penny-loafers-black-leather-rendez-vous-store\/#breadcrumb"},"inLanguage":"fr-FR","potentialAction":[{"@type":"ReadAction","target":["https:\/\/rendez-vous-store.com\/shop\/women\/women-shoes-heels-discover-our-selection-rendez-vous-store\/g-h-bass-weejuns-penny-loafers-black-leather-rendez-vous-store\/"]}]},{"@type":"ImageObject","inLanguage":"fr-FR","@id":"https:\/\/rendez-vous-store.com\/shop\/women\/women-shoes-heels-discover-our-selection-rendez-vous-store\/g-h-bass-weejuns-penny-loafers-black-leather-rendez-vous-store\/#primaryimage","url":"https:\/\/rendez-vous-store.com\/app\/uploads\/2024\/08\/e.webp","contentUrl":"https:\/\/rendez-vous-store.com\/app\/uploads\/2024\/08\/e.webp","width":1696,"height":2560,"caption":"G.H.BASS - Weejuns Penny Loafers - Black Leather"},{"@type":"BreadcrumbList","@id":"https:\/\/rendez-vous-store.com\/shop\/women\/women-shoes-heels-discover-our-selection-rendez-vous-store\/g-h-bass-weejuns-penny-loafers-black-leather-rendez-vous-store\/#breadcrumb","itemListElement":[{"@type":"ListItem","position":1,"name":"Home","item":"https:\/\/rendez-vous-store.com\/"},{"@type":"ListItem","position":2,"name":"Shop","item":"https:\/\/www.rendez-vous-store.com\/shop\/"},{"@type":"ListItem","position":3,"name":"G.H.BASS &#8211; Weejuns Penny Loafers &#8211; Black Leather"}]},{"@type":"WebSite","@id":"https:\/\/rendez-vous-store.com\/#website","url":"https:\/\/rendez-vous-store.com\/","name":"RENDEZ-VOUS STORE","description":"Slow Fashion for Women and Men","potentialAction":[{"@type":"SearchAction","target":{"@type":"EntryPoint","urlTemplate":"https:\/\/rendez-vous-store.com\/?s={search_term_string}"},"query-input":{"@type":"PropertyValueSpecification","valueRequired":true,"valueName":"search_term_string"}}],"inLanguage":"fr-FR"}]}},"_links":{"self":[{"href":"https:\/\/rendez-vous-store.com\/fr\/wp-json\/wp\/v2\/product\/173098","targetHints":{"allow":["GET"]}}],"collection":[{"href":"https:\/\/rendez-vous-store.com\/fr\/wp-json\/wp\/v2\/product"}],"about":[{"href":"https:\/\/rendez-vous-store.com\/fr\/wp-json\/wp\/v2\/types\/product"}],"wp:featuredmedia":[{"embeddable":true,"href":"https:\/\/rendez-vous-store.com\/fr\/wp-json\/wp\/v2\/media\/173441"}],"wp:attachment":[{"href":"https:\/\/rendez-vous-store.com\/fr\/wp-json\/wp\/v2\/media?parent=173098"}],"wp:term":[{"taxonomy":"product_brand","embeddable":true,"href":"https:\/\/rendez-vous-store.com\/fr\/wp-json\/wp\/v2\/product_brand?post=173098"},{"taxonomy":"product_cat","embeddable":true,"href":"https:\/\/rendez-vous-store.com\/fr\/wp-json\/wp\/v2\/product_cat?post=173098"},{"taxonomy":"product_tag","embeddable":true,"href":"https:\/\/rendez-vous-store.com\/fr\/wp-json\/wp\/v2\/product_tag?post=173098"}],"curies":[{"name":"wp","href":"https:\/\/api.w.org\/{rel}","templated":true}]}}