{"id":172898,"date":"2024-08-07T13:59:01","date_gmt":"2024-08-07T11:59:01","guid":{"rendered":"https:\/\/rendez-vous-store.com\/?post_type=product&#038;p=172898"},"modified":"2026-04-13T16:46:11","modified_gmt":"2026-04-13T14:46:11","slug":"tarvas-explorer-black","status":"publish","type":"product","link":"https:\/\/rendez-vous-store.com\/fr\/shop\/special-offer-men-rendez-vous-store\/men-shoes-special-offer-rendez-vous-store\/tarvas-explorer-black\/","title":{"rendered":"Tarvas - Explorer - Noir"},"content":{"rendered":"<div class=\"product__description truncated truncated--medium truncated--show\">\n<div>\n<p>Tarvas Explorer Noir<\/p>\n<p>Couleur : Noir<\/p>\n<p>Tige en cuir su\u00e9d\u00e9 hydrofuge et doublure en cuir confortable<\/p>\n<p>Semelle en caoutchouc naturel avec un motif structur\u00e9 pour une bonne adh\u00e9rence<\/p>\n<p>Le garde-boue Tarvas signature enveloppe l'ensemble de la chaussure et offre une protection suppl\u00e9mentaire contre les intemp\u00e9ries.<\/p>\n<p>Chaque paire est fabriqu\u00e9e en Finlande \u00e0 partir de mat\u00e9riaux et de composants d'origine europ\u00e9enne.<\/p>\n<p>Sp\u00e9cifications des mat\u00e9riaux :<\/p>\n<ul>\n<li>Dessus : Cuir de vache (Italie)<\/li>\n<li>Doublure : Cuir de vache (Italie)<\/li>\n<li>Semelle : caoutchouc naturel (Italie)<\/li>\n<li>Semelle int\u00e9rieure : EVA avec surface en cuir (Portugal)<\/li>\n<li>Garde-boue : Toile caoutchout\u00e9e (Italie)<\/li>\n<li>Lacets : Polyester recycl\u00e9 (Estonie)<\/li>\n<\/ul>\n<\/div>\n<\/div>","protected":false},"excerpt":{"rendered":"<p>Tarvas Explorer Black Color: Black Water repellant suede leather upper and comfortable leather lining Natural rubber sole with a structured pattern to provide good grip The signature Tarvas mudguard wraps the entire shoe and provides extra weather protection Each pair is crafted in Finland from European sourced materials and components Material specifications: Upper: Cow leather&hellip; <a class=\"more-link\" href=\"https:\/\/rendez-vous-store.com\/fr\/shop\/special-offer-men-rendez-vous-store\/men-shoes-special-offer-rendez-vous-store\/tarvas-explorer-black\/\">Continuer la lecture <span class=\"screen-reader-text\">Tarvas - Explorer - Noir<\/span><\/a><\/p>","protected":false},"featured_media":173686,"template":"","meta":{"_acf_changed":false},"product_brand":[],"product_cat":[1291,1357,1350,20,181],"product_tag":[1295],"class_list":{"0":"post-172898","1":"product","2":"type-product","3":"status-publish","4":"has-post-thumbnail","6":"product_cat-sale-30","7":"product_cat-men-shoes-special-offer-rendez-vous-store","8":"product_cat-special-offer-men-rendez-vous-store","9":"product_cat-men-selection-discover-our-selection-rendez-vous-store","10":"product_cat-shoes-men-rendez-vous-store","11":"product_tag-tarvas-rendez-vous-store","12":"entry","14":"first","15":"instock","16":"taxable","17":"shipping-taxable","18":"purchasable","19":"product-type-variable"},"acf":[],"yoast_head":"<!-- This site is optimized with the Yoast SEO plugin v24.9 - https:\/\/yoast.com\/wordpress\/plugins\/seo\/ -->\n<title>Tarvas - Explorer Black - Rendez-vous Store<\/title>\n<meta name=\"description\" content=\"Tarvas is on Rendez-vous Store. Tarvas Explorer Black worked on and refined a footwear silhouette inspired by the Nordic climate and timeless style.\" \/>\n<meta name=\"robots\" content=\"index, follow, max-snippet:-1, max-image-preview:large, max-video-preview:-1\" \/>\n<link rel=\"canonical\" href=\"https:\/\/rendez-vous-store.com\/fr\/shop\/special-offer-men-rendez-vous-store\/men-shoes-special-offer-rendez-vous-store\/tarvas-explorer-black\/\" \/>\n<meta property=\"og:locale\" content=\"fr_FR\" \/>\n<meta property=\"og:type\" content=\"article\" \/>\n<meta property=\"og:title\" content=\"Tarvas - Explorer Black - Rendez-vous Store\" \/>\n<meta property=\"og:description\" content=\"Tarvas is on Rendez-vous Store. Tarvas Explorer Black worked on and refined a footwear silhouette inspired by the Nordic climate and timeless style.\" \/>\n<meta property=\"og:url\" content=\"https:\/\/rendez-vous-store.com\/fr\/shop\/special-offer-men-rendez-vous-store\/men-shoes-special-offer-rendez-vous-store\/tarvas-explorer-black\/\" \/>\n<meta property=\"og:site_name\" content=\"RENDEZ-VOUS STORE\" \/>\n<meta property=\"article:modified_time\" content=\"2026-04-13T14:46:11+00:00\" \/>\n<meta property=\"og:image\" content=\"https:\/\/rendez-vous-store.com\/app\/uploads\/2024\/08\/rdv_tarvas_06-scaled.webp\" \/>\n\t<meta property=\"og:image:width\" content=\"1696\" \/>\n\t<meta property=\"og:image:height\" content=\"2560\" \/>\n\t<meta property=\"og:image:type\" content=\"image\/webp\" \/>\n<meta name=\"twitter:card\" content=\"summary_large_image\" \/>\n<meta name=\"twitter:label1\" content=\"Est. reading time\" \/>\n\t<meta name=\"twitter:data1\" content=\"1 minute\" \/>\n<script type=\"application\/ld+json\" class=\"yoast-schema-graph\">{\"@context\":\"https:\/\/schema.org\",\"@graph\":[{\"@type\":\"WebPage\",\"@id\":\"https:\/\/rendez-vous-store.com\/shop\/special-offer-men-rendez-vous-store\/men-shoes-special-offer-rendez-vous-store\/tarvas-explorer-black\/\",\"url\":\"https:\/\/rendez-vous-store.com\/shop\/special-offer-men-rendez-vous-store\/men-shoes-special-offer-rendez-vous-store\/tarvas-explorer-black\/\",\"name\":\"Tarvas - Explorer Black - Rendez-vous Store\",\"isPartOf\":{\"@id\":\"https:\/\/rendez-vous-store.com\/#website\"},\"primaryImageOfPage\":{\"@id\":\"https:\/\/rendez-vous-store.com\/shop\/special-offer-men-rendez-vous-store\/men-shoes-special-offer-rendez-vous-store\/tarvas-explorer-black\/#primaryimage\"},\"image\":{\"@id\":\"https:\/\/rendez-vous-store.com\/shop\/special-offer-men-rendez-vous-store\/men-shoes-special-offer-rendez-vous-store\/tarvas-explorer-black\/#primaryimage\"},\"thumbnailUrl\":\"https:\/\/rendez-vous-store.com\/app\/uploads\/2024\/08\/rdv_tarvas_06-scaled.webp\",\"datePublished\":\"2024-08-07T11:59:01+00:00\",\"dateModified\":\"2026-04-13T14:46:11+00:00\",\"description\":\"Tarvas is on Rendez-vous Store. Tarvas Explorer Black worked on and refined a footwear silhouette inspired by the Nordic climate and timeless style.\",\"breadcrumb\":{\"@id\":\"https:\/\/rendez-vous-store.com\/shop\/special-offer-men-rendez-vous-store\/men-shoes-special-offer-rendez-vous-store\/tarvas-explorer-black\/#breadcrumb\"},\"inLanguage\":\"fr-FR\",\"potentialAction\":[{\"@type\":\"ReadAction\",\"target\":[\"https:\/\/rendez-vous-store.com\/shop\/special-offer-men-rendez-vous-store\/men-shoes-special-offer-rendez-vous-store\/tarvas-explorer-black\/\"]}]},{\"@type\":\"ImageObject\",\"inLanguage\":\"fr-FR\",\"@id\":\"https:\/\/rendez-vous-store.com\/shop\/special-offer-men-rendez-vous-store\/men-shoes-special-offer-rendez-vous-store\/tarvas-explorer-black\/#primaryimage\",\"url\":\"https:\/\/rendez-vous-store.com\/app\/uploads\/2024\/08\/rdv_tarvas_06-scaled.webp\",\"contentUrl\":\"https:\/\/rendez-vous-store.com\/app\/uploads\/2024\/08\/rdv_tarvas_06-scaled.webp\",\"width\":1696,\"height\":2560,\"caption\":\"Tarvas - Explorer - Black\"},{\"@type\":\"BreadcrumbList\",\"@id\":\"https:\/\/rendez-vous-store.com\/shop\/special-offer-men-rendez-vous-store\/men-shoes-special-offer-rendez-vous-store\/tarvas-explorer-black\/#breadcrumb\",\"itemListElement\":[{\"@type\":\"ListItem\",\"position\":1,\"name\":\"Home\",\"item\":\"https:\/\/rendez-vous-store.com\/\"},{\"@type\":\"ListItem\",\"position\":2,\"name\":\"Shop\",\"item\":\"https:\/\/www.rendez-vous-store.com\/shop\/\"},{\"@type\":\"ListItem\",\"position\":3,\"name\":\"Tarvas &#8211; Explorer &#8211; Black\"}]},{\"@type\":\"WebSite\",\"@id\":\"https:\/\/rendez-vous-store.com\/#website\",\"url\":\"https:\/\/rendez-vous-store.com\/\",\"name\":\"RENDEZ-VOUS STORE\",\"description\":\"Slow Fashion for Women and Men\",\"potentialAction\":[{\"@type\":\"SearchAction\",\"target\":{\"@type\":\"EntryPoint\",\"urlTemplate\":\"https:\/\/rendez-vous-store.com\/?s={search_term_string}\"},\"query-input\":{\"@type\":\"PropertyValueSpecification\",\"valueRequired\":true,\"valueName\":\"search_term_string\"}}],\"inLanguage\":\"fr-FR\"}]}<\/script>\n<!-- \/ Yoast SEO plugin. -->","yoast_head_json":{"title":"Tarvas - Explorer Black - Rendez-vous Store","description":"Tarvas is on Rendez-vous Store. Tarvas Explorer Black worked on and refined a footwear silhouette inspired by the Nordic climate and timeless style.","robots":{"index":"index","follow":"follow","max-snippet":"max-snippet:-1","max-image-preview":"max-image-preview:large","max-video-preview":"max-video-preview:-1"},"canonical":"https:\/\/rendez-vous-store.com\/fr\/shop\/special-offer-men-rendez-vous-store\/men-shoes-special-offer-rendez-vous-store\/tarvas-explorer-black\/","og_locale":"fr_FR","og_type":"article","og_title":"Tarvas - Explorer Black - Rendez-vous Store","og_description":"Tarvas is on Rendez-vous Store. Tarvas Explorer Black worked on and refined a footwear silhouette inspired by the Nordic climate and timeless style.","og_url":"https:\/\/rendez-vous-store.com\/fr\/shop\/special-offer-men-rendez-vous-store\/men-shoes-special-offer-rendez-vous-store\/tarvas-explorer-black\/","og_site_name":"RENDEZ-VOUS STORE","article_modified_time":"2026-04-13T14:46:11+00:00","og_image":[{"width":1696,"height":2560,"url":"https:\/\/rendez-vous-store.com\/app\/uploads\/2024\/08\/rdv_tarvas_06-scaled.webp","type":"image\/webp"}],"twitter_card":"summary_large_image","twitter_misc":{"Est. reading time":"1 minute"},"schema":{"@context":"https:\/\/schema.org","@graph":[{"@type":"WebPage","@id":"https:\/\/rendez-vous-store.com\/shop\/special-offer-men-rendez-vous-store\/men-shoes-special-offer-rendez-vous-store\/tarvas-explorer-black\/","url":"https:\/\/rendez-vous-store.com\/shop\/special-offer-men-rendez-vous-store\/men-shoes-special-offer-rendez-vous-store\/tarvas-explorer-black\/","name":"Tarvas - Explorer Black - Rendez-vous Store","isPartOf":{"@id":"https:\/\/rendez-vous-store.com\/#website"},"primaryImageOfPage":{"@id":"https:\/\/rendez-vous-store.com\/shop\/special-offer-men-rendez-vous-store\/men-shoes-special-offer-rendez-vous-store\/tarvas-explorer-black\/#primaryimage"},"image":{"@id":"https:\/\/rendez-vous-store.com\/shop\/special-offer-men-rendez-vous-store\/men-shoes-special-offer-rendez-vous-store\/tarvas-explorer-black\/#primaryimage"},"thumbnailUrl":"https:\/\/rendez-vous-store.com\/app\/uploads\/2024\/08\/rdv_tarvas_06-scaled.webp","datePublished":"2024-08-07T11:59:01+00:00","dateModified":"2026-04-13T14:46:11+00:00","description":"Tarvas is on Rendez-vous Store. Tarvas Explorer Black worked on and refined a footwear silhouette inspired by the Nordic climate and timeless style.","breadcrumb":{"@id":"https:\/\/rendez-vous-store.com\/shop\/special-offer-men-rendez-vous-store\/men-shoes-special-offer-rendez-vous-store\/tarvas-explorer-black\/#breadcrumb"},"inLanguage":"fr-FR","potentialAction":[{"@type":"ReadAction","target":["https:\/\/rendez-vous-store.com\/shop\/special-offer-men-rendez-vous-store\/men-shoes-special-offer-rendez-vous-store\/tarvas-explorer-black\/"]}]},{"@type":"ImageObject","inLanguage":"fr-FR","@id":"https:\/\/rendez-vous-store.com\/shop\/special-offer-men-rendez-vous-store\/men-shoes-special-offer-rendez-vous-store\/tarvas-explorer-black\/#primaryimage","url":"https:\/\/rendez-vous-store.com\/app\/uploads\/2024\/08\/rdv_tarvas_06-scaled.webp","contentUrl":"https:\/\/rendez-vous-store.com\/app\/uploads\/2024\/08\/rdv_tarvas_06-scaled.webp","width":1696,"height":2560,"caption":"Tarvas - Explorer - Black"},{"@type":"BreadcrumbList","@id":"https:\/\/rendez-vous-store.com\/shop\/special-offer-men-rendez-vous-store\/men-shoes-special-offer-rendez-vous-store\/tarvas-explorer-black\/#breadcrumb","itemListElement":[{"@type":"ListItem","position":1,"name":"Home","item":"https:\/\/rendez-vous-store.com\/"},{"@type":"ListItem","position":2,"name":"Shop","item":"https:\/\/www.rendez-vous-store.com\/shop\/"},{"@type":"ListItem","position":3,"name":"Tarvas &#8211; Explorer &#8211; Black"}]},{"@type":"WebSite","@id":"https:\/\/rendez-vous-store.com\/#website","url":"https:\/\/rendez-vous-store.com\/","name":"RENDEZ-VOUS STORE","description":"Slow Fashion for Women and Men","potentialAction":[{"@type":"SearchAction","target":{"@type":"EntryPoint","urlTemplate":"https:\/\/rendez-vous-store.com\/?s={search_term_string}"},"query-input":{"@type":"PropertyValueSpecification","valueRequired":true,"valueName":"search_term_string"}}],"inLanguage":"fr-FR"}]}},"_links":{"self":[{"href":"https:\/\/rendez-vous-store.com\/fr\/wp-json\/wp\/v2\/product\/172898","targetHints":{"allow":["GET"]}}],"collection":[{"href":"https:\/\/rendez-vous-store.com\/fr\/wp-json\/wp\/v2\/product"}],"about":[{"href":"https:\/\/rendez-vous-store.com\/fr\/wp-json\/wp\/v2\/types\/product"}],"wp:featuredmedia":[{"embeddable":true,"href":"https:\/\/rendez-vous-store.com\/fr\/wp-json\/wp\/v2\/media\/173686"}],"wp:attachment":[{"href":"https:\/\/rendez-vous-store.com\/fr\/wp-json\/wp\/v2\/media?parent=172898"}],"wp:term":[{"taxonomy":"product_brand","embeddable":true,"href":"https:\/\/rendez-vous-store.com\/fr\/wp-json\/wp\/v2\/product_brand?post=172898"},{"taxonomy":"product_cat","embeddable":true,"href":"https:\/\/rendez-vous-store.com\/fr\/wp-json\/wp\/v2\/product_cat?post=172898"},{"taxonomy":"product_tag","embeddable":true,"href":"https:\/\/rendez-vous-store.com\/fr\/wp-json\/wp\/v2\/product_tag?post=172898"}],"curies":[{"name":"wp","href":"https:\/\/api.w.org\/{rel}","templated":true}]}}