{"id":172520,"date":"2024-08-02T16:11:28","date_gmt":"2024-08-02T14:11:28","guid":{"rendered":"https:\/\/rendez-vous-store.com\/?post_type=product&#038;p=172520"},"modified":"2026-04-24T14:56:37","modified_gmt":"2026-04-24T12:56:37","slug":"eleph-opa-spencer-gamet-orange-stripe-rendez-vous-store","status":"publish","type":"product","link":"https:\/\/rendez-vous-store.com\/fr\/shop\/last-pieces-women-rendez-vous-store\/last-pieces-women-knitwear-rendez-vous-store\/eleph-opa-spencer-gamet-orange-stripe-rendez-vous-store\/","title":{"rendered":"Eleph - Opa Spencer C6010912 - Gamet\/Orange Stripe"},"content":{"rendered":"<p><strong>Eleph Opa Spencer Gamet\/Orange Stripe<\/strong><\/p>\n<p>Couleur : Gamet\/Orange Stripe<\/p>\n<p>Col rond<\/p>\n<p>Sans manches<\/p>\n<p>Composition : 90% Cachemire - 9% Nylon - 1% Spandex<\/p>\n<p>Fabriqu\u00e9 en Chine<\/p>\n<p>Code de style : C6010912<\/p>\n<p>&nbsp;<\/p>\n<p>&nbsp;<\/p>\n<p>&nbsp;<\/p>\n<p><strong>Kheira mesure 168cm\u00a0<\/strong><\/p>\n<p><strong>Taille du mod\u00e8le : S<\/strong><\/p>\n<p>&nbsp;<\/p>\n<p>&nbsp;<\/p>\n<p>&nbsp;<\/p>\n<h4>La marque<\/h4>\n<p>ELEPH se consacre \u00e0 la fabrication de produits intemporels, en mettant l'accent sur la durabilit\u00e9 et la long\u00e9vit\u00e9. Chaque collection est compos\u00e9e d'un m\u00e9lange de mat\u00e9riaux recycl\u00e9s et de fabrications durables pour r\u00e9sister aux \u00e9preuves du temps.<\/p>\n<p>Au-del\u00e0 de l'utilisation de mat\u00e9riaux recycl\u00e9s, ELEPH privil\u00e9gie les pratiques de production \u00e9thiques et les processus de fabrication respectueux de l'environnement. En s\u00e9lectionnant consciemment des mat\u00e9riaux et des m\u00e9thodes qui minimisent les d\u00e9chets et r\u00e9duisent l'impact sur l'environnement, la marque aligne ses produits sur des valeurs de gestion de l'environnement et de responsabilit\u00e9 sociale.<\/p>","protected":false},"excerpt":{"rendered":"<p>Eleph Opa Spencer Gamet\/Orange Stripe Color: Gamet\/Orange Stripe C-neck Sleeveless Composition: 90% Cashmere &#8211; 9% Nylon &#8211; 1% Spandex Made in China Style code: C6010912 &nbsp; &nbsp; &nbsp; Kheira is 168cm\u00a0 Model size: S &nbsp; &nbsp; &nbsp; The Brand ELEPH dedicates itself to crafting timeless products, with a focus on sustainability and longevity. Each collection&hellip; <a class=\"more-link\" href=\"https:\/\/rendez-vous-store.com\/fr\/shop\/last-pieces-women-rendez-vous-store\/last-pieces-women-knitwear-rendez-vous-store\/eleph-opa-spencer-gamet-orange-stripe-rendez-vous-store\/\">Continuer la lecture <span class=\"screen-reader-text\">Eleph - Opa Spencer C6010912 - Gamet\/Orange Stripe<\/span><\/a><\/p>","protected":false},"featured_media":172986,"template":"","meta":{"_acf_changed":false},"product_brand":[],"product_cat":[1232,1138,1141],"product_tag":[],"class_list":{"0":"post-172520","1":"product","2":"type-product","3":"status-publish","4":"has-post-thumbnail","6":"product_cat-sale-40","7":"product_cat-last-pieces-women-rendez-vous-store","8":"product_cat-last-pieces-women-knitwear-rendez-vous-store","9":"entry","11":"first","12":"outofstock","13":"taxable","14":"shipping-taxable","15":"product-type-variable"},"acf":[],"yoast_head":"<!-- This site is optimized with the Yoast SEO plugin v24.9 - https:\/\/yoast.com\/wordpress\/plugins\/seo\/ -->\n<title>Eleph - Opa Spencer Gamet\/Orange Stripe<\/title>\n<meta name=\"description\" content=\"Eleph is on Rendez-vous Store. This Eleph Opa Spencer Gamet\/Orange Stripe is designed to be cherished and kept close. Discover now.\" \/>\n<meta name=\"robots\" content=\"index, follow, max-snippet:-1, max-image-preview:large, max-video-preview:-1\" \/>\n<link rel=\"canonical\" href=\"https:\/\/rendez-vous-store.com\/fr\/shop\/last-pieces-women-rendez-vous-store\/last-pieces-women-knitwear-rendez-vous-store\/eleph-opa-spencer-gamet-orange-stripe-rendez-vous-store\/\" \/>\n<meta property=\"og:locale\" content=\"fr_FR\" \/>\n<meta property=\"og:type\" content=\"article\" \/>\n<meta property=\"og:title\" content=\"Eleph - Opa Spencer Gamet\/Orange Stripe\" \/>\n<meta property=\"og:description\" content=\"Eleph is on Rendez-vous Store. This Eleph Opa Spencer Gamet\/Orange Stripe is designed to be cherished and kept close. Discover now.\" \/>\n<meta property=\"og:url\" content=\"https:\/\/rendez-vous-store.com\/fr\/shop\/last-pieces-women-rendez-vous-store\/last-pieces-women-knitwear-rendez-vous-store\/eleph-opa-spencer-gamet-orange-stripe-rendez-vous-store\/\" \/>\n<meta property=\"og:site_name\" content=\"RENDEZ-VOUS STORE\" \/>\n<meta property=\"article:modified_time\" content=\"2026-04-24T12:56:37+00:00\" \/>\n<meta property=\"og:image\" content=\"https:\/\/rendez-vous-store.com\/app\/uploads\/2024\/08\/j.webp\" \/>\n\t<meta property=\"og:image:width\" content=\"1696\" \/>\n\t<meta property=\"og:image:height\" content=\"2560\" \/>\n\t<meta property=\"og:image:type\" content=\"image\/webp\" \/>\n<meta name=\"twitter:card\" content=\"summary_large_image\" \/>\n<meta name=\"twitter:label1\" content=\"Est. reading time\" \/>\n\t<meta name=\"twitter:data1\" content=\"1 minute\" \/>\n<script type=\"application\/ld+json\" class=\"yoast-schema-graph\">{\"@context\":\"https:\/\/schema.org\",\"@graph\":[{\"@type\":\"WebPage\",\"@id\":\"https:\/\/rendez-vous-store.com\/shop\/last-pieces-women-rendez-vous-store\/last-pieces-women-knitwear-rendez-vous-store\/eleph-opa-spencer-gamet-orange-stripe-rendez-vous-store\/\",\"url\":\"https:\/\/rendez-vous-store.com\/shop\/last-pieces-women-rendez-vous-store\/last-pieces-women-knitwear-rendez-vous-store\/eleph-opa-spencer-gamet-orange-stripe-rendez-vous-store\/\",\"name\":\"Eleph - Opa Spencer Gamet\/Orange Stripe\",\"isPartOf\":{\"@id\":\"https:\/\/rendez-vous-store.com\/#website\"},\"primaryImageOfPage\":{\"@id\":\"https:\/\/rendez-vous-store.com\/shop\/last-pieces-women-rendez-vous-store\/last-pieces-women-knitwear-rendez-vous-store\/eleph-opa-spencer-gamet-orange-stripe-rendez-vous-store\/#primaryimage\"},\"image\":{\"@id\":\"https:\/\/rendez-vous-store.com\/shop\/last-pieces-women-rendez-vous-store\/last-pieces-women-knitwear-rendez-vous-store\/eleph-opa-spencer-gamet-orange-stripe-rendez-vous-store\/#primaryimage\"},\"thumbnailUrl\":\"https:\/\/rendez-vous-store.com\/app\/uploads\/2024\/08\/j.webp\",\"datePublished\":\"2024-08-02T14:11:28+00:00\",\"dateModified\":\"2026-04-24T12:56:37+00:00\",\"description\":\"Eleph is on Rendez-vous Store. This Eleph Opa Spencer Gamet\/Orange Stripe is designed to be cherished and kept close. Discover now.\",\"breadcrumb\":{\"@id\":\"https:\/\/rendez-vous-store.com\/shop\/last-pieces-women-rendez-vous-store\/last-pieces-women-knitwear-rendez-vous-store\/eleph-opa-spencer-gamet-orange-stripe-rendez-vous-store\/#breadcrumb\"},\"inLanguage\":\"fr-FR\",\"potentialAction\":[{\"@type\":\"ReadAction\",\"target\":[\"https:\/\/rendez-vous-store.com\/shop\/last-pieces-women-rendez-vous-store\/last-pieces-women-knitwear-rendez-vous-store\/eleph-opa-spencer-gamet-orange-stripe-rendez-vous-store\/\"]}]},{\"@type\":\"ImageObject\",\"inLanguage\":\"fr-FR\",\"@id\":\"https:\/\/rendez-vous-store.com\/shop\/last-pieces-women-rendez-vous-store\/last-pieces-women-knitwear-rendez-vous-store\/eleph-opa-spencer-gamet-orange-stripe-rendez-vous-store\/#primaryimage\",\"url\":\"https:\/\/rendez-vous-store.com\/app\/uploads\/2024\/08\/j.webp\",\"contentUrl\":\"https:\/\/rendez-vous-store.com\/app\/uploads\/2024\/08\/j.webp\",\"width\":1696,\"height\":2560,\"caption\":\"Eleph - Opa Spencer C6010912 - Gamet\/Orange Stripe\"},{\"@type\":\"BreadcrumbList\",\"@id\":\"https:\/\/rendez-vous-store.com\/shop\/last-pieces-women-rendez-vous-store\/last-pieces-women-knitwear-rendez-vous-store\/eleph-opa-spencer-gamet-orange-stripe-rendez-vous-store\/#breadcrumb\",\"itemListElement\":[{\"@type\":\"ListItem\",\"position\":1,\"name\":\"Home\",\"item\":\"https:\/\/rendez-vous-store.com\/\"},{\"@type\":\"ListItem\",\"position\":2,\"name\":\"Shop\",\"item\":\"https:\/\/www.rendez-vous-store.com\/shop\/\"},{\"@type\":\"ListItem\",\"position\":3,\"name\":\"Eleph &#8211; Opa Spencer C6010912 &#8211; Gamet\/Orange Stripe\"}]},{\"@type\":\"WebSite\",\"@id\":\"https:\/\/rendez-vous-store.com\/#website\",\"url\":\"https:\/\/rendez-vous-store.com\/\",\"name\":\"RENDEZ-VOUS STORE\",\"description\":\"Slow Fashion for Women and Men\",\"potentialAction\":[{\"@type\":\"SearchAction\",\"target\":{\"@type\":\"EntryPoint\",\"urlTemplate\":\"https:\/\/rendez-vous-store.com\/?s={search_term_string}\"},\"query-input\":{\"@type\":\"PropertyValueSpecification\",\"valueRequired\":true,\"valueName\":\"search_term_string\"}}],\"inLanguage\":\"fr-FR\"}]}<\/script>\n<!-- \/ Yoast SEO plugin. -->","yoast_head_json":{"title":"Eleph - Opa Spencer Gamet\/Orange Stripe","description":"Eleph is on Rendez-vous Store. This Eleph Opa Spencer Gamet\/Orange Stripe is designed to be cherished and kept close. Discover now.","robots":{"index":"index","follow":"follow","max-snippet":"max-snippet:-1","max-image-preview":"max-image-preview:large","max-video-preview":"max-video-preview:-1"},"canonical":"https:\/\/rendez-vous-store.com\/fr\/shop\/last-pieces-women-rendez-vous-store\/last-pieces-women-knitwear-rendez-vous-store\/eleph-opa-spencer-gamet-orange-stripe-rendez-vous-store\/","og_locale":"fr_FR","og_type":"article","og_title":"Eleph - Opa Spencer Gamet\/Orange Stripe","og_description":"Eleph is on Rendez-vous Store. This Eleph Opa Spencer Gamet\/Orange Stripe is designed to be cherished and kept close. Discover now.","og_url":"https:\/\/rendez-vous-store.com\/fr\/shop\/last-pieces-women-rendez-vous-store\/last-pieces-women-knitwear-rendez-vous-store\/eleph-opa-spencer-gamet-orange-stripe-rendez-vous-store\/","og_site_name":"RENDEZ-VOUS STORE","article_modified_time":"2026-04-24T12:56:37+00:00","og_image":[{"width":1696,"height":2560,"url":"https:\/\/rendez-vous-store.com\/app\/uploads\/2024\/08\/j.webp","type":"image\/webp"}],"twitter_card":"summary_large_image","twitter_misc":{"Est. reading time":"1 minute"},"schema":{"@context":"https:\/\/schema.org","@graph":[{"@type":"WebPage","@id":"https:\/\/rendez-vous-store.com\/shop\/last-pieces-women-rendez-vous-store\/last-pieces-women-knitwear-rendez-vous-store\/eleph-opa-spencer-gamet-orange-stripe-rendez-vous-store\/","url":"https:\/\/rendez-vous-store.com\/shop\/last-pieces-women-rendez-vous-store\/last-pieces-women-knitwear-rendez-vous-store\/eleph-opa-spencer-gamet-orange-stripe-rendez-vous-store\/","name":"Eleph - Opa Spencer Gamet\/Orange Stripe","isPartOf":{"@id":"https:\/\/rendez-vous-store.com\/#website"},"primaryImageOfPage":{"@id":"https:\/\/rendez-vous-store.com\/shop\/last-pieces-women-rendez-vous-store\/last-pieces-women-knitwear-rendez-vous-store\/eleph-opa-spencer-gamet-orange-stripe-rendez-vous-store\/#primaryimage"},"image":{"@id":"https:\/\/rendez-vous-store.com\/shop\/last-pieces-women-rendez-vous-store\/last-pieces-women-knitwear-rendez-vous-store\/eleph-opa-spencer-gamet-orange-stripe-rendez-vous-store\/#primaryimage"},"thumbnailUrl":"https:\/\/rendez-vous-store.com\/app\/uploads\/2024\/08\/j.webp","datePublished":"2024-08-02T14:11:28+00:00","dateModified":"2026-04-24T12:56:37+00:00","description":"Eleph is on Rendez-vous Store. This Eleph Opa Spencer Gamet\/Orange Stripe is designed to be cherished and kept close. Discover now.","breadcrumb":{"@id":"https:\/\/rendez-vous-store.com\/shop\/last-pieces-women-rendez-vous-store\/last-pieces-women-knitwear-rendez-vous-store\/eleph-opa-spencer-gamet-orange-stripe-rendez-vous-store\/#breadcrumb"},"inLanguage":"fr-FR","potentialAction":[{"@type":"ReadAction","target":["https:\/\/rendez-vous-store.com\/shop\/last-pieces-women-rendez-vous-store\/last-pieces-women-knitwear-rendez-vous-store\/eleph-opa-spencer-gamet-orange-stripe-rendez-vous-store\/"]}]},{"@type":"ImageObject","inLanguage":"fr-FR","@id":"https:\/\/rendez-vous-store.com\/shop\/last-pieces-women-rendez-vous-store\/last-pieces-women-knitwear-rendez-vous-store\/eleph-opa-spencer-gamet-orange-stripe-rendez-vous-store\/#primaryimage","url":"https:\/\/rendez-vous-store.com\/app\/uploads\/2024\/08\/j.webp","contentUrl":"https:\/\/rendez-vous-store.com\/app\/uploads\/2024\/08\/j.webp","width":1696,"height":2560,"caption":"Eleph - Opa Spencer C6010912 - Gamet\/Orange Stripe"},{"@type":"BreadcrumbList","@id":"https:\/\/rendez-vous-store.com\/shop\/last-pieces-women-rendez-vous-store\/last-pieces-women-knitwear-rendez-vous-store\/eleph-opa-spencer-gamet-orange-stripe-rendez-vous-store\/#breadcrumb","itemListElement":[{"@type":"ListItem","position":1,"name":"Home","item":"https:\/\/rendez-vous-store.com\/"},{"@type":"ListItem","position":2,"name":"Shop","item":"https:\/\/www.rendez-vous-store.com\/shop\/"},{"@type":"ListItem","position":3,"name":"Eleph &#8211; Opa Spencer C6010912 &#8211; Gamet\/Orange Stripe"}]},{"@type":"WebSite","@id":"https:\/\/rendez-vous-store.com\/#website","url":"https:\/\/rendez-vous-store.com\/","name":"RENDEZ-VOUS STORE","description":"Slow Fashion for Women and Men","potentialAction":[{"@type":"SearchAction","target":{"@type":"EntryPoint","urlTemplate":"https:\/\/rendez-vous-store.com\/?s={search_term_string}"},"query-input":{"@type":"PropertyValueSpecification","valueRequired":true,"valueName":"search_term_string"}}],"inLanguage":"fr-FR"}]}},"_links":{"self":[{"href":"https:\/\/rendez-vous-store.com\/fr\/wp-json\/wp\/v2\/product\/172520","targetHints":{"allow":["GET"]}}],"collection":[{"href":"https:\/\/rendez-vous-store.com\/fr\/wp-json\/wp\/v2\/product"}],"about":[{"href":"https:\/\/rendez-vous-store.com\/fr\/wp-json\/wp\/v2\/types\/product"}],"wp:featuredmedia":[{"embeddable":true,"href":"https:\/\/rendez-vous-store.com\/fr\/wp-json\/wp\/v2\/media\/172986"}],"wp:attachment":[{"href":"https:\/\/rendez-vous-store.com\/fr\/wp-json\/wp\/v2\/media?parent=172520"}],"wp:term":[{"taxonomy":"product_brand","embeddable":true,"href":"https:\/\/rendez-vous-store.com\/fr\/wp-json\/wp\/v2\/product_brand?post=172520"},{"taxonomy":"product_cat","embeddable":true,"href":"https:\/\/rendez-vous-store.com\/fr\/wp-json\/wp\/v2\/product_cat?post=172520"},{"taxonomy":"product_tag","embeddable":true,"href":"https:\/\/rendez-vous-store.com\/fr\/wp-json\/wp\/v2\/product_tag?post=172520"}],"curies":[{"name":"wp","href":"https:\/\/api.w.org\/{rel}","templated":true}]}}