{"id":172421,"date":"2024-08-02T15:36:01","date_gmt":"2024-08-02T13:36:01","guid":{"rendered":"https:\/\/rendez-vous-store.com\/?post_type=product&#038;p=172421"},"modified":"2026-03-16T17:57:14","modified_gmt":"2026-03-16T16:57:14","slug":"apuntob-coat-p1802-ts834-anthracite-grey-rendez-vous-store","status":"publish","type":"product","link":"https:\/\/rendez-vous-store.com\/fr\/shop\/special-offer-women-rendez-vous-store\/women-coat-jacket-special-offer-rendez-vous-store\/apuntob-coat-p1802-ts834-anthracite-grey-rendez-vous-store\/","title":{"rendered":"ApuntoB - Manteau P1802\/TS834 - Gris anthracite"},"content":{"rendered":"<p><strong>ApuntoB Manteau P1802\/TS834 Gris anthracite<\/strong><\/p>\n<p>Couleur : Gris anthracite<\/p>\n<p>Collier Nehru<\/p>\n<p>Poches plaqu\u00e9es<\/p>\n<p>Fermeture par bouton<\/p>\n<p>Composition : 64% Laine vierge - 13% Acrylique - 11% Mohair - 11% Polyamide - 1% Laine<\/p>\n<p>Fabriqu\u00e9 en Italie<\/p>\n<p>&nbsp;<\/p>\n<p>&nbsp;<\/p>\n<p>&nbsp;<\/p>\n<p><strong>Kheira mesure 168 cm<\/strong><\/p>\n<p><strong>Taille du mod\u00e8le : S<\/strong><\/p>\n<p><strong>Tableau des tailles : 0=XS \/ 1=S \/ 2=M<\/strong><\/p>\n<h4><\/h4>\n<p>&nbsp;<\/p>\n<p>&nbsp;<\/p>\n<h4>La marque<\/h4>\n<p>L'essence de l'\u00e9l\u00e9gance italienne se retrouve chez ApuntoB, une marque r\u00e9put\u00e9e pour ses cr\u00e9ations intemporelles. Fond\u00e9e sur le principe que les v\u00eatements sont le reflet du style de vie et de l'identit\u00e9 de chacun, ApuntoB confectionne m\u00e9ticuleusement chaque pi\u00e8ce pour qu'elle incarne la simplicit\u00e9 et la sophistication.<\/p>\n<p>Au c\u0153ur de la philosophie d'ApuntoB se trouve un engagement ancr\u00e9 en faveur de la qualit\u00e9 et de l'artisanat. La qu\u00eate de perfection transpara\u00eet dans l\u2019exploration continue des mati\u00e8res et des silhouettes, ainsi que dans le soin minutieux accord\u00e9 \u00e0 chaque d\u00e9tail. \u00c0 chaque point de couture, ApuntoB s'efforce de cr\u00e9er des v\u00eatements qui transcendent les tendances \u00e9ph\u00e9m\u00e8res, offrant un style durable et une grande polyvalence.<\/p>","protected":false},"excerpt":{"rendered":"<p>ApuntoB Coat P1802\/TS834 Anthracite Grey Color: Anthracite Grey Nehru collar Patch pockets Button closure Composition: 64% Virgin Wool &#8211; 13% Acrylic &#8211; 11% Mohair &#8211; 11% Polyamide &#8211; 1% Wool Made in Italy &nbsp; &nbsp; &nbsp; Kheira is 168cm tall Model size: S Size Chart: 0=XS \/ 1=S \/ 2=M &nbsp; &nbsp; The Brand Embrace&hellip; <a class=\"more-link\" href=\"https:\/\/rendez-vous-store.com\/fr\/shop\/special-offer-women-rendez-vous-store\/women-coat-jacket-special-offer-rendez-vous-store\/apuntob-coat-p1802-ts834-anthracite-grey-rendez-vous-store\/\">Continuer la lecture <span class=\"screen-reader-text\">ApuntoB - Manteau P1802\/TS834 - Gris anthracite<\/span><\/a><\/p>","protected":false},"featured_media":173428,"template":"","meta":{"_acf_changed":false},"product_brand":[],"product_cat":[1336,1335,17,394],"product_tag":[281],"class_list":{"0":"post-172421","1":"product","2":"type-product","3":"status-publish","4":"has-post-thumbnail","6":"product_cat-women-coat-jacket-special-offer-rendez-vous-store","7":"product_cat-special-offer-women-rendez-vous-store","8":"product_cat-women","9":"product_cat-women-coats-jackets-rendez-vous-store","10":"product_tag-apuntob-rendez-vous-store","11":"entry","13":"first","14":"outofstock","15":"taxable","16":"shipping-taxable","17":"product-type-variable"},"acf":[],"yoast_head":"<!-- This site is optimized with the Yoast SEO plugin v24.9 - https:\/\/yoast.com\/wordpress\/plugins\/seo\/ -->\n<title>ApuntoB Coat P1802\/TS834 Anthracite Grey<\/title>\n<meta name=\"description\" content=\"This ApuntoB Coat P1802\/TS834 Anthracite Grey is characterized by the endless research for beautiful shapes, fabrics and cuts by the brand.\" \/>\n<meta name=\"robots\" content=\"index, follow, max-snippet:-1, max-image-preview:large, max-video-preview:-1\" \/>\n<link rel=\"canonical\" href=\"https:\/\/rendez-vous-store.com\/fr\/shop\/special-offer-women-rendez-vous-store\/women-coat-jacket-special-offer-rendez-vous-store\/apuntob-coat-p1802-ts834-anthracite-grey-rendez-vous-store\/\" \/>\n<meta property=\"og:locale\" content=\"fr_FR\" \/>\n<meta property=\"og:type\" content=\"article\" \/>\n<meta property=\"og:title\" content=\"ApuntoB Coat P1802\/TS834 Anthracite Grey\" \/>\n<meta property=\"og:description\" content=\"This ApuntoB Coat P1802\/TS834 Anthracite Grey is characterized by the endless research for beautiful shapes, fabrics and cuts by the brand.\" \/>\n<meta property=\"og:url\" content=\"https:\/\/rendez-vous-store.com\/fr\/shop\/special-offer-women-rendez-vous-store\/women-coat-jacket-special-offer-rendez-vous-store\/apuntob-coat-p1802-ts834-anthracite-grey-rendez-vous-store\/\" \/>\n<meta property=\"og:site_name\" content=\"RENDEZ-VOUS STORE\" \/>\n<meta property=\"article:modified_time\" content=\"2026-03-16T16:57:14+00:00\" \/>\n<meta property=\"og:image\" content=\"https:\/\/rendez-vous-store.com\/wp-content\/uploads\/2024\/08\/zsdfg.webp\" \/>\n\t<meta property=\"og:image:width\" content=\"1696\" \/>\n\t<meta property=\"og:image:height\" content=\"2560\" \/>\n\t<meta property=\"og:image:type\" content=\"image\/webp\" \/>\n<meta name=\"twitter:card\" content=\"summary_large_image\" \/>\n<meta name=\"twitter:label1\" content=\"Est. reading time\" \/>\n\t<meta name=\"twitter:data1\" content=\"1 minute\" \/>\n<script type=\"application\/ld+json\" class=\"yoast-schema-graph\">{\"@context\":\"https:\/\/schema.org\",\"@graph\":[{\"@type\":\"WebPage\",\"@id\":\"https:\/\/rendez-vous-store.com\/shop\/special-offer-women-rendez-vous-store\/women-coat-jacket-special-offer-rendez-vous-store\/apuntob-coat-p1802-ts834-anthracite-grey-rendez-vous-store\/\",\"url\":\"https:\/\/rendez-vous-store.com\/shop\/special-offer-women-rendez-vous-store\/women-coat-jacket-special-offer-rendez-vous-store\/apuntob-coat-p1802-ts834-anthracite-grey-rendez-vous-store\/\",\"name\":\"ApuntoB Coat P1802\/TS834 Anthracite Grey\",\"isPartOf\":{\"@id\":\"https:\/\/rendez-vous-store.com\/#website\"},\"primaryImageOfPage\":{\"@id\":\"https:\/\/rendez-vous-store.com\/shop\/special-offer-women-rendez-vous-store\/women-coat-jacket-special-offer-rendez-vous-store\/apuntob-coat-p1802-ts834-anthracite-grey-rendez-vous-store\/#primaryimage\"},\"image\":{\"@id\":\"https:\/\/rendez-vous-store.com\/shop\/special-offer-women-rendez-vous-store\/women-coat-jacket-special-offer-rendez-vous-store\/apuntob-coat-p1802-ts834-anthracite-grey-rendez-vous-store\/#primaryimage\"},\"thumbnailUrl\":\"https:\/\/rendez-vous-store.com\/app\/uploads\/2024\/08\/zsdfg.webp\",\"datePublished\":\"2024-08-02T13:36:01+00:00\",\"dateModified\":\"2026-03-16T16:57:14+00:00\",\"description\":\"This ApuntoB Coat P1802\/TS834 Anthracite Grey is characterized by the endless research for beautiful shapes, fabrics and cuts by the brand.\",\"breadcrumb\":{\"@id\":\"https:\/\/rendez-vous-store.com\/shop\/special-offer-women-rendez-vous-store\/women-coat-jacket-special-offer-rendez-vous-store\/apuntob-coat-p1802-ts834-anthracite-grey-rendez-vous-store\/#breadcrumb\"},\"inLanguage\":\"fr-FR\",\"potentialAction\":[{\"@type\":\"ReadAction\",\"target\":[\"https:\/\/rendez-vous-store.com\/shop\/special-offer-women-rendez-vous-store\/women-coat-jacket-special-offer-rendez-vous-store\/apuntob-coat-p1802-ts834-anthracite-grey-rendez-vous-store\/\"]}]},{\"@type\":\"ImageObject\",\"inLanguage\":\"fr-FR\",\"@id\":\"https:\/\/rendez-vous-store.com\/shop\/special-offer-women-rendez-vous-store\/women-coat-jacket-special-offer-rendez-vous-store\/apuntob-coat-p1802-ts834-anthracite-grey-rendez-vous-store\/#primaryimage\",\"url\":\"https:\/\/rendez-vous-store.com\/app\/uploads\/2024\/08\/zsdfg.webp\",\"contentUrl\":\"https:\/\/rendez-vous-store.com\/app\/uploads\/2024\/08\/zsdfg.webp\",\"width\":1696,\"height\":2560,\"caption\":\"ApuntoB - Coat P1802\/TS834 - Anthracite Grey\"},{\"@type\":\"BreadcrumbList\",\"@id\":\"https:\/\/rendez-vous-store.com\/shop\/special-offer-women-rendez-vous-store\/women-coat-jacket-special-offer-rendez-vous-store\/apuntob-coat-p1802-ts834-anthracite-grey-rendez-vous-store\/#breadcrumb\",\"itemListElement\":[{\"@type\":\"ListItem\",\"position\":1,\"name\":\"Home\",\"item\":\"https:\/\/rendez-vous-store.com\/\"},{\"@type\":\"ListItem\",\"position\":2,\"name\":\"Shop\",\"item\":\"https:\/\/www.rendez-vous-store.com\/shop\/\"},{\"@type\":\"ListItem\",\"position\":3,\"name\":\"ApuntoB &#8211; Coat P1802\/TS834 &#8211; Anthracite Grey\"}]},{\"@type\":\"WebSite\",\"@id\":\"https:\/\/rendez-vous-store.com\/#website\",\"url\":\"https:\/\/rendez-vous-store.com\/\",\"name\":\"RENDEZ-VOUS STORE\",\"description\":\"Slow Fashion for Women and Men\",\"potentialAction\":[{\"@type\":\"SearchAction\",\"target\":{\"@type\":\"EntryPoint\",\"urlTemplate\":\"https:\/\/rendez-vous-store.com\/?s={search_term_string}\"},\"query-input\":{\"@type\":\"PropertyValueSpecification\",\"valueRequired\":true,\"valueName\":\"search_term_string\"}}],\"inLanguage\":\"fr-FR\"}]}<\/script>\n<!-- \/ Yoast SEO plugin. -->","yoast_head_json":{"title":"ApuntoB Coat P1802\/TS834 Anthracite Grey","description":"This ApuntoB Coat P1802\/TS834 Anthracite Grey is characterized by the endless research for beautiful shapes, fabrics and cuts by the brand.","robots":{"index":"index","follow":"follow","max-snippet":"max-snippet:-1","max-image-preview":"max-image-preview:large","max-video-preview":"max-video-preview:-1"},"canonical":"https:\/\/rendez-vous-store.com\/fr\/shop\/special-offer-women-rendez-vous-store\/women-coat-jacket-special-offer-rendez-vous-store\/apuntob-coat-p1802-ts834-anthracite-grey-rendez-vous-store\/","og_locale":"fr_FR","og_type":"article","og_title":"ApuntoB Coat P1802\/TS834 Anthracite Grey","og_description":"This ApuntoB Coat P1802\/TS834 Anthracite Grey is characterized by the endless research for beautiful shapes, fabrics and cuts by the brand.","og_url":"https:\/\/rendez-vous-store.com\/fr\/shop\/special-offer-women-rendez-vous-store\/women-coat-jacket-special-offer-rendez-vous-store\/apuntob-coat-p1802-ts834-anthracite-grey-rendez-vous-store\/","og_site_name":"RENDEZ-VOUS STORE","article_modified_time":"2026-03-16T16:57:14+00:00","og_image":[{"width":1696,"height":2560,"url":"https:\/\/rendez-vous-store.com\/wp-content\/uploads\/2024\/08\/zsdfg.webp","type":"image\/webp"}],"twitter_card":"summary_large_image","twitter_misc":{"Est. reading time":"1 minute"},"schema":{"@context":"https:\/\/schema.org","@graph":[{"@type":"WebPage","@id":"https:\/\/rendez-vous-store.com\/shop\/special-offer-women-rendez-vous-store\/women-coat-jacket-special-offer-rendez-vous-store\/apuntob-coat-p1802-ts834-anthracite-grey-rendez-vous-store\/","url":"https:\/\/rendez-vous-store.com\/shop\/special-offer-women-rendez-vous-store\/women-coat-jacket-special-offer-rendez-vous-store\/apuntob-coat-p1802-ts834-anthracite-grey-rendez-vous-store\/","name":"ApuntoB Coat P1802\/TS834 Anthracite Grey","isPartOf":{"@id":"https:\/\/rendez-vous-store.com\/#website"},"primaryImageOfPage":{"@id":"https:\/\/rendez-vous-store.com\/shop\/special-offer-women-rendez-vous-store\/women-coat-jacket-special-offer-rendez-vous-store\/apuntob-coat-p1802-ts834-anthracite-grey-rendez-vous-store\/#primaryimage"},"image":{"@id":"https:\/\/rendez-vous-store.com\/shop\/special-offer-women-rendez-vous-store\/women-coat-jacket-special-offer-rendez-vous-store\/apuntob-coat-p1802-ts834-anthracite-grey-rendez-vous-store\/#primaryimage"},"thumbnailUrl":"https:\/\/rendez-vous-store.com\/app\/uploads\/2024\/08\/zsdfg.webp","datePublished":"2024-08-02T13:36:01+00:00","dateModified":"2026-03-16T16:57:14+00:00","description":"This ApuntoB Coat P1802\/TS834 Anthracite Grey is characterized by the endless research for beautiful shapes, fabrics and cuts by the brand.","breadcrumb":{"@id":"https:\/\/rendez-vous-store.com\/shop\/special-offer-women-rendez-vous-store\/women-coat-jacket-special-offer-rendez-vous-store\/apuntob-coat-p1802-ts834-anthracite-grey-rendez-vous-store\/#breadcrumb"},"inLanguage":"fr-FR","potentialAction":[{"@type":"ReadAction","target":["https:\/\/rendez-vous-store.com\/shop\/special-offer-women-rendez-vous-store\/women-coat-jacket-special-offer-rendez-vous-store\/apuntob-coat-p1802-ts834-anthracite-grey-rendez-vous-store\/"]}]},{"@type":"ImageObject","inLanguage":"fr-FR","@id":"https:\/\/rendez-vous-store.com\/shop\/special-offer-women-rendez-vous-store\/women-coat-jacket-special-offer-rendez-vous-store\/apuntob-coat-p1802-ts834-anthracite-grey-rendez-vous-store\/#primaryimage","url":"https:\/\/rendez-vous-store.com\/app\/uploads\/2024\/08\/zsdfg.webp","contentUrl":"https:\/\/rendez-vous-store.com\/app\/uploads\/2024\/08\/zsdfg.webp","width":1696,"height":2560,"caption":"ApuntoB - Coat P1802\/TS834 - Anthracite Grey"},{"@type":"BreadcrumbList","@id":"https:\/\/rendez-vous-store.com\/shop\/special-offer-women-rendez-vous-store\/women-coat-jacket-special-offer-rendez-vous-store\/apuntob-coat-p1802-ts834-anthracite-grey-rendez-vous-store\/#breadcrumb","itemListElement":[{"@type":"ListItem","position":1,"name":"Home","item":"https:\/\/rendez-vous-store.com\/"},{"@type":"ListItem","position":2,"name":"Shop","item":"https:\/\/www.rendez-vous-store.com\/shop\/"},{"@type":"ListItem","position":3,"name":"ApuntoB &#8211; Coat P1802\/TS834 &#8211; Anthracite Grey"}]},{"@type":"WebSite","@id":"https:\/\/rendez-vous-store.com\/#website","url":"https:\/\/rendez-vous-store.com\/","name":"RENDEZ-VOUS STORE","description":"Slow Fashion for Women and Men","potentialAction":[{"@type":"SearchAction","target":{"@type":"EntryPoint","urlTemplate":"https:\/\/rendez-vous-store.com\/?s={search_term_string}"},"query-input":{"@type":"PropertyValueSpecification","valueRequired":true,"valueName":"search_term_string"}}],"inLanguage":"fr-FR"}]}},"_links":{"self":[{"href":"https:\/\/rendez-vous-store.com\/fr\/wp-json\/wp\/v2\/product\/172421","targetHints":{"allow":["GET"]}}],"collection":[{"href":"https:\/\/rendez-vous-store.com\/fr\/wp-json\/wp\/v2\/product"}],"about":[{"href":"https:\/\/rendez-vous-store.com\/fr\/wp-json\/wp\/v2\/types\/product"}],"wp:featuredmedia":[{"embeddable":true,"href":"https:\/\/rendez-vous-store.com\/fr\/wp-json\/wp\/v2\/media\/173428"}],"wp:attachment":[{"href":"https:\/\/rendez-vous-store.com\/fr\/wp-json\/wp\/v2\/media?parent=172421"}],"wp:term":[{"taxonomy":"product_brand","embeddable":true,"href":"https:\/\/rendez-vous-store.com\/fr\/wp-json\/wp\/v2\/product_brand?post=172421"},{"taxonomy":"product_cat","embeddable":true,"href":"https:\/\/rendez-vous-store.com\/fr\/wp-json\/wp\/v2\/product_cat?post=172421"},{"taxonomy":"product_tag","embeddable":true,"href":"https:\/\/rendez-vous-store.com\/fr\/wp-json\/wp\/v2\/product_tag?post=172421"}],"curies":[{"name":"wp","href":"https:\/\/api.w.org\/{rel}","templated":true}]}}