{"id":172240,"date":"2024-08-02T12:18:55","date_gmt":"2024-08-02T10:18:55","guid":{"rendered":"https:\/\/rendez-vous-store.com\/?post_type=product&#038;p=172240"},"modified":"2026-03-16T17:57:19","modified_gmt":"2026-03-16T16:57:19","slug":"konrad-julie-jacket-black-khaki-orange-rendez-vous-store","status":"publish","type":"product","link":"https:\/\/rendez-vous-store.com\/fr\/shop\/special-offer-women-rendez-vous-store\/women-coat-jacket-special-offer-rendez-vous-store\/konrad-julie-jacket-black-khaki-orange-rendez-vous-store\/","title":{"rendered":"Konrad &#8211; Julie Jacket &#8211; Black\/Khaki Orange"},"content":{"rendered":"<p><strong>Konrad Julie Jacket Black\/Khaki Orange<\/strong><\/p>\n<p>Couleur : Noir\/Kaki Orange<\/p>\n<p>Coupe d\u00e9contract\u00e9e<\/p>\n<p>\u00c9paules tombantes<\/p>\n<p>Manches longues<\/p>\n<p>Poche unique<\/p>\n<p>Fermeture kimono avec cordon de serrage<\/p>\n<p>R\u00e9versible<\/p>\n<p>Composition : 100% Polyamide recycl\u00e9<\/p>\n<p>Fabriqu\u00e9 en Allemagne<\/p>\n<p><strong>La marque<\/strong><\/p>\n<div>\n<div>\n<p>KONRAD a \u00e9t\u00e9 cr\u00e9\u00e9 par Konrad Huber. Cette marque munichoise associe des imprim\u00e9s audacieux et color\u00e9s \u00e0 des mod\u00e8les intemporels.<\/p>\n<p>La marque donne la priorit\u00e9 aux mat\u00e9riaux durables et \u00e0 l'artisanat de haute qualit\u00e9. Elle est aliment\u00e9e par la passion, l'imagination, l'\u00e9thique et le soutien de personnes importantes. Ces personnes poussent le designer \u00e0 prendre des risques et \u00e0 explorer de nouvelles directions. Leurs contributions constantes inspirent \u00e0 la fois sa vie quotidienne et son processus de cr\u00e9ation. Il consid\u00e8re ses cr\u00e9ations comme un voyage permanent, \u00e9voluant par chapitres plut\u00f4t que par collections, o\u00f9 chaque nouvelle id\u00e9e vient enrichir son univers personnel.<\/p>\n<p>La marque allie tradition, innovation et fantaisie et peut \u00eatre port\u00e9e tout au long de l'ann\u00e9e et ne conna\u00eet pas les saisons.<\/p>\n<\/div>\n<\/div>","protected":false},"excerpt":{"rendered":"<p>Konrad Julie Jacket Black\/Khaki Orange Color: Black\/Khaki Orange Relaxed Fit Dropped Shoulders Long Sleeves Single pocket Kimono closure with drawcord Reversible Composition: 100% Recycled Polyamid Made In Germany The Brand KONRAD was created by Konrad Huber. It&#8217;s a Munich-based brand that blends bold, colorful prints with timeless designs. The brand prioritize sustainable materials and high-quality&hellip; <a class=\"more-link\" href=\"https:\/\/rendez-vous-store.com\/fr\/shop\/special-offer-women-rendez-vous-store\/women-coat-jacket-special-offer-rendez-vous-store\/konrad-julie-jacket-black-khaki-orange-rendez-vous-store\/\">Continuer la lecture <span class=\"screen-reader-text\">Konrad &#8211; Julie Jacket &#8211; Black\/Khaki Orange<\/span><\/a><\/p>","protected":false},"featured_media":172792,"template":"","meta":{"_acf_changed":false},"product_brand":[],"product_cat":[1291,1336,1335,1138,1139],"product_tag":[],"class_list":{"0":"post-172240","1":"product","2":"type-product","3":"status-publish","4":"has-post-thumbnail","6":"product_cat-sale-30","7":"product_cat-women-coat-jacket-special-offer-rendez-vous-store","8":"product_cat-special-offer-women-rendez-vous-store","9":"product_cat-last-pieces-women-rendez-vous-store","10":"product_cat-last-pieces-coat-jacket-rendez-vous-store","11":"entry","13":"first","14":"outofstock","15":"taxable","16":"shipping-taxable","17":"product-type-variable"},"acf":[],"yoast_head":"<!-- This site is optimized with the Yoast SEO plugin v24.9 - https:\/\/yoast.com\/wordpress\/plugins\/seo\/ -->\n<title>Konrad - Julie Jacket - Black\/Khaki Orange - Rendez-Vous Store<\/title>\n<meta name=\"description\" content=\"Konrad is on Rendez-Vous Store. This Konrad Julie Jacket Black\/Khaki Orange represents contemporary fashion pieces that seamlessly blend sophistication and comfort.\" \/>\n<meta name=\"robots\" content=\"index, follow, max-snippet:-1, max-image-preview:large, max-video-preview:-1\" \/>\n<link rel=\"canonical\" href=\"https:\/\/rendez-vous-store.com\/fr\/shop\/special-offer-women-rendez-vous-store\/women-coat-jacket-special-offer-rendez-vous-store\/konrad-julie-jacket-black-khaki-orange-rendez-vous-store\/\" \/>\n<meta property=\"og:locale\" content=\"fr_FR\" \/>\n<meta property=\"og:type\" content=\"article\" \/>\n<meta property=\"og:title\" content=\"Konrad - Julie Jacket - Black\/Khaki Orange - Rendez-Vous Store\" \/>\n<meta property=\"og:description\" content=\"Konrad is on Rendez-Vous Store. This Konrad Julie Jacket Black\/Khaki Orange represents contemporary fashion pieces that seamlessly blend sophistication and comfort.\" \/>\n<meta property=\"og:url\" content=\"https:\/\/rendez-vous-store.com\/fr\/shop\/special-offer-women-rendez-vous-store\/women-coat-jacket-special-offer-rendez-vous-store\/konrad-julie-jacket-black-khaki-orange-rendez-vous-store\/\" \/>\n<meta property=\"og:site_name\" content=\"RENDEZ-VOUS STORE\" \/>\n<meta property=\"article:modified_time\" content=\"2026-03-16T16:57:19+00:00\" \/>\n<meta property=\"og:image\" content=\"https:\/\/rendez-vous-store.com\/app\/uploads\/2024\/08\/K00.webp\" \/>\n\t<meta property=\"og:image:width\" content=\"1696\" \/>\n\t<meta property=\"og:image:height\" content=\"2560\" \/>\n\t<meta property=\"og:image:type\" content=\"image\/webp\" \/>\n<meta name=\"twitter:card\" content=\"summary_large_image\" \/>\n<meta name=\"twitter:label1\" content=\"Est. reading time\" \/>\n\t<meta name=\"twitter:data1\" content=\"1 minute\" \/>\n<script type=\"application\/ld+json\" class=\"yoast-schema-graph\">{\"@context\":\"https:\/\/schema.org\",\"@graph\":[{\"@type\":\"WebPage\",\"@id\":\"https:\/\/rendez-vous-store.com\/shop\/special-offer-women-rendez-vous-store\/women-coat-jacket-special-offer-rendez-vous-store\/konrad-julie-jacket-black-khaki-orange-rendez-vous-store\/\",\"url\":\"https:\/\/rendez-vous-store.com\/shop\/special-offer-women-rendez-vous-store\/women-coat-jacket-special-offer-rendez-vous-store\/konrad-julie-jacket-black-khaki-orange-rendez-vous-store\/\",\"name\":\"Konrad - Julie Jacket - Black\/Khaki Orange - Rendez-Vous Store\",\"isPartOf\":{\"@id\":\"https:\/\/rendez-vous-store.com\/#website\"},\"primaryImageOfPage\":{\"@id\":\"https:\/\/rendez-vous-store.com\/shop\/special-offer-women-rendez-vous-store\/women-coat-jacket-special-offer-rendez-vous-store\/konrad-julie-jacket-black-khaki-orange-rendez-vous-store\/#primaryimage\"},\"image\":{\"@id\":\"https:\/\/rendez-vous-store.com\/shop\/special-offer-women-rendez-vous-store\/women-coat-jacket-special-offer-rendez-vous-store\/konrad-julie-jacket-black-khaki-orange-rendez-vous-store\/#primaryimage\"},\"thumbnailUrl\":\"https:\/\/rendez-vous-store.com\/app\/uploads\/2024\/08\/K00.webp\",\"datePublished\":\"2024-08-02T10:18:55+00:00\",\"dateModified\":\"2026-03-16T16:57:19+00:00\",\"description\":\"Konrad is on Rendez-Vous Store. This Konrad Julie Jacket Black\/Khaki Orange represents contemporary fashion pieces that seamlessly blend sophistication and comfort.\",\"breadcrumb\":{\"@id\":\"https:\/\/rendez-vous-store.com\/shop\/special-offer-women-rendez-vous-store\/women-coat-jacket-special-offer-rendez-vous-store\/konrad-julie-jacket-black-khaki-orange-rendez-vous-store\/#breadcrumb\"},\"inLanguage\":\"fr-FR\",\"potentialAction\":[{\"@type\":\"ReadAction\",\"target\":[\"https:\/\/rendez-vous-store.com\/shop\/special-offer-women-rendez-vous-store\/women-coat-jacket-special-offer-rendez-vous-store\/konrad-julie-jacket-black-khaki-orange-rendez-vous-store\/\"]}]},{\"@type\":\"ImageObject\",\"inLanguage\":\"fr-FR\",\"@id\":\"https:\/\/rendez-vous-store.com\/shop\/special-offer-women-rendez-vous-store\/women-coat-jacket-special-offer-rendez-vous-store\/konrad-julie-jacket-black-khaki-orange-rendez-vous-store\/#primaryimage\",\"url\":\"https:\/\/rendez-vous-store.com\/app\/uploads\/2024\/08\/K00.webp\",\"contentUrl\":\"https:\/\/rendez-vous-store.com\/app\/uploads\/2024\/08\/K00.webp\",\"width\":1696,\"height\":2560,\"caption\":\"Konrad - Julie Jacket - Black\/Khaki Orange\"},{\"@type\":\"BreadcrumbList\",\"@id\":\"https:\/\/rendez-vous-store.com\/shop\/special-offer-women-rendez-vous-store\/women-coat-jacket-special-offer-rendez-vous-store\/konrad-julie-jacket-black-khaki-orange-rendez-vous-store\/#breadcrumb\",\"itemListElement\":[{\"@type\":\"ListItem\",\"position\":1,\"name\":\"Home\",\"item\":\"https:\/\/rendez-vous-store.com\/\"},{\"@type\":\"ListItem\",\"position\":2,\"name\":\"Shop\",\"item\":\"https:\/\/www.rendez-vous-store.com\/shop\/\"},{\"@type\":\"ListItem\",\"position\":3,\"name\":\"Konrad &#8211; Julie Jacket &#8211; Black\/Khaki Orange\"}]},{\"@type\":\"WebSite\",\"@id\":\"https:\/\/rendez-vous-store.com\/#website\",\"url\":\"https:\/\/rendez-vous-store.com\/\",\"name\":\"RENDEZ-VOUS STORE\",\"description\":\"Slow Fashion for Women and Men\",\"potentialAction\":[{\"@type\":\"SearchAction\",\"target\":{\"@type\":\"EntryPoint\",\"urlTemplate\":\"https:\/\/rendez-vous-store.com\/?s={search_term_string}\"},\"query-input\":{\"@type\":\"PropertyValueSpecification\",\"valueRequired\":true,\"valueName\":\"search_term_string\"}}],\"inLanguage\":\"fr-FR\"}]}<\/script>\n<!-- \/ Yoast SEO plugin. -->","yoast_head_json":{"title":"Konrad - Julie Jacket - Black\/Khaki Orange - Rendez-Vous Store","description":"Konrad is on Rendez-Vous Store. This Konrad Julie Jacket Black\/Khaki Orange represents contemporary fashion pieces that seamlessly blend sophistication and comfort.","robots":{"index":"index","follow":"follow","max-snippet":"max-snippet:-1","max-image-preview":"max-image-preview:large","max-video-preview":"max-video-preview:-1"},"canonical":"https:\/\/rendez-vous-store.com\/fr\/shop\/special-offer-women-rendez-vous-store\/women-coat-jacket-special-offer-rendez-vous-store\/konrad-julie-jacket-black-khaki-orange-rendez-vous-store\/","og_locale":"fr_FR","og_type":"article","og_title":"Konrad - Julie Jacket - Black\/Khaki Orange - Rendez-Vous Store","og_description":"Konrad is on Rendez-Vous Store. This Konrad Julie Jacket Black\/Khaki Orange represents contemporary fashion pieces that seamlessly blend sophistication and comfort.","og_url":"https:\/\/rendez-vous-store.com\/fr\/shop\/special-offer-women-rendez-vous-store\/women-coat-jacket-special-offer-rendez-vous-store\/konrad-julie-jacket-black-khaki-orange-rendez-vous-store\/","og_site_name":"RENDEZ-VOUS STORE","article_modified_time":"2026-03-16T16:57:19+00:00","og_image":[{"width":1696,"height":2560,"url":"https:\/\/rendez-vous-store.com\/app\/uploads\/2024\/08\/K00.webp","type":"image\/webp"}],"twitter_card":"summary_large_image","twitter_misc":{"Est. reading time":"1 minute"},"schema":{"@context":"https:\/\/schema.org","@graph":[{"@type":"WebPage","@id":"https:\/\/rendez-vous-store.com\/shop\/special-offer-women-rendez-vous-store\/women-coat-jacket-special-offer-rendez-vous-store\/konrad-julie-jacket-black-khaki-orange-rendez-vous-store\/","url":"https:\/\/rendez-vous-store.com\/shop\/special-offer-women-rendez-vous-store\/women-coat-jacket-special-offer-rendez-vous-store\/konrad-julie-jacket-black-khaki-orange-rendez-vous-store\/","name":"Konrad - Julie Jacket - Black\/Khaki Orange - Rendez-Vous Store","isPartOf":{"@id":"https:\/\/rendez-vous-store.com\/#website"},"primaryImageOfPage":{"@id":"https:\/\/rendez-vous-store.com\/shop\/special-offer-women-rendez-vous-store\/women-coat-jacket-special-offer-rendez-vous-store\/konrad-julie-jacket-black-khaki-orange-rendez-vous-store\/#primaryimage"},"image":{"@id":"https:\/\/rendez-vous-store.com\/shop\/special-offer-women-rendez-vous-store\/women-coat-jacket-special-offer-rendez-vous-store\/konrad-julie-jacket-black-khaki-orange-rendez-vous-store\/#primaryimage"},"thumbnailUrl":"https:\/\/rendez-vous-store.com\/app\/uploads\/2024\/08\/K00.webp","datePublished":"2024-08-02T10:18:55+00:00","dateModified":"2026-03-16T16:57:19+00:00","description":"Konrad is on Rendez-Vous Store. This Konrad Julie Jacket Black\/Khaki Orange represents contemporary fashion pieces that seamlessly blend sophistication and comfort.","breadcrumb":{"@id":"https:\/\/rendez-vous-store.com\/shop\/special-offer-women-rendez-vous-store\/women-coat-jacket-special-offer-rendez-vous-store\/konrad-julie-jacket-black-khaki-orange-rendez-vous-store\/#breadcrumb"},"inLanguage":"fr-FR","potentialAction":[{"@type":"ReadAction","target":["https:\/\/rendez-vous-store.com\/shop\/special-offer-women-rendez-vous-store\/women-coat-jacket-special-offer-rendez-vous-store\/konrad-julie-jacket-black-khaki-orange-rendez-vous-store\/"]}]},{"@type":"ImageObject","inLanguage":"fr-FR","@id":"https:\/\/rendez-vous-store.com\/shop\/special-offer-women-rendez-vous-store\/women-coat-jacket-special-offer-rendez-vous-store\/konrad-julie-jacket-black-khaki-orange-rendez-vous-store\/#primaryimage","url":"https:\/\/rendez-vous-store.com\/app\/uploads\/2024\/08\/K00.webp","contentUrl":"https:\/\/rendez-vous-store.com\/app\/uploads\/2024\/08\/K00.webp","width":1696,"height":2560,"caption":"Konrad - Julie Jacket - Black\/Khaki Orange"},{"@type":"BreadcrumbList","@id":"https:\/\/rendez-vous-store.com\/shop\/special-offer-women-rendez-vous-store\/women-coat-jacket-special-offer-rendez-vous-store\/konrad-julie-jacket-black-khaki-orange-rendez-vous-store\/#breadcrumb","itemListElement":[{"@type":"ListItem","position":1,"name":"Home","item":"https:\/\/rendez-vous-store.com\/"},{"@type":"ListItem","position":2,"name":"Shop","item":"https:\/\/www.rendez-vous-store.com\/shop\/"},{"@type":"ListItem","position":3,"name":"Konrad &#8211; Julie Jacket &#8211; Black\/Khaki Orange"}]},{"@type":"WebSite","@id":"https:\/\/rendez-vous-store.com\/#website","url":"https:\/\/rendez-vous-store.com\/","name":"RENDEZ-VOUS STORE","description":"Slow Fashion for Women and Men","potentialAction":[{"@type":"SearchAction","target":{"@type":"EntryPoint","urlTemplate":"https:\/\/rendez-vous-store.com\/?s={search_term_string}"},"query-input":{"@type":"PropertyValueSpecification","valueRequired":true,"valueName":"search_term_string"}}],"inLanguage":"fr-FR"}]}},"_links":{"self":[{"href":"https:\/\/rendez-vous-store.com\/fr\/wp-json\/wp\/v2\/product\/172240","targetHints":{"allow":["GET"]}}],"collection":[{"href":"https:\/\/rendez-vous-store.com\/fr\/wp-json\/wp\/v2\/product"}],"about":[{"href":"https:\/\/rendez-vous-store.com\/fr\/wp-json\/wp\/v2\/types\/product"}],"wp:featuredmedia":[{"embeddable":true,"href":"https:\/\/rendez-vous-store.com\/fr\/wp-json\/wp\/v2\/media\/172792"}],"wp:attachment":[{"href":"https:\/\/rendez-vous-store.com\/fr\/wp-json\/wp\/v2\/media?parent=172240"}],"wp:term":[{"taxonomy":"product_brand","embeddable":true,"href":"https:\/\/rendez-vous-store.com\/fr\/wp-json\/wp\/v2\/product_brand?post=172240"},{"taxonomy":"product_cat","embeddable":true,"href":"https:\/\/rendez-vous-store.com\/fr\/wp-json\/wp\/v2\/product_cat?post=172240"},{"taxonomy":"product_tag","embeddable":true,"href":"https:\/\/rendez-vous-store.com\/fr\/wp-json\/wp\/v2\/product_tag?post=172240"}],"curies":[{"name":"wp","href":"https:\/\/api.w.org\/{rel}","templated":true}]}}