{"id":171794,"date":"2024-07-30T14:16:47","date_gmt":"2024-07-30T12:16:47","guid":{"rendered":"https:\/\/rendez-vous-store.com\/?post_type=product&#038;p=171794"},"modified":"2026-03-16T16:31:05","modified_gmt":"2026-03-16T15:31:05","slug":"cawley-wesley-jacket-indigo-rendez-vous-store","status":"publish","type":"product","link":"https:\/\/rendez-vous-store.com\/fr\/shop\/special-offer-women-rendez-vous-store\/women-coat-jacket-special-offer-rendez-vous-store\/cawley-wesley-jacket-indigo-rendez-vous-store\/","title":{"rendered":"CAWLEY - Veste Wesley - Indigo"},"content":{"rendered":"<p>CAWLEY Wesley Jacket Indigo<\/p>\n<p>Couleur : Indigo<\/p>\n<p>Col classique<\/p>\n<p>Fermeture par bouton<\/p>\n<p>\u00c9paules tombantes<\/p>\n<p>2 poches passepoil\u00e9es sur la poitrine<\/p>\n<p>Composition : 100% Coton<\/p>\n<p>Fabriqu\u00e9 au Royaume-Uni<\/p>\n<p>&nbsp;<\/p>\n<p>&nbsp;<\/p>\n<p>&nbsp;<\/p>\n<p><strong>Kheira est \u00e0 1m68<\/strong><\/p>\n<p><strong>Taille du mod\u00e8le : S<\/strong><\/p>\n<p>&nbsp;<\/p>\n<p>&nbsp;<\/p>\n<p>&nbsp;<\/p>\n<p>&nbsp;<\/p>\n<h4>La marque<\/h4>\n<p>Cawley est une marque de mode londonienne fond\u00e9e par Hannah Cawley en 2017. La marque cr\u00e9e des v\u00eatements de tous les jours fonctionnels et durables en utilisant des tissus naturels : principalement du coton, du lin, de la laine, provenant d'Angleterre, d'Irlande, du Portugal, d'Inde et du Japon. Les v\u00eatements c\u00e9l\u00e8brent la qualit\u00e9 de l'artisanat et de la fabrication britannique. Cawley m\u00e9lange les coupes modernes et le tailoring avec des v\u00eatements de travail utilitaires pour cr\u00e9er de belles pi\u00e8ces intemporelles<\/p>","protected":false},"excerpt":{"rendered":"<p>CAWLEY Wesley Jacket Indigo Color: Indigo Classic collar Button closure Dropped shoulders 2 chest welt pockets Composition: 100% Cotton Made in UK &nbsp; &nbsp; &nbsp; Kheira is 1m68 Model size: S &nbsp; &nbsp; &nbsp; &nbsp; The Brand Cawley is a London based fashion brand founded by Hannah Cawley in 2017. The brand creates functional and&hellip; <a class=\"more-link\" href=\"https:\/\/rendez-vous-store.com\/fr\/shop\/special-offer-women-rendez-vous-store\/women-coat-jacket-special-offer-rendez-vous-store\/cawley-wesley-jacket-indigo-rendez-vous-store\/\">Continue reading <span class=\"screen-reader-text\">CAWLEY - Veste Wesley - Indigo<\/span><\/a><\/p>","protected":false},"featured_media":172162,"template":"","meta":{"_acf_changed":false},"product_brand":[],"product_cat":[1291,1336,1335,17,394],"product_tag":[1063],"class_list":{"0":"post-171794","1":"product","2":"type-product","3":"status-publish","4":"has-post-thumbnail","6":"product_cat-sale-30","7":"product_cat-women-coat-jacket-special-offer-rendez-vous-store","8":"product_cat-special-offer-women-rendez-vous-store","9":"product_cat-women","10":"product_cat-women-coats-jackets-rendez-vous-store","11":"product_tag-cawley","12":"entry","14":"first","15":"outofstock","16":"taxable","17":"shipping-taxable","18":"product-type-variable"},"acf":[],"yoast_head":"<!-- This site is optimized with the Yoast SEO plugin v24.9 - https:\/\/yoast.com\/wordpress\/plugins\/seo\/ -->\n<title>CAWLEY - Wesley Jacket Indigo - Rendez-vous Store<\/title>\n<meta name=\"description\" content=\"Cawley is on Rendez-vous Store. This Cawley Wesley Jacket Indigo is the perfect mix between modern cuts atailoring and utilitarian workwear.\" \/>\n<meta name=\"robots\" content=\"index, follow, max-snippet:-1, max-image-preview:large, max-video-preview:-1\" \/>\n<link rel=\"canonical\" href=\"https:\/\/rendez-vous-store.com\/fr\/shop\/special-offer-women-rendez-vous-store\/women-coat-jacket-special-offer-rendez-vous-store\/cawley-wesley-jacket-indigo-rendez-vous-store\/\" \/>\n<meta property=\"og:locale\" content=\"fr_FR\" \/>\n<meta property=\"og:type\" content=\"article\" \/>\n<meta property=\"og:title\" content=\"CAWLEY - Wesley Jacket Indigo - Rendez-vous Store\" \/>\n<meta property=\"og:description\" content=\"Cawley is on Rendez-vous Store. This Cawley Wesley Jacket Indigo is the perfect mix between modern cuts atailoring and utilitarian workwear.\" \/>\n<meta property=\"og:url\" content=\"https:\/\/rendez-vous-store.com\/fr\/shop\/special-offer-women-rendez-vous-store\/women-coat-jacket-special-offer-rendez-vous-store\/cawley-wesley-jacket-indigo-rendez-vous-store\/\" \/>\n<meta property=\"og:site_name\" content=\"RENDEZ-VOUS STORE\" \/>\n<meta property=\"article:modified_time\" content=\"2026-03-16T15:31:05+00:00\" \/>\n<meta property=\"og:image\" content=\"https:\/\/rendez-vous-store.com\/wp-content\/uploads\/2024\/07\/ughfd.webp\" \/>\n\t<meta property=\"og:image:width\" content=\"1696\" \/>\n\t<meta property=\"og:image:height\" content=\"2560\" \/>\n\t<meta property=\"og:image:type\" content=\"image\/webp\" \/>\n<meta name=\"twitter:card\" content=\"summary_large_image\" \/>\n<meta name=\"twitter:label1\" content=\"Est. reading time\" \/>\n\t<meta name=\"twitter:data1\" content=\"1 minute\" \/>\n<script type=\"application\/ld+json\" class=\"yoast-schema-graph\">{\"@context\":\"https:\/\/schema.org\",\"@graph\":[{\"@type\":\"WebPage\",\"@id\":\"https:\/\/rendez-vous-store.com\/shop\/special-offer-women-rendez-vous-store\/women-coat-jacket-special-offer-rendez-vous-store\/cawley-wesley-jacket-indigo-rendez-vous-store\/\",\"url\":\"https:\/\/rendez-vous-store.com\/shop\/special-offer-women-rendez-vous-store\/women-coat-jacket-special-offer-rendez-vous-store\/cawley-wesley-jacket-indigo-rendez-vous-store\/\",\"name\":\"CAWLEY - Wesley Jacket Indigo - Rendez-vous Store\",\"isPartOf\":{\"@id\":\"https:\/\/rendez-vous-store.com\/#website\"},\"primaryImageOfPage\":{\"@id\":\"https:\/\/rendez-vous-store.com\/shop\/special-offer-women-rendez-vous-store\/women-coat-jacket-special-offer-rendez-vous-store\/cawley-wesley-jacket-indigo-rendez-vous-store\/#primaryimage\"},\"image\":{\"@id\":\"https:\/\/rendez-vous-store.com\/shop\/special-offer-women-rendez-vous-store\/women-coat-jacket-special-offer-rendez-vous-store\/cawley-wesley-jacket-indigo-rendez-vous-store\/#primaryimage\"},\"thumbnailUrl\":\"https:\/\/rendez-vous-store.com\/app\/uploads\/2024\/07\/ughfd.webp\",\"datePublished\":\"2024-07-30T12:16:47+00:00\",\"dateModified\":\"2026-03-16T15:31:05+00:00\",\"description\":\"Cawley is on Rendez-vous Store. This Cawley Wesley Jacket Indigo is the perfect mix between modern cuts atailoring and utilitarian workwear.\",\"breadcrumb\":{\"@id\":\"https:\/\/rendez-vous-store.com\/shop\/special-offer-women-rendez-vous-store\/women-coat-jacket-special-offer-rendez-vous-store\/cawley-wesley-jacket-indigo-rendez-vous-store\/#breadcrumb\"},\"inLanguage\":\"fr-FR\",\"potentialAction\":[{\"@type\":\"ReadAction\",\"target\":[\"https:\/\/rendez-vous-store.com\/shop\/special-offer-women-rendez-vous-store\/women-coat-jacket-special-offer-rendez-vous-store\/cawley-wesley-jacket-indigo-rendez-vous-store\/\"]}]},{\"@type\":\"ImageObject\",\"inLanguage\":\"fr-FR\",\"@id\":\"https:\/\/rendez-vous-store.com\/shop\/special-offer-women-rendez-vous-store\/women-coat-jacket-special-offer-rendez-vous-store\/cawley-wesley-jacket-indigo-rendez-vous-store\/#primaryimage\",\"url\":\"https:\/\/rendez-vous-store.com\/app\/uploads\/2024\/07\/ughfd.webp\",\"contentUrl\":\"https:\/\/rendez-vous-store.com\/app\/uploads\/2024\/07\/ughfd.webp\",\"width\":1696,\"height\":2560,\"caption\":\"CAWLEY - Wesley Jacket - Indigo\"},{\"@type\":\"BreadcrumbList\",\"@id\":\"https:\/\/rendez-vous-store.com\/shop\/special-offer-women-rendez-vous-store\/women-coat-jacket-special-offer-rendez-vous-store\/cawley-wesley-jacket-indigo-rendez-vous-store\/#breadcrumb\",\"itemListElement\":[{\"@type\":\"ListItem\",\"position\":1,\"name\":\"Home\",\"item\":\"https:\/\/rendez-vous-store.com\/\"},{\"@type\":\"ListItem\",\"position\":2,\"name\":\"Shop\",\"item\":\"https:\/\/www.rendez-vous-store.com\/shop\/\"},{\"@type\":\"ListItem\",\"position\":3,\"name\":\"CAWLEY &#8211; Wesley Jacket &#8211; Indigo\"}]},{\"@type\":\"WebSite\",\"@id\":\"https:\/\/rendez-vous-store.com\/#website\",\"url\":\"https:\/\/rendez-vous-store.com\/\",\"name\":\"RENDEZ-VOUS STORE\",\"description\":\"Slow Fashion for Women and Men\",\"potentialAction\":[{\"@type\":\"SearchAction\",\"target\":{\"@type\":\"EntryPoint\",\"urlTemplate\":\"https:\/\/rendez-vous-store.com\/?s={search_term_string}\"},\"query-input\":{\"@type\":\"PropertyValueSpecification\",\"valueRequired\":true,\"valueName\":\"search_term_string\"}}],\"inLanguage\":\"fr-FR\"}]}<\/script>\n<!-- \/ Yoast SEO plugin. -->","yoast_head_json":{"title":"CAWLEY - Wesley Jacket Indigo - Rendez-vous Store","description":"Cawley is on Rendez-vous Store. This Cawley Wesley Jacket Indigo is the perfect mix between modern cuts atailoring and utilitarian workwear.","robots":{"index":"index","follow":"follow","max-snippet":"max-snippet:-1","max-image-preview":"max-image-preview:large","max-video-preview":"max-video-preview:-1"},"canonical":"https:\/\/rendez-vous-store.com\/fr\/shop\/special-offer-women-rendez-vous-store\/women-coat-jacket-special-offer-rendez-vous-store\/cawley-wesley-jacket-indigo-rendez-vous-store\/","og_locale":"fr_FR","og_type":"article","og_title":"CAWLEY - Wesley Jacket Indigo - Rendez-vous Store","og_description":"Cawley is on Rendez-vous Store. This Cawley Wesley Jacket Indigo is the perfect mix between modern cuts atailoring and utilitarian workwear.","og_url":"https:\/\/rendez-vous-store.com\/fr\/shop\/special-offer-women-rendez-vous-store\/women-coat-jacket-special-offer-rendez-vous-store\/cawley-wesley-jacket-indigo-rendez-vous-store\/","og_site_name":"RENDEZ-VOUS STORE","article_modified_time":"2026-03-16T15:31:05+00:00","og_image":[{"width":1696,"height":2560,"url":"https:\/\/rendez-vous-store.com\/wp-content\/uploads\/2024\/07\/ughfd.webp","type":"image\/webp"}],"twitter_card":"summary_large_image","twitter_misc":{"Est. reading time":"1 minute"},"schema":{"@context":"https:\/\/schema.org","@graph":[{"@type":"WebPage","@id":"https:\/\/rendez-vous-store.com\/shop\/special-offer-women-rendez-vous-store\/women-coat-jacket-special-offer-rendez-vous-store\/cawley-wesley-jacket-indigo-rendez-vous-store\/","url":"https:\/\/rendez-vous-store.com\/shop\/special-offer-women-rendez-vous-store\/women-coat-jacket-special-offer-rendez-vous-store\/cawley-wesley-jacket-indigo-rendez-vous-store\/","name":"CAWLEY - Wesley Jacket Indigo - Rendez-vous Store","isPartOf":{"@id":"https:\/\/rendez-vous-store.com\/#website"},"primaryImageOfPage":{"@id":"https:\/\/rendez-vous-store.com\/shop\/special-offer-women-rendez-vous-store\/women-coat-jacket-special-offer-rendez-vous-store\/cawley-wesley-jacket-indigo-rendez-vous-store\/#primaryimage"},"image":{"@id":"https:\/\/rendez-vous-store.com\/shop\/special-offer-women-rendez-vous-store\/women-coat-jacket-special-offer-rendez-vous-store\/cawley-wesley-jacket-indigo-rendez-vous-store\/#primaryimage"},"thumbnailUrl":"https:\/\/rendez-vous-store.com\/app\/uploads\/2024\/07\/ughfd.webp","datePublished":"2024-07-30T12:16:47+00:00","dateModified":"2026-03-16T15:31:05+00:00","description":"Cawley is on Rendez-vous Store. This Cawley Wesley Jacket Indigo is the perfect mix between modern cuts atailoring and utilitarian workwear.","breadcrumb":{"@id":"https:\/\/rendez-vous-store.com\/shop\/special-offer-women-rendez-vous-store\/women-coat-jacket-special-offer-rendez-vous-store\/cawley-wesley-jacket-indigo-rendez-vous-store\/#breadcrumb"},"inLanguage":"fr-FR","potentialAction":[{"@type":"ReadAction","target":["https:\/\/rendez-vous-store.com\/shop\/special-offer-women-rendez-vous-store\/women-coat-jacket-special-offer-rendez-vous-store\/cawley-wesley-jacket-indigo-rendez-vous-store\/"]}]},{"@type":"ImageObject","inLanguage":"fr-FR","@id":"https:\/\/rendez-vous-store.com\/shop\/special-offer-women-rendez-vous-store\/women-coat-jacket-special-offer-rendez-vous-store\/cawley-wesley-jacket-indigo-rendez-vous-store\/#primaryimage","url":"https:\/\/rendez-vous-store.com\/app\/uploads\/2024\/07\/ughfd.webp","contentUrl":"https:\/\/rendez-vous-store.com\/app\/uploads\/2024\/07\/ughfd.webp","width":1696,"height":2560,"caption":"CAWLEY - Wesley Jacket - Indigo"},{"@type":"BreadcrumbList","@id":"https:\/\/rendez-vous-store.com\/shop\/special-offer-women-rendez-vous-store\/women-coat-jacket-special-offer-rendez-vous-store\/cawley-wesley-jacket-indigo-rendez-vous-store\/#breadcrumb","itemListElement":[{"@type":"ListItem","position":1,"name":"Home","item":"https:\/\/rendez-vous-store.com\/"},{"@type":"ListItem","position":2,"name":"Shop","item":"https:\/\/www.rendez-vous-store.com\/shop\/"},{"@type":"ListItem","position":3,"name":"CAWLEY &#8211; Wesley Jacket &#8211; Indigo"}]},{"@type":"WebSite","@id":"https:\/\/rendez-vous-store.com\/#website","url":"https:\/\/rendez-vous-store.com\/","name":"RENDEZ-VOUS STORE","description":"Slow Fashion for Women and Men","potentialAction":[{"@type":"SearchAction","target":{"@type":"EntryPoint","urlTemplate":"https:\/\/rendez-vous-store.com\/?s={search_term_string}"},"query-input":{"@type":"PropertyValueSpecification","valueRequired":true,"valueName":"search_term_string"}}],"inLanguage":"fr-FR"}]}},"_links":{"self":[{"href":"https:\/\/rendez-vous-store.com\/fr\/wp-json\/wp\/v2\/product\/171794","targetHints":{"allow":["GET"]}}],"collection":[{"href":"https:\/\/rendez-vous-store.com\/fr\/wp-json\/wp\/v2\/product"}],"about":[{"href":"https:\/\/rendez-vous-store.com\/fr\/wp-json\/wp\/v2\/types\/product"}],"wp:featuredmedia":[{"embeddable":true,"href":"https:\/\/rendez-vous-store.com\/fr\/wp-json\/wp\/v2\/media\/172162"}],"wp:attachment":[{"href":"https:\/\/rendez-vous-store.com\/fr\/wp-json\/wp\/v2\/media?parent=171794"}],"wp:term":[{"taxonomy":"product_brand","embeddable":true,"href":"https:\/\/rendez-vous-store.com\/fr\/wp-json\/wp\/v2\/product_brand?post=171794"},{"taxonomy":"product_cat","embeddable":true,"href":"https:\/\/rendez-vous-store.com\/fr\/wp-json\/wp\/v2\/product_cat?post=171794"},{"taxonomy":"product_tag","embeddable":true,"href":"https:\/\/rendez-vous-store.com\/fr\/wp-json\/wp\/v2\/product_tag?post=171794"}],"curies":[{"name":"wp","href":"https:\/\/api.w.org\/{rel}","templated":true}]}}