{"id":171447,"date":"2024-07-25T12:56:56","date_gmt":"2024-07-25T10:56:56","guid":{"rendered":"https:\/\/rendez-vous-store.com\/?post_type=product&#038;p=171447"},"modified":"2026-03-16T17:51:12","modified_gmt":"2026-03-16T16:51:12","slug":"eleph-happy-shirt-blue-check-rendez-vous-store","status":"publish","type":"product","link":"https:\/\/rendez-vous-store.com\/fr\/shop\/special-offer-women-rendez-vous-store\/women-shirt-special-offer\/eleph-happy-shirt-blue-check-rendez-vous-store\/","title":{"rendered":"Eleph - Happy Shirt C6010105 - Bleu \u00e0 carreaux"},"content":{"rendered":"<p><strong>Eleph Happy Shirt Blue Check<\/strong><\/p>\n<p>Couleur : carreaux bleus<\/p>\n<p>Col et poignets \u00e0 volants<\/p>\n<p>Empi\u00e8cement pliss\u00e9 au dos<\/p>\n<p>Fermeture par bouton<\/p>\n<p>Composition : 100% Coton<\/p>\n<p>Fabriqu\u00e9 au Portugal<\/p>\n<p>Code de style : C6010105<\/p>\n<p>&nbsp;<\/p>\n<p>&nbsp;<\/p>\n<p>&nbsp;<\/p>\n<p><strong>Kheira mesure 168cm\u00a0<\/strong><\/p>\n<p><strong>Taille du mod\u00e8le : S<\/strong><\/p>\n<p>&nbsp;<\/p>\n<p>&nbsp;<\/p>\n<p>&nbsp;<\/p>\n<h4>La marque<\/h4>\n<p>ELEPH se consacre \u00e0 la fabrication de produits intemporels, en mettant l'accent sur la durabilit\u00e9 et la long\u00e9vit\u00e9. Chaque collection est compos\u00e9e d'un m\u00e9lange de mat\u00e9riaux recycl\u00e9s et de fabrications durables pour r\u00e9sister aux \u00e9preuves du temps.<\/p>\n<p>Au-del\u00e0 de l'utilisation de mat\u00e9riaux recycl\u00e9s, ELEPH privil\u00e9gie les pratiques de production \u00e9thiques et les processus de fabrication respectueux de l'environnement. En s\u00e9lectionnant consciemment des mat\u00e9riaux et des m\u00e9thodes qui minimisent les d\u00e9chets et r\u00e9duisent l'impact sur l'environnement, la marque aligne ses produits sur des valeurs de gestion de l'environnement et de responsabilit\u00e9 sociale.<\/p>","protected":false},"excerpt":{"rendered":"<p>Eleph Happy Shirt Blue Check Color: Blue Check Ruffle collar and cuffs Pleated back yoke Button closure Composition: 100% Cotton Made in Portugal Style code: C6010105 &nbsp; &nbsp; &nbsp; Kheira is 168cm\u00a0 Model size: S &nbsp; &nbsp; &nbsp; The Brand ELEPH dedicates itself to crafting timeless products, with a focus on sustainability and longevity. Each&hellip; <a class=\"more-link\" href=\"https:\/\/rendez-vous-store.com\/fr\/shop\/special-offer-women-rendez-vous-store\/women-shirt-special-offer\/eleph-happy-shirt-blue-check-rendez-vous-store\/\">Continuer la lecture <span class=\"screen-reader-text\">Eleph - Happy Shirt C6010105 - Bleu \u00e0 carreaux<\/span><\/a><\/p>","protected":false},"featured_media":171592,"template":"","meta":{"_acf_changed":false},"product_brand":[],"product_cat":[1292,1339,1335,17,378],"product_tag":[1251],"class_list":{"0":"post-171447","1":"product","2":"type-product","3":"status-publish","4":"has-post-thumbnail","6":"product_cat-1292","7":"product_cat-women-shirt-special-offer","8":"product_cat-special-offer-women-rendez-vous-store","9":"product_cat-women","10":"product_cat-women-shirts-discover-our-selection-rendez-vous-store","11":"product_tag-eleph-timeless-items-rendez-vous-store","12":"entry","14":"first","15":"outofstock","16":"taxable","17":"shipping-taxable","18":"product-type-variable"},"acf":[],"yoast_head":"<!-- This site is optimized with the Yoast SEO plugin v24.9 - https:\/\/yoast.com\/wordpress\/plugins\/seo\/ -->\n<title>Eleph Happy Shirt Blue Check<\/title>\n<meta name=\"description\" content=\"Eleph is on Rendez-vous Store. This Eleph Happy Shirt Blue Check is designed to be cherished and kept close. Discover now.\" \/>\n<meta name=\"robots\" content=\"index, follow, max-snippet:-1, max-image-preview:large, max-video-preview:-1\" \/>\n<link rel=\"canonical\" href=\"https:\/\/rendez-vous-store.com\/fr\/shop\/special-offer-women-rendez-vous-store\/women-shirt-special-offer\/eleph-happy-shirt-blue-check-rendez-vous-store\/\" \/>\n<meta property=\"og:locale\" content=\"fr_FR\" \/>\n<meta property=\"og:type\" content=\"article\" \/>\n<meta property=\"og:title\" content=\"Eleph Happy Shirt Blue Check\" \/>\n<meta property=\"og:description\" content=\"Eleph is on Rendez-vous Store. This Eleph Happy Shirt Blue Check is designed to be cherished and kept close. Discover now.\" \/>\n<meta property=\"og:url\" content=\"https:\/\/rendez-vous-store.com\/fr\/shop\/special-offer-women-rendez-vous-store\/women-shirt-special-offer\/eleph-happy-shirt-blue-check-rendez-vous-store\/\" \/>\n<meta property=\"og:site_name\" content=\"RENDEZ-VOUS STORE\" \/>\n<meta property=\"article:modified_time\" content=\"2026-03-16T16:51:12+00:00\" \/>\n<meta property=\"og:image\" content=\"https:\/\/rendez-vous-store.com\/wp-content\/uploads\/2024\/07\/ftytf.webp\" \/>\n\t<meta property=\"og:image:width\" content=\"1696\" \/>\n\t<meta property=\"og:image:height\" content=\"2560\" \/>\n\t<meta property=\"og:image:type\" content=\"image\/webp\" \/>\n<meta name=\"twitter:card\" content=\"summary_large_image\" \/>\n<meta name=\"twitter:label1\" content=\"Est. reading time\" \/>\n\t<meta name=\"twitter:data1\" content=\"1 minute\" \/>\n<script type=\"application\/ld+json\" class=\"yoast-schema-graph\">{\"@context\":\"https:\/\/schema.org\",\"@graph\":[{\"@type\":\"WebPage\",\"@id\":\"https:\/\/rendez-vous-store.com\/shop\/special-offer-women-rendez-vous-store\/women-shirt-special-offer\/eleph-happy-shirt-blue-check-rendez-vous-store\/\",\"url\":\"https:\/\/rendez-vous-store.com\/shop\/special-offer-women-rendez-vous-store\/women-shirt-special-offer\/eleph-happy-shirt-blue-check-rendez-vous-store\/\",\"name\":\"Eleph Happy Shirt Blue Check\",\"isPartOf\":{\"@id\":\"https:\/\/rendez-vous-store.com\/#website\"},\"primaryImageOfPage\":{\"@id\":\"https:\/\/rendez-vous-store.com\/shop\/special-offer-women-rendez-vous-store\/women-shirt-special-offer\/eleph-happy-shirt-blue-check-rendez-vous-store\/#primaryimage\"},\"image\":{\"@id\":\"https:\/\/rendez-vous-store.com\/shop\/special-offer-women-rendez-vous-store\/women-shirt-special-offer\/eleph-happy-shirt-blue-check-rendez-vous-store\/#primaryimage\"},\"thumbnailUrl\":\"https:\/\/rendez-vous-store.com\/app\/uploads\/2024\/07\/ftytf.webp\",\"datePublished\":\"2024-07-25T10:56:56+00:00\",\"dateModified\":\"2026-03-16T16:51:12+00:00\",\"description\":\"Eleph is on Rendez-vous Store. This Eleph Happy Shirt Blue Check is designed to be cherished and kept close. Discover now.\",\"breadcrumb\":{\"@id\":\"https:\/\/rendez-vous-store.com\/shop\/special-offer-women-rendez-vous-store\/women-shirt-special-offer\/eleph-happy-shirt-blue-check-rendez-vous-store\/#breadcrumb\"},\"inLanguage\":\"fr-FR\",\"potentialAction\":[{\"@type\":\"ReadAction\",\"target\":[\"https:\/\/rendez-vous-store.com\/shop\/special-offer-women-rendez-vous-store\/women-shirt-special-offer\/eleph-happy-shirt-blue-check-rendez-vous-store\/\"]}]},{\"@type\":\"ImageObject\",\"inLanguage\":\"fr-FR\",\"@id\":\"https:\/\/rendez-vous-store.com\/shop\/special-offer-women-rendez-vous-store\/women-shirt-special-offer\/eleph-happy-shirt-blue-check-rendez-vous-store\/#primaryimage\",\"url\":\"https:\/\/rendez-vous-store.com\/app\/uploads\/2024\/07\/ftytf.webp\",\"contentUrl\":\"https:\/\/rendez-vous-store.com\/app\/uploads\/2024\/07\/ftytf.webp\",\"width\":1696,\"height\":2560,\"caption\":\"Eleph - Happy Shirt C6010105 - Blue Check\"},{\"@type\":\"BreadcrumbList\",\"@id\":\"https:\/\/rendez-vous-store.com\/shop\/special-offer-women-rendez-vous-store\/women-shirt-special-offer\/eleph-happy-shirt-blue-check-rendez-vous-store\/#breadcrumb\",\"itemListElement\":[{\"@type\":\"ListItem\",\"position\":1,\"name\":\"Home\",\"item\":\"https:\/\/rendez-vous-store.com\/\"},{\"@type\":\"ListItem\",\"position\":2,\"name\":\"Shop\",\"item\":\"https:\/\/www.rendez-vous-store.com\/shop\/\"},{\"@type\":\"ListItem\",\"position\":3,\"name\":\"Eleph &#8211; Happy Shirt C6010105 &#8211; Blue Check\"}]},{\"@type\":\"WebSite\",\"@id\":\"https:\/\/rendez-vous-store.com\/#website\",\"url\":\"https:\/\/rendez-vous-store.com\/\",\"name\":\"RENDEZ-VOUS STORE\",\"description\":\"Slow Fashion for Women and Men\",\"potentialAction\":[{\"@type\":\"SearchAction\",\"target\":{\"@type\":\"EntryPoint\",\"urlTemplate\":\"https:\/\/rendez-vous-store.com\/?s={search_term_string}\"},\"query-input\":{\"@type\":\"PropertyValueSpecification\",\"valueRequired\":true,\"valueName\":\"search_term_string\"}}],\"inLanguage\":\"fr-FR\"}]}<\/script>\n<!-- \/ Yoast SEO plugin. -->","yoast_head_json":{"title":"Eleph Happy Shirt Blue Check","description":"Eleph is on Rendez-vous Store. This Eleph Happy Shirt Blue Check is designed to be cherished and kept close. Discover now.","robots":{"index":"index","follow":"follow","max-snippet":"max-snippet:-1","max-image-preview":"max-image-preview:large","max-video-preview":"max-video-preview:-1"},"canonical":"https:\/\/rendez-vous-store.com\/fr\/shop\/special-offer-women-rendez-vous-store\/women-shirt-special-offer\/eleph-happy-shirt-blue-check-rendez-vous-store\/","og_locale":"fr_FR","og_type":"article","og_title":"Eleph Happy Shirt Blue Check","og_description":"Eleph is on Rendez-vous Store. This Eleph Happy Shirt Blue Check is designed to be cherished and kept close. Discover now.","og_url":"https:\/\/rendez-vous-store.com\/fr\/shop\/special-offer-women-rendez-vous-store\/women-shirt-special-offer\/eleph-happy-shirt-blue-check-rendez-vous-store\/","og_site_name":"RENDEZ-VOUS STORE","article_modified_time":"2026-03-16T16:51:12+00:00","og_image":[{"width":1696,"height":2560,"url":"https:\/\/rendez-vous-store.com\/wp-content\/uploads\/2024\/07\/ftytf.webp","type":"image\/webp"}],"twitter_card":"summary_large_image","twitter_misc":{"Est. reading time":"1 minute"},"schema":{"@context":"https:\/\/schema.org","@graph":[{"@type":"WebPage","@id":"https:\/\/rendez-vous-store.com\/shop\/special-offer-women-rendez-vous-store\/women-shirt-special-offer\/eleph-happy-shirt-blue-check-rendez-vous-store\/","url":"https:\/\/rendez-vous-store.com\/shop\/special-offer-women-rendez-vous-store\/women-shirt-special-offer\/eleph-happy-shirt-blue-check-rendez-vous-store\/","name":"Eleph Happy Shirt Blue Check","isPartOf":{"@id":"https:\/\/rendez-vous-store.com\/#website"},"primaryImageOfPage":{"@id":"https:\/\/rendez-vous-store.com\/shop\/special-offer-women-rendez-vous-store\/women-shirt-special-offer\/eleph-happy-shirt-blue-check-rendez-vous-store\/#primaryimage"},"image":{"@id":"https:\/\/rendez-vous-store.com\/shop\/special-offer-women-rendez-vous-store\/women-shirt-special-offer\/eleph-happy-shirt-blue-check-rendez-vous-store\/#primaryimage"},"thumbnailUrl":"https:\/\/rendez-vous-store.com\/app\/uploads\/2024\/07\/ftytf.webp","datePublished":"2024-07-25T10:56:56+00:00","dateModified":"2026-03-16T16:51:12+00:00","description":"Eleph is on Rendez-vous Store. This Eleph Happy Shirt Blue Check is designed to be cherished and kept close. Discover now.","breadcrumb":{"@id":"https:\/\/rendez-vous-store.com\/shop\/special-offer-women-rendez-vous-store\/women-shirt-special-offer\/eleph-happy-shirt-blue-check-rendez-vous-store\/#breadcrumb"},"inLanguage":"fr-FR","potentialAction":[{"@type":"ReadAction","target":["https:\/\/rendez-vous-store.com\/shop\/special-offer-women-rendez-vous-store\/women-shirt-special-offer\/eleph-happy-shirt-blue-check-rendez-vous-store\/"]}]},{"@type":"ImageObject","inLanguage":"fr-FR","@id":"https:\/\/rendez-vous-store.com\/shop\/special-offer-women-rendez-vous-store\/women-shirt-special-offer\/eleph-happy-shirt-blue-check-rendez-vous-store\/#primaryimage","url":"https:\/\/rendez-vous-store.com\/app\/uploads\/2024\/07\/ftytf.webp","contentUrl":"https:\/\/rendez-vous-store.com\/app\/uploads\/2024\/07\/ftytf.webp","width":1696,"height":2560,"caption":"Eleph - Happy Shirt C6010105 - Blue Check"},{"@type":"BreadcrumbList","@id":"https:\/\/rendez-vous-store.com\/shop\/special-offer-women-rendez-vous-store\/women-shirt-special-offer\/eleph-happy-shirt-blue-check-rendez-vous-store\/#breadcrumb","itemListElement":[{"@type":"ListItem","position":1,"name":"Home","item":"https:\/\/rendez-vous-store.com\/"},{"@type":"ListItem","position":2,"name":"Shop","item":"https:\/\/www.rendez-vous-store.com\/shop\/"},{"@type":"ListItem","position":3,"name":"Eleph &#8211; Happy Shirt C6010105 &#8211; Blue Check"}]},{"@type":"WebSite","@id":"https:\/\/rendez-vous-store.com\/#website","url":"https:\/\/rendez-vous-store.com\/","name":"RENDEZ-VOUS STORE","description":"Slow Fashion for Women and Men","potentialAction":[{"@type":"SearchAction","target":{"@type":"EntryPoint","urlTemplate":"https:\/\/rendez-vous-store.com\/?s={search_term_string}"},"query-input":{"@type":"PropertyValueSpecification","valueRequired":true,"valueName":"search_term_string"}}],"inLanguage":"fr-FR"}]}},"_links":{"self":[{"href":"https:\/\/rendez-vous-store.com\/fr\/wp-json\/wp\/v2\/product\/171447","targetHints":{"allow":["GET"]}}],"collection":[{"href":"https:\/\/rendez-vous-store.com\/fr\/wp-json\/wp\/v2\/product"}],"about":[{"href":"https:\/\/rendez-vous-store.com\/fr\/wp-json\/wp\/v2\/types\/product"}],"wp:featuredmedia":[{"embeddable":true,"href":"https:\/\/rendez-vous-store.com\/fr\/wp-json\/wp\/v2\/media\/171592"}],"wp:attachment":[{"href":"https:\/\/rendez-vous-store.com\/fr\/wp-json\/wp\/v2\/media?parent=171447"}],"wp:term":[{"taxonomy":"product_brand","embeddable":true,"href":"https:\/\/rendez-vous-store.com\/fr\/wp-json\/wp\/v2\/product_brand?post=171447"},{"taxonomy":"product_cat","embeddable":true,"href":"https:\/\/rendez-vous-store.com\/fr\/wp-json\/wp\/v2\/product_cat?post=171447"},{"taxonomy":"product_tag","embeddable":true,"href":"https:\/\/rendez-vous-store.com\/fr\/wp-json\/wp\/v2\/product_tag?post=171447"}],"curies":[{"name":"wp","href":"https:\/\/api.w.org\/{rel}","templated":true}]}}