{"id":170615,"date":"2024-07-15T10:30:42","date_gmt":"2024-07-15T08:30:42","guid":{"rendered":"https:\/\/rendez-vous-store.com\/?post_type=product&#038;p=170615"},"modified":"2026-03-16T17:53:43","modified_gmt":"2026-03-16T16:53:43","slug":"c-t-plage-round-longsleeve-pullover-ivory-rendez-vous-store","status":"publish","type":"product","link":"https:\/\/rendez-vous-store.com\/fr\/shop\/special-offer-women-rendez-vous-store\/women-knitwear-special-offer\/c-t-plage-round-longsleeve-pullover-ivory-rendez-vous-store\/","title":{"rendered":"C.T. Plage - Ladies Round Longsleeve Pullover CT23109K-20 - Ivory"},"content":{"rendered":"<p><strong>C.T. Plage Round Longsleeve Pullover Ivory<\/strong><\/p>\n<p>Couleur : Ivoire<\/p>\n<p>C\u00f4tel\u00e9e<\/p>\n<p>Col rond<\/p>\n<p>Composition : 50% Laine de raton laveur asiatique - 40% Poils de renard - 10% Polyamide<\/p>\n<p>Fabriqu\u00e9 en Chine<\/p>\n<p>Code de style : CT23109K-20<\/p>\n<p>&nbsp;<\/p>\n<p>&nbsp;<\/p>\n<p>&nbsp;<\/p>\n<p>&nbsp;<\/p>\n<p><strong>La marque<\/strong><\/p>\n<p>C.T.plage a \u00e9t\u00e9 cr\u00e9\u00e9e en 2007 par SUWA Naomi et KANAYA Mikako au Japon. Ses premiers articles ont \u00e9t\u00e9 lanc\u00e9s pour le printemps\/\u00e9t\u00e9 2007 avec le concept \"simple, mais avec une forte pr\u00e9sence\".<\/p>\n<p>La diversit\u00e9 des parcours des stylistes inspire en permanence leurs cr\u00e9ations, qui mettent l'accent sur la simplicit\u00e9, le confort, l'\u00e9l\u00e9gance discr\u00e8te et la haute qualit\u00e9 de la maille.<\/p>\n<p>Les pi\u00e8ces C.T.plage pr\u00e9sentent des coupes basiques dans des tons neutres, con\u00e7ues pour devenir des essentiels de la garde-robe.<\/p>","protected":false},"excerpt":{"rendered":"<p>C.T. Plage Round Longsleeve Pullover Ivory Color: Ivory Ribbed Round neck Composition: 50% Asiatic raccoon wool &#8211; 40% Fox hair &#8211; 10% Polyamide Made in China Style code: CT23109K-20 &nbsp; &nbsp; &nbsp; &nbsp; The brand C.T.plage was established in 2007 by SUWA Naomi &amp; KANAYA Mikako in Japan. Its first items were released for Spring\/Summer&hellip; <a class=\"more-link\" href=\"https:\/\/rendez-vous-store.com\/fr\/shop\/special-offer-women-rendez-vous-store\/women-knitwear-special-offer\/c-t-plage-round-longsleeve-pullover-ivory-rendez-vous-store\/\">Continue reading <span class=\"screen-reader-text\">C.T. Plage - Ladies Round Longsleeve Pullover CT23109K-20 - Ivory<\/span><\/a><\/p>","protected":false},"featured_media":171116,"template":"","meta":{"_acf_changed":false},"product_brand":[],"product_cat":[1292,1219,1338,1335,17,199],"product_tag":[418],"class_list":{"0":"post-170615","1":"product","2":"type-product","3":"status-publish","4":"has-post-thumbnail","6":"product_cat-1292","7":"product_cat-knitwear-sale","8":"product_cat-women-knitwear-special-offer","9":"product_cat-special-offer-women-rendez-vous-store","10":"product_cat-women","11":"product_cat-women-knitwears-discover-our-selection-rendez-vous-store","12":"product_tag-c-t-plage-designers-rendez-vous-store","13":"entry","15":"first","16":"outofstock","17":"taxable","18":"shipping-taxable","19":"product-type-variable"},"acf":[],"yoast_head":"<!-- This site is optimized with the Yoast SEO plugin v24.9 - https:\/\/yoast.com\/wordpress\/plugins\/seo\/ -->\n<title>C.T. Plage Round Longsleeve Pullover Ivory<\/title>\n<meta name=\"description\" content=\"C.T. Plage is on Rendez-Vous Store. This C.T. Plage Round Longsleeve Pullover Ivory fits into the concept of &quot;simple, but with a strong presence&quot;.\" \/>\n<meta name=\"robots\" content=\"index, follow, max-snippet:-1, max-image-preview:large, max-video-preview:-1\" \/>\n<link rel=\"canonical\" href=\"https:\/\/rendez-vous-store.com\/fr\/shop\/special-offer-women-rendez-vous-store\/women-knitwear-special-offer\/c-t-plage-round-longsleeve-pullover-ivory-rendez-vous-store\/\" \/>\n<meta property=\"og:locale\" content=\"fr_FR\" \/>\n<meta property=\"og:type\" content=\"article\" \/>\n<meta property=\"og:title\" content=\"C.T. Plage Round Longsleeve Pullover Ivory\" \/>\n<meta property=\"og:description\" content=\"C.T. Plage is on Rendez-Vous Store. This C.T. Plage Round Longsleeve Pullover Ivory fits into the concept of &quot;simple, but with a strong presence&quot;.\" \/>\n<meta property=\"og:url\" content=\"https:\/\/rendez-vous-store.com\/fr\/shop\/special-offer-women-rendez-vous-store\/women-knitwear-special-offer\/c-t-plage-round-longsleeve-pullover-ivory-rendez-vous-store\/\" \/>\n<meta property=\"og:site_name\" content=\"RENDEZ-VOUS STORE\" \/>\n<meta property=\"article:modified_time\" content=\"2026-03-16T16:53:43+00:00\" \/>\n<meta property=\"og:image\" content=\"https:\/\/rendez-vous-store.com\/wp-content\/uploads\/2024\/07\/12-scaled.webp\" \/>\n\t<meta property=\"og:image:width\" content=\"1688\" \/>\n\t<meta property=\"og:image:height\" content=\"2560\" \/>\n\t<meta property=\"og:image:type\" content=\"image\/webp\" \/>\n<meta name=\"twitter:card\" content=\"summary_large_image\" \/>\n<meta name=\"twitter:label1\" content=\"Est. reading time\" \/>\n\t<meta name=\"twitter:data1\" content=\"1 minute\" \/>\n<script type=\"application\/ld+json\" class=\"yoast-schema-graph\">{\"@context\":\"https:\/\/schema.org\",\"@graph\":[{\"@type\":\"WebPage\",\"@id\":\"https:\/\/rendez-vous-store.com\/shop\/special-offer-women-rendez-vous-store\/women-knitwear-special-offer\/c-t-plage-round-longsleeve-pullover-ivory-rendez-vous-store\/\",\"url\":\"https:\/\/rendez-vous-store.com\/shop\/special-offer-women-rendez-vous-store\/women-knitwear-special-offer\/c-t-plage-round-longsleeve-pullover-ivory-rendez-vous-store\/\",\"name\":\"C.T. Plage Round Longsleeve Pullover Ivory\",\"isPartOf\":{\"@id\":\"https:\/\/rendez-vous-store.com\/#website\"},\"primaryImageOfPage\":{\"@id\":\"https:\/\/rendez-vous-store.com\/shop\/special-offer-women-rendez-vous-store\/women-knitwear-special-offer\/c-t-plage-round-longsleeve-pullover-ivory-rendez-vous-store\/#primaryimage\"},\"image\":{\"@id\":\"https:\/\/rendez-vous-store.com\/shop\/special-offer-women-rendez-vous-store\/women-knitwear-special-offer\/c-t-plage-round-longsleeve-pullover-ivory-rendez-vous-store\/#primaryimage\"},\"thumbnailUrl\":\"https:\/\/rendez-vous-store.com\/app\/uploads\/2024\/07\/12-scaled.webp\",\"datePublished\":\"2024-07-15T08:30:42+00:00\",\"dateModified\":\"2026-03-16T16:53:43+00:00\",\"description\":\"C.T. Plage is on Rendez-Vous Store. This C.T. Plage Round Longsleeve Pullover Ivory fits into the concept of \\\"simple, but with a strong presence\\\".\",\"breadcrumb\":{\"@id\":\"https:\/\/rendez-vous-store.com\/shop\/special-offer-women-rendez-vous-store\/women-knitwear-special-offer\/c-t-plage-round-longsleeve-pullover-ivory-rendez-vous-store\/#breadcrumb\"},\"inLanguage\":\"fr-FR\",\"potentialAction\":[{\"@type\":\"ReadAction\",\"target\":[\"https:\/\/rendez-vous-store.com\/shop\/special-offer-women-rendez-vous-store\/women-knitwear-special-offer\/c-t-plage-round-longsleeve-pullover-ivory-rendez-vous-store\/\"]}]},{\"@type\":\"ImageObject\",\"inLanguage\":\"fr-FR\",\"@id\":\"https:\/\/rendez-vous-store.com\/shop\/special-offer-women-rendez-vous-store\/women-knitwear-special-offer\/c-t-plage-round-longsleeve-pullover-ivory-rendez-vous-store\/#primaryimage\",\"url\":\"https:\/\/rendez-vous-store.com\/app\/uploads\/2024\/07\/12-scaled.webp\",\"contentUrl\":\"https:\/\/rendez-vous-store.com\/app\/uploads\/2024\/07\/12-scaled.webp\",\"width\":1688,\"height\":2560,\"caption\":\"C.T. Plage - Ladies Round Longsleeve Pullover CT23109K-20 - Ivory\"},{\"@type\":\"BreadcrumbList\",\"@id\":\"https:\/\/rendez-vous-store.com\/shop\/special-offer-women-rendez-vous-store\/women-knitwear-special-offer\/c-t-plage-round-longsleeve-pullover-ivory-rendez-vous-store\/#breadcrumb\",\"itemListElement\":[{\"@type\":\"ListItem\",\"position\":1,\"name\":\"Home\",\"item\":\"https:\/\/rendez-vous-store.com\/\"},{\"@type\":\"ListItem\",\"position\":2,\"name\":\"Shop\",\"item\":\"https:\/\/www.rendez-vous-store.com\/shop\/\"},{\"@type\":\"ListItem\",\"position\":3,\"name\":\"C.T. Plage &#8211; Ladies Round Longsleeve Pullover CT23109K-20 &#8211; Ivory\"}]},{\"@type\":\"WebSite\",\"@id\":\"https:\/\/rendez-vous-store.com\/#website\",\"url\":\"https:\/\/rendez-vous-store.com\/\",\"name\":\"RENDEZ-VOUS STORE\",\"description\":\"Slow Fashion for Women and Men\",\"potentialAction\":[{\"@type\":\"SearchAction\",\"target\":{\"@type\":\"EntryPoint\",\"urlTemplate\":\"https:\/\/rendez-vous-store.com\/?s={search_term_string}\"},\"query-input\":{\"@type\":\"PropertyValueSpecification\",\"valueRequired\":true,\"valueName\":\"search_term_string\"}}],\"inLanguage\":\"fr-FR\"}]}<\/script>\n<!-- \/ Yoast SEO plugin. -->","yoast_head_json":{"title":"C.T. Plage Round Longsleeve Pullover Ivory","description":"C.T. Plage is on Rendez-Vous Store. This C.T. Plage Round Longsleeve Pullover Ivory fits into the concept of \"simple, but with a strong presence\".","robots":{"index":"index","follow":"follow","max-snippet":"max-snippet:-1","max-image-preview":"max-image-preview:large","max-video-preview":"max-video-preview:-1"},"canonical":"https:\/\/rendez-vous-store.com\/fr\/shop\/special-offer-women-rendez-vous-store\/women-knitwear-special-offer\/c-t-plage-round-longsleeve-pullover-ivory-rendez-vous-store\/","og_locale":"fr_FR","og_type":"article","og_title":"C.T. Plage Round Longsleeve Pullover Ivory","og_description":"C.T. Plage is on Rendez-Vous Store. This C.T. Plage Round Longsleeve Pullover Ivory fits into the concept of \"simple, but with a strong presence\".","og_url":"https:\/\/rendez-vous-store.com\/fr\/shop\/special-offer-women-rendez-vous-store\/women-knitwear-special-offer\/c-t-plage-round-longsleeve-pullover-ivory-rendez-vous-store\/","og_site_name":"RENDEZ-VOUS STORE","article_modified_time":"2026-03-16T16:53:43+00:00","og_image":[{"width":1688,"height":2560,"url":"https:\/\/rendez-vous-store.com\/wp-content\/uploads\/2024\/07\/12-scaled.webp","type":"image\/webp"}],"twitter_card":"summary_large_image","twitter_misc":{"Est. reading time":"1 minute"},"schema":{"@context":"https:\/\/schema.org","@graph":[{"@type":"WebPage","@id":"https:\/\/rendez-vous-store.com\/shop\/special-offer-women-rendez-vous-store\/women-knitwear-special-offer\/c-t-plage-round-longsleeve-pullover-ivory-rendez-vous-store\/","url":"https:\/\/rendez-vous-store.com\/shop\/special-offer-women-rendez-vous-store\/women-knitwear-special-offer\/c-t-plage-round-longsleeve-pullover-ivory-rendez-vous-store\/","name":"C.T. Plage Round Longsleeve Pullover Ivory","isPartOf":{"@id":"https:\/\/rendez-vous-store.com\/#website"},"primaryImageOfPage":{"@id":"https:\/\/rendez-vous-store.com\/shop\/special-offer-women-rendez-vous-store\/women-knitwear-special-offer\/c-t-plage-round-longsleeve-pullover-ivory-rendez-vous-store\/#primaryimage"},"image":{"@id":"https:\/\/rendez-vous-store.com\/shop\/special-offer-women-rendez-vous-store\/women-knitwear-special-offer\/c-t-plage-round-longsleeve-pullover-ivory-rendez-vous-store\/#primaryimage"},"thumbnailUrl":"https:\/\/rendez-vous-store.com\/app\/uploads\/2024\/07\/12-scaled.webp","datePublished":"2024-07-15T08:30:42+00:00","dateModified":"2026-03-16T16:53:43+00:00","description":"C.T. Plage is on Rendez-Vous Store. This C.T. Plage Round Longsleeve Pullover Ivory fits into the concept of \"simple, but with a strong presence\".","breadcrumb":{"@id":"https:\/\/rendez-vous-store.com\/shop\/special-offer-women-rendez-vous-store\/women-knitwear-special-offer\/c-t-plage-round-longsleeve-pullover-ivory-rendez-vous-store\/#breadcrumb"},"inLanguage":"fr-FR","potentialAction":[{"@type":"ReadAction","target":["https:\/\/rendez-vous-store.com\/shop\/special-offer-women-rendez-vous-store\/women-knitwear-special-offer\/c-t-plage-round-longsleeve-pullover-ivory-rendez-vous-store\/"]}]},{"@type":"ImageObject","inLanguage":"fr-FR","@id":"https:\/\/rendez-vous-store.com\/shop\/special-offer-women-rendez-vous-store\/women-knitwear-special-offer\/c-t-plage-round-longsleeve-pullover-ivory-rendez-vous-store\/#primaryimage","url":"https:\/\/rendez-vous-store.com\/app\/uploads\/2024\/07\/12-scaled.webp","contentUrl":"https:\/\/rendez-vous-store.com\/app\/uploads\/2024\/07\/12-scaled.webp","width":1688,"height":2560,"caption":"C.T. Plage - Ladies Round Longsleeve Pullover CT23109K-20 - Ivory"},{"@type":"BreadcrumbList","@id":"https:\/\/rendez-vous-store.com\/shop\/special-offer-women-rendez-vous-store\/women-knitwear-special-offer\/c-t-plage-round-longsleeve-pullover-ivory-rendez-vous-store\/#breadcrumb","itemListElement":[{"@type":"ListItem","position":1,"name":"Home","item":"https:\/\/rendez-vous-store.com\/"},{"@type":"ListItem","position":2,"name":"Shop","item":"https:\/\/www.rendez-vous-store.com\/shop\/"},{"@type":"ListItem","position":3,"name":"C.T. Plage &#8211; Ladies Round Longsleeve Pullover CT23109K-20 &#8211; Ivory"}]},{"@type":"WebSite","@id":"https:\/\/rendez-vous-store.com\/#website","url":"https:\/\/rendez-vous-store.com\/","name":"RENDEZ-VOUS STORE","description":"Slow Fashion for Women and Men","potentialAction":[{"@type":"SearchAction","target":{"@type":"EntryPoint","urlTemplate":"https:\/\/rendez-vous-store.com\/?s={search_term_string}"},"query-input":{"@type":"PropertyValueSpecification","valueRequired":true,"valueName":"search_term_string"}}],"inLanguage":"fr-FR"}]}},"_links":{"self":[{"href":"https:\/\/rendez-vous-store.com\/fr\/wp-json\/wp\/v2\/product\/170615","targetHints":{"allow":["GET"]}}],"collection":[{"href":"https:\/\/rendez-vous-store.com\/fr\/wp-json\/wp\/v2\/product"}],"about":[{"href":"https:\/\/rendez-vous-store.com\/fr\/wp-json\/wp\/v2\/types\/product"}],"wp:featuredmedia":[{"embeddable":true,"href":"https:\/\/rendez-vous-store.com\/fr\/wp-json\/wp\/v2\/media\/171116"}],"wp:attachment":[{"href":"https:\/\/rendez-vous-store.com\/fr\/wp-json\/wp\/v2\/media?parent=170615"}],"wp:term":[{"taxonomy":"product_brand","embeddable":true,"href":"https:\/\/rendez-vous-store.com\/fr\/wp-json\/wp\/v2\/product_brand?post=170615"},{"taxonomy":"product_cat","embeddable":true,"href":"https:\/\/rendez-vous-store.com\/fr\/wp-json\/wp\/v2\/product_cat?post=170615"},{"taxonomy":"product_tag","embeddable":true,"href":"https:\/\/rendez-vous-store.com\/fr\/wp-json\/wp\/v2\/product_tag?post=170615"}],"curies":[{"name":"wp","href":"https:\/\/api.w.org\/{rel}","templated":true}]}}